{"id":7987,"date":"2018-11-27T14:38:57","date_gmt":"2018-11-27T13:38:57","guid":{"rendered":"https:\/\/www.securetec.net\/?page_id=7987"},"modified":"2025-08-18T09:31:16","modified_gmt":"2025-08-18T07:31:16","slug":"partenaires-securetec","status":"publish","type":"page","link":"https:\/\/www.securetec.net\/fr\/lentreprise\/commercialisation-distribution\/partenaires-securetec\/","title":{"rendered":"Partenaires Securetec"},"content":{"rendered":"<div class=\"wpb-content-wrapper\"><p>[vc_row][vc_column width=\u00a0\u00bb2\/3&Prime;][vc_column_text css=\u00a0\u00bb\u00a0\u00bb]Forte de son succ\u00e8s \u00e0 l&rsquo;international, Securetec Detektions-Systeme AG dispose d&rsquo;un r\u00e9seau mondial de partenaires commerciaux et de d\u00e9cideurs de premier plan. L&rsquo;\u00e9troite collaboration partenariale avec les filiales et les partenaires dans le monde entier permet \u00e0 Securetec de r\u00e9agir promptement aux tendances internationales en mati\u00e8re de technologies, aux d\u00e9veloppements au niveau de l&rsquo;application et aux modifications en mati\u00e8re de l\u00e9gislation.<\/p>\n<p>Nos relations d&rsquo;affaires \u00e9tablies contribuent consid\u00e9rablement \u00e0 notre r\u00e9ussite et sont d\u00e9cisives pour le lancement rapide de nouveaux produits sur le march\u00e9 public et aupr\u00e8s des entreprises priv\u00e9es.<br \/>\nPour de plus amples informations sur nos activit\u00e9s \u00e0 l&rsquo;\u00e9chelle mondiale, veuillez nous contacter par \u00e9crit.<\/p>\n<h2>Saisissez votre chance &#8211; devenez notre partenaire<\/h2>\n<p>Vous souhaitez devenir partenaire de\u00a0Securetec\u00a0? Nous \u00e9largissons constamment notre r\u00e9seau commercial performant \u00e0 l&rsquo;\u00e9chelle mondiale et serions ravis que vous nous contactiez. Envoyez-nous tout simplement votre profil d&rsquo;entreprise le plus pr\u00e9cis possible. Nous sommes \u00e0 votre disposition pour vous donner plus de d\u00e9tails sur notre r\u00e9seau de distribution et les possibilit\u00e9s de repr\u00e9senter nos produits.<\/p>\n<p>Nous avons \u00e9veill\u00e9 votre int\u00e9r\u00eat ? Veuillez nous envoyer votre demande via notre <a style=\"font-weight: 300;\" href=\"https:\/\/www.securetec.net\/fr\/contacter\/\">&gt;&gt; formulaire de contact<\/a><\/p>\n<h2 class=\"p1\">Nos produits<\/h2>\n<ul class=\"ul1\">\n<li class=\"li1\"><a href=\"https:\/\/www.securetec.net\/fr\/depistage-de-stupefiants\/\">Aper\u00e7u des tests de d\u00e9pistage de stup\u00e9fiants<\/a><\/li>\n<li class=\"li1\"><a href=\"https:\/\/www.securetec.net\/fr\/produits\/test-salivaire-de-depistage-de-drogues\/\">Test salivaire de d\u00e9pistage de stup\u00e9fiants<\/a><\/li>\n<li class=\"li1\"><a href=\"https:\/\/www.securetec.net\/fr\/produits\/depistage-de-stupefiants-surfaces\/\">Test de surfaces de d\u00e9pistage de stup\u00e9fiants<\/a><\/li>\n<li class=\"li1\"><a href=\"https:\/\/www.securetec.net\/fr\/produits\/test-de-depistage-de-drogue-universel\/\">Test polyvalent de d\u00e9pistage de stup\u00e9fiants<\/a><\/li>\n<\/ul>\n<p>[\/vc_column_text][\/vc_column][vc_column width=\u00a0\u00bb1\/3&Prime;][tm_image align=\u00a0\u00bbcenter\u00a0\u00bb image=\u00a0\u00bb16383&Prime;][tm_spacer size=\u00a0\u00bblg:30&Prime;][vc_column_text css=\u00a0\u00bb\u00a0\u00bb]<\/p>\n<h3>Coordonn\u00e9es<\/h3>\n<p class=\"p1\">Securetec AG<br \/>\nStephanie Konopac<br \/>\nLilienthalstra\u00dfe 7<br \/>\n85579 Neubiberg (Allemagne)<br \/>\nE-mail\u00a0:\u00a0info@securetec.net<br \/>\nT\u00e9l.\u00a0: +49 (0)89 203080 1651<br \/>\nFax: +49 (0)89 203080 1652<\/p>\n<p>[\/vc_column_text][\/vc_column][\/vc_row]<\/p>\n<\/div>","protected":false},"excerpt":{"rendered":"[vc_row][vc_column width=\u00a0\u00bb2\/3&Prime;][vc_column_text css=\u00a0\u00bb\u00a0\u00bb]Forte de son succ\u00e8s \u00e0 l&rsquo;international, Securetec Detektions-Systeme AG dispose d&rsquo;un r\u00e9seau mondial de partenaires commerciaux et de d\u00e9cideurs de premier plan. L&rsquo;\u00e9troite collaboration partenariale avec les filiales et les partenaires dans le monde entier permet \u00e0 Securetec de r\u00e9agir promptement aux tendances internationales en mati\u00e8re de technologies, aux d\u00e9veloppements au niveau de l&rsquo;application et aux modifications en mati\u00e8re de l\u00e9gislation. Nos relations d&rsquo;affaires \u00e9tablies contribuent consid\u00e9rablement \u00e0 notre r\u00e9ussite et sont d\u00e9cisives pour le lancement rapide de nouveaux produits sur le march\u00e9 public et aupr\u00e8s des entreprises priv\u00e9es. Pour de plus amples informations sur nos activit\u00e9s \u00e0 l&rsquo;\u00e9chelle mondiale, veuillez nous contacter par \u00e9crit. Saisissez votre chance &#8211; devenez notre partenaire Vous souhaitez devenir partenaire de\u00a0Securetec\u00a0? Nous \u00e9largissons constamment notre r\u00e9seau commercial performant \u00e0 l&rsquo;\u00e9chelle mondiale et serions ravis que vous nous contactiez. Envoyez-nous tout simplement votre profil d&rsquo;entreprise le plus pr\u00e9cis possible. Nous sommes \u00e0 votre disposition pour vous donner plus de d\u00e9tails sur notre r\u00e9seau de distribution et les possibilit\u00e9s de repr\u00e9senter nos produits. Nous avons \u00e9veill\u00e9 votre int\u00e9r\u00eat ? Veuillez nous envoyer votre demande via notre &gt;&gt; formulaire de contact Nos produits Aper\u00e7u des tests de d\u00e9pistage de stup\u00e9fiants Test salivaire de d\u00e9pistage de stup\u00e9fiants Test de surfaces de d\u00e9pistage de stup\u00e9fiants Test polyvalent de d\u00e9pistage de stup\u00e9fiants [\/vc_column_text][\/vc_column][vc_column width=\u00a0\u00bb1\/3&Prime;][tm_image align=\u00a0\u00bbcenter\u00a0\u00bb image=\u00a0\u00bb16383&Prime;][tm_spacer size=\u00a0\u00bblg:30&Prime;][vc_column_text css=\u00a0\u00bb\u00a0\u00bb] Coordonn\u00e9es Securetec AG Stephanie Konopac Lilienthalstra\u00dfe 7 85579 Neubiberg (Allemagne) E-mail\u00a0:\u00a0info@securetec.net T\u00e9l.\u00a0: +49 (0)89 203080 1651 Fax: +49 (0)89 203080 1652 [\/vc_column_text][\/vc_column][\/vc_row]","protected":false},"author":6,"featured_media":0,"parent":7251,"menu_order":0,"comment_status":"closed","ping_status":"closed","template":"","meta":{"footnotes":""},"class_list":["post-7987","page","type-page","status-publish","hentry"],"yoast_head":"<!-- This site is optimized with the Yoast SEO plugin v25.6 - https:\/\/yoast.com\/wordpress\/plugins\/seo\/ -->\n<title>Partenaires Securetec - Securetec Detektions-Systeme AG<\/title>\n<meta name=\"robots\" content=\"index, follow, max-snippet:-1, max-image-preview:large, max-video-preview:-1\" \/>\n<link rel=\"canonical\" href=\"https:\/\/www.securetec.net\/fr\/lentreprise\/commercialisation-distribution\/partenaires-securetec\/\" \/>\n<meta property=\"og:locale\" content=\"fr_FR\" \/>\n<meta property=\"og:type\" content=\"article\" \/>\n<meta property=\"og:title\" content=\"Partenaires Securetec - Securetec Detektions-Systeme AG\" \/>\n<meta property=\"og:url\" content=\"https:\/\/www.securetec.net\/fr\/lentreprise\/commercialisation-distribution\/partenaires-securetec\/\" \/>\n<meta property=\"og:site_name\" content=\"Securetec Detektions-Systeme AG\" \/>\n<meta property=\"article:modified_time\" content=\"2025-08-18T07:31:16+00:00\" \/>\n<meta name=\"twitter:card\" content=\"summary_large_image\" \/>\n<meta name=\"twitter:site\" content=\"@DrugWipeUK\" \/>\n<meta name=\"twitter:label1\" content=\"Est. reading time\" \/>\n\t<meta name=\"twitter:data1\" content=\"2 minutes\" \/>\n<script type=\"application\/ld+json\" class=\"yoast-schema-graph\">{\"@context\":\"https:\/\/schema.org\",\"@graph\":[{\"@type\":\"WebPage\",\"@id\":\"https:\/\/www.securetec.net\/fr\/lentreprise\/commercialisation-distribution\/partenaires-securetec\/\",\"url\":\"https:\/\/www.securetec.net\/fr\/lentreprise\/commercialisation-distribution\/partenaires-securetec\/\",\"name\":\"Partenaires Securetec - Securetec Detektions-Systeme AG\",\"isPartOf\":{\"@id\":\"https:\/\/www.securetec.net\/fr\/#website\"},\"datePublished\":\"2018-11-27T13:38:57+00:00\",\"dateModified\":\"2025-08-18T07:31:16+00:00\",\"breadcrumb\":{\"@id\":\"https:\/\/www.securetec.net\/fr\/lentreprise\/commercialisation-distribution\/partenaires-securetec\/#breadcrumb\"},\"inLanguage\":\"fr-FR\",\"potentialAction\":[{\"@type\":\"ReadAction\",\"target\":[\"https:\/\/www.securetec.net\/fr\/lentreprise\/commercialisation-distribution\/partenaires-securetec\/\"]}]},{\"@type\":\"BreadcrumbList\",\"@id\":\"https:\/\/www.securetec.net\/fr\/lentreprise\/commercialisation-distribution\/partenaires-securetec\/#breadcrumb\",\"itemListElement\":[{\"@type\":\"ListItem\",\"position\":1,\"name\":\"Startseite\",\"item\":\"https:\/\/www.securetec.net\/fr\/\"},{\"@type\":\"ListItem\",\"position\":2,\"name\":\"Entreprise\",\"item\":\"https:\/\/www.securetec.net\/fr\/lentreprise\/\"},{\"@type\":\"ListItem\",\"position\":3,\"name\":\"Commercialisation &#038; Distribution\",\"item\":\"https:\/\/www.securetec.net\/fr\/lentreprise\/commercialisation-distribution\/\"},{\"@type\":\"ListItem\",\"position\":4,\"name\":\"Partenaires Securetec\"}]},{\"@type\":\"WebSite\",\"@id\":\"https:\/\/www.securetec.net\/fr\/#website\",\"url\":\"https:\/\/www.securetec.net\/fr\/\",\"name\":\"Securetec Detektions-Systeme AG\",\"description\":\"We detect to protect\",\"publisher\":{\"@id\":\"https:\/\/www.securetec.net\/fr\/#organization\"},\"potentialAction\":[{\"@type\":\"SearchAction\",\"target\":{\"@type\":\"EntryPoint\",\"urlTemplate\":\"https:\/\/www.securetec.net\/fr\/?s={search_term_string}\"},\"query-input\":{\"@type\":\"PropertyValueSpecification\",\"valueRequired\":true,\"valueName\":\"search_term_string\"}}],\"inLanguage\":\"fr-FR\"},{\"@type\":\"Organization\",\"@id\":\"https:\/\/www.securetec.net\/fr\/#organization\",\"name\":\"Securetec Detektions-Systeme AG\",\"url\":\"https:\/\/www.securetec.net\/fr\/\",\"logo\":{\"@type\":\"ImageObject\",\"inLanguage\":\"fr-FR\",\"@id\":\"https:\/\/www.securetec.net\/fr\/#\/schema\/logo\/image\/\",\"url\":\"https:\/\/www.securetec.net\/app\/uploads\/2018\/07\/Securetec_Logo_.png\",\"contentUrl\":\"https:\/\/www.securetec.net\/app\/uploads\/2018\/07\/Securetec_Logo_.png\",\"width\":411,\"height\":189,\"caption\":\"Securetec Detektions-Systeme AG\"},\"image\":{\"@id\":\"https:\/\/www.securetec.net\/fr\/#\/schema\/logo\/image\/\"},\"sameAs\":[\"https:\/\/x.com\/DrugWipeUK\",\"https:\/\/www.linkedin.com\/company\/securetec\",\"https:\/\/www.youtube.com\/channel\/UCP9jQA-TYhtqanhaooppMqw\"]}]}<\/script>\n<!-- \/ Yoast SEO plugin. -->","yoast_head_json":{"title":"Partenaires Securetec - Securetec Detektions-Systeme AG","robots":{"index":"index","follow":"follow","max-snippet":"max-snippet:-1","max-image-preview":"max-image-preview:large","max-video-preview":"max-video-preview:-1"},"canonical":"https:\/\/www.securetec.net\/fr\/lentreprise\/commercialisation-distribution\/partenaires-securetec\/","og_locale":"fr_FR","og_type":"article","og_title":"Partenaires Securetec - Securetec Detektions-Systeme AG","og_url":"https:\/\/www.securetec.net\/fr\/lentreprise\/commercialisation-distribution\/partenaires-securetec\/","og_site_name":"Securetec Detektions-Systeme AG","article_modified_time":"2025-08-18T07:31:16+00:00","twitter_card":"summary_large_image","twitter_site":"@DrugWipeUK","twitter_misc":{"Est. reading time":"2 minutes"},"schema":{"@context":"https:\/\/schema.org","@graph":[{"@type":"WebPage","@id":"https:\/\/www.securetec.net\/fr\/lentreprise\/commercialisation-distribution\/partenaires-securetec\/","url":"https:\/\/www.securetec.net\/fr\/lentreprise\/commercialisation-distribution\/partenaires-securetec\/","name":"Partenaires Securetec - Securetec Detektions-Systeme AG","isPartOf":{"@id":"https:\/\/www.securetec.net\/fr\/#website"},"datePublished":"2018-11-27T13:38:57+00:00","dateModified":"2025-08-18T07:31:16+00:00","breadcrumb":{"@id":"https:\/\/www.securetec.net\/fr\/lentreprise\/commercialisation-distribution\/partenaires-securetec\/#breadcrumb"},"inLanguage":"fr-FR","potentialAction":[{"@type":"ReadAction","target":["https:\/\/www.securetec.net\/fr\/lentreprise\/commercialisation-distribution\/partenaires-securetec\/"]}]},{"@type":"BreadcrumbList","@id":"https:\/\/www.securetec.net\/fr\/lentreprise\/commercialisation-distribution\/partenaires-securetec\/#breadcrumb","itemListElement":[{"@type":"ListItem","position":1,"name":"Startseite","item":"https:\/\/www.securetec.net\/fr\/"},{"@type":"ListItem","position":2,"name":"Entreprise","item":"https:\/\/www.securetec.net\/fr\/lentreprise\/"},{"@type":"ListItem","position":3,"name":"Commercialisation &#038; Distribution","item":"https:\/\/www.securetec.net\/fr\/lentreprise\/commercialisation-distribution\/"},{"@type":"ListItem","position":4,"name":"Partenaires Securetec"}]},{"@type":"WebSite","@id":"https:\/\/www.securetec.net\/fr\/#website","url":"https:\/\/www.securetec.net\/fr\/","name":"Securetec Detektions-Systeme AG","description":"We detect to protect","publisher":{"@id":"https:\/\/www.securetec.net\/fr\/#organization"},"potentialAction":[{"@type":"SearchAction","target":{"@type":"EntryPoint","urlTemplate":"https:\/\/www.securetec.net\/fr\/?s={search_term_string}"},"query-input":{"@type":"PropertyValueSpecification","valueRequired":true,"valueName":"search_term_string"}}],"inLanguage":"fr-FR"},{"@type":"Organization","@id":"https:\/\/www.securetec.net\/fr\/#organization","name":"Securetec Detektions-Systeme AG","url":"https:\/\/www.securetec.net\/fr\/","logo":{"@type":"ImageObject","inLanguage":"fr-FR","@id":"https:\/\/www.securetec.net\/fr\/#\/schema\/logo\/image\/","url":"https:\/\/www.securetec.net\/app\/uploads\/2018\/07\/Securetec_Logo_.png","contentUrl":"https:\/\/www.securetec.net\/app\/uploads\/2018\/07\/Securetec_Logo_.png","width":411,"height":189,"caption":"Securetec Detektions-Systeme AG"},"image":{"@id":"https:\/\/www.securetec.net\/fr\/#\/schema\/logo\/image\/"},"sameAs":["https:\/\/x.com\/DrugWipeUK","https:\/\/www.linkedin.com\/company\/securetec","https:\/\/www.youtube.com\/channel\/UCP9jQA-TYhtqanhaooppMqw"]}]}},"_links":{"self":[{"href":"https:\/\/www.securetec.net\/fr\/wp-json\/wp\/v2\/pages\/7987","targetHints":{"allow":["GET"]}}],"collection":[{"href":"https:\/\/www.securetec.net\/fr\/wp-json\/wp\/v2\/pages"}],"about":[{"href":"https:\/\/www.securetec.net\/fr\/wp-json\/wp\/v2\/types\/page"}],"author":[{"embeddable":true,"href":"https:\/\/www.securetec.net\/fr\/wp-json\/wp\/v2\/users\/6"}],"replies":[{"embeddable":true,"href":"https:\/\/www.securetec.net\/fr\/wp-json\/wp\/v2\/comments?post=7987"}],"version-history":[{"count":12,"href":"https:\/\/www.securetec.net\/fr\/wp-json\/wp\/v2\/pages\/7987\/revisions"}],"predecessor-version":[{"id":16528,"href":"https:\/\/www.securetec.net\/fr\/wp-json\/wp\/v2\/pages\/7987\/revisions\/16528"}],"up":[{"embeddable":true,"href":"https:\/\/www.securetec.net\/fr\/wp-json\/wp\/v2\/pages\/7251"}],"wp:attachment":[{"href":"https:\/\/www.securetec.net\/fr\/wp-json\/wp\/v2\/media?parent=7987"}],"curies":[{"name":"wp","href":"https:\/\/api.w.org\/{rel}","templated":true}]}}