{"id":7732,"date":"2018-11-26T14:44:14","date_gmt":"2018-11-26T13:44:14","guid":{"rendered":"https:\/\/www.securetec.net\/?page_id=7732"},"modified":"2018-11-26T14:44:14","modified_gmt":"2018-11-26T13:44:14","slug":"point-of-care-diagnostics","status":"publish","type":"page","link":"https:\/\/www.securetec.net\/fr\/point-of-care-diagnostics\/","title":{"rendered":"Point-of-Care Diagnostics"},"content":{"rendered":"<div class=\"wpb-content-wrapper\"><p>[vc_row lg_spacing=\u00a0\u00bbmargin_top:40&Prime;][vc_column][tm_heading tag=\u00a0\u00bbh1&Prime; custom_google_font=\u00a0\u00bb\u00a0\u00bb align=\u00a0\u00bbcenter\u00a0\u00bb text_color=\u00a0\u00bbprimary_color\u00a0\u00bb text=\u00a0\u00bbDiagnostics\u00a0\u00bb css=\u00a0\u00bb.vc_custom_1543239823700{margin-bottom: 10px !important;}\u00a0\u00bb][vc_column_text]<\/p>\n<p style=\"text-align: center;\">Notre soci\u00e9t\u00e9 est sp\u00e9cialis\u00e9e dans les syst\u00e8mes de d\u00e9tection simples d&rsquo;utilisation : dosages immunologiques, tests rapides de DIV, solutions mat\u00e9rielles pour tests de point d&rsquo;intervention, etc. Gr\u00e2ce \u00e0 nos tests de point d&rsquo;intervention sur mesure, l&rsquo;obtention des r\u00e9sultats est plus simple et plus rapide. En plus d&rsquo;assurer le d\u00e9veloppement et la production, nous vous assistons \u00e9galement dans l&rsquo;optimisation des dosages, bandes r\u00e9actives, etc. pour le d\u00e9pistage des enzymes, hormones, virus, bact\u00e9ries, agents de combat ou autres analytes.<\/p>\n<p>[\/vc_column_text][\/vc_column][\/vc_row][vc_row lg_spacing=\u00a0\u00bbmargin_top:40&Prime;][vc_column][vc_basic_grid post_type=\u00a0\u00bbsec_produkte\u00a0\u00bb max_items=\u00a0\u00bb9&Prime; style=\u00a0\u00bbload-more\u00a0\u00bb items_per_page=\u00a0\u00bb9&Prime; show_filter=\u00a0\u00bbyes\u00a0\u00bb orderby=\u00a0\u00bbID\u00a0\u00bb filter_color=\u00a0\u00bbwhite\u00a0\u00bb filter_size=\u00a0\u00bbxs\u00a0\u00bb initial_loading_animation=\u00a0\u00bbslideInUp\u00a0\u00bb btn_style=\u00a0\u00bboutline\u00a0\u00bb btn_color=\u00a0\u00bbprimary\u00a0\u00bb btn_align=\u00a0\u00bbcenter\u00a0\u00bb grid_id=\u00a0\u00bbvc_gid:1543239811216-7b2fba23-e34d-7&Prime; taxonomies=\u00a0\u00bb109&Prime; filter_source=\u00a0\u00bbportfolio_tags\u00a0\u00bb el_class=\u00a0\u00bbpost-grid-products\u00a0\u00bb][\/vc_column][\/vc_row]<\/p>\n<\/div>","protected":false},"excerpt":{"rendered":"[vc_row lg_spacing=\u00a0\u00bbmargin_top:40&Prime;][vc_column][tm_heading tag=\u00a0\u00bbh1&Prime; custom_google_font=\u00a0\u00bb\u00a0\u00bb align=\u00a0\u00bbcenter\u00a0\u00bb text_color=\u00a0\u00bbprimary_color\u00a0\u00bb text=\u00a0\u00bbDiagnostics\u00a0\u00bb css=\u00a0\u00bb.vc_custom_1543239823700{margin-bottom: 10px !important;}\u00a0\u00bb][vc_column_text] Notre soci\u00e9t\u00e9 est sp\u00e9cialis\u00e9e dans les syst\u00e8mes de d\u00e9tection simples d&rsquo;utilisation : dosages immunologiques, tests rapides de DIV, solutions mat\u00e9rielles pour tests de point d&rsquo;intervention, etc. Gr\u00e2ce \u00e0 nos tests de point d&rsquo;intervention sur mesure, l&rsquo;obtention des r\u00e9sultats est plus simple et plus rapide. En plus d&rsquo;assurer le d\u00e9veloppement et la production, nous vous assistons \u00e9galement dans l&rsquo;optimisation des dosages, bandes r\u00e9actives, etc. pour le d\u00e9pistage des enzymes, hormones, virus, bact\u00e9ries, agents de combat ou autres analytes. [\/vc_column_text][\/vc_column][\/vc_row][vc_row lg_spacing=\u00a0\u00bbmargin_top:40&Prime;][vc_column][vc_basic_grid post_type=\u00a0\u00bbsec_produkte\u00a0\u00bb max_items=\u00a0\u00bb9&Prime; style=\u00a0\u00bbload-more\u00a0\u00bb items_per_page=\u00a0\u00bb9&Prime; show_filter=\u00a0\u00bbyes\u00a0\u00bb orderby=\u00a0\u00bbID\u00a0\u00bb filter_color=\u00a0\u00bbwhite\u00a0\u00bb filter_size=\u00a0\u00bbxs\u00a0\u00bb initial_loading_animation=\u00a0\u00bbslideInUp\u00a0\u00bb btn_style=\u00a0\u00bboutline\u00a0\u00bb btn_color=\u00a0\u00bbprimary\u00a0\u00bb btn_align=\u00a0\u00bbcenter\u00a0\u00bb grid_id=\u00a0\u00bbvc_gid:1543239811216-7b2fba23-e34d-7&Prime; taxonomies=\u00a0\u00bb109&Prime; filter_source=\u00a0\u00bbportfolio_tags\u00a0\u00bb el_class=\u00a0\u00bbpost-grid-products\u00a0\u00bb][\/vc_column][\/vc_row]","protected":false},"author":4,"featured_media":0,"parent":0,"menu_order":0,"comment_status":"closed","ping_status":"closed","template":"templates\/products.php","meta":{"footnotes":""},"class_list":["post-7732","page","type-page","status-publish","hentry"],"yoast_head":"<!-- This site is optimized with the Yoast SEO plugin v25.6 - https:\/\/yoast.com\/wordpress\/plugins\/seo\/ -->\n<title>Point-of-Care Diagnostics - Securetec Detektions-Systeme AG<\/title>\n<meta name=\"robots\" content=\"index, follow, max-snippet:-1, max-image-preview:large, max-video-preview:-1\" \/>\n<link rel=\"canonical\" href=\"https:\/\/www.securetec.net\/fr\/point-of-care-diagnostics\/\" \/>\n<meta property=\"og:locale\" content=\"fr_FR\" \/>\n<meta property=\"og:type\" content=\"article\" \/>\n<meta property=\"og:title\" content=\"Point-of-Care Diagnostics - Securetec Detektions-Systeme AG\" \/>\n<meta property=\"og:url\" content=\"https:\/\/www.securetec.net\/fr\/point-of-care-diagnostics\/\" \/>\n<meta property=\"og:site_name\" content=\"Securetec Detektions-Systeme AG\" \/>\n<meta name=\"twitter:card\" content=\"summary_large_image\" \/>\n<meta name=\"twitter:site\" content=\"@DrugWipeUK\" \/>\n<meta name=\"twitter:label1\" content=\"Est. reading time\" \/>\n\t<meta name=\"twitter:data1\" content=\"1 minute\" \/>\n<script type=\"application\/ld+json\" class=\"yoast-schema-graph\">{\"@context\":\"https:\/\/schema.org\",\"@graph\":[{\"@type\":\"WebPage\",\"@id\":\"https:\/\/www.securetec.net\/fr\/point-of-care-diagnostics\/\",\"url\":\"https:\/\/www.securetec.net\/fr\/point-of-care-diagnostics\/\",\"name\":\"Point-of-Care Diagnostics - Securetec Detektions-Systeme AG\",\"isPartOf\":{\"@id\":\"https:\/\/www.securetec.net\/fr\/#website\"},\"datePublished\":\"2018-11-26T13:44:14+00:00\",\"breadcrumb\":{\"@id\":\"https:\/\/www.securetec.net\/fr\/point-of-care-diagnostics\/#breadcrumb\"},\"inLanguage\":\"fr-FR\",\"potentialAction\":[{\"@type\":\"ReadAction\",\"target\":[\"https:\/\/www.securetec.net\/fr\/point-of-care-diagnostics\/\"]}]},{\"@type\":\"BreadcrumbList\",\"@id\":\"https:\/\/www.securetec.net\/fr\/point-of-care-diagnostics\/#breadcrumb\",\"itemListElement\":[{\"@type\":\"ListItem\",\"position\":1,\"name\":\"Startseite\",\"item\":\"https:\/\/www.securetec.net\/fr\/\"},{\"@type\":\"ListItem\",\"position\":2,\"name\":\"Point-of-Care Diagnostics\"}]},{\"@type\":\"WebSite\",\"@id\":\"https:\/\/www.securetec.net\/fr\/#website\",\"url\":\"https:\/\/www.securetec.net\/fr\/\",\"name\":\"Securetec Detektions-Systeme AG\",\"description\":\"We detect to protect\",\"publisher\":{\"@id\":\"https:\/\/www.securetec.net\/fr\/#organization\"},\"potentialAction\":[{\"@type\":\"SearchAction\",\"target\":{\"@type\":\"EntryPoint\",\"urlTemplate\":\"https:\/\/www.securetec.net\/fr\/?s={search_term_string}\"},\"query-input\":{\"@type\":\"PropertyValueSpecification\",\"valueRequired\":true,\"valueName\":\"search_term_string\"}}],\"inLanguage\":\"fr-FR\"},{\"@type\":\"Organization\",\"@id\":\"https:\/\/www.securetec.net\/fr\/#organization\",\"name\":\"Securetec Detektions-Systeme AG\",\"url\":\"https:\/\/www.securetec.net\/fr\/\",\"logo\":{\"@type\":\"ImageObject\",\"inLanguage\":\"fr-FR\",\"@id\":\"https:\/\/www.securetec.net\/fr\/#\/schema\/logo\/image\/\",\"url\":\"https:\/\/www.securetec.net\/app\/uploads\/2018\/07\/Securetec_Logo_.png\",\"contentUrl\":\"https:\/\/www.securetec.net\/app\/uploads\/2018\/07\/Securetec_Logo_.png\",\"width\":411,\"height\":189,\"caption\":\"Securetec Detektions-Systeme AG\"},\"image\":{\"@id\":\"https:\/\/www.securetec.net\/fr\/#\/schema\/logo\/image\/\"},\"sameAs\":[\"https:\/\/x.com\/DrugWipeUK\",\"https:\/\/www.linkedin.com\/company\/securetec\",\"https:\/\/www.youtube.com\/channel\/UCP9jQA-TYhtqanhaooppMqw\"]}]}<\/script>\n<!-- \/ Yoast SEO plugin. -->","yoast_head_json":{"title":"Point-of-Care Diagnostics - Securetec Detektions-Systeme AG","robots":{"index":"index","follow":"follow","max-snippet":"max-snippet:-1","max-image-preview":"max-image-preview:large","max-video-preview":"max-video-preview:-1"},"canonical":"https:\/\/www.securetec.net\/fr\/point-of-care-diagnostics\/","og_locale":"fr_FR","og_type":"article","og_title":"Point-of-Care Diagnostics - Securetec Detektions-Systeme AG","og_url":"https:\/\/www.securetec.net\/fr\/point-of-care-diagnostics\/","og_site_name":"Securetec Detektions-Systeme AG","twitter_card":"summary_large_image","twitter_site":"@DrugWipeUK","twitter_misc":{"Est. reading time":"1 minute"},"schema":{"@context":"https:\/\/schema.org","@graph":[{"@type":"WebPage","@id":"https:\/\/www.securetec.net\/fr\/point-of-care-diagnostics\/","url":"https:\/\/www.securetec.net\/fr\/point-of-care-diagnostics\/","name":"Point-of-Care Diagnostics - Securetec Detektions-Systeme AG","isPartOf":{"@id":"https:\/\/www.securetec.net\/fr\/#website"},"datePublished":"2018-11-26T13:44:14+00:00","breadcrumb":{"@id":"https:\/\/www.securetec.net\/fr\/point-of-care-diagnostics\/#breadcrumb"},"inLanguage":"fr-FR","potentialAction":[{"@type":"ReadAction","target":["https:\/\/www.securetec.net\/fr\/point-of-care-diagnostics\/"]}]},{"@type":"BreadcrumbList","@id":"https:\/\/www.securetec.net\/fr\/point-of-care-diagnostics\/#breadcrumb","itemListElement":[{"@type":"ListItem","position":1,"name":"Startseite","item":"https:\/\/www.securetec.net\/fr\/"},{"@type":"ListItem","position":2,"name":"Point-of-Care Diagnostics"}]},{"@type":"WebSite","@id":"https:\/\/www.securetec.net\/fr\/#website","url":"https:\/\/www.securetec.net\/fr\/","name":"Securetec Detektions-Systeme AG","description":"We detect to protect","publisher":{"@id":"https:\/\/www.securetec.net\/fr\/#organization"},"potentialAction":[{"@type":"SearchAction","target":{"@type":"EntryPoint","urlTemplate":"https:\/\/www.securetec.net\/fr\/?s={search_term_string}"},"query-input":{"@type":"PropertyValueSpecification","valueRequired":true,"valueName":"search_term_string"}}],"inLanguage":"fr-FR"},{"@type":"Organization","@id":"https:\/\/www.securetec.net\/fr\/#organization","name":"Securetec Detektions-Systeme AG","url":"https:\/\/www.securetec.net\/fr\/","logo":{"@type":"ImageObject","inLanguage":"fr-FR","@id":"https:\/\/www.securetec.net\/fr\/#\/schema\/logo\/image\/","url":"https:\/\/www.securetec.net\/app\/uploads\/2018\/07\/Securetec_Logo_.png","contentUrl":"https:\/\/www.securetec.net\/app\/uploads\/2018\/07\/Securetec_Logo_.png","width":411,"height":189,"caption":"Securetec Detektions-Systeme AG"},"image":{"@id":"https:\/\/www.securetec.net\/fr\/#\/schema\/logo\/image\/"},"sameAs":["https:\/\/x.com\/DrugWipeUK","https:\/\/www.linkedin.com\/company\/securetec","https:\/\/www.youtube.com\/channel\/UCP9jQA-TYhtqanhaooppMqw"]}]}},"_links":{"self":[{"href":"https:\/\/www.securetec.net\/fr\/wp-json\/wp\/v2\/pages\/7732","targetHints":{"allow":["GET"]}}],"collection":[{"href":"https:\/\/www.securetec.net\/fr\/wp-json\/wp\/v2\/pages"}],"about":[{"href":"https:\/\/www.securetec.net\/fr\/wp-json\/wp\/v2\/types\/page"}],"author":[{"embeddable":true,"href":"https:\/\/www.securetec.net\/fr\/wp-json\/wp\/v2\/users\/4"}],"replies":[{"embeddable":true,"href":"https:\/\/www.securetec.net\/fr\/wp-json\/wp\/v2\/comments?post=7732"}],"version-history":[{"count":1,"href":"https:\/\/www.securetec.net\/fr\/wp-json\/wp\/v2\/pages\/7732\/revisions"}],"predecessor-version":[{"id":7733,"href":"https:\/\/www.securetec.net\/fr\/wp-json\/wp\/v2\/pages\/7732\/revisions\/7733"}],"wp:attachment":[{"href":"https:\/\/www.securetec.net\/fr\/wp-json\/wp\/v2\/media?parent=7732"}],"curies":[{"name":"wp","href":"https:\/\/api.w.org\/{rel}","templated":true}]}}