{"id":7449,"date":"2018-07-19T17:49:54","date_gmt":"2018-07-19T15:49:54","guid":{"rendered":"https:\/\/www.securetec.net\/?page_id=7449"},"modified":"2021-05-12T09:54:44","modified_gmt":"2021-05-12T07:54:44","slug":"depistage-de-stupefiants-en-criminalistique","status":"publish","type":"page","link":"https:\/\/www.securetec.net\/fr\/references\/tests-rapides-de-depistage-en-criminalistique\/depistage-de-stupefiants-en-criminalistique\/","title":{"rendered":"Solutions D\u00e9pistage de stup\u00e9fiants en criminalistique"},"content":{"rendered":"<div class=\"wpb-content-wrapper\"><p>[vc_row lg_spacing=\u00a0\u00bbmargin_bottom:20&Prime;][vc_column][vc_column_text]<\/p>\n<h2>Situations de suspicion et d&rsquo;intervention<\/h2>\n<p>[\/vc_column_text][\/vc_column][\/vc_row][vc_row][vc_column][vc_tta_tabs style=\u00a0\u00bbatomlab-03&Prime; shape=\u00a0\u00bbsquare\u00a0\u00bb active_section=\u00a0\u00bb1&Prime;][vc_tta_section title=\u00a0\u00bbD\u00e9pistage de stup\u00e9fiants dans l&rsquo;univers carc\u00e9ral\u00a0\u00bb tab_id=\u00a0\u00bb1536151185918-c16ef444-8ce115374072737971537407987215&Prime;][vc_row_inner][vc_column_inner width=\u00a0\u00bb3\/5&Prime;][vc_column_text]Les tests de d\u00e9pistage sont \u00e9galement utilis\u00e9s dans le syst\u00e8me carc\u00e9ral.<\/p>\n<p>Les tests de surfaces DrugWipe<sup>\u00ae<\/sup>\u00a0A constituent l\u00e0 aussi un outil essentiel pour r\u00e9v\u00e9ler la possession, le commerce et l&rsquo;usage de substances ill\u00e9gales et pour soutenir la r\u00e9insertion. Le fonctionnaire peut utiliser l&rsquo;outil de fa\u00e7on rapide, simple et fiable pour v\u00e9rifier les cas de suspicion. Contrairement aux tests urinaires, les tests salivaires et de sueur ne pr\u00e9sentent aucun aspect d\u00e9gradant et leur utilisation est bien plus hygi\u00e9nique pour la personne test\u00e9e comme pour l&rsquo;utilisateur.<\/p>\n<p>Il existe des tests de surfaces\u00a0DrugWipe<sup>\u00ae<\/sup>\u00a0A pour chacun des types de stup\u00e9fiants les plus commun\u00e9ment utilis\u00e9s \u00e0 travers le monde, offrant aux fonctionnaires de police des avantages d\u00e9cisifs dans le cadre de la d\u00e9tection de r\u00e9sidus ou d&rsquo;indices.[\/vc_column_text][tm_spacer size=\u00a0\u00bblg:30&Prime;][vc_message]<strong>D\u00e9pistage de stup\u00e9fiants dans l&rsquo;univers carc\u00e9ral\u00a0: avantages du<a href=\"https:\/\/www.securetec.net\/fr\/produits\/test-de-depistage-de-drogue-universel\/\"> test de surfaces DrugWipe\u00ae <\/a><\/strong><\/p>\n<ul>\n<li>R\u00e9sultats disponibles en 3\u00a0\u00e0 8\u00a0minutes<\/li>\n<li>D\u00e9pistage fiable de cinq types de stup\u00e9fiants en un seul proc\u00e9d\u00e9 de\u00a0test<\/li>\n<li>R\u00e9alisation simple et hygi\u00e9nique du pr\u00e9l\u00e8vement<\/li>\n<li>D\u00e9pistage fiable \u00e0 base d&rsquo;anticorps hautement sp\u00e9cifiques<\/li>\n<li>Une proc\u00e9dure cibl\u00e9e permet d&rsquo;\u00e9tablir une corr\u00e9lation pr\u00e9cise entre la personne et les stup\u00e9fiants d\u00e9tect\u00e9s.<\/li>\n<\/ul>\n<p>[\/vc_message][\/vc_column_inner][vc_column_inner width=\u00a0\u00bb2\/5&Prime; content_alignment=\u00a0\u00bbright\u00a0\u00bb][tm_image align=\u00a0\u00bbright\u00a0\u00bb image=\u00a0\u00bb4694&Prime;][\/vc_column_inner][\/vc_row_inner][\/vc_tta_section][vc_tta_section title=\u00a0\u00bbRecherches diffuses \u00e0 l&rsquo;int\u00e9rieur des fronti\u00e8res de l&rsquo;espace Schengen\u00a0\u00bb tab_id=\u00a0\u00bb1536151185476-85492477-ba2a15374072737971537407987215&Prime;][vc_row_inner][vc_column_inner width=\u00a0\u00bb3\/5&Prime;][vc_column_text]Le test de surface contribue \u00e0 la confirmation ou \u00e0 l&rsquo;\u00e9limination de soup\u00e7ons de mani\u00e8re hygi\u00e9nique, rapide et \u00e9conomique dans le cadre des recherches diffuses au quotidien. Le <a href=\"https:\/\/www.securetec.net\/fr\/produits\/test-de-depistage-de-drogue-universel\/\">test de surfaces DrugWipe<sup>\u00ae<\/sup>\u00a0A<\/a> permet de d\u00e9tecter la pr\u00e9sence de r\u00e9sidus de stup\u00e9fiants invisibles \u00e0 l&rsquo;\u0153il nu. Les traces de stup\u00e9fiants pr\u00e9sents sur les t\u00e9l\u00e9phones mobiles, volants de v\u00e9hicules, sacs ou autres surfaces peuvent \u00eatre mises en \u00e9vidence de mani\u00e8re fiable en moins de 8\u00a0minutes. Le test de poche est simple d&rsquo;utilisation pour les agents de police, peu encombrant et facilement r\u00e9alisable \u00e0 bord du v\u00e9hicule de police.[\/vc_column_text][\/vc_column_inner][vc_column_inner width=\u00a0\u00bb2\/5&Prime; content_alignment=\u00a0\u00bbright\u00a0\u00bb][tm_image align=\u00a0\u00bbright\u00a0\u00bb image=\u00a0\u00bb4714&Prime;][\/vc_column_inner][\/vc_row_inner][\/vc_tta_section][vc_tta_section title=\u00a0\u00bbConstat d&rsquo;accident\u00a0\u00bb tab_id=\u00a0\u00bb1536151185617-65e1a5bf-38c915374072737971537407987215&Prime;][vc_row_inner][vc_column_inner width=\u00a0\u00bb3\/5&Prime;][vc_column_text]Le nombre d&rsquo;accidents de la route provoqu\u00e9s sous l&#8217;emprise de stup\u00e9fiants est en augmentation. Le <a href=\"https:\/\/www.securetec.net\/fr\/produits\/test-de-depistage-de-drogue-universel\/\">test\u00a0de surfaces DrugWipe<sup>\u00ae<\/sup>\u00a0A<\/a> contribue \u00e0 expliquer les causes d&rsquo;un accident dans le cadre des m\u00e9thodes criminalistiques.<br \/>\nEn cas de contamination du v\u00e9hicule, de plus amples investigations peuvent \u00eatre entreprises \u00e0 l&rsquo;encontre du responsable de l&rsquo;accident.[\/vc_column_text][\/vc_column_inner][vc_column_inner width=\u00a0\u00bb2\/5&Prime; content_alignment=\u00a0\u00bbright\u00a0\u00bb][tm_image align=\u00a0\u00bbright\u00a0\u00bb image=\u00a0\u00bb4718&Prime;][\/vc_column_inner][\/vc_row_inner][\/vc_tta_section][vc_tta_section title=\u00a0\u00bbD\u00e9tection de traces de drogues comme indice de trafic ill\u00e9gal\u00a0\u00bb tab_id=\u00a0\u00bb1536151185770-a18ce226-d46e15374072737971537407987215&Prime;][vc_row_inner][vc_column_inner width=\u00a0\u00bb3\/5&Prime;][vc_column_text]La consommation des diff\u00e9rents types de drogues \u00e9volue constamment et se diversifie et de nouvelles substances psychoactives font leur apparition sur le march\u00e9. Celles-ci sont fabriqu\u00e9es et commercialis\u00e9es par le biais de laboratoires ill\u00e9gaux en Europe. En 2018, pas moins de 23\u00a0laboratoires de\u00a0MDMA ont \u00e9t\u00e9 d\u00e9couverts, notamment en Espagne, en Su\u00e8de et aux Pays-Bas, de m\u00eame que des laboratoires de fabrication d&rsquo;h\u00e9ro\u00efne en Europe de l&rsquo;Est, en Espagne et aux Pays-Bas<sup>1<\/sup>. De plus, la saisie de plus de 3\u00a0millions de plants de cannabis en\u00a02018 au sein de l&rsquo;Union europ\u00e9enne indique que ce type de drogues est \u00e9galement produit \u00e0 l&rsquo;int\u00e9rieur de l&rsquo;espace europ\u00e9en<sup>1<\/sup>.<\/p>\n<p>En cas de soup\u00e7on de trafic ill\u00e9gal, les professionnels en criminalistique peuvent utiliser le <a href=\"https:\/\/www.securetec.net\/fr\/produits\/depistage-de-stupefiants-surfaces\/\">test de surfaces DrugWipe<sup>\u00ae<\/sup>\u00a0F<\/a> sans probl\u00e8me sur tout type de surface pour d\u00e9tecter des traces de stup\u00e9fiants et confirmer les faits.<\/p>\n<p><em><span style=\"font-size: 8pt;\">Source :<\/span><\/em><br \/>\n<em><span style=\"font-size: 8pt;\">1 Rapport europ\u00e9en sur les drogues 2019\/2020 : https:\/\/www.emcdda.europa.eu\/system\/files\/attachments\/13242\/HighlightsEDR2020_DE_Final_web.pdf<\/span><\/em>[\/vc_column_text][\/vc_column_inner][vc_column_inner width=\u00a0\u00bb2\/5&Prime; content_alignment=\u00a0\u00bbright\u00a0\u00bb][tm_image align=\u00a0\u00bbright\u00a0\u00bb image=\u00a0\u00bb4706&Prime;][\/vc_column_inner][\/vc_row_inner][\/vc_tta_section][\/vc_tta_tabs][\/vc_column][\/vc_row][vc_row][vc_column][tm_spacer size=\u00a0\u00bblg:30&Prime;][vc_column_text]<a href=\"https:\/\/www.securetec.net\/fr\/depistage-de-stupefiants\/\">&gt;&gt; Informations sur les tests de d\u00e9pistage de stup\u00e9fiants DrugWipe<sup>\u00ae<\/sup><\/a><\/p>\n<p><a href=\"https:\/\/www.securetec.net\/fr\/produits\/test-salivaire-de-depistage-de-drogues\/\">&gt;&gt; Informations sur les tests salivaire de d\u00e9pistage de drogues DrugWipe\u00ae S<\/a>[\/vc_column_text][\/vc_column][\/vc_row]<\/p>\n<\/div>","protected":false},"excerpt":{"rendered":"[vc_row lg_spacing=\u00a0\u00bbmargin_bottom:20&Prime;][vc_column][vc_column_text] Situations de suspicion et d&rsquo;intervention [\/vc_column_text][\/vc_column][\/vc_row][vc_row][vc_column][vc_tta_tabs style=\u00a0\u00bbatomlab-03&Prime; shape=\u00a0\u00bbsquare\u00a0\u00bb active_section=\u00a0\u00bb1&Prime;][vc_tta_section title=\u00a0\u00bbD\u00e9pistage de stup\u00e9fiants dans l&rsquo;univers carc\u00e9ral\u00a0\u00bb tab_id=\u00a0\u00bb1536151185918-c16ef444-8ce115374072737971537407987215&Prime;][vc_row_inner][vc_column_inner width=\u00a0\u00bb3\/5&Prime;][vc_column_text]Les tests de d\u00e9pistage sont \u00e9galement utilis\u00e9s dans le syst\u00e8me carc\u00e9ral. Les tests de surfaces DrugWipe\u00ae\u00a0A constituent l\u00e0 aussi un outil essentiel pour r\u00e9v\u00e9ler la possession, le commerce et l&rsquo;usage de substances ill\u00e9gales et pour soutenir la r\u00e9insertion. Le fonctionnaire peut utiliser l&rsquo;outil de fa\u00e7on rapide, simple et fiable pour v\u00e9rifier les cas de suspicion. Contrairement aux tests urinaires, les tests salivaires et de sueur ne pr\u00e9sentent aucun aspect d\u00e9gradant et leur utilisation est bien plus hygi\u00e9nique pour la personne test\u00e9e comme pour l&rsquo;utilisateur. Il existe des tests de surfaces\u00a0DrugWipe\u00ae\u00a0A pour chacun des types de stup\u00e9fiants les plus commun\u00e9ment utilis\u00e9s \u00e0 travers le monde, offrant aux fonctionnaires de police des avantages d\u00e9cisifs dans le cadre de la d\u00e9tection de r\u00e9sidus ou d&rsquo;indices.[\/vc_column_text][tm_spacer size=\u00a0\u00bblg:30&Prime;][vc_message]D\u00e9pistage de stup\u00e9fiants dans l&rsquo;univers carc\u00e9ral\u00a0: avantages du test de surfaces DrugWipe\u00ae R\u00e9sultats disponibles en 3\u00a0\u00e0 8\u00a0minutes D\u00e9pistage fiable de cinq types de stup\u00e9fiants en un seul proc\u00e9d\u00e9 de\u00a0test R\u00e9alisation simple et hygi\u00e9nique du pr\u00e9l\u00e8vement D\u00e9pistage fiable \u00e0 base d&rsquo;anticorps hautement sp\u00e9cifiques Une proc\u00e9dure cibl\u00e9e permet d&rsquo;\u00e9tablir une corr\u00e9lation pr\u00e9cise entre la personne et les stup\u00e9fiants d\u00e9tect\u00e9s. [\/vc_message][\/vc_column_inner][vc_column_inner width=\u00a0\u00bb2\/5&Prime; content_alignment=\u00a0\u00bbright\u00a0\u00bb][tm_image align=\u00a0\u00bbright\u00a0\u00bb image=\u00a0\u00bb4694&Prime;][\/vc_column_inner][\/vc_row_inner][\/vc_tta_section][vc_tta_section title=\u00a0\u00bbRecherches diffuses \u00e0 l&rsquo;int\u00e9rieur des fronti\u00e8res de l&rsquo;espace Schengen\u00a0\u00bb tab_id=\u00a0\u00bb1536151185476-85492477-ba2a15374072737971537407987215&Prime;][vc_row_inner][vc_column_inner width=\u00a0\u00bb3\/5&Prime;][vc_column_text]Le test de surface contribue \u00e0 la confirmation ou \u00e0 l&rsquo;\u00e9limination de soup\u00e7ons de mani\u00e8re hygi\u00e9nique, rapide et \u00e9conomique dans le cadre des recherches diffuses au quotidien. Le test de surfaces DrugWipe\u00ae\u00a0A permet de d\u00e9tecter la pr\u00e9sence de r\u00e9sidus de stup\u00e9fiants invisibles \u00e0 l&rsquo;\u0153il nu. Les traces de stup\u00e9fiants pr\u00e9sents sur les t\u00e9l\u00e9phones mobiles, volants de v\u00e9hicules, sacs ou autres surfaces peuvent \u00eatre mises en \u00e9vidence de mani\u00e8re fiable en moins de 8\u00a0minutes. Le test de poche est simple d&rsquo;utilisation pour les agents de police, peu encombrant et facilement r\u00e9alisable \u00e0 bord du v\u00e9hicule de police.[\/vc_column_text][\/vc_column_inner][vc_column_inner width=\u00a0\u00bb2\/5&Prime; content_alignment=\u00a0\u00bbright\u00a0\u00bb][tm_image align=\u00a0\u00bbright\u00a0\u00bb image=\u00a0\u00bb4714&Prime;][\/vc_column_inner][\/vc_row_inner][\/vc_tta_section][vc_tta_section title=\u00a0\u00bbConstat d&rsquo;accident\u00a0\u00bb tab_id=\u00a0\u00bb1536151185617-65e1a5bf-38c915374072737971537407987215&Prime;][vc_row_inner][vc_column_inner width=\u00a0\u00bb3\/5&Prime;][vc_column_text]Le nombre d&rsquo;accidents de la route provoqu\u00e9s sous l&#8217;emprise de stup\u00e9fiants est en augmentation. Le test\u00a0de surfaces DrugWipe\u00ae\u00a0A contribue \u00e0 expliquer les causes d&rsquo;un accident dans le cadre des m\u00e9thodes criminalistiques. En cas de contamination du v\u00e9hicule, de plus amples investigations peuvent \u00eatre entreprises \u00e0 l&rsquo;encontre du responsable de l&rsquo;accident.[\/vc_column_text][\/vc_column_inner][vc_column_inner width=\u00a0\u00bb2\/5&Prime; content_alignment=\u00a0\u00bbright\u00a0\u00bb][tm_image align=\u00a0\u00bbright\u00a0\u00bb image=\u00a0\u00bb4718&Prime;][\/vc_column_inner][\/vc_row_inner][\/vc_tta_section][vc_tta_section title=\u00a0\u00bbD\u00e9tection de traces de drogues comme indice de trafic ill\u00e9gal\u00a0\u00bb tab_id=\u00a0\u00bb1536151185770-a18ce226-d46e15374072737971537407987215&Prime;][vc_row_inner][vc_column_inner width=\u00a0\u00bb3\/5&Prime;][vc_column_text]La consommation des diff\u00e9rents types de drogues \u00e9volue constamment et se diversifie et de nouvelles substances psychoactives font leur apparition sur le march\u00e9. Celles-ci sont fabriqu\u00e9es et commercialis\u00e9es par le biais de laboratoires ill\u00e9gaux en Europe. En 2018, pas moins de 23\u00a0laboratoires de\u00a0MDMA ont \u00e9t\u00e9 d\u00e9couverts, notamment en Espagne, en Su\u00e8de et aux Pays-Bas, de m\u00eame que des laboratoires de fabrication d&rsquo;h\u00e9ro\u00efne en Europe de l&rsquo;Est, en Espagne et aux Pays-Bas1. De plus, la saisie de plus de 3\u00a0millions de plants de cannabis en\u00a02018 au sein de l&rsquo;Union europ\u00e9enne indique que ce type de drogues est \u00e9galement produit \u00e0 l&rsquo;int\u00e9rieur de l&rsquo;espace europ\u00e9en1. En cas de soup\u00e7on de trafic ill\u00e9gal, les professionnels en criminalistique peuvent utiliser le test de surfaces DrugWipe\u00ae\u00a0F sans probl\u00e8me sur tout type de surface pour d\u00e9tecter des traces de stup\u00e9fiants et confirmer les faits. Source : 1 Rapport europ\u00e9en sur les drogues 2019\/2020 : https:\/\/www.emcdda.europa.eu\/system\/files\/attachments\/13242\/HighlightsEDR2020_DE_Final_web.pdf[\/vc_column_text][\/vc_column_inner][vc_column_inner width=\u00a0\u00bb2\/5&Prime; content_alignment=\u00a0\u00bbright\u00a0\u00bb][tm_image align=\u00a0\u00bbright\u00a0\u00bb image=\u00a0\u00bb4706&Prime;][\/vc_column_inner][\/vc_row_inner][\/vc_tta_section][\/vc_tta_tabs][\/vc_column][\/vc_row][vc_row][vc_column][tm_spacer size=\u00a0\u00bblg:30&Prime;][vc_column_text]&gt;&gt; Informations sur les tests de d\u00e9pistage de stup\u00e9fiants DrugWipe\u00ae &gt;&gt; Informations sur les tests salivaire de d\u00e9pistage de drogues DrugWipe\u00ae S[\/vc_column_text][\/vc_column][\/vc_row]","protected":false},"author":1,"featured_media":0,"parent":7437,"menu_order":0,"comment_status":"closed","ping_status":"closed","template":"","meta":{"footnotes":""},"class_list":["post-7449","page","type-page","status-publish","hentry"],"yoast_head":"<!-- This site is optimized with the Yoast SEO plugin v25.6 - https:\/\/yoast.com\/wordpress\/plugins\/seo\/ -->\n<title>Solutions D\u00e9pistage de stup\u00e9fiants en criminalistique - Securetec Detektions-Systeme AG<\/title>\n<meta name=\"description\" content=\"Drogenwischtest bei Unfallaufnahme und Schleierfahndung Schengenbinnengrenze: Der Wischtest DrugWipe\u00ae A weist R\u00fcckst\u00e4nde von Drogen nach, die f\u00fcr das menschliche Auge unsichtbar sind. Drogenspuren auf Mobiltelefonen, Lenkr\u00e4dern, Taschen oder anderen Oberfl\u00e4chen.\" \/>\n<meta name=\"robots\" content=\"index, follow, max-snippet:-1, max-image-preview:large, max-video-preview:-1\" \/>\n<link rel=\"canonical\" href=\"https:\/\/www.securetec.net\/fr\/references\/tests-rapides-de-depistage-en-criminalistique\/depistage-de-stupefiants-en-criminalistique\/\" \/>\n<meta property=\"og:locale\" content=\"fr_FR\" \/>\n<meta property=\"og:type\" content=\"article\" \/>\n<meta property=\"og:title\" content=\"Solutions D\u00e9pistage de stup\u00e9fiants en criminalistique - Securetec Detektions-Systeme AG\" \/>\n<meta property=\"og:description\" content=\"Drogenwischtest bei Unfallaufnahme und Schleierfahndung Schengenbinnengrenze: Der Wischtest DrugWipe\u00ae A weist R\u00fcckst\u00e4nde von Drogen nach, die f\u00fcr das menschliche Auge unsichtbar sind. Drogenspuren auf Mobiltelefonen, Lenkr\u00e4dern, Taschen oder anderen Oberfl\u00e4chen.\" \/>\n<meta property=\"og:url\" content=\"https:\/\/www.securetec.net\/fr\/references\/tests-rapides-de-depistage-en-criminalistique\/depistage-de-stupefiants-en-criminalistique\/\" \/>\n<meta property=\"og:site_name\" content=\"Securetec Detektions-Systeme AG\" \/>\n<meta property=\"article:modified_time\" content=\"2021-05-12T07:54:44+00:00\" \/>\n<meta name=\"twitter:card\" content=\"summary_large_image\" \/>\n<meta name=\"twitter:site\" content=\"@DrugWipeUK\" \/>\n<meta name=\"twitter:label1\" content=\"Est. reading time\" \/>\n\t<meta name=\"twitter:data1\" content=\"3 minutes\" \/>\n<script type=\"application\/ld+json\" class=\"yoast-schema-graph\">{\"@context\":\"https:\/\/schema.org\",\"@graph\":[{\"@type\":\"WebPage\",\"@id\":\"https:\/\/www.securetec.net\/fr\/references\/tests-rapides-de-depistage-en-criminalistique\/depistage-de-stupefiants-en-criminalistique\/\",\"url\":\"https:\/\/www.securetec.net\/fr\/references\/tests-rapides-de-depistage-en-criminalistique\/depistage-de-stupefiants-en-criminalistique\/\",\"name\":\"Solutions D\u00e9pistage de stup\u00e9fiants en criminalistique - Securetec Detektions-Systeme AG\",\"isPartOf\":{\"@id\":\"https:\/\/www.securetec.net\/fr\/#website\"},\"datePublished\":\"2018-07-19T15:49:54+00:00\",\"dateModified\":\"2021-05-12T07:54:44+00:00\",\"description\":\"Drogenwischtest bei Unfallaufnahme und Schleierfahndung Schengenbinnengrenze: Der Wischtest DrugWipe\u00ae A weist R\u00fcckst\u00e4nde von Drogen nach, die f\u00fcr das menschliche Auge unsichtbar sind. Drogenspuren auf Mobiltelefonen, Lenkr\u00e4dern, Taschen oder anderen Oberfl\u00e4chen.\",\"breadcrumb\":{\"@id\":\"https:\/\/www.securetec.net\/fr\/references\/tests-rapides-de-depistage-en-criminalistique\/depistage-de-stupefiants-en-criminalistique\/#breadcrumb\"},\"inLanguage\":\"fr-FR\",\"potentialAction\":[{\"@type\":\"ReadAction\",\"target\":[\"https:\/\/www.securetec.net\/fr\/references\/tests-rapides-de-depistage-en-criminalistique\/depistage-de-stupefiants-en-criminalistique\/\"]}]},{\"@type\":\"BreadcrumbList\",\"@id\":\"https:\/\/www.securetec.net\/fr\/references\/tests-rapides-de-depistage-en-criminalistique\/depistage-de-stupefiants-en-criminalistique\/#breadcrumb\",\"itemListElement\":[{\"@type\":\"ListItem\",\"position\":1,\"name\":\"Startseite\",\"item\":\"https:\/\/www.securetec.net\/fr\/\"},{\"@type\":\"ListItem\",\"position\":2,\"name\":\"Solutions de clients\",\"item\":\"https:\/\/www.securetec.net\/fr\/references\/\"},{\"@type\":\"ListItem\",\"position\":3,\"name\":\"Tests rapides de d\u00e9pistage en criminalistique\",\"item\":\"https:\/\/www.securetec.net\/fr\/references\/tests-rapides-de-depistage-en-criminalistique\/\"},{\"@type\":\"ListItem\",\"position\":4,\"name\":\"Solutions D\u00e9pistage de stup\u00e9fiants en criminalistique\"}]},{\"@type\":\"WebSite\",\"@id\":\"https:\/\/www.securetec.net\/fr\/#website\",\"url\":\"https:\/\/www.securetec.net\/fr\/\",\"name\":\"Securetec Detektions-Systeme AG\",\"description\":\"We detect to protect\",\"publisher\":{\"@id\":\"https:\/\/www.securetec.net\/fr\/#organization\"},\"potentialAction\":[{\"@type\":\"SearchAction\",\"target\":{\"@type\":\"EntryPoint\",\"urlTemplate\":\"https:\/\/www.securetec.net\/fr\/?s={search_term_string}\"},\"query-input\":{\"@type\":\"PropertyValueSpecification\",\"valueRequired\":true,\"valueName\":\"search_term_string\"}}],\"inLanguage\":\"fr-FR\"},{\"@type\":\"Organization\",\"@id\":\"https:\/\/www.securetec.net\/fr\/#organization\",\"name\":\"Securetec Detektions-Systeme AG\",\"url\":\"https:\/\/www.securetec.net\/fr\/\",\"logo\":{\"@type\":\"ImageObject\",\"inLanguage\":\"fr-FR\",\"@id\":\"https:\/\/www.securetec.net\/fr\/#\/schema\/logo\/image\/\",\"url\":\"https:\/\/www.securetec.net\/app\/uploads\/2018\/07\/Securetec_Logo_.png\",\"contentUrl\":\"https:\/\/www.securetec.net\/app\/uploads\/2018\/07\/Securetec_Logo_.png\",\"width\":411,\"height\":189,\"caption\":\"Securetec Detektions-Systeme AG\"},\"image\":{\"@id\":\"https:\/\/www.securetec.net\/fr\/#\/schema\/logo\/image\/\"},\"sameAs\":[\"https:\/\/x.com\/DrugWipeUK\",\"https:\/\/www.linkedin.com\/company\/securetec\",\"https:\/\/www.youtube.com\/channel\/UCP9jQA-TYhtqanhaooppMqw\"]}]}<\/script>\n<!-- \/ Yoast SEO plugin. -->","yoast_head_json":{"title":"Solutions D\u00e9pistage de stup\u00e9fiants en criminalistique - Securetec Detektions-Systeme AG","description":"Drogenwischtest bei Unfallaufnahme und Schleierfahndung Schengenbinnengrenze: Der Wischtest DrugWipe\u00ae A weist R\u00fcckst\u00e4nde von Drogen nach, die f\u00fcr das menschliche Auge unsichtbar sind. Drogenspuren auf Mobiltelefonen, Lenkr\u00e4dern, Taschen oder anderen Oberfl\u00e4chen.","robots":{"index":"index","follow":"follow","max-snippet":"max-snippet:-1","max-image-preview":"max-image-preview:large","max-video-preview":"max-video-preview:-1"},"canonical":"https:\/\/www.securetec.net\/fr\/references\/tests-rapides-de-depistage-en-criminalistique\/depistage-de-stupefiants-en-criminalistique\/","og_locale":"fr_FR","og_type":"article","og_title":"Solutions D\u00e9pistage de stup\u00e9fiants en criminalistique - Securetec Detektions-Systeme AG","og_description":"Drogenwischtest bei Unfallaufnahme und Schleierfahndung Schengenbinnengrenze: Der Wischtest DrugWipe\u00ae A weist R\u00fcckst\u00e4nde von Drogen nach, die f\u00fcr das menschliche Auge unsichtbar sind. Drogenspuren auf Mobiltelefonen, Lenkr\u00e4dern, Taschen oder anderen Oberfl\u00e4chen.","og_url":"https:\/\/www.securetec.net\/fr\/references\/tests-rapides-de-depistage-en-criminalistique\/depistage-de-stupefiants-en-criminalistique\/","og_site_name":"Securetec Detektions-Systeme AG","article_modified_time":"2021-05-12T07:54:44+00:00","twitter_card":"summary_large_image","twitter_site":"@DrugWipeUK","twitter_misc":{"Est. reading time":"3 minutes"},"schema":{"@context":"https:\/\/schema.org","@graph":[{"@type":"WebPage","@id":"https:\/\/www.securetec.net\/fr\/references\/tests-rapides-de-depistage-en-criminalistique\/depistage-de-stupefiants-en-criminalistique\/","url":"https:\/\/www.securetec.net\/fr\/references\/tests-rapides-de-depistage-en-criminalistique\/depistage-de-stupefiants-en-criminalistique\/","name":"Solutions D\u00e9pistage de stup\u00e9fiants en criminalistique - Securetec Detektions-Systeme AG","isPartOf":{"@id":"https:\/\/www.securetec.net\/fr\/#website"},"datePublished":"2018-07-19T15:49:54+00:00","dateModified":"2021-05-12T07:54:44+00:00","description":"Drogenwischtest bei Unfallaufnahme und Schleierfahndung Schengenbinnengrenze: Der Wischtest DrugWipe\u00ae A weist R\u00fcckst\u00e4nde von Drogen nach, die f\u00fcr das menschliche Auge unsichtbar sind. Drogenspuren auf Mobiltelefonen, Lenkr\u00e4dern, Taschen oder anderen Oberfl\u00e4chen.","breadcrumb":{"@id":"https:\/\/www.securetec.net\/fr\/references\/tests-rapides-de-depistage-en-criminalistique\/depistage-de-stupefiants-en-criminalistique\/#breadcrumb"},"inLanguage":"fr-FR","potentialAction":[{"@type":"ReadAction","target":["https:\/\/www.securetec.net\/fr\/references\/tests-rapides-de-depistage-en-criminalistique\/depistage-de-stupefiants-en-criminalistique\/"]}]},{"@type":"BreadcrumbList","@id":"https:\/\/www.securetec.net\/fr\/references\/tests-rapides-de-depistage-en-criminalistique\/depistage-de-stupefiants-en-criminalistique\/#breadcrumb","itemListElement":[{"@type":"ListItem","position":1,"name":"Startseite","item":"https:\/\/www.securetec.net\/fr\/"},{"@type":"ListItem","position":2,"name":"Solutions de clients","item":"https:\/\/www.securetec.net\/fr\/references\/"},{"@type":"ListItem","position":3,"name":"Tests rapides de d\u00e9pistage en criminalistique","item":"https:\/\/www.securetec.net\/fr\/references\/tests-rapides-de-depistage-en-criminalistique\/"},{"@type":"ListItem","position":4,"name":"Solutions D\u00e9pistage de stup\u00e9fiants en criminalistique"}]},{"@type":"WebSite","@id":"https:\/\/www.securetec.net\/fr\/#website","url":"https:\/\/www.securetec.net\/fr\/","name":"Securetec Detektions-Systeme AG","description":"We detect to protect","publisher":{"@id":"https:\/\/www.securetec.net\/fr\/#organization"},"potentialAction":[{"@type":"SearchAction","target":{"@type":"EntryPoint","urlTemplate":"https:\/\/www.securetec.net\/fr\/?s={search_term_string}"},"query-input":{"@type":"PropertyValueSpecification","valueRequired":true,"valueName":"search_term_string"}}],"inLanguage":"fr-FR"},{"@type":"Organization","@id":"https:\/\/www.securetec.net\/fr\/#organization","name":"Securetec Detektions-Systeme AG","url":"https:\/\/www.securetec.net\/fr\/","logo":{"@type":"ImageObject","inLanguage":"fr-FR","@id":"https:\/\/www.securetec.net\/fr\/#\/schema\/logo\/image\/","url":"https:\/\/www.securetec.net\/app\/uploads\/2018\/07\/Securetec_Logo_.png","contentUrl":"https:\/\/www.securetec.net\/app\/uploads\/2018\/07\/Securetec_Logo_.png","width":411,"height":189,"caption":"Securetec Detektions-Systeme AG"},"image":{"@id":"https:\/\/www.securetec.net\/fr\/#\/schema\/logo\/image\/"},"sameAs":["https:\/\/x.com\/DrugWipeUK","https:\/\/www.linkedin.com\/company\/securetec","https:\/\/www.youtube.com\/channel\/UCP9jQA-TYhtqanhaooppMqw"]}]}},"_links":{"self":[{"href":"https:\/\/www.securetec.net\/fr\/wp-json\/wp\/v2\/pages\/7449","targetHints":{"allow":["GET"]}}],"collection":[{"href":"https:\/\/www.securetec.net\/fr\/wp-json\/wp\/v2\/pages"}],"about":[{"href":"https:\/\/www.securetec.net\/fr\/wp-json\/wp\/v2\/types\/page"}],"author":[{"embeddable":true,"href":"https:\/\/www.securetec.net\/fr\/wp-json\/wp\/v2\/users\/1"}],"replies":[{"embeddable":true,"href":"https:\/\/www.securetec.net\/fr\/wp-json\/wp\/v2\/comments?post=7449"}],"version-history":[{"count":16,"href":"https:\/\/www.securetec.net\/fr\/wp-json\/wp\/v2\/pages\/7449\/revisions"}],"predecessor-version":[{"id":12480,"href":"https:\/\/www.securetec.net\/fr\/wp-json\/wp\/v2\/pages\/7449\/revisions\/12480"}],"up":[{"embeddable":true,"href":"https:\/\/www.securetec.net\/fr\/wp-json\/wp\/v2\/pages\/7437"}],"wp:attachment":[{"href":"https:\/\/www.securetec.net\/fr\/wp-json\/wp\/v2\/media?parent=7449"}],"curies":[{"name":"wp","href":"https:\/\/api.w.org\/{rel}","templated":true}]}}