{"id":7437,"date":"2018-07-19T17:49:19","date_gmt":"2018-07-19T15:49:19","guid":{"rendered":"https:\/\/www.securetec.net\/?page_id=7437"},"modified":"2021-05-07T12:35:14","modified_gmt":"2021-05-07T10:35:14","slug":"tests-rapides-de-depistage-en-criminalistique","status":"publish","type":"page","link":"https:\/\/www.securetec.net\/fr\/references\/tests-rapides-de-depistage-en-criminalistique\/","title":{"rendered":"Tests rapides de d\u00e9pistage en criminalistique"},"content":{"rendered":"<div class=\"wpb-content-wrapper\"><p>[vc_row][vc_column width=\u00a0\u00bb2\/3&Prime;][vc_column_text css=\u00a0\u00bb.vc_custom_1620383479391{margin-bottom: 40px !important;}\u00a0\u00bb]<\/p>\n<h2>D\u00e9pistage de stup\u00e9fiants dans le cadre du trafic de drogue<\/h2>\n<p>Les syst\u00e8mes de d\u00e9tection et technologies modernes permettent de garantir une protection fiable et efficace contre l&rsquo;introduction et le commerce ill\u00e9gaux de stup\u00e9fiants, en particulier dans les principaux pays d&rsquo;importation et d&rsquo;exportation.<\/p>\n<p>La soci\u00e9t\u00e9 Securetec AG travaille en \u00e9troite collaboration avec les autorit\u00e9s nationales et \u00e9trang\u00e8res pour d\u00e9velopper des syst\u00e8mes de d\u00e9tection comme les tests de surfaces, apportant un soutien fiable aux douaniers, garde-fronti\u00e8res et officiers de brigades anti-drogue dans leurs t\u00e2ches quotidiennes.<\/p>\n<p>La fabrication de stup\u00e9fiants en Europe n&rsquo;a pas seulement pris de l&rsquo;ampleur, elle s&rsquo;est \u00e9galement diversifi\u00e9e. Outre le cannabis, l&rsquo;h\u00e9ro\u00efne, la coca\u00efne et les amph\u00e9tamines, de plus en plus de nouvelles substances psychoactives sont \u00e9labor\u00e9es, commercialis\u00e9es et consomm\u00e9es au sein du march\u00e9 europ\u00e9en.<\/p>\n<p>Les\u00a0drogues\u00a0dures telles que la coca\u00efne ou l&rsquo;h\u00e9ro\u00efne gagnent du terrain en Europe.\u00a0Le degr\u00e9 de puret\u00e9 de la coca\u00efne s&rsquo;est am\u00e9lior\u00e9 et le nombre de consommateurs est en augmentation. En 2020, le total des saisies de coca\u00efne s&rsquo;\u00e9levait \u00e0 une quantit\u00e9 record de 181\u00a0tonnes<sup>1<\/sup>.<\/p>\n<p>Concernant l&rsquo;h\u00e9ro\u00efne, les chiffres ne sont pas moins effrayants. En 2018, pr\u00e8s de 16\u00a0tonnes d&rsquo;anhydride ac\u00e9tique, produit de base de l&rsquo;\u00e9laboration d&rsquo;h\u00e9ro\u00efne, ont \u00e9t\u00e9 saisies au total au sein de l&rsquo;Union europ\u00e9enne. Neuf tonnes suppl\u00e9mentaires ont \u00e9t\u00e9 intercept\u00e9es avant qu&rsquo;elles ne puissent \u00eatre mises en circulation sur le march\u00e9. Des laboratoires d&rsquo;\u00e9laboration d&rsquo;h\u00e9ro\u00efne et de morphine ont \u00e9galement \u00e9t\u00e9 d\u00e9couverts en Europe de l&rsquo;Est, en Espagne et aux Pays-Bas. Outre le nombre de saisies de morphine et d&rsquo;opium en augmentation constante, ces donn\u00e9es laissent entendre que non seulement l&rsquo;h\u00e9ro\u00efne est de plus en plus consomm\u00e9e, mais que sa fabrication prend \u00e9galement de l&rsquo;ampleur au sein de l&rsquo;UE<sup>1<\/sup>.<\/p>\n<p>La propagation, la disponibilit\u00e9 et la potentielle augmentation de la consommation sont pr\u00e9occupantes et indiquent \u00e0 quel point il est urgent de d\u00e9velopper des solutions adapt\u00e9es pour lutter contre le trafic de stup\u00e9fiants.[\/vc_column_text][vc_column_text]<\/p>\n<h2>D\u00e9pistage de drogues fiable gr\u00e2ce au test de surfaces DrugWipe<sup>\u00ae<\/sup>\u00a0A<\/h2>\n<p>Un test de surfaces comme le test DrugWipe<sup>\u00ae<\/sup>\u00a0A apporte de nombreux avantages aux enqu\u00eateurs. Gr\u00e2ce \u00e0 un proc\u00e9d\u00e9 de d\u00e9tection ultramoderne \u00e0 base d&rsquo;anticorps, nos syst\u00e8mes permettent de d\u00e9pister et d&rsquo;identifier en toute fiabilit\u00e9 m\u00eame les quantit\u00e9s les plus infimes de substances recherch\u00e9es, dans le cadre de tests de surfaces mais aussi du contr\u00f4le de containers de marchandises. Le test de surfaces<sup>\u00a0<\/sup>DrugWipe<sup>\u00ae<\/sup>\u00a0A permet aux enqu\u00eateurs de d\u00e9tecter des traces de stup\u00e9fiants selon une concentration comparable \u00e0 une cuill\u00e8re \u00e0 caf\u00e9 de sucre dissoute dans une piscine olympique d&rsquo;un volume de 2,5\u00a0millions de litres d&rsquo;eau.<\/p>\n<p>Les tests de surfaces DrugWipe<sup>\u00ae<\/sup>\u00a0A constituent \u00e9galement un outil pr\u00e9cieux dans le cadre de constats d&rsquo;accidents, en milieu carc\u00e9ral ou lors du contr\u00f4le de personnes, afin de mettre en \u00e9vidence la possession, la commercialisation et la consommation de substances ill\u00e9gales en quelques minutes seulement.<\/p>\n<p><span style=\"font-size: 8pt;\">Source :<\/span><br \/>\n<span style=\"font-size: 8pt;\">1 Rapport europ\u00e9en sur les drogues 2019\/2020 : https:\/\/www.emcdda.europa.eu\/system\/files\/attachments\/13242\/HighlightsEDR2020_DE_Final_web.pdf<\/span><\/p>\n<p><a href=\"https:\/\/www.securetec.net\/fr\/depistage-de-stupefiants\/\">&gt;&gt; Informations sur les tests de d\u00e9pistage de stup\u00e9fiants DrugWipe<sup>\u00ae<\/sup><\/a><\/p>\n<p><a href=\"https:\/\/www.securetec.net\/fr\/produits\/test-salivaire-de-depistage-de-drogues\/\">&gt;&gt; Informations sur les tests salivaire de d\u00e9pistage de drogues DrugWipe\u00ae S<\/a><\/p>\n<p>[\/vc_column_text][\/vc_column][vc_column width=\u00a0\u00bb1\/3&Prime;][tm_image align=\u00a0\u00bbright\u00a0\u00bb image=\u00a0\u00bb4686&Prime;][\/vc_column][\/vc_row]<\/p>\n<\/div>","protected":false},"excerpt":{"rendered":"[vc_row][vc_column width=\u00a0\u00bb2\/3&Prime;][vc_column_text css=\u00a0\u00bb.vc_custom_1620383479391{margin-bottom: 40px !important;}\u00a0\u00bb] D\u00e9pistage de stup\u00e9fiants dans le cadre du trafic de drogue Les syst\u00e8mes de d\u00e9tection et technologies modernes permettent de garantir une protection fiable et efficace contre l&rsquo;introduction et le commerce ill\u00e9gaux de stup\u00e9fiants, en particulier dans les principaux pays d&rsquo;importation et d&rsquo;exportation. La soci\u00e9t\u00e9 Securetec AG travaille en \u00e9troite collaboration avec les autorit\u00e9s nationales et \u00e9trang\u00e8res pour d\u00e9velopper des syst\u00e8mes de d\u00e9tection comme les tests de surfaces, apportant un soutien fiable aux douaniers, garde-fronti\u00e8res et officiers de brigades anti-drogue dans leurs t\u00e2ches quotidiennes. La fabrication de stup\u00e9fiants en Europe n&rsquo;a pas seulement pris de l&rsquo;ampleur, elle s&rsquo;est \u00e9galement diversifi\u00e9e. Outre le cannabis, l&rsquo;h\u00e9ro\u00efne, la coca\u00efne et les amph\u00e9tamines, de plus en plus de nouvelles substances psychoactives sont \u00e9labor\u00e9es, commercialis\u00e9es et consomm\u00e9es au sein du march\u00e9 europ\u00e9en. Les\u00a0drogues\u00a0dures telles que la coca\u00efne ou l&rsquo;h\u00e9ro\u00efne gagnent du terrain en Europe.\u00a0Le degr\u00e9 de puret\u00e9 de la coca\u00efne s&rsquo;est am\u00e9lior\u00e9 et le nombre de consommateurs est en augmentation. En 2020, le total des saisies de coca\u00efne s&rsquo;\u00e9levait \u00e0 une quantit\u00e9 record de 181\u00a0tonnes1. Concernant l&rsquo;h\u00e9ro\u00efne, les chiffres ne sont pas moins effrayants. En 2018, pr\u00e8s de 16\u00a0tonnes d&rsquo;anhydride ac\u00e9tique, produit de base de l&rsquo;\u00e9laboration d&rsquo;h\u00e9ro\u00efne, ont \u00e9t\u00e9 saisies au total au sein de l&rsquo;Union europ\u00e9enne. Neuf tonnes suppl\u00e9mentaires ont \u00e9t\u00e9 intercept\u00e9es avant qu&rsquo;elles ne puissent \u00eatre mises en circulation sur le march\u00e9. Des laboratoires d&rsquo;\u00e9laboration d&rsquo;h\u00e9ro\u00efne et de morphine ont \u00e9galement \u00e9t\u00e9 d\u00e9couverts en Europe de l&rsquo;Est, en Espagne et aux Pays-Bas. Outre le nombre de saisies de morphine et d&rsquo;opium en augmentation constante, ces donn\u00e9es laissent entendre que non seulement l&rsquo;h\u00e9ro\u00efne est de plus en plus consomm\u00e9e, mais que sa fabrication prend \u00e9galement de l&rsquo;ampleur au sein de l&rsquo;UE1. La propagation, la disponibilit\u00e9 et la potentielle augmentation de la consommation sont pr\u00e9occupantes et indiquent \u00e0 quel point il est urgent de d\u00e9velopper des solutions adapt\u00e9es pour lutter contre le trafic de stup\u00e9fiants.[\/vc_column_text][vc_column_text] D\u00e9pistage de drogues fiable gr\u00e2ce au test de surfaces DrugWipe\u00ae\u00a0A Un test de surfaces comme le test DrugWipe\u00ae\u00a0A apporte de nombreux avantages aux enqu\u00eateurs. Gr\u00e2ce \u00e0 un proc\u00e9d\u00e9 de d\u00e9tection ultramoderne \u00e0 base d&rsquo;anticorps, nos syst\u00e8mes permettent de d\u00e9pister et d&rsquo;identifier en toute fiabilit\u00e9 m\u00eame les quantit\u00e9s les plus infimes de substances recherch\u00e9es, dans le cadre de tests de surfaces mais aussi du contr\u00f4le de containers de marchandises. Le test de surfaces\u00a0DrugWipe\u00ae\u00a0A permet aux enqu\u00eateurs de d\u00e9tecter des traces de stup\u00e9fiants selon une concentration comparable \u00e0 une cuill\u00e8re \u00e0 caf\u00e9 de sucre dissoute dans une piscine olympique d&rsquo;un volume de 2,5\u00a0millions de litres d&rsquo;eau. Les tests de surfaces DrugWipe\u00ae\u00a0A constituent \u00e9galement un outil pr\u00e9cieux dans le cadre de constats d&rsquo;accidents, en milieu carc\u00e9ral ou lors du contr\u00f4le de personnes, afin de mettre en \u00e9vidence la possession, la commercialisation et la consommation de substances ill\u00e9gales en quelques minutes seulement. Source : 1 Rapport europ\u00e9en sur les drogues 2019\/2020 : https:\/\/www.emcdda.europa.eu\/system\/files\/attachments\/13242\/HighlightsEDR2020_DE_Final_web.pdf &gt;&gt; Informations sur les tests de d\u00e9pistage de stup\u00e9fiants DrugWipe\u00ae &gt;&gt; Informations sur les tests salivaire de d\u00e9pistage de drogues DrugWipe\u00ae S [\/vc_column_text][\/vc_column][vc_column width=\u00a0\u00bb1\/3&Prime;][tm_image align=\u00a0\u00bbright\u00a0\u00bb image=\u00a0\u00bb4686&Prime;][\/vc_column][\/vc_row]","protected":false},"author":1,"featured_media":0,"parent":7354,"menu_order":0,"comment_status":"closed","ping_status":"closed","template":"","meta":{"footnotes":""},"class_list":["post-7437","page","type-page","status-publish","hentry"],"yoast_head":"<!-- This site is optimized with the Yoast SEO plugin v25.6 - https:\/\/yoast.com\/wordpress\/plugins\/seo\/ -->\n<title>Tests rapides de d\u00e9pistage en criminalistique - Securetec Detektions-Systeme AG<\/title>\n<meta name=\"description\" content=\"Drogennachweis bei der Drogenfahndung: Oberfl\u00e4chen bzw. Wischtests bieten f\u00fcr die Fahnder wertvolle Unterst\u00fctzung. Dank modernster Antik\u00f6rper-Nachweisverfahren k\u00f6nnen \u00fcber die Testsysteme auch Kleinstmengen der gesuchten Substanzen\" \/>\n<meta name=\"robots\" content=\"index, follow, max-snippet:-1, max-image-preview:large, max-video-preview:-1\" \/>\n<link rel=\"canonical\" href=\"https:\/\/www.securetec.net\/fr\/references\/tests-rapides-de-depistage-en-criminalistique\/\" \/>\n<meta property=\"og:locale\" content=\"fr_FR\" \/>\n<meta property=\"og:type\" content=\"article\" \/>\n<meta property=\"og:title\" content=\"Tests rapides de d\u00e9pistage en criminalistique - Securetec Detektions-Systeme AG\" \/>\n<meta property=\"og:description\" content=\"Drogennachweis bei der Drogenfahndung: Oberfl\u00e4chen bzw. Wischtests bieten f\u00fcr die Fahnder wertvolle Unterst\u00fctzung. Dank modernster Antik\u00f6rper-Nachweisverfahren k\u00f6nnen \u00fcber die Testsysteme auch Kleinstmengen der gesuchten Substanzen\" \/>\n<meta property=\"og:url\" content=\"https:\/\/www.securetec.net\/fr\/references\/tests-rapides-de-depistage-en-criminalistique\/\" \/>\n<meta property=\"og:site_name\" content=\"Securetec Detektions-Systeme AG\" \/>\n<meta property=\"article:modified_time\" content=\"2021-05-07T10:35:14+00:00\" \/>\n<meta name=\"twitter:card\" content=\"summary_large_image\" \/>\n<meta name=\"twitter:site\" content=\"@DrugWipeUK\" \/>\n<meta name=\"twitter:label1\" content=\"Est. reading time\" \/>\n\t<meta name=\"twitter:data1\" content=\"3 minutes\" \/>\n<script type=\"application\/ld+json\" class=\"yoast-schema-graph\">{\"@context\":\"https:\/\/schema.org\",\"@graph\":[{\"@type\":\"WebPage\",\"@id\":\"https:\/\/www.securetec.net\/fr\/references\/tests-rapides-de-depistage-en-criminalistique\/\",\"url\":\"https:\/\/www.securetec.net\/fr\/references\/tests-rapides-de-depistage-en-criminalistique\/\",\"name\":\"Tests rapides de d\u00e9pistage en criminalistique - Securetec Detektions-Systeme AG\",\"isPartOf\":{\"@id\":\"https:\/\/www.securetec.net\/fr\/#website\"},\"datePublished\":\"2018-07-19T15:49:19+00:00\",\"dateModified\":\"2021-05-07T10:35:14+00:00\",\"description\":\"Drogennachweis bei der Drogenfahndung: Oberfl\u00e4chen bzw. Wischtests bieten f\u00fcr die Fahnder wertvolle Unterst\u00fctzung. Dank modernster Antik\u00f6rper-Nachweisverfahren k\u00f6nnen \u00fcber die Testsysteme auch Kleinstmengen der gesuchten Substanzen\",\"breadcrumb\":{\"@id\":\"https:\/\/www.securetec.net\/fr\/references\/tests-rapides-de-depistage-en-criminalistique\/#breadcrumb\"},\"inLanguage\":\"fr-FR\",\"potentialAction\":[{\"@type\":\"ReadAction\",\"target\":[\"https:\/\/www.securetec.net\/fr\/references\/tests-rapides-de-depistage-en-criminalistique\/\"]}]},{\"@type\":\"BreadcrumbList\",\"@id\":\"https:\/\/www.securetec.net\/fr\/references\/tests-rapides-de-depistage-en-criminalistique\/#breadcrumb\",\"itemListElement\":[{\"@type\":\"ListItem\",\"position\":1,\"name\":\"Startseite\",\"item\":\"https:\/\/www.securetec.net\/fr\/\"},{\"@type\":\"ListItem\",\"position\":2,\"name\":\"Solutions de clients\",\"item\":\"https:\/\/www.securetec.net\/fr\/references\/\"},{\"@type\":\"ListItem\",\"position\":3,\"name\":\"Tests rapides de d\u00e9pistage en criminalistique\"}]},{\"@type\":\"WebSite\",\"@id\":\"https:\/\/www.securetec.net\/fr\/#website\",\"url\":\"https:\/\/www.securetec.net\/fr\/\",\"name\":\"Securetec Detektions-Systeme AG\",\"description\":\"We detect to protect\",\"publisher\":{\"@id\":\"https:\/\/www.securetec.net\/fr\/#organization\"},\"potentialAction\":[{\"@type\":\"SearchAction\",\"target\":{\"@type\":\"EntryPoint\",\"urlTemplate\":\"https:\/\/www.securetec.net\/fr\/?s={search_term_string}\"},\"query-input\":{\"@type\":\"PropertyValueSpecification\",\"valueRequired\":true,\"valueName\":\"search_term_string\"}}],\"inLanguage\":\"fr-FR\"},{\"@type\":\"Organization\",\"@id\":\"https:\/\/www.securetec.net\/fr\/#organization\",\"name\":\"Securetec Detektions-Systeme AG\",\"url\":\"https:\/\/www.securetec.net\/fr\/\",\"logo\":{\"@type\":\"ImageObject\",\"inLanguage\":\"fr-FR\",\"@id\":\"https:\/\/www.securetec.net\/fr\/#\/schema\/logo\/image\/\",\"url\":\"https:\/\/www.securetec.net\/app\/uploads\/2018\/07\/Securetec_Logo_.png\",\"contentUrl\":\"https:\/\/www.securetec.net\/app\/uploads\/2018\/07\/Securetec_Logo_.png\",\"width\":411,\"height\":189,\"caption\":\"Securetec Detektions-Systeme AG\"},\"image\":{\"@id\":\"https:\/\/www.securetec.net\/fr\/#\/schema\/logo\/image\/\"},\"sameAs\":[\"https:\/\/x.com\/DrugWipeUK\",\"https:\/\/www.linkedin.com\/company\/securetec\",\"https:\/\/www.youtube.com\/channel\/UCP9jQA-TYhtqanhaooppMqw\"]}]}<\/script>\n<!-- \/ Yoast SEO plugin. -->","yoast_head_json":{"title":"Tests rapides de d\u00e9pistage en criminalistique - Securetec Detektions-Systeme AG","description":"Drogennachweis bei der Drogenfahndung: Oberfl\u00e4chen bzw. Wischtests bieten f\u00fcr die Fahnder wertvolle Unterst\u00fctzung. Dank modernster Antik\u00f6rper-Nachweisverfahren k\u00f6nnen \u00fcber die Testsysteme auch Kleinstmengen der gesuchten Substanzen","robots":{"index":"index","follow":"follow","max-snippet":"max-snippet:-1","max-image-preview":"max-image-preview:large","max-video-preview":"max-video-preview:-1"},"canonical":"https:\/\/www.securetec.net\/fr\/references\/tests-rapides-de-depistage-en-criminalistique\/","og_locale":"fr_FR","og_type":"article","og_title":"Tests rapides de d\u00e9pistage en criminalistique - Securetec Detektions-Systeme AG","og_description":"Drogennachweis bei der Drogenfahndung: Oberfl\u00e4chen bzw. Wischtests bieten f\u00fcr die Fahnder wertvolle Unterst\u00fctzung. Dank modernster Antik\u00f6rper-Nachweisverfahren k\u00f6nnen \u00fcber die Testsysteme auch Kleinstmengen der gesuchten Substanzen","og_url":"https:\/\/www.securetec.net\/fr\/references\/tests-rapides-de-depistage-en-criminalistique\/","og_site_name":"Securetec Detektions-Systeme AG","article_modified_time":"2021-05-07T10:35:14+00:00","twitter_card":"summary_large_image","twitter_site":"@DrugWipeUK","twitter_misc":{"Est. reading time":"3 minutes"},"schema":{"@context":"https:\/\/schema.org","@graph":[{"@type":"WebPage","@id":"https:\/\/www.securetec.net\/fr\/references\/tests-rapides-de-depistage-en-criminalistique\/","url":"https:\/\/www.securetec.net\/fr\/references\/tests-rapides-de-depistage-en-criminalistique\/","name":"Tests rapides de d\u00e9pistage en criminalistique - Securetec Detektions-Systeme AG","isPartOf":{"@id":"https:\/\/www.securetec.net\/fr\/#website"},"datePublished":"2018-07-19T15:49:19+00:00","dateModified":"2021-05-07T10:35:14+00:00","description":"Drogennachweis bei der Drogenfahndung: Oberfl\u00e4chen bzw. Wischtests bieten f\u00fcr die Fahnder wertvolle Unterst\u00fctzung. Dank modernster Antik\u00f6rper-Nachweisverfahren k\u00f6nnen \u00fcber die Testsysteme auch Kleinstmengen der gesuchten Substanzen","breadcrumb":{"@id":"https:\/\/www.securetec.net\/fr\/references\/tests-rapides-de-depistage-en-criminalistique\/#breadcrumb"},"inLanguage":"fr-FR","potentialAction":[{"@type":"ReadAction","target":["https:\/\/www.securetec.net\/fr\/references\/tests-rapides-de-depistage-en-criminalistique\/"]}]},{"@type":"BreadcrumbList","@id":"https:\/\/www.securetec.net\/fr\/references\/tests-rapides-de-depistage-en-criminalistique\/#breadcrumb","itemListElement":[{"@type":"ListItem","position":1,"name":"Startseite","item":"https:\/\/www.securetec.net\/fr\/"},{"@type":"ListItem","position":2,"name":"Solutions de clients","item":"https:\/\/www.securetec.net\/fr\/references\/"},{"@type":"ListItem","position":3,"name":"Tests rapides de d\u00e9pistage en criminalistique"}]},{"@type":"WebSite","@id":"https:\/\/www.securetec.net\/fr\/#website","url":"https:\/\/www.securetec.net\/fr\/","name":"Securetec Detektions-Systeme AG","description":"We detect to protect","publisher":{"@id":"https:\/\/www.securetec.net\/fr\/#organization"},"potentialAction":[{"@type":"SearchAction","target":{"@type":"EntryPoint","urlTemplate":"https:\/\/www.securetec.net\/fr\/?s={search_term_string}"},"query-input":{"@type":"PropertyValueSpecification","valueRequired":true,"valueName":"search_term_string"}}],"inLanguage":"fr-FR"},{"@type":"Organization","@id":"https:\/\/www.securetec.net\/fr\/#organization","name":"Securetec Detektions-Systeme AG","url":"https:\/\/www.securetec.net\/fr\/","logo":{"@type":"ImageObject","inLanguage":"fr-FR","@id":"https:\/\/www.securetec.net\/fr\/#\/schema\/logo\/image\/","url":"https:\/\/www.securetec.net\/app\/uploads\/2018\/07\/Securetec_Logo_.png","contentUrl":"https:\/\/www.securetec.net\/app\/uploads\/2018\/07\/Securetec_Logo_.png","width":411,"height":189,"caption":"Securetec Detektions-Systeme AG"},"image":{"@id":"https:\/\/www.securetec.net\/fr\/#\/schema\/logo\/image\/"},"sameAs":["https:\/\/x.com\/DrugWipeUK","https:\/\/www.linkedin.com\/company\/securetec","https:\/\/www.youtube.com\/channel\/UCP9jQA-TYhtqanhaooppMqw"]}]}},"_links":{"self":[{"href":"https:\/\/www.securetec.net\/fr\/wp-json\/wp\/v2\/pages\/7437","targetHints":{"allow":["GET"]}}],"collection":[{"href":"https:\/\/www.securetec.net\/fr\/wp-json\/wp\/v2\/pages"}],"about":[{"href":"https:\/\/www.securetec.net\/fr\/wp-json\/wp\/v2\/types\/page"}],"author":[{"embeddable":true,"href":"https:\/\/www.securetec.net\/fr\/wp-json\/wp\/v2\/users\/1"}],"replies":[{"embeddable":true,"href":"https:\/\/www.securetec.net\/fr\/wp-json\/wp\/v2\/comments?post=7437"}],"version-history":[{"count":8,"href":"https:\/\/www.securetec.net\/fr\/wp-json\/wp\/v2\/pages\/7437\/revisions"}],"predecessor-version":[{"id":12386,"href":"https:\/\/www.securetec.net\/fr\/wp-json\/wp\/v2\/pages\/7437\/revisions\/12386"}],"up":[{"embeddable":true,"href":"https:\/\/www.securetec.net\/fr\/wp-json\/wp\/v2\/pages\/7354"}],"wp:attachment":[{"href":"https:\/\/www.securetec.net\/fr\/wp-json\/wp\/v2\/media?parent=7437"}],"curies":[{"name":"wp","href":"https:\/\/api.w.org\/{rel}","templated":true}]}}