{"id":7429,"date":"2018-07-19T17:51:41","date_gmt":"2018-07-19T15:51:41","guid":{"rendered":"https:\/\/www.securetec.net\/?page_id=7429"},"modified":"2023-03-30T08:58:47","modified_gmt":"2023-03-30T06:58:47","slug":"depistages-de-drogue-notre-gamme-de-services","status":"publish","type":"page","link":"https:\/\/www.securetec.net\/fr\/references\/depistage-de-drogues-en-entreprise\/depistages-de-drogue-notre-gamme-de-services\/","title":{"rendered":"D\u00e9pistages de drogue : notre gamme de services"},"content":{"rendered":"<div class=\"wpb-content-wrapper\"><p>[vc_row lg_spacing=\u00a0\u00bbmargin_bottom:50&Prime;][vc_column][vc_column_text]<\/p>\n<h2>Identification fiable des dangers en lien avec la consommation de drogue<\/h2>\n<p><strong>Des tests rapides de d\u00e9pistage de drogue sur mesure pour les situations d\u00e9licates<\/strong><\/p>\n<p>Les signes ext\u00e9rieurs de consommation de stup\u00e9fiants sont g\u00e9n\u00e9ralement difficiles \u00e0 d\u00e9celer en entreprise, contrairement \u00e0 ceux de l&rsquo;alcool. La toxicomanie est souvent un sujet tabou, et son identification demande beaucoup de d\u00e9licatesse et de sensibilit\u00e9. Nous aidons les entreprises et les institutions \u00e0 proc\u00e9der \u00e0 un d\u00e9pistage sans \u00e9quivoque gr\u00e2ce \u00e0 des tests salivaires rapides.[\/vc_column_text][\/vc_column][\/vc_row][vc_row][vc_column][tm_table]<\/p>\n<table style=\"border-collapse: collapse; width: 100%;\">\n<tbody>\n<tr>\n<td style=\"width: 33.3333%;\"><strong>Test salivaire<\/strong><\/td>\n<td style=\"width: 32.5119%;\"><strong>Test de surfaces<\/strong><\/td>\n<td style=\"width: 34.1547%;\"><strong>Facultatif\u00a0: Analyseur de tests salivaires<\/strong><\/td>\n<\/tr>\n<tr>\n<td style=\"width: 33.3333%;\" width=\"201\">\n<ul>\n<li>Teste les effets directs de mani\u00e8re cibl\u00e9e<\/li>\n<li>R\u00e9sultats disponibles au bout de 3 \u00e0 8\u00a0minutes<\/li>\n<li>Interpr\u00e9tation visuelle<\/li>\n<li>R\u00e9alisation hygi\u00e9nique, rapide et facile du pr\u00e9l\u00e8vement<\/li>\n<li>Fiabilit\u00e9 et manipulation s\u00fbre<\/li>\n<li>Selon le mod\u00e8le, permet de d\u00e9tecter cannabis, coca\u00efne, opiac\u00e9s, amph\u00e9tamines\/m\u00e9th\u00adamph\u00e9tamines, benzodiaz\u00e9pines, k\u00e9tamine\/PCP, bupr\u00e9norphine, m\u00e9thadone<\/li>\n<\/ul>\n<\/td>\n<td style=\"width: 32.5119%;\">\n<ul>\n<li>D\u00e9pistage fiable et s\u00fbr de traces invisibles<\/li>\n<li>Interpr\u00e9tation visuelle<\/li>\n<li>Test discret sans contact direct avec la personne<\/li>\n<li>Adopt\u00e9 partout dans le monde par la police, la douane et les entreprises<\/li>\n<li>Selon le mod\u00e8le, permet de d\u00e9tecter cannabis, coca\u00efne, opiac\u00e9s et amph\u00e9tamines\/m\u00e9th\u00adamph\u00e9tamines<\/li>\n<\/ul>\n<\/td>\n<td style=\"width: 34.1547%;\">\n<ul>\n<li>R\u00e9sultat objectif garanti pour chaque test<\/li>\n<li>Mobile et l\u00e9ger<\/li>\n<li>Imprimante int\u00e9gr\u00e9e pour une documentation rapide du d\u00e9pistage<\/li>\n<li>Saisie et sauvegarde des informations n\u00e9cessaires, notamment les donn\u00e9es de date et d&rsquo;heure<\/li>\n<li>Protection des donn\u00e9es garantie<\/li>\n<\/ul>\n<\/td>\n<\/tr>\n<tr>\n<td style=\"width: 33.3333%;\"><strong><a href=\"https:\/\/www.securetec.net\/fr\/produits\/test-salivaire-de-depistage-de-drogues\/\"><span style=\"color: #0000ff;\">DrugWipe<\/span><\/a><a href=\"https:\/\/www.securetec.net\/de\/produkte\/speicheltest\/\"><span style=\"color: #0000ff;\"><sup>\u00ae<\/sup><\/span><\/a><a href=\"https:\/\/www.securetec.net\/de\/produkte\/speicheltest\/\"><span style=\"color: #0000ff;\"> S<\/span><\/a><\/strong><\/td>\n<td style=\"width: 32.5119%;\"><a href=\"https:\/\/www.securetec.net\/fr\/produits\/depistage-de-stupefiants-surfaces\/\"><strong><span style=\"color: #0000ff;\">DrugWipe<sup>\u00ae<\/sup> F<\/span><\/strong><\/a><\/td>\n<td style=\"width: 34.1547%;\"><a href=\"https:\/\/www.securetec.net\/fr\/produits\/wipealyser\/\"><span style=\"color: #0000ff;\"><strong>WipeAlyser<sup>\u00ae<\/sup><\/strong><\/span><\/a><\/td>\n<\/tr>\n<tr>\n<td style=\"width: 33.3333%;\"><img decoding=\"async\" class=\"alignnone size-medium wp-image-11363\" src=\"https:\/\/www.securetec.net\/app\/uploads\/2020\/07\/MG_3189_DrugWipe_saliva_testing-300x200.jpg\" alt=\"DrugWipe Speicheltest Drogen\" width=\"300\" height=\"200\" srcset=\"https:\/\/www.securetec.net\/app\/uploads\/2020\/07\/MG_3189_DrugWipe_saliva_testing-300x200.jpg 300w, https:\/\/www.securetec.net\/app\/uploads\/2020\/07\/MG_3189_DrugWipe_saliva_testing-1024x683.jpg 1024w, https:\/\/www.securetec.net\/app\/uploads\/2020\/07\/MG_3189_DrugWipe_saliva_testing-768x512.jpg 768w, https:\/\/www.securetec.net\/app\/uploads\/2020\/07\/MG_3189_DrugWipe_saliva_testing-1536x1024.jpg 1536w, https:\/\/www.securetec.net\/app\/uploads\/2020\/07\/MG_3189_DrugWipe_saliva_testing.jpg 1680w\" sizes=\"(max-width: 300px) 100vw, 300px\" \/><\/td>\n<td style=\"width: 32.5119%;\"><img decoding=\"async\" class=\"alignnone size-medium wp-image-4618\" src=\"https:\/\/www.securetec.net\/app\/uploads\/2018\/08\/oberflaechentest_drogentest_dw5f_probenahme_laptop_mg_3866_300dpi_smaller-300x200.jpg\" alt=\"Oberfl\u00e4chentest Drogen\" width=\"300\" height=\"200\" srcset=\"https:\/\/www.securetec.net\/app\/uploads\/2018\/08\/oberflaechentest_drogentest_dw5f_probenahme_laptop_mg_3866_300dpi_smaller-300x200.jpg 300w, https:\/\/www.securetec.net\/app\/uploads\/2018\/08\/oberflaechentest_drogentest_dw5f_probenahme_laptop_mg_3866_300dpi_smaller-768x512.jpg 768w, https:\/\/www.securetec.net\/app\/uploads\/2018\/08\/oberflaechentest_drogentest_dw5f_probenahme_laptop_mg_3866_300dpi_smaller-1024x683.jpg 1024w, https:\/\/www.securetec.net\/app\/uploads\/2018\/08\/oberflaechentest_drogentest_dw5f_probenahme_laptop_mg_3866_300dpi_smaller.jpg 1140w\" sizes=\"(max-width: 300px) 100vw, 300px\" \/><\/td>\n<td style=\"width: 34.1547%;\"><img decoding=\"async\" class=\"alignnone size-medium wp-image-8104\" src=\"https:\/\/www.securetec.net\/app\/uploads\/2018\/10\/1_wipealyser_mit_drugwipe_bearbeitet_web_-1-300x200.jpg\" alt=\"Wipealyser\" width=\"300\" height=\"200\" srcset=\"https:\/\/www.securetec.net\/app\/uploads\/2018\/10\/1_wipealyser_mit_drugwipe_bearbeitet_web_-1-300x200.jpg 300w, https:\/\/www.securetec.net\/app\/uploads\/2018\/10\/1_wipealyser_mit_drugwipe_bearbeitet_web_-1-768x512.jpg 768w, https:\/\/www.securetec.net\/app\/uploads\/2018\/10\/1_wipealyser_mit_drugwipe_bearbeitet_web_-1.jpg 1000w\" sizes=\"(max-width: 300px) 100vw, 300px\" \/><\/td>\n<\/tr>\n<tr>\n<td style=\"width: 33.3333%;\">Pr\u00e9l\u00e8vement de salive<\/td>\n<td style=\"width: 32.5119%;\">Surfaces de pr\u00e9l\u00e8vement<\/td>\n<td style=\"width: 34.1547%;\">Documentation des\u00a0r\u00e9sultats<\/td>\n<\/tr>\n<\/tbody>\n<\/table>\n<p>[\/tm_table][\/vc_column][\/vc_row][vc_row][vc_column][tm_spacer size=\u00a0\u00bblg:30&Prime;][vc_column_text css=\u00a0\u00bb.vc_custom_1680159523182{margin-bottom: 40px !important;}\u00a0\u00bb]Sur la base du contrat de travail correspondant et avec le consentement de la personne test\u00e9e, l&rsquo;agent de s\u00e9curit\u00e9 ou le m\u00e9decin du travail de l&rsquo;entreprise peut proc\u00e9der \u00e0 un test rapide de d\u00e9pistage de drogue de mani\u00e8re rapide, fiable et hygi\u00e9nique avec DrugWipe. Facile \u00e0 manipuler, le <a href=\"https:\/\/www.securetec.net\/fr\/produits\/test-salivaire-de-depistage-de-drogues\/\">test salivaire DrugWipe<sup>\u00ae<\/sup>\u00a0S<\/a> d\u00e9tecte de mani\u00e8re s\u00fbre, hygi\u00e9nique et rapide les stup\u00e9fiants les plus commun\u00e9ment utilis\u00e9s.<\/p>\n<p>Les tests de surfaces permettent \u00e9galement de dissiper ou de v\u00e9rifier discr\u00e8tement les soup\u00e7ons. La consommation de drogue laisse immanquablement des traces que le <a href=\"https:\/\/www.securetec.net\/fr\/produits\/depistage-de-stupefiants-surfaces\/\">test\u00a0de surfaces DrugWipe<sup>\u00ae<\/sup>\u00a0F<\/a> parviendra \u00e0 identifier de mani\u00e8re formelle.<\/p>\n<p>Nous serons ravis de vous renseigner de mani\u00e8re plus d\u00e9taill\u00e9e si vous souhaitez obtenir davantage d&rsquo;informations ou si vous avez des questions au sujet de m\u00e9thodes fiables de d\u00e9pistage de drogues.<\/p>\n<p>Num\u00e9ro vert: 0800.940.884<br \/>\nEmail:\u00a0<a href=\"mailto:info.fr@securetec.net\">info.fr@securetec.net<\/a><\/p>\n<p><a href=\"https:\/\/www.securetec.net\/fr\/depistage-de-stupefiants\/\">&gt;&gt; Tests de d\u00e9pistage de drogues DrugWipe<sup>\u00ae<\/sup><\/a>[\/vc_column_text][tm_spacer size=\u00a0\u00bblg:30&Prime;][tm_button button=\u00a0\u00bburl:https%3A%2F%2Fwww.securetec.net%2Ffr%2Fcontacter%2F|title:Contacter\u00a0\u00bb][\/vc_column][\/vc_row]<\/p>\n<\/div>","protected":false},"excerpt":{"rendered":"[vc_row lg_spacing=\u00a0\u00bbmargin_bottom:50&Prime;][vc_column][vc_column_text] Identification fiable des dangers en lien avec la consommation de drogue Des tests rapides de d\u00e9pistage de drogue sur mesure pour les situations d\u00e9licates Les signes ext\u00e9rieurs de consommation de stup\u00e9fiants sont g\u00e9n\u00e9ralement difficiles \u00e0 d\u00e9celer en entreprise, contrairement \u00e0 ceux de l&rsquo;alcool. La toxicomanie est souvent un sujet tabou, et son identification demande beaucoup de d\u00e9licatesse et de sensibilit\u00e9. Nous aidons les entreprises et les institutions \u00e0 proc\u00e9der \u00e0 un d\u00e9pistage sans \u00e9quivoque gr\u00e2ce \u00e0 des tests salivaires rapides.[\/vc_column_text][\/vc_column][\/vc_row][vc_row][vc_column][tm_table] Test salivaire Test de surfaces Facultatif\u00a0: Analyseur de tests salivaires Teste les effets directs de mani\u00e8re cibl\u00e9e R\u00e9sultats disponibles au bout de 3 \u00e0 8\u00a0minutes Interpr\u00e9tation visuelle R\u00e9alisation hygi\u00e9nique, rapide et facile du pr\u00e9l\u00e8vement Fiabilit\u00e9 et manipulation s\u00fbre Selon le mod\u00e8le, permet de d\u00e9tecter cannabis, coca\u00efne, opiac\u00e9s, amph\u00e9tamines\/m\u00e9th\u00adamph\u00e9tamines, benzodiaz\u00e9pines, k\u00e9tamine\/PCP, bupr\u00e9norphine, m\u00e9thadone D\u00e9pistage fiable et s\u00fbr de traces invisibles Interpr\u00e9tation visuelle Test discret sans contact direct avec la personne Adopt\u00e9 partout dans le monde par la police, la douane et les entreprises Selon le mod\u00e8le, permet de d\u00e9tecter cannabis, coca\u00efne, opiac\u00e9s et amph\u00e9tamines\/m\u00e9th\u00adamph\u00e9tamines R\u00e9sultat objectif garanti pour chaque test Mobile et l\u00e9ger Imprimante int\u00e9gr\u00e9e pour une documentation rapide du d\u00e9pistage Saisie et sauvegarde des informations n\u00e9cessaires, notamment les donn\u00e9es de date et d&rsquo;heure Protection des donn\u00e9es garantie DrugWipe\u00ae S DrugWipe\u00ae F WipeAlyser\u00ae Pr\u00e9l\u00e8vement de salive Surfaces de pr\u00e9l\u00e8vement Documentation des\u00a0r\u00e9sultats [\/tm_table][\/vc_column][\/vc_row][vc_row][vc_column][tm_spacer size=\u00a0\u00bblg:30&Prime;][vc_column_text css=\u00a0\u00bb.vc_custom_1680159523182{margin-bottom: 40px !important;}\u00a0\u00bb]Sur la base du contrat de travail correspondant et avec le consentement de la personne test\u00e9e, l&rsquo;agent de s\u00e9curit\u00e9 ou le m\u00e9decin du travail de l&rsquo;entreprise peut proc\u00e9der \u00e0 un test rapide de d\u00e9pistage de drogue de mani\u00e8re rapide, fiable et hygi\u00e9nique avec DrugWipe. Facile \u00e0 manipuler, le test salivaire DrugWipe\u00ae\u00a0S d\u00e9tecte de mani\u00e8re s\u00fbre, hygi\u00e9nique et rapide les stup\u00e9fiants les plus commun\u00e9ment utilis\u00e9s. Les tests de surfaces permettent \u00e9galement de dissiper ou de v\u00e9rifier discr\u00e8tement les soup\u00e7ons. La consommation de drogue laisse immanquablement des traces que le test\u00a0de surfaces DrugWipe\u00ae\u00a0F parviendra \u00e0 identifier de mani\u00e8re formelle. Nous serons ravis de vous renseigner de mani\u00e8re plus d\u00e9taill\u00e9e si vous souhaitez obtenir davantage d&rsquo;informations ou si vous avez des questions au sujet de m\u00e9thodes fiables de d\u00e9pistage de drogues. Num\u00e9ro vert: 0800.940.884 Email:\u00a0info.fr@securetec.net &gt;&gt; Tests de d\u00e9pistage de drogues DrugWipe\u00ae[\/vc_column_text][tm_spacer size=\u00a0\u00bblg:30&Prime;][tm_button button=\u00a0\u00bburl:https%3A%2F%2Fwww.securetec.net%2Ffr%2Fcontacter%2F|title:Contacter\u00a0\u00bb][\/vc_column][\/vc_row]","protected":false},"author":1,"featured_media":0,"parent":7388,"menu_order":0,"comment_status":"closed","ping_status":"closed","template":"","meta":{"footnotes":""},"class_list":["post-7429","page","type-page","status-publish","hentry"],"yoast_head":"<!-- This site is optimized with the Yoast SEO plugin v25.6 - https:\/\/yoast.com\/wordpress\/plugins\/seo\/ -->\n<title>Drogenscreenings f\u00fcr Ihre Sicherheit - Unser Leistungsspektrum<\/title>\n<meta name=\"description\" content=\"Im Falle der meist verbreiteten Bet\u00e4ubungsmittel wird mit DrugWipe\u00ae Speicheltests die unmittelbare Beeinflussung eines Mitarbeiters sicher erkannt. Eine andere Handlungsoption f\u00fcr die diskrete \u00dcberpr\u00fcfung eines Verdachts bieten Oberfl\u00e4chentests.\" \/>\n<meta name=\"robots\" content=\"index, follow, max-snippet:-1, max-image-preview:large, max-video-preview:-1\" \/>\n<link rel=\"canonical\" href=\"https:\/\/www.securetec.net\/fr\/references\/depistage-de-drogues-en-entreprise\/depistages-de-drogue-notre-gamme-de-services\/\" \/>\n<meta property=\"og:locale\" content=\"fr_FR\" \/>\n<meta property=\"og:type\" content=\"article\" \/>\n<meta property=\"og:title\" content=\"Drogenscreenings f\u00fcr Ihre Sicherheit - Unser Leistungsspektrum\" \/>\n<meta property=\"og:description\" content=\"Im Falle der meist verbreiteten Bet\u00e4ubungsmittel wird mit DrugWipe\u00ae Speicheltests die unmittelbare Beeinflussung eines Mitarbeiters sicher erkannt. Eine andere Handlungsoption f\u00fcr die diskrete \u00dcberpr\u00fcfung eines Verdachts bieten Oberfl\u00e4chentests.\" \/>\n<meta property=\"og:url\" content=\"https:\/\/www.securetec.net\/fr\/references\/depistage-de-drogues-en-entreprise\/depistages-de-drogue-notre-gamme-de-services\/\" \/>\n<meta property=\"og:site_name\" content=\"Securetec Detektions-Systeme AG\" \/>\n<meta property=\"article:modified_time\" content=\"2023-03-30T06:58:47+00:00\" \/>\n<meta property=\"og:image\" content=\"https:\/\/www.securetec.net\/app\/uploads\/2020\/07\/MG_3189_DrugWipe_saliva_testing-300x200.jpg\" \/>\n<meta name=\"twitter:card\" content=\"summary_large_image\" \/>\n<meta name=\"twitter:site\" content=\"@DrugWipeUK\" \/>\n<meta name=\"twitter:label1\" content=\"Est. reading time\" \/>\n\t<meta name=\"twitter:data1\" content=\"3 minutes\" \/>\n<script type=\"application\/ld+json\" class=\"yoast-schema-graph\">{\"@context\":\"https:\/\/schema.org\",\"@graph\":[{\"@type\":\"WebPage\",\"@id\":\"https:\/\/www.securetec.net\/fr\/references\/depistage-de-drogues-en-entreprise\/depistages-de-drogue-notre-gamme-de-services\/\",\"url\":\"https:\/\/www.securetec.net\/fr\/references\/depistage-de-drogues-en-entreprise\/depistages-de-drogue-notre-gamme-de-services\/\",\"name\":\"Drogenscreenings f\u00fcr Ihre Sicherheit - Unser Leistungsspektrum\",\"isPartOf\":{\"@id\":\"https:\/\/www.securetec.net\/fr\/#website\"},\"primaryImageOfPage\":{\"@id\":\"https:\/\/www.securetec.net\/fr\/references\/depistage-de-drogues-en-entreprise\/depistages-de-drogue-notre-gamme-de-services\/#primaryimage\"},\"image\":{\"@id\":\"https:\/\/www.securetec.net\/fr\/references\/depistage-de-drogues-en-entreprise\/depistages-de-drogue-notre-gamme-de-services\/#primaryimage\"},\"thumbnailUrl\":\"https:\/\/www.securetec.net\/app\/uploads\/2020\/07\/MG_3189_DrugWipe_saliva_testing-300x200.jpg\",\"datePublished\":\"2018-07-19T15:51:41+00:00\",\"dateModified\":\"2023-03-30T06:58:47+00:00\",\"description\":\"Im Falle der meist verbreiteten Bet\u00e4ubungsmittel wird mit DrugWipe\u00ae Speicheltests die unmittelbare Beeinflussung eines Mitarbeiters sicher erkannt. Eine andere Handlungsoption f\u00fcr die diskrete \u00dcberpr\u00fcfung eines Verdachts bieten Oberfl\u00e4chentests.\",\"breadcrumb\":{\"@id\":\"https:\/\/www.securetec.net\/fr\/references\/depistage-de-drogues-en-entreprise\/depistages-de-drogue-notre-gamme-de-services\/#breadcrumb\"},\"inLanguage\":\"fr-FR\",\"potentialAction\":[{\"@type\":\"ReadAction\",\"target\":[\"https:\/\/www.securetec.net\/fr\/references\/depistage-de-drogues-en-entreprise\/depistages-de-drogue-notre-gamme-de-services\/\"]}]},{\"@type\":\"ImageObject\",\"inLanguage\":\"fr-FR\",\"@id\":\"https:\/\/www.securetec.net\/fr\/references\/depistage-de-drogues-en-entreprise\/depistages-de-drogue-notre-gamme-de-services\/#primaryimage\",\"url\":\"https:\/\/www.securetec.net\/app\/uploads\/2020\/07\/MG_3189_DrugWipe_saliva_testing-300x200.jpg\",\"contentUrl\":\"https:\/\/www.securetec.net\/app\/uploads\/2020\/07\/MG_3189_DrugWipe_saliva_testing-300x200.jpg\"},{\"@type\":\"BreadcrumbList\",\"@id\":\"https:\/\/www.securetec.net\/fr\/references\/depistage-de-drogues-en-entreprise\/depistages-de-drogue-notre-gamme-de-services\/#breadcrumb\",\"itemListElement\":[{\"@type\":\"ListItem\",\"position\":1,\"name\":\"Startseite\",\"item\":\"https:\/\/www.securetec.net\/fr\/\"},{\"@type\":\"ListItem\",\"position\":2,\"name\":\"Solutions de clients\",\"item\":\"https:\/\/www.securetec.net\/fr\/references\/\"},{\"@type\":\"ListItem\",\"position\":3,\"name\":\"D\u00e9pistage de drogues en entreprise\",\"item\":\"https:\/\/www.securetec.net\/fr\/references\/depistage-de-drogues-en-entreprise\/\"},{\"@type\":\"ListItem\",\"position\":4,\"name\":\"D\u00e9pistages de drogue : notre gamme de services\"}]},{\"@type\":\"WebSite\",\"@id\":\"https:\/\/www.securetec.net\/fr\/#website\",\"url\":\"https:\/\/www.securetec.net\/fr\/\",\"name\":\"Securetec Detektions-Systeme AG\",\"description\":\"We detect to protect\",\"publisher\":{\"@id\":\"https:\/\/www.securetec.net\/fr\/#organization\"},\"potentialAction\":[{\"@type\":\"SearchAction\",\"target\":{\"@type\":\"EntryPoint\",\"urlTemplate\":\"https:\/\/www.securetec.net\/fr\/?s={search_term_string}\"},\"query-input\":{\"@type\":\"PropertyValueSpecification\",\"valueRequired\":true,\"valueName\":\"search_term_string\"}}],\"inLanguage\":\"fr-FR\"},{\"@type\":\"Organization\",\"@id\":\"https:\/\/www.securetec.net\/fr\/#organization\",\"name\":\"Securetec Detektions-Systeme AG\",\"url\":\"https:\/\/www.securetec.net\/fr\/\",\"logo\":{\"@type\":\"ImageObject\",\"inLanguage\":\"fr-FR\",\"@id\":\"https:\/\/www.securetec.net\/fr\/#\/schema\/logo\/image\/\",\"url\":\"https:\/\/www.securetec.net\/app\/uploads\/2018\/07\/Securetec_Logo_.png\",\"contentUrl\":\"https:\/\/www.securetec.net\/app\/uploads\/2018\/07\/Securetec_Logo_.png\",\"width\":411,\"height\":189,\"caption\":\"Securetec Detektions-Systeme AG\"},\"image\":{\"@id\":\"https:\/\/www.securetec.net\/fr\/#\/schema\/logo\/image\/\"},\"sameAs\":[\"https:\/\/x.com\/DrugWipeUK\",\"https:\/\/www.linkedin.com\/company\/securetec\",\"https:\/\/www.youtube.com\/channel\/UCP9jQA-TYhtqanhaooppMqw\"]}]}<\/script>\n<!-- \/ Yoast SEO plugin. -->","yoast_head_json":{"title":"Drogenscreenings f\u00fcr Ihre Sicherheit - Unser Leistungsspektrum","description":"Im Falle der meist verbreiteten Bet\u00e4ubungsmittel wird mit DrugWipe\u00ae Speicheltests die unmittelbare Beeinflussung eines Mitarbeiters sicher erkannt. Eine andere Handlungsoption f\u00fcr die diskrete \u00dcberpr\u00fcfung eines Verdachts bieten Oberfl\u00e4chentests.","robots":{"index":"index","follow":"follow","max-snippet":"max-snippet:-1","max-image-preview":"max-image-preview:large","max-video-preview":"max-video-preview:-1"},"canonical":"https:\/\/www.securetec.net\/fr\/references\/depistage-de-drogues-en-entreprise\/depistages-de-drogue-notre-gamme-de-services\/","og_locale":"fr_FR","og_type":"article","og_title":"Drogenscreenings f\u00fcr Ihre Sicherheit - Unser Leistungsspektrum","og_description":"Im Falle der meist verbreiteten Bet\u00e4ubungsmittel wird mit DrugWipe\u00ae Speicheltests die unmittelbare Beeinflussung eines Mitarbeiters sicher erkannt. Eine andere Handlungsoption f\u00fcr die diskrete \u00dcberpr\u00fcfung eines Verdachts bieten Oberfl\u00e4chentests.","og_url":"https:\/\/www.securetec.net\/fr\/references\/depistage-de-drogues-en-entreprise\/depistages-de-drogue-notre-gamme-de-services\/","og_site_name":"Securetec Detektions-Systeme AG","article_modified_time":"2023-03-30T06:58:47+00:00","og_image":[{"url":"https:\/\/www.securetec.net\/app\/uploads\/2020\/07\/MG_3189_DrugWipe_saliva_testing-300x200.jpg","type":"","width":"","height":""}],"twitter_card":"summary_large_image","twitter_site":"@DrugWipeUK","twitter_misc":{"Est. reading time":"3 minutes"},"schema":{"@context":"https:\/\/schema.org","@graph":[{"@type":"WebPage","@id":"https:\/\/www.securetec.net\/fr\/references\/depistage-de-drogues-en-entreprise\/depistages-de-drogue-notre-gamme-de-services\/","url":"https:\/\/www.securetec.net\/fr\/references\/depistage-de-drogues-en-entreprise\/depistages-de-drogue-notre-gamme-de-services\/","name":"Drogenscreenings f\u00fcr Ihre Sicherheit - Unser Leistungsspektrum","isPartOf":{"@id":"https:\/\/www.securetec.net\/fr\/#website"},"primaryImageOfPage":{"@id":"https:\/\/www.securetec.net\/fr\/references\/depistage-de-drogues-en-entreprise\/depistages-de-drogue-notre-gamme-de-services\/#primaryimage"},"image":{"@id":"https:\/\/www.securetec.net\/fr\/references\/depistage-de-drogues-en-entreprise\/depistages-de-drogue-notre-gamme-de-services\/#primaryimage"},"thumbnailUrl":"https:\/\/www.securetec.net\/app\/uploads\/2020\/07\/MG_3189_DrugWipe_saliva_testing-300x200.jpg","datePublished":"2018-07-19T15:51:41+00:00","dateModified":"2023-03-30T06:58:47+00:00","description":"Im Falle der meist verbreiteten Bet\u00e4ubungsmittel wird mit DrugWipe\u00ae Speicheltests die unmittelbare Beeinflussung eines Mitarbeiters sicher erkannt. Eine andere Handlungsoption f\u00fcr die diskrete \u00dcberpr\u00fcfung eines Verdachts bieten Oberfl\u00e4chentests.","breadcrumb":{"@id":"https:\/\/www.securetec.net\/fr\/references\/depistage-de-drogues-en-entreprise\/depistages-de-drogue-notre-gamme-de-services\/#breadcrumb"},"inLanguage":"fr-FR","potentialAction":[{"@type":"ReadAction","target":["https:\/\/www.securetec.net\/fr\/references\/depistage-de-drogues-en-entreprise\/depistages-de-drogue-notre-gamme-de-services\/"]}]},{"@type":"ImageObject","inLanguage":"fr-FR","@id":"https:\/\/www.securetec.net\/fr\/references\/depistage-de-drogues-en-entreprise\/depistages-de-drogue-notre-gamme-de-services\/#primaryimage","url":"https:\/\/www.securetec.net\/app\/uploads\/2020\/07\/MG_3189_DrugWipe_saliva_testing-300x200.jpg","contentUrl":"https:\/\/www.securetec.net\/app\/uploads\/2020\/07\/MG_3189_DrugWipe_saliva_testing-300x200.jpg"},{"@type":"BreadcrumbList","@id":"https:\/\/www.securetec.net\/fr\/references\/depistage-de-drogues-en-entreprise\/depistages-de-drogue-notre-gamme-de-services\/#breadcrumb","itemListElement":[{"@type":"ListItem","position":1,"name":"Startseite","item":"https:\/\/www.securetec.net\/fr\/"},{"@type":"ListItem","position":2,"name":"Solutions de clients","item":"https:\/\/www.securetec.net\/fr\/references\/"},{"@type":"ListItem","position":3,"name":"D\u00e9pistage de drogues en entreprise","item":"https:\/\/www.securetec.net\/fr\/references\/depistage-de-drogues-en-entreprise\/"},{"@type":"ListItem","position":4,"name":"D\u00e9pistages de drogue : notre gamme de services"}]},{"@type":"WebSite","@id":"https:\/\/www.securetec.net\/fr\/#website","url":"https:\/\/www.securetec.net\/fr\/","name":"Securetec Detektions-Systeme AG","description":"We detect to protect","publisher":{"@id":"https:\/\/www.securetec.net\/fr\/#organization"},"potentialAction":[{"@type":"SearchAction","target":{"@type":"EntryPoint","urlTemplate":"https:\/\/www.securetec.net\/fr\/?s={search_term_string}"},"query-input":{"@type":"PropertyValueSpecification","valueRequired":true,"valueName":"search_term_string"}}],"inLanguage":"fr-FR"},{"@type":"Organization","@id":"https:\/\/www.securetec.net\/fr\/#organization","name":"Securetec Detektions-Systeme AG","url":"https:\/\/www.securetec.net\/fr\/","logo":{"@type":"ImageObject","inLanguage":"fr-FR","@id":"https:\/\/www.securetec.net\/fr\/#\/schema\/logo\/image\/","url":"https:\/\/www.securetec.net\/app\/uploads\/2018\/07\/Securetec_Logo_.png","contentUrl":"https:\/\/www.securetec.net\/app\/uploads\/2018\/07\/Securetec_Logo_.png","width":411,"height":189,"caption":"Securetec Detektions-Systeme AG"},"image":{"@id":"https:\/\/www.securetec.net\/fr\/#\/schema\/logo\/image\/"},"sameAs":["https:\/\/x.com\/DrugWipeUK","https:\/\/www.linkedin.com\/company\/securetec","https:\/\/www.youtube.com\/channel\/UCP9jQA-TYhtqanhaooppMqw"]}]}},"_links":{"self":[{"href":"https:\/\/www.securetec.net\/fr\/wp-json\/wp\/v2\/pages\/7429","targetHints":{"allow":["GET"]}}],"collection":[{"href":"https:\/\/www.securetec.net\/fr\/wp-json\/wp\/v2\/pages"}],"about":[{"href":"https:\/\/www.securetec.net\/fr\/wp-json\/wp\/v2\/types\/page"}],"author":[{"embeddable":true,"href":"https:\/\/www.securetec.net\/fr\/wp-json\/wp\/v2\/users\/1"}],"replies":[{"embeddable":true,"href":"https:\/\/www.securetec.net\/fr\/wp-json\/wp\/v2\/comments?post=7429"}],"version-history":[{"count":10,"href":"https:\/\/www.securetec.net\/fr\/wp-json\/wp\/v2\/pages\/7429\/revisions"}],"predecessor-version":[{"id":14208,"href":"https:\/\/www.securetec.net\/fr\/wp-json\/wp\/v2\/pages\/7429\/revisions\/14208"}],"up":[{"embeddable":true,"href":"https:\/\/www.securetec.net\/fr\/wp-json\/wp\/v2\/pages\/7388"}],"wp:attachment":[{"href":"https:\/\/www.securetec.net\/fr\/wp-json\/wp\/v2\/media?parent=7429"}],"curies":[{"name":"wp","href":"https:\/\/api.w.org\/{rel}","templated":true}]}}