{"id":7405,"date":"2018-11-21T14:07:32","date_gmt":"2018-11-21T13:07:32","guid":{"rendered":"https:\/\/www.securetec.net\/?page_id=7405"},"modified":"2025-07-31T12:20:22","modified_gmt":"2025-07-31T10:20:22","slug":"depistage-de-stupefiants","status":"publish","type":"page","link":"https:\/\/www.securetec.net\/fr\/depistage-de-stupefiants\/","title":{"rendered":"Produits"},"content":{"rendered":"<div class=\"wpb-content-wrapper\"><p>[vc_row css_animation=\u00a0\u00bbslideInUp\u00a0\u00bb lg_spacing=\u00a0\u00bbmargin_top:40;padding_top:0;padding_bottom:40&Prime;][vc_column][tm_heading tag=\u00a0\u00bbh1&Prime; custom_google_font=\u00a0\u00bb\u00a0\u00bb animation=\u00a0\u00bbnone\u00a0\u00bb text=\u00a0\u00bbPr\u00e9sentation des tests de d\u00e9pistage de drogue\u00a0\u00bb][vc_column_text]<\/p>\n<p style=\"text-align: center;\">Securetec propose une large gamme de tests immunochimiques \u00e0 usage unique et \u00e0 usages multiples. Le test de d\u00e9pistage de drogue DrugWipe\u00ae garantit un maximum de fiabilit\u00e9 de m\u00eame qu&rsquo;une manipulation hygi\u00e9nique en toute simplicit\u00e9.<\/p>\n<p>[\/vc_column_text][\/vc_column][\/vc_row][vc_row css_animation=\u00a0\u00bbslideInUp\u00a0\u00bb][vc_column][vc_column_text]<\/p>\n<p style=\"text-align: center;\">Le test de d\u00e9pistage de drogue DrugWipe\u00ae a \u00e9t\u00e9 \u00e9prouv\u00e9 par les forces de l&rsquo;ordre partout dans le monde. Il est disponible dans 30 pays sur les 6 continents (voir \u00c9tapes majeures). Nous vous proposons les gammes de produits suivantes, sp\u00e9cialement con\u00e7ues et continuellement optimis\u00e9es pour les domaines d&rsquo;utilisation de tests salivaires, de d\u00e9tection de traces sur diverses surfaces et de pr\u00e9l\u00e8vements de sueur :<\/p>\n<p>[\/vc_column_text][\/vc_column][\/vc_row][vc_row css_animation=\u00a0\u00bbslideInUp\u00a0\u00bb lg_spacing=\u00a0\u00bbmargin_top:40&Prime;][vc_column width=\u00a0\u00bb1\/4&Prime;][\/vc_column][vc_column width=\u00a0\u00bb1\/2&Prime;][\/vc_column][vc_column width=\u00a0\u00bb1\/4&Prime;][\/vc_column][\/vc_row][vc_row css_animation=\u00a0\u00bbslideInUp\u00a0\u00bb lg_spacing=\u00a0\u00bbmargin_top:40&Prime;][vc_column][vc_basic_grid post_type=\u00a0\u00bbsec_produkte\u00a0\u00bb max_items=\u00a0\u00bb9&Prime; style=\u00a0\u00bbload-more\u00a0\u00bb items_per_page=\u00a0\u00bb9&Prime; show_filter=\u00a0\u00bbyes\u00a0\u00bb orderby=\u00a0\u00bbID\u00a0\u00bb filter_color=\u00a0\u00bbwhite\u00a0\u00bb filter_size=\u00a0\u00bbxs\u00a0\u00bb initial_loading_animation=\u00a0\u00bbslideInUp\u00a0\u00bb css=\u00a0\u00bb.vc_custom_1537266897607{margin-bottom: 10px !important;}\u00a0\u00bb btn_title=\u00a0\u00bb\u00a0\u00bb btn_style=\u00a0\u00bboutline\u00a0\u00bb btn_color=\u00a0\u00bbprimary\u00a0\u00bb btn_align=\u00a0\u00bbcenter\u00a0\u00bb grid_id=\u00a0\u00bbvc_gid:1753957119958-89b693c8-86d9-6&Prime; taxonomies=\u00a0\u00bb67&Prime; el_class=\u00a0\u00bbpost-grid-products\u00a0\u00bb filter_source=\u00a0\u00bbportfolio_tags\u00a0\u00bb][\/vc_column][\/vc_row][vc_row][vc_column][tm_heading custom_google_font=\u00a0\u00bb\u00a0\u00bb animation=\u00a0\u00bbnone\u00a0\u00bb text=\u00a0\u00bbSolution syst\u00e8me pour d\u00e9tection de drogues\u00a0\u00bb css=\u00a0\u00bb.vc_custom_1547041270188{margin-bottom: 20px !important;}\u00a0\u00bb][vc_column_text css=\u00a0\u00bb.vc_custom_1547041291710{margin-bottom: 45px !important;}\u00a0\u00bb]<\/p>\n<p style=\"text-align: center;\">Gr\u00e2ce \u00e0 notre r\u00e9seau d\u2019instituts et de soci\u00e9t\u00e9s partenaires comp\u00e9tents, nous d\u00e9veloppons avec vous votre syst\u00e8me de test sur mesure.<\/p>\n<p style=\"text-align: center;\">Ci-dessous le dispositif et syst\u00e8me de d\u00e9tection pour d\u00e9pistage de stup\u00e9fiants ou lecture \u00e9lectronique de tests de d\u00e9pistage :<\/p>\n<p>[\/vc_column_text][vc_basic_grid post_type=\u00a0\u00bbsec_produkte\u00a0\u00bb max_items=\u00a0\u00bb10&Prime; show_filter=\u00a0\u00bbyes\u00a0\u00bb filter_size=\u00a0\u00bbxs\u00a0\u00bb css=\u00a0\u00bb.vc_custom_1539033205656{margin-bottom: 30px !important;}\u00a0\u00bb grid_id=\u00a0\u00bbvc_gid:1753957119959-0572939b-81c1-0&Prime; taxonomies=\u00a0\u00bb66&Prime; filter_source=\u00a0\u00bbportfolio_tags\u00a0\u00bb][\/vc_column][\/vc_row][vc_row][vc_column][vc_basic_grid post_type=\u00a0\u00bbsec_produkte\u00a0\u00bb max_items=\u00a0\u00bb1&Prime; show_filter=\u00a0\u00bbyes\u00a0\u00bb filter_size=\u00a0\u00bbsm\u00a0\u00bb css=\u00a0\u00bb.vc_custom_1753957219967{margin-bottom: 30px !important;}\u00a0\u00bb grid_id=\u00a0\u00bbvc_gid:1753957119961-1443a7fa-81a9-1&Prime; taxonomies=\u00a0\u00bb68&Prime; filter_source=\u00a0\u00bbportfolio_tags\u00a0\u00bb][\/vc_column][\/vc_row]<\/p>\n<\/div>","protected":false},"excerpt":{"rendered":"[vc_row css_animation=\u00a0\u00bbslideInUp\u00a0\u00bb lg_spacing=\u00a0\u00bbmargin_top:40;padding_top:0;padding_bottom:40&Prime;][vc_column][tm_heading tag=\u00a0\u00bbh1&Prime; custom_google_font=\u00a0\u00bb\u00a0\u00bb animation=\u00a0\u00bbnone\u00a0\u00bb text=\u00a0\u00bbPr\u00e9sentation des tests de d\u00e9pistage de drogue\u00a0\u00bb][vc_column_text] Securetec propose une large gamme de tests immunochimiques \u00e0 usage unique et \u00e0 usages multiples. Le test de d\u00e9pistage de drogue DrugWipe\u00ae garantit un maximum de fiabilit\u00e9 de m\u00eame qu&rsquo;une manipulation hygi\u00e9nique en toute simplicit\u00e9. [\/vc_column_text][\/vc_column][\/vc_row][vc_row css_animation=\u00a0\u00bbslideInUp\u00a0\u00bb][vc_column][vc_column_text] Le test de d\u00e9pistage de drogue DrugWipe\u00ae a \u00e9t\u00e9 \u00e9prouv\u00e9 par les forces de l&rsquo;ordre partout dans le monde. Il est disponible dans 30 pays sur les 6 continents (voir \u00c9tapes majeures). Nous vous proposons les gammes de produits suivantes, sp\u00e9cialement con\u00e7ues et continuellement optimis\u00e9es pour les domaines d&rsquo;utilisation de tests salivaires, de d\u00e9tection de traces sur diverses surfaces et de pr\u00e9l\u00e8vements de sueur : [\/vc_column_text][\/vc_column][\/vc_row][vc_row css_animation=\u00a0\u00bbslideInUp\u00a0\u00bb lg_spacing=\u00a0\u00bbmargin_top:40&Prime;][vc_column width=\u00a0\u00bb1\/4&Prime;][\/vc_column][vc_column width=\u00a0\u00bb1\/2&Prime;][\/vc_column][vc_column width=\u00a0\u00bb1\/4&Prime;][\/vc_column][\/vc_row][vc_row css_animation=\u00a0\u00bbslideInUp\u00a0\u00bb lg_spacing=\u00a0\u00bbmargin_top:40&Prime;][vc_column][vc_basic_grid post_type=\u00a0\u00bbsec_produkte\u00a0\u00bb max_items=\u00a0\u00bb9&Prime; style=\u00a0\u00bbload-more\u00a0\u00bb items_per_page=\u00a0\u00bb9&Prime; show_filter=\u00a0\u00bbyes\u00a0\u00bb orderby=\u00a0\u00bbID\u00a0\u00bb filter_color=\u00a0\u00bbwhite\u00a0\u00bb filter_size=\u00a0\u00bbxs\u00a0\u00bb initial_loading_animation=\u00a0\u00bbslideInUp\u00a0\u00bb css=\u00a0\u00bb.vc_custom_1537266897607{margin-bottom: 10px !important;}\u00a0\u00bb btn_title=\u00a0\u00bb\u00a0\u00bb btn_style=\u00a0\u00bboutline\u00a0\u00bb btn_color=\u00a0\u00bbprimary\u00a0\u00bb btn_align=\u00a0\u00bbcenter\u00a0\u00bb grid_id=\u00a0\u00bbvc_gid:1753957119958-89b693c8-86d9-6&Prime; taxonomies=\u00a0\u00bb67&Prime; el_class=\u00a0\u00bbpost-grid-products\u00a0\u00bb filter_source=\u00a0\u00bbportfolio_tags\u00a0\u00bb][\/vc_column][\/vc_row][vc_row][vc_column][tm_heading custom_google_font=\u00a0\u00bb\u00a0\u00bb animation=\u00a0\u00bbnone\u00a0\u00bb text=\u00a0\u00bbSolution syst\u00e8me pour d\u00e9tection de drogues\u00a0\u00bb css=\u00a0\u00bb.vc_custom_1547041270188{margin-bottom: 20px !important;}\u00a0\u00bb][vc_column_text css=\u00a0\u00bb.vc_custom_1547041291710{margin-bottom: 45px !important;}\u00a0\u00bb] Gr\u00e2ce \u00e0 notre r\u00e9seau d\u2019instituts et de soci\u00e9t\u00e9s partenaires comp\u00e9tents, nous d\u00e9veloppons avec vous votre syst\u00e8me de test sur mesure. Ci-dessous le dispositif et syst\u00e8me de d\u00e9tection pour d\u00e9pistage de stup\u00e9fiants ou lecture \u00e9lectronique de tests de d\u00e9pistage : [\/vc_column_text][vc_basic_grid post_type=\u00a0\u00bbsec_produkte\u00a0\u00bb max_items=\u00a0\u00bb10&Prime; show_filter=\u00a0\u00bbyes\u00a0\u00bb filter_size=\u00a0\u00bbxs\u00a0\u00bb css=\u00a0\u00bb.vc_custom_1539033205656{margin-bottom: 30px !important;}\u00a0\u00bb grid_id=\u00a0\u00bbvc_gid:1753957119959-0572939b-81c1-0&Prime; taxonomies=\u00a0\u00bb66&Prime; filter_source=\u00a0\u00bbportfolio_tags\u00a0\u00bb][\/vc_column][\/vc_row][vc_row][vc_column][vc_basic_grid post_type=\u00a0\u00bbsec_produkte\u00a0\u00bb max_items=\u00a0\u00bb1&Prime; show_filter=\u00a0\u00bbyes\u00a0\u00bb filter_size=\u00a0\u00bbsm\u00a0\u00bb css=\u00a0\u00bb.vc_custom_1753957219967{margin-bottom: 30px !important;}\u00a0\u00bb grid_id=\u00a0\u00bbvc_gid:1753957119961-1443a7fa-81a9-1&Prime; taxonomies=\u00a0\u00bb68&Prime; filter_source=\u00a0\u00bbportfolio_tags\u00a0\u00bb][\/vc_column][\/vc_row]","protected":false},"author":7,"featured_media":0,"parent":0,"menu_order":0,"comment_status":"closed","ping_status":"closed","template":"templates\/products.php","meta":{"footnotes":""},"class_list":["post-7405","page","type-page","status-publish","hentry"],"yoast_head":"<!-- This site is optimized with the Yoast SEO plugin v25.6 - https:\/\/yoast.com\/wordpress\/plugins\/seo\/ -->\n<title>Produits - Securetec Detektions-Systeme AG<\/title>\n<meta name=\"robots\" content=\"index, follow, max-snippet:-1, max-image-preview:large, max-video-preview:-1\" \/>\n<link rel=\"canonical\" href=\"https:\/\/www.securetec.net\/fr\/depistage-de-stupefiants\/\" \/>\n<meta property=\"og:locale\" content=\"fr_FR\" \/>\n<meta property=\"og:type\" content=\"article\" \/>\n<meta property=\"og:title\" content=\"Produits - Securetec Detektions-Systeme AG\" \/>\n<meta property=\"og:url\" content=\"https:\/\/www.securetec.net\/fr\/depistage-de-stupefiants\/\" \/>\n<meta property=\"og:site_name\" content=\"Securetec Detektions-Systeme AG\" \/>\n<meta property=\"article:modified_time\" content=\"2025-07-31T10:20:22+00:00\" \/>\n<meta name=\"twitter:card\" content=\"summary_large_image\" \/>\n<meta name=\"twitter:site\" content=\"@DrugWipeUK\" \/>\n<meta name=\"twitter:label1\" content=\"Est. reading time\" \/>\n\t<meta name=\"twitter:data1\" content=\"2 minutes\" \/>\n<script type=\"application\/ld+json\" class=\"yoast-schema-graph\">{\"@context\":\"https:\/\/schema.org\",\"@graph\":[{\"@type\":\"WebPage\",\"@id\":\"https:\/\/www.securetec.net\/fr\/depistage-de-stupefiants\/\",\"url\":\"https:\/\/www.securetec.net\/fr\/depistage-de-stupefiants\/\",\"name\":\"Produits - Securetec Detektions-Systeme AG\",\"isPartOf\":{\"@id\":\"https:\/\/www.securetec.net\/fr\/#website\"},\"datePublished\":\"2018-11-21T13:07:32+00:00\",\"dateModified\":\"2025-07-31T10:20:22+00:00\",\"breadcrumb\":{\"@id\":\"https:\/\/www.securetec.net\/fr\/depistage-de-stupefiants\/#breadcrumb\"},\"inLanguage\":\"fr-FR\",\"potentialAction\":[{\"@type\":\"ReadAction\",\"target\":[\"https:\/\/www.securetec.net\/fr\/depistage-de-stupefiants\/\"]}]},{\"@type\":\"BreadcrumbList\",\"@id\":\"https:\/\/www.securetec.net\/fr\/depistage-de-stupefiants\/#breadcrumb\",\"itemListElement\":[{\"@type\":\"ListItem\",\"position\":1,\"name\":\"Startseite\",\"item\":\"https:\/\/www.securetec.net\/fr\/\"},{\"@type\":\"ListItem\",\"position\":2,\"name\":\"Produits\"}]},{\"@type\":\"WebSite\",\"@id\":\"https:\/\/www.securetec.net\/fr\/#website\",\"url\":\"https:\/\/www.securetec.net\/fr\/\",\"name\":\"Securetec Detektions-Systeme AG\",\"description\":\"We detect to protect\",\"publisher\":{\"@id\":\"https:\/\/www.securetec.net\/fr\/#organization\"},\"potentialAction\":[{\"@type\":\"SearchAction\",\"target\":{\"@type\":\"EntryPoint\",\"urlTemplate\":\"https:\/\/www.securetec.net\/fr\/?s={search_term_string}\"},\"query-input\":{\"@type\":\"PropertyValueSpecification\",\"valueRequired\":true,\"valueName\":\"search_term_string\"}}],\"inLanguage\":\"fr-FR\"},{\"@type\":\"Organization\",\"@id\":\"https:\/\/www.securetec.net\/fr\/#organization\",\"name\":\"Securetec Detektions-Systeme AG\",\"url\":\"https:\/\/www.securetec.net\/fr\/\",\"logo\":{\"@type\":\"ImageObject\",\"inLanguage\":\"fr-FR\",\"@id\":\"https:\/\/www.securetec.net\/fr\/#\/schema\/logo\/image\/\",\"url\":\"https:\/\/www.securetec.net\/app\/uploads\/2018\/07\/Securetec_Logo_.png\",\"contentUrl\":\"https:\/\/www.securetec.net\/app\/uploads\/2018\/07\/Securetec_Logo_.png\",\"width\":411,\"height\":189,\"caption\":\"Securetec Detektions-Systeme AG\"},\"image\":{\"@id\":\"https:\/\/www.securetec.net\/fr\/#\/schema\/logo\/image\/\"},\"sameAs\":[\"https:\/\/x.com\/DrugWipeUK\",\"https:\/\/www.linkedin.com\/company\/securetec\",\"https:\/\/www.youtube.com\/channel\/UCP9jQA-TYhtqanhaooppMqw\"]}]}<\/script>\n<!-- \/ Yoast SEO plugin. -->","yoast_head_json":{"title":"Produits - Securetec Detektions-Systeme AG","robots":{"index":"index","follow":"follow","max-snippet":"max-snippet:-1","max-image-preview":"max-image-preview:large","max-video-preview":"max-video-preview:-1"},"canonical":"https:\/\/www.securetec.net\/fr\/depistage-de-stupefiants\/","og_locale":"fr_FR","og_type":"article","og_title":"Produits - Securetec Detektions-Systeme AG","og_url":"https:\/\/www.securetec.net\/fr\/depistage-de-stupefiants\/","og_site_name":"Securetec Detektions-Systeme AG","article_modified_time":"2025-07-31T10:20:22+00:00","twitter_card":"summary_large_image","twitter_site":"@DrugWipeUK","twitter_misc":{"Est. reading time":"2 minutes"},"schema":{"@context":"https:\/\/schema.org","@graph":[{"@type":"WebPage","@id":"https:\/\/www.securetec.net\/fr\/depistage-de-stupefiants\/","url":"https:\/\/www.securetec.net\/fr\/depistage-de-stupefiants\/","name":"Produits - Securetec Detektions-Systeme AG","isPartOf":{"@id":"https:\/\/www.securetec.net\/fr\/#website"},"datePublished":"2018-11-21T13:07:32+00:00","dateModified":"2025-07-31T10:20:22+00:00","breadcrumb":{"@id":"https:\/\/www.securetec.net\/fr\/depistage-de-stupefiants\/#breadcrumb"},"inLanguage":"fr-FR","potentialAction":[{"@type":"ReadAction","target":["https:\/\/www.securetec.net\/fr\/depistage-de-stupefiants\/"]}]},{"@type":"BreadcrumbList","@id":"https:\/\/www.securetec.net\/fr\/depistage-de-stupefiants\/#breadcrumb","itemListElement":[{"@type":"ListItem","position":1,"name":"Startseite","item":"https:\/\/www.securetec.net\/fr\/"},{"@type":"ListItem","position":2,"name":"Produits"}]},{"@type":"WebSite","@id":"https:\/\/www.securetec.net\/fr\/#website","url":"https:\/\/www.securetec.net\/fr\/","name":"Securetec Detektions-Systeme AG","description":"We detect to protect","publisher":{"@id":"https:\/\/www.securetec.net\/fr\/#organization"},"potentialAction":[{"@type":"SearchAction","target":{"@type":"EntryPoint","urlTemplate":"https:\/\/www.securetec.net\/fr\/?s={search_term_string}"},"query-input":{"@type":"PropertyValueSpecification","valueRequired":true,"valueName":"search_term_string"}}],"inLanguage":"fr-FR"},{"@type":"Organization","@id":"https:\/\/www.securetec.net\/fr\/#organization","name":"Securetec Detektions-Systeme AG","url":"https:\/\/www.securetec.net\/fr\/","logo":{"@type":"ImageObject","inLanguage":"fr-FR","@id":"https:\/\/www.securetec.net\/fr\/#\/schema\/logo\/image\/","url":"https:\/\/www.securetec.net\/app\/uploads\/2018\/07\/Securetec_Logo_.png","contentUrl":"https:\/\/www.securetec.net\/app\/uploads\/2018\/07\/Securetec_Logo_.png","width":411,"height":189,"caption":"Securetec Detektions-Systeme AG"},"image":{"@id":"https:\/\/www.securetec.net\/fr\/#\/schema\/logo\/image\/"},"sameAs":["https:\/\/x.com\/DrugWipeUK","https:\/\/www.linkedin.com\/company\/securetec","https:\/\/www.youtube.com\/channel\/UCP9jQA-TYhtqanhaooppMqw"]}]}},"_links":{"self":[{"href":"https:\/\/www.securetec.net\/fr\/wp-json\/wp\/v2\/pages\/7405","targetHints":{"allow":["GET"]}}],"collection":[{"href":"https:\/\/www.securetec.net\/fr\/wp-json\/wp\/v2\/pages"}],"about":[{"href":"https:\/\/www.securetec.net\/fr\/wp-json\/wp\/v2\/types\/page"}],"author":[{"embeddable":true,"href":"https:\/\/www.securetec.net\/fr\/wp-json\/wp\/v2\/users\/7"}],"replies":[{"embeddable":true,"href":"https:\/\/www.securetec.net\/fr\/wp-json\/wp\/v2\/comments?post=7405"}],"version-history":[{"count":8,"href":"https:\/\/www.securetec.net\/fr\/wp-json\/wp\/v2\/pages\/7405\/revisions"}],"predecessor-version":[{"id":16252,"href":"https:\/\/www.securetec.net\/fr\/wp-json\/wp\/v2\/pages\/7405\/revisions\/16252"}],"wp:attachment":[{"href":"https:\/\/www.securetec.net\/fr\/wp-json\/wp\/v2\/media?parent=7405"}],"curies":[{"name":"wp","href":"https:\/\/api.w.org\/{rel}","templated":true}]}}