{"id":7396,"date":"2018-07-19T17:51:01","date_gmt":"2018-07-19T15:51:01","guid":{"rendered":"https:\/\/www.securetec.net\/?page_id=7396"},"modified":"2021-05-07T16:21:36","modified_gmt":"2021-05-07T14:21:36","slug":"prevention-de-la-dependance","status":"publish","type":"page","link":"https:\/\/www.securetec.net\/fr\/references\/depistage-de-drogues-en-entreprise\/prevention-de-la-dependance\/","title":{"rendered":"Pr\u00e9vention de la d\u00e9pendance"},"content":{"rendered":"<div class=\"wpb-content-wrapper\"><p>[vc_row lg_spacing=\u00a0\u00bbmargin_bottom:20&Prime;][vc_column][vc_column_text]<\/p>\n<h2>Mesures actives de pr\u00e9vention de la d\u00e9pendance<\/h2>\n<p>De nombreuses situations personnelles peuvent \u00eatre \u00e0 l&rsquo;origine d&rsquo;un changement de comportement de la part d&rsquo;un employ\u00e9. La manifestation de certains signes isol\u00e9s n&rsquo;indique pas forc\u00e9ment un probl\u00e8me d&rsquo;abus d&rsquo;alcool, de m\u00e9dicaments ou de drogue. Cependant, le sujet ne doit pas \u00eatre tabou et il convient d&rsquo;intervenir sans attendre.<\/p>\n<h2>Dopage sur le lieu de travail\u00a0: voir, comprendre, agir<\/h2>\n<p>Vous suspectez un probl\u00e8me de d\u00e9pendance chez l&rsquo;un de vos employ\u00e9s\u00a0? Acquittez-vous de votre devoir d&rsquo;assistance en tant qu&#8217;employeur et assurez votre protection ainsi que celle de votre personnel, en particulier si la personne concern\u00e9e occupe un poste pr\u00e9sentant des risques particuli\u00e8rement \u00e9lev\u00e9s. Selon les dispositions l\u00e9gales de la DGUV (assurance allemande contre les accidents), l&#8217;employeur assume la responsabilit\u00e9 de veiller \u00e0 ce que ses employ\u00e9s ne puissent entra\u00eener de dangers ni pour les autres, ni pour eux-m\u00eames. Il est donc de son devoir d&#8217;emp\u00eacher ses employ\u00e9s de travailler sous l&rsquo;influence de stup\u00e9fiants.<\/p>\n<p>Forts d&rsquo;une exp\u00e9rience de nombreuses ann\u00e9es dans le domaine du d\u00e9pistage de drogues, nous sommes \u00e0 vos c\u00f4t\u00e9s et vous informons concr\u00e8tement sur le droit p\u00e9nal et civil, ainsi que sur le droit du travail.<\/p>\n<p>Informez-vous \u00e9galement au sujet des dispositions des caisses professionnelles d&rsquo;assurances sociales. Vous aurez ainsi franchi la premi\u00e8re \u00e9tape fondamentale et \u00e9tabli une base en vue d&rsquo;un dialogue respectueux. En effet, seul un entretien fond\u00e9 sur la confiance et sur un pied d&rsquo;\u00e9galit\u00e9 permet d&rsquo;interpr\u00e9ter les signes et sympt\u00f4mes du comportement social et professionnel de l&#8217;employ\u00e9 concern\u00e9.[\/vc_column_text][tm_spacer size=\u00a0\u00bblg:30&Prime;][vc_column_text]<\/p>\n<h2>D\u00e9pistage \u00e0 l&rsquo;aide de tests DrugWipe\u00a0: rapidit\u00e9, fiabilit\u00e9 et hygi\u00e8ne<\/h2>\n<p>Pour compl\u00e9ter les mesures de s\u00e9curit\u00e9, il peut s&rsquo;av\u00e9rer judicieux de r\u00e9aliser des d\u00e9pistages de drogue aupr\u00e8s des nouvelles recrues ou des employ\u00e9s pr\u00e9sentant des sympt\u00f4mes.<\/p>\n<p>Nous aidons votre entreprise \u00e0 proc\u00e9der \u00e0 un d\u00e9pistage sans \u00e9quivoque gr\u00e2ce \u00e0 des tests salivaires rapides ayant fait leurs preuves aupr\u00e8s des forces de l&rsquo;ordre depuis plusieurs d\u00e9cennies. Sur la base du contrat de travail correspondant et avec le consentement de la personne test\u00e9e, l&rsquo;agent de s\u00e9curit\u00e9 ou le m\u00e9decin du travail de l&rsquo;entreprise peut proc\u00e9der \u00e0 un test de d\u00e9pistage de stup\u00e9fiants de mani\u00e8re rapide, fiable et hygi\u00e9nique.<\/p>\n<p>Securetec vous accompagne en vous faisant b\u00e9n\u00e9ficier de son expertise, du partage de ses connaissances et de tests rapides de d\u00e9pistage de drogue innovants. Nous d\u00e9veloppons et \u00e9tablissons conjointement un concept de pr\u00e9vention de la d\u00e9pendance parfaitement adapt\u00e9 aux besoins de votre entreprise ou de votre institution. Nos <a href=\"https:\/\/www.securetec.net\/fr\/references\/test-rapide-pour-la-police\/formations\/\">formations<\/a>\u00a0 sur le d\u00e9pistage de la consommation de drogues viennent compl\u00e9ter l&rsquo;\u00e9tendue de notre offre.[\/vc_column_text][tm_spacer size=\u00a0\u00bblg:30&Prime;][vc_column_text]<\/p>\n<h2>Dopage sur le lieu de travail<\/h2>\n<p>[\/vc_column_text][tm_spacer size=\u00a0\u00bblg:30&Prime;][vc_row_inner][vc_column_inner][tm_table]<\/p>\n<table style=\"width: 100%; height: 117px;\" border=\"1\" cellspacing=\"1\" cellpadding=\"1\">\n<thead>\n<tr style=\"height: 25px;\">\n<th style=\"height: 25px;\" scope=\"col\">COMPORTEMENT SOCIAL ET PROFESSIONNEL<\/th>\n<th style=\"height: 25px;\" scope=\"col\">EFFETS PHYSIQUES<\/th>\n<\/tr>\n<\/thead>\n<tbody>\n<tr style=\"height: 23px;\">\n<td style=\"height: 23px;\">Augmentation de l&rsquo;absent\u00e9isme<\/td>\n<td style=\"height: 23px;\">Troubles de l&rsquo;\u00e9quilibre<\/td>\n<\/tr>\n<tr style=\"height: 23px;\">\n<td style=\"height: 23px;\">Alt\u00e9ration de la qualit\u00e9 du travail<\/td>\n<td style=\"height: 23px;\">Temps de r\u00e9action prolong\u00e9<\/td>\n<\/tr>\n<tr style=\"height: 23px;\">\n<td style=\"height: 23px;\">Augmentation des prises de risques<\/td>\n<td style=\"height: 23px;\">Fatigue chronique<\/td>\n<\/tr>\n<tr style=\"height: 23px;\">\n<td style=\"height: 23px;\">Agressivit\u00e9, irritabilit\u00e9<\/td>\n<td style=\"height: 23px;\">Sensibilit\u00e9 \u00e0 la lumi\u00e8re<\/td>\n<\/tr>\n<\/tbody>\n<\/table>\n<p>[\/tm_table][\/vc_column_inner][\/vc_row_inner][tm_spacer size=\u00a0\u00bblg:30&Prime;][vc_column_text]<a href=\"https:\/\/www.securetec.net\/fr\/depistage-de-stupefiants\/\">&gt;&gt; Tests de d\u00e9pistage de drogues DrugWipe<sup>\u00ae<\/sup><\/a>[\/vc_column_text][\/vc_column][\/vc_row]<\/p>\n<\/div>","protected":false},"excerpt":{"rendered":"[vc_row lg_spacing=\u00a0\u00bbmargin_bottom:20&Prime;][vc_column][vc_column_text] Mesures actives de pr\u00e9vention de la d\u00e9pendance De nombreuses situations personnelles peuvent \u00eatre \u00e0 l&rsquo;origine d&rsquo;un changement de comportement de la part d&rsquo;un employ\u00e9. La manifestation de certains signes isol\u00e9s n&rsquo;indique pas forc\u00e9ment un probl\u00e8me d&rsquo;abus d&rsquo;alcool, de m\u00e9dicaments ou de drogue. Cependant, le sujet ne doit pas \u00eatre tabou et il convient d&rsquo;intervenir sans attendre. Dopage sur le lieu de travail\u00a0: voir, comprendre, agir Vous suspectez un probl\u00e8me de d\u00e9pendance chez l&rsquo;un de vos employ\u00e9s\u00a0? Acquittez-vous de votre devoir d&rsquo;assistance en tant qu&#8217;employeur et assurez votre protection ainsi que celle de votre personnel, en particulier si la personne concern\u00e9e occupe un poste pr\u00e9sentant des risques particuli\u00e8rement \u00e9lev\u00e9s. Selon les dispositions l\u00e9gales de la DGUV (assurance allemande contre les accidents), l&#8217;employeur assume la responsabilit\u00e9 de veiller \u00e0 ce que ses employ\u00e9s ne puissent entra\u00eener de dangers ni pour les autres, ni pour eux-m\u00eames. Il est donc de son devoir d&#8217;emp\u00eacher ses employ\u00e9s de travailler sous l&rsquo;influence de stup\u00e9fiants. Forts d&rsquo;une exp\u00e9rience de nombreuses ann\u00e9es dans le domaine du d\u00e9pistage de drogues, nous sommes \u00e0 vos c\u00f4t\u00e9s et vous informons concr\u00e8tement sur le droit p\u00e9nal et civil, ainsi que sur le droit du travail. Informez-vous \u00e9galement au sujet des dispositions des caisses professionnelles d&rsquo;assurances sociales. Vous aurez ainsi franchi la premi\u00e8re \u00e9tape fondamentale et \u00e9tabli une base en vue d&rsquo;un dialogue respectueux. En effet, seul un entretien fond\u00e9 sur la confiance et sur un pied d&rsquo;\u00e9galit\u00e9 permet d&rsquo;interpr\u00e9ter les signes et sympt\u00f4mes du comportement social et professionnel de l&#8217;employ\u00e9 concern\u00e9.[\/vc_column_text][tm_spacer size=\u00a0\u00bblg:30&Prime;][vc_column_text] D\u00e9pistage \u00e0 l&rsquo;aide de tests DrugWipe\u00a0: rapidit\u00e9, fiabilit\u00e9 et hygi\u00e8ne Pour compl\u00e9ter les mesures de s\u00e9curit\u00e9, il peut s&rsquo;av\u00e9rer judicieux de r\u00e9aliser des d\u00e9pistages de drogue aupr\u00e8s des nouvelles recrues ou des employ\u00e9s pr\u00e9sentant des sympt\u00f4mes. Nous aidons votre entreprise \u00e0 proc\u00e9der \u00e0 un d\u00e9pistage sans \u00e9quivoque gr\u00e2ce \u00e0 des tests salivaires rapides ayant fait leurs preuves aupr\u00e8s des forces de l&rsquo;ordre depuis plusieurs d\u00e9cennies. Sur la base du contrat de travail correspondant et avec le consentement de la personne test\u00e9e, l&rsquo;agent de s\u00e9curit\u00e9 ou le m\u00e9decin du travail de l&rsquo;entreprise peut proc\u00e9der \u00e0 un test de d\u00e9pistage de stup\u00e9fiants de mani\u00e8re rapide, fiable et hygi\u00e9nique. Securetec vous accompagne en vous faisant b\u00e9n\u00e9ficier de son expertise, du partage de ses connaissances et de tests rapides de d\u00e9pistage de drogue innovants. Nous d\u00e9veloppons et \u00e9tablissons conjointement un concept de pr\u00e9vention de la d\u00e9pendance parfaitement adapt\u00e9 aux besoins de votre entreprise ou de votre institution. Nos formations\u00a0 sur le d\u00e9pistage de la consommation de drogues viennent compl\u00e9ter l&rsquo;\u00e9tendue de notre offre.[\/vc_column_text][tm_spacer size=\u00a0\u00bblg:30&Prime;][vc_column_text] Dopage sur le lieu de travail [\/vc_column_text][tm_spacer size=\u00a0\u00bblg:30&Prime;][vc_row_inner][vc_column_inner][tm_table] COMPORTEMENT SOCIAL ET PROFESSIONNEL EFFETS PHYSIQUES Augmentation de l&rsquo;absent\u00e9isme Troubles de l&rsquo;\u00e9quilibre Alt\u00e9ration de la qualit\u00e9 du travail Temps de r\u00e9action prolong\u00e9 Augmentation des prises de risques Fatigue chronique Agressivit\u00e9, irritabilit\u00e9 Sensibilit\u00e9 \u00e0 la lumi\u00e8re [\/tm_table][\/vc_column_inner][\/vc_row_inner][tm_spacer size=\u00a0\u00bblg:30&Prime;][vc_column_text]&gt;&gt; Tests de d\u00e9pistage de drogues DrugWipe\u00ae[\/vc_column_text][\/vc_column][\/vc_row]","protected":false},"author":1,"featured_media":0,"parent":7388,"menu_order":0,"comment_status":"closed","ping_status":"closed","template":"","meta":{"footnotes":""},"class_list":["post-7396","page","type-page","status-publish","hentry"],"yoast_head":"<!-- This site is optimized with the Yoast SEO plugin v25.6 - https:\/\/yoast.com\/wordpress\/plugins\/seo\/ -->\n<title>Pr\u00e9vention de la d\u00e9pendance - Securetec Detektions-Systeme AG<\/title>\n<meta name=\"description\" content=\"Wir informieren Sie \u00fcber strafrechtliche, arbeitsrechtliche und zivilrechtliche Hintergr\u00fcnde. Oft sind auch Bestimmungen und Verordnungen wie von Berufsgenossenschaften relevant. Informationen sind der erste wichtige Schritt.\" \/>\n<meta name=\"robots\" content=\"index, follow, max-snippet:-1, max-image-preview:large, max-video-preview:-1\" \/>\n<link rel=\"canonical\" href=\"https:\/\/www.securetec.net\/fr\/references\/depistage-de-drogues-en-entreprise\/prevention-de-la-dependance\/\" \/>\n<meta property=\"og:locale\" content=\"fr_FR\" \/>\n<meta property=\"og:type\" content=\"article\" \/>\n<meta property=\"og:title\" content=\"Pr\u00e9vention de la d\u00e9pendance - Securetec Detektions-Systeme AG\" \/>\n<meta property=\"og:description\" content=\"Wir informieren Sie \u00fcber strafrechtliche, arbeitsrechtliche und zivilrechtliche Hintergr\u00fcnde. Oft sind auch Bestimmungen und Verordnungen wie von Berufsgenossenschaften relevant. Informationen sind der erste wichtige Schritt.\" \/>\n<meta property=\"og:url\" content=\"https:\/\/www.securetec.net\/fr\/references\/depistage-de-drogues-en-entreprise\/prevention-de-la-dependance\/\" \/>\n<meta property=\"og:site_name\" content=\"Securetec Detektions-Systeme AG\" \/>\n<meta property=\"article:modified_time\" content=\"2021-05-07T14:21:36+00:00\" \/>\n<meta name=\"twitter:card\" content=\"summary_large_image\" \/>\n<meta name=\"twitter:site\" content=\"@DrugWipeUK\" \/>\n<meta name=\"twitter:label1\" content=\"Est. reading time\" \/>\n\t<meta name=\"twitter:data1\" content=\"3 minutes\" \/>\n<script type=\"application\/ld+json\" class=\"yoast-schema-graph\">{\"@context\":\"https:\/\/schema.org\",\"@graph\":[{\"@type\":\"WebPage\",\"@id\":\"https:\/\/www.securetec.net\/fr\/references\/depistage-de-drogues-en-entreprise\/prevention-de-la-dependance\/\",\"url\":\"https:\/\/www.securetec.net\/fr\/references\/depistage-de-drogues-en-entreprise\/prevention-de-la-dependance\/\",\"name\":\"Pr\u00e9vention de la d\u00e9pendance - Securetec Detektions-Systeme AG\",\"isPartOf\":{\"@id\":\"https:\/\/www.securetec.net\/fr\/#website\"},\"datePublished\":\"2018-07-19T15:51:01+00:00\",\"dateModified\":\"2021-05-07T14:21:36+00:00\",\"description\":\"Wir informieren Sie \u00fcber strafrechtliche, arbeitsrechtliche und zivilrechtliche Hintergr\u00fcnde. Oft sind auch Bestimmungen und Verordnungen wie von Berufsgenossenschaften relevant. Informationen sind der erste wichtige Schritt.\",\"breadcrumb\":{\"@id\":\"https:\/\/www.securetec.net\/fr\/references\/depistage-de-drogues-en-entreprise\/prevention-de-la-dependance\/#breadcrumb\"},\"inLanguage\":\"fr-FR\",\"potentialAction\":[{\"@type\":\"ReadAction\",\"target\":[\"https:\/\/www.securetec.net\/fr\/references\/depistage-de-drogues-en-entreprise\/prevention-de-la-dependance\/\"]}]},{\"@type\":\"BreadcrumbList\",\"@id\":\"https:\/\/www.securetec.net\/fr\/references\/depistage-de-drogues-en-entreprise\/prevention-de-la-dependance\/#breadcrumb\",\"itemListElement\":[{\"@type\":\"ListItem\",\"position\":1,\"name\":\"Startseite\",\"item\":\"https:\/\/www.securetec.net\/fr\/\"},{\"@type\":\"ListItem\",\"position\":2,\"name\":\"Solutions de clients\",\"item\":\"https:\/\/www.securetec.net\/fr\/references\/\"},{\"@type\":\"ListItem\",\"position\":3,\"name\":\"D\u00e9pistage de drogues en entreprise\",\"item\":\"https:\/\/www.securetec.net\/fr\/references\/depistage-de-drogues-en-entreprise\/\"},{\"@type\":\"ListItem\",\"position\":4,\"name\":\"Pr\u00e9vention de la d\u00e9pendance\"}]},{\"@type\":\"WebSite\",\"@id\":\"https:\/\/www.securetec.net\/fr\/#website\",\"url\":\"https:\/\/www.securetec.net\/fr\/\",\"name\":\"Securetec Detektions-Systeme AG\",\"description\":\"We detect to protect\",\"publisher\":{\"@id\":\"https:\/\/www.securetec.net\/fr\/#organization\"},\"potentialAction\":[{\"@type\":\"SearchAction\",\"target\":{\"@type\":\"EntryPoint\",\"urlTemplate\":\"https:\/\/www.securetec.net\/fr\/?s={search_term_string}\"},\"query-input\":{\"@type\":\"PropertyValueSpecification\",\"valueRequired\":true,\"valueName\":\"search_term_string\"}}],\"inLanguage\":\"fr-FR\"},{\"@type\":\"Organization\",\"@id\":\"https:\/\/www.securetec.net\/fr\/#organization\",\"name\":\"Securetec Detektions-Systeme AG\",\"url\":\"https:\/\/www.securetec.net\/fr\/\",\"logo\":{\"@type\":\"ImageObject\",\"inLanguage\":\"fr-FR\",\"@id\":\"https:\/\/www.securetec.net\/fr\/#\/schema\/logo\/image\/\",\"url\":\"https:\/\/www.securetec.net\/app\/uploads\/2018\/07\/Securetec_Logo_.png\",\"contentUrl\":\"https:\/\/www.securetec.net\/app\/uploads\/2018\/07\/Securetec_Logo_.png\",\"width\":411,\"height\":189,\"caption\":\"Securetec Detektions-Systeme AG\"},\"image\":{\"@id\":\"https:\/\/www.securetec.net\/fr\/#\/schema\/logo\/image\/\"},\"sameAs\":[\"https:\/\/x.com\/DrugWipeUK\",\"https:\/\/www.linkedin.com\/company\/securetec\",\"https:\/\/www.youtube.com\/channel\/UCP9jQA-TYhtqanhaooppMqw\"]}]}<\/script>\n<!-- \/ Yoast SEO plugin. -->","yoast_head_json":{"title":"Pr\u00e9vention de la d\u00e9pendance - Securetec Detektions-Systeme AG","description":"Wir informieren Sie \u00fcber strafrechtliche, arbeitsrechtliche und zivilrechtliche Hintergr\u00fcnde. Oft sind auch Bestimmungen und Verordnungen wie von Berufsgenossenschaften relevant. Informationen sind der erste wichtige Schritt.","robots":{"index":"index","follow":"follow","max-snippet":"max-snippet:-1","max-image-preview":"max-image-preview:large","max-video-preview":"max-video-preview:-1"},"canonical":"https:\/\/www.securetec.net\/fr\/references\/depistage-de-drogues-en-entreprise\/prevention-de-la-dependance\/","og_locale":"fr_FR","og_type":"article","og_title":"Pr\u00e9vention de la d\u00e9pendance - Securetec Detektions-Systeme AG","og_description":"Wir informieren Sie \u00fcber strafrechtliche, arbeitsrechtliche und zivilrechtliche Hintergr\u00fcnde. Oft sind auch Bestimmungen und Verordnungen wie von Berufsgenossenschaften relevant. Informationen sind der erste wichtige Schritt.","og_url":"https:\/\/www.securetec.net\/fr\/references\/depistage-de-drogues-en-entreprise\/prevention-de-la-dependance\/","og_site_name":"Securetec Detektions-Systeme AG","article_modified_time":"2021-05-07T14:21:36+00:00","twitter_card":"summary_large_image","twitter_site":"@DrugWipeUK","twitter_misc":{"Est. reading time":"3 minutes"},"schema":{"@context":"https:\/\/schema.org","@graph":[{"@type":"WebPage","@id":"https:\/\/www.securetec.net\/fr\/references\/depistage-de-drogues-en-entreprise\/prevention-de-la-dependance\/","url":"https:\/\/www.securetec.net\/fr\/references\/depistage-de-drogues-en-entreprise\/prevention-de-la-dependance\/","name":"Pr\u00e9vention de la d\u00e9pendance - Securetec Detektions-Systeme AG","isPartOf":{"@id":"https:\/\/www.securetec.net\/fr\/#website"},"datePublished":"2018-07-19T15:51:01+00:00","dateModified":"2021-05-07T14:21:36+00:00","description":"Wir informieren Sie \u00fcber strafrechtliche, arbeitsrechtliche und zivilrechtliche Hintergr\u00fcnde. Oft sind auch Bestimmungen und Verordnungen wie von Berufsgenossenschaften relevant. Informationen sind der erste wichtige Schritt.","breadcrumb":{"@id":"https:\/\/www.securetec.net\/fr\/references\/depistage-de-drogues-en-entreprise\/prevention-de-la-dependance\/#breadcrumb"},"inLanguage":"fr-FR","potentialAction":[{"@type":"ReadAction","target":["https:\/\/www.securetec.net\/fr\/references\/depistage-de-drogues-en-entreprise\/prevention-de-la-dependance\/"]}]},{"@type":"BreadcrumbList","@id":"https:\/\/www.securetec.net\/fr\/references\/depistage-de-drogues-en-entreprise\/prevention-de-la-dependance\/#breadcrumb","itemListElement":[{"@type":"ListItem","position":1,"name":"Startseite","item":"https:\/\/www.securetec.net\/fr\/"},{"@type":"ListItem","position":2,"name":"Solutions de clients","item":"https:\/\/www.securetec.net\/fr\/references\/"},{"@type":"ListItem","position":3,"name":"D\u00e9pistage de drogues en entreprise","item":"https:\/\/www.securetec.net\/fr\/references\/depistage-de-drogues-en-entreprise\/"},{"@type":"ListItem","position":4,"name":"Pr\u00e9vention de la d\u00e9pendance"}]},{"@type":"WebSite","@id":"https:\/\/www.securetec.net\/fr\/#website","url":"https:\/\/www.securetec.net\/fr\/","name":"Securetec Detektions-Systeme AG","description":"We detect to protect","publisher":{"@id":"https:\/\/www.securetec.net\/fr\/#organization"},"potentialAction":[{"@type":"SearchAction","target":{"@type":"EntryPoint","urlTemplate":"https:\/\/www.securetec.net\/fr\/?s={search_term_string}"},"query-input":{"@type":"PropertyValueSpecification","valueRequired":true,"valueName":"search_term_string"}}],"inLanguage":"fr-FR"},{"@type":"Organization","@id":"https:\/\/www.securetec.net\/fr\/#organization","name":"Securetec Detektions-Systeme AG","url":"https:\/\/www.securetec.net\/fr\/","logo":{"@type":"ImageObject","inLanguage":"fr-FR","@id":"https:\/\/www.securetec.net\/fr\/#\/schema\/logo\/image\/","url":"https:\/\/www.securetec.net\/app\/uploads\/2018\/07\/Securetec_Logo_.png","contentUrl":"https:\/\/www.securetec.net\/app\/uploads\/2018\/07\/Securetec_Logo_.png","width":411,"height":189,"caption":"Securetec Detektions-Systeme AG"},"image":{"@id":"https:\/\/www.securetec.net\/fr\/#\/schema\/logo\/image\/"},"sameAs":["https:\/\/x.com\/DrugWipeUK","https:\/\/www.linkedin.com\/company\/securetec","https:\/\/www.youtube.com\/channel\/UCP9jQA-TYhtqanhaooppMqw"]}]}},"_links":{"self":[{"href":"https:\/\/www.securetec.net\/fr\/wp-json\/wp\/v2\/pages\/7396","targetHints":{"allow":["GET"]}}],"collection":[{"href":"https:\/\/www.securetec.net\/fr\/wp-json\/wp\/v2\/pages"}],"about":[{"href":"https:\/\/www.securetec.net\/fr\/wp-json\/wp\/v2\/types\/page"}],"author":[{"embeddable":true,"href":"https:\/\/www.securetec.net\/fr\/wp-json\/wp\/v2\/users\/1"}],"replies":[{"embeddable":true,"href":"https:\/\/www.securetec.net\/fr\/wp-json\/wp\/v2\/comments?post=7396"}],"version-history":[{"count":9,"href":"https:\/\/www.securetec.net\/fr\/wp-json\/wp\/v2\/pages\/7396\/revisions"}],"predecessor-version":[{"id":12431,"href":"https:\/\/www.securetec.net\/fr\/wp-json\/wp\/v2\/pages\/7396\/revisions\/12431"}],"up":[{"embeddable":true,"href":"https:\/\/www.securetec.net\/fr\/wp-json\/wp\/v2\/pages\/7388"}],"wp:attachment":[{"href":"https:\/\/www.securetec.net\/fr\/wp-json\/wp\/v2\/media?parent=7396"}],"curies":[{"name":"wp","href":"https:\/\/api.w.org\/{rel}","templated":true}]}}