{"id":7388,"date":"2018-07-19T17:50:45","date_gmt":"2018-07-19T15:50:45","guid":{"rendered":"https:\/\/www.securetec.net\/?page_id=7388"},"modified":"2023-03-30T08:27:37","modified_gmt":"2023-03-30T06:27:37","slug":"depistage-de-drogues-en-entreprise","status":"publish","type":"page","link":"https:\/\/www.securetec.net\/fr\/references\/depistage-de-drogues-en-entreprise\/","title":{"rendered":"D\u00e9pistage de drogues en entreprise"},"content":{"rendered":"<div class=\"wpb-content-wrapper\"><p>[vc_row][vc_column width=\u00a0\u00bb2\/3&Prime;][vc_column_text]<\/p>\n<h2>Pr\u00e9vention de la d\u00e9pendance\u00a0: un\u00a0d\u00e9fi pour chaque entreprise<\/h2>\n<p>La pr\u00e9vention de la d\u00e9pendance concerne les entreprises, administrations et institutions de toutes tailles, tous secteurs confondus. Les employeurs doivent assumer leur devoir d&rsquo;assistance et faire en sorte d&rsquo;\u00e9viter tout accident en lien avec la consommation de stup\u00e9fiants. Les tests salivaires rapides garantissent une meilleure s\u00e9curit\u00e9 d&rsquo;utilisation, tout en respectant l&rsquo;intimit\u00e9 des employ\u00e9s.<\/p>\n<p>La consommation d&rsquo;alcool et de drogues, ainsi que l&rsquo;abus de m\u00e9dicaments, concernent toutes les g\u00e9n\u00e9rations et toutes les cat\u00e9gories sociales. Selon des \u00e9tudes, on estime que 7\u00a0% de la population allemande en \u00e2ge de travailler consomme des substances ill\u00e9gales.<\/p>\n<h2>Des contr\u00f4les en signe de responsabilit\u00e9<\/h2>\n<p>Le d\u00e9pistage de drogues en entreprise est depuis longtemps une pratique courante en vue d&rsquo;optimiser la s\u00e9curit\u00e9 au travail, en particulier concernant les postes \u00e0 responsabilit\u00e9, notamment dans le cadre de la s\u00e9curit\u00e9 a\u00e9ronautique, en milieu hospitalier ou dans les secteurs pr\u00e9sentant des risques \u00e9lev\u00e9s comme les travaux sur des lignes \u00e0 haute tension.<\/p>\n<p>Les drogues ont une influence sur la perception et le comportement et entra\u00eenent le risque de provoquer des accidents. En plus des effets corporels imm\u00e9diats, les modifications du comportement social et professionnel constituent \u00e9galement des sources de risque au sein de l&rsquo;entreprise. La d\u00e9pendance peut prendre plusieurs formes. Ainsi, les personnes d\u00e9pendantes ont tendance \u00e0 prendre plus de risques, \u00e0 mettre plus de temps \u00e0 r\u00e9agir et \u00e0 pr\u00e9senter des troubles de la concentration.<\/p>\n<p>La responsabilit\u00e9 en mati\u00e8re de s\u00e9curit\u00e9 au travail et \u00e0 l&rsquo;\u00e9gard de chaque employ\u00e9 oblige l&#8217;employeur \u00e0 prendre des mesures. Les employeurs qui ferment les yeux devant leur responsabilit\u00e9 ou qui ignorent le probl\u00e8me par compassion mal plac\u00e9e contreviennent \u00e0 leur devoir d&rsquo;assistance. Nous venons contribuer \u00e0 la pr\u00e9vention active de la d\u00e9pendance au sein de votre entreprise au moyen de tests salivaires rapides efficaces, hygi\u00e9niques et simples d&rsquo;utilisation.<\/p>\n<p>En cas de questions suppl\u00e9mentaires, vous trouverez de nombreux conseils et des informations d\u00e9taill\u00e9es dans notre brochure <u>Non\u00a0\u00e0 la drogue sur le lieu de travail<\/u>.<\/p>\n<p>Nous sommes bien s\u00fbr joignables par t\u00e9l\u00e9phone si vous souhaitez nous appeler pour convenir d&rsquo;un rendez-vous.<\/p>\n<p>Num\u00e9ro vert: 0800.940.884<br \/>\nEmail:\u00a0<a href=\"mailto:info.fr@securetec.net\">info.fr@securetec.net<\/a><\/p>\n<p><a href=\"https:\/\/www.securetec.net\/fr\/depistage-de-stupefiants\/\">&gt;&gt; Tests de d\u00e9pistage de stup\u00e9fiants DrugWipe\u00ae<\/a>[\/vc_column_text][tm_spacer size=\u00a0\u00bblg:30&Prime;][tm_button button=\u00a0\u00bburl:https%3A%2F%2Fwww.securetec.net%2Ffr%2Fcontacter%2F|title:Contacter\u00a0\u00bb][tm_spacer size=\u00a0\u00bblg:30&Prime;][vc_column_text]<div class='w3eden'><!-- WPDM Link Template: Default Template -->\n\n<div class=\"link-template-default card mb-2\">\n    <div class=\"card-body\">\n        <div class=\"media\">\n            <div class=\"mr-3 img-48\"><img decoding=\"async\" class=\"wpdm_icon\" alt=\"Ic\u00f4ne\" src=\"https:\/\/www.securetec.net\/app\/plugins\/download-manager\/assets\/file-type-icons\/pdf.svg\" \/><\/div>\n            <div class=\"media-body\">\n                <h3 class=\"package-title\"><a href='https:\/\/www.securetec.net\/en\/download\/brochure-drug-free-workplace-2\/'>Brochure: Drug-Free Workplace<\/a><\/h3>\n                <div class=\"text-muted text-small\"><i class=\"fas fa-copy\"><\/i> 1 fichier\u00b7s <i class=\"fas fa-hdd ml-3\"><\/i> 0.00 KB<\/div>\n            <\/div>\n            <div class=\"ml-3\">\n                <a class='wpdm-download-link download-on-click btn btn-primary ' target=_blank rel='nofollow' href='#' data-downloadurl=\"https:\/\/www.securetec.net\/en\/download\/brochure-drug-free-workplace-2\/?wpdmdl=12457&refresh=69d63c1f1f3591775647775\">T\u00e9l\u00e9charger<\/a>\n            <\/div>\n        <\/div>\n    <\/div>\n<\/div>\n\n<\/div>[\/vc_column_text][\/vc_column][vc_column width=\u00a0\u00bb1\/3&Prime;][vc_row_inner][vc_column_inner][tm_box_icon icon_type=\u00a0\u00bbfontawesome\u00a0\u00bb icon_fontawesome=\u00a0\u00bbfar fa-newspaper\u00a0\u00bb image=\u00a0\u00bb4676&Prime; box_link=\u00a0\u00bburl:https%3A%2F%2Fwww.securetec.net%2Ffr%2Finterview-franzoesische-casestudy-zum-thema-suchtpraevention-und-drogenscreenings-fuer-unternehmen%2F|title:Entretient%20%2F%20Etude%20Client%3A%20Pr%C3%A9vention%20alcool%20et%20stup%C3%A9fiants%20en%20entreprise%20we%20detect%20to%20protect\u00a0\u00bb heading=\u00a0\u00bbEntretient \/ Etude Client: Pr\u00e9vention alcool et stup\u00e9fiants en entreprise we detect to protect\u00a0\u00bb link=\u00a0\u00bburl:https%3A%2F%2Fwww.securetec.net%2Ffr%2Finterview-franzoesische-casestudy-zum-thema-suchtpraevention-und-drogenscreenings-fuer-unternehmen%2F|title:Entretient%20%2F%20Etude%20Client%3A%20Pr%C3%A9vention%20alcool%20et%20stup%C3%A9fiants%20en%20entreprise%20we%20detect%20to%20protect|target:_blank\u00a0\u00bb text=\u00a0\u00bbSecuretec s\u2019entretient avec M. Cado, dirigeant d\u2019Ithylo, sur les meilleures pratiques mises en place pour lutter contre les risques alcool et stup\u00e9fiants sur le lieu de travail.\u00a0\u00bb button=\u00a0\u00bburl:https%3A%2F%2Fwww.securetec.net%2Ffr%2Finterview-franzoesische-casestudy-zum-thema-suchtpraevention-und-drogenscreenings-fuer-unternehmen%2F|title:Entretient%20%2F%20Etude%20Client%3A%20Pr%C3%A9vention%20alcool%20et%20stup%C3%A9fiants%20en%20entreprise%20we%20detect%20to%20protect|target:_blank\u00a0\u00bb][\/vc_column_inner][\/vc_row_inner][vc_column_text]<div class='w3eden'><!-- WPDM Link Template: Default Template -->\n\n<div class=\"link-template-default card mb-2\">\n    <div class=\"card-body\">\n        <div class=\"media\">\n            <div class=\"mr-3 img-48\"><img decoding=\"async\" class=\"wpdm_icon\" alt=\"Ic\u00f4ne\" src=\"https:\/\/www.securetec.net\/app\/plugins\/download-manager\/assets\/file-type-icons\/pdf.svg\" \/><\/div>\n            <div class=\"media-body\">\n                <h3 class=\"package-title\"><a href='https:\/\/www.securetec.net\/fr\/download\/entretient-prevention-alcool-et-stupefiants-en-entreprise\/'>Etude Client: Pr\u00e9vention alcool et stup\u00e9fiants en entreprise<\/a><\/h3>\n                <div class=\"text-muted text-small\"><i class=\"fas fa-copy\"><\/i> 1 fichier\u00b7s <i class=\"fas fa-hdd ml-3\"><\/i> 0.00 KB<\/div>\n            <\/div>\n            <div class=\"ml-3\">\n                <a class='wpdm-download-link download-on-click btn btn-primary ' target=_blank rel='nofollow' href='#' data-downloadurl=\"https:\/\/www.securetec.net\/fr\/download\/entretient-prevention-alcool-et-stupefiants-en-entreprise\/?wpdmdl=12605&refresh=69d63c1f38b121775647775\">T\u00e9l\u00e9charger<\/a>\n            <\/div>\n        <\/div>\n    <\/div>\n<\/div>\n\n<\/div>[\/vc_column_text][\/vc_column][\/vc_row]<\/p>\n<\/div>","protected":false},"excerpt":{"rendered":"[vc_row][vc_column width=\u00a0\u00bb2\/3&Prime;][vc_column_text] Pr\u00e9vention de la d\u00e9pendance\u00a0: un\u00a0d\u00e9fi pour chaque entreprise La pr\u00e9vention de la d\u00e9pendance concerne les entreprises, administrations et institutions de toutes tailles, tous secteurs confondus. Les employeurs doivent assumer leur devoir d&rsquo;assistance et faire en sorte d&rsquo;\u00e9viter tout accident en lien avec la consommation de stup\u00e9fiants. Les tests salivaires rapides garantissent une meilleure s\u00e9curit\u00e9 d&rsquo;utilisation, tout en respectant l&rsquo;intimit\u00e9 des employ\u00e9s. La consommation d&rsquo;alcool et de drogues, ainsi que l&rsquo;abus de m\u00e9dicaments, concernent toutes les g\u00e9n\u00e9rations et toutes les cat\u00e9gories sociales. Selon des \u00e9tudes, on estime que 7\u00a0% de la population allemande en \u00e2ge de travailler consomme des substances ill\u00e9gales. Des contr\u00f4les en signe de responsabilit\u00e9 Le d\u00e9pistage de drogues en entreprise est depuis longtemps une pratique courante en vue d&rsquo;optimiser la s\u00e9curit\u00e9 au travail, en particulier concernant les postes \u00e0 responsabilit\u00e9, notamment dans le cadre de la s\u00e9curit\u00e9 a\u00e9ronautique, en milieu hospitalier ou dans les secteurs pr\u00e9sentant des risques \u00e9lev\u00e9s comme les travaux sur des lignes \u00e0 haute tension. Les drogues ont une influence sur la perception et le comportement et entra\u00eenent le risque de provoquer des accidents. En plus des effets corporels imm\u00e9diats, les modifications du comportement social et professionnel constituent \u00e9galement des sources de risque au sein de l&rsquo;entreprise. La d\u00e9pendance peut prendre plusieurs formes. Ainsi, les personnes d\u00e9pendantes ont tendance \u00e0 prendre plus de risques, \u00e0 mettre plus de temps \u00e0 r\u00e9agir et \u00e0 pr\u00e9senter des troubles de la concentration. La responsabilit\u00e9 en mati\u00e8re de s\u00e9curit\u00e9 au travail et \u00e0 l&rsquo;\u00e9gard de chaque employ\u00e9 oblige l&#8217;employeur \u00e0 prendre des mesures. Les employeurs qui ferment les yeux devant leur responsabilit\u00e9 ou qui ignorent le probl\u00e8me par compassion mal plac\u00e9e contreviennent \u00e0 leur devoir d&rsquo;assistance. Nous venons contribuer \u00e0 la pr\u00e9vention active de la d\u00e9pendance au sein de votre entreprise au moyen de tests salivaires rapides efficaces, hygi\u00e9niques et simples d&rsquo;utilisation. En cas de questions suppl\u00e9mentaires, vous trouverez de nombreux conseils et des informations d\u00e9taill\u00e9es dans notre brochure Non\u00a0\u00e0 la drogue sur le lieu de travail. Nous sommes bien s\u00fbr joignables par t\u00e9l\u00e9phone si vous souhaitez nous appeler pour convenir d&rsquo;un rendez-vous. Num\u00e9ro vert: 0800.940.884 Email:\u00a0info.fr@securetec.net &gt;&gt; Tests de d\u00e9pistage de stup\u00e9fiants DrugWipe\u00ae[\/vc_column_text][tm_spacer size=\u00a0\u00bblg:30&Prime;][tm_button button=\u00a0\u00bburl:https%3A%2F%2Fwww.securetec.net%2Ffr%2Fcontacter%2F|title:Contacter\u00a0\u00bb][tm_spacer size=\u00a0\u00bblg:30&Prime;][vc_column_text][\/vc_column_text][\/vc_column][vc_column width=\u00a0\u00bb1\/3&Prime;][vc_row_inner][vc_column_inner][tm_box_icon icon_type=\u00a0\u00bbfontawesome\u00a0\u00bb icon_fontawesome=\u00a0\u00bbfar fa-newspaper\u00a0\u00bb image=\u00a0\u00bb4676&Prime; box_link=\u00a0\u00bburl:https%3A%2F%2Fwww.securetec.net%2Ffr%2Finterview-franzoesische-casestudy-zum-thema-suchtpraevention-und-drogenscreenings-fuer-unternehmen%2F|title:Entretient%20%2F%20Etude%20Client%3A%20Pr%C3%A9vention%20alcool%20et%20stup%C3%A9fiants%20en%20entreprise%20we%20detect%20to%20protect\u00a0\u00bb heading=\u00a0\u00bbEntretient \/ Etude Client: Pr\u00e9vention alcool et stup\u00e9fiants en entreprise we detect to protect\u00a0\u00bb link=\u00a0\u00bburl:https%3A%2F%2Fwww.securetec.net%2Ffr%2Finterview-franzoesische-casestudy-zum-thema-suchtpraevention-und-drogenscreenings-fuer-unternehmen%2F|title:Entretient%20%2F%20Etude%20Client%3A%20Pr%C3%A9vention%20alcool%20et%20stup%C3%A9fiants%20en%20entreprise%20we%20detect%20to%20protect|target:_blank\u00a0\u00bb text=\u00a0\u00bbSecuretec s\u2019entretient avec M. Cado, dirigeant d\u2019Ithylo, sur les meilleures pratiques mises en place pour lutter contre les risques alcool et stup\u00e9fiants sur le lieu de travail.\u00a0\u00bb button=\u00a0\u00bburl:https%3A%2F%2Fwww.securetec.net%2Ffr%2Finterview-franzoesische-casestudy-zum-thema-suchtpraevention-und-drogenscreenings-fuer-unternehmen%2F|title:Entretient%20%2F%20Etude%20Client%3A%20Pr%C3%A9vention%20alcool%20et%20stup%C3%A9fiants%20en%20entreprise%20we%20detect%20to%20protect|target:_blank\u00a0\u00bb][\/vc_column_inner][\/vc_row_inner][vc_column_text][\/vc_column_text][\/vc_column][\/vc_row]","protected":false},"author":1,"featured_media":0,"parent":7354,"menu_order":0,"comment_status":"closed","ping_status":"closed","template":"","meta":{"footnotes":""},"class_list":["post-7388","page","type-page","status-publish","hentry"],"yoast_head":"<!-- This site is optimized with the Yoast SEO plugin v25.6 - https:\/\/yoast.com\/wordpress\/plugins\/seo\/ -->\n<title>D\u00e9pistage de drogues en entreprise - Securetec Detektions-Systeme AG<\/title>\n<meta name=\"robots\" content=\"index, follow, max-snippet:-1, max-image-preview:large, max-video-preview:-1\" \/>\n<link rel=\"canonical\" href=\"https:\/\/www.securetec.net\/fr\/references\/depistage-de-drogues-en-entreprise\/\" \/>\n<meta property=\"og:locale\" content=\"fr_FR\" \/>\n<meta property=\"og:type\" content=\"article\" \/>\n<meta property=\"og:title\" content=\"D\u00e9pistage de drogues en entreprise - Securetec Detektions-Systeme AG\" \/>\n<meta property=\"og:url\" content=\"https:\/\/www.securetec.net\/fr\/references\/depistage-de-drogues-en-entreprise\/\" \/>\n<meta property=\"og:site_name\" content=\"Securetec Detektions-Systeme AG\" \/>\n<meta property=\"article:modified_time\" content=\"2023-03-30T06:27:37+00:00\" \/>\n<meta name=\"twitter:card\" content=\"summary_large_image\" \/>\n<meta name=\"twitter:site\" content=\"@DrugWipeUK\" \/>\n<meta name=\"twitter:label1\" content=\"Est. reading time\" \/>\n\t<meta name=\"twitter:data1\" content=\"3 minutes\" \/>\n<script type=\"application\/ld+json\" class=\"yoast-schema-graph\">{\"@context\":\"https:\/\/schema.org\",\"@graph\":[{\"@type\":\"WebPage\",\"@id\":\"https:\/\/www.securetec.net\/fr\/references\/depistage-de-drogues-en-entreprise\/\",\"url\":\"https:\/\/www.securetec.net\/fr\/references\/depistage-de-drogues-en-entreprise\/\",\"name\":\"D\u00e9pistage de drogues en entreprise - Securetec Detektions-Systeme AG\",\"isPartOf\":{\"@id\":\"https:\/\/www.securetec.net\/fr\/#website\"},\"datePublished\":\"2018-07-19T15:50:45+00:00\",\"dateModified\":\"2023-03-30T06:27:37+00:00\",\"breadcrumb\":{\"@id\":\"https:\/\/www.securetec.net\/fr\/references\/depistage-de-drogues-en-entreprise\/#breadcrumb\"},\"inLanguage\":\"fr-FR\",\"potentialAction\":[{\"@type\":\"ReadAction\",\"target\":[\"https:\/\/www.securetec.net\/fr\/references\/depistage-de-drogues-en-entreprise\/\"]}]},{\"@type\":\"BreadcrumbList\",\"@id\":\"https:\/\/www.securetec.net\/fr\/references\/depistage-de-drogues-en-entreprise\/#breadcrumb\",\"itemListElement\":[{\"@type\":\"ListItem\",\"position\":1,\"name\":\"Startseite\",\"item\":\"https:\/\/www.securetec.net\/fr\/\"},{\"@type\":\"ListItem\",\"position\":2,\"name\":\"Solutions de clients\",\"item\":\"https:\/\/www.securetec.net\/fr\/references\/\"},{\"@type\":\"ListItem\",\"position\":3,\"name\":\"D\u00e9pistage de drogues en entreprise\"}]},{\"@type\":\"WebSite\",\"@id\":\"https:\/\/www.securetec.net\/fr\/#website\",\"url\":\"https:\/\/www.securetec.net\/fr\/\",\"name\":\"Securetec Detektions-Systeme AG\",\"description\":\"We detect to protect\",\"publisher\":{\"@id\":\"https:\/\/www.securetec.net\/fr\/#organization\"},\"potentialAction\":[{\"@type\":\"SearchAction\",\"target\":{\"@type\":\"EntryPoint\",\"urlTemplate\":\"https:\/\/www.securetec.net\/fr\/?s={search_term_string}\"},\"query-input\":{\"@type\":\"PropertyValueSpecification\",\"valueRequired\":true,\"valueName\":\"search_term_string\"}}],\"inLanguage\":\"fr-FR\"},{\"@type\":\"Organization\",\"@id\":\"https:\/\/www.securetec.net\/fr\/#organization\",\"name\":\"Securetec Detektions-Systeme AG\",\"url\":\"https:\/\/www.securetec.net\/fr\/\",\"logo\":{\"@type\":\"ImageObject\",\"inLanguage\":\"fr-FR\",\"@id\":\"https:\/\/www.securetec.net\/fr\/#\/schema\/logo\/image\/\",\"url\":\"https:\/\/www.securetec.net\/app\/uploads\/2018\/07\/Securetec_Logo_.png\",\"contentUrl\":\"https:\/\/www.securetec.net\/app\/uploads\/2018\/07\/Securetec_Logo_.png\",\"width\":411,\"height\":189,\"caption\":\"Securetec Detektions-Systeme AG\"},\"image\":{\"@id\":\"https:\/\/www.securetec.net\/fr\/#\/schema\/logo\/image\/\"},\"sameAs\":[\"https:\/\/x.com\/DrugWipeUK\",\"https:\/\/www.linkedin.com\/company\/securetec\",\"https:\/\/www.youtube.com\/channel\/UCP9jQA-TYhtqanhaooppMqw\"]}]}<\/script>\n<!-- \/ Yoast SEO plugin. -->","yoast_head_json":{"title":"D\u00e9pistage de drogues en entreprise - Securetec Detektions-Systeme AG","robots":{"index":"index","follow":"follow","max-snippet":"max-snippet:-1","max-image-preview":"max-image-preview:large","max-video-preview":"max-video-preview:-1"},"canonical":"https:\/\/www.securetec.net\/fr\/references\/depistage-de-drogues-en-entreprise\/","og_locale":"fr_FR","og_type":"article","og_title":"D\u00e9pistage de drogues en entreprise - Securetec Detektions-Systeme AG","og_url":"https:\/\/www.securetec.net\/fr\/references\/depistage-de-drogues-en-entreprise\/","og_site_name":"Securetec Detektions-Systeme AG","article_modified_time":"2023-03-30T06:27:37+00:00","twitter_card":"summary_large_image","twitter_site":"@DrugWipeUK","twitter_misc":{"Est. reading time":"3 minutes"},"schema":{"@context":"https:\/\/schema.org","@graph":[{"@type":"WebPage","@id":"https:\/\/www.securetec.net\/fr\/references\/depistage-de-drogues-en-entreprise\/","url":"https:\/\/www.securetec.net\/fr\/references\/depistage-de-drogues-en-entreprise\/","name":"D\u00e9pistage de drogues en entreprise - Securetec Detektions-Systeme AG","isPartOf":{"@id":"https:\/\/www.securetec.net\/fr\/#website"},"datePublished":"2018-07-19T15:50:45+00:00","dateModified":"2023-03-30T06:27:37+00:00","breadcrumb":{"@id":"https:\/\/www.securetec.net\/fr\/references\/depistage-de-drogues-en-entreprise\/#breadcrumb"},"inLanguage":"fr-FR","potentialAction":[{"@type":"ReadAction","target":["https:\/\/www.securetec.net\/fr\/references\/depistage-de-drogues-en-entreprise\/"]}]},{"@type":"BreadcrumbList","@id":"https:\/\/www.securetec.net\/fr\/references\/depistage-de-drogues-en-entreprise\/#breadcrumb","itemListElement":[{"@type":"ListItem","position":1,"name":"Startseite","item":"https:\/\/www.securetec.net\/fr\/"},{"@type":"ListItem","position":2,"name":"Solutions de clients","item":"https:\/\/www.securetec.net\/fr\/references\/"},{"@type":"ListItem","position":3,"name":"D\u00e9pistage de drogues en entreprise"}]},{"@type":"WebSite","@id":"https:\/\/www.securetec.net\/fr\/#website","url":"https:\/\/www.securetec.net\/fr\/","name":"Securetec Detektions-Systeme AG","description":"We detect to protect","publisher":{"@id":"https:\/\/www.securetec.net\/fr\/#organization"},"potentialAction":[{"@type":"SearchAction","target":{"@type":"EntryPoint","urlTemplate":"https:\/\/www.securetec.net\/fr\/?s={search_term_string}"},"query-input":{"@type":"PropertyValueSpecification","valueRequired":true,"valueName":"search_term_string"}}],"inLanguage":"fr-FR"},{"@type":"Organization","@id":"https:\/\/www.securetec.net\/fr\/#organization","name":"Securetec Detektions-Systeme AG","url":"https:\/\/www.securetec.net\/fr\/","logo":{"@type":"ImageObject","inLanguage":"fr-FR","@id":"https:\/\/www.securetec.net\/fr\/#\/schema\/logo\/image\/","url":"https:\/\/www.securetec.net\/app\/uploads\/2018\/07\/Securetec_Logo_.png","contentUrl":"https:\/\/www.securetec.net\/app\/uploads\/2018\/07\/Securetec_Logo_.png","width":411,"height":189,"caption":"Securetec Detektions-Systeme AG"},"image":{"@id":"https:\/\/www.securetec.net\/fr\/#\/schema\/logo\/image\/"},"sameAs":["https:\/\/x.com\/DrugWipeUK","https:\/\/www.linkedin.com\/company\/securetec","https:\/\/www.youtube.com\/channel\/UCP9jQA-TYhtqanhaooppMqw"]}]}},"_links":{"self":[{"href":"https:\/\/www.securetec.net\/fr\/wp-json\/wp\/v2\/pages\/7388","targetHints":{"allow":["GET"]}}],"collection":[{"href":"https:\/\/www.securetec.net\/fr\/wp-json\/wp\/v2\/pages"}],"about":[{"href":"https:\/\/www.securetec.net\/fr\/wp-json\/wp\/v2\/types\/page"}],"author":[{"embeddable":true,"href":"https:\/\/www.securetec.net\/fr\/wp-json\/wp\/v2\/users\/1"}],"replies":[{"embeddable":true,"href":"https:\/\/www.securetec.net\/fr\/wp-json\/wp\/v2\/comments?post=7388"}],"version-history":[{"count":15,"href":"https:\/\/www.securetec.net\/fr\/wp-json\/wp\/v2\/pages\/7388\/revisions"}],"predecessor-version":[{"id":14204,"href":"https:\/\/www.securetec.net\/fr\/wp-json\/wp\/v2\/pages\/7388\/revisions\/14204"}],"up":[{"embeddable":true,"href":"https:\/\/www.securetec.net\/fr\/wp-json\/wp\/v2\/pages\/7354"}],"wp:attachment":[{"href":"https:\/\/www.securetec.net\/fr\/wp-json\/wp\/v2\/media?parent=7388"}],"curies":[{"name":"wp","href":"https:\/\/api.w.org\/{rel}","templated":true}]}}