{"id":7374,"date":"2018-11-21T12:02:15","date_gmt":"2018-11-21T11:02:15","guid":{"rendered":"https:\/\/www.securetec.net\/?page_id=7374"},"modified":"2020-09-25T13:06:19","modified_gmt":"2020-09-25T11:06:19","slug":"tests-de-point-dintervention-avec-dosages-immunologiques","status":"publish","type":"page","link":"https:\/\/www.securetec.net\/fr\/references\/diagnostic-de-point-dintervention\/tests-de-point-dintervention-avec-dosages-immunologiques\/","title":{"rendered":"Tests de point d&rsquo;intervention avec dosages immunologiques"},"content":{"rendered":"<div class=\"wpb-content-wrapper\"><p>[vc_row][vc_column width=\u00a0\u00bb2\/3&Prime;][vc_column_text]Notre soci\u00e9t\u00e9 est sp\u00e9cialis\u00e9e dans les syst\u00e8mes de d\u00e9tection simples d&rsquo;utilisation\u00a0: dosages immunologiques, tests rapides de DIV, solutions mat\u00e9rielles pour <a href=\"http:\/\/www.speicheltest.de\/Point-of-Care-und-IVD\">tests de point d&rsquo;intervention<\/a>, etc.<\/p>\n<p>Un test immunochromatographique \u00e0 bande r\u00e9active permet de r\u00e9aliser un d\u00e9pistage instantan\u00e9, par exemple dans le cadre du diagnostic m\u00e9dical et des tests de point d&rsquo;intervention.<\/p>\n<p>Securetec d\u00e9veloppe et fabrique des tests immunochromatographiques pour divers analytes et domaines d&rsquo;application. Nous sommes \u00e0 votre disposition pour vous informer sur les possibilit\u00e9s de collaboration.<\/p>\n<p>[\/vc_column_text][\/vc_column][vc_column width=\u00a0\u00bb1\/3&Prime; content_alignment=\u00a0\u00bbright\u00a0\u00bb][tm_image align=\u00a0\u00bbright\u00a0\u00bb image=\u00a0\u00bb4746&Prime;][\/vc_column][\/vc_row]<\/p>\n<\/div>","protected":false},"excerpt":{"rendered":"[vc_row][vc_column width=\u00a0\u00bb2\/3&Prime;][vc_column_text]Notre soci\u00e9t\u00e9 est sp\u00e9cialis\u00e9e dans les syst\u00e8mes de d\u00e9tection simples d&rsquo;utilisation\u00a0: dosages immunologiques, tests rapides de DIV, solutions mat\u00e9rielles pour tests de point d&rsquo;intervention, etc. Un test immunochromatographique \u00e0 bande r\u00e9active permet de r\u00e9aliser un d\u00e9pistage instantan\u00e9, par exemple dans le cadre du diagnostic m\u00e9dical et des tests de point d&rsquo;intervention. Securetec d\u00e9veloppe et fabrique des tests immunochromatographiques pour divers analytes et domaines d&rsquo;application. Nous sommes \u00e0 votre disposition pour vous informer sur les possibilit\u00e9s de collaboration. [\/vc_column_text][\/vc_column][vc_column width=\u00a0\u00bb1\/3&Prime; content_alignment=\u00a0\u00bbright\u00a0\u00bb][tm_image align=\u00a0\u00bbright\u00a0\u00bb image=\u00a0\u00bb4746&Prime;][\/vc_column][\/vc_row]","protected":false},"author":7,"featured_media":0,"parent":7364,"menu_order":0,"comment_status":"closed","ping_status":"closed","template":"","meta":{"footnotes":""},"class_list":["post-7374","page","type-page","status-publish","hentry"],"yoast_head":"<!-- This site is optimized with the Yoast SEO plugin v25.6 - https:\/\/yoast.com\/wordpress\/plugins\/seo\/ -->\n<title>Tests de point d&#039;intervention avec dosages immunologiques - Securetec Detektions-Systeme AG<\/title>\n<meta name=\"robots\" content=\"index, follow, max-snippet:-1, max-image-preview:large, max-video-preview:-1\" \/>\n<link rel=\"canonical\" href=\"https:\/\/www.securetec.net\/fr\/references\/diagnostic-de-point-dintervention\/tests-de-point-dintervention-avec-dosages-immunologiques\/\" \/>\n<meta property=\"og:locale\" content=\"fr_FR\" \/>\n<meta property=\"og:type\" content=\"article\" \/>\n<meta property=\"og:title\" content=\"Tests de point d&#039;intervention avec dosages immunologiques - Securetec Detektions-Systeme AG\" \/>\n<meta property=\"og:url\" content=\"https:\/\/www.securetec.net\/fr\/references\/diagnostic-de-point-dintervention\/tests-de-point-dintervention-avec-dosages-immunologiques\/\" \/>\n<meta property=\"og:site_name\" content=\"Securetec Detektions-Systeme AG\" \/>\n<meta property=\"article:modified_time\" content=\"2020-09-25T11:06:19+00:00\" \/>\n<meta name=\"twitter:card\" content=\"summary_large_image\" \/>\n<meta name=\"twitter:site\" content=\"@DrugWipeUK\" \/>\n<meta name=\"twitter:label1\" content=\"Est. reading time\" \/>\n\t<meta name=\"twitter:data1\" content=\"1 minute\" \/>\n<script type=\"application\/ld+json\" class=\"yoast-schema-graph\">{\"@context\":\"https:\/\/schema.org\",\"@graph\":[{\"@type\":\"WebPage\",\"@id\":\"https:\/\/www.securetec.net\/fr\/references\/diagnostic-de-point-dintervention\/tests-de-point-dintervention-avec-dosages-immunologiques\/\",\"url\":\"https:\/\/www.securetec.net\/fr\/references\/diagnostic-de-point-dintervention\/tests-de-point-dintervention-avec-dosages-immunologiques\/\",\"name\":\"Tests de point d'intervention avec dosages immunologiques - Securetec Detektions-Systeme AG\",\"isPartOf\":{\"@id\":\"https:\/\/www.securetec.net\/fr\/#website\"},\"datePublished\":\"2018-11-21T11:02:15+00:00\",\"dateModified\":\"2020-09-25T11:06:19+00:00\",\"breadcrumb\":{\"@id\":\"https:\/\/www.securetec.net\/fr\/references\/diagnostic-de-point-dintervention\/tests-de-point-dintervention-avec-dosages-immunologiques\/#breadcrumb\"},\"inLanguage\":\"fr-FR\",\"potentialAction\":[{\"@type\":\"ReadAction\",\"target\":[\"https:\/\/www.securetec.net\/fr\/references\/diagnostic-de-point-dintervention\/tests-de-point-dintervention-avec-dosages-immunologiques\/\"]}]},{\"@type\":\"BreadcrumbList\",\"@id\":\"https:\/\/www.securetec.net\/fr\/references\/diagnostic-de-point-dintervention\/tests-de-point-dintervention-avec-dosages-immunologiques\/#breadcrumb\",\"itemListElement\":[{\"@type\":\"ListItem\",\"position\":1,\"name\":\"Startseite\",\"item\":\"https:\/\/www.securetec.net\/fr\/\"},{\"@type\":\"ListItem\",\"position\":2,\"name\":\"Solutions de clients\",\"item\":\"https:\/\/www.securetec.net\/fr\/references\/\"},{\"@type\":\"ListItem\",\"position\":3,\"name\":\"Diagnostic de point d&#8217;intervention\",\"item\":\"https:\/\/www.securetec.net\/fr\/references\/diagnostic-de-point-dintervention\/\"},{\"@type\":\"ListItem\",\"position\":4,\"name\":\"Tests de point d&rsquo;intervention avec dosages immunologiques\"}]},{\"@type\":\"WebSite\",\"@id\":\"https:\/\/www.securetec.net\/fr\/#website\",\"url\":\"https:\/\/www.securetec.net\/fr\/\",\"name\":\"Securetec Detektions-Systeme AG\",\"description\":\"We detect to protect\",\"publisher\":{\"@id\":\"https:\/\/www.securetec.net\/fr\/#organization\"},\"potentialAction\":[{\"@type\":\"SearchAction\",\"target\":{\"@type\":\"EntryPoint\",\"urlTemplate\":\"https:\/\/www.securetec.net\/fr\/?s={search_term_string}\"},\"query-input\":{\"@type\":\"PropertyValueSpecification\",\"valueRequired\":true,\"valueName\":\"search_term_string\"}}],\"inLanguage\":\"fr-FR\"},{\"@type\":\"Organization\",\"@id\":\"https:\/\/www.securetec.net\/fr\/#organization\",\"name\":\"Securetec Detektions-Systeme AG\",\"url\":\"https:\/\/www.securetec.net\/fr\/\",\"logo\":{\"@type\":\"ImageObject\",\"inLanguage\":\"fr-FR\",\"@id\":\"https:\/\/www.securetec.net\/fr\/#\/schema\/logo\/image\/\",\"url\":\"https:\/\/www.securetec.net\/app\/uploads\/2018\/07\/Securetec_Logo_.png\",\"contentUrl\":\"https:\/\/www.securetec.net\/app\/uploads\/2018\/07\/Securetec_Logo_.png\",\"width\":411,\"height\":189,\"caption\":\"Securetec Detektions-Systeme AG\"},\"image\":{\"@id\":\"https:\/\/www.securetec.net\/fr\/#\/schema\/logo\/image\/\"},\"sameAs\":[\"https:\/\/x.com\/DrugWipeUK\",\"https:\/\/www.linkedin.com\/company\/securetec\",\"https:\/\/www.youtube.com\/channel\/UCP9jQA-TYhtqanhaooppMqw\"]}]}<\/script>\n<!-- \/ Yoast SEO plugin. -->","yoast_head_json":{"title":"Tests de point d'intervention avec dosages immunologiques - Securetec Detektions-Systeme AG","robots":{"index":"index","follow":"follow","max-snippet":"max-snippet:-1","max-image-preview":"max-image-preview:large","max-video-preview":"max-video-preview:-1"},"canonical":"https:\/\/www.securetec.net\/fr\/references\/diagnostic-de-point-dintervention\/tests-de-point-dintervention-avec-dosages-immunologiques\/","og_locale":"fr_FR","og_type":"article","og_title":"Tests de point d'intervention avec dosages immunologiques - Securetec Detektions-Systeme AG","og_url":"https:\/\/www.securetec.net\/fr\/references\/diagnostic-de-point-dintervention\/tests-de-point-dintervention-avec-dosages-immunologiques\/","og_site_name":"Securetec Detektions-Systeme AG","article_modified_time":"2020-09-25T11:06:19+00:00","twitter_card":"summary_large_image","twitter_site":"@DrugWipeUK","twitter_misc":{"Est. reading time":"1 minute"},"schema":{"@context":"https:\/\/schema.org","@graph":[{"@type":"WebPage","@id":"https:\/\/www.securetec.net\/fr\/references\/diagnostic-de-point-dintervention\/tests-de-point-dintervention-avec-dosages-immunologiques\/","url":"https:\/\/www.securetec.net\/fr\/references\/diagnostic-de-point-dintervention\/tests-de-point-dintervention-avec-dosages-immunologiques\/","name":"Tests de point d'intervention avec dosages immunologiques - Securetec Detektions-Systeme AG","isPartOf":{"@id":"https:\/\/www.securetec.net\/fr\/#website"},"datePublished":"2018-11-21T11:02:15+00:00","dateModified":"2020-09-25T11:06:19+00:00","breadcrumb":{"@id":"https:\/\/www.securetec.net\/fr\/references\/diagnostic-de-point-dintervention\/tests-de-point-dintervention-avec-dosages-immunologiques\/#breadcrumb"},"inLanguage":"fr-FR","potentialAction":[{"@type":"ReadAction","target":["https:\/\/www.securetec.net\/fr\/references\/diagnostic-de-point-dintervention\/tests-de-point-dintervention-avec-dosages-immunologiques\/"]}]},{"@type":"BreadcrumbList","@id":"https:\/\/www.securetec.net\/fr\/references\/diagnostic-de-point-dintervention\/tests-de-point-dintervention-avec-dosages-immunologiques\/#breadcrumb","itemListElement":[{"@type":"ListItem","position":1,"name":"Startseite","item":"https:\/\/www.securetec.net\/fr\/"},{"@type":"ListItem","position":2,"name":"Solutions de clients","item":"https:\/\/www.securetec.net\/fr\/references\/"},{"@type":"ListItem","position":3,"name":"Diagnostic de point d&#8217;intervention","item":"https:\/\/www.securetec.net\/fr\/references\/diagnostic-de-point-dintervention\/"},{"@type":"ListItem","position":4,"name":"Tests de point d&rsquo;intervention avec dosages immunologiques"}]},{"@type":"WebSite","@id":"https:\/\/www.securetec.net\/fr\/#website","url":"https:\/\/www.securetec.net\/fr\/","name":"Securetec Detektions-Systeme AG","description":"We detect to protect","publisher":{"@id":"https:\/\/www.securetec.net\/fr\/#organization"},"potentialAction":[{"@type":"SearchAction","target":{"@type":"EntryPoint","urlTemplate":"https:\/\/www.securetec.net\/fr\/?s={search_term_string}"},"query-input":{"@type":"PropertyValueSpecification","valueRequired":true,"valueName":"search_term_string"}}],"inLanguage":"fr-FR"},{"@type":"Organization","@id":"https:\/\/www.securetec.net\/fr\/#organization","name":"Securetec Detektions-Systeme AG","url":"https:\/\/www.securetec.net\/fr\/","logo":{"@type":"ImageObject","inLanguage":"fr-FR","@id":"https:\/\/www.securetec.net\/fr\/#\/schema\/logo\/image\/","url":"https:\/\/www.securetec.net\/app\/uploads\/2018\/07\/Securetec_Logo_.png","contentUrl":"https:\/\/www.securetec.net\/app\/uploads\/2018\/07\/Securetec_Logo_.png","width":411,"height":189,"caption":"Securetec Detektions-Systeme AG"},"image":{"@id":"https:\/\/www.securetec.net\/fr\/#\/schema\/logo\/image\/"},"sameAs":["https:\/\/x.com\/DrugWipeUK","https:\/\/www.linkedin.com\/company\/securetec","https:\/\/www.youtube.com\/channel\/UCP9jQA-TYhtqanhaooppMqw"]}]}},"_links":{"self":[{"href":"https:\/\/www.securetec.net\/fr\/wp-json\/wp\/v2\/pages\/7374","targetHints":{"allow":["GET"]}}],"collection":[{"href":"https:\/\/www.securetec.net\/fr\/wp-json\/wp\/v2\/pages"}],"about":[{"href":"https:\/\/www.securetec.net\/fr\/wp-json\/wp\/v2\/types\/page"}],"author":[{"embeddable":true,"href":"https:\/\/www.securetec.net\/fr\/wp-json\/wp\/v2\/users\/7"}],"replies":[{"embeddable":true,"href":"https:\/\/www.securetec.net\/fr\/wp-json\/wp\/v2\/comments?post=7374"}],"version-history":[{"count":5,"href":"https:\/\/www.securetec.net\/fr\/wp-json\/wp\/v2\/pages\/7374\/revisions"}],"predecessor-version":[{"id":9436,"href":"https:\/\/www.securetec.net\/fr\/wp-json\/wp\/v2\/pages\/7374\/revisions\/9436"}],"up":[{"embeddable":true,"href":"https:\/\/www.securetec.net\/fr\/wp-json\/wp\/v2\/pages\/7364"}],"wp:attachment":[{"href":"https:\/\/www.securetec.net\/fr\/wp-json\/wp\/v2\/media?parent=7374"}],"curies":[{"name":"wp","href":"https:\/\/api.w.org\/{rel}","templated":true}]}}