{"id":7370,"date":"2018-11-21T11:57:51","date_gmt":"2018-11-21T10:57:51","guid":{"rendered":"https:\/\/www.securetec.net\/?page_id=7370"},"modified":"2020-09-25T13:04:45","modified_gmt":"2020-09-25T11:04:45","slug":"tests-rapides-de-diagnostic-precoce-dans-la-medecine-militaire","status":"publish","type":"page","link":"https:\/\/www.securetec.net\/fr\/references\/diagnostic-de-point-dintervention\/tests-rapides-de-diagnostic-precoce-dans-la-medecine-militaire\/","title":{"rendered":"Tests rapides de diagnostic pr\u00e9coce dans la m\u00e9decine militaire"},"content":{"rendered":"<div class=\"wpb-content-wrapper\"><p>[vc_row][vc_column width=\u00a0\u00bb2\/3&Prime;][vc_column_text]<\/p>\n<h3>S\u00e9curit\u00e9 et protection active<\/h3>\n<p>Notre s\u00e9curit\u00e9 personnelle et sociale est aujourd&rsquo;hui expos\u00e9e \u00e0 de nombreuses menaces. Toute protection efficace suppose que ces dangers soient correctement et rapidement \u00e9valu\u00e9s selon leur nature et selon le contexte. Faute de moyens et de technologies permettant de reconna\u00eetre les dangers, nous nous trouvons priv\u00e9s de m\u00e9thodes de protection. Nous r\u00e9agissons mal, de mani\u00e8re tardive et inadapt\u00e9e, en tant qu&rsquo;individu et en tant que soci\u00e9t\u00e9.<\/p>\n<p>Depuis 1995, la soci\u00e9t\u00e9 Securetec AG propose \u00e0 des clients du monde entier des produits et technologies de d\u00e9pistage de stup\u00e9fiants et de substances dangereuses. Nous sommes fiers de contribuer efficacement \u00e0 la s\u00e9curit\u00e9 des personnes et de la soci\u00e9t\u00e9.<\/p>\n<h3>D\u00e9veloppement continu de perspectives nouvelles<\/h3>\n<p>Forte d&rsquo;une grande exp\u00e9rience, la soci\u00e9t\u00e9 Securetec travaille en coop\u00e9ration avec les autorit\u00e9s, les entreprises et la recherche en m\u00e9decine militaire. Nos principales comp\u00e9tences sont ax\u00e9es sur les syst\u00e8mes de d\u00e9tection sur site, les tests rapides adapt\u00e9s au travail de terrain et le savoir-faire associ\u00e9. Dans le cadre de projets conjoints partiellement financ\u00e9s par l&rsquo;UE et par le minist\u00e8re f\u00e9d\u00e9ral allemand de l&rsquo;\u00e9ducation et de la recherche, nous travaillons en collaboration avec de nombreux partenaires \u00e9conomiques et scientifiques, notamment pour des solutions dans le domaine de la protection ABC m\u00e9dicale.<\/p>\n<p>En ce qui concerne le diagnostic hors laboratoire, Securetec a d\u00e9velopp\u00e9 un test mobile rapide pour les urgences m\u00e9dicales sur le terrain (NRBC).[\/vc_column_text][\/vc_column][vc_column width=\u00a0\u00bb1\/3&Prime; content_alignment=\u00a0\u00bbright\u00a0\u00bb][tm_image align=\u00a0\u00bbright\u00a0\u00bb image=\u00a0\u00bb4754&Prime;][\/vc_column][\/vc_row]<\/p>\n<\/div>","protected":false},"excerpt":{"rendered":"[vc_row][vc_column width=\u00a0\u00bb2\/3&Prime;][vc_column_text] S\u00e9curit\u00e9 et protection active Notre s\u00e9curit\u00e9 personnelle et sociale est aujourd&rsquo;hui expos\u00e9e \u00e0 de nombreuses menaces. Toute protection efficace suppose que ces dangers soient correctement et rapidement \u00e9valu\u00e9s selon leur nature et selon le contexte. Faute de moyens et de technologies permettant de reconna\u00eetre les dangers, nous nous trouvons priv\u00e9s de m\u00e9thodes de protection. Nous r\u00e9agissons mal, de mani\u00e8re tardive et inadapt\u00e9e, en tant qu&rsquo;individu et en tant que soci\u00e9t\u00e9. Depuis 1995, la soci\u00e9t\u00e9 Securetec AG propose \u00e0 des clients du monde entier des produits et technologies de d\u00e9pistage de stup\u00e9fiants et de substances dangereuses. Nous sommes fiers de contribuer efficacement \u00e0 la s\u00e9curit\u00e9 des personnes et de la soci\u00e9t\u00e9. D\u00e9veloppement continu de perspectives nouvelles Forte d&rsquo;une grande exp\u00e9rience, la soci\u00e9t\u00e9 Securetec travaille en coop\u00e9ration avec les autorit\u00e9s, les entreprises et la recherche en m\u00e9decine militaire. Nos principales comp\u00e9tences sont ax\u00e9es sur les syst\u00e8mes de d\u00e9tection sur site, les tests rapides adapt\u00e9s au travail de terrain et le savoir-faire associ\u00e9. Dans le cadre de projets conjoints partiellement financ\u00e9s par l&rsquo;UE et par le minist\u00e8re f\u00e9d\u00e9ral allemand de l&rsquo;\u00e9ducation et de la recherche, nous travaillons en collaboration avec de nombreux partenaires \u00e9conomiques et scientifiques, notamment pour des solutions dans le domaine de la protection ABC m\u00e9dicale. En ce qui concerne le diagnostic hors laboratoire, Securetec a d\u00e9velopp\u00e9 un test mobile rapide pour les urgences m\u00e9dicales sur le terrain (NRBC).[\/vc_column_text][\/vc_column][vc_column width=\u00a0\u00bb1\/3&Prime; content_alignment=\u00a0\u00bbright\u00a0\u00bb][tm_image align=\u00a0\u00bbright\u00a0\u00bb image=\u00a0\u00bb4754&Prime;][\/vc_column][\/vc_row]","protected":false},"author":7,"featured_media":0,"parent":7364,"menu_order":0,"comment_status":"closed","ping_status":"closed","template":"","meta":{"footnotes":""},"class_list":["post-7370","page","type-page","status-publish","hentry"],"yoast_head":"<!-- This site is optimized with the Yoast SEO plugin v25.6 - https:\/\/yoast.com\/wordpress\/plugins\/seo\/ -->\n<title>Tests rapides de diagnostic pr\u00e9coce dans la m\u00e9decine militaire - Securetec Detektions-Systeme AG<\/title>\n<meta name=\"robots\" content=\"index, follow, max-snippet:-1, max-image-preview:large, max-video-preview:-1\" \/>\n<link rel=\"canonical\" href=\"https:\/\/www.securetec.net\/fr\/references\/diagnostic-de-point-dintervention\/tests-rapides-de-diagnostic-precoce-dans-la-medecine-militaire\/\" \/>\n<meta property=\"og:locale\" content=\"fr_FR\" \/>\n<meta property=\"og:type\" content=\"article\" \/>\n<meta property=\"og:title\" content=\"Tests rapides de diagnostic pr\u00e9coce dans la m\u00e9decine militaire - Securetec Detektions-Systeme AG\" \/>\n<meta property=\"og:url\" content=\"https:\/\/www.securetec.net\/fr\/references\/diagnostic-de-point-dintervention\/tests-rapides-de-diagnostic-precoce-dans-la-medecine-militaire\/\" \/>\n<meta property=\"og:site_name\" content=\"Securetec Detektions-Systeme AG\" \/>\n<meta property=\"article:modified_time\" content=\"2020-09-25T11:04:45+00:00\" \/>\n<meta name=\"twitter:card\" content=\"summary_large_image\" \/>\n<meta name=\"twitter:site\" content=\"@DrugWipeUK\" \/>\n<meta name=\"twitter:label1\" content=\"Est. reading time\" \/>\n\t<meta name=\"twitter:data1\" content=\"1 minute\" \/>\n<script type=\"application\/ld+json\" class=\"yoast-schema-graph\">{\"@context\":\"https:\/\/schema.org\",\"@graph\":[{\"@type\":\"WebPage\",\"@id\":\"https:\/\/www.securetec.net\/fr\/references\/diagnostic-de-point-dintervention\/tests-rapides-de-diagnostic-precoce-dans-la-medecine-militaire\/\",\"url\":\"https:\/\/www.securetec.net\/fr\/references\/diagnostic-de-point-dintervention\/tests-rapides-de-diagnostic-precoce-dans-la-medecine-militaire\/\",\"name\":\"Tests rapides de diagnostic pr\u00e9coce dans la m\u00e9decine militaire - Securetec Detektions-Systeme AG\",\"isPartOf\":{\"@id\":\"https:\/\/www.securetec.net\/fr\/#website\"},\"datePublished\":\"2018-11-21T10:57:51+00:00\",\"dateModified\":\"2020-09-25T11:04:45+00:00\",\"breadcrumb\":{\"@id\":\"https:\/\/www.securetec.net\/fr\/references\/diagnostic-de-point-dintervention\/tests-rapides-de-diagnostic-precoce-dans-la-medecine-militaire\/#breadcrumb\"},\"inLanguage\":\"fr-FR\",\"potentialAction\":[{\"@type\":\"ReadAction\",\"target\":[\"https:\/\/www.securetec.net\/fr\/references\/diagnostic-de-point-dintervention\/tests-rapides-de-diagnostic-precoce-dans-la-medecine-militaire\/\"]}]},{\"@type\":\"BreadcrumbList\",\"@id\":\"https:\/\/www.securetec.net\/fr\/references\/diagnostic-de-point-dintervention\/tests-rapides-de-diagnostic-precoce-dans-la-medecine-militaire\/#breadcrumb\",\"itemListElement\":[{\"@type\":\"ListItem\",\"position\":1,\"name\":\"Startseite\",\"item\":\"https:\/\/www.securetec.net\/fr\/\"},{\"@type\":\"ListItem\",\"position\":2,\"name\":\"Solutions de clients\",\"item\":\"https:\/\/www.securetec.net\/fr\/references\/\"},{\"@type\":\"ListItem\",\"position\":3,\"name\":\"Diagnostic de point d&#8217;intervention\",\"item\":\"https:\/\/www.securetec.net\/fr\/references\/diagnostic-de-point-dintervention\/\"},{\"@type\":\"ListItem\",\"position\":4,\"name\":\"Tests rapides de diagnostic pr\u00e9coce dans la m\u00e9decine militaire\"}]},{\"@type\":\"WebSite\",\"@id\":\"https:\/\/www.securetec.net\/fr\/#website\",\"url\":\"https:\/\/www.securetec.net\/fr\/\",\"name\":\"Securetec Detektions-Systeme AG\",\"description\":\"We detect to protect\",\"publisher\":{\"@id\":\"https:\/\/www.securetec.net\/fr\/#organization\"},\"potentialAction\":[{\"@type\":\"SearchAction\",\"target\":{\"@type\":\"EntryPoint\",\"urlTemplate\":\"https:\/\/www.securetec.net\/fr\/?s={search_term_string}\"},\"query-input\":{\"@type\":\"PropertyValueSpecification\",\"valueRequired\":true,\"valueName\":\"search_term_string\"}}],\"inLanguage\":\"fr-FR\"},{\"@type\":\"Organization\",\"@id\":\"https:\/\/www.securetec.net\/fr\/#organization\",\"name\":\"Securetec Detektions-Systeme AG\",\"url\":\"https:\/\/www.securetec.net\/fr\/\",\"logo\":{\"@type\":\"ImageObject\",\"inLanguage\":\"fr-FR\",\"@id\":\"https:\/\/www.securetec.net\/fr\/#\/schema\/logo\/image\/\",\"url\":\"https:\/\/www.securetec.net\/app\/uploads\/2018\/07\/Securetec_Logo_.png\",\"contentUrl\":\"https:\/\/www.securetec.net\/app\/uploads\/2018\/07\/Securetec_Logo_.png\",\"width\":411,\"height\":189,\"caption\":\"Securetec Detektions-Systeme AG\"},\"image\":{\"@id\":\"https:\/\/www.securetec.net\/fr\/#\/schema\/logo\/image\/\"},\"sameAs\":[\"https:\/\/x.com\/DrugWipeUK\",\"https:\/\/www.linkedin.com\/company\/securetec\",\"https:\/\/www.youtube.com\/channel\/UCP9jQA-TYhtqanhaooppMqw\"]}]}<\/script>\n<!-- \/ Yoast SEO plugin. -->","yoast_head_json":{"title":"Tests rapides de diagnostic pr\u00e9coce dans la m\u00e9decine militaire - Securetec Detektions-Systeme AG","robots":{"index":"index","follow":"follow","max-snippet":"max-snippet:-1","max-image-preview":"max-image-preview:large","max-video-preview":"max-video-preview:-1"},"canonical":"https:\/\/www.securetec.net\/fr\/references\/diagnostic-de-point-dintervention\/tests-rapides-de-diagnostic-precoce-dans-la-medecine-militaire\/","og_locale":"fr_FR","og_type":"article","og_title":"Tests rapides de diagnostic pr\u00e9coce dans la m\u00e9decine militaire - Securetec Detektions-Systeme AG","og_url":"https:\/\/www.securetec.net\/fr\/references\/diagnostic-de-point-dintervention\/tests-rapides-de-diagnostic-precoce-dans-la-medecine-militaire\/","og_site_name":"Securetec Detektions-Systeme AG","article_modified_time":"2020-09-25T11:04:45+00:00","twitter_card":"summary_large_image","twitter_site":"@DrugWipeUK","twitter_misc":{"Est. reading time":"1 minute"},"schema":{"@context":"https:\/\/schema.org","@graph":[{"@type":"WebPage","@id":"https:\/\/www.securetec.net\/fr\/references\/diagnostic-de-point-dintervention\/tests-rapides-de-diagnostic-precoce-dans-la-medecine-militaire\/","url":"https:\/\/www.securetec.net\/fr\/references\/diagnostic-de-point-dintervention\/tests-rapides-de-diagnostic-precoce-dans-la-medecine-militaire\/","name":"Tests rapides de diagnostic pr\u00e9coce dans la m\u00e9decine militaire - Securetec Detektions-Systeme AG","isPartOf":{"@id":"https:\/\/www.securetec.net\/fr\/#website"},"datePublished":"2018-11-21T10:57:51+00:00","dateModified":"2020-09-25T11:04:45+00:00","breadcrumb":{"@id":"https:\/\/www.securetec.net\/fr\/references\/diagnostic-de-point-dintervention\/tests-rapides-de-diagnostic-precoce-dans-la-medecine-militaire\/#breadcrumb"},"inLanguage":"fr-FR","potentialAction":[{"@type":"ReadAction","target":["https:\/\/www.securetec.net\/fr\/references\/diagnostic-de-point-dintervention\/tests-rapides-de-diagnostic-precoce-dans-la-medecine-militaire\/"]}]},{"@type":"BreadcrumbList","@id":"https:\/\/www.securetec.net\/fr\/references\/diagnostic-de-point-dintervention\/tests-rapides-de-diagnostic-precoce-dans-la-medecine-militaire\/#breadcrumb","itemListElement":[{"@type":"ListItem","position":1,"name":"Startseite","item":"https:\/\/www.securetec.net\/fr\/"},{"@type":"ListItem","position":2,"name":"Solutions de clients","item":"https:\/\/www.securetec.net\/fr\/references\/"},{"@type":"ListItem","position":3,"name":"Diagnostic de point d&#8217;intervention","item":"https:\/\/www.securetec.net\/fr\/references\/diagnostic-de-point-dintervention\/"},{"@type":"ListItem","position":4,"name":"Tests rapides de diagnostic pr\u00e9coce dans la m\u00e9decine militaire"}]},{"@type":"WebSite","@id":"https:\/\/www.securetec.net\/fr\/#website","url":"https:\/\/www.securetec.net\/fr\/","name":"Securetec Detektions-Systeme AG","description":"We detect to protect","publisher":{"@id":"https:\/\/www.securetec.net\/fr\/#organization"},"potentialAction":[{"@type":"SearchAction","target":{"@type":"EntryPoint","urlTemplate":"https:\/\/www.securetec.net\/fr\/?s={search_term_string}"},"query-input":{"@type":"PropertyValueSpecification","valueRequired":true,"valueName":"search_term_string"}}],"inLanguage":"fr-FR"},{"@type":"Organization","@id":"https:\/\/www.securetec.net\/fr\/#organization","name":"Securetec Detektions-Systeme AG","url":"https:\/\/www.securetec.net\/fr\/","logo":{"@type":"ImageObject","inLanguage":"fr-FR","@id":"https:\/\/www.securetec.net\/fr\/#\/schema\/logo\/image\/","url":"https:\/\/www.securetec.net\/app\/uploads\/2018\/07\/Securetec_Logo_.png","contentUrl":"https:\/\/www.securetec.net\/app\/uploads\/2018\/07\/Securetec_Logo_.png","width":411,"height":189,"caption":"Securetec Detektions-Systeme AG"},"image":{"@id":"https:\/\/www.securetec.net\/fr\/#\/schema\/logo\/image\/"},"sameAs":["https:\/\/x.com\/DrugWipeUK","https:\/\/www.linkedin.com\/company\/securetec","https:\/\/www.youtube.com\/channel\/UCP9jQA-TYhtqanhaooppMqw"]}]}},"_links":{"self":[{"href":"https:\/\/www.securetec.net\/fr\/wp-json\/wp\/v2\/pages\/7370","targetHints":{"allow":["GET"]}}],"collection":[{"href":"https:\/\/www.securetec.net\/fr\/wp-json\/wp\/v2\/pages"}],"about":[{"href":"https:\/\/www.securetec.net\/fr\/wp-json\/wp\/v2\/types\/page"}],"author":[{"embeddable":true,"href":"https:\/\/www.securetec.net\/fr\/wp-json\/wp\/v2\/users\/7"}],"replies":[{"embeddable":true,"href":"https:\/\/www.securetec.net\/fr\/wp-json\/wp\/v2\/comments?post=7370"}],"version-history":[{"count":3,"href":"https:\/\/www.securetec.net\/fr\/wp-json\/wp\/v2\/pages\/7370\/revisions"}],"predecessor-version":[{"id":7997,"href":"https:\/\/www.securetec.net\/fr\/wp-json\/wp\/v2\/pages\/7370\/revisions\/7997"}],"up":[{"embeddable":true,"href":"https:\/\/www.securetec.net\/fr\/wp-json\/wp\/v2\/pages\/7364"}],"wp:attachment":[{"href":"https:\/\/www.securetec.net\/fr\/wp-json\/wp\/v2\/media?parent=7370"}],"curies":[{"name":"wp","href":"https:\/\/api.w.org\/{rel}","templated":true}]}}