{"id":7364,"date":"2018-11-21T11:51:31","date_gmt":"2018-11-21T10:51:31","guid":{"rendered":"https:\/\/www.securetec.net\/?page_id=7364"},"modified":"2022-05-25T13:45:09","modified_gmt":"2022-05-25T11:45:09","slug":"diagnostic-de-point-dintervention","status":"publish","type":"page","link":"https:\/\/www.securetec.net\/fr\/references\/diagnostic-de-point-dintervention\/","title":{"rendered":"Diagnostic de point d&rsquo;intervention"},"content":{"rendered":"<div class=\"wpb-content-wrapper\"><p>[vc_row][vc_column width=\u00a0\u00bb2\/3&Prime;][vc_column_text]Le diagnostic hors laboratoire ne cesse de gagner de l&rsquo;ampleur en milieu hospitalier et dans les cabinets priv\u00e9s. Am\u00e9liorations techniques et nouvelles approches permettent d&rsquo;obtenir des r\u00e9sultats fiables en un temps record et de r\u00e9aliser une \u00e9valuation rapide directement aupr\u00e8s du patient. Les avantages sont ind\u00e9niables.<\/p>\n<p>Les tests rapides de diagnostic Securetec permettent \u00e9galement aux m\u00e9decins d&rsquo;\u00e9tablir un diagnostic rapide directement sur place.[\/vc_column_text][\/vc_column][vc_column width=\u00a0\u00bb1\/3&Prime;][tm_image align=\u00a0\u00bbright\u00a0\u00bb image=\u00a0\u00bb4758&Prime;][\/vc_column][\/vc_row]<\/p>\n<\/div>","protected":false},"excerpt":{"rendered":"[vc_row][vc_column width=\u00a0\u00bb2\/3&Prime;][vc_column_text]Le diagnostic hors laboratoire ne cesse de gagner de l&rsquo;ampleur en milieu hospitalier et dans les cabinets priv\u00e9s. Am\u00e9liorations techniques et nouvelles approches permettent d&rsquo;obtenir des r\u00e9sultats fiables en un temps record et de r\u00e9aliser une \u00e9valuation rapide directement aupr\u00e8s du patient. Les avantages sont ind\u00e9niables. Les tests rapides de diagnostic Securetec permettent \u00e9galement aux m\u00e9decins d&rsquo;\u00e9tablir un diagnostic rapide directement sur place.[\/vc_column_text][\/vc_column][vc_column width=\u00a0\u00bb1\/3&Prime;][tm_image align=\u00a0\u00bbright\u00a0\u00bb image=\u00a0\u00bb4758&Prime;][\/vc_column][\/vc_row]","protected":false},"author":7,"featured_media":0,"parent":7354,"menu_order":0,"comment_status":"closed","ping_status":"closed","template":"","meta":{"footnotes":""},"class_list":["post-7364","page","type-page","status-publish","hentry"],"yoast_head":"<!-- This site is optimized with the Yoast SEO plugin v25.6 - https:\/\/yoast.com\/wordpress\/plugins\/seo\/ -->\n<title>Diagnostic de point d&#039;intervention - Securetec Detektions-Systeme AG<\/title>\n<meta name=\"robots\" content=\"index, follow, max-snippet:-1, max-image-preview:large, max-video-preview:-1\" \/>\n<link rel=\"canonical\" href=\"https:\/\/www.securetec.net\/fr\/references\/diagnostic-de-point-dintervention\/\" \/>\n<meta property=\"og:locale\" content=\"fr_FR\" \/>\n<meta property=\"og:type\" content=\"article\" \/>\n<meta property=\"og:title\" content=\"Diagnostic de point d&#039;intervention - Securetec Detektions-Systeme AG\" \/>\n<meta property=\"og:url\" content=\"https:\/\/www.securetec.net\/fr\/references\/diagnostic-de-point-dintervention\/\" \/>\n<meta property=\"og:site_name\" content=\"Securetec Detektions-Systeme AG\" \/>\n<meta property=\"article:modified_time\" content=\"2022-05-25T11:45:09+00:00\" \/>\n<meta name=\"twitter:card\" content=\"summary_large_image\" \/>\n<meta name=\"twitter:site\" content=\"@DrugWipeUK\" \/>\n<meta name=\"twitter:label1\" content=\"Est. reading time\" \/>\n\t<meta name=\"twitter:data1\" content=\"1 minute\" \/>\n<script type=\"application\/ld+json\" class=\"yoast-schema-graph\">{\"@context\":\"https:\/\/schema.org\",\"@graph\":[{\"@type\":\"WebPage\",\"@id\":\"https:\/\/www.securetec.net\/fr\/references\/diagnostic-de-point-dintervention\/\",\"url\":\"https:\/\/www.securetec.net\/fr\/references\/diagnostic-de-point-dintervention\/\",\"name\":\"Diagnostic de point d'intervention - Securetec Detektions-Systeme AG\",\"isPartOf\":{\"@id\":\"https:\/\/www.securetec.net\/fr\/#website\"},\"datePublished\":\"2018-11-21T10:51:31+00:00\",\"dateModified\":\"2022-05-25T11:45:09+00:00\",\"breadcrumb\":{\"@id\":\"https:\/\/www.securetec.net\/fr\/references\/diagnostic-de-point-dintervention\/#breadcrumb\"},\"inLanguage\":\"fr-FR\",\"potentialAction\":[{\"@type\":\"ReadAction\",\"target\":[\"https:\/\/www.securetec.net\/fr\/references\/diagnostic-de-point-dintervention\/\"]}]},{\"@type\":\"BreadcrumbList\",\"@id\":\"https:\/\/www.securetec.net\/fr\/references\/diagnostic-de-point-dintervention\/#breadcrumb\",\"itemListElement\":[{\"@type\":\"ListItem\",\"position\":1,\"name\":\"Startseite\",\"item\":\"https:\/\/www.securetec.net\/fr\/\"},{\"@type\":\"ListItem\",\"position\":2,\"name\":\"Solutions de clients\",\"item\":\"https:\/\/www.securetec.net\/fr\/references\/\"},{\"@type\":\"ListItem\",\"position\":3,\"name\":\"Diagnostic de point d&#8217;intervention\"}]},{\"@type\":\"WebSite\",\"@id\":\"https:\/\/www.securetec.net\/fr\/#website\",\"url\":\"https:\/\/www.securetec.net\/fr\/\",\"name\":\"Securetec Detektions-Systeme AG\",\"description\":\"We detect to protect\",\"publisher\":{\"@id\":\"https:\/\/www.securetec.net\/fr\/#organization\"},\"potentialAction\":[{\"@type\":\"SearchAction\",\"target\":{\"@type\":\"EntryPoint\",\"urlTemplate\":\"https:\/\/www.securetec.net\/fr\/?s={search_term_string}\"},\"query-input\":{\"@type\":\"PropertyValueSpecification\",\"valueRequired\":true,\"valueName\":\"search_term_string\"}}],\"inLanguage\":\"fr-FR\"},{\"@type\":\"Organization\",\"@id\":\"https:\/\/www.securetec.net\/fr\/#organization\",\"name\":\"Securetec Detektions-Systeme AG\",\"url\":\"https:\/\/www.securetec.net\/fr\/\",\"logo\":{\"@type\":\"ImageObject\",\"inLanguage\":\"fr-FR\",\"@id\":\"https:\/\/www.securetec.net\/fr\/#\/schema\/logo\/image\/\",\"url\":\"https:\/\/www.securetec.net\/app\/uploads\/2018\/07\/Securetec_Logo_.png\",\"contentUrl\":\"https:\/\/www.securetec.net\/app\/uploads\/2018\/07\/Securetec_Logo_.png\",\"width\":411,\"height\":189,\"caption\":\"Securetec Detektions-Systeme AG\"},\"image\":{\"@id\":\"https:\/\/www.securetec.net\/fr\/#\/schema\/logo\/image\/\"},\"sameAs\":[\"https:\/\/x.com\/DrugWipeUK\",\"https:\/\/www.linkedin.com\/company\/securetec\",\"https:\/\/www.youtube.com\/channel\/UCP9jQA-TYhtqanhaooppMqw\"]}]}<\/script>\n<!-- \/ Yoast SEO plugin. -->","yoast_head_json":{"title":"Diagnostic de point d'intervention - Securetec Detektions-Systeme AG","robots":{"index":"index","follow":"follow","max-snippet":"max-snippet:-1","max-image-preview":"max-image-preview:large","max-video-preview":"max-video-preview:-1"},"canonical":"https:\/\/www.securetec.net\/fr\/references\/diagnostic-de-point-dintervention\/","og_locale":"fr_FR","og_type":"article","og_title":"Diagnostic de point d'intervention - Securetec Detektions-Systeme AG","og_url":"https:\/\/www.securetec.net\/fr\/references\/diagnostic-de-point-dintervention\/","og_site_name":"Securetec Detektions-Systeme AG","article_modified_time":"2022-05-25T11:45:09+00:00","twitter_card":"summary_large_image","twitter_site":"@DrugWipeUK","twitter_misc":{"Est. reading time":"1 minute"},"schema":{"@context":"https:\/\/schema.org","@graph":[{"@type":"WebPage","@id":"https:\/\/www.securetec.net\/fr\/references\/diagnostic-de-point-dintervention\/","url":"https:\/\/www.securetec.net\/fr\/references\/diagnostic-de-point-dintervention\/","name":"Diagnostic de point d'intervention - Securetec Detektions-Systeme AG","isPartOf":{"@id":"https:\/\/www.securetec.net\/fr\/#website"},"datePublished":"2018-11-21T10:51:31+00:00","dateModified":"2022-05-25T11:45:09+00:00","breadcrumb":{"@id":"https:\/\/www.securetec.net\/fr\/references\/diagnostic-de-point-dintervention\/#breadcrumb"},"inLanguage":"fr-FR","potentialAction":[{"@type":"ReadAction","target":["https:\/\/www.securetec.net\/fr\/references\/diagnostic-de-point-dintervention\/"]}]},{"@type":"BreadcrumbList","@id":"https:\/\/www.securetec.net\/fr\/references\/diagnostic-de-point-dintervention\/#breadcrumb","itemListElement":[{"@type":"ListItem","position":1,"name":"Startseite","item":"https:\/\/www.securetec.net\/fr\/"},{"@type":"ListItem","position":2,"name":"Solutions de clients","item":"https:\/\/www.securetec.net\/fr\/references\/"},{"@type":"ListItem","position":3,"name":"Diagnostic de point d&#8217;intervention"}]},{"@type":"WebSite","@id":"https:\/\/www.securetec.net\/fr\/#website","url":"https:\/\/www.securetec.net\/fr\/","name":"Securetec Detektions-Systeme AG","description":"We detect to protect","publisher":{"@id":"https:\/\/www.securetec.net\/fr\/#organization"},"potentialAction":[{"@type":"SearchAction","target":{"@type":"EntryPoint","urlTemplate":"https:\/\/www.securetec.net\/fr\/?s={search_term_string}"},"query-input":{"@type":"PropertyValueSpecification","valueRequired":true,"valueName":"search_term_string"}}],"inLanguage":"fr-FR"},{"@type":"Organization","@id":"https:\/\/www.securetec.net\/fr\/#organization","name":"Securetec Detektions-Systeme AG","url":"https:\/\/www.securetec.net\/fr\/","logo":{"@type":"ImageObject","inLanguage":"fr-FR","@id":"https:\/\/www.securetec.net\/fr\/#\/schema\/logo\/image\/","url":"https:\/\/www.securetec.net\/app\/uploads\/2018\/07\/Securetec_Logo_.png","contentUrl":"https:\/\/www.securetec.net\/app\/uploads\/2018\/07\/Securetec_Logo_.png","width":411,"height":189,"caption":"Securetec Detektions-Systeme AG"},"image":{"@id":"https:\/\/www.securetec.net\/fr\/#\/schema\/logo\/image\/"},"sameAs":["https:\/\/x.com\/DrugWipeUK","https:\/\/www.linkedin.com\/company\/securetec","https:\/\/www.youtube.com\/channel\/UCP9jQA-TYhtqanhaooppMqw"]}]}},"_links":{"self":[{"href":"https:\/\/www.securetec.net\/fr\/wp-json\/wp\/v2\/pages\/7364","targetHints":{"allow":["GET"]}}],"collection":[{"href":"https:\/\/www.securetec.net\/fr\/wp-json\/wp\/v2\/pages"}],"about":[{"href":"https:\/\/www.securetec.net\/fr\/wp-json\/wp\/v2\/types\/page"}],"author":[{"embeddable":true,"href":"https:\/\/www.securetec.net\/fr\/wp-json\/wp\/v2\/users\/7"}],"replies":[{"embeddable":true,"href":"https:\/\/www.securetec.net\/fr\/wp-json\/wp\/v2\/comments?post=7364"}],"version-history":[{"count":3,"href":"https:\/\/www.securetec.net\/fr\/wp-json\/wp\/v2\/pages\/7364\/revisions"}],"predecessor-version":[{"id":13521,"href":"https:\/\/www.securetec.net\/fr\/wp-json\/wp\/v2\/pages\/7364\/revisions\/13521"}],"up":[{"embeddable":true,"href":"https:\/\/www.securetec.net\/fr\/wp-json\/wp\/v2\/pages\/7354"}],"wp:attachment":[{"href":"https:\/\/www.securetec.net\/fr\/wp-json\/wp\/v2\/media?parent=7364"}],"curies":[{"name":"wp","href":"https:\/\/api.w.org\/{rel}","templated":true}]}}