{"id":7345,"date":"2018-11-21T09:51:10","date_gmt":"2018-11-21T08:51:10","guid":{"rendered":"https:\/\/www.securetec.net\/?page_id=7345"},"modified":"2021-05-04T09:36:15","modified_gmt":"2021-05-04T07:36:15","slug":"la-drogue-au-volant","status":"publish","type":"page","link":"https:\/\/www.securetec.net\/fr\/references\/test-rapide-pour-la-police\/la-drogue-au-volant\/","title":{"rendered":"La drogue au volant"},"content":{"rendered":"<div class=\"wpb-content-wrapper\"><p>[vc_row][vc_column width=\u00a0\u00bb2\/3&Prime;][vc_column_text]<\/p>\n<p class=\"p1\"><b>Nos tests rapides permettent de d\u00e9pister la consommation de stup\u00e9fiants, partout et en permanence. Les tests salivaires se d\u00e9marquent des tests urinaires en termes de fiabilit\u00e9, de manipulation et\u00a0d&rsquo;hygi\u00e8ne.<\/b><\/p>\n<p class=\"p1\">Les signes r\u00e9v\u00e9lateurs et sympt\u00f4mes de d\u00e9faillance caract\u00e9ristiques de la consommation de drogues sont plus subtils \u00e0 percevoir que ceux en lien avec la consommation d&rsquo;alcool. C&rsquo;est pourquoi les tests de d\u00e9pistage rapide sont indispensables. Leur utilisation permet aux forces de l&rsquo;ordre de proc\u00e9der \u00e0 un d\u00e9pistage de stup\u00e9fiants de mani\u00e8re simple et hygi\u00e9nique, directement sur place. Dans le cadre de la circulation routi\u00e8re, les tests rapides font partie depuis longtemps du mat\u00e9riel de base utilis\u00e9 par la police. De nos jours en Allemagne, pratiquement tous les v\u00e9hicules d&rsquo;intervention sont \u00e9quip\u00e9s de tests de d\u00e9pistage rapide.<span class=\"Apple-converted-space\">\u00a0<\/span><\/p>\n<p class=\"p1\">Les fonctionnaires de police peuvent proc\u00e9der eux-m\u00eames directement au pr\u00e9l\u00e8vement. C&rsquo;est l\u00e0 toute la diff\u00e9rence avec les tests urinaires, avec lesquels une telle proc\u00e9dure devient presque impossible. L&rsquo;intrusion dans l&rsquo;intimit\u00e9 de la personne test\u00e9e est ainsi minime et le taux de coop\u00e9ration est bien plus \u00e9lev\u00e9. De m\u00eame, les utilisateurs sont plus enclins \u00e0 travailler avec des tests salivaires, \u00e9tant donn\u00e9 qu&rsquo;il n&rsquo;y a aucun contact avec la substance de pr\u00e9l\u00e8vement. Il est pratiquement toujours possible de confirmer les r\u00e9sultats par un test sanguin, comme la substance active reste d\u00e9tectable dans le sang et dans la salive pendant la m\u00eame dur\u00e9e approximativement. Des pays tels que l&rsquo;Australie, la France ou l&rsquo;Espagne ont d\u00e9j\u00e0 recours \u00e0 des analyses de confirmation par la salive.<\/p>\n<p class=\"p1\"><b>Soup\u00e7on initial confirm\u00e9 par une analyse en\u00a0laboratoire<br \/>\n<\/b>Le d\u00e9pistage r\u00e9gulier de consommation de stup\u00e9fiants est \u00e9galement depuis longtemps une pratique commune dans le cadre de la s\u00e9curit\u00e9 au travail, en particulier concernant les postes \u00e0 responsabilit\u00e9, notamment dans le cadre de la s\u00e9curit\u00e9 a\u00e9ronautique ou les activit\u00e9s pr\u00e9sentant des risques \u00e9lev\u00e9s comme les travaux sur des lignes \u00e0 haute tension.<span class=\"Apple-converted-space\">\u00a0<\/span><\/p>\n<p class=\"p1\">Il est important de souligner que les tests mobiles de d\u00e9pistage de stup\u00e9fiants r\u00e9alis\u00e9s sur la voie publique ou en entreprise ne remplacent nullement les analyses de laboratoire. M\u00eame avec une fiabilit\u00e9 de test de 99\u00a0%, une analyse de sang ou de salive en laboratoire doit \u00eatre r\u00e9alis\u00e9e pour confirmer juridiquement le soup\u00e7on initial de consommation de drogue.<\/p>\n<p><a href=\"https:\/\/www.securetec.net\/fr\/produits\/test-salivaire-de-depistage-de-drogues\/\">https:\/\/www.securetec.net\/fr\/produits\/test-salivaire-de-depistage-de-drogues\/<\/a>[\/vc_column_text][\/vc_column][vc_column width=\u00a0\u00bb1\/3&Prime; content_alignment=\u00a0\u00bbright\u00a0\u00bb][tm_image align=\u00a0\u00bbright\u00a0\u00bb image=\u00a0\u00bb11362&Prime;][\/vc_column][\/vc_row]<\/p>\n<\/div>","protected":false},"excerpt":{"rendered":"[vc_row][vc_column width=\u00a0\u00bb2\/3&Prime;][vc_column_text] Nos tests rapides permettent de d\u00e9pister la consommation de stup\u00e9fiants, partout et en permanence. Les tests salivaires se d\u00e9marquent des tests urinaires en termes de fiabilit\u00e9, de manipulation et\u00a0d&rsquo;hygi\u00e8ne. Les signes r\u00e9v\u00e9lateurs et sympt\u00f4mes de d\u00e9faillance caract\u00e9ristiques de la consommation de drogues sont plus subtils \u00e0 percevoir que ceux en lien avec la consommation d&rsquo;alcool. C&rsquo;est pourquoi les tests de d\u00e9pistage rapide sont indispensables. Leur utilisation permet aux forces de l&rsquo;ordre de proc\u00e9der \u00e0 un d\u00e9pistage de stup\u00e9fiants de mani\u00e8re simple et hygi\u00e9nique, directement sur place. Dans le cadre de la circulation routi\u00e8re, les tests rapides font partie depuis longtemps du mat\u00e9riel de base utilis\u00e9 par la police. De nos jours en Allemagne, pratiquement tous les v\u00e9hicules d&rsquo;intervention sont \u00e9quip\u00e9s de tests de d\u00e9pistage rapide.\u00a0 Les fonctionnaires de police peuvent proc\u00e9der eux-m\u00eames directement au pr\u00e9l\u00e8vement. C&rsquo;est l\u00e0 toute la diff\u00e9rence avec les tests urinaires, avec lesquels une telle proc\u00e9dure devient presque impossible. L&rsquo;intrusion dans l&rsquo;intimit\u00e9 de la personne test\u00e9e est ainsi minime et le taux de coop\u00e9ration est bien plus \u00e9lev\u00e9. De m\u00eame, les utilisateurs sont plus enclins \u00e0 travailler avec des tests salivaires, \u00e9tant donn\u00e9 qu&rsquo;il n&rsquo;y a aucun contact avec la substance de pr\u00e9l\u00e8vement. Il est pratiquement toujours possible de confirmer les r\u00e9sultats par un test sanguin, comme la substance active reste d\u00e9tectable dans le sang et dans la salive pendant la m\u00eame dur\u00e9e approximativement. Des pays tels que l&rsquo;Australie, la France ou l&rsquo;Espagne ont d\u00e9j\u00e0 recours \u00e0 des analyses de confirmation par la salive. Soup\u00e7on initial confirm\u00e9 par une analyse en\u00a0laboratoire Le d\u00e9pistage r\u00e9gulier de consommation de stup\u00e9fiants est \u00e9galement depuis longtemps une pratique commune dans le cadre de la s\u00e9curit\u00e9 au travail, en particulier concernant les postes \u00e0 responsabilit\u00e9, notamment dans le cadre de la s\u00e9curit\u00e9 a\u00e9ronautique ou les activit\u00e9s pr\u00e9sentant des risques \u00e9lev\u00e9s comme les travaux sur des lignes \u00e0 haute tension.\u00a0 Il est important de souligner que les tests mobiles de d\u00e9pistage de stup\u00e9fiants r\u00e9alis\u00e9s sur la voie publique ou en entreprise ne remplacent nullement les analyses de laboratoire. M\u00eame avec une fiabilit\u00e9 de test de 99\u00a0%, une analyse de sang ou de salive en laboratoire doit \u00eatre r\u00e9alis\u00e9e pour confirmer juridiquement le soup\u00e7on initial de consommation de drogue. https:\/\/www.securetec.net\/fr\/produits\/test-salivaire-de-depistage-de-drogues\/[\/vc_column_text][\/vc_column][vc_column width=\u00a0\u00bb1\/3&Prime; content_alignment=\u00a0\u00bbright\u00a0\u00bb][tm_image align=\u00a0\u00bbright\u00a0\u00bb image=\u00a0\u00bb11362&Prime;][\/vc_column][\/vc_row]","protected":false},"author":7,"featured_media":0,"parent":7332,"menu_order":0,"comment_status":"closed","ping_status":"closed","template":"","meta":{"footnotes":""},"class_list":["post-7345","page","type-page","status-publish","hentry"],"yoast_head":"<!-- This site is optimized with the Yoast SEO plugin v25.6 - https:\/\/yoast.com\/wordpress\/plugins\/seo\/ -->\n<title>La drogue au volant - Securetec Detektions-Systeme AG<\/title>\n<meta name=\"robots\" content=\"index, follow, max-snippet:-1, max-image-preview:large, max-video-preview:-1\" \/>\n<link rel=\"canonical\" href=\"https:\/\/www.securetec.net\/fr\/references\/test-rapide-pour-la-police\/la-drogue-au-volant\/\" \/>\n<meta property=\"og:locale\" content=\"fr_FR\" \/>\n<meta property=\"og:type\" content=\"article\" \/>\n<meta property=\"og:title\" content=\"La drogue au volant - Securetec Detektions-Systeme AG\" \/>\n<meta property=\"og:url\" content=\"https:\/\/www.securetec.net\/fr\/references\/test-rapide-pour-la-police\/la-drogue-au-volant\/\" \/>\n<meta property=\"og:site_name\" content=\"Securetec Detektions-Systeme AG\" \/>\n<meta property=\"article:modified_time\" content=\"2021-05-04T07:36:15+00:00\" \/>\n<meta name=\"twitter:card\" content=\"summary_large_image\" \/>\n<meta name=\"twitter:site\" content=\"@DrugWipeUK\" \/>\n<meta name=\"twitter:label1\" content=\"Est. reading time\" \/>\n\t<meta name=\"twitter:data1\" content=\"2 minutes\" \/>\n<script type=\"application\/ld+json\" class=\"yoast-schema-graph\">{\"@context\":\"https:\/\/schema.org\",\"@graph\":[{\"@type\":\"WebPage\",\"@id\":\"https:\/\/www.securetec.net\/fr\/references\/test-rapide-pour-la-police\/la-drogue-au-volant\/\",\"url\":\"https:\/\/www.securetec.net\/fr\/references\/test-rapide-pour-la-police\/la-drogue-au-volant\/\",\"name\":\"La drogue au volant - Securetec Detektions-Systeme AG\",\"isPartOf\":{\"@id\":\"https:\/\/www.securetec.net\/fr\/#website\"},\"datePublished\":\"2018-11-21T08:51:10+00:00\",\"dateModified\":\"2021-05-04T07:36:15+00:00\",\"breadcrumb\":{\"@id\":\"https:\/\/www.securetec.net\/fr\/references\/test-rapide-pour-la-police\/la-drogue-au-volant\/#breadcrumb\"},\"inLanguage\":\"fr-FR\",\"potentialAction\":[{\"@type\":\"ReadAction\",\"target\":[\"https:\/\/www.securetec.net\/fr\/references\/test-rapide-pour-la-police\/la-drogue-au-volant\/\"]}]},{\"@type\":\"BreadcrumbList\",\"@id\":\"https:\/\/www.securetec.net\/fr\/references\/test-rapide-pour-la-police\/la-drogue-au-volant\/#breadcrumb\",\"itemListElement\":[{\"@type\":\"ListItem\",\"position\":1,\"name\":\"Startseite\",\"item\":\"https:\/\/www.securetec.net\/fr\/\"},{\"@type\":\"ListItem\",\"position\":2,\"name\":\"Solutions de clients\",\"item\":\"https:\/\/www.securetec.net\/fr\/references\/\"},{\"@type\":\"ListItem\",\"position\":3,\"name\":\"Test rapide pour la police\",\"item\":\"https:\/\/www.securetec.net\/fr\/references\/test-rapide-pour-la-police\/\"},{\"@type\":\"ListItem\",\"position\":4,\"name\":\"La drogue au volant\"}]},{\"@type\":\"WebSite\",\"@id\":\"https:\/\/www.securetec.net\/fr\/#website\",\"url\":\"https:\/\/www.securetec.net\/fr\/\",\"name\":\"Securetec Detektions-Systeme AG\",\"description\":\"We detect to protect\",\"publisher\":{\"@id\":\"https:\/\/www.securetec.net\/fr\/#organization\"},\"potentialAction\":[{\"@type\":\"SearchAction\",\"target\":{\"@type\":\"EntryPoint\",\"urlTemplate\":\"https:\/\/www.securetec.net\/fr\/?s={search_term_string}\"},\"query-input\":{\"@type\":\"PropertyValueSpecification\",\"valueRequired\":true,\"valueName\":\"search_term_string\"}}],\"inLanguage\":\"fr-FR\"},{\"@type\":\"Organization\",\"@id\":\"https:\/\/www.securetec.net\/fr\/#organization\",\"name\":\"Securetec Detektions-Systeme AG\",\"url\":\"https:\/\/www.securetec.net\/fr\/\",\"logo\":{\"@type\":\"ImageObject\",\"inLanguage\":\"fr-FR\",\"@id\":\"https:\/\/www.securetec.net\/fr\/#\/schema\/logo\/image\/\",\"url\":\"https:\/\/www.securetec.net\/app\/uploads\/2018\/07\/Securetec_Logo_.png\",\"contentUrl\":\"https:\/\/www.securetec.net\/app\/uploads\/2018\/07\/Securetec_Logo_.png\",\"width\":411,\"height\":189,\"caption\":\"Securetec Detektions-Systeme AG\"},\"image\":{\"@id\":\"https:\/\/www.securetec.net\/fr\/#\/schema\/logo\/image\/\"},\"sameAs\":[\"https:\/\/x.com\/DrugWipeUK\",\"https:\/\/www.linkedin.com\/company\/securetec\",\"https:\/\/www.youtube.com\/channel\/UCP9jQA-TYhtqanhaooppMqw\"]}]}<\/script>\n<!-- \/ Yoast SEO plugin. -->","yoast_head_json":{"title":"La drogue au volant - Securetec Detektions-Systeme AG","robots":{"index":"index","follow":"follow","max-snippet":"max-snippet:-1","max-image-preview":"max-image-preview:large","max-video-preview":"max-video-preview:-1"},"canonical":"https:\/\/www.securetec.net\/fr\/references\/test-rapide-pour-la-police\/la-drogue-au-volant\/","og_locale":"fr_FR","og_type":"article","og_title":"La drogue au volant - Securetec Detektions-Systeme AG","og_url":"https:\/\/www.securetec.net\/fr\/references\/test-rapide-pour-la-police\/la-drogue-au-volant\/","og_site_name":"Securetec Detektions-Systeme AG","article_modified_time":"2021-05-04T07:36:15+00:00","twitter_card":"summary_large_image","twitter_site":"@DrugWipeUK","twitter_misc":{"Est. reading time":"2 minutes"},"schema":{"@context":"https:\/\/schema.org","@graph":[{"@type":"WebPage","@id":"https:\/\/www.securetec.net\/fr\/references\/test-rapide-pour-la-police\/la-drogue-au-volant\/","url":"https:\/\/www.securetec.net\/fr\/references\/test-rapide-pour-la-police\/la-drogue-au-volant\/","name":"La drogue au volant - Securetec Detektions-Systeme AG","isPartOf":{"@id":"https:\/\/www.securetec.net\/fr\/#website"},"datePublished":"2018-11-21T08:51:10+00:00","dateModified":"2021-05-04T07:36:15+00:00","breadcrumb":{"@id":"https:\/\/www.securetec.net\/fr\/references\/test-rapide-pour-la-police\/la-drogue-au-volant\/#breadcrumb"},"inLanguage":"fr-FR","potentialAction":[{"@type":"ReadAction","target":["https:\/\/www.securetec.net\/fr\/references\/test-rapide-pour-la-police\/la-drogue-au-volant\/"]}]},{"@type":"BreadcrumbList","@id":"https:\/\/www.securetec.net\/fr\/references\/test-rapide-pour-la-police\/la-drogue-au-volant\/#breadcrumb","itemListElement":[{"@type":"ListItem","position":1,"name":"Startseite","item":"https:\/\/www.securetec.net\/fr\/"},{"@type":"ListItem","position":2,"name":"Solutions de clients","item":"https:\/\/www.securetec.net\/fr\/references\/"},{"@type":"ListItem","position":3,"name":"Test rapide pour la police","item":"https:\/\/www.securetec.net\/fr\/references\/test-rapide-pour-la-police\/"},{"@type":"ListItem","position":4,"name":"La drogue au volant"}]},{"@type":"WebSite","@id":"https:\/\/www.securetec.net\/fr\/#website","url":"https:\/\/www.securetec.net\/fr\/","name":"Securetec Detektions-Systeme AG","description":"We detect to protect","publisher":{"@id":"https:\/\/www.securetec.net\/fr\/#organization"},"potentialAction":[{"@type":"SearchAction","target":{"@type":"EntryPoint","urlTemplate":"https:\/\/www.securetec.net\/fr\/?s={search_term_string}"},"query-input":{"@type":"PropertyValueSpecification","valueRequired":true,"valueName":"search_term_string"}}],"inLanguage":"fr-FR"},{"@type":"Organization","@id":"https:\/\/www.securetec.net\/fr\/#organization","name":"Securetec Detektions-Systeme AG","url":"https:\/\/www.securetec.net\/fr\/","logo":{"@type":"ImageObject","inLanguage":"fr-FR","@id":"https:\/\/www.securetec.net\/fr\/#\/schema\/logo\/image\/","url":"https:\/\/www.securetec.net\/app\/uploads\/2018\/07\/Securetec_Logo_.png","contentUrl":"https:\/\/www.securetec.net\/app\/uploads\/2018\/07\/Securetec_Logo_.png","width":411,"height":189,"caption":"Securetec Detektions-Systeme AG"},"image":{"@id":"https:\/\/www.securetec.net\/fr\/#\/schema\/logo\/image\/"},"sameAs":["https:\/\/x.com\/DrugWipeUK","https:\/\/www.linkedin.com\/company\/securetec","https:\/\/www.youtube.com\/channel\/UCP9jQA-TYhtqanhaooppMqw"]}]}},"_links":{"self":[{"href":"https:\/\/www.securetec.net\/fr\/wp-json\/wp\/v2\/pages\/7345","targetHints":{"allow":["GET"]}}],"collection":[{"href":"https:\/\/www.securetec.net\/fr\/wp-json\/wp\/v2\/pages"}],"about":[{"href":"https:\/\/www.securetec.net\/fr\/wp-json\/wp\/v2\/types\/page"}],"author":[{"embeddable":true,"href":"https:\/\/www.securetec.net\/fr\/wp-json\/wp\/v2\/users\/7"}],"replies":[{"embeddable":true,"href":"https:\/\/www.securetec.net\/fr\/wp-json\/wp\/v2\/comments?post=7345"}],"version-history":[{"count":5,"href":"https:\/\/www.securetec.net\/fr\/wp-json\/wp\/v2\/pages\/7345\/revisions"}],"predecessor-version":[{"id":12317,"href":"https:\/\/www.securetec.net\/fr\/wp-json\/wp\/v2\/pages\/7345\/revisions\/12317"}],"up":[{"embeddable":true,"href":"https:\/\/www.securetec.net\/fr\/wp-json\/wp\/v2\/pages\/7332"}],"wp:attachment":[{"href":"https:\/\/www.securetec.net\/fr\/wp-json\/wp\/v2\/media?parent=7345"}],"curies":[{"name":"wp","href":"https:\/\/api.w.org\/{rel}","templated":true}]}}