{"id":7338,"date":"2018-11-21T09:33:03","date_gmt":"2018-11-21T08:33:03","guid":{"rendered":"https:\/\/www.securetec.net\/?page_id=7338"},"modified":"2021-05-03T19:05:05","modified_gmt":"2021-05-03T17:05:05","slug":"formations","status":"publish","type":"page","link":"https:\/\/www.securetec.net\/fr\/references\/test-rapide-pour-la-police\/formations\/","title":{"rendered":"Formations sur le d\u00e9pistage de stup\u00e9fiants"},"content":{"rendered":"<div class=\"wpb-content-wrapper\"><p>[vc_row][vc_column width=\u00a0\u00bb2\/3&Prime;][vc_column_text]<\/p>\n<h3 class=\"heading\">Formations sur le d\u00e9pistage de stup\u00e9fiants<\/h3>\n<p class=\"p1\">Gr\u00e2ce \u00e0 de nombreuses ann\u00e9es d&rsquo;expertise dans le domaine du d\u00e9pistage de stup\u00e9fiants, Securetec s&rsquo;av\u00e8re \u00eatre un partenaire comp\u00e9tent des autorit\u00e9s d&rsquo;enqu\u00eate judiciaires de plus d&rsquo;une trentaine de pays de par le monde.<span class=\"Apple-converted-space\">\u00a0<\/span><\/p>\n<p class=\"p1\">C&rsquo;est avec plaisir que nous proposons \u00e0 nos clients des formations individuelles pour fonctionnaires de police sans aucun frais suppl\u00e9mentaire.<span class=\"Apple-converted-space\">\u00a0<\/span><\/p>\n<p class=\"p1\">Nos intervenants exp\u00e9riment\u00e9s transmettent leurs connaissances au sujet des drogues et des m\u00e9dicaments, en th\u00e9orie et dans la pratique.<span class=\"Apple-converted-space\">\u00a0<\/span><\/p>\n<p class=\"p1\">Comment les drogues produisent-elles leurs effets\u00a0? Comment reconna\u00eet-on leurs consommateurs\u00a0? Que doit-on prendre en compte lors de tests de d\u00e9pistage\u00a0? Profitez de l&rsquo;exp\u00e9rience impressionnante des experts de Securetec, d&rsquo;un bout \u00e0 l&rsquo;autre du pays et \u00e0 l&rsquo;internationale.<span class=\"Apple-converted-space\">\u00a0<\/span><\/p>\n<p class=\"p1\">Nos formations constituent des prestations de services \u00e0 disposition de nos clients. Nous venons contribuer \u00e0 votre travail en vous apportant des enseignements et informations sur mesure.<span class=\"Apple-converted-space\">\u00a0<\/span><\/p>\n<p class=\"p1\">Nos intervenants mettent \u00e0 votre disposition des ensembles de services personnalis\u00e9s sur le th\u00e8me du d\u00e9pistage de drogues.<\/p>\n<p class=\"p1\">Pour obtenir de plus amples informations sur notre programme de formation Securetec complet \u00ab\u00a0D\u00e9pistage de drogues dans le cadre de la circulation routi\u00e8re\u00a0\u00bb, merci de vous adresser \u00e0\u00a0:<span class=\"Apple-converted-space\">\u00a0<\/span><\/p>\n<p class=\"p1\">Stephanie Konopac<br \/>\nT\u00e9l.\u00a0: +49 (0) 89 \/ 203080-1651<br \/>\nE-mail\u00a0: info@securetec.net<\/p>\n<p class=\"p1\">Vous pouvez \u00e9galement utiliser notre formulaire de\u00a0contact.<\/p>\n<p><a href=\"https:\/\/www.securetec.net\/fr\/contacter\/\">&gt;&gt; Contacter<\/a><\/p>\n<h3>Salons et \u00e9v\u00e9nements<\/h3>\n<p class=\"p1\">Nous vous invitons \u00e0 venir faire connaissance avec nos sp\u00e9cialistes \u00e0 l&rsquo;occasion de nombreux salons professionnels, \u00e9v\u00e9nements et formations partout dans le monde. Nous aurons plaisir \u00e0 discuter avec vous des derniers d\u00e9veloppements et innovations dans le domaine du d\u00e9pistage de stup\u00e9fiants et serions \u00e9galement heureux de nous entretenir avec vous en dehors du cadre de ces diff\u00e9rents \u00e9v\u00e9nements.<span class=\"Apple-converted-space\">\u00a0<\/span><\/p>\n<p class=\"p1\">Nous attendons votre visite avec impatience.<span class=\"Apple-converted-space\">\u00a0<\/span><\/p>\n<p><a href=\"https:\/\/www.securetec.net\/fr\/contacter\/\">&gt;&gt; Contacter<\/a>[\/vc_column_text][\/vc_column][vc_column width=\u00a0\u00bb1\/3&Prime; content_alignment=\u00a0\u00bbright\u00a0\u00bb][tm_image align=\u00a0\u00bbright\u00a0\u00bb image=\u00a0\u00bb4770&Prime;][\/vc_column][\/vc_row]<\/p>\n<\/div>","protected":false},"excerpt":{"rendered":"[vc_row][vc_column width=\u00a0\u00bb2\/3&Prime;][vc_column_text] Formations sur le d\u00e9pistage de stup\u00e9fiants Gr\u00e2ce \u00e0 de nombreuses ann\u00e9es d&rsquo;expertise dans le domaine du d\u00e9pistage de stup\u00e9fiants, Securetec s&rsquo;av\u00e8re \u00eatre un partenaire comp\u00e9tent des autorit\u00e9s d&rsquo;enqu\u00eate judiciaires de plus d&rsquo;une trentaine de pays de par le monde.\u00a0 C&rsquo;est avec plaisir que nous proposons \u00e0 nos clients des formations individuelles pour fonctionnaires de police sans aucun frais suppl\u00e9mentaire.\u00a0 Nos intervenants exp\u00e9riment\u00e9s transmettent leurs connaissances au sujet des drogues et des m\u00e9dicaments, en th\u00e9orie et dans la pratique.\u00a0 Comment les drogues produisent-elles leurs effets\u00a0? Comment reconna\u00eet-on leurs consommateurs\u00a0? Que doit-on prendre en compte lors de tests de d\u00e9pistage\u00a0? Profitez de l&rsquo;exp\u00e9rience impressionnante des experts de Securetec, d&rsquo;un bout \u00e0 l&rsquo;autre du pays et \u00e0 l&rsquo;internationale.\u00a0 Nos formations constituent des prestations de services \u00e0 disposition de nos clients. Nous venons contribuer \u00e0 votre travail en vous apportant des enseignements et informations sur mesure.\u00a0 Nos intervenants mettent \u00e0 votre disposition des ensembles de services personnalis\u00e9s sur le th\u00e8me du d\u00e9pistage de drogues. Pour obtenir de plus amples informations sur notre programme de formation Securetec complet \u00ab\u00a0D\u00e9pistage de drogues dans le cadre de la circulation routi\u00e8re\u00a0\u00bb, merci de vous adresser \u00e0\u00a0:\u00a0 Stephanie Konopac T\u00e9l.\u00a0: +49 (0) 89 \/ 203080-1651 E-mail\u00a0: info@securetec.net Vous pouvez \u00e9galement utiliser notre formulaire de\u00a0contact. &gt;&gt; Contacter Salons et \u00e9v\u00e9nements Nous vous invitons \u00e0 venir faire connaissance avec nos sp\u00e9cialistes \u00e0 l&rsquo;occasion de nombreux salons professionnels, \u00e9v\u00e9nements et formations partout dans le monde. Nous aurons plaisir \u00e0 discuter avec vous des derniers d\u00e9veloppements et innovations dans le domaine du d\u00e9pistage de stup\u00e9fiants et serions \u00e9galement heureux de nous entretenir avec vous en dehors du cadre de ces diff\u00e9rents \u00e9v\u00e9nements.\u00a0 Nous attendons votre visite avec impatience.\u00a0 &gt;&gt; Contacter[\/vc_column_text][\/vc_column][vc_column width=\u00a0\u00bb1\/3&Prime; content_alignment=\u00a0\u00bbright\u00a0\u00bb][tm_image align=\u00a0\u00bbright\u00a0\u00bb image=\u00a0\u00bb4770&Prime;][\/vc_column][\/vc_row]","protected":false},"author":7,"featured_media":0,"parent":7332,"menu_order":0,"comment_status":"closed","ping_status":"closed","template":"","meta":{"footnotes":""},"class_list":["post-7338","page","type-page","status-publish","hentry"],"yoast_head":"<!-- This site is optimized with the Yoast SEO plugin v25.6 - https:\/\/yoast.com\/wordpress\/plugins\/seo\/ -->\n<title>Formations sur le d\u00e9pistage de stup\u00e9fiants - Securetec Detektions-Systeme AG<\/title>\n<meta name=\"robots\" content=\"index, follow, max-snippet:-1, max-image-preview:large, max-video-preview:-1\" \/>\n<link rel=\"canonical\" href=\"https:\/\/www.securetec.net\/fr\/references\/test-rapide-pour-la-police\/formations\/\" \/>\n<meta property=\"og:locale\" content=\"fr_FR\" \/>\n<meta property=\"og:type\" content=\"article\" \/>\n<meta property=\"og:title\" content=\"Formations sur le d\u00e9pistage de stup\u00e9fiants - Securetec Detektions-Systeme AG\" \/>\n<meta property=\"og:url\" content=\"https:\/\/www.securetec.net\/fr\/references\/test-rapide-pour-la-police\/formations\/\" \/>\n<meta property=\"og:site_name\" content=\"Securetec Detektions-Systeme AG\" \/>\n<meta property=\"article:modified_time\" content=\"2021-05-03T17:05:05+00:00\" \/>\n<meta name=\"twitter:card\" content=\"summary_large_image\" \/>\n<meta name=\"twitter:site\" content=\"@DrugWipeUK\" \/>\n<meta name=\"twitter:label1\" content=\"Est. reading time\" \/>\n\t<meta name=\"twitter:data1\" content=\"2 minutes\" \/>\n<script type=\"application\/ld+json\" class=\"yoast-schema-graph\">{\"@context\":\"https:\/\/schema.org\",\"@graph\":[{\"@type\":\"WebPage\",\"@id\":\"https:\/\/www.securetec.net\/fr\/references\/test-rapide-pour-la-police\/formations\/\",\"url\":\"https:\/\/www.securetec.net\/fr\/references\/test-rapide-pour-la-police\/formations\/\",\"name\":\"Formations sur le d\u00e9pistage de stup\u00e9fiants - Securetec Detektions-Systeme AG\",\"isPartOf\":{\"@id\":\"https:\/\/www.securetec.net\/fr\/#website\"},\"datePublished\":\"2018-11-21T08:33:03+00:00\",\"dateModified\":\"2021-05-03T17:05:05+00:00\",\"breadcrumb\":{\"@id\":\"https:\/\/www.securetec.net\/fr\/references\/test-rapide-pour-la-police\/formations\/#breadcrumb\"},\"inLanguage\":\"fr-FR\",\"potentialAction\":[{\"@type\":\"ReadAction\",\"target\":[\"https:\/\/www.securetec.net\/fr\/references\/test-rapide-pour-la-police\/formations\/\"]}]},{\"@type\":\"BreadcrumbList\",\"@id\":\"https:\/\/www.securetec.net\/fr\/references\/test-rapide-pour-la-police\/formations\/#breadcrumb\",\"itemListElement\":[{\"@type\":\"ListItem\",\"position\":1,\"name\":\"Startseite\",\"item\":\"https:\/\/www.securetec.net\/fr\/\"},{\"@type\":\"ListItem\",\"position\":2,\"name\":\"Solutions de clients\",\"item\":\"https:\/\/www.securetec.net\/fr\/references\/\"},{\"@type\":\"ListItem\",\"position\":3,\"name\":\"Test rapide pour la police\",\"item\":\"https:\/\/www.securetec.net\/fr\/references\/test-rapide-pour-la-police\/\"},{\"@type\":\"ListItem\",\"position\":4,\"name\":\"Formations sur le d\u00e9pistage de stup\u00e9fiants\"}]},{\"@type\":\"WebSite\",\"@id\":\"https:\/\/www.securetec.net\/fr\/#website\",\"url\":\"https:\/\/www.securetec.net\/fr\/\",\"name\":\"Securetec Detektions-Systeme AG\",\"description\":\"We detect to protect\",\"publisher\":{\"@id\":\"https:\/\/www.securetec.net\/fr\/#organization\"},\"potentialAction\":[{\"@type\":\"SearchAction\",\"target\":{\"@type\":\"EntryPoint\",\"urlTemplate\":\"https:\/\/www.securetec.net\/fr\/?s={search_term_string}\"},\"query-input\":{\"@type\":\"PropertyValueSpecification\",\"valueRequired\":true,\"valueName\":\"search_term_string\"}}],\"inLanguage\":\"fr-FR\"},{\"@type\":\"Organization\",\"@id\":\"https:\/\/www.securetec.net\/fr\/#organization\",\"name\":\"Securetec Detektions-Systeme AG\",\"url\":\"https:\/\/www.securetec.net\/fr\/\",\"logo\":{\"@type\":\"ImageObject\",\"inLanguage\":\"fr-FR\",\"@id\":\"https:\/\/www.securetec.net\/fr\/#\/schema\/logo\/image\/\",\"url\":\"https:\/\/www.securetec.net\/app\/uploads\/2018\/07\/Securetec_Logo_.png\",\"contentUrl\":\"https:\/\/www.securetec.net\/app\/uploads\/2018\/07\/Securetec_Logo_.png\",\"width\":411,\"height\":189,\"caption\":\"Securetec Detektions-Systeme AG\"},\"image\":{\"@id\":\"https:\/\/www.securetec.net\/fr\/#\/schema\/logo\/image\/\"},\"sameAs\":[\"https:\/\/x.com\/DrugWipeUK\",\"https:\/\/www.linkedin.com\/company\/securetec\",\"https:\/\/www.youtube.com\/channel\/UCP9jQA-TYhtqanhaooppMqw\"]}]}<\/script>\n<!-- \/ Yoast SEO plugin. -->","yoast_head_json":{"title":"Formations sur le d\u00e9pistage de stup\u00e9fiants - Securetec Detektions-Systeme AG","robots":{"index":"index","follow":"follow","max-snippet":"max-snippet:-1","max-image-preview":"max-image-preview:large","max-video-preview":"max-video-preview:-1"},"canonical":"https:\/\/www.securetec.net\/fr\/references\/test-rapide-pour-la-police\/formations\/","og_locale":"fr_FR","og_type":"article","og_title":"Formations sur le d\u00e9pistage de stup\u00e9fiants - Securetec Detektions-Systeme AG","og_url":"https:\/\/www.securetec.net\/fr\/references\/test-rapide-pour-la-police\/formations\/","og_site_name":"Securetec Detektions-Systeme AG","article_modified_time":"2021-05-03T17:05:05+00:00","twitter_card":"summary_large_image","twitter_site":"@DrugWipeUK","twitter_misc":{"Est. reading time":"2 minutes"},"schema":{"@context":"https:\/\/schema.org","@graph":[{"@type":"WebPage","@id":"https:\/\/www.securetec.net\/fr\/references\/test-rapide-pour-la-police\/formations\/","url":"https:\/\/www.securetec.net\/fr\/references\/test-rapide-pour-la-police\/formations\/","name":"Formations sur le d\u00e9pistage de stup\u00e9fiants - Securetec Detektions-Systeme AG","isPartOf":{"@id":"https:\/\/www.securetec.net\/fr\/#website"},"datePublished":"2018-11-21T08:33:03+00:00","dateModified":"2021-05-03T17:05:05+00:00","breadcrumb":{"@id":"https:\/\/www.securetec.net\/fr\/references\/test-rapide-pour-la-police\/formations\/#breadcrumb"},"inLanguage":"fr-FR","potentialAction":[{"@type":"ReadAction","target":["https:\/\/www.securetec.net\/fr\/references\/test-rapide-pour-la-police\/formations\/"]}]},{"@type":"BreadcrumbList","@id":"https:\/\/www.securetec.net\/fr\/references\/test-rapide-pour-la-police\/formations\/#breadcrumb","itemListElement":[{"@type":"ListItem","position":1,"name":"Startseite","item":"https:\/\/www.securetec.net\/fr\/"},{"@type":"ListItem","position":2,"name":"Solutions de clients","item":"https:\/\/www.securetec.net\/fr\/references\/"},{"@type":"ListItem","position":3,"name":"Test rapide pour la police","item":"https:\/\/www.securetec.net\/fr\/references\/test-rapide-pour-la-police\/"},{"@type":"ListItem","position":4,"name":"Formations sur le d\u00e9pistage de stup\u00e9fiants"}]},{"@type":"WebSite","@id":"https:\/\/www.securetec.net\/fr\/#website","url":"https:\/\/www.securetec.net\/fr\/","name":"Securetec Detektions-Systeme AG","description":"We detect to protect","publisher":{"@id":"https:\/\/www.securetec.net\/fr\/#organization"},"potentialAction":[{"@type":"SearchAction","target":{"@type":"EntryPoint","urlTemplate":"https:\/\/www.securetec.net\/fr\/?s={search_term_string}"},"query-input":{"@type":"PropertyValueSpecification","valueRequired":true,"valueName":"search_term_string"}}],"inLanguage":"fr-FR"},{"@type":"Organization","@id":"https:\/\/www.securetec.net\/fr\/#organization","name":"Securetec Detektions-Systeme AG","url":"https:\/\/www.securetec.net\/fr\/","logo":{"@type":"ImageObject","inLanguage":"fr-FR","@id":"https:\/\/www.securetec.net\/fr\/#\/schema\/logo\/image\/","url":"https:\/\/www.securetec.net\/app\/uploads\/2018\/07\/Securetec_Logo_.png","contentUrl":"https:\/\/www.securetec.net\/app\/uploads\/2018\/07\/Securetec_Logo_.png","width":411,"height":189,"caption":"Securetec Detektions-Systeme AG"},"image":{"@id":"https:\/\/www.securetec.net\/fr\/#\/schema\/logo\/image\/"},"sameAs":["https:\/\/x.com\/DrugWipeUK","https:\/\/www.linkedin.com\/company\/securetec","https:\/\/www.youtube.com\/channel\/UCP9jQA-TYhtqanhaooppMqw"]}]}},"_links":{"self":[{"href":"https:\/\/www.securetec.net\/fr\/wp-json\/wp\/v2\/pages\/7338","targetHints":{"allow":["GET"]}}],"collection":[{"href":"https:\/\/www.securetec.net\/fr\/wp-json\/wp\/v2\/pages"}],"about":[{"href":"https:\/\/www.securetec.net\/fr\/wp-json\/wp\/v2\/types\/page"}],"author":[{"embeddable":true,"href":"https:\/\/www.securetec.net\/fr\/wp-json\/wp\/v2\/users\/7"}],"replies":[{"embeddable":true,"href":"https:\/\/www.securetec.net\/fr\/wp-json\/wp\/v2\/comments?post=7338"}],"version-history":[{"count":6,"href":"https:\/\/www.securetec.net\/fr\/wp-json\/wp\/v2\/pages\/7338\/revisions"}],"predecessor-version":[{"id":12311,"href":"https:\/\/www.securetec.net\/fr\/wp-json\/wp\/v2\/pages\/7338\/revisions\/12311"}],"up":[{"embeddable":true,"href":"https:\/\/www.securetec.net\/fr\/wp-json\/wp\/v2\/pages\/7332"}],"wp:attachment":[{"href":"https:\/\/www.securetec.net\/fr\/wp-json\/wp\/v2\/media?parent=7338"}],"curies":[{"name":"wp","href":"https:\/\/api.w.org\/{rel}","templated":true}]}}