{"id":7332,"date":"2018-11-20T21:30:10","date_gmt":"2018-11-20T20:30:10","guid":{"rendered":"https:\/\/www.securetec.net\/?page_id=7332"},"modified":"2021-05-03T18:45:46","modified_gmt":"2021-05-03T16:45:46","slug":"test-rapide-pour-la-police","status":"publish","type":"page","link":"https:\/\/www.securetec.net\/fr\/references\/test-rapide-pour-la-police\/","title":{"rendered":"Test rapide pour la police"},"content":{"rendered":"<div class=\"wpb-content-wrapper\"><p>[vc_row][vc_column width=\u00a0\u00bb2\/3&Prime;][vc_column_text]<\/p>\n<p class=\"p1\">Gr\u00e2ce aux techniques modernes de s\u00e9curit\u00e9 et \u00e0 des contr\u00f4les de vitesse et d&rsquo;alcool\u00e9mie de plus en plus r\u00e9guliers, le nombre d&rsquo;accidents mortels de la circulation est en baisse dans toute l&rsquo;Europe depuis plusieurs d\u00e9cennies. Conduire sous l&#8217;emprise de stup\u00e9fiants constitue pourtant un r\u00e9el danger. Malheureusement, les accidents graves voire mortels sont souvent li\u00e9s \u00e0 l&rsquo;influence de substances stup\u00e9fiantes. Par ailleurs, les chiffres de la consommation de stup\u00e9fiants sont peu connus mais sont probablement \u00e9lev\u00e9s d&rsquo;apr\u00e8s les experts, cette pratique faisant partie int\u00e9grante de notre soci\u00e9t\u00e9 \u00e0 l&rsquo;heure actuelle. Le nombre d&rsquo;accidents a augment\u00e9 dans de nombreuses r\u00e9gions, en raison notamment de la consommation de drogues utilis\u00e9es dans les clubs et les soir\u00e9es, mais \u00e9galement du fait du recours \u00e0 des m\u00e9dicaments tels que les somnif\u00e8res et les anxiolytiques.<\/p>\n<p class=\"p1\"><b>La s\u00e9curit\u00e9 au c\u0153ur de nos pr\u00e9occupations<br \/>\n<\/b>Notre s\u00e9curit\u00e9 personnelle et sociale est aujourd&rsquo;hui expos\u00e9e \u00e0 de nombreuses menaces. Toute protection efficace suppose que ces dangers soient correctement \u00e9valu\u00e9s. Les tests de d\u00e9pistage de stup\u00e9fiants mobiles permettent de r\u00e9aliser un d\u00e9pistage rapide sur site et font partie int\u00e9grante des concepts de pr\u00e9vention partout dans le monde. Securetec AG propose des produits efficaces de d\u00e9tection fiable de drogues et de substances dangereuses. Nous sommes fiers de contribuer efficacement \u00e0 la s\u00e9curit\u00e9 des personnes et de la soci\u00e9t\u00e9.<\/p>\n<p class=\"p1\"><b>Pratiques, rapides et fiables<br \/>\n<\/b>Les tests de d\u00e9pistage rapide DrugWipe<sup>\u00ae<\/sup> mis au point par la soci\u00e9t\u00e9 Securetec AG permettent de confirmer rapidement et de mani\u00e8re fiable un soup\u00e7on d&rsquo;usage de drogue lors d&rsquo;un contr\u00f4le routier. Une technologie de d\u00e9pistage ultramoderne \u00e0 base d&rsquo;anticorps permet de d\u00e9tecter les substances recherch\u00e9es dans la salive. Ce syst\u00e8me pr\u00e9sente de nombreux avantages par rapport aux tests urinaires et il est beaucoup plus agr\u00e9able \u00e0 utiliser, pour les fonctionnaires de police comme pour les personnes test\u00e9es.<\/p>\n<p class=\"p1\">Nos tests DrugWipe<sup>\u00ae<\/sup> permettent un d\u00e9pistage de stup\u00e9fiants de haut niveau de sp\u00e9cificit\u00e9 et de sensibilit\u00e9. Ainsi, la fiabilit\u00e9 des r\u00e9sultats de tests rapides est confirm\u00e9e par les tests de laboratoires n\u00e9cessaires pouvant \u00eatre utilis\u00e9s lors de proc\u00e9dures juridiques. Les contr\u00f4les de la circulation routi\u00e8re et tests en laboratoires sont ainsi plus efficaces.<\/p>\n<h3 class=\"p1\">Test pratique au format de poche<\/h3>\n<ul>\n<li class=\"li1\">R\u00e9sultats disponibles en 3\u00a0\u00e0 8\u00a0minutes<\/li>\n<li class=\"li1\">D\u00e9pistage de six types de stup\u00e9fiants en un\u00a0seul proc\u00e9d\u00e9 de\u00a0test<\/li>\n<li class=\"li1\">R\u00e9alisation simple et hygi\u00e9nique du pr\u00e9l\u00e8vement<\/li>\n<li class=\"li1\">D\u00e9tecte les effets directs, et non la consommation \u00e0\u00a0long terme<\/li>\n<li class=\"li1\">R\u00e9duction significative des frais de contr\u00f4le et\u00a0de\u00a0laboratoire<\/li>\n<li class=\"li1\">Test pratique au format de poche<\/li>\n<\/ul>\n<p><a href=\"https:\/\/www.securetec.net\/fr\/depistage-de-stupefiants\/\">&gt;&gt; Tests de d\u00e9pistage de drogues DrugWipe<sup>\u00ae<\/sup><\/a><\/p>\n<p><a href=\"https:\/\/www.securetec.net\/fr\/produits\/test-salivaire-de-depistage-de-drogues\/\">&gt;&gt; Tests salivaires DrugWipe<sup>\u00ae<\/sup><\/a>[\/vc_column_text][\/vc_column][vc_column width=\u00a0\u00bb1\/3&Prime; content_alignment=\u00a0\u00bbright\u00a0\u00bb][tm_image align=\u00a0\u00bbright\u00a0\u00bb image=\u00a0\u00bb11521&Prime;][\/vc_column][\/vc_row]<\/p>\n<\/div>","protected":false},"excerpt":{"rendered":"[vc_row][vc_column width=\u00a0\u00bb2\/3&Prime;][vc_column_text] Gr\u00e2ce aux techniques modernes de s\u00e9curit\u00e9 et \u00e0 des contr\u00f4les de vitesse et d&rsquo;alcool\u00e9mie de plus en plus r\u00e9guliers, le nombre d&rsquo;accidents mortels de la circulation est en baisse dans toute l&rsquo;Europe depuis plusieurs d\u00e9cennies. Conduire sous l&#8217;emprise de stup\u00e9fiants constitue pourtant un r\u00e9el danger. Malheureusement, les accidents graves voire mortels sont souvent li\u00e9s \u00e0 l&rsquo;influence de substances stup\u00e9fiantes. Par ailleurs, les chiffres de la consommation de stup\u00e9fiants sont peu connus mais sont probablement \u00e9lev\u00e9s d&rsquo;apr\u00e8s les experts, cette pratique faisant partie int\u00e9grante de notre soci\u00e9t\u00e9 \u00e0 l&rsquo;heure actuelle. Le nombre d&rsquo;accidents a augment\u00e9 dans de nombreuses r\u00e9gions, en raison notamment de la consommation de drogues utilis\u00e9es dans les clubs et les soir\u00e9es, mais \u00e9galement du fait du recours \u00e0 des m\u00e9dicaments tels que les somnif\u00e8res et les anxiolytiques. La s\u00e9curit\u00e9 au c\u0153ur de nos pr\u00e9occupations Notre s\u00e9curit\u00e9 personnelle et sociale est aujourd&rsquo;hui expos\u00e9e \u00e0 de nombreuses menaces. Toute protection efficace suppose que ces dangers soient correctement \u00e9valu\u00e9s. Les tests de d\u00e9pistage de stup\u00e9fiants mobiles permettent de r\u00e9aliser un d\u00e9pistage rapide sur site et font partie int\u00e9grante des concepts de pr\u00e9vention partout dans le monde. Securetec AG propose des produits efficaces de d\u00e9tection fiable de drogues et de substances dangereuses. Nous sommes fiers de contribuer efficacement \u00e0 la s\u00e9curit\u00e9 des personnes et de la soci\u00e9t\u00e9. Pratiques, rapides et fiables Les tests de d\u00e9pistage rapide DrugWipe\u00ae mis au point par la soci\u00e9t\u00e9 Securetec AG permettent de confirmer rapidement et de mani\u00e8re fiable un soup\u00e7on d&rsquo;usage de drogue lors d&rsquo;un contr\u00f4le routier. Une technologie de d\u00e9pistage ultramoderne \u00e0 base d&rsquo;anticorps permet de d\u00e9tecter les substances recherch\u00e9es dans la salive. Ce syst\u00e8me pr\u00e9sente de nombreux avantages par rapport aux tests urinaires et il est beaucoup plus agr\u00e9able \u00e0 utiliser, pour les fonctionnaires de police comme pour les personnes test\u00e9es. Nos tests DrugWipe\u00ae permettent un d\u00e9pistage de stup\u00e9fiants de haut niveau de sp\u00e9cificit\u00e9 et de sensibilit\u00e9. Ainsi, la fiabilit\u00e9 des r\u00e9sultats de tests rapides est confirm\u00e9e par les tests de laboratoires n\u00e9cessaires pouvant \u00eatre utilis\u00e9s lors de proc\u00e9dures juridiques. Les contr\u00f4les de la circulation routi\u00e8re et tests en laboratoires sont ainsi plus efficaces. Test pratique au format de poche R\u00e9sultats disponibles en 3\u00a0\u00e0 8\u00a0minutes D\u00e9pistage de six types de stup\u00e9fiants en un\u00a0seul proc\u00e9d\u00e9 de\u00a0test R\u00e9alisation simple et hygi\u00e9nique du pr\u00e9l\u00e8vement D\u00e9tecte les effets directs, et non la consommation \u00e0\u00a0long terme R\u00e9duction significative des frais de contr\u00f4le et\u00a0de\u00a0laboratoire Test pratique au format de poche &gt;&gt; Tests de d\u00e9pistage de drogues DrugWipe\u00ae &gt;&gt; Tests salivaires DrugWipe\u00ae[\/vc_column_text][\/vc_column][vc_column width=\u00a0\u00bb1\/3&Prime; content_alignment=\u00a0\u00bbright\u00a0\u00bb][tm_image align=\u00a0\u00bbright\u00a0\u00bb image=\u00a0\u00bb11521&Prime;][\/vc_column][\/vc_row]","protected":false},"author":7,"featured_media":0,"parent":7354,"menu_order":0,"comment_status":"closed","ping_status":"closed","template":"","meta":{"footnotes":""},"class_list":["post-7332","page","type-page","status-publish","hentry"],"yoast_head":"<!-- This site is optimized with the Yoast SEO plugin v25.6 - https:\/\/yoast.com\/wordpress\/plugins\/seo\/ -->\n<title>Test rapide pour la police - Securetec Detektions-Systeme AG<\/title>\n<meta name=\"robots\" content=\"index, follow, max-snippet:-1, max-image-preview:large, max-video-preview:-1\" \/>\n<link rel=\"canonical\" href=\"https:\/\/www.securetec.net\/fr\/references\/test-rapide-pour-la-police\/\" \/>\n<meta property=\"og:locale\" content=\"fr_FR\" \/>\n<meta property=\"og:type\" content=\"article\" \/>\n<meta property=\"og:title\" content=\"Test rapide pour la police - Securetec Detektions-Systeme AG\" \/>\n<meta property=\"og:url\" content=\"https:\/\/www.securetec.net\/fr\/references\/test-rapide-pour-la-police\/\" \/>\n<meta property=\"og:site_name\" content=\"Securetec Detektions-Systeme AG\" \/>\n<meta property=\"article:modified_time\" content=\"2021-05-03T16:45:46+00:00\" \/>\n<meta name=\"twitter:card\" content=\"summary_large_image\" \/>\n<meta name=\"twitter:site\" content=\"@DrugWipeUK\" \/>\n<meta name=\"twitter:label1\" content=\"Est. reading time\" \/>\n\t<meta name=\"twitter:data1\" content=\"2 minutes\" \/>\n<script type=\"application\/ld+json\" class=\"yoast-schema-graph\">{\"@context\":\"https:\/\/schema.org\",\"@graph\":[{\"@type\":\"WebPage\",\"@id\":\"https:\/\/www.securetec.net\/fr\/references\/test-rapide-pour-la-police\/\",\"url\":\"https:\/\/www.securetec.net\/fr\/references\/test-rapide-pour-la-police\/\",\"name\":\"Test rapide pour la police - Securetec Detektions-Systeme AG\",\"isPartOf\":{\"@id\":\"https:\/\/www.securetec.net\/fr\/#website\"},\"datePublished\":\"2018-11-20T20:30:10+00:00\",\"dateModified\":\"2021-05-03T16:45:46+00:00\",\"breadcrumb\":{\"@id\":\"https:\/\/www.securetec.net\/fr\/references\/test-rapide-pour-la-police\/#breadcrumb\"},\"inLanguage\":\"fr-FR\",\"potentialAction\":[{\"@type\":\"ReadAction\",\"target\":[\"https:\/\/www.securetec.net\/fr\/references\/test-rapide-pour-la-police\/\"]}]},{\"@type\":\"BreadcrumbList\",\"@id\":\"https:\/\/www.securetec.net\/fr\/references\/test-rapide-pour-la-police\/#breadcrumb\",\"itemListElement\":[{\"@type\":\"ListItem\",\"position\":1,\"name\":\"Startseite\",\"item\":\"https:\/\/www.securetec.net\/fr\/\"},{\"@type\":\"ListItem\",\"position\":2,\"name\":\"Solutions de clients\",\"item\":\"https:\/\/www.securetec.net\/fr\/references\/\"},{\"@type\":\"ListItem\",\"position\":3,\"name\":\"Test rapide pour la police\"}]},{\"@type\":\"WebSite\",\"@id\":\"https:\/\/www.securetec.net\/fr\/#website\",\"url\":\"https:\/\/www.securetec.net\/fr\/\",\"name\":\"Securetec Detektions-Systeme AG\",\"description\":\"We detect to protect\",\"publisher\":{\"@id\":\"https:\/\/www.securetec.net\/fr\/#organization\"},\"potentialAction\":[{\"@type\":\"SearchAction\",\"target\":{\"@type\":\"EntryPoint\",\"urlTemplate\":\"https:\/\/www.securetec.net\/fr\/?s={search_term_string}\"},\"query-input\":{\"@type\":\"PropertyValueSpecification\",\"valueRequired\":true,\"valueName\":\"search_term_string\"}}],\"inLanguage\":\"fr-FR\"},{\"@type\":\"Organization\",\"@id\":\"https:\/\/www.securetec.net\/fr\/#organization\",\"name\":\"Securetec Detektions-Systeme AG\",\"url\":\"https:\/\/www.securetec.net\/fr\/\",\"logo\":{\"@type\":\"ImageObject\",\"inLanguage\":\"fr-FR\",\"@id\":\"https:\/\/www.securetec.net\/fr\/#\/schema\/logo\/image\/\",\"url\":\"https:\/\/www.securetec.net\/app\/uploads\/2018\/07\/Securetec_Logo_.png\",\"contentUrl\":\"https:\/\/www.securetec.net\/app\/uploads\/2018\/07\/Securetec_Logo_.png\",\"width\":411,\"height\":189,\"caption\":\"Securetec Detektions-Systeme AG\"},\"image\":{\"@id\":\"https:\/\/www.securetec.net\/fr\/#\/schema\/logo\/image\/\"},\"sameAs\":[\"https:\/\/x.com\/DrugWipeUK\",\"https:\/\/www.linkedin.com\/company\/securetec\",\"https:\/\/www.youtube.com\/channel\/UCP9jQA-TYhtqanhaooppMqw\"]}]}<\/script>\n<!-- \/ Yoast SEO plugin. -->","yoast_head_json":{"title":"Test rapide pour la police - Securetec Detektions-Systeme AG","robots":{"index":"index","follow":"follow","max-snippet":"max-snippet:-1","max-image-preview":"max-image-preview:large","max-video-preview":"max-video-preview:-1"},"canonical":"https:\/\/www.securetec.net\/fr\/references\/test-rapide-pour-la-police\/","og_locale":"fr_FR","og_type":"article","og_title":"Test rapide pour la police - Securetec Detektions-Systeme AG","og_url":"https:\/\/www.securetec.net\/fr\/references\/test-rapide-pour-la-police\/","og_site_name":"Securetec Detektions-Systeme AG","article_modified_time":"2021-05-03T16:45:46+00:00","twitter_card":"summary_large_image","twitter_site":"@DrugWipeUK","twitter_misc":{"Est. reading time":"2 minutes"},"schema":{"@context":"https:\/\/schema.org","@graph":[{"@type":"WebPage","@id":"https:\/\/www.securetec.net\/fr\/references\/test-rapide-pour-la-police\/","url":"https:\/\/www.securetec.net\/fr\/references\/test-rapide-pour-la-police\/","name":"Test rapide pour la police - Securetec Detektions-Systeme AG","isPartOf":{"@id":"https:\/\/www.securetec.net\/fr\/#website"},"datePublished":"2018-11-20T20:30:10+00:00","dateModified":"2021-05-03T16:45:46+00:00","breadcrumb":{"@id":"https:\/\/www.securetec.net\/fr\/references\/test-rapide-pour-la-police\/#breadcrumb"},"inLanguage":"fr-FR","potentialAction":[{"@type":"ReadAction","target":["https:\/\/www.securetec.net\/fr\/references\/test-rapide-pour-la-police\/"]}]},{"@type":"BreadcrumbList","@id":"https:\/\/www.securetec.net\/fr\/references\/test-rapide-pour-la-police\/#breadcrumb","itemListElement":[{"@type":"ListItem","position":1,"name":"Startseite","item":"https:\/\/www.securetec.net\/fr\/"},{"@type":"ListItem","position":2,"name":"Solutions de clients","item":"https:\/\/www.securetec.net\/fr\/references\/"},{"@type":"ListItem","position":3,"name":"Test rapide pour la police"}]},{"@type":"WebSite","@id":"https:\/\/www.securetec.net\/fr\/#website","url":"https:\/\/www.securetec.net\/fr\/","name":"Securetec Detektions-Systeme AG","description":"We detect to protect","publisher":{"@id":"https:\/\/www.securetec.net\/fr\/#organization"},"potentialAction":[{"@type":"SearchAction","target":{"@type":"EntryPoint","urlTemplate":"https:\/\/www.securetec.net\/fr\/?s={search_term_string}"},"query-input":{"@type":"PropertyValueSpecification","valueRequired":true,"valueName":"search_term_string"}}],"inLanguage":"fr-FR"},{"@type":"Organization","@id":"https:\/\/www.securetec.net\/fr\/#organization","name":"Securetec Detektions-Systeme AG","url":"https:\/\/www.securetec.net\/fr\/","logo":{"@type":"ImageObject","inLanguage":"fr-FR","@id":"https:\/\/www.securetec.net\/fr\/#\/schema\/logo\/image\/","url":"https:\/\/www.securetec.net\/app\/uploads\/2018\/07\/Securetec_Logo_.png","contentUrl":"https:\/\/www.securetec.net\/app\/uploads\/2018\/07\/Securetec_Logo_.png","width":411,"height":189,"caption":"Securetec Detektions-Systeme AG"},"image":{"@id":"https:\/\/www.securetec.net\/fr\/#\/schema\/logo\/image\/"},"sameAs":["https:\/\/x.com\/DrugWipeUK","https:\/\/www.linkedin.com\/company\/securetec","https:\/\/www.youtube.com\/channel\/UCP9jQA-TYhtqanhaooppMqw"]}]}},"_links":{"self":[{"href":"https:\/\/www.securetec.net\/fr\/wp-json\/wp\/v2\/pages\/7332","targetHints":{"allow":["GET"]}}],"collection":[{"href":"https:\/\/www.securetec.net\/fr\/wp-json\/wp\/v2\/pages"}],"about":[{"href":"https:\/\/www.securetec.net\/fr\/wp-json\/wp\/v2\/types\/page"}],"author":[{"embeddable":true,"href":"https:\/\/www.securetec.net\/fr\/wp-json\/wp\/v2\/users\/7"}],"replies":[{"embeddable":true,"href":"https:\/\/www.securetec.net\/fr\/wp-json\/wp\/v2\/comments?post=7332"}],"version-history":[{"count":5,"href":"https:\/\/www.securetec.net\/fr\/wp-json\/wp\/v2\/pages\/7332\/revisions"}],"predecessor-version":[{"id":12306,"href":"https:\/\/www.securetec.net\/fr\/wp-json\/wp\/v2\/pages\/7332\/revisions\/12306"}],"up":[{"embeddable":true,"href":"https:\/\/www.securetec.net\/fr\/wp-json\/wp\/v2\/pages\/7354"}],"wp:attachment":[{"href":"https:\/\/www.securetec.net\/fr\/wp-json\/wp\/v2\/media?parent=7332"}],"curies":[{"name":"wp","href":"https:\/\/api.w.org\/{rel}","templated":true}]}}