{"id":7326,"date":"2018-11-20T21:13:00","date_gmt":"2018-11-20T20:13:00","guid":{"rendered":"https:\/\/www.securetec.net\/?page_id=7326"},"modified":"2023-11-09T09:09:13","modified_gmt":"2023-11-09T08:09:13","slug":"mentions-legales","status":"publish","type":"page","link":"https:\/\/www.securetec.net\/fr\/mentions-legales\/","title":{"rendered":"Mentions l\u00e9gales"},"content":{"rendered":"<div class=\"wpb-content-wrapper\"><p>[vc_row lg_spacing=\u00a0\u00bbmargin_bottom:40&Prime;][vc_column][vc_column_text]<\/p>\n<h1>Mentions l\u00e9gales<\/h1>\n<p><strong>Securetec Detektions-Systeme AG<\/strong><br \/>\nLilienthalstra\u00dfe 7<br \/>\n85579 Neubiberg\/M\u00fcnchen<\/p>\n<p>Tel.: +49 89 20308016-51<br \/>\nFax: +49 89 20308016-52<br \/>\nE-Mail:\u00a0<a href=\"mailto:info@securetec.net\">info@securetec.net<\/a><\/p>\n<p>Comit\u00e9 directeur : Verena Zimmermann, Stefan Masur<br \/>\nRCS 136885 (Succursale r\u00e9gionale de Munich)<br \/>\nNum\u00e9ro de TVA intracommunautaire : DE173817641[\/vc_column_text][\/vc_column][\/vc_row][vc_row][vc_column][vc_column_text]<\/p>\n<h3>Image sources:<\/h3>\n<p>\u00a9 Johanna Lohr<br \/>\n\u00a9 Daniel Gebauer \/ Gerresheimer AG<br \/>\n\u00a9 Iriana Shiyan \/ Fotolia \/ 61872002<br \/>\n\u00a9 Studio_Pookini \/ Fotolia \/ 3776188<br \/>\n\u00a9 wellphoto \/ Fotolia \/ 32416318<br \/>\n\u00a9 so47, Fotolia<br \/>\n\u00a9 Fotolia \/ 43294871<br \/>\n\u00a9 dreamstime<br \/>\n\u00a9 shutterstock<br \/>\n\u00a9 Ocean Photography\/ Veer<br \/>\n\u00a9 Serg Zastavkin\/ Veer<br \/>\n\u00a9 Alloy Photography\/ Veer[\/vc_column_text][tm_spacer size=\u00a0\u00bblg:30&Prime;][vc_column_text css=\u00a0\u00bb.vc_custom_1627990339346{margin-top: 50px !important;}\u00a0\u00bb]<strong>Concept, cr\u00e9ation et r\u00e9alisation<br \/>\n<\/strong>YAY! Digital GmbH<br \/>\nHohenzollernstr. 25<br \/>\n30161 Hannover<\/p>\n<p>Webseite: <a class=\"\" title=\"\" href=\"https:\/\/www.yay-digital.de\" target=\"_blank\" rel=\"noopener noreferrer\">www.yay-digital.de<\/a><br \/>\nE-Mail: <a class=\"\" href=\"mailto:hello@yay-digital.de\" rel=\"noopener noreferrer\">hello@yay-digital.de<\/a>[\/vc_column_text][\/vc_column][\/vc_row]<\/p>\n<\/div>","protected":false},"excerpt":{"rendered":"[vc_row lg_spacing=\u00a0\u00bbmargin_bottom:40&Prime;][vc_column][vc_column_text] Mentions l\u00e9gales Securetec Detektions-Systeme AG Lilienthalstra\u00dfe 7 85579 Neubiberg\/M\u00fcnchen Tel.: +49 89 20308016-51 Fax: +49 89 20308016-52 E-Mail:\u00a0info@securetec.net Comit\u00e9 directeur : Verena Zimmermann, Stefan Masur RCS 136885 (Succursale r\u00e9gionale de Munich) Num\u00e9ro de TVA intracommunautaire : DE173817641[\/vc_column_text][\/vc_column][\/vc_row][vc_row][vc_column][vc_column_text] Image sources: \u00a9 Johanna Lohr \u00a9 Daniel Gebauer \/ Gerresheimer AG \u00a9 Iriana Shiyan \/ Fotolia \/ 61872002 \u00a9 Studio_Pookini \/ Fotolia \/ 3776188 \u00a9 wellphoto \/ Fotolia \/ 32416318 \u00a9 so47, Fotolia \u00a9 Fotolia \/ 43294871 \u00a9 dreamstime \u00a9 shutterstock \u00a9 Ocean Photography\/ Veer \u00a9 Serg Zastavkin\/ Veer \u00a9 Alloy Photography\/ Veer[\/vc_column_text][tm_spacer size=\u00a0\u00bblg:30&Prime;][vc_column_text css=\u00a0\u00bb.vc_custom_1627990339346{margin-top: 50px !important;}\u00a0\u00bb]Concept, cr\u00e9ation et r\u00e9alisation YAY! Digital GmbH Hohenzollernstr. 25 30161 Hannover Webseite: www.yay-digital.de E-Mail: hello@yay-digital.de[\/vc_column_text][\/vc_column][\/vc_row]","protected":false},"author":7,"featured_media":0,"parent":0,"menu_order":0,"comment_status":"closed","ping_status":"closed","template":"","meta":{"footnotes":""},"class_list":["post-7326","page","type-page","status-publish","hentry"],"yoast_head":"<!-- This site is optimized with the Yoast SEO plugin v25.6 - https:\/\/yoast.com\/wordpress\/plugins\/seo\/ -->\n<title>Mentions l\u00e9gales - Securetec Detektions-Systeme AG<\/title>\n<meta name=\"robots\" content=\"index, follow, max-snippet:-1, max-image-preview:large, max-video-preview:-1\" \/>\n<link rel=\"canonical\" href=\"https:\/\/www.securetec.net\/fr\/mentions-legales\/\" \/>\n<meta property=\"og:locale\" content=\"fr_FR\" \/>\n<meta property=\"og:type\" content=\"article\" \/>\n<meta property=\"og:title\" content=\"Mentions l\u00e9gales - Securetec Detektions-Systeme AG\" \/>\n<meta property=\"og:url\" content=\"https:\/\/www.securetec.net\/fr\/mentions-legales\/\" \/>\n<meta property=\"og:site_name\" content=\"Securetec Detektions-Systeme AG\" \/>\n<meta property=\"article:modified_time\" content=\"2023-11-09T08:09:13+00:00\" \/>\n<meta name=\"twitter:card\" content=\"summary_large_image\" \/>\n<meta name=\"twitter:site\" content=\"@DrugWipeUK\" \/>\n<meta name=\"twitter:label1\" content=\"Est. reading time\" \/>\n\t<meta name=\"twitter:data1\" content=\"1 minute\" \/>\n<script type=\"application\/ld+json\" class=\"yoast-schema-graph\">{\"@context\":\"https:\/\/schema.org\",\"@graph\":[{\"@type\":\"WebPage\",\"@id\":\"https:\/\/www.securetec.net\/fr\/mentions-legales\/\",\"url\":\"https:\/\/www.securetec.net\/fr\/mentions-legales\/\",\"name\":\"Mentions l\u00e9gales - Securetec Detektions-Systeme AG\",\"isPartOf\":{\"@id\":\"https:\/\/www.securetec.net\/fr\/#website\"},\"datePublished\":\"2018-11-20T20:13:00+00:00\",\"dateModified\":\"2023-11-09T08:09:13+00:00\",\"breadcrumb\":{\"@id\":\"https:\/\/www.securetec.net\/fr\/mentions-legales\/#breadcrumb\"},\"inLanguage\":\"fr-FR\",\"potentialAction\":[{\"@type\":\"ReadAction\",\"target\":[\"https:\/\/www.securetec.net\/fr\/mentions-legales\/\"]}]},{\"@type\":\"BreadcrumbList\",\"@id\":\"https:\/\/www.securetec.net\/fr\/mentions-legales\/#breadcrumb\",\"itemListElement\":[{\"@type\":\"ListItem\",\"position\":1,\"name\":\"Startseite\",\"item\":\"https:\/\/www.securetec.net\/fr\/\"},{\"@type\":\"ListItem\",\"position\":2,\"name\":\"Mentions l\u00e9gales\"}]},{\"@type\":\"WebSite\",\"@id\":\"https:\/\/www.securetec.net\/fr\/#website\",\"url\":\"https:\/\/www.securetec.net\/fr\/\",\"name\":\"Securetec Detektions-Systeme AG\",\"description\":\"We detect to protect\",\"publisher\":{\"@id\":\"https:\/\/www.securetec.net\/fr\/#organization\"},\"potentialAction\":[{\"@type\":\"SearchAction\",\"target\":{\"@type\":\"EntryPoint\",\"urlTemplate\":\"https:\/\/www.securetec.net\/fr\/?s={search_term_string}\"},\"query-input\":{\"@type\":\"PropertyValueSpecification\",\"valueRequired\":true,\"valueName\":\"search_term_string\"}}],\"inLanguage\":\"fr-FR\"},{\"@type\":\"Organization\",\"@id\":\"https:\/\/www.securetec.net\/fr\/#organization\",\"name\":\"Securetec Detektions-Systeme AG\",\"url\":\"https:\/\/www.securetec.net\/fr\/\",\"logo\":{\"@type\":\"ImageObject\",\"inLanguage\":\"fr-FR\",\"@id\":\"https:\/\/www.securetec.net\/fr\/#\/schema\/logo\/image\/\",\"url\":\"https:\/\/www.securetec.net\/app\/uploads\/2018\/07\/Securetec_Logo_.png\",\"contentUrl\":\"https:\/\/www.securetec.net\/app\/uploads\/2018\/07\/Securetec_Logo_.png\",\"width\":411,\"height\":189,\"caption\":\"Securetec Detektions-Systeme AG\"},\"image\":{\"@id\":\"https:\/\/www.securetec.net\/fr\/#\/schema\/logo\/image\/\"},\"sameAs\":[\"https:\/\/x.com\/DrugWipeUK\",\"https:\/\/www.linkedin.com\/company\/securetec\",\"https:\/\/www.youtube.com\/channel\/UCP9jQA-TYhtqanhaooppMqw\"]}]}<\/script>\n<!-- \/ Yoast SEO plugin. -->","yoast_head_json":{"title":"Mentions l\u00e9gales - Securetec Detektions-Systeme AG","robots":{"index":"index","follow":"follow","max-snippet":"max-snippet:-1","max-image-preview":"max-image-preview:large","max-video-preview":"max-video-preview:-1"},"canonical":"https:\/\/www.securetec.net\/fr\/mentions-legales\/","og_locale":"fr_FR","og_type":"article","og_title":"Mentions l\u00e9gales - Securetec Detektions-Systeme AG","og_url":"https:\/\/www.securetec.net\/fr\/mentions-legales\/","og_site_name":"Securetec Detektions-Systeme AG","article_modified_time":"2023-11-09T08:09:13+00:00","twitter_card":"summary_large_image","twitter_site":"@DrugWipeUK","twitter_misc":{"Est. reading time":"1 minute"},"schema":{"@context":"https:\/\/schema.org","@graph":[{"@type":"WebPage","@id":"https:\/\/www.securetec.net\/fr\/mentions-legales\/","url":"https:\/\/www.securetec.net\/fr\/mentions-legales\/","name":"Mentions l\u00e9gales - Securetec Detektions-Systeme AG","isPartOf":{"@id":"https:\/\/www.securetec.net\/fr\/#website"},"datePublished":"2018-11-20T20:13:00+00:00","dateModified":"2023-11-09T08:09:13+00:00","breadcrumb":{"@id":"https:\/\/www.securetec.net\/fr\/mentions-legales\/#breadcrumb"},"inLanguage":"fr-FR","potentialAction":[{"@type":"ReadAction","target":["https:\/\/www.securetec.net\/fr\/mentions-legales\/"]}]},{"@type":"BreadcrumbList","@id":"https:\/\/www.securetec.net\/fr\/mentions-legales\/#breadcrumb","itemListElement":[{"@type":"ListItem","position":1,"name":"Startseite","item":"https:\/\/www.securetec.net\/fr\/"},{"@type":"ListItem","position":2,"name":"Mentions l\u00e9gales"}]},{"@type":"WebSite","@id":"https:\/\/www.securetec.net\/fr\/#website","url":"https:\/\/www.securetec.net\/fr\/","name":"Securetec Detektions-Systeme AG","description":"We detect to protect","publisher":{"@id":"https:\/\/www.securetec.net\/fr\/#organization"},"potentialAction":[{"@type":"SearchAction","target":{"@type":"EntryPoint","urlTemplate":"https:\/\/www.securetec.net\/fr\/?s={search_term_string}"},"query-input":{"@type":"PropertyValueSpecification","valueRequired":true,"valueName":"search_term_string"}}],"inLanguage":"fr-FR"},{"@type":"Organization","@id":"https:\/\/www.securetec.net\/fr\/#organization","name":"Securetec Detektions-Systeme AG","url":"https:\/\/www.securetec.net\/fr\/","logo":{"@type":"ImageObject","inLanguage":"fr-FR","@id":"https:\/\/www.securetec.net\/fr\/#\/schema\/logo\/image\/","url":"https:\/\/www.securetec.net\/app\/uploads\/2018\/07\/Securetec_Logo_.png","contentUrl":"https:\/\/www.securetec.net\/app\/uploads\/2018\/07\/Securetec_Logo_.png","width":411,"height":189,"caption":"Securetec Detektions-Systeme AG"},"image":{"@id":"https:\/\/www.securetec.net\/fr\/#\/schema\/logo\/image\/"},"sameAs":["https:\/\/x.com\/DrugWipeUK","https:\/\/www.linkedin.com\/company\/securetec","https:\/\/www.youtube.com\/channel\/UCP9jQA-TYhtqanhaooppMqw"]}]}},"_links":{"self":[{"href":"https:\/\/www.securetec.net\/fr\/wp-json\/wp\/v2\/pages\/7326","targetHints":{"allow":["GET"]}}],"collection":[{"href":"https:\/\/www.securetec.net\/fr\/wp-json\/wp\/v2\/pages"}],"about":[{"href":"https:\/\/www.securetec.net\/fr\/wp-json\/wp\/v2\/types\/page"}],"author":[{"embeddable":true,"href":"https:\/\/www.securetec.net\/fr\/wp-json\/wp\/v2\/users\/7"}],"replies":[{"embeddable":true,"href":"https:\/\/www.securetec.net\/fr\/wp-json\/wp\/v2\/comments?post=7326"}],"version-history":[{"count":11,"href":"https:\/\/www.securetec.net\/fr\/wp-json\/wp\/v2\/pages\/7326\/revisions"}],"predecessor-version":[{"id":14999,"href":"https:\/\/www.securetec.net\/fr\/wp-json\/wp\/v2\/pages\/7326\/revisions\/14999"}],"wp:attachment":[{"href":"https:\/\/www.securetec.net\/fr\/wp-json\/wp\/v2\/media?parent=7326"}],"curies":[{"name":"wp","href":"https:\/\/api.w.org\/{rel}","templated":true}]}}