{"id":7299,"date":"2018-11-16T15:40:16","date_gmt":"2018-11-16T14:40:16","guid":{"rendered":"https:\/\/www.securetec.net\/?page_id=7299"},"modified":"2025-08-18T09:20:51","modified_gmt":"2025-08-18T07:20:51","slug":"production-assurance-de-la-qualite","status":"publish","type":"page","link":"https:\/\/www.securetec.net\/fr\/lentreprise\/production-assurance-de-la-qualite\/","title":{"rendered":"Production &#038; Assurance de la Qualit\u00e9"},"content":{"rendered":"<div class=\"wpb-content-wrapper\"><p>[vc_row lg_spacing=\u00a0\u00bbmargin_bottom:80&Prime;][vc_column width=\u00a0\u00bb2\/3&Prime;][vc_column_text]<\/p>\n<h2>Production<\/h2>\n<p>En tant que fabricant de test de d\u00e9pistage de stup\u00e9fiants, nous misons en mati\u00e8re de production sur une collaboration interdisciplinaire de nos \u00e9quipes hautement qualifi\u00e9es en charge de la production et de l&rsquo;assurance qualit\u00e9 dans notre entreprise bas\u00e9e \u00e0 Neubiberg pr\u00e8s de Munich. En mettant l&rsquo;accent sur la qualit\u00e9 contr\u00f4l\u00e9e et la s\u00e9curit\u00e9 au travail, nous d\u00e9veloppons des produits fiables, efficaces et innovants pour le d\u00e9pistage de drogues au cours de quatre phases de production\u00a0: traitement de mat\u00e9riaux bruts, fabrication de bandes r\u00e9actives, fabrication des composants des bo\u00eetiers et assemblage des produits.<\/p>\n<p>Les processus partiellement automatis\u00e9s permettent de garantir une qualit\u00e9 \u00e9lev\u00e9e en permanence et de r\u00e9agir de mani\u00e8re flexible aux demandes individuelles du client.[\/vc_column_text][tm_spacer size=\u00a0\u00bblg:30&Prime;][vc_column_text css=\u00a0\u00bb.vc_custom_1689157469990{margin-bottom: 50px !important;}\u00a0\u00bb]<\/p>\n<h2>Assurance qualit\u00e9<\/h2>\n<p>En tant que fabricant de tests rapides de premier plan, nous attachons une grande importance \u00e0 la qualit\u00e9 de nos produits. Depuis 2004, Securetec dispose des certifications ISO 9001 et EN ISO 13485. En compl\u00e9ment des audits r\u00e9alis\u00e9s chaque ann\u00e9e par T\u00dcV S\u00fcd, des audits internes ont \u00e9galement lieu \u00e0 l&rsquo;\u00e9chelle de l&rsquo;entreprise afin d&rsquo;assurer une am\u00e9lioration continue du syst\u00e8me de gestion de la qualit\u00e9.<\/p>\n<p>Depuis juin 2022, nous r\u00e9pondons \u00e0 toutes les exigences de la norme ISO 14001 et sommes certifi\u00e9s en cons\u00e9quence. Cette certification est renouvel\u00e9e chaque ann\u00e9e par l\u2019organisme de certification T\u00dcV Austria Cert.<\/p>\n<p>En plus du d\u00e9roulement des op\u00e9rations et des processus d\u00e9finis et appliqu\u00e9s conform\u00e9ment aux proc\u00e9dures op\u00e9rationnelles normalis\u00e9es (SOP), nous avons mis en \u0153uvre des mesures correctives et pr\u00e9ventives (CAPA) visant \u00e0 optimiser les produits et les processus en continu.<\/p>\n<p>Nos employ\u00e9s suivent r\u00e9guli\u00e8rement des formations, visant \u00e0 approfondir leur conscience qualitative, ce qui nous permet de maintenir l&rsquo;accent sur la qualit\u00e9.<\/p>\n<p>D\u00e8s le d\u00e9but, nos experts en assurance qualit\u00e9 encadrent l&rsquo;ensemble des \u00e9tapes et processus du d\u00e9veloppement et de la fabrication du produit jusqu&rsquo;\u00e0 la production en s\u00e9rie selon des crit\u00e8res de validation d\u00e9finis.<\/p>\n<p>Ainsi, nous pouvons nous assurer que seuls des produits durables et fonctionnels d&rsquo;une qualit\u00e9 irr\u00e9prochable sont livr\u00e9s \u00e0 nos clients.[\/vc_column_text][\/vc_column][vc_column width=\u00a0\u00bb1\/3&Prime;][tm_image align=\u00a0\u00bbcenter\u00a0\u00bb image=\u00a0\u00bb16350&Prime;][tm_spacer size=\u00a0\u00bblg:30&Prime;][tm_image align=\u00a0\u00bbcenter\u00a0\u00bb image=\u00a0\u00bb16354&Prime;][tm_spacer size=\u00a0\u00bblg:30&Prime;][tm_image align=\u00a0\u00bbcenter\u00a0\u00bb image=\u00a0\u00bb16359&Prime;][\/vc_column][\/vc_row][vc_row equal_height=\u00a0\u00bbyes\u00a0\u00bb][vc_column width=\u00a0\u00bb1\/2&Prime;][vc_row_inner equal_height=\u00a0\u00bbyes\u00a0\u00bb content_placement=\u00a0\u00bbmiddle\u00a0\u00bb lg_spacing=\u00a0\u00bbmargin_right:30;border_top:2;border_right:2;border_bottom:2;border_left:2;padding_top:0;padding_right:0;padding_bottom:0;padding_left:0&Prime;][vc_column_inner width=\u00a0\u00bb3\/4&Prime; content_alignment=\u00a0\u00bbright\u00a0\u00bb lg_spacing=\u00a0\u00bbpadding_top:0;padding_right:0;padding_bottom:0&Prime;][vc_column_text css=\u00a0\u00bb.vc_custom_1576502210906{padding-top: 20px !important;padding-bottom: 20px !important;padding-left: 10px !important;}\u00a0\u00bb]<div class='w3eden'><!-- WPDM Link Template: Default Template -->\n\n<div class=\"link-template-default card mb-2\">\n    <div class=\"card-body\">\n        <div class=\"media\">\n            <div class=\"mr-3 img-48\"><img decoding=\"async\" class=\"wpdm_icon\" alt=\"Ic\u00f4ne\" src=\"https:\/\/www.securetec.net\/app\/plugins\/download-manager\/assets\/file-type-icons\/pdf.svg\" \/><\/div>\n            <div class=\"media-body\">\n                <h3 class=\"package-title\"><a href='https:\/\/www.securetec.net\/fr\/download\/certificat-iso-13485-2\/'>Certificat ISO 13485<\/a><\/h3>\n                <div class=\"text-muted text-small\"><i class=\"fas fa-copy\"><\/i> 1 fichier\u00b7s <i class=\"fas fa-hdd ml-3\"><\/i> 348.76 KB<\/div>\n            <\/div>\n            <div class=\"ml-3\">\n                <a class='wpdm-download-link download-on-click btn btn-primary ' target=_blank rel='nofollow' href='#' data-downloadurl=\"https:\/\/www.securetec.net\/fr\/download\/certificat-iso-13485-2\/?wpdmdl=10708&refresh=69ea8d4ccdc021776979276\">T\u00e9l\u00e9charger<\/a>\n            <\/div>\n        <\/div>\n    <\/div>\n<\/div>\n\n<\/div>\n<div class='w3eden'><!-- WPDM Link Template: Default Template -->\n\n<div class=\"link-template-default card mb-2\">\n    <div class=\"card-body\">\n        <div class=\"media\">\n            <div class=\"mr-3 img-48\"><img decoding=\"async\" class=\"wpdm_icon\" alt=\"Ic\u00f4ne\" src=\"https:\/\/www.securetec.net\/app\/plugins\/download-manager\/assets\/file-type-icons\/pdf.svg\" \/><\/div>\n            <div class=\"media-body\">\n                <h3 class=\"package-title\"><a href='https:\/\/www.securetec.net\/fr\/download\/certificat-iso-9001\/'>Certificat ISO 9001<\/a><\/h3>\n                <div class=\"text-muted text-small\"><i class=\"fas fa-copy\"><\/i> 1 fichier\u00b7s <i class=\"fas fa-hdd ml-3\"><\/i> 325.95 KB<\/div>\n            <\/div>\n            <div class=\"ml-3\">\n                <a class='wpdm-download-link download-on-click btn btn-primary ' target=_blank rel='nofollow' href='#' data-downloadurl=\"https:\/\/www.securetec.net\/fr\/download\/certificat-iso-9001\/?wpdmdl=10700&refresh=69ea8d4ce39d61776979276\">T\u00e9l\u00e9charger<\/a>\n            <\/div>\n        <\/div>\n    <\/div>\n<\/div>\n\n<\/div>[\/vc_column_text][\/vc_column_inner][vc_column_inner width=\u00a0\u00bb1\/4&Prime; lg_spacing=\u00a0\u00bbmargin_top:21;margin_bottom:20&Prime;][tm_image align=\u00a0\u00bbright\u00a0\u00bb image=\u00a0\u00bb404&Prime; lg_spacing=\u00a0\u00bbpadding_top:0;padding_right:0;padding_bottom:0&Prime;][\/vc_column_inner][\/vc_row_inner][\/vc_column][vc_column width=\u00a0\u00bb1\/2&Prime;][vc_row_inner equal_height=\u00a0\u00bbyes\u00a0\u00bb content_placement=\u00a0\u00bbmiddle\u00a0\u00bb lg_spacing=\u00a0\u00bbborder_top:2;border_right:2;border_bottom:2;border_left:2;padding_top:0;padding_right:0;padding_bottom:0;padding_left:0&Prime;][vc_column_inner width=\u00a0\u00bb3\/4&Prime; content_alignment=\u00a0\u00bbright\u00a0\u00bb lg_spacing=\u00a0\u00bbpadding_top:0;padding_right:0;padding_bottom:0&Prime;][vc_column_text css=\u00a0\u00bb.vc_custom_1656336139027{padding-top: 20px !important;padding-bottom: 20px !important;padding-left: 10px !important;}\u00a0\u00bb]<div class='w3eden'><!-- WPDM Link Template: Default Template -->\n\n<div class=\"link-template-default card mb-2\">\n    <div class=\"card-body\">\n        <div class=\"media\">\n            <div class=\"mr-3 img-48\"><img decoding=\"async\" class=\"wpdm_icon\" alt=\"Ic\u00f4ne\" src=\"https:\/\/www.securetec.net\/app\/plugins\/download-manager\/assets\/file-type-icons\/pdf.svg\" \/><\/div>\n            <div class=\"media-body\">\n                <h3 class=\"package-title\"><a href='https:\/\/www.securetec.net\/fr\/download\/certificat-iso-14001\/'>Certificat ISO 14001<\/a><\/h3>\n                <div class=\"text-muted text-small\"><i class=\"fas fa-copy\"><\/i> 1 fichier\u00b7s <i class=\"fas fa-hdd ml-3\"><\/i> 0.00 KB<\/div>\n            <\/div>\n            <div class=\"ml-3\">\n                <a class='wpdm-download-link download-on-click btn btn-primary ' target=_blank rel='nofollow' href='#' data-downloadurl=\"https:\/\/www.securetec.net\/fr\/download\/certificat-iso-14001\/?wpdmdl=13638&refresh=69ea8d4d049bf1776979277\">T\u00e9l\u00e9charger<\/a>\n            <\/div>\n        <\/div>\n    <\/div>\n<\/div>\n\n<\/div>[\/vc_column_text][\/vc_column_inner][vc_column_inner width=\u00a0\u00bb1\/4&Prime; lg_spacing=\u00a0\u00bbmargin_top:21;margin_bottom:20&Prime;][tm_image align=\u00a0\u00bbright\u00a0\u00bb image=\u00a0\u00bb13616&Prime; lg_spacing=\u00a0\u00bbpadding_top:0;padding_right:0;padding_bottom:0&Prime;][\/vc_column_inner][\/vc_row_inner][\/vc_column][\/vc_row]<\/p>\n<\/div>","protected":false},"excerpt":{"rendered":"[vc_row lg_spacing=\u00a0\u00bbmargin_bottom:80&Prime;][vc_column width=\u00a0\u00bb2\/3&Prime;][vc_column_text] Production En tant que fabricant de test de d\u00e9pistage de stup\u00e9fiants, nous misons en mati\u00e8re de production sur une collaboration interdisciplinaire de nos \u00e9quipes hautement qualifi\u00e9es en charge de la production et de l&rsquo;assurance qualit\u00e9 dans notre entreprise bas\u00e9e \u00e0 Neubiberg pr\u00e8s de Munich. En mettant l&rsquo;accent sur la qualit\u00e9 contr\u00f4l\u00e9e et la s\u00e9curit\u00e9 au travail, nous d\u00e9veloppons des produits fiables, efficaces et innovants pour le d\u00e9pistage de drogues au cours de quatre phases de production\u00a0: traitement de mat\u00e9riaux bruts, fabrication de bandes r\u00e9actives, fabrication des composants des bo\u00eetiers et assemblage des produits. Les processus partiellement automatis\u00e9s permettent de garantir une qualit\u00e9 \u00e9lev\u00e9e en permanence et de r\u00e9agir de mani\u00e8re flexible aux demandes individuelles du client.[\/vc_column_text][tm_spacer size=\u00a0\u00bblg:30&Prime;][vc_column_text css=\u00a0\u00bb.vc_custom_1689157469990{margin-bottom: 50px !important;}\u00a0\u00bb] Assurance qualit\u00e9 En tant que fabricant de tests rapides de premier plan, nous attachons une grande importance \u00e0 la qualit\u00e9 de nos produits. Depuis 2004, Securetec dispose des certifications ISO 9001 et EN ISO 13485. En compl\u00e9ment des audits r\u00e9alis\u00e9s chaque ann\u00e9e par T\u00dcV S\u00fcd, des audits internes ont \u00e9galement lieu \u00e0 l&rsquo;\u00e9chelle de l&rsquo;entreprise afin d&rsquo;assurer une am\u00e9lioration continue du syst\u00e8me de gestion de la qualit\u00e9. Depuis juin 2022, nous r\u00e9pondons \u00e0 toutes les exigences de la norme ISO 14001 et sommes certifi\u00e9s en cons\u00e9quence. Cette certification est renouvel\u00e9e chaque ann\u00e9e par l\u2019organisme de certification T\u00dcV Austria Cert. En plus du d\u00e9roulement des op\u00e9rations et des processus d\u00e9finis et appliqu\u00e9s conform\u00e9ment aux proc\u00e9dures op\u00e9rationnelles normalis\u00e9es (SOP), nous avons mis en \u0153uvre des mesures correctives et pr\u00e9ventives (CAPA) visant \u00e0 optimiser les produits et les processus en continu. Nos employ\u00e9s suivent r\u00e9guli\u00e8rement des formations, visant \u00e0 approfondir leur conscience qualitative, ce qui nous permet de maintenir l&rsquo;accent sur la qualit\u00e9. D\u00e8s le d\u00e9but, nos experts en assurance qualit\u00e9 encadrent l&rsquo;ensemble des \u00e9tapes et processus du d\u00e9veloppement et de la fabrication du produit jusqu&rsquo;\u00e0 la production en s\u00e9rie selon des crit\u00e8res de validation d\u00e9finis. Ainsi, nous pouvons nous assurer que seuls des produits durables et fonctionnels d&rsquo;une qualit\u00e9 irr\u00e9prochable sont livr\u00e9s \u00e0 nos clients.[\/vc_column_text][\/vc_column][vc_column width=\u00a0\u00bb1\/3&Prime;][tm_image align=\u00a0\u00bbcenter\u00a0\u00bb image=\u00a0\u00bb16350&Prime;][tm_spacer size=\u00a0\u00bblg:30&Prime;][tm_image align=\u00a0\u00bbcenter\u00a0\u00bb image=\u00a0\u00bb16354&Prime;][tm_spacer size=\u00a0\u00bblg:30&Prime;][tm_image align=\u00a0\u00bbcenter\u00a0\u00bb image=\u00a0\u00bb16359&Prime;][\/vc_column][\/vc_row][vc_row equal_height=\u00a0\u00bbyes\u00a0\u00bb][vc_column width=\u00a0\u00bb1\/2&Prime;][vc_row_inner equal_height=\u00a0\u00bbyes\u00a0\u00bb content_placement=\u00a0\u00bbmiddle\u00a0\u00bb lg_spacing=\u00a0\u00bbmargin_right:30;border_top:2;border_right:2;border_bottom:2;border_left:2;padding_top:0;padding_right:0;padding_bottom:0;padding_left:0&Prime;][vc_column_inner width=\u00a0\u00bb3\/4&Prime; content_alignment=\u00a0\u00bbright\u00a0\u00bb lg_spacing=\u00a0\u00bbpadding_top:0;padding_right:0;padding_bottom:0&Prime;][vc_column_text css=\u00a0\u00bb.vc_custom_1576502210906{padding-top: 20px !important;padding-bottom: 20px !important;padding-left: 10px !important;}\u00a0\u00bb] [\/vc_column_text][\/vc_column_inner][vc_column_inner width=\u00a0\u00bb1\/4&Prime; lg_spacing=\u00a0\u00bbmargin_top:21;margin_bottom:20&Prime;][tm_image align=\u00a0\u00bbright\u00a0\u00bb image=\u00a0\u00bb404&Prime; lg_spacing=\u00a0\u00bbpadding_top:0;padding_right:0;padding_bottom:0&Prime;][\/vc_column_inner][\/vc_row_inner][\/vc_column][vc_column width=\u00a0\u00bb1\/2&Prime;][vc_row_inner equal_height=\u00a0\u00bbyes\u00a0\u00bb content_placement=\u00a0\u00bbmiddle\u00a0\u00bb lg_spacing=\u00a0\u00bbborder_top:2;border_right:2;border_bottom:2;border_left:2;padding_top:0;padding_right:0;padding_bottom:0;padding_left:0&Prime;][vc_column_inner width=\u00a0\u00bb3\/4&Prime; content_alignment=\u00a0\u00bbright\u00a0\u00bb lg_spacing=\u00a0\u00bbpadding_top:0;padding_right:0;padding_bottom:0&Prime;][vc_column_text css=\u00a0\u00bb.vc_custom_1656336139027{padding-top: 20px !important;padding-bottom: 20px !important;padding-left: 10px !important;}\u00a0\u00bb][\/vc_column_text][\/vc_column_inner][vc_column_inner width=\u00a0\u00bb1\/4&Prime; lg_spacing=\u00a0\u00bbmargin_top:21;margin_bottom:20&Prime;][tm_image align=\u00a0\u00bbright\u00a0\u00bb image=\u00a0\u00bb13616&Prime; lg_spacing=\u00a0\u00bbpadding_top:0;padding_right:0;padding_bottom:0&Prime;][\/vc_column_inner][\/vc_row_inner][\/vc_column][\/vc_row]","protected":false},"author":7,"featured_media":0,"parent":7185,"menu_order":0,"comment_status":"closed","ping_status":"closed","template":"","meta":{"footnotes":""},"class_list":["post-7299","page","type-page","status-publish","hentry"],"yoast_head":"<!-- This site is optimized with the Yoast SEO plugin v25.6 - https:\/\/yoast.com\/wordpress\/plugins\/seo\/ -->\n<title>Production &amp; Assurance de la Qualit\u00e9 - Securetec Detektions-Systeme AG<\/title>\n<meta name=\"robots\" content=\"index, follow, max-snippet:-1, max-image-preview:large, max-video-preview:-1\" \/>\n<link rel=\"canonical\" href=\"https:\/\/www.securetec.net\/fr\/lentreprise\/production-assurance-de-la-qualite\/\" \/>\n<meta property=\"og:locale\" content=\"fr_FR\" \/>\n<meta property=\"og:type\" content=\"article\" \/>\n<meta property=\"og:title\" content=\"Production &amp; Assurance de la Qualit\u00e9 - Securetec Detektions-Systeme AG\" \/>\n<meta property=\"og:url\" content=\"https:\/\/www.securetec.net\/fr\/lentreprise\/production-assurance-de-la-qualite\/\" \/>\n<meta property=\"og:site_name\" content=\"Securetec Detektions-Systeme AG\" \/>\n<meta property=\"article:modified_time\" content=\"2025-08-18T07:20:51+00:00\" \/>\n<meta name=\"twitter:card\" content=\"summary_large_image\" \/>\n<meta name=\"twitter:site\" content=\"@DrugWipeUK\" \/>\n<meta name=\"twitter:label1\" content=\"Est. reading time\" \/>\n\t<meta name=\"twitter:data1\" content=\"3 minutes\" \/>\n<script type=\"application\/ld+json\" class=\"yoast-schema-graph\">{\"@context\":\"https:\/\/schema.org\",\"@graph\":[{\"@type\":\"WebPage\",\"@id\":\"https:\/\/www.securetec.net\/fr\/lentreprise\/production-assurance-de-la-qualite\/\",\"url\":\"https:\/\/www.securetec.net\/fr\/lentreprise\/production-assurance-de-la-qualite\/\",\"name\":\"Production & Assurance de la Qualit\u00e9 - Securetec Detektions-Systeme AG\",\"isPartOf\":{\"@id\":\"https:\/\/www.securetec.net\/fr\/#website\"},\"datePublished\":\"2018-11-16T14:40:16+00:00\",\"dateModified\":\"2025-08-18T07:20:51+00:00\",\"breadcrumb\":{\"@id\":\"https:\/\/www.securetec.net\/fr\/lentreprise\/production-assurance-de-la-qualite\/#breadcrumb\"},\"inLanguage\":\"fr-FR\",\"potentialAction\":[{\"@type\":\"ReadAction\",\"target\":[\"https:\/\/www.securetec.net\/fr\/lentreprise\/production-assurance-de-la-qualite\/\"]}]},{\"@type\":\"BreadcrumbList\",\"@id\":\"https:\/\/www.securetec.net\/fr\/lentreprise\/production-assurance-de-la-qualite\/#breadcrumb\",\"itemListElement\":[{\"@type\":\"ListItem\",\"position\":1,\"name\":\"Startseite\",\"item\":\"https:\/\/www.securetec.net\/fr\/\"},{\"@type\":\"ListItem\",\"position\":2,\"name\":\"Entreprise\",\"item\":\"https:\/\/www.securetec.net\/fr\/lentreprise\/\"},{\"@type\":\"ListItem\",\"position\":3,\"name\":\"Production &#038; Assurance de la Qualit\u00e9\"}]},{\"@type\":\"WebSite\",\"@id\":\"https:\/\/www.securetec.net\/fr\/#website\",\"url\":\"https:\/\/www.securetec.net\/fr\/\",\"name\":\"Securetec Detektions-Systeme AG\",\"description\":\"We detect to protect\",\"publisher\":{\"@id\":\"https:\/\/www.securetec.net\/fr\/#organization\"},\"potentialAction\":[{\"@type\":\"SearchAction\",\"target\":{\"@type\":\"EntryPoint\",\"urlTemplate\":\"https:\/\/www.securetec.net\/fr\/?s={search_term_string}\"},\"query-input\":{\"@type\":\"PropertyValueSpecification\",\"valueRequired\":true,\"valueName\":\"search_term_string\"}}],\"inLanguage\":\"fr-FR\"},{\"@type\":\"Organization\",\"@id\":\"https:\/\/www.securetec.net\/fr\/#organization\",\"name\":\"Securetec Detektions-Systeme AG\",\"url\":\"https:\/\/www.securetec.net\/fr\/\",\"logo\":{\"@type\":\"ImageObject\",\"inLanguage\":\"fr-FR\",\"@id\":\"https:\/\/www.securetec.net\/fr\/#\/schema\/logo\/image\/\",\"url\":\"https:\/\/www.securetec.net\/app\/uploads\/2018\/07\/Securetec_Logo_.png\",\"contentUrl\":\"https:\/\/www.securetec.net\/app\/uploads\/2018\/07\/Securetec_Logo_.png\",\"width\":411,\"height\":189,\"caption\":\"Securetec Detektions-Systeme AG\"},\"image\":{\"@id\":\"https:\/\/www.securetec.net\/fr\/#\/schema\/logo\/image\/\"},\"sameAs\":[\"https:\/\/x.com\/DrugWipeUK\",\"https:\/\/www.linkedin.com\/company\/securetec\",\"https:\/\/www.youtube.com\/channel\/UCP9jQA-TYhtqanhaooppMqw\"]}]}<\/script>\n<!-- \/ Yoast SEO plugin. -->","yoast_head_json":{"title":"Production & Assurance de la Qualit\u00e9 - Securetec Detektions-Systeme AG","robots":{"index":"index","follow":"follow","max-snippet":"max-snippet:-1","max-image-preview":"max-image-preview:large","max-video-preview":"max-video-preview:-1"},"canonical":"https:\/\/www.securetec.net\/fr\/lentreprise\/production-assurance-de-la-qualite\/","og_locale":"fr_FR","og_type":"article","og_title":"Production & Assurance de la Qualit\u00e9 - Securetec Detektions-Systeme AG","og_url":"https:\/\/www.securetec.net\/fr\/lentreprise\/production-assurance-de-la-qualite\/","og_site_name":"Securetec Detektions-Systeme AG","article_modified_time":"2025-08-18T07:20:51+00:00","twitter_card":"summary_large_image","twitter_site":"@DrugWipeUK","twitter_misc":{"Est. reading time":"3 minutes"},"schema":{"@context":"https:\/\/schema.org","@graph":[{"@type":"WebPage","@id":"https:\/\/www.securetec.net\/fr\/lentreprise\/production-assurance-de-la-qualite\/","url":"https:\/\/www.securetec.net\/fr\/lentreprise\/production-assurance-de-la-qualite\/","name":"Production & Assurance de la Qualit\u00e9 - Securetec Detektions-Systeme AG","isPartOf":{"@id":"https:\/\/www.securetec.net\/fr\/#website"},"datePublished":"2018-11-16T14:40:16+00:00","dateModified":"2025-08-18T07:20:51+00:00","breadcrumb":{"@id":"https:\/\/www.securetec.net\/fr\/lentreprise\/production-assurance-de-la-qualite\/#breadcrumb"},"inLanguage":"fr-FR","potentialAction":[{"@type":"ReadAction","target":["https:\/\/www.securetec.net\/fr\/lentreprise\/production-assurance-de-la-qualite\/"]}]},{"@type":"BreadcrumbList","@id":"https:\/\/www.securetec.net\/fr\/lentreprise\/production-assurance-de-la-qualite\/#breadcrumb","itemListElement":[{"@type":"ListItem","position":1,"name":"Startseite","item":"https:\/\/www.securetec.net\/fr\/"},{"@type":"ListItem","position":2,"name":"Entreprise","item":"https:\/\/www.securetec.net\/fr\/lentreprise\/"},{"@type":"ListItem","position":3,"name":"Production &#038; Assurance de la Qualit\u00e9"}]},{"@type":"WebSite","@id":"https:\/\/www.securetec.net\/fr\/#website","url":"https:\/\/www.securetec.net\/fr\/","name":"Securetec Detektions-Systeme AG","description":"We detect to protect","publisher":{"@id":"https:\/\/www.securetec.net\/fr\/#organization"},"potentialAction":[{"@type":"SearchAction","target":{"@type":"EntryPoint","urlTemplate":"https:\/\/www.securetec.net\/fr\/?s={search_term_string}"},"query-input":{"@type":"PropertyValueSpecification","valueRequired":true,"valueName":"search_term_string"}}],"inLanguage":"fr-FR"},{"@type":"Organization","@id":"https:\/\/www.securetec.net\/fr\/#organization","name":"Securetec Detektions-Systeme AG","url":"https:\/\/www.securetec.net\/fr\/","logo":{"@type":"ImageObject","inLanguage":"fr-FR","@id":"https:\/\/www.securetec.net\/fr\/#\/schema\/logo\/image\/","url":"https:\/\/www.securetec.net\/app\/uploads\/2018\/07\/Securetec_Logo_.png","contentUrl":"https:\/\/www.securetec.net\/app\/uploads\/2018\/07\/Securetec_Logo_.png","width":411,"height":189,"caption":"Securetec Detektions-Systeme AG"},"image":{"@id":"https:\/\/www.securetec.net\/fr\/#\/schema\/logo\/image\/"},"sameAs":["https:\/\/x.com\/DrugWipeUK","https:\/\/www.linkedin.com\/company\/securetec","https:\/\/www.youtube.com\/channel\/UCP9jQA-TYhtqanhaooppMqw"]}]}},"_links":{"self":[{"href":"https:\/\/www.securetec.net\/fr\/wp-json\/wp\/v2\/pages\/7299","targetHints":{"allow":["GET"]}}],"collection":[{"href":"https:\/\/www.securetec.net\/fr\/wp-json\/wp\/v2\/pages"}],"about":[{"href":"https:\/\/www.securetec.net\/fr\/wp-json\/wp\/v2\/types\/page"}],"author":[{"embeddable":true,"href":"https:\/\/www.securetec.net\/fr\/wp-json\/wp\/v2\/users\/7"}],"replies":[{"embeddable":true,"href":"https:\/\/www.securetec.net\/fr\/wp-json\/wp\/v2\/comments?post=7299"}],"version-history":[{"count":21,"href":"https:\/\/www.securetec.net\/fr\/wp-json\/wp\/v2\/pages\/7299\/revisions"}],"predecessor-version":[{"id":16514,"href":"https:\/\/www.securetec.net\/fr\/wp-json\/wp\/v2\/pages\/7299\/revisions\/16514"}],"up":[{"embeddable":true,"href":"https:\/\/www.securetec.net\/fr\/wp-json\/wp\/v2\/pages\/7185"}],"wp:attachment":[{"href":"https:\/\/www.securetec.net\/fr\/wp-json\/wp\/v2\/media?parent=7299"}],"curies":[{"name":"wp","href":"https:\/\/api.w.org\/{rel}","templated":true}]}}