{"id":7251,"date":"2018-11-15T20:23:00","date_gmt":"2018-11-15T19:23:00","guid":{"rendered":"https:\/\/www.securetec.net\/?page_id=7251"},"modified":"2025-08-18T09:25:45","modified_gmt":"2025-08-18T07:25:45","slug":"commercialisation-distribution","status":"publish","type":"page","link":"https:\/\/www.securetec.net\/fr\/lentreprise\/commercialisation-distribution\/","title":{"rendered":"Commercialisation &#038; Distribution"},"content":{"rendered":"<div class=\"wpb-content-wrapper\"><p>[vc_row][vc_column width=\u00a0\u00bb2\/3&Prime;][vc_column_text css=\u00a0\u00bb\u00a0\u00bb]La proximit\u00e9 avec le client nous tient particuli\u00e8rement \u00e0 c\u0153ur. \u00c0 cette fin, Securetec AG mise depuis plus de 30 ans sur un r\u00e9seau de distribution puissant qui ne cesse de cro\u00eetre et se distingue par son exp\u00e9rience mondiale et sa pr\u00e9sence locale. Nous sommes l\u00e0 pour vous, sur place, dans le monde entier.<\/p>\n<p>La vente et le marketing de nos tests de d\u00e9pistage de drogues leaders dans le monde sont directement g\u00e9r\u00e9s depuis le si\u00e8ge de l&rsquo;entreprise Securetec \u00e0 Neubiberg pr\u00e8s de Munich. Notre \u00e9quipe commerciale chevronn\u00e9e constitu\u00e9e d&#8217;employ\u00e9s des services int\u00e9rieur et ext\u00e9rieur aura le plaisir de mettre ses comp\u00e9tences et son exp\u00e9rience \u00e0 votre service.<\/p>\n<p>Nous garantissons une disponibilit\u00e9 \u00e0 l&rsquo;\u00e9chelle mondiale de nos tests rapides efficaces par l&rsquo;interm\u00e9diaire de nos filiales internationales et de nos partenaires de coop\u00e9ration et interlocuteurs locaux.<\/p>\n<p><a href=\"https:\/\/www.securetec.net\/fr\/contacter\/\" target=\"_blank\" rel=\"noopener noreferrer\">&gt;&gt; Contacter Securetec<\/a><\/p>\n<p><a href=\"https:\/\/www.securetec.net\/fr\/lentreprise\/commercialisation-distribution\/partenaires-securetec\/\">&gt;&gt; Devenir partenaire de distribution de Securetec<\/a><\/p>\n<p><a href=\"https:\/\/www.securetec.net\/en\/distributor-area\/\">&gt;&gt; Distributor Area<\/a>[\/vc_column_text][\/vc_column][vc_column width=\u00a0\u00bb1\/3&Prime;][tm_image align=\u00a0\u00bbcenter\u00a0\u00bb image=\u00a0\u00bb16369&Prime;][tm_spacer size=\u00a0\u00bblg:30&Prime;][tm_image align=\u00a0\u00bbcenter\u00a0\u00bb image=\u00a0\u00bb16374&Prime;][\/vc_column][\/vc_row]<\/p>\n<\/div>","protected":false},"excerpt":{"rendered":"[vc_row][vc_column width=\u00a0\u00bb2\/3&Prime;][vc_column_text css=\u00a0\u00bb\u00a0\u00bb]La proximit\u00e9 avec le client nous tient particuli\u00e8rement \u00e0 c\u0153ur. \u00c0 cette fin, Securetec AG mise depuis plus de 30 ans sur un r\u00e9seau de distribution puissant qui ne cesse de cro\u00eetre et se distingue par son exp\u00e9rience mondiale et sa pr\u00e9sence locale. Nous sommes l\u00e0 pour vous, sur place, dans le monde entier. La vente et le marketing de nos tests de d\u00e9pistage de drogues leaders dans le monde sont directement g\u00e9r\u00e9s depuis le si\u00e8ge de l&rsquo;entreprise Securetec \u00e0 Neubiberg pr\u00e8s de Munich. Notre \u00e9quipe commerciale chevronn\u00e9e constitu\u00e9e d&#8217;employ\u00e9s des services int\u00e9rieur et ext\u00e9rieur aura le plaisir de mettre ses comp\u00e9tences et son exp\u00e9rience \u00e0 votre service. Nous garantissons une disponibilit\u00e9 \u00e0 l&rsquo;\u00e9chelle mondiale de nos tests rapides efficaces par l&rsquo;interm\u00e9diaire de nos filiales internationales et de nos partenaires de coop\u00e9ration et interlocuteurs locaux. &gt;&gt; Contacter Securetec &gt;&gt; Devenir partenaire de distribution de Securetec &gt;&gt; Distributor Area[\/vc_column_text][\/vc_column][vc_column width=\u00a0\u00bb1\/3&Prime;][tm_image align=\u00a0\u00bbcenter\u00a0\u00bb image=\u00a0\u00bb16369&Prime;][tm_spacer size=\u00a0\u00bblg:30&Prime;][tm_image align=\u00a0\u00bbcenter\u00a0\u00bb image=\u00a0\u00bb16374&Prime;][\/vc_column][\/vc_row]","protected":false},"author":7,"featured_media":0,"parent":7185,"menu_order":0,"comment_status":"closed","ping_status":"closed","template":"","meta":{"footnotes":""},"class_list":["post-7251","page","type-page","status-publish","hentry"],"yoast_head":"<!-- This site is optimized with the Yoast SEO plugin v25.6 - https:\/\/yoast.com\/wordpress\/plugins\/seo\/ -->\n<title>Commercialisation &amp; Distribution - Securetec Detektions-Systeme AG<\/title>\n<meta name=\"robots\" content=\"index, follow, max-snippet:-1, max-image-preview:large, max-video-preview:-1\" \/>\n<link rel=\"canonical\" href=\"https:\/\/www.securetec.net\/fr\/lentreprise\/commercialisation-distribution\/\" \/>\n<meta property=\"og:locale\" content=\"fr_FR\" \/>\n<meta property=\"og:type\" content=\"article\" \/>\n<meta property=\"og:title\" content=\"Commercialisation &amp; Distribution - Securetec Detektions-Systeme AG\" \/>\n<meta property=\"og:url\" content=\"https:\/\/www.securetec.net\/fr\/lentreprise\/commercialisation-distribution\/\" \/>\n<meta property=\"og:site_name\" content=\"Securetec Detektions-Systeme AG\" \/>\n<meta property=\"article:modified_time\" content=\"2025-08-18T07:25:45+00:00\" \/>\n<meta name=\"twitter:card\" content=\"summary_large_image\" \/>\n<meta name=\"twitter:site\" content=\"@DrugWipeUK\" \/>\n<meta name=\"twitter:label1\" content=\"Est. reading time\" \/>\n\t<meta name=\"twitter:data1\" content=\"1 minute\" \/>\n<script type=\"application\/ld+json\" class=\"yoast-schema-graph\">{\"@context\":\"https:\/\/schema.org\",\"@graph\":[{\"@type\":\"WebPage\",\"@id\":\"https:\/\/www.securetec.net\/fr\/lentreprise\/commercialisation-distribution\/\",\"url\":\"https:\/\/www.securetec.net\/fr\/lentreprise\/commercialisation-distribution\/\",\"name\":\"Commercialisation & Distribution - Securetec Detektions-Systeme AG\",\"isPartOf\":{\"@id\":\"https:\/\/www.securetec.net\/fr\/#website\"},\"datePublished\":\"2018-11-15T19:23:00+00:00\",\"dateModified\":\"2025-08-18T07:25:45+00:00\",\"breadcrumb\":{\"@id\":\"https:\/\/www.securetec.net\/fr\/lentreprise\/commercialisation-distribution\/#breadcrumb\"},\"inLanguage\":\"fr-FR\",\"potentialAction\":[{\"@type\":\"ReadAction\",\"target\":[\"https:\/\/www.securetec.net\/fr\/lentreprise\/commercialisation-distribution\/\"]}]},{\"@type\":\"BreadcrumbList\",\"@id\":\"https:\/\/www.securetec.net\/fr\/lentreprise\/commercialisation-distribution\/#breadcrumb\",\"itemListElement\":[{\"@type\":\"ListItem\",\"position\":1,\"name\":\"Startseite\",\"item\":\"https:\/\/www.securetec.net\/fr\/\"},{\"@type\":\"ListItem\",\"position\":2,\"name\":\"Entreprise\",\"item\":\"https:\/\/www.securetec.net\/fr\/lentreprise\/\"},{\"@type\":\"ListItem\",\"position\":3,\"name\":\"Commercialisation &#038; Distribution\"}]},{\"@type\":\"WebSite\",\"@id\":\"https:\/\/www.securetec.net\/fr\/#website\",\"url\":\"https:\/\/www.securetec.net\/fr\/\",\"name\":\"Securetec Detektions-Systeme AG\",\"description\":\"We detect to protect\",\"publisher\":{\"@id\":\"https:\/\/www.securetec.net\/fr\/#organization\"},\"potentialAction\":[{\"@type\":\"SearchAction\",\"target\":{\"@type\":\"EntryPoint\",\"urlTemplate\":\"https:\/\/www.securetec.net\/fr\/?s={search_term_string}\"},\"query-input\":{\"@type\":\"PropertyValueSpecification\",\"valueRequired\":true,\"valueName\":\"search_term_string\"}}],\"inLanguage\":\"fr-FR\"},{\"@type\":\"Organization\",\"@id\":\"https:\/\/www.securetec.net\/fr\/#organization\",\"name\":\"Securetec Detektions-Systeme AG\",\"url\":\"https:\/\/www.securetec.net\/fr\/\",\"logo\":{\"@type\":\"ImageObject\",\"inLanguage\":\"fr-FR\",\"@id\":\"https:\/\/www.securetec.net\/fr\/#\/schema\/logo\/image\/\",\"url\":\"https:\/\/www.securetec.net\/app\/uploads\/2018\/07\/Securetec_Logo_.png\",\"contentUrl\":\"https:\/\/www.securetec.net\/app\/uploads\/2018\/07\/Securetec_Logo_.png\",\"width\":411,\"height\":189,\"caption\":\"Securetec Detektions-Systeme AG\"},\"image\":{\"@id\":\"https:\/\/www.securetec.net\/fr\/#\/schema\/logo\/image\/\"},\"sameAs\":[\"https:\/\/x.com\/DrugWipeUK\",\"https:\/\/www.linkedin.com\/company\/securetec\",\"https:\/\/www.youtube.com\/channel\/UCP9jQA-TYhtqanhaooppMqw\"]}]}<\/script>\n<!-- \/ Yoast SEO plugin. -->","yoast_head_json":{"title":"Commercialisation & Distribution - Securetec Detektions-Systeme AG","robots":{"index":"index","follow":"follow","max-snippet":"max-snippet:-1","max-image-preview":"max-image-preview:large","max-video-preview":"max-video-preview:-1"},"canonical":"https:\/\/www.securetec.net\/fr\/lentreprise\/commercialisation-distribution\/","og_locale":"fr_FR","og_type":"article","og_title":"Commercialisation & Distribution - Securetec Detektions-Systeme AG","og_url":"https:\/\/www.securetec.net\/fr\/lentreprise\/commercialisation-distribution\/","og_site_name":"Securetec Detektions-Systeme AG","article_modified_time":"2025-08-18T07:25:45+00:00","twitter_card":"summary_large_image","twitter_site":"@DrugWipeUK","twitter_misc":{"Est. reading time":"1 minute"},"schema":{"@context":"https:\/\/schema.org","@graph":[{"@type":"WebPage","@id":"https:\/\/www.securetec.net\/fr\/lentreprise\/commercialisation-distribution\/","url":"https:\/\/www.securetec.net\/fr\/lentreprise\/commercialisation-distribution\/","name":"Commercialisation & Distribution - Securetec Detektions-Systeme AG","isPartOf":{"@id":"https:\/\/www.securetec.net\/fr\/#website"},"datePublished":"2018-11-15T19:23:00+00:00","dateModified":"2025-08-18T07:25:45+00:00","breadcrumb":{"@id":"https:\/\/www.securetec.net\/fr\/lentreprise\/commercialisation-distribution\/#breadcrumb"},"inLanguage":"fr-FR","potentialAction":[{"@type":"ReadAction","target":["https:\/\/www.securetec.net\/fr\/lentreprise\/commercialisation-distribution\/"]}]},{"@type":"BreadcrumbList","@id":"https:\/\/www.securetec.net\/fr\/lentreprise\/commercialisation-distribution\/#breadcrumb","itemListElement":[{"@type":"ListItem","position":1,"name":"Startseite","item":"https:\/\/www.securetec.net\/fr\/"},{"@type":"ListItem","position":2,"name":"Entreprise","item":"https:\/\/www.securetec.net\/fr\/lentreprise\/"},{"@type":"ListItem","position":3,"name":"Commercialisation &#038; Distribution"}]},{"@type":"WebSite","@id":"https:\/\/www.securetec.net\/fr\/#website","url":"https:\/\/www.securetec.net\/fr\/","name":"Securetec Detektions-Systeme AG","description":"We detect to protect","publisher":{"@id":"https:\/\/www.securetec.net\/fr\/#organization"},"potentialAction":[{"@type":"SearchAction","target":{"@type":"EntryPoint","urlTemplate":"https:\/\/www.securetec.net\/fr\/?s={search_term_string}"},"query-input":{"@type":"PropertyValueSpecification","valueRequired":true,"valueName":"search_term_string"}}],"inLanguage":"fr-FR"},{"@type":"Organization","@id":"https:\/\/www.securetec.net\/fr\/#organization","name":"Securetec Detektions-Systeme AG","url":"https:\/\/www.securetec.net\/fr\/","logo":{"@type":"ImageObject","inLanguage":"fr-FR","@id":"https:\/\/www.securetec.net\/fr\/#\/schema\/logo\/image\/","url":"https:\/\/www.securetec.net\/app\/uploads\/2018\/07\/Securetec_Logo_.png","contentUrl":"https:\/\/www.securetec.net\/app\/uploads\/2018\/07\/Securetec_Logo_.png","width":411,"height":189,"caption":"Securetec Detektions-Systeme AG"},"image":{"@id":"https:\/\/www.securetec.net\/fr\/#\/schema\/logo\/image\/"},"sameAs":["https:\/\/x.com\/DrugWipeUK","https:\/\/www.linkedin.com\/company\/securetec","https:\/\/www.youtube.com\/channel\/UCP9jQA-TYhtqanhaooppMqw"]}]}},"_links":{"self":[{"href":"https:\/\/www.securetec.net\/fr\/wp-json\/wp\/v2\/pages\/7251","targetHints":{"allow":["GET"]}}],"collection":[{"href":"https:\/\/www.securetec.net\/fr\/wp-json\/wp\/v2\/pages"}],"about":[{"href":"https:\/\/www.securetec.net\/fr\/wp-json\/wp\/v2\/types\/page"}],"author":[{"embeddable":true,"href":"https:\/\/www.securetec.net\/fr\/wp-json\/wp\/v2\/users\/7"}],"replies":[{"embeddable":true,"href":"https:\/\/www.securetec.net\/fr\/wp-json\/wp\/v2\/comments?post=7251"}],"version-history":[{"count":11,"href":"https:\/\/www.securetec.net\/fr\/wp-json\/wp\/v2\/pages\/7251\/revisions"}],"predecessor-version":[{"id":16520,"href":"https:\/\/www.securetec.net\/fr\/wp-json\/wp\/v2\/pages\/7251\/revisions\/16520"}],"up":[{"embeddable":true,"href":"https:\/\/www.securetec.net\/fr\/wp-json\/wp\/v2\/pages\/7185"}],"wp:attachment":[{"href":"https:\/\/www.securetec.net\/fr\/wp-json\/wp\/v2\/media?parent=7251"}],"curies":[{"name":"wp","href":"https:\/\/api.w.org\/{rel}","templated":true}]}}