{"id":7210,"date":"2018-11-15T19:02:11","date_gmt":"2018-11-15T18:02:11","guid":{"rendered":"https:\/\/www.securetec.net\/lentreprise\/recherche-developpement\/"},"modified":"2025-08-19T10:59:54","modified_gmt":"2025-08-19T08:59:54","slug":"recherche-developpement","status":"publish","type":"page","link":"https:\/\/www.securetec.net\/fr\/lentreprise\/recherche-developpement\/","title":{"rendered":"Recherche &#038; D\u00e9veloppement"},"content":{"rendered":"<div class=\"wpb-content-wrapper\"><p>[vc_row][vc_column width=\u00a0\u00bb2\/3&Prime;][vc_column_text css=\u00a0\u00bb\u00a0\u00bb]En tant que fabricant international de tests de d\u00e9pistage de stup\u00e9fiants de premier plan, Securetec dispose de plus de 30 ann\u00e9es de comp\u00e9tences en mati\u00e8re de d\u00e9veloppement dans les domaines des technologies de flux lat\u00e9ral, du diagnostic de point d&rsquo;intervention et du diagnostic in vitro.<\/p>\n<p>Les \u00e9quipes sp\u00e9cialis\u00e9es des services de recherche et de d\u00e9veloppement propres \u00e0 l&rsquo;entreprise travaillent constamment \u00e0 l&rsquo;optimisation de la qualit\u00e9 et au d\u00e9veloppement continu de la large gamme de produits de biocapteurs et de test rapides innovants pour une analyse sur site performante. Notre objectif principal est le d\u00e9pistage de petites mol\u00e9cules telles que les drogues.<br \/>\nLa d\u00e9tection d&rsquo;autres substances dangereuses telles que le gaz moutarde ou la d\u00e9tection de micro-organismes, font \u00e9galement partie du domaine de recherche de nos sp\u00e9cialistes qualifi\u00e9s.<\/p>\n<p>Dans la gamme de produits commercialisables et \u00e9tablis de l&rsquo;\u00e9quipe de recherche et d\u00e9veloppement de Securetec figurent notamment:<\/p>\n<ul>\n<li><a href=\"https:\/\/www.securetec.net\/fr\/depistage-de-stupefiants\/\">Test rapide DrugWipe<sup>\u00ae<\/sup> destin\u00e9s au d\u00e9pistage de la consommation de stup\u00e9fiants dans la salive, la sueur (peau) et sur des surfaces<\/a><\/li>\n<li>Test rapide DrugID<sup>\u00ae<\/sup> destin\u00e9s \u00e0 l&rsquo;identification de stup\u00e9fiants inconnus<\/li>\n<li>Tests LOST pour le d\u00e9pistage de contamination au gaz moutarde sur la peau<\/li>\n<\/ul>\n<p>Adopt\u00e9s partout dans le monde, efficaces et fiables\u00a0: d\u00e9couvrez notre large \u00e9ventail de produits.[\/vc_column_text][tm_spacer size=\u00a0\u00bblg:30&Prime;][tm_button button=\u00a0\u00bburl:https%3A%2F%2Fwww.securetec.net%2Ffr%2Flentreprise%2Frecherche-developpement%2Ftraitement-de-commande%2F|title:Traitement%20de%20commande\u00a0\u00bb][\/vc_column][vc_column width=\u00a0\u00bb1\/3&Prime;][tm_image image=\u00a0\u00bb16326&Prime;][tm_spacer size=\u00a0\u00bblg:30&Prime;][tm_image align=\u00a0\u00bbcenter\u00a0\u00bb image=\u00a0\u00bb16331&Prime;][tm_spacer size=\u00a0\u00bblg:30&Prime;][tm_button full_wide=\u00a0\u00bb1&Prime; button=\u00a0\u00bburl:https%3A%2F%2Fwww.securetec.net%2Ffr%2Fdepistage-de-stupefiants%2F|title:Produits\u00a0\u00bb align=\u00a0\u00bbcenter\u00a0\u00bb][\/vc_column][\/vc_row]<\/p>\n<\/div>","protected":false},"excerpt":{"rendered":"[vc_row][vc_column width=\u00a0\u00bb2\/3&Prime;][vc_column_text css=\u00a0\u00bb\u00a0\u00bb]En tant que fabricant international de tests de d\u00e9pistage de stup\u00e9fiants de premier plan, Securetec dispose de plus de 30 ann\u00e9es de comp\u00e9tences en mati\u00e8re de d\u00e9veloppement dans les domaines des technologies de flux lat\u00e9ral, du diagnostic de point d&rsquo;intervention et du diagnostic in vitro. Les \u00e9quipes sp\u00e9cialis\u00e9es des services de recherche et de d\u00e9veloppement propres \u00e0 l&rsquo;entreprise travaillent constamment \u00e0 l&rsquo;optimisation de la qualit\u00e9 et au d\u00e9veloppement continu de la large gamme de produits de biocapteurs et de test rapides innovants pour une analyse sur site performante. Notre objectif principal est le d\u00e9pistage de petites mol\u00e9cules telles que les drogues. La d\u00e9tection d&rsquo;autres substances dangereuses telles que le gaz moutarde ou la d\u00e9tection de micro-organismes, font \u00e9galement partie du domaine de recherche de nos sp\u00e9cialistes qualifi\u00e9s. Dans la gamme de produits commercialisables et \u00e9tablis de l&rsquo;\u00e9quipe de recherche et d\u00e9veloppement de Securetec figurent notamment: Test rapide DrugWipe\u00ae destin\u00e9s au d\u00e9pistage de la consommation de stup\u00e9fiants dans la salive, la sueur (peau) et sur des surfaces Test rapide DrugID\u00ae destin\u00e9s \u00e0 l&rsquo;identification de stup\u00e9fiants inconnus Tests LOST pour le d\u00e9pistage de contamination au gaz moutarde sur la peau Adopt\u00e9s partout dans le monde, efficaces et fiables\u00a0: d\u00e9couvrez notre large \u00e9ventail de produits.[\/vc_column_text][tm_spacer size=\u00a0\u00bblg:30&Prime;][tm_button button=\u00a0\u00bburl:https%3A%2F%2Fwww.securetec.net%2Ffr%2Flentreprise%2Frecherche-developpement%2Ftraitement-de-commande%2F|title:Traitement%20de%20commande\u00a0\u00bb][\/vc_column][vc_column width=\u00a0\u00bb1\/3&Prime;][tm_image image=\u00a0\u00bb16326&Prime;][tm_spacer size=\u00a0\u00bblg:30&Prime;][tm_image align=\u00a0\u00bbcenter\u00a0\u00bb image=\u00a0\u00bb16331&Prime;][tm_spacer size=\u00a0\u00bblg:30&Prime;][tm_button full_wide=\u00a0\u00bb1&Prime; button=\u00a0\u00bburl:https%3A%2F%2Fwww.securetec.net%2Ffr%2Fdepistage-de-stupefiants%2F|title:Produits\u00a0\u00bb align=\u00a0\u00bbcenter\u00a0\u00bb][\/vc_column][\/vc_row]","protected":false},"author":1,"featured_media":0,"parent":7185,"menu_order":0,"comment_status":"closed","ping_status":"closed","template":"","meta":{"footnotes":""},"class_list":["post-7210","page","type-page","status-publish","hentry"],"yoast_head":"<!-- This site is optimized with the Yoast SEO plugin v25.6 - https:\/\/yoast.com\/wordpress\/plugins\/seo\/ -->\n<title>Recherche &amp; D\u00e9veloppement - Securetec Detektions-Systeme AG<\/title>\n<meta name=\"robots\" content=\"index, follow, max-snippet:-1, max-image-preview:large, max-video-preview:-1\" \/>\n<link rel=\"canonical\" href=\"https:\/\/www.securetec.net\/fr\/lentreprise\/recherche-developpement\/\" \/>\n<meta property=\"og:locale\" content=\"fr_FR\" \/>\n<meta property=\"og:type\" content=\"article\" \/>\n<meta property=\"og:title\" content=\"Recherche &amp; D\u00e9veloppement - Securetec Detektions-Systeme AG\" \/>\n<meta property=\"og:url\" content=\"https:\/\/www.securetec.net\/fr\/lentreprise\/recherche-developpement\/\" \/>\n<meta property=\"og:site_name\" content=\"Securetec Detektions-Systeme AG\" \/>\n<meta property=\"article:modified_time\" content=\"2025-08-19T08:59:54+00:00\" \/>\n<meta name=\"twitter:card\" content=\"summary_large_image\" \/>\n<meta name=\"twitter:site\" content=\"@DrugWipeUK\" \/>\n<meta name=\"twitter:label1\" content=\"Est. reading time\" \/>\n\t<meta name=\"twitter:data1\" content=\"2 minutes\" \/>\n<script type=\"application\/ld+json\" class=\"yoast-schema-graph\">{\"@context\":\"https:\/\/schema.org\",\"@graph\":[{\"@type\":\"WebPage\",\"@id\":\"https:\/\/www.securetec.net\/fr\/lentreprise\/recherche-developpement\/\",\"url\":\"https:\/\/www.securetec.net\/fr\/lentreprise\/recherche-developpement\/\",\"name\":\"Recherche & D\u00e9veloppement - Securetec Detektions-Systeme AG\",\"isPartOf\":{\"@id\":\"https:\/\/www.securetec.net\/fr\/#website\"},\"datePublished\":\"2018-11-15T18:02:11+00:00\",\"dateModified\":\"2025-08-19T08:59:54+00:00\",\"breadcrumb\":{\"@id\":\"https:\/\/www.securetec.net\/fr\/lentreprise\/recherche-developpement\/#breadcrumb\"},\"inLanguage\":\"fr-FR\",\"potentialAction\":[{\"@type\":\"ReadAction\",\"target\":[\"https:\/\/www.securetec.net\/fr\/lentreprise\/recherche-developpement\/\"]}]},{\"@type\":\"BreadcrumbList\",\"@id\":\"https:\/\/www.securetec.net\/fr\/lentreprise\/recherche-developpement\/#breadcrumb\",\"itemListElement\":[{\"@type\":\"ListItem\",\"position\":1,\"name\":\"Startseite\",\"item\":\"https:\/\/www.securetec.net\/fr\/\"},{\"@type\":\"ListItem\",\"position\":2,\"name\":\"Entreprise\",\"item\":\"https:\/\/www.securetec.net\/fr\/lentreprise\/\"},{\"@type\":\"ListItem\",\"position\":3,\"name\":\"Recherche &#038; D\u00e9veloppement\"}]},{\"@type\":\"WebSite\",\"@id\":\"https:\/\/www.securetec.net\/fr\/#website\",\"url\":\"https:\/\/www.securetec.net\/fr\/\",\"name\":\"Securetec Detektions-Systeme AG\",\"description\":\"We detect to protect\",\"publisher\":{\"@id\":\"https:\/\/www.securetec.net\/fr\/#organization\"},\"potentialAction\":[{\"@type\":\"SearchAction\",\"target\":{\"@type\":\"EntryPoint\",\"urlTemplate\":\"https:\/\/www.securetec.net\/fr\/?s={search_term_string}\"},\"query-input\":{\"@type\":\"PropertyValueSpecification\",\"valueRequired\":true,\"valueName\":\"search_term_string\"}}],\"inLanguage\":\"fr-FR\"},{\"@type\":\"Organization\",\"@id\":\"https:\/\/www.securetec.net\/fr\/#organization\",\"name\":\"Securetec Detektions-Systeme AG\",\"url\":\"https:\/\/www.securetec.net\/fr\/\",\"logo\":{\"@type\":\"ImageObject\",\"inLanguage\":\"fr-FR\",\"@id\":\"https:\/\/www.securetec.net\/fr\/#\/schema\/logo\/image\/\",\"url\":\"https:\/\/www.securetec.net\/app\/uploads\/2018\/07\/Securetec_Logo_.png\",\"contentUrl\":\"https:\/\/www.securetec.net\/app\/uploads\/2018\/07\/Securetec_Logo_.png\",\"width\":411,\"height\":189,\"caption\":\"Securetec Detektions-Systeme AG\"},\"image\":{\"@id\":\"https:\/\/www.securetec.net\/fr\/#\/schema\/logo\/image\/\"},\"sameAs\":[\"https:\/\/x.com\/DrugWipeUK\",\"https:\/\/www.linkedin.com\/company\/securetec\",\"https:\/\/www.youtube.com\/channel\/UCP9jQA-TYhtqanhaooppMqw\"]}]}<\/script>\n<!-- \/ Yoast SEO plugin. -->","yoast_head_json":{"title":"Recherche & D\u00e9veloppement - Securetec Detektions-Systeme AG","robots":{"index":"index","follow":"follow","max-snippet":"max-snippet:-1","max-image-preview":"max-image-preview:large","max-video-preview":"max-video-preview:-1"},"canonical":"https:\/\/www.securetec.net\/fr\/lentreprise\/recherche-developpement\/","og_locale":"fr_FR","og_type":"article","og_title":"Recherche & D\u00e9veloppement - Securetec Detektions-Systeme AG","og_url":"https:\/\/www.securetec.net\/fr\/lentreprise\/recherche-developpement\/","og_site_name":"Securetec Detektions-Systeme AG","article_modified_time":"2025-08-19T08:59:54+00:00","twitter_card":"summary_large_image","twitter_site":"@DrugWipeUK","twitter_misc":{"Est. reading time":"2 minutes"},"schema":{"@context":"https:\/\/schema.org","@graph":[{"@type":"WebPage","@id":"https:\/\/www.securetec.net\/fr\/lentreprise\/recherche-developpement\/","url":"https:\/\/www.securetec.net\/fr\/lentreprise\/recherche-developpement\/","name":"Recherche & D\u00e9veloppement - Securetec Detektions-Systeme AG","isPartOf":{"@id":"https:\/\/www.securetec.net\/fr\/#website"},"datePublished":"2018-11-15T18:02:11+00:00","dateModified":"2025-08-19T08:59:54+00:00","breadcrumb":{"@id":"https:\/\/www.securetec.net\/fr\/lentreprise\/recherche-developpement\/#breadcrumb"},"inLanguage":"fr-FR","potentialAction":[{"@type":"ReadAction","target":["https:\/\/www.securetec.net\/fr\/lentreprise\/recherche-developpement\/"]}]},{"@type":"BreadcrumbList","@id":"https:\/\/www.securetec.net\/fr\/lentreprise\/recherche-developpement\/#breadcrumb","itemListElement":[{"@type":"ListItem","position":1,"name":"Startseite","item":"https:\/\/www.securetec.net\/fr\/"},{"@type":"ListItem","position":2,"name":"Entreprise","item":"https:\/\/www.securetec.net\/fr\/lentreprise\/"},{"@type":"ListItem","position":3,"name":"Recherche &#038; D\u00e9veloppement"}]},{"@type":"WebSite","@id":"https:\/\/www.securetec.net\/fr\/#website","url":"https:\/\/www.securetec.net\/fr\/","name":"Securetec Detektions-Systeme AG","description":"We detect to protect","publisher":{"@id":"https:\/\/www.securetec.net\/fr\/#organization"},"potentialAction":[{"@type":"SearchAction","target":{"@type":"EntryPoint","urlTemplate":"https:\/\/www.securetec.net\/fr\/?s={search_term_string}"},"query-input":{"@type":"PropertyValueSpecification","valueRequired":true,"valueName":"search_term_string"}}],"inLanguage":"fr-FR"},{"@type":"Organization","@id":"https:\/\/www.securetec.net\/fr\/#organization","name":"Securetec Detektions-Systeme AG","url":"https:\/\/www.securetec.net\/fr\/","logo":{"@type":"ImageObject","inLanguage":"fr-FR","@id":"https:\/\/www.securetec.net\/fr\/#\/schema\/logo\/image\/","url":"https:\/\/www.securetec.net\/app\/uploads\/2018\/07\/Securetec_Logo_.png","contentUrl":"https:\/\/www.securetec.net\/app\/uploads\/2018\/07\/Securetec_Logo_.png","width":411,"height":189,"caption":"Securetec Detektions-Systeme AG"},"image":{"@id":"https:\/\/www.securetec.net\/fr\/#\/schema\/logo\/image\/"},"sameAs":["https:\/\/x.com\/DrugWipeUK","https:\/\/www.linkedin.com\/company\/securetec","https:\/\/www.youtube.com\/channel\/UCP9jQA-TYhtqanhaooppMqw"]}]}},"_links":{"self":[{"href":"https:\/\/www.securetec.net\/fr\/wp-json\/wp\/v2\/pages\/7210","targetHints":{"allow":["GET"]}}],"collection":[{"href":"https:\/\/www.securetec.net\/fr\/wp-json\/wp\/v2\/pages"}],"about":[{"href":"https:\/\/www.securetec.net\/fr\/wp-json\/wp\/v2\/types\/page"}],"author":[{"embeddable":true,"href":"https:\/\/www.securetec.net\/fr\/wp-json\/wp\/v2\/users\/1"}],"replies":[{"embeddable":true,"href":"https:\/\/www.securetec.net\/fr\/wp-json\/wp\/v2\/comments?post=7210"}],"version-history":[{"count":28,"href":"https:\/\/www.securetec.net\/fr\/wp-json\/wp\/v2\/pages\/7210\/revisions"}],"predecessor-version":[{"id":16568,"href":"https:\/\/www.securetec.net\/fr\/wp-json\/wp\/v2\/pages\/7210\/revisions\/16568"}],"up":[{"embeddable":true,"href":"https:\/\/www.securetec.net\/fr\/wp-json\/wp\/v2\/pages\/7185"}],"wp:attachment":[{"href":"https:\/\/www.securetec.net\/fr\/wp-json\/wp\/v2\/media?parent=7210"}],"curies":[{"name":"wp","href":"https:\/\/api.w.org\/{rel}","templated":true}]}}