{"id":7200,"date":"2018-11-15T18:38:30","date_gmt":"2018-11-15T17:38:30","guid":{"rendered":"https:\/\/www.securetec.net\/?page_id=7200"},"modified":"2025-08-18T08:49:27","modified_gmt":"2025-08-18T06:49:27","slug":"traitement-de-commande","status":"publish","type":"page","link":"https:\/\/www.securetec.net\/fr\/lentreprise\/recherche-developpement\/traitement-de-commande\/","title":{"rendered":"Traitement de commande"},"content":{"rendered":"<div class=\"wpb-content-wrapper\"><p>[vc_row][vc_column width=\u00a0\u00bb2\/3&Prime;][vc_column_text css=\u00a0\u00bb.vc_custom_1618853540350{margin-bottom: 80px !important;}\u00a0\u00bb]<\/p>\n<h3 class=\"p1\">Collaborations et \u00e9volution de nos offres<span class=\"Apple-converted-space\">\u00a0<\/span><\/h3>\n<p class=\"p2\">Securetec tire profit d&rsquo;un savoir-faire et d&rsquo;une expertise de longue date en mati\u00e8re de d\u00e9veloppement de diff\u00e9rentes offres de dosages immunochromatographiques et de tests rapides. Nous sommes heureux de mettre ces comp\u00e9tences au service de nos clients. Nous mettons naturellement en \u0153uvre des projets de d\u00e9veloppement personnalis\u00e9s adapt\u00e9s aux demandes des clients ainsi qu&rsquo;une planification transparente et une concertation.<span class=\"Apple-converted-space\">\u00a0<\/span><\/p>\n<p class=\"p2\">En collaboration avec des partenaires comp\u00e9tents issus de notre r\u00e9seau mondial, nous sommes en mesure de r\u00e9aliser des projets de d\u00e9veloppement flexibles, rapides et \u00e9conomiques.<span class=\"Apple-converted-space\">\u00a0<\/span><\/p>\n<p class=\"p2\">En tant que leaders de l&rsquo;innovation, nous cherchons sans cesse \u00e0 d\u00e9velopper de nouvelles strat\u00e9gies de recherche et \u00e0 identifier de nouveaux potentiels d&rsquo;optimisation. Nous pouvons tester conjointement de nouvelles technologies et syst\u00e8mes de d\u00e9tection pour les utiliser en toute fiabilit\u00e9 dans les tests rapides, le diagnostic in vitro et l&rsquo;analyse sur site et les transposer dans de nouveaux produits.<\/p>\n<p>[\/vc_column_text][vc_column_text css=\u00a0\u00bb.vc_custom_1618934973089{margin-bottom: 30px !important;}\u00a0\u00bb]<\/p>\n<p class=\"p1\">Les projets de d\u00e9veloppement ainsi que tous les projets men\u00e9s chez Securetec sont conformes aux certifications ISO 9001 et EN ISO 13458 et aux dispositions internes des proc\u00e9dures op\u00e9rationnelles normalis\u00e9es. Ils passent g\u00e9n\u00e9ralement par les phases suivantes:<\/p>\n<p>[\/vc_column_text][vc_tta_tabs style=\u00a0\u00bbatomlab-03&Prime; shape=\u00a0\u00bbsquare\u00a0\u00bb active_section=\u00a0\u00bb1&Prime; css=\u00a0\u00bb.vc_custom_1537385033263{margin-bottom: 30px !important;}\u00a0\u00bb][vc_tta_section title=\u00a0\u00bbFaisabilit\u00e9\u00a0\u00bb tab_id=\u00a0\u00bb1536151185476-85492477-ba2a1537384656884&Prime;][vc_column_text]<\/p>\n<div class=\"section-content\">\n<div class=\"container-fluid container-no-padding container-no-margin\">\n<div class=\"row\">\n<div class=\"section-content-text col-md-12\">\n<p>Nous \u00e9laborons une sp\u00e9cification conjointement avec le client et nous contr\u00f4lons si celle-ci est r\u00e9alisable en principe.<\/p><\/div>\n<\/div>\n<\/div>\n<\/div>\n<p>[\/vc_column_text][\/vc_tta_section][vc_tta_section title=\u00a0\u00bbD\u00e9veloppement\u00a0\u00bb tab_id=\u00a0\u00bb1536151185617-65e1a5bf-38c91537384656884&Prime;][vc_column_text]<\/p>\n<div class=\"section-content\">\n<div class=\"container-fluid container-no-padding container-no-margin\">\n<div class=\"row\">\n<div class=\"section-content-text col-md-12\">\n<p>Le nouveau produit est d\u00e9velopp\u00e9 conform\u00e9ment \u00e0 la sp\u00e9cification finale et les premiers prototypes de laboratoire sont fabriqu\u00e9s pour \u00eatre ensuite \u00e9valu\u00e9s sur le terrain et optimis\u00e9s.<\/p><\/div>\n<\/div>\n<\/div>\n<\/div>\n<p>[\/vc_column_text][\/vc_tta_section][vc_tta_section title=\u00a0\u00bbConception\u00a0\u00bb tab_id=\u00a0\u00bb1536151185770-a18ce226-d46e1537384656884&Prime;][vc_column_text]<\/p>\n<div class=\"section-content\">\n<div class=\"container-fluid container-no-padding container-no-margin\">\n<div class=\"row\">\n<div class=\"section-content-text col-md-12\">\n<p>Nous menons \u00e0 bien la conception sur mesure du produit conjointement avec notre partenaire en r\u00e9pondant d\u00e8s le d\u00e9but aux exigences techniques et aux besoins individuels du client.<\/p><\/div>\n<\/div>\n<\/div>\n<\/div>\n<p>[\/vc_column_text][\/vc_tta_section][vc_tta_section title=\u00a0\u00bbValidation\u00a0\u00bb tab_id=\u00a0\u00bb1537384726948-fca86e7c-f157&Prime;][vc_column_text]<\/p>\n<div class=\"section-content\">\n<div class=\"container-fluid container-no-padding container-no-margin\">\n<div class=\"row\">\n<div class=\"section-content-text col-md-12\">\n<p>Nous contr\u00f4lons la robustesse du produit dans le cadre de l&rsquo;application et du processus de production. Cela permet de garantir aussi bien la faisabilit\u00e9 pratique qu&rsquo;une production fiable et stable \u00e0 un niveau de qualit\u00e9 toujours irr\u00e9prochable.<\/p><\/div>\n<\/div>\n<\/div>\n<\/div>\n<p>[\/vc_column_text][\/vc_tta_section][vc_tta_section title=\u00a0\u00bbTransfert de la production\u00a0\u00bb tab_id=\u00a0\u00bb1536151185918-c16ef444-8ce11537384656884&Prime;][vc_column_text]<\/p>\n<div class=\"section-content\">\n<div class=\"container-fluid container-no-padding container-no-margin\">\n<div class=\"row\">\n<div class=\"section-content-text col-md-12\">\n<p>Le nouveau produit passe progressivement \u00e0 la production pour atteindre le volume de lots souhait\u00e9, tout en \u00e9tant \u00e9troitement encadr\u00e9 par notre \u00e9quipe qualit\u00e9 au cours de ce processus de d\u00e9veloppement. Nous sommes \u00e9galement dispos\u00e9s \u00e0 prendre en charge ult\u00e9rieurement la production en s\u00e9rie sur nos sites de production modernes.<\/p><\/div>\n<\/div>\n<\/div>\n<\/div>\n<p>[\/vc_column_text][\/vc_tta_section][\/vc_tta_tabs][\/vc_column][vc_column width=\u00a0\u00bb1\/3&Prime;][tm_image align=\u00a0\u00bbcenter\u00a0\u00bb image=\u00a0\u00bb16337&Prime;][tm_spacer size=\u00a0\u00bblg:30&Prime;][vc_column_text]Si vous \u00eates int\u00e9ress\u00e9 par une collaboration ou si vous souhaitez obtenir de plus amples informations, n&rsquo;h\u00e9sitez pas \u00e0 nous contacter par t\u00e9l\u00e9phone ou par e-mail.[\/vc_column_text][tm_spacer size=\u00a0\u00bblg:30&Prime;][tm_button full_wide=\u00a0\u00bb1&Prime; button=\u00a0\u00bburl:https%3A%2F%2Fwww.securetec.net%2Ffr%2Fcontacter%2F|title:Contacter\u00a0\u00bb align=\u00a0\u00bbcenter\u00a0\u00bb][\/vc_column][\/vc_row]<\/p>\n<\/div>","protected":false},"excerpt":{"rendered":"[vc_row][vc_column width=\u00a0\u00bb2\/3&Prime;][vc_column_text css=\u00a0\u00bb.vc_custom_1618853540350{margin-bottom: 80px !important;}\u00a0\u00bb] Collaborations et \u00e9volution de nos offres\u00a0 Securetec tire profit d&rsquo;un savoir-faire et d&rsquo;une expertise de longue date en mati\u00e8re de d\u00e9veloppement de diff\u00e9rentes offres de dosages immunochromatographiques et de tests rapides. Nous sommes heureux de mettre ces comp\u00e9tences au service de nos clients. Nous mettons naturellement en \u0153uvre des projets de d\u00e9veloppement personnalis\u00e9s adapt\u00e9s aux demandes des clients ainsi qu&rsquo;une planification transparente et une concertation.\u00a0 En collaboration avec des partenaires comp\u00e9tents issus de notre r\u00e9seau mondial, nous sommes en mesure de r\u00e9aliser des projets de d\u00e9veloppement flexibles, rapides et \u00e9conomiques.\u00a0 En tant que leaders de l&rsquo;innovation, nous cherchons sans cesse \u00e0 d\u00e9velopper de nouvelles strat\u00e9gies de recherche et \u00e0 identifier de nouveaux potentiels d&rsquo;optimisation. Nous pouvons tester conjointement de nouvelles technologies et syst\u00e8mes de d\u00e9tection pour les utiliser en toute fiabilit\u00e9 dans les tests rapides, le diagnostic in vitro et l&rsquo;analyse sur site et les transposer dans de nouveaux produits. [\/vc_column_text][vc_column_text css=\u00a0\u00bb.vc_custom_1618934973089{margin-bottom: 30px !important;}\u00a0\u00bb] Les projets de d\u00e9veloppement ainsi que tous les projets men\u00e9s chez Securetec sont conformes aux certifications ISO 9001 et EN ISO 13458 et aux dispositions internes des proc\u00e9dures op\u00e9rationnelles normalis\u00e9es. Ils passent g\u00e9n\u00e9ralement par les phases suivantes: [\/vc_column_text][vc_tta_tabs style=\u00a0\u00bbatomlab-03&Prime; shape=\u00a0\u00bbsquare\u00a0\u00bb active_section=\u00a0\u00bb1&Prime; css=\u00a0\u00bb.vc_custom_1537385033263{margin-bottom: 30px !important;}\u00a0\u00bb][vc_tta_section title=\u00a0\u00bbFaisabilit\u00e9\u00a0\u00bb tab_id=\u00a0\u00bb1536151185476-85492477-ba2a1537384656884&Prime;][vc_column_text] Nous \u00e9laborons une sp\u00e9cification conjointement avec le client et nous contr\u00f4lons si celle-ci est r\u00e9alisable en principe. [\/vc_column_text][\/vc_tta_section][vc_tta_section title=\u00a0\u00bbD\u00e9veloppement\u00a0\u00bb tab_id=\u00a0\u00bb1536151185617-65e1a5bf-38c91537384656884&Prime;][vc_column_text] Le nouveau produit est d\u00e9velopp\u00e9 conform\u00e9ment \u00e0 la sp\u00e9cification finale et les premiers prototypes de laboratoire sont fabriqu\u00e9s pour \u00eatre ensuite \u00e9valu\u00e9s sur le terrain et optimis\u00e9s. [\/vc_column_text][\/vc_tta_section][vc_tta_section title=\u00a0\u00bbConception\u00a0\u00bb tab_id=\u00a0\u00bb1536151185770-a18ce226-d46e1537384656884&Prime;][vc_column_text] Nous menons \u00e0 bien la conception sur mesure du produit conjointement avec notre partenaire en r\u00e9pondant d\u00e8s le d\u00e9but aux exigences techniques et aux besoins individuels du client. [\/vc_column_text][\/vc_tta_section][vc_tta_section title=\u00a0\u00bbValidation\u00a0\u00bb tab_id=\u00a0\u00bb1537384726948-fca86e7c-f157&Prime;][vc_column_text] Nous contr\u00f4lons la robustesse du produit dans le cadre de l&rsquo;application et du processus de production. Cela permet de garantir aussi bien la faisabilit\u00e9 pratique qu&rsquo;une production fiable et stable \u00e0 un niveau de qualit\u00e9 toujours irr\u00e9prochable. [\/vc_column_text][\/vc_tta_section][vc_tta_section title=\u00a0\u00bbTransfert de la production\u00a0\u00bb tab_id=\u00a0\u00bb1536151185918-c16ef444-8ce11537384656884&Prime;][vc_column_text] Le nouveau produit passe progressivement \u00e0 la production pour atteindre le volume de lots souhait\u00e9, tout en \u00e9tant \u00e9troitement encadr\u00e9 par notre \u00e9quipe qualit\u00e9 au cours de ce processus de d\u00e9veloppement. Nous sommes \u00e9galement dispos\u00e9s \u00e0 prendre en charge ult\u00e9rieurement la production en s\u00e9rie sur nos sites de production modernes. [\/vc_column_text][\/vc_tta_section][\/vc_tta_tabs][\/vc_column][vc_column width=\u00a0\u00bb1\/3&Prime;][tm_image align=\u00a0\u00bbcenter\u00a0\u00bb image=\u00a0\u00bb16337&Prime;][tm_spacer size=\u00a0\u00bblg:30&Prime;][vc_column_text]Si vous \u00eates int\u00e9ress\u00e9 par une collaboration ou si vous souhaitez obtenir de plus amples informations, n&rsquo;h\u00e9sitez pas \u00e0 nous contacter par t\u00e9l\u00e9phone ou par e-mail.[\/vc_column_text][tm_spacer size=\u00a0\u00bblg:30&Prime;][tm_button full_wide=\u00a0\u00bb1&Prime; button=\u00a0\u00bburl:https%3A%2F%2Fwww.securetec.net%2Ffr%2Fcontacter%2F|title:Contacter\u00a0\u00bb align=\u00a0\u00bbcenter\u00a0\u00bb][\/vc_column][\/vc_row]","protected":false},"author":7,"featured_media":0,"parent":7210,"menu_order":0,"comment_status":"closed","ping_status":"closed","template":"","meta":{"footnotes":""},"class_list":["post-7200","page","type-page","status-publish","hentry"],"yoast_head":"<!-- This site is optimized with the Yoast SEO plugin v25.6 - https:\/\/yoast.com\/wordpress\/plugins\/seo\/ -->\n<title>Traitement de commande - Securetec Detektions-Systeme AG<\/title>\n<meta name=\"robots\" content=\"index, follow, max-snippet:-1, max-image-preview:large, max-video-preview:-1\" \/>\n<link rel=\"canonical\" href=\"https:\/\/www.securetec.net\/fr\/lentreprise\/recherche-developpement\/traitement-de-commande\/\" \/>\n<meta property=\"og:locale\" content=\"fr_FR\" \/>\n<meta property=\"og:type\" content=\"article\" \/>\n<meta property=\"og:title\" content=\"Traitement de commande - Securetec Detektions-Systeme AG\" \/>\n<meta property=\"og:url\" content=\"https:\/\/www.securetec.net\/fr\/lentreprise\/recherche-developpement\/traitement-de-commande\/\" \/>\n<meta property=\"og:site_name\" content=\"Securetec Detektions-Systeme AG\" \/>\n<meta property=\"article:modified_time\" content=\"2025-08-18T06:49:27+00:00\" \/>\n<meta name=\"twitter:card\" content=\"summary_large_image\" \/>\n<meta name=\"twitter:site\" content=\"@DrugWipeUK\" \/>\n<meta name=\"twitter:label1\" content=\"Est. reading time\" \/>\n\t<meta name=\"twitter:data1\" content=\"3 minutes\" \/>\n<script type=\"application\/ld+json\" class=\"yoast-schema-graph\">{\"@context\":\"https:\/\/schema.org\",\"@graph\":[{\"@type\":\"WebPage\",\"@id\":\"https:\/\/www.securetec.net\/fr\/lentreprise\/recherche-developpement\/traitement-de-commande\/\",\"url\":\"https:\/\/www.securetec.net\/fr\/lentreprise\/recherche-developpement\/traitement-de-commande\/\",\"name\":\"Traitement de commande - Securetec Detektions-Systeme AG\",\"isPartOf\":{\"@id\":\"https:\/\/www.securetec.net\/fr\/#website\"},\"datePublished\":\"2018-11-15T17:38:30+00:00\",\"dateModified\":\"2025-08-18T06:49:27+00:00\",\"breadcrumb\":{\"@id\":\"https:\/\/www.securetec.net\/fr\/lentreprise\/recherche-developpement\/traitement-de-commande\/#breadcrumb\"},\"inLanguage\":\"fr-FR\",\"potentialAction\":[{\"@type\":\"ReadAction\",\"target\":[\"https:\/\/www.securetec.net\/fr\/lentreprise\/recherche-developpement\/traitement-de-commande\/\"]}]},{\"@type\":\"BreadcrumbList\",\"@id\":\"https:\/\/www.securetec.net\/fr\/lentreprise\/recherche-developpement\/traitement-de-commande\/#breadcrumb\",\"itemListElement\":[{\"@type\":\"ListItem\",\"position\":1,\"name\":\"Startseite\",\"item\":\"https:\/\/www.securetec.net\/fr\/\"},{\"@type\":\"ListItem\",\"position\":2,\"name\":\"Entreprise\",\"item\":\"https:\/\/www.securetec.net\/fr\/lentreprise\/\"},{\"@type\":\"ListItem\",\"position\":3,\"name\":\"Recherche &#038; D\u00e9veloppement\",\"item\":\"https:\/\/www.securetec.net\/fr\/lentreprise\/recherche-developpement\/\"},{\"@type\":\"ListItem\",\"position\":4,\"name\":\"Traitement de commande\"}]},{\"@type\":\"WebSite\",\"@id\":\"https:\/\/www.securetec.net\/fr\/#website\",\"url\":\"https:\/\/www.securetec.net\/fr\/\",\"name\":\"Securetec Detektions-Systeme AG\",\"description\":\"We detect to protect\",\"publisher\":{\"@id\":\"https:\/\/www.securetec.net\/fr\/#organization\"},\"potentialAction\":[{\"@type\":\"SearchAction\",\"target\":{\"@type\":\"EntryPoint\",\"urlTemplate\":\"https:\/\/www.securetec.net\/fr\/?s={search_term_string}\"},\"query-input\":{\"@type\":\"PropertyValueSpecification\",\"valueRequired\":true,\"valueName\":\"search_term_string\"}}],\"inLanguage\":\"fr-FR\"},{\"@type\":\"Organization\",\"@id\":\"https:\/\/www.securetec.net\/fr\/#organization\",\"name\":\"Securetec Detektions-Systeme AG\",\"url\":\"https:\/\/www.securetec.net\/fr\/\",\"logo\":{\"@type\":\"ImageObject\",\"inLanguage\":\"fr-FR\",\"@id\":\"https:\/\/www.securetec.net\/fr\/#\/schema\/logo\/image\/\",\"url\":\"https:\/\/www.securetec.net\/app\/uploads\/2018\/07\/Securetec_Logo_.png\",\"contentUrl\":\"https:\/\/www.securetec.net\/app\/uploads\/2018\/07\/Securetec_Logo_.png\",\"width\":411,\"height\":189,\"caption\":\"Securetec Detektions-Systeme AG\"},\"image\":{\"@id\":\"https:\/\/www.securetec.net\/fr\/#\/schema\/logo\/image\/\"},\"sameAs\":[\"https:\/\/x.com\/DrugWipeUK\",\"https:\/\/www.linkedin.com\/company\/securetec\",\"https:\/\/www.youtube.com\/channel\/UCP9jQA-TYhtqanhaooppMqw\"]}]}<\/script>\n<!-- \/ Yoast SEO plugin. -->","yoast_head_json":{"title":"Traitement de commande - Securetec Detektions-Systeme AG","robots":{"index":"index","follow":"follow","max-snippet":"max-snippet:-1","max-image-preview":"max-image-preview:large","max-video-preview":"max-video-preview:-1"},"canonical":"https:\/\/www.securetec.net\/fr\/lentreprise\/recherche-developpement\/traitement-de-commande\/","og_locale":"fr_FR","og_type":"article","og_title":"Traitement de commande - Securetec Detektions-Systeme AG","og_url":"https:\/\/www.securetec.net\/fr\/lentreprise\/recherche-developpement\/traitement-de-commande\/","og_site_name":"Securetec Detektions-Systeme AG","article_modified_time":"2025-08-18T06:49:27+00:00","twitter_card":"summary_large_image","twitter_site":"@DrugWipeUK","twitter_misc":{"Est. reading time":"3 minutes"},"schema":{"@context":"https:\/\/schema.org","@graph":[{"@type":"WebPage","@id":"https:\/\/www.securetec.net\/fr\/lentreprise\/recherche-developpement\/traitement-de-commande\/","url":"https:\/\/www.securetec.net\/fr\/lentreprise\/recherche-developpement\/traitement-de-commande\/","name":"Traitement de commande - Securetec Detektions-Systeme AG","isPartOf":{"@id":"https:\/\/www.securetec.net\/fr\/#website"},"datePublished":"2018-11-15T17:38:30+00:00","dateModified":"2025-08-18T06:49:27+00:00","breadcrumb":{"@id":"https:\/\/www.securetec.net\/fr\/lentreprise\/recherche-developpement\/traitement-de-commande\/#breadcrumb"},"inLanguage":"fr-FR","potentialAction":[{"@type":"ReadAction","target":["https:\/\/www.securetec.net\/fr\/lentreprise\/recherche-developpement\/traitement-de-commande\/"]}]},{"@type":"BreadcrumbList","@id":"https:\/\/www.securetec.net\/fr\/lentreprise\/recherche-developpement\/traitement-de-commande\/#breadcrumb","itemListElement":[{"@type":"ListItem","position":1,"name":"Startseite","item":"https:\/\/www.securetec.net\/fr\/"},{"@type":"ListItem","position":2,"name":"Entreprise","item":"https:\/\/www.securetec.net\/fr\/lentreprise\/"},{"@type":"ListItem","position":3,"name":"Recherche &#038; D\u00e9veloppement","item":"https:\/\/www.securetec.net\/fr\/lentreprise\/recherche-developpement\/"},{"@type":"ListItem","position":4,"name":"Traitement de commande"}]},{"@type":"WebSite","@id":"https:\/\/www.securetec.net\/fr\/#website","url":"https:\/\/www.securetec.net\/fr\/","name":"Securetec Detektions-Systeme AG","description":"We detect to protect","publisher":{"@id":"https:\/\/www.securetec.net\/fr\/#organization"},"potentialAction":[{"@type":"SearchAction","target":{"@type":"EntryPoint","urlTemplate":"https:\/\/www.securetec.net\/fr\/?s={search_term_string}"},"query-input":{"@type":"PropertyValueSpecification","valueRequired":true,"valueName":"search_term_string"}}],"inLanguage":"fr-FR"},{"@type":"Organization","@id":"https:\/\/www.securetec.net\/fr\/#organization","name":"Securetec Detektions-Systeme AG","url":"https:\/\/www.securetec.net\/fr\/","logo":{"@type":"ImageObject","inLanguage":"fr-FR","@id":"https:\/\/www.securetec.net\/fr\/#\/schema\/logo\/image\/","url":"https:\/\/www.securetec.net\/app\/uploads\/2018\/07\/Securetec_Logo_.png","contentUrl":"https:\/\/www.securetec.net\/app\/uploads\/2018\/07\/Securetec_Logo_.png","width":411,"height":189,"caption":"Securetec Detektions-Systeme AG"},"image":{"@id":"https:\/\/www.securetec.net\/fr\/#\/schema\/logo\/image\/"},"sameAs":["https:\/\/x.com\/DrugWipeUK","https:\/\/www.linkedin.com\/company\/securetec","https:\/\/www.youtube.com\/channel\/UCP9jQA-TYhtqanhaooppMqw"]}]}},"_links":{"self":[{"href":"https:\/\/www.securetec.net\/fr\/wp-json\/wp\/v2\/pages\/7200","targetHints":{"allow":["GET"]}}],"collection":[{"href":"https:\/\/www.securetec.net\/fr\/wp-json\/wp\/v2\/pages"}],"about":[{"href":"https:\/\/www.securetec.net\/fr\/wp-json\/wp\/v2\/types\/page"}],"author":[{"embeddable":true,"href":"https:\/\/www.securetec.net\/fr\/wp-json\/wp\/v2\/users\/7"}],"replies":[{"embeddable":true,"href":"https:\/\/www.securetec.net\/fr\/wp-json\/wp\/v2\/comments?post=7200"}],"version-history":[{"count":15,"href":"https:\/\/www.securetec.net\/fr\/wp-json\/wp\/v2\/pages\/7200\/revisions"}],"predecessor-version":[{"id":16505,"href":"https:\/\/www.securetec.net\/fr\/wp-json\/wp\/v2\/pages\/7200\/revisions\/16505"}],"up":[{"embeddable":true,"href":"https:\/\/www.securetec.net\/fr\/wp-json\/wp\/v2\/pages\/7210"}],"wp:attachment":[{"href":"https:\/\/www.securetec.net\/fr\/wp-json\/wp\/v2\/media?parent=7200"}],"curies":[{"name":"wp","href":"https:\/\/api.w.org\/{rel}","templated":true}]}}