{"id":7185,"date":"2018-11-15T17:59:56","date_gmt":"2018-11-15T16:59:56","guid":{"rendered":"https:\/\/www.securetec.net\/?page_id=7185"},"modified":"2025-11-27T09:01:16","modified_gmt":"2025-11-27T08:01:16","slug":"lentreprise","status":"publish","type":"page","link":"https:\/\/www.securetec.net\/fr\/lentreprise\/","title":{"rendered":"Entreprise"},"content":{"rendered":"<div class=\"wpb-content-wrapper\"><p>[vc_row][vc_column][vc_row_inner content_placement=\u00a0\u00bbmiddle\u00a0\u00bb lg_spacing=\u00a0\u00bbmargin_right:0;margin_left:0;border_top:2;border_right:2;border_bottom:2;border_left:2;padding_top:0;padding_right:0;padding_bottom:0;padding_left:0&Prime;][vc_column_inner][vc_column_text css=\u00a0\u00bb.vc_custom_1738317006665{padding-top: 20px !important;padding-bottom: 20px !important;padding-left: 10px !important;}\u00a0\u00bb]<strong>\u00c0 l&rsquo;abri des crises futures avec Securetec \u00e0 vos c\u00f4t\u00e9s<\/strong><\/p>\n<p>Le SZ-Institut s&rsquo;est associ\u00e9 au groupe Creditreform pour examiner la stabilit\u00e9 des strat\u00e9gies des entreprises allemandes face aux crises entre 2020 et 2022. Dans son bilan, Securetec fait partie du TOP 100 sur pr\u00e8s de 5500\u00a0entreprises \u00e9valu\u00e9es.<\/p>\n<p>Ces derni\u00e8res ann\u00e9es ont r\u00e9v\u00e9l\u00e9 les cons\u00e9quences fatales que les crises mondiales et locales ont sur le monde des affaires. Le choix d&rsquo;un partenaire \u00e9conomique adapt\u00e9 influence \u00e9galement les r\u00e9sultats d&rsquo;une entreprise.<\/p>\n<p>Avec nous \u00e0 vos c\u00f4t\u00e9s, vous ne prenez aucun risque\u00a0!<\/p>\n<p>Lire plus (en allemand): <a href=\"https:\/\/www.sueddeutsche.de\/advertorial\/sz-institut\/krisensicherste-unternehmen-2024\/\" target=\"_blank\" rel=\"noopener\">SZ Institut \u2013 krisensicherste Unternehmen 2024<\/a>[\/vc_column_text][\/vc_column_inner][\/vc_row_inner][\/vc_column][\/vc_row][vc_row full_width=\u00a0\u00bbstretch_row\u00a0\u00bb equal_height=\u00a0\u00bbyes\u00a0\u00bb lg_spacing=\u00a0\u00bbmargin_bottom:50;padding_top:50;padding_bottom:50&Prime;][vc_column width=\u00a0\u00bb3\/4&Prime;][vc_column_text css=\u00a0\u00bb\u00a0\u00bb]Notre sp\u00e9cialit\u00e9 est la d\u00e9tection mobile de la consommation de stup\u00e9fiants dans la salive, la sueur et sur les surfaces.<\/p>\n<p>Pionnier de la d\u00e9tection des stup\u00e9fiants, Securetec a commenc\u00e9, d\u00e8s 1995, \u00e0 d\u00e9velopper, produire et commercialiser des tests rapides de d\u00e9pistage de stup\u00e9fiants. Depuis, notre d\u00e9partement de recherche et d\u00e9veloppement optimise et \u00e9largit continuellement la gamme de produits DrugWipe. Notre si\u00e8ge social, situ\u00e9 au sud de Munich, r\u00e9unit sur un m\u00eame site la distribution, la recherche et le d\u00e9veloppement, ainsi que la production et le contr\u00f4le qualit\u00e9. Cette proximit\u00e9, ainsi qu\u2019un savoir-faire technologique d\u2019excellence, une large flexibilit\u00e9 et une orientation client constante, sont les cl\u00e9s de la qualit\u00e9, aussi constante que convaincante, de nos produits.<\/p>\n<p>Aujourd\u2019hui, nos clients profitent de cette longue exp\u00e9rience avec des solutions personnalis\u00e9es et pratiques r\u00e9pondant \u00e0 leurs exigences les plus complexes. Le test DrugWipe est utilis\u00e9 avec succ\u00e8s dans plus de 30\u00a0pays, sur 6\u00a0continents, aussi bien par les services de police charg\u00e9s de la surveillance routi\u00e8re et de la lutte contre le trafic de drogue, que par les douanes, les cliniques et les entreprises.<\/p>\n<p>Nous sommes fiers d\u2019apporter une contribution importante \u00e0 la s\u00e9curit\u00e9 et \u00e0 la sant\u00e9 des personnes dans le monde entier.[\/vc_column_text][tm_spacer size=\u00a0\u00bblg:30&Prime;][\/vc_column][vc_column width=\u00a0\u00bb1\/4&Prime;][vc_row_inner][vc_column_inner][tm_image align=\u00a0\u00bbcenter\u00a0\u00bb image=\u00a0\u00bb3886&Prime; lg_spacing=\u00a0\u00bbmargin_top:0&Prime;][\/vc_column_inner][\/vc_row_inner][\/vc_column][\/vc_row][vc_row equal_height=\u00a0\u00bbyes\u00a0\u00bb content_placement=\u00a0\u00bbtop\u00a0\u00bb lg_spacing=\u00a0\u00bbmargin_bottom:100&Prime; el_class=\u00a0\u00bbsec-row-box\u00a0\u00bb][vc_column width=\u00a0\u00bb1\/4&Prime;][tm_box_icon style=\u00a0\u00bb13&Prime; icon_type=\u00a0\u00bblinea_svg\u00a0\u00bb icon_linea_svg=\u00a0\u00bblinea-basic-lightbulb\u00a0\u00bb box_link=\u00a0\u00bburl:https%3A%2F%2Fwww.securetec.net%2Ffr%2Flentreprise%2Frecherche-developpement%2F|||\u00a0\u00bb heading=\u00a0\u00bbRecherche &amp; D\u00e9veloppement\u00a0\u00bb link=\u00a0\u00bburl:https%3A%2F%2Fwww.securetec.net%2Ffr%2Flentreprise%2Frecherche-developpement%2F|||\u00a0\u00bb text=\u00a0\u00bbSecuretec b\u00e9n\u00e9ficie de 25 ans d&rsquo;exp\u00e9rience dans le d\u00e9veloppement des technologies immunochromatographiques (Lateral-Flow), diagnostic Point-of-Care (tests d\u00e9centralis\u00e9s) et diagnostic in-vitro.\u00a0\u00bb][\/vc_column][vc_column width=\u00a0\u00bb1\/4&Prime;][tm_box_icon style=\u00a0\u00bb13&Prime; icon_type=\u00a0\u00bblinea_svg\u00a0\u00bb icon_linea_svg=\u00a0\u00bblinea-basic-gear\u00a0\u00bb box_link=\u00a0\u00bburl:https%3A%2F%2Fwww.securetec.net%2Ffr%2Fproduction-assurance-de-la-qualite%2F|||\u00a0\u00bb heading=\u00a0\u00bbProduction et Assurance de la Qualit\u00e9\u00a0\u00bb link=\u00a0\u00bburl:https%3A%2F%2Fwww.securetec.net%2Ffr%2Fproduction-assurance-de-la-qualite%2F|||\u00a0\u00bb text=\u00a0\u00bbNotre unit\u00e9 de production est compos\u00e9e de collaborateurs qualifi\u00e9s travaillant sur la base de proc\u00e9dures normalis\u00e9es d&rsquo;op\u00e9ration dirig\u00e9es et approuv\u00e9es. Nous travaillons en \u00e9troite collaboration avec nos responsables de l&rsquo;assurance de la qualit\u00e9.\u00a0\u00bb][\/vc_column][vc_column width=\u00a0\u00bb1\/4&Prime;][tm_box_icon style=\u00a0\u00bb13&Prime; icon_type=\u00a0\u00bblinea_svg\u00a0\u00bb icon_linea_svg=\u00a0\u00bblinea-ecommerce-graph-increase\u00a0\u00bb box_link=\u00a0\u00bburl:https%3A%2F%2Fwww.securetec.net%2Ffr%2Fcommercialisation-distribution%2F|||\u00a0\u00bb heading=\u00a0\u00bbCommercialisation &amp; Distribution\u00a0\u00bb link=\u00a0\u00bburl:https%3A%2F%2Fwww.securetec.net%2Ffr%2Fcommercialisation-distribution%2F|||\u00a0\u00bb text=\u00a0\u00bbLa commercialisation et la distribution des produits et services Securetec s&rsquo;op\u00e8rent directement depuis le si\u00e8ge de la soci\u00e9t\u00e9 \u00e0 Neubiberg (Munich).\u00a0\u00bb][\/vc_column][\/vc_row]<\/p>\n<\/div>","protected":false},"excerpt":{"rendered":"[vc_row][vc_column][vc_row_inner content_placement=\u00a0\u00bbmiddle\u00a0\u00bb lg_spacing=\u00a0\u00bbmargin_right:0;margin_left:0;border_top:2;border_right:2;border_bottom:2;border_left:2;padding_top:0;padding_right:0;padding_bottom:0;padding_left:0&Prime;][vc_column_inner][vc_column_text css=\u00a0\u00bb.vc_custom_1738317006665{padding-top: 20px !important;padding-bottom: 20px !important;padding-left: 10px !important;}\u00a0\u00bb]\u00c0 l&rsquo;abri des crises futures avec Securetec \u00e0 vos c\u00f4t\u00e9s Le SZ-Institut s&rsquo;est associ\u00e9 au groupe Creditreform pour examiner la stabilit\u00e9 des strat\u00e9gies des entreprises allemandes face aux crises entre 2020 et 2022. Dans son bilan, Securetec fait partie du TOP 100 sur pr\u00e8s de 5500\u00a0entreprises \u00e9valu\u00e9es. Ces derni\u00e8res ann\u00e9es ont r\u00e9v\u00e9l\u00e9 les cons\u00e9quences fatales que les crises mondiales et locales ont sur le monde des affaires. Le choix d&rsquo;un partenaire \u00e9conomique adapt\u00e9 influence \u00e9galement les r\u00e9sultats d&rsquo;une entreprise. Avec nous \u00e0 vos c\u00f4t\u00e9s, vous ne prenez aucun risque\u00a0! Lire plus (en allemand): SZ Institut \u2013 krisensicherste Unternehmen 2024[\/vc_column_text][\/vc_column_inner][\/vc_row_inner][\/vc_column][\/vc_row][vc_row full_width=\u00a0\u00bbstretch_row\u00a0\u00bb equal_height=\u00a0\u00bbyes\u00a0\u00bb lg_spacing=\u00a0\u00bbmargin_bottom:50;padding_top:50;padding_bottom:50&Prime;][vc_column width=\u00a0\u00bb3\/4&Prime;][vc_column_text css=\u00a0\u00bb\u00a0\u00bb]Notre sp\u00e9cialit\u00e9 est la d\u00e9tection mobile de la consommation de stup\u00e9fiants dans la salive, la sueur et sur les surfaces. Pionnier de la d\u00e9tection des stup\u00e9fiants, Securetec a commenc\u00e9, d\u00e8s 1995, \u00e0 d\u00e9velopper, produire et commercialiser des tests rapides de d\u00e9pistage de stup\u00e9fiants. Depuis, notre d\u00e9partement de recherche et d\u00e9veloppement optimise et \u00e9largit continuellement la gamme de produits DrugWipe. Notre si\u00e8ge social, situ\u00e9 au sud de Munich, r\u00e9unit sur un m\u00eame site la distribution, la recherche et le d\u00e9veloppement, ainsi que la production et le contr\u00f4le qualit\u00e9. Cette proximit\u00e9, ainsi qu\u2019un savoir-faire technologique d\u2019excellence, une large flexibilit\u00e9 et une orientation client constante, sont les cl\u00e9s de la qualit\u00e9, aussi constante que convaincante, de nos produits. Aujourd\u2019hui, nos clients profitent de cette longue exp\u00e9rience avec des solutions personnalis\u00e9es et pratiques r\u00e9pondant \u00e0 leurs exigences les plus complexes. Le test DrugWipe est utilis\u00e9 avec succ\u00e8s dans plus de 30\u00a0pays, sur 6\u00a0continents, aussi bien par les services de police charg\u00e9s de la surveillance routi\u00e8re et de la lutte contre le trafic de drogue, que par les douanes, les cliniques et les entreprises. Nous sommes fiers d\u2019apporter une contribution importante \u00e0 la s\u00e9curit\u00e9 et \u00e0 la sant\u00e9 des personnes dans le monde entier.[\/vc_column_text][tm_spacer size=\u00a0\u00bblg:30&Prime;][\/vc_column][vc_column width=\u00a0\u00bb1\/4&Prime;][vc_row_inner][vc_column_inner][tm_image align=\u00a0\u00bbcenter\u00a0\u00bb image=\u00a0\u00bb3886&Prime; lg_spacing=\u00a0\u00bbmargin_top:0&Prime;][\/vc_column_inner][\/vc_row_inner][\/vc_column][\/vc_row][vc_row equal_height=\u00a0\u00bbyes\u00a0\u00bb content_placement=\u00a0\u00bbtop\u00a0\u00bb lg_spacing=\u00a0\u00bbmargin_bottom:100&Prime; el_class=\u00a0\u00bbsec-row-box\u00a0\u00bb][vc_column width=\u00a0\u00bb1\/4&Prime;][tm_box_icon style=\u00a0\u00bb13&Prime; icon_type=\u00a0\u00bblinea_svg\u00a0\u00bb icon_linea_svg=\u00a0\u00bblinea-basic-lightbulb\u00a0\u00bb box_link=\u00a0\u00bburl:https%3A%2F%2Fwww.securetec.net%2Ffr%2Flentreprise%2Frecherche-developpement%2F|||\u00a0\u00bb heading=\u00a0\u00bbRecherche &amp; D\u00e9veloppement\u00a0\u00bb link=\u00a0\u00bburl:https%3A%2F%2Fwww.securetec.net%2Ffr%2Flentreprise%2Frecherche-developpement%2F|||\u00a0\u00bb text=\u00a0\u00bbSecuretec b\u00e9n\u00e9ficie de 25 ans d&rsquo;exp\u00e9rience dans le d\u00e9veloppement des technologies immunochromatographiques (Lateral-Flow), diagnostic Point-of-Care (tests d\u00e9centralis\u00e9s) et diagnostic in-vitro.\u00a0\u00bb][\/vc_column][vc_column width=\u00a0\u00bb1\/4&Prime;][tm_box_icon style=\u00a0\u00bb13&Prime; icon_type=\u00a0\u00bblinea_svg\u00a0\u00bb icon_linea_svg=\u00a0\u00bblinea-basic-gear\u00a0\u00bb box_link=\u00a0\u00bburl:https%3A%2F%2Fwww.securetec.net%2Ffr%2Fproduction-assurance-de-la-qualite%2F|||\u00a0\u00bb heading=\u00a0\u00bbProduction et Assurance de la Qualit\u00e9\u00a0\u00bb link=\u00a0\u00bburl:https%3A%2F%2Fwww.securetec.net%2Ffr%2Fproduction-assurance-de-la-qualite%2F|||\u00a0\u00bb text=\u00a0\u00bbNotre unit\u00e9 de production est compos\u00e9e de collaborateurs qualifi\u00e9s travaillant sur la base de proc\u00e9dures normalis\u00e9es d&rsquo;op\u00e9ration dirig\u00e9es et approuv\u00e9es. Nous travaillons en \u00e9troite collaboration avec nos responsables de l&rsquo;assurance de la qualit\u00e9.\u00a0\u00bb][\/vc_column][vc_column width=\u00a0\u00bb1\/4&Prime;][tm_box_icon style=\u00a0\u00bb13&Prime; icon_type=\u00a0\u00bblinea_svg\u00a0\u00bb icon_linea_svg=\u00a0\u00bblinea-ecommerce-graph-increase\u00a0\u00bb box_link=\u00a0\u00bburl:https%3A%2F%2Fwww.securetec.net%2Ffr%2Fcommercialisation-distribution%2F|||\u00a0\u00bb heading=\u00a0\u00bbCommercialisation &amp; Distribution\u00a0\u00bb link=\u00a0\u00bburl:https%3A%2F%2Fwww.securetec.net%2Ffr%2Fcommercialisation-distribution%2F|||\u00a0\u00bb text=\u00a0\u00bbLa commercialisation et la distribution des produits et services Securetec s&rsquo;op\u00e8rent directement depuis le si\u00e8ge de la soci\u00e9t\u00e9 \u00e0 Neubiberg (Munich).\u00a0\u00bb][\/vc_column][\/vc_row]","protected":false},"author":7,"featured_media":0,"parent":0,"menu_order":0,"comment_status":"closed","ping_status":"closed","template":"","meta":{"footnotes":""},"class_list":["post-7185","page","type-page","status-publish","hentry"],"yoast_head":"<!-- This site is optimized with the Yoast SEO plugin v25.6 - https:\/\/yoast.com\/wordpress\/plugins\/seo\/ -->\n<title>Entreprise - Securetec Detektions-Systeme AG<\/title>\n<meta name=\"robots\" content=\"index, follow, max-snippet:-1, max-image-preview:large, max-video-preview:-1\" \/>\n<link rel=\"canonical\" href=\"https:\/\/www.securetec.net\/fr\/lentreprise\/\" \/>\n<meta property=\"og:locale\" content=\"fr_FR\" \/>\n<meta property=\"og:type\" content=\"article\" \/>\n<meta property=\"og:title\" content=\"Entreprise - Securetec Detektions-Systeme AG\" \/>\n<meta property=\"og:url\" content=\"https:\/\/www.securetec.net\/fr\/lentreprise\/\" \/>\n<meta property=\"og:site_name\" content=\"Securetec Detektions-Systeme AG\" \/>\n<meta property=\"article:modified_time\" content=\"2025-11-27T08:01:16+00:00\" \/>\n<meta name=\"twitter:card\" content=\"summary_large_image\" \/>\n<meta name=\"twitter:site\" content=\"@DrugWipeUK\" \/>\n<meta name=\"twitter:label1\" content=\"Est. reading time\" \/>\n\t<meta name=\"twitter:data1\" content=\"3 minutes\" \/>\n<script type=\"application\/ld+json\" class=\"yoast-schema-graph\">{\"@context\":\"https:\/\/schema.org\",\"@graph\":[{\"@type\":\"WebPage\",\"@id\":\"https:\/\/www.securetec.net\/fr\/lentreprise\/\",\"url\":\"https:\/\/www.securetec.net\/fr\/lentreprise\/\",\"name\":\"Entreprise - Securetec Detektions-Systeme AG\",\"isPartOf\":{\"@id\":\"https:\/\/www.securetec.net\/fr\/#website\"},\"datePublished\":\"2018-11-15T16:59:56+00:00\",\"dateModified\":\"2025-11-27T08:01:16+00:00\",\"breadcrumb\":{\"@id\":\"https:\/\/www.securetec.net\/fr\/lentreprise\/#breadcrumb\"},\"inLanguage\":\"fr-FR\",\"potentialAction\":[{\"@type\":\"ReadAction\",\"target\":[\"https:\/\/www.securetec.net\/fr\/lentreprise\/\"]}]},{\"@type\":\"BreadcrumbList\",\"@id\":\"https:\/\/www.securetec.net\/fr\/lentreprise\/#breadcrumb\",\"itemListElement\":[{\"@type\":\"ListItem\",\"position\":1,\"name\":\"Startseite\",\"item\":\"https:\/\/www.securetec.net\/fr\/\"},{\"@type\":\"ListItem\",\"position\":2,\"name\":\"Entreprise\"}]},{\"@type\":\"WebSite\",\"@id\":\"https:\/\/www.securetec.net\/fr\/#website\",\"url\":\"https:\/\/www.securetec.net\/fr\/\",\"name\":\"Securetec Detektions-Systeme AG\",\"description\":\"We detect to protect\",\"publisher\":{\"@id\":\"https:\/\/www.securetec.net\/fr\/#organization\"},\"potentialAction\":[{\"@type\":\"SearchAction\",\"target\":{\"@type\":\"EntryPoint\",\"urlTemplate\":\"https:\/\/www.securetec.net\/fr\/?s={search_term_string}\"},\"query-input\":{\"@type\":\"PropertyValueSpecification\",\"valueRequired\":true,\"valueName\":\"search_term_string\"}}],\"inLanguage\":\"fr-FR\"},{\"@type\":\"Organization\",\"@id\":\"https:\/\/www.securetec.net\/fr\/#organization\",\"name\":\"Securetec Detektions-Systeme AG\",\"url\":\"https:\/\/www.securetec.net\/fr\/\",\"logo\":{\"@type\":\"ImageObject\",\"inLanguage\":\"fr-FR\",\"@id\":\"https:\/\/www.securetec.net\/fr\/#\/schema\/logo\/image\/\",\"url\":\"https:\/\/www.securetec.net\/app\/uploads\/2018\/07\/Securetec_Logo_.png\",\"contentUrl\":\"https:\/\/www.securetec.net\/app\/uploads\/2018\/07\/Securetec_Logo_.png\",\"width\":411,\"height\":189,\"caption\":\"Securetec Detektions-Systeme AG\"},\"image\":{\"@id\":\"https:\/\/www.securetec.net\/fr\/#\/schema\/logo\/image\/\"},\"sameAs\":[\"https:\/\/x.com\/DrugWipeUK\",\"https:\/\/www.linkedin.com\/company\/securetec\",\"https:\/\/www.youtube.com\/channel\/UCP9jQA-TYhtqanhaooppMqw\"]}]}<\/script>\n<!-- \/ Yoast SEO plugin. -->","yoast_head_json":{"title":"Entreprise - Securetec Detektions-Systeme AG","robots":{"index":"index","follow":"follow","max-snippet":"max-snippet:-1","max-image-preview":"max-image-preview:large","max-video-preview":"max-video-preview:-1"},"canonical":"https:\/\/www.securetec.net\/fr\/lentreprise\/","og_locale":"fr_FR","og_type":"article","og_title":"Entreprise - Securetec Detektions-Systeme AG","og_url":"https:\/\/www.securetec.net\/fr\/lentreprise\/","og_site_name":"Securetec Detektions-Systeme AG","article_modified_time":"2025-11-27T08:01:16+00:00","twitter_card":"summary_large_image","twitter_site":"@DrugWipeUK","twitter_misc":{"Est. reading time":"3 minutes"},"schema":{"@context":"https:\/\/schema.org","@graph":[{"@type":"WebPage","@id":"https:\/\/www.securetec.net\/fr\/lentreprise\/","url":"https:\/\/www.securetec.net\/fr\/lentreprise\/","name":"Entreprise - Securetec Detektions-Systeme AG","isPartOf":{"@id":"https:\/\/www.securetec.net\/fr\/#website"},"datePublished":"2018-11-15T16:59:56+00:00","dateModified":"2025-11-27T08:01:16+00:00","breadcrumb":{"@id":"https:\/\/www.securetec.net\/fr\/lentreprise\/#breadcrumb"},"inLanguage":"fr-FR","potentialAction":[{"@type":"ReadAction","target":["https:\/\/www.securetec.net\/fr\/lentreprise\/"]}]},{"@type":"BreadcrumbList","@id":"https:\/\/www.securetec.net\/fr\/lentreprise\/#breadcrumb","itemListElement":[{"@type":"ListItem","position":1,"name":"Startseite","item":"https:\/\/www.securetec.net\/fr\/"},{"@type":"ListItem","position":2,"name":"Entreprise"}]},{"@type":"WebSite","@id":"https:\/\/www.securetec.net\/fr\/#website","url":"https:\/\/www.securetec.net\/fr\/","name":"Securetec Detektions-Systeme AG","description":"We detect to protect","publisher":{"@id":"https:\/\/www.securetec.net\/fr\/#organization"},"potentialAction":[{"@type":"SearchAction","target":{"@type":"EntryPoint","urlTemplate":"https:\/\/www.securetec.net\/fr\/?s={search_term_string}"},"query-input":{"@type":"PropertyValueSpecification","valueRequired":true,"valueName":"search_term_string"}}],"inLanguage":"fr-FR"},{"@type":"Organization","@id":"https:\/\/www.securetec.net\/fr\/#organization","name":"Securetec Detektions-Systeme AG","url":"https:\/\/www.securetec.net\/fr\/","logo":{"@type":"ImageObject","inLanguage":"fr-FR","@id":"https:\/\/www.securetec.net\/fr\/#\/schema\/logo\/image\/","url":"https:\/\/www.securetec.net\/app\/uploads\/2018\/07\/Securetec_Logo_.png","contentUrl":"https:\/\/www.securetec.net\/app\/uploads\/2018\/07\/Securetec_Logo_.png","width":411,"height":189,"caption":"Securetec Detektions-Systeme AG"},"image":{"@id":"https:\/\/www.securetec.net\/fr\/#\/schema\/logo\/image\/"},"sameAs":["https:\/\/x.com\/DrugWipeUK","https:\/\/www.linkedin.com\/company\/securetec","https:\/\/www.youtube.com\/channel\/UCP9jQA-TYhtqanhaooppMqw"]}]}},"_links":{"self":[{"href":"https:\/\/www.securetec.net\/fr\/wp-json\/wp\/v2\/pages\/7185","targetHints":{"allow":["GET"]}}],"collection":[{"href":"https:\/\/www.securetec.net\/fr\/wp-json\/wp\/v2\/pages"}],"about":[{"href":"https:\/\/www.securetec.net\/fr\/wp-json\/wp\/v2\/types\/page"}],"author":[{"embeddable":true,"href":"https:\/\/www.securetec.net\/fr\/wp-json\/wp\/v2\/users\/7"}],"replies":[{"embeddable":true,"href":"https:\/\/www.securetec.net\/fr\/wp-json\/wp\/v2\/comments?post=7185"}],"version-history":[{"count":19,"href":"https:\/\/www.securetec.net\/fr\/wp-json\/wp\/v2\/pages\/7185\/revisions"}],"predecessor-version":[{"id":16897,"href":"https:\/\/www.securetec.net\/fr\/wp-json\/wp\/v2\/pages\/7185\/revisions\/16897"}],"wp:attachment":[{"href":"https:\/\/www.securetec.net\/fr\/wp-json\/wp\/v2\/media?parent=7185"}],"curies":[{"name":"wp","href":"https:\/\/api.w.org\/{rel}","templated":true}]}}