{"id":7177,"date":"2018-11-15T17:51:05","date_gmt":"2018-11-15T16:51:05","guid":{"rendered":"https:\/\/www.securetec.net\/?page_id=7177"},"modified":"2025-08-18T12:33:42","modified_gmt":"2025-08-18T10:33:42","slug":"home","status":"publish","type":"page","link":"https:\/\/www.securetec.net\/fr\/","title":{"rendered":"Home"},"content":{"rendered":"<div class=\"wpb-content-wrapper\"><p>[vc_row css_animation=\u00a0\u00bbnone\u00a0\u00bb lg_spacing=\u00a0\u00bbmargin_top:40;margin_bottom:50&Prime; md_spacing=\u00a0\u00bbmargin_top:35&Prime; sm_spacing=\u00a0\u00bbmargin_top:30;margin_bottom:40&Prime; xs_spacing=\u00a0\u00bbmargin_top:30;margin_bottom:25&Prime;][vc_column width=\u00a0\u00bb1\/6&Prime;][\/vc_column][vc_column width=\u00a0\u00bb2\/3&Prime;][tm_heading tag=\u00a0\u00bbh1&Prime; custom_google_font=\u00a0\u00bb\u00a0\u00bb google_fonts=\u00a0\u00bbfont_family:Open%20Sans%3A300%2C300italic%2Cregular%2Citalic%2C600%2C600italic%2C700%2C700italic%2C800%2C800italic|font_style:600%20bold%20regular%3A600%3Anormal\u00a0\u00bb text_color=\u00a0\u00bbprimary_color\u00a0\u00bb text=\u00a0\u00bbWe detect to protect\u00a0\u00bb][vc_column_text css=\u00a0\u00bb\u00a0\u00bb]<\/p>\n<p style=\"text-align: center;\">En tant que fabricants du test rapide de d\u00e9pistage de stup\u00e9fiants DrugWipe<sup>\u00ae<\/sup> utilis\u00e9 par la police et la douane dans le monde entier, nous mettons \u00e0 votre service 30 ann\u00e9es d&rsquo;exp\u00e9rience en mati\u00e8re de d\u00e9veloppement de technologies de flux lat\u00e9ral.<\/p>\n<p>[\/vc_column_text][\/vc_column][vc_column width=\u00a0\u00bb1\/6&Prime;][\/vc_column][\/vc_row][vc_row equal_height=\u00a0\u00bbyes\u00a0\u00bb css_animation=\u00a0\u00bbnone\u00a0\u00bb lg_spacing=\u00a0\u00bbmargin_bottom:60&Prime; md_spacing=\u00a0\u00bbmargin_bottom:55&Prime; sm_spacing=\u00a0\u00bbmargin_bottom:50&Prime; xs_spacing=\u00a0\u00bbmargin_top:10;margin_right:10;margin_bottom:40;margin_left:10&Prime;][vc_column css_animation=\u00a0\u00bbslideInUp\u00a0\u00bb width=\u00a0\u00bb1\/3&Prime; el_class=\u00a0\u00bbicon-box\u00a0\u00bb xs_spacing=\u00a0\u00bbmargin_top:10;margin_right:10;margin_left:10&Prime; sm_spacing=\u00a0\u00bbmargin_top:10;margin_right:10;margin_left:10&Prime;][tm_spacer size=\u00a0\u00bblg:20&Prime;][tm_heading custom_google_font=\u00a0\u00bb\u00a0\u00bb animation=\u00a0\u00bbnone\u00a0\u00bb text=\u00a0\u00bbDrugWipe\u00ae dans m\u00e9dias\u00a0\u00bb link=\u00a0\u00bbhttps:\/\/www.securetec.net\/fr\/lentreprise\/actualite\/drugwipe-dans-medias\/\u00a0\u00bb][tm_box_icon el_class=\u00a0\u00bbhome-video pt-0&Prime; button_color=\u00a0\u00bbprimary\u00a0\u00bb heading=\u00a0\u00bbSlov\u00e9nie : Qui mesurera la teneur en THC dans le sang des conducteurs lorsque les d\u00e9put\u00e9s auront adopt\u00e9 la nouvelle loi, et comment ?\u00a0\u00bb link=\u00a0\u00bburl:https%3A%2F%2Fwww.securetec.net%2Ffr%2Fslowenien-wer-wird-den-thc-gehalt-im-blut-der-fahrer-messen-wenn-die-abgeordneten-das-neue-gesetz-verabschieden-und-wie%2F|title:Slov%C3%A9nie%20%3A%20Qui%20mesurera%20la%20teneur%20en%20THC%20dans%20le%20sang%20des%20conducteurs%20lorsque%20les%20d%C3%A9put%C3%A9s%20auront%20adopt%C3%A9%20la%20nouvelle%20loi%2C%20et%20comment%20%3F\u00a0\u00bb text=\u00a0\u00bbLe quotidien Ve\u010der \u00e9tudie l\u2019\u00e9ventuelle l\u00e9galisation du THC en Slov\u00e9nie et son impact sur la s\u00e9curit\u00e9 routi\u00e8re. La Slov\u00e9nie utilise le test DrugWipe 6 S qui permet de tester 6 groupes de drogues (y compris le THC) dans la salive en quelques minutes. Il permet \u00e0 la police, dans le cadre de contr\u00f4les routiers, d\u2019exclure de la circulation routi\u00e8re les conducteurs qui sont sous l\u2019emprise de la drogue.\u00a0\u00bb box_link=\u00a0\u00bburl:https%3A%2F%2Fwww.securetec.net%2Ffr%2Fslowenien-wer-wird-den-thc-gehalt-im-blut-der-fahrer-messen-wenn-die-abgeordneten-das-neue-gesetz-verabschieden-und-wie%2F|title:Slov%C3%A9nie%20%3A%20Qui%20mesurera%20la%20teneur%20en%20THC%20dans%20le%20sang%20des%20conducteurs%20lorsque%20les%20d%C3%A9put%C3%A9s%20auront%20adopt%C3%A9%20la%20nouvelle%20loi%2C%20et%20comment%20%3F\u00a0\u00bb][\/vc_column][vc_column css_animation=\u00a0\u00bbslideInUp\u00a0\u00bb width=\u00a0\u00bb1\/3&Prime; el_class=\u00a0\u00bbicon-box\u00a0\u00bb xs_spacing=\u00a0\u00bbmargin_top:10;margin_right:10;margin_left:10&Prime; sm_spacing=\u00a0\u00bbmargin_top:10;margin_right:10;margin_left:10&Prime;][tm_spacer size=\u00a0\u00bblg:20&Prime;][tm_heading custom_google_font=\u00a0\u00bb\u00a0\u00bb animation=\u00a0\u00bbnone\u00a0\u00bb text=\u00a0\u00bbActualit\u00e9\u00a0\u00bb link=\u00a0\u00bb\/fr\/lentreprise\/actualite\/\u00a0\u00bb][tm_blog gutter=\u00a0\u00bb30&Prime; animation=\u00a0\u00bbnone\u00a0\u00bb number=\u00a0\u00bb1&Prime; taxonomies=\u00a0\u00bbcategory:home\u00a0\u00bb][\/vc_column][vc_column css_animation=\u00a0\u00bbslideInUp\u00a0\u00bb width=\u00a0\u00bb1\/3&Prime; el_class=\u00a0\u00bbicon-box\u00a0\u00bb sm_spacing=\u00a0\u00bbmargin_top:10;margin_right:10;margin_left:10&Prime;][tm_spacer size=\u00a0\u00bblg:20&Prime;][tm_heading custom_google_font=\u00a0\u00bb\u00a0\u00bb animation=\u00a0\u00bbnone\u00a0\u00bb text=\u00a0\u00bbSocial Media\u00a0\u00bb][vc_column_text]<code><h3 style=\"text-align: left;\"><img decoding=\"async\" class=\"alignnone wp-image-16201\" style=\"margin-right: 20px;\" src=\"https:\/\/www.securetec.net\/app\/uploads\/2025\/06\/Threads_app_logo.svg_.png\" alt=\"\" width=\"35\" height=\"35\" srcset=\"https:\/\/www.securetec.net\/app\/uploads\/2025\/06\/Threads_app_logo.svg_.png 768w, https:\/\/www.securetec.net\/app\/uploads\/2025\/06\/Threads_app_logo.svg_-300x300.png 300w, https:\/\/www.securetec.net\/app\/uploads\/2025\/06\/Threads_app_logo.svg_-150x150.png 150w\" sizes=\"(max-width: 35px) 100vw, 35px\" \/><a href=\"https:\/\/www.threads.com\/@drugwipe\" target=\"_blank\" rel=\"noopener\">@drugwipe<\/a><\/h3>\n<p><span class=\"x1lliihq x1plvlek xryxfnj x1n2onr6 xyejjpt x15dsfln xi7mnp6 x193iq5w xeuugli x1fj9vlw x13faqbe x1vvkbs x1s928wv xhkezso x1gmr53x x1cpjm7i x1fgarty x1943h6x x1i0vuye xjohtrz xo1l8bm xp07o12 x1yc453h xat24cr xdj266r\" dir=\"auto\">Police chief hails new wipes in tackling drug driving \u2018endemic\u2019 &#8211; with massive spike in arrests: <a href=\"https:\/\/www.shetlandtimes.co.uk\/news\/police-chief-hails-new-wipes-in-tackling-drug-driving-endem-418791\/\" target=\"_blank\" rel=\"noopener\">https:\/\/www.shetlandtimes.co.uk\/news\/police-chief-hails-new-wipes-in-tackling-drug-driving-endem-418791\/<\/a><\/span><\/p>\n<\/code>[\/vc_column_text][tm_spacer size=\u00a0\u00bblg:20&Prime;][\/vc_column][\/vc_row]<\/p>\n<\/div>","protected":false},"excerpt":{"rendered":"[vc_row css_animation=\u00a0\u00bbnone\u00a0\u00bb lg_spacing=\u00a0\u00bbmargin_top:40;margin_bottom:50&Prime; md_spacing=\u00a0\u00bbmargin_top:35&Prime; sm_spacing=\u00a0\u00bbmargin_top:30;margin_bottom:40&Prime; xs_spacing=\u00a0\u00bbmargin_top:30;margin_bottom:25&Prime;][vc_column width=\u00a0\u00bb1\/6&Prime;][\/vc_column][vc_column width=\u00a0\u00bb2\/3&Prime;][tm_heading tag=\u00a0\u00bbh1&Prime; custom_google_font=\u00a0\u00bb\u00a0\u00bb google_fonts=\u00a0\u00bbfont_family:Open%20Sans%3A300%2C300italic%2Cregular%2Citalic%2C600%2C600italic%2C700%2C700italic%2C800%2C800italic|font_style:600%20bold%20regular%3A600%3Anormal\u00a0\u00bb text_color=\u00a0\u00bbprimary_color\u00a0\u00bb text=\u00a0\u00bbWe detect to protect\u00a0\u00bb][vc_column_text css=\u00a0\u00bb\u00a0\u00bb] En tant que fabricants du test rapide de d\u00e9pistage de stup\u00e9fiants DrugWipe\u00ae utilis\u00e9 par la police et la douane dans le monde entier, nous mettons \u00e0 votre service 30 ann\u00e9es d&rsquo;exp\u00e9rience en mati\u00e8re de d\u00e9veloppement de technologies de flux lat\u00e9ral. [\/vc_column_text][\/vc_column][vc_column width=\u00a0\u00bb1\/6&Prime;][\/vc_column][\/vc_row][vc_row equal_height=\u00a0\u00bbyes\u00a0\u00bb css_animation=\u00a0\u00bbnone\u00a0\u00bb lg_spacing=\u00a0\u00bbmargin_bottom:60&Prime; md_spacing=\u00a0\u00bbmargin_bottom:55&Prime; sm_spacing=\u00a0\u00bbmargin_bottom:50&Prime; xs_spacing=\u00a0\u00bbmargin_top:10;margin_right:10;margin_bottom:40;margin_left:10&Prime;][vc_column css_animation=\u00a0\u00bbslideInUp\u00a0\u00bb width=\u00a0\u00bb1\/3&Prime; el_class=\u00a0\u00bbicon-box\u00a0\u00bb xs_spacing=\u00a0\u00bbmargin_top:10;margin_right:10;margin_left:10&Prime; sm_spacing=\u00a0\u00bbmargin_top:10;margin_right:10;margin_left:10&Prime;][tm_spacer size=\u00a0\u00bblg:20&Prime;][tm_heading custom_google_font=\u00a0\u00bb\u00a0\u00bb animation=\u00a0\u00bbnone\u00a0\u00bb text=\u00a0\u00bbDrugWipe\u00ae dans m\u00e9dias\u00a0\u00bb link=\u00a0\u00bbhttps:\/\/www.securetec.net\/fr\/lentreprise\/actualite\/drugwipe-dans-medias\/\u00a0\u00bb][tm_box_icon el_class=\u00a0\u00bbhome-video pt-0&Prime; button_color=\u00a0\u00bbprimary\u00a0\u00bb heading=\u00a0\u00bbSlov\u00e9nie : Qui mesurera la teneur en THC dans le sang des conducteurs lorsque les d\u00e9put\u00e9s auront adopt\u00e9 la nouvelle loi, et comment ?\u00a0\u00bb link=\u00a0\u00bburl:https%3A%2F%2Fwww.securetec.net%2Ffr%2Fslowenien-wer-wird-den-thc-gehalt-im-blut-der-fahrer-messen-wenn-die-abgeordneten-das-neue-gesetz-verabschieden-und-wie%2F|title:Slov%C3%A9nie%20%3A%20Qui%20mesurera%20la%20teneur%20en%20THC%20dans%20le%20sang%20des%20conducteurs%20lorsque%20les%20d%C3%A9put%C3%A9s%20auront%20adopt%C3%A9%20la%20nouvelle%20loi%2C%20et%20comment%20%3F\u00a0\u00bb text=\u00a0\u00bbLe quotidien Ve\u010der \u00e9tudie l\u2019\u00e9ventuelle l\u00e9galisation du THC en Slov\u00e9nie et son impact sur la s\u00e9curit\u00e9 routi\u00e8re. La Slov\u00e9nie utilise le test DrugWipe 6 S qui permet de tester 6 groupes de drogues (y compris le THC) dans la salive en quelques minutes. Il permet \u00e0 la police, dans le cadre de contr\u00f4les routiers, d\u2019exclure de la circulation routi\u00e8re les conducteurs qui sont sous l\u2019emprise de la drogue.\u00a0\u00bb box_link=\u00a0\u00bburl:https%3A%2F%2Fwww.securetec.net%2Ffr%2Fslowenien-wer-wird-den-thc-gehalt-im-blut-der-fahrer-messen-wenn-die-abgeordneten-das-neue-gesetz-verabschieden-und-wie%2F|title:Slov%C3%A9nie%20%3A%20Qui%20mesurera%20la%20teneur%20en%20THC%20dans%20le%20sang%20des%20conducteurs%20lorsque%20les%20d%C3%A9put%C3%A9s%20auront%20adopt%C3%A9%20la%20nouvelle%20loi%2C%20et%20comment%20%3F\u00a0\u00bb][\/vc_column][vc_column css_animation=\u00a0\u00bbslideInUp\u00a0\u00bb width=\u00a0\u00bb1\/3&Prime; el_class=\u00a0\u00bbicon-box\u00a0\u00bb xs_spacing=\u00a0\u00bbmargin_top:10;margin_right:10;margin_left:10&Prime; sm_spacing=\u00a0\u00bbmargin_top:10;margin_right:10;margin_left:10&Prime;][tm_spacer size=\u00a0\u00bblg:20&Prime;][tm_heading custom_google_font=\u00a0\u00bb\u00a0\u00bb animation=\u00a0\u00bbnone\u00a0\u00bb text=\u00a0\u00bbActualit\u00e9\u00a0\u00bb link=\u00a0\u00bb\/fr\/lentreprise\/actualite\/\u00a0\u00bb][tm_blog gutter=\u00a0\u00bb30&Prime; animation=\u00a0\u00bbnone\u00a0\u00bb number=\u00a0\u00bb1&Prime; taxonomies=\u00a0\u00bbcategory:home\u00a0\u00bb][\/vc_column][vc_column css_animation=\u00a0\u00bbslideInUp\u00a0\u00bb width=\u00a0\u00bb1\/3&Prime; el_class=\u00a0\u00bbicon-box\u00a0\u00bb sm_spacing=\u00a0\u00bbmargin_top:10;margin_right:10;margin_left:10&Prime;][tm_spacer size=\u00a0\u00bblg:20&Prime;][tm_heading custom_google_font=\u00a0\u00bb\u00a0\u00bb animation=\u00a0\u00bbnone\u00a0\u00bb text=\u00a0\u00bbSocial Media\u00a0\u00bb][vc_column_text][\/vc_column_text][tm_spacer size=\u00a0\u00bblg:20&Prime;][\/vc_column][\/vc_row]","protected":false},"author":4,"featured_media":0,"parent":0,"menu_order":0,"comment_status":"closed","ping_status":"closed","template":"","meta":{"footnotes":""},"class_list":["post-7177","page","type-page","status-publish","hentry"],"yoast_head":"<!-- This site is optimized with the Yoast SEO plugin v25.6 - https:\/\/yoast.com\/wordpress\/plugins\/seo\/ -->\n<title>Home - Securetec Detektions-Systeme AG<\/title>\n<meta name=\"robots\" content=\"index, follow, max-snippet:-1, max-image-preview:large, max-video-preview:-1\" \/>\n<link rel=\"canonical\" href=\"https:\/\/www.securetec.net\/fr\/\" \/>\n<meta property=\"og:locale\" content=\"fr_FR\" \/>\n<meta property=\"og:type\" content=\"article\" \/>\n<meta property=\"og:title\" content=\"Home - Securetec Detektions-Systeme AG\" \/>\n<meta property=\"og:url\" content=\"https:\/\/www.securetec.net\/fr\/\" \/>\n<meta property=\"og:site_name\" content=\"Securetec Detektions-Systeme AG\" \/>\n<meta property=\"article:modified_time\" content=\"2025-08-18T10:33:42+00:00\" \/>\n<meta name=\"twitter:card\" content=\"summary_large_image\" \/>\n<meta name=\"twitter:site\" content=\"@DrugWipeUK\" \/>\n<meta name=\"twitter:label1\" content=\"Est. reading time\" \/>\n\t<meta name=\"twitter:data1\" content=\"1 minute\" \/>\n<script type=\"application\/ld+json\" class=\"yoast-schema-graph\">{\"@context\":\"https:\/\/schema.org\",\"@graph\":[{\"@type\":\"WebPage\",\"@id\":\"https:\/\/www.securetec.net\/fr\/\",\"url\":\"https:\/\/www.securetec.net\/fr\/\",\"name\":\"Home - Securetec Detektions-Systeme AG\",\"isPartOf\":{\"@id\":\"https:\/\/www.securetec.net\/fr\/#website\"},\"datePublished\":\"2018-11-15T16:51:05+00:00\",\"dateModified\":\"2025-08-18T10:33:42+00:00\",\"breadcrumb\":{\"@id\":\"https:\/\/www.securetec.net\/fr\/#breadcrumb\"},\"inLanguage\":\"fr-FR\",\"potentialAction\":[{\"@type\":\"ReadAction\",\"target\":[\"https:\/\/www.securetec.net\/fr\/\"]}]},{\"@type\":\"BreadcrumbList\",\"@id\":\"https:\/\/www.securetec.net\/fr\/#breadcrumb\",\"itemListElement\":[{\"@type\":\"ListItem\",\"position\":1,\"name\":\"Startseite\",\"item\":\"https:\/\/www.securetec.net\/fr\/\"},{\"@type\":\"ListItem\",\"position\":2,\"name\":\"Home\"}]},{\"@type\":\"WebSite\",\"@id\":\"https:\/\/www.securetec.net\/fr\/#website\",\"url\":\"https:\/\/www.securetec.net\/fr\/\",\"name\":\"Securetec Detektions-Systeme AG\",\"description\":\"We detect to protect\",\"publisher\":{\"@id\":\"https:\/\/www.securetec.net\/fr\/#organization\"},\"potentialAction\":[{\"@type\":\"SearchAction\",\"target\":{\"@type\":\"EntryPoint\",\"urlTemplate\":\"https:\/\/www.securetec.net\/fr\/?s={search_term_string}\"},\"query-input\":{\"@type\":\"PropertyValueSpecification\",\"valueRequired\":true,\"valueName\":\"search_term_string\"}}],\"inLanguage\":\"fr-FR\"},{\"@type\":\"Organization\",\"@id\":\"https:\/\/www.securetec.net\/fr\/#organization\",\"name\":\"Securetec Detektions-Systeme AG\",\"url\":\"https:\/\/www.securetec.net\/fr\/\",\"logo\":{\"@type\":\"ImageObject\",\"inLanguage\":\"fr-FR\",\"@id\":\"https:\/\/www.securetec.net\/fr\/#\/schema\/logo\/image\/\",\"url\":\"https:\/\/www.securetec.net\/app\/uploads\/2018\/07\/Securetec_Logo_.png\",\"contentUrl\":\"https:\/\/www.securetec.net\/app\/uploads\/2018\/07\/Securetec_Logo_.png\",\"width\":411,\"height\":189,\"caption\":\"Securetec Detektions-Systeme AG\"},\"image\":{\"@id\":\"https:\/\/www.securetec.net\/fr\/#\/schema\/logo\/image\/\"},\"sameAs\":[\"https:\/\/x.com\/DrugWipeUK\",\"https:\/\/www.linkedin.com\/company\/securetec\",\"https:\/\/www.youtube.com\/channel\/UCP9jQA-TYhtqanhaooppMqw\"]}]}<\/script>\n<!-- \/ Yoast SEO plugin. -->","yoast_head_json":{"title":"Home - Securetec Detektions-Systeme AG","robots":{"index":"index","follow":"follow","max-snippet":"max-snippet:-1","max-image-preview":"max-image-preview:large","max-video-preview":"max-video-preview:-1"},"canonical":"https:\/\/www.securetec.net\/fr\/","og_locale":"fr_FR","og_type":"article","og_title":"Home - Securetec Detektions-Systeme AG","og_url":"https:\/\/www.securetec.net\/fr\/","og_site_name":"Securetec Detektions-Systeme AG","article_modified_time":"2025-08-18T10:33:42+00:00","twitter_card":"summary_large_image","twitter_site":"@DrugWipeUK","twitter_misc":{"Est. reading time":"1 minute"},"schema":{"@context":"https:\/\/schema.org","@graph":[{"@type":"WebPage","@id":"https:\/\/www.securetec.net\/fr\/","url":"https:\/\/www.securetec.net\/fr\/","name":"Home - Securetec Detektions-Systeme AG","isPartOf":{"@id":"https:\/\/www.securetec.net\/fr\/#website"},"datePublished":"2018-11-15T16:51:05+00:00","dateModified":"2025-08-18T10:33:42+00:00","breadcrumb":{"@id":"https:\/\/www.securetec.net\/fr\/#breadcrumb"},"inLanguage":"fr-FR","potentialAction":[{"@type":"ReadAction","target":["https:\/\/www.securetec.net\/fr\/"]}]},{"@type":"BreadcrumbList","@id":"https:\/\/www.securetec.net\/fr\/#breadcrumb","itemListElement":[{"@type":"ListItem","position":1,"name":"Startseite","item":"https:\/\/www.securetec.net\/fr\/"},{"@type":"ListItem","position":2,"name":"Home"}]},{"@type":"WebSite","@id":"https:\/\/www.securetec.net\/fr\/#website","url":"https:\/\/www.securetec.net\/fr\/","name":"Securetec Detektions-Systeme AG","description":"We detect to protect","publisher":{"@id":"https:\/\/www.securetec.net\/fr\/#organization"},"potentialAction":[{"@type":"SearchAction","target":{"@type":"EntryPoint","urlTemplate":"https:\/\/www.securetec.net\/fr\/?s={search_term_string}"},"query-input":{"@type":"PropertyValueSpecification","valueRequired":true,"valueName":"search_term_string"}}],"inLanguage":"fr-FR"},{"@type":"Organization","@id":"https:\/\/www.securetec.net\/fr\/#organization","name":"Securetec Detektions-Systeme AG","url":"https:\/\/www.securetec.net\/fr\/","logo":{"@type":"ImageObject","inLanguage":"fr-FR","@id":"https:\/\/www.securetec.net\/fr\/#\/schema\/logo\/image\/","url":"https:\/\/www.securetec.net\/app\/uploads\/2018\/07\/Securetec_Logo_.png","contentUrl":"https:\/\/www.securetec.net\/app\/uploads\/2018\/07\/Securetec_Logo_.png","width":411,"height":189,"caption":"Securetec Detektions-Systeme AG"},"image":{"@id":"https:\/\/www.securetec.net\/fr\/#\/schema\/logo\/image\/"},"sameAs":["https:\/\/x.com\/DrugWipeUK","https:\/\/www.linkedin.com\/company\/securetec","https:\/\/www.youtube.com\/channel\/UCP9jQA-TYhtqanhaooppMqw"]}]}},"_links":{"self":[{"href":"https:\/\/www.securetec.net\/fr\/wp-json\/wp\/v2\/pages\/7177","targetHints":{"allow":["GET"]}}],"collection":[{"href":"https:\/\/www.securetec.net\/fr\/wp-json\/wp\/v2\/pages"}],"about":[{"href":"https:\/\/www.securetec.net\/fr\/wp-json\/wp\/v2\/types\/page"}],"author":[{"embeddable":true,"href":"https:\/\/www.securetec.net\/fr\/wp-json\/wp\/v2\/users\/4"}],"replies":[{"embeddable":true,"href":"https:\/\/www.securetec.net\/fr\/wp-json\/wp\/v2\/comments?post=7177"}],"version-history":[{"count":55,"href":"https:\/\/www.securetec.net\/fr\/wp-json\/wp\/v2\/pages\/7177\/revisions"}],"predecessor-version":[{"id":16576,"href":"https:\/\/www.securetec.net\/fr\/wp-json\/wp\/v2\/pages\/7177\/revisions\/16576"}],"wp:attachment":[{"href":"https:\/\/www.securetec.net\/fr\/wp-json\/wp\/v2\/media?parent=7177"}],"curies":[{"name":"wp","href":"https:\/\/api.w.org\/{rel}","templated":true}]}}