{"id":17060,"date":"2026-01-07T07:12:39","date_gmt":"2026-01-07T06:12:39","guid":{"rendered":"https:\/\/www.securetec.net\/?page_id=17060"},"modified":"2026-01-07T07:17:41","modified_gmt":"2026-01-07T06:17:41","slug":"drugwipe-le-test-de-poche","status":"publish","type":"page","link":"https:\/\/www.securetec.net\/fr\/depistage-de-stupefiants\/drugwipe-le-test-de-poche\/","title":{"rendered":"DrugWipe &#8211; le test de poche"},"content":{"rendered":"<div class=\"wpb-content-wrapper\"><p>[vc_row][vc_column][vc_column_text css=\u00a0\u00bb\u00a0\u00bb]<\/p>\n<h1 style=\"text-align: center;\">Petit, pratique et toujours \u00e0 port\u00e9e de main<\/h1>\n<p>[\/vc_column_text][tm_spacer size=\u00a0\u00bblg:50&Prime;][\/vc_column][\/vc_row][vc_row][vc_column width=\u00a0\u00bb1\/3&Prime;][tm_image align=\u00a0\u00bbcenter\u00a0\u00bb image=\u00a0\u00bb17061&Prime;][tm_spacer size=\u00a0\u00bblg:50&Prime;][\/vc_column][vc_column width=\u00a0\u00bb2\/3&Prime;][vc_column_text css=\u00a0\u00bb\u00a0\u00bb]Petit, pratique et toujours \u00e0 port\u00e9e de main\u00a0: le DrugWipe se glisse facilement dans toutes les poches et est ainsi toujours disponible en cas de besoin. Gr\u00e2ce \u00e0 son format compact, il accompagne ses utilisateurs de mani\u00e8re fiable tout au long de leur journ\u00e9e de travail, discret mais toujours pr\u00eat \u00e0\u00a0l&#8217;emploi. Que ce soit pour des contr\u00f4les spontan\u00e9s ou sur des lieux d&rsquo;intervention fixes, le DrugWipe est pr\u00eat \u00e0 l&#8217;emploi lorsque la situation l&rsquo;exige. Il\u00a0s\u00e9duit \u00e9galement par sa simplicit\u00e9 d&rsquo;utilisation.[\/vc_column_text][\/vc_column][\/vc_row]<\/p>\n<\/div>","protected":false},"excerpt":{"rendered":"[vc_row][vc_column][vc_column_text css=\u00a0\u00bb\u00a0\u00bb] Petit, pratique et toujours \u00e0 port\u00e9e de main [\/vc_column_text][tm_spacer size=\u00a0\u00bblg:50&Prime;][\/vc_column][\/vc_row][vc_row][vc_column width=\u00a0\u00bb1\/3&Prime;][tm_image align=\u00a0\u00bbcenter\u00a0\u00bb image=\u00a0\u00bb17061&Prime;][tm_spacer size=\u00a0\u00bblg:50&Prime;][\/vc_column][vc_column width=\u00a0\u00bb2\/3&Prime;][vc_column_text css=\u00a0\u00bb\u00a0\u00bb]Petit, pratique et toujours \u00e0 port\u00e9e de main\u00a0: le DrugWipe se glisse facilement dans toutes les poches et est ainsi toujours disponible en cas de besoin. Gr\u00e2ce \u00e0 son format compact, il accompagne ses utilisateurs de mani\u00e8re fiable tout au long de leur journ\u00e9e de travail, discret mais toujours pr\u00eat \u00e0\u00a0l&#8217;emploi. Que ce soit pour des contr\u00f4les spontan\u00e9s ou sur des lieux d&rsquo;intervention fixes, le DrugWipe est pr\u00eat \u00e0 l&#8217;emploi lorsque la situation l&rsquo;exige. Il\u00a0s\u00e9duit \u00e9galement par sa simplicit\u00e9 d&rsquo;utilisation.[\/vc_column_text][\/vc_column][\/vc_row]","protected":false},"author":95,"featured_media":0,"parent":7405,"menu_order":0,"comment_status":"closed","ping_status":"closed","template":"","meta":{"footnotes":""},"class_list":["post-17060","page","type-page","status-publish","hentry"],"yoast_head":"<!-- This site is optimized with the Yoast SEO plugin v25.6 - https:\/\/yoast.com\/wordpress\/plugins\/seo\/ -->\n<title>DrugWipe - le test de poche - Securetec Detektions-Systeme AG<\/title>\n<meta name=\"robots\" content=\"index, follow, max-snippet:-1, max-image-preview:large, max-video-preview:-1\" \/>\n<link rel=\"canonical\" href=\"https:\/\/www.securetec.net\/fr\/depistage-de-stupefiants\/drugwipe-le-test-de-poche\/\" \/>\n<meta property=\"og:locale\" content=\"fr_FR\" \/>\n<meta property=\"og:type\" content=\"article\" \/>\n<meta property=\"og:title\" content=\"DrugWipe - le test de poche - Securetec Detektions-Systeme AG\" \/>\n<meta property=\"og:url\" content=\"https:\/\/www.securetec.net\/fr\/depistage-de-stupefiants\/drugwipe-le-test-de-poche\/\" \/>\n<meta property=\"og:site_name\" content=\"Securetec Detektions-Systeme AG\" \/>\n<meta property=\"article:modified_time\" content=\"2026-01-07T06:17:41+00:00\" \/>\n<meta name=\"twitter:card\" content=\"summary_large_image\" \/>\n<meta name=\"twitter:site\" content=\"@DrugWipeUK\" \/>\n<meta name=\"twitter:label1\" content=\"Est. reading time\" \/>\n\t<meta name=\"twitter:data1\" content=\"1 minute\" \/>\n<script type=\"application\/ld+json\" class=\"yoast-schema-graph\">{\"@context\":\"https:\/\/schema.org\",\"@graph\":[{\"@type\":\"WebPage\",\"@id\":\"https:\/\/www.securetec.net\/fr\/depistage-de-stupefiants\/drugwipe-le-test-de-poche\/\",\"url\":\"https:\/\/www.securetec.net\/fr\/depistage-de-stupefiants\/drugwipe-le-test-de-poche\/\",\"name\":\"DrugWipe - le test de poche - Securetec Detektions-Systeme AG\",\"isPartOf\":{\"@id\":\"https:\/\/www.securetec.net\/fr\/#website\"},\"datePublished\":\"2026-01-07T06:12:39+00:00\",\"dateModified\":\"2026-01-07T06:17:41+00:00\",\"breadcrumb\":{\"@id\":\"https:\/\/www.securetec.net\/fr\/depistage-de-stupefiants\/drugwipe-le-test-de-poche\/#breadcrumb\"},\"inLanguage\":\"fr-FR\",\"potentialAction\":[{\"@type\":\"ReadAction\",\"target\":[\"https:\/\/www.securetec.net\/fr\/depistage-de-stupefiants\/drugwipe-le-test-de-poche\/\"]}]},{\"@type\":\"BreadcrumbList\",\"@id\":\"https:\/\/www.securetec.net\/fr\/depistage-de-stupefiants\/drugwipe-le-test-de-poche\/#breadcrumb\",\"itemListElement\":[{\"@type\":\"ListItem\",\"position\":1,\"name\":\"Startseite\",\"item\":\"https:\/\/www.securetec.net\/fr\/\"},{\"@type\":\"ListItem\",\"position\":2,\"name\":\"Produits\",\"item\":\"https:\/\/www.securetec.net\/fr\/depistage-de-stupefiants\/\"},{\"@type\":\"ListItem\",\"position\":3,\"name\":\"DrugWipe &#8211; le test de poche\"}]},{\"@type\":\"WebSite\",\"@id\":\"https:\/\/www.securetec.net\/fr\/#website\",\"url\":\"https:\/\/www.securetec.net\/fr\/\",\"name\":\"Securetec Detektions-Systeme AG\",\"description\":\"We detect to protect\",\"publisher\":{\"@id\":\"https:\/\/www.securetec.net\/fr\/#organization\"},\"potentialAction\":[{\"@type\":\"SearchAction\",\"target\":{\"@type\":\"EntryPoint\",\"urlTemplate\":\"https:\/\/www.securetec.net\/fr\/?s={search_term_string}\"},\"query-input\":{\"@type\":\"PropertyValueSpecification\",\"valueRequired\":true,\"valueName\":\"search_term_string\"}}],\"inLanguage\":\"fr-FR\"},{\"@type\":\"Organization\",\"@id\":\"https:\/\/www.securetec.net\/fr\/#organization\",\"name\":\"Securetec Detektions-Systeme AG\",\"url\":\"https:\/\/www.securetec.net\/fr\/\",\"logo\":{\"@type\":\"ImageObject\",\"inLanguage\":\"fr-FR\",\"@id\":\"https:\/\/www.securetec.net\/fr\/#\/schema\/logo\/image\/\",\"url\":\"https:\/\/www.securetec.net\/app\/uploads\/2018\/07\/Securetec_Logo_.png\",\"contentUrl\":\"https:\/\/www.securetec.net\/app\/uploads\/2018\/07\/Securetec_Logo_.png\",\"width\":411,\"height\":189,\"caption\":\"Securetec Detektions-Systeme AG\"},\"image\":{\"@id\":\"https:\/\/www.securetec.net\/fr\/#\/schema\/logo\/image\/\"},\"sameAs\":[\"https:\/\/x.com\/DrugWipeUK\",\"https:\/\/www.linkedin.com\/company\/securetec\",\"https:\/\/www.youtube.com\/channel\/UCP9jQA-TYhtqanhaooppMqw\"]}]}<\/script>\n<!-- \/ Yoast SEO plugin. -->","yoast_head_json":{"title":"DrugWipe - le test de poche - Securetec Detektions-Systeme AG","robots":{"index":"index","follow":"follow","max-snippet":"max-snippet:-1","max-image-preview":"max-image-preview:large","max-video-preview":"max-video-preview:-1"},"canonical":"https:\/\/www.securetec.net\/fr\/depistage-de-stupefiants\/drugwipe-le-test-de-poche\/","og_locale":"fr_FR","og_type":"article","og_title":"DrugWipe - le test de poche - Securetec Detektions-Systeme AG","og_url":"https:\/\/www.securetec.net\/fr\/depistage-de-stupefiants\/drugwipe-le-test-de-poche\/","og_site_name":"Securetec Detektions-Systeme AG","article_modified_time":"2026-01-07T06:17:41+00:00","twitter_card":"summary_large_image","twitter_site":"@DrugWipeUK","twitter_misc":{"Est. reading time":"1 minute"},"schema":{"@context":"https:\/\/schema.org","@graph":[{"@type":"WebPage","@id":"https:\/\/www.securetec.net\/fr\/depistage-de-stupefiants\/drugwipe-le-test-de-poche\/","url":"https:\/\/www.securetec.net\/fr\/depistage-de-stupefiants\/drugwipe-le-test-de-poche\/","name":"DrugWipe - le test de poche - Securetec Detektions-Systeme AG","isPartOf":{"@id":"https:\/\/www.securetec.net\/fr\/#website"},"datePublished":"2026-01-07T06:12:39+00:00","dateModified":"2026-01-07T06:17:41+00:00","breadcrumb":{"@id":"https:\/\/www.securetec.net\/fr\/depistage-de-stupefiants\/drugwipe-le-test-de-poche\/#breadcrumb"},"inLanguage":"fr-FR","potentialAction":[{"@type":"ReadAction","target":["https:\/\/www.securetec.net\/fr\/depistage-de-stupefiants\/drugwipe-le-test-de-poche\/"]}]},{"@type":"BreadcrumbList","@id":"https:\/\/www.securetec.net\/fr\/depistage-de-stupefiants\/drugwipe-le-test-de-poche\/#breadcrumb","itemListElement":[{"@type":"ListItem","position":1,"name":"Startseite","item":"https:\/\/www.securetec.net\/fr\/"},{"@type":"ListItem","position":2,"name":"Produits","item":"https:\/\/www.securetec.net\/fr\/depistage-de-stupefiants\/"},{"@type":"ListItem","position":3,"name":"DrugWipe &#8211; le test de poche"}]},{"@type":"WebSite","@id":"https:\/\/www.securetec.net\/fr\/#website","url":"https:\/\/www.securetec.net\/fr\/","name":"Securetec Detektions-Systeme AG","description":"We detect to protect","publisher":{"@id":"https:\/\/www.securetec.net\/fr\/#organization"},"potentialAction":[{"@type":"SearchAction","target":{"@type":"EntryPoint","urlTemplate":"https:\/\/www.securetec.net\/fr\/?s={search_term_string}"},"query-input":{"@type":"PropertyValueSpecification","valueRequired":true,"valueName":"search_term_string"}}],"inLanguage":"fr-FR"},{"@type":"Organization","@id":"https:\/\/www.securetec.net\/fr\/#organization","name":"Securetec Detektions-Systeme AG","url":"https:\/\/www.securetec.net\/fr\/","logo":{"@type":"ImageObject","inLanguage":"fr-FR","@id":"https:\/\/www.securetec.net\/fr\/#\/schema\/logo\/image\/","url":"https:\/\/www.securetec.net\/app\/uploads\/2018\/07\/Securetec_Logo_.png","contentUrl":"https:\/\/www.securetec.net\/app\/uploads\/2018\/07\/Securetec_Logo_.png","width":411,"height":189,"caption":"Securetec Detektions-Systeme AG"},"image":{"@id":"https:\/\/www.securetec.net\/fr\/#\/schema\/logo\/image\/"},"sameAs":["https:\/\/x.com\/DrugWipeUK","https:\/\/www.linkedin.com\/company\/securetec","https:\/\/www.youtube.com\/channel\/UCP9jQA-TYhtqanhaooppMqw"]}]}},"_links":{"self":[{"href":"https:\/\/www.securetec.net\/fr\/wp-json\/wp\/v2\/pages\/17060","targetHints":{"allow":["GET"]}}],"collection":[{"href":"https:\/\/www.securetec.net\/fr\/wp-json\/wp\/v2\/pages"}],"about":[{"href":"https:\/\/www.securetec.net\/fr\/wp-json\/wp\/v2\/types\/page"}],"author":[{"embeddable":true,"href":"https:\/\/www.securetec.net\/fr\/wp-json\/wp\/v2\/users\/95"}],"replies":[{"embeddable":true,"href":"https:\/\/www.securetec.net\/fr\/wp-json\/wp\/v2\/comments?post=17060"}],"version-history":[{"count":1,"href":"https:\/\/www.securetec.net\/fr\/wp-json\/wp\/v2\/pages\/17060\/revisions"}],"predecessor-version":[{"id":17065,"href":"https:\/\/www.securetec.net\/fr\/wp-json\/wp\/v2\/pages\/17060\/revisions\/17065"}],"up":[{"embeddable":true,"href":"https:\/\/www.securetec.net\/fr\/wp-json\/wp\/v2\/pages\/7405"}],"wp:attachment":[{"href":"https:\/\/www.securetec.net\/fr\/wp-json\/wp\/v2\/media?parent=17060"}],"curies":[{"name":"wp","href":"https:\/\/api.w.org\/{rel}","templated":true}]}}