{"id":16050,"date":"2025-05-27T12:57:20","date_gmt":"2025-05-27T10:57:20","guid":{"rendered":"https:\/\/www.securetec.net\/?page_id=16050"},"modified":"2025-05-28T08:14:05","modified_gmt":"2025-05-28T06:14:05","slug":"ligne-rouge-consommation-de-drogues-averee","status":"publish","type":"page","link":"https:\/\/www.securetec.net\/fr\/depistage-de-stupefiants\/ligne-rouge-consommation-de-drogues-averee\/","title":{"rendered":"Ligne rouge = consommation de drogues av\u00e9r\u00e9e !"},"content":{"rendered":"<div class=\"wpb-content-wrapper\"><p>[vc_row][vc_column][vc_column_text css=\u00a0\u00bb\u00a0\u00bb]<\/p>\n<h1 style=\"text-align: center;\"><strong>Test positif intuitif<\/strong><\/h1>\n<p>[\/vc_column_text][tm_spacer size=\u00a0\u00bblg:50&Prime;][\/vc_column][\/vc_row][vc_row][vc_column width=\u00a0\u00bb1\/3&Prime;][tm_image align=\u00a0\u00bbcenter\u00a0\u00bb image=\u00a0\u00bb16031&Prime;][tm_spacer size=\u00a0\u00bblg:50&Prime;][\/vc_column][vc_column width=\u00a0\u00bb2\/3&Prime;][vc_column_text css=\u00a0\u00bb\u00a0\u00bb]<\/p>\n<h2>On ne peut pas faire plus clair\u00a0!<\/h2>\n<p>Le test salivaire DrugWipe r\u00e9v\u00e8le clairement et rapidement la consommation de drogues au moyen de lignes rouges. Il d\u00e9tecte m\u00eame les traces de drogue les plus faibles dans une petite quantit\u00e9 de salive. Un test hygi\u00e9nique, rapide et fiable.[\/vc_column_text][tm_spacer size=\u00a0\u00bblg:20&Prime;][vc_column_text css=\u00a0\u00bb\u00a0\u00bb]<\/p>\n<h2><strong>D\u00e9tecte jusqu&rsquo;\u00e0 6\u00a0groupes de drogues en quelques minutes <\/strong><\/h2>\n<p>Identifiez les drogues en toute simplicit\u00e9 gr\u00e2ce \u00e0 la position des lignes rouges de test. En quelques minutes, le test rapide de d\u00e9pistage des drogues d\u00e9tecte, selon la gamme de produits, jusqu&rsquo;\u00e0 6\u00a0groupes de drogues.[\/vc_column_text][tm_spacer size=\u00a0\u00bblg:20&Prime;][vc_column_text css=\u00a0\u00bb\u00a0\u00bb]<strong>Utilisation de DrugWipe expliqu\u00e9e simplement\u00a0<\/strong>[\/vc_column_text][tm_spacer size=\u00a0\u00bblg:20&Prime;][tm_button button=\u00a0\u00bburl:https%3A%2F%2Fwww.securetec.net%2Fde%2Fqr-code-drug-wipe-5-s-universal-querformat%2F|title:Vid%C3%A9o%20de%20pr%C3%A9sentation|target:_blank\u00a0\u00bb][tm_spacer size=\u00a0\u00bblg:50&Prime;][\/vc_column][\/vc_row]<\/p>\n<\/div>","protected":false},"excerpt":{"rendered":"[vc_row][vc_column][vc_column_text css=\u00a0\u00bb\u00a0\u00bb] Test positif intuitif [\/vc_column_text][tm_spacer size=\u00a0\u00bblg:50&Prime;][\/vc_column][\/vc_row][vc_row][vc_column width=\u00a0\u00bb1\/3&Prime;][tm_image align=\u00a0\u00bbcenter\u00a0\u00bb image=\u00a0\u00bb16031&Prime;][tm_spacer size=\u00a0\u00bblg:50&Prime;][\/vc_column][vc_column width=\u00a0\u00bb2\/3&Prime;][vc_column_text css=\u00a0\u00bb\u00a0\u00bb] On ne peut pas faire plus clair\u00a0! Le test salivaire DrugWipe r\u00e9v\u00e8le clairement et rapidement la consommation de drogues au moyen de lignes rouges. Il d\u00e9tecte m\u00eame les traces de drogue les plus faibles dans une petite quantit\u00e9 de salive. Un test hygi\u00e9nique, rapide et fiable.[\/vc_column_text][tm_spacer size=\u00a0\u00bblg:20&Prime;][vc_column_text css=\u00a0\u00bb\u00a0\u00bb] D\u00e9tecte jusqu&rsquo;\u00e0 6\u00a0groupes de drogues en quelques minutes Identifiez les drogues en toute simplicit\u00e9 gr\u00e2ce \u00e0 la position des lignes rouges de test. En quelques minutes, le test rapide de d\u00e9pistage des drogues d\u00e9tecte, selon la gamme de produits, jusqu&rsquo;\u00e0 6\u00a0groupes de drogues.[\/vc_column_text][tm_spacer size=\u00a0\u00bblg:20&Prime;][vc_column_text css=\u00a0\u00bb\u00a0\u00bb]Utilisation de DrugWipe expliqu\u00e9e simplement\u00a0[\/vc_column_text][tm_spacer size=\u00a0\u00bblg:20&Prime;][tm_button button=\u00a0\u00bburl:https%3A%2F%2Fwww.securetec.net%2Fde%2Fqr-code-drug-wipe-5-s-universal-querformat%2F|title:Vid%C3%A9o%20de%20pr%C3%A9sentation|target:_blank\u00a0\u00bb][tm_spacer size=\u00a0\u00bblg:50&Prime;][\/vc_column][\/vc_row]","protected":false},"author":95,"featured_media":0,"parent":7405,"menu_order":0,"comment_status":"closed","ping_status":"closed","template":"","meta":{"footnotes":""},"class_list":["post-16050","page","type-page","status-publish","hentry"],"yoast_head":"<!-- This site is optimized with the Yoast SEO plugin v25.6 - https:\/\/yoast.com\/wordpress\/plugins\/seo\/ -->\n<title>Ligne rouge = consommation de drogues av\u00e9r\u00e9e ! - Securetec Detektions-Systeme AG<\/title>\n<meta name=\"robots\" content=\"index, follow, max-snippet:-1, max-image-preview:large, max-video-preview:-1\" \/>\n<link rel=\"canonical\" href=\"https:\/\/www.securetec.net\/fr\/depistage-de-stupefiants\/ligne-rouge-consommation-de-drogues-averee\/\" \/>\n<meta property=\"og:locale\" content=\"fr_FR\" \/>\n<meta property=\"og:type\" content=\"article\" \/>\n<meta property=\"og:title\" content=\"Ligne rouge = consommation de drogues av\u00e9r\u00e9e ! - Securetec Detektions-Systeme AG\" \/>\n<meta property=\"og:url\" content=\"https:\/\/www.securetec.net\/fr\/depistage-de-stupefiants\/ligne-rouge-consommation-de-drogues-averee\/\" \/>\n<meta property=\"og:site_name\" content=\"Securetec Detektions-Systeme AG\" \/>\n<meta property=\"article:modified_time\" content=\"2025-05-28T06:14:05+00:00\" \/>\n<meta name=\"twitter:card\" content=\"summary_large_image\" \/>\n<meta name=\"twitter:site\" content=\"@DrugWipeUK\" \/>\n<meta name=\"twitter:label1\" content=\"Est. reading time\" \/>\n\t<meta name=\"twitter:data1\" content=\"1 minute\" \/>\n<script type=\"application\/ld+json\" class=\"yoast-schema-graph\">{\"@context\":\"https:\/\/schema.org\",\"@graph\":[{\"@type\":\"WebPage\",\"@id\":\"https:\/\/www.securetec.net\/fr\/depistage-de-stupefiants\/ligne-rouge-consommation-de-drogues-averee\/\",\"url\":\"https:\/\/www.securetec.net\/fr\/depistage-de-stupefiants\/ligne-rouge-consommation-de-drogues-averee\/\",\"name\":\"Ligne rouge = consommation de drogues av\u00e9r\u00e9e ! - Securetec Detektions-Systeme AG\",\"isPartOf\":{\"@id\":\"https:\/\/www.securetec.net\/fr\/#website\"},\"datePublished\":\"2025-05-27T10:57:20+00:00\",\"dateModified\":\"2025-05-28T06:14:05+00:00\",\"breadcrumb\":{\"@id\":\"https:\/\/www.securetec.net\/fr\/depistage-de-stupefiants\/ligne-rouge-consommation-de-drogues-averee\/#breadcrumb\"},\"inLanguage\":\"fr-FR\",\"potentialAction\":[{\"@type\":\"ReadAction\",\"target\":[\"https:\/\/www.securetec.net\/fr\/depistage-de-stupefiants\/ligne-rouge-consommation-de-drogues-averee\/\"]}]},{\"@type\":\"BreadcrumbList\",\"@id\":\"https:\/\/www.securetec.net\/fr\/depistage-de-stupefiants\/ligne-rouge-consommation-de-drogues-averee\/#breadcrumb\",\"itemListElement\":[{\"@type\":\"ListItem\",\"position\":1,\"name\":\"Startseite\",\"item\":\"https:\/\/www.securetec.net\/fr\/\"},{\"@type\":\"ListItem\",\"position\":2,\"name\":\"Produits\",\"item\":\"https:\/\/www.securetec.net\/fr\/depistage-de-stupefiants\/\"},{\"@type\":\"ListItem\",\"position\":3,\"name\":\"Ligne rouge = consommation de drogues av\u00e9r\u00e9e !\"}]},{\"@type\":\"WebSite\",\"@id\":\"https:\/\/www.securetec.net\/fr\/#website\",\"url\":\"https:\/\/www.securetec.net\/fr\/\",\"name\":\"Securetec Detektions-Systeme AG\",\"description\":\"We detect to protect\",\"publisher\":{\"@id\":\"https:\/\/www.securetec.net\/fr\/#organization\"},\"potentialAction\":[{\"@type\":\"SearchAction\",\"target\":{\"@type\":\"EntryPoint\",\"urlTemplate\":\"https:\/\/www.securetec.net\/fr\/?s={search_term_string}\"},\"query-input\":{\"@type\":\"PropertyValueSpecification\",\"valueRequired\":true,\"valueName\":\"search_term_string\"}}],\"inLanguage\":\"fr-FR\"},{\"@type\":\"Organization\",\"@id\":\"https:\/\/www.securetec.net\/fr\/#organization\",\"name\":\"Securetec Detektions-Systeme AG\",\"url\":\"https:\/\/www.securetec.net\/fr\/\",\"logo\":{\"@type\":\"ImageObject\",\"inLanguage\":\"fr-FR\",\"@id\":\"https:\/\/www.securetec.net\/fr\/#\/schema\/logo\/image\/\",\"url\":\"https:\/\/www.securetec.net\/app\/uploads\/2018\/07\/Securetec_Logo_.png\",\"contentUrl\":\"https:\/\/www.securetec.net\/app\/uploads\/2018\/07\/Securetec_Logo_.png\",\"width\":411,\"height\":189,\"caption\":\"Securetec Detektions-Systeme AG\"},\"image\":{\"@id\":\"https:\/\/www.securetec.net\/fr\/#\/schema\/logo\/image\/\"},\"sameAs\":[\"https:\/\/x.com\/DrugWipeUK\",\"https:\/\/www.linkedin.com\/company\/securetec\",\"https:\/\/www.youtube.com\/channel\/UCP9jQA-TYhtqanhaooppMqw\"]}]}<\/script>\n<!-- \/ Yoast SEO plugin. -->","yoast_head_json":{"title":"Ligne rouge = consommation de drogues av\u00e9r\u00e9e ! - Securetec Detektions-Systeme AG","robots":{"index":"index","follow":"follow","max-snippet":"max-snippet:-1","max-image-preview":"max-image-preview:large","max-video-preview":"max-video-preview:-1"},"canonical":"https:\/\/www.securetec.net\/fr\/depistage-de-stupefiants\/ligne-rouge-consommation-de-drogues-averee\/","og_locale":"fr_FR","og_type":"article","og_title":"Ligne rouge = consommation de drogues av\u00e9r\u00e9e ! - Securetec Detektions-Systeme AG","og_url":"https:\/\/www.securetec.net\/fr\/depistage-de-stupefiants\/ligne-rouge-consommation-de-drogues-averee\/","og_site_name":"Securetec Detektions-Systeme AG","article_modified_time":"2025-05-28T06:14:05+00:00","twitter_card":"summary_large_image","twitter_site":"@DrugWipeUK","twitter_misc":{"Est. reading time":"1 minute"},"schema":{"@context":"https:\/\/schema.org","@graph":[{"@type":"WebPage","@id":"https:\/\/www.securetec.net\/fr\/depistage-de-stupefiants\/ligne-rouge-consommation-de-drogues-averee\/","url":"https:\/\/www.securetec.net\/fr\/depistage-de-stupefiants\/ligne-rouge-consommation-de-drogues-averee\/","name":"Ligne rouge = consommation de drogues av\u00e9r\u00e9e ! - Securetec Detektions-Systeme AG","isPartOf":{"@id":"https:\/\/www.securetec.net\/fr\/#website"},"datePublished":"2025-05-27T10:57:20+00:00","dateModified":"2025-05-28T06:14:05+00:00","breadcrumb":{"@id":"https:\/\/www.securetec.net\/fr\/depistage-de-stupefiants\/ligne-rouge-consommation-de-drogues-averee\/#breadcrumb"},"inLanguage":"fr-FR","potentialAction":[{"@type":"ReadAction","target":["https:\/\/www.securetec.net\/fr\/depistage-de-stupefiants\/ligne-rouge-consommation-de-drogues-averee\/"]}]},{"@type":"BreadcrumbList","@id":"https:\/\/www.securetec.net\/fr\/depistage-de-stupefiants\/ligne-rouge-consommation-de-drogues-averee\/#breadcrumb","itemListElement":[{"@type":"ListItem","position":1,"name":"Startseite","item":"https:\/\/www.securetec.net\/fr\/"},{"@type":"ListItem","position":2,"name":"Produits","item":"https:\/\/www.securetec.net\/fr\/depistage-de-stupefiants\/"},{"@type":"ListItem","position":3,"name":"Ligne rouge = consommation de drogues av\u00e9r\u00e9e !"}]},{"@type":"WebSite","@id":"https:\/\/www.securetec.net\/fr\/#website","url":"https:\/\/www.securetec.net\/fr\/","name":"Securetec Detektions-Systeme AG","description":"We detect to protect","publisher":{"@id":"https:\/\/www.securetec.net\/fr\/#organization"},"potentialAction":[{"@type":"SearchAction","target":{"@type":"EntryPoint","urlTemplate":"https:\/\/www.securetec.net\/fr\/?s={search_term_string}"},"query-input":{"@type":"PropertyValueSpecification","valueRequired":true,"valueName":"search_term_string"}}],"inLanguage":"fr-FR"},{"@type":"Organization","@id":"https:\/\/www.securetec.net\/fr\/#organization","name":"Securetec Detektions-Systeme AG","url":"https:\/\/www.securetec.net\/fr\/","logo":{"@type":"ImageObject","inLanguage":"fr-FR","@id":"https:\/\/www.securetec.net\/fr\/#\/schema\/logo\/image\/","url":"https:\/\/www.securetec.net\/app\/uploads\/2018\/07\/Securetec_Logo_.png","contentUrl":"https:\/\/www.securetec.net\/app\/uploads\/2018\/07\/Securetec_Logo_.png","width":411,"height":189,"caption":"Securetec Detektions-Systeme AG"},"image":{"@id":"https:\/\/www.securetec.net\/fr\/#\/schema\/logo\/image\/"},"sameAs":["https:\/\/x.com\/DrugWipeUK","https:\/\/www.linkedin.com\/company\/securetec","https:\/\/www.youtube.com\/channel\/UCP9jQA-TYhtqanhaooppMqw"]}]}},"_links":{"self":[{"href":"https:\/\/www.securetec.net\/fr\/wp-json\/wp\/v2\/pages\/16050","targetHints":{"allow":["GET"]}}],"collection":[{"href":"https:\/\/www.securetec.net\/fr\/wp-json\/wp\/v2\/pages"}],"about":[{"href":"https:\/\/www.securetec.net\/fr\/wp-json\/wp\/v2\/types\/page"}],"author":[{"embeddable":true,"href":"https:\/\/www.securetec.net\/fr\/wp-json\/wp\/v2\/users\/95"}],"replies":[{"embeddable":true,"href":"https:\/\/www.securetec.net\/fr\/wp-json\/wp\/v2\/comments?post=16050"}],"version-history":[{"count":4,"href":"https:\/\/www.securetec.net\/fr\/wp-json\/wp\/v2\/pages\/16050\/revisions"}],"predecessor-version":[{"id":16123,"href":"https:\/\/www.securetec.net\/fr\/wp-json\/wp\/v2\/pages\/16050\/revisions\/16123"}],"up":[{"embeddable":true,"href":"https:\/\/www.securetec.net\/fr\/wp-json\/wp\/v2\/pages\/7405"}],"wp:attachment":[{"href":"https:\/\/www.securetec.net\/fr\/wp-json\/wp\/v2\/media?parent=16050"}],"curies":[{"name":"wp","href":"https:\/\/api.w.org\/{rel}","templated":true}]}}