{"id":15334,"date":"2024-04-08T07:57:09","date_gmt":"2024-04-08T05:57:09","guid":{"rendered":"https:\/\/www.securetec.net\/?page_id=15334"},"modified":"2024-04-08T08:55:42","modified_gmt":"2024-04-08T06:55:42","slug":"teste-avec-de-la-salive-reelle","status":"publish","type":"page","link":"https:\/\/www.securetec.net\/fr\/depistage-de-stupefiants\/teste-avec-de-la-salive-reelle\/","title":{"rendered":"Test\u00e9 avec de la salive r\u00e9elle"},"content":{"rendered":"<div class=\"wpb-content-wrapper\"><p>[vc_row][vc_column][vc_column_text]<\/p>\n<h1 style=\"text-align: center;\">Crit\u00e8re de qualit\u00e9\u00a0: test\u00e9 avec de la salive r\u00e9elle<\/h1>\n<p>[\/vc_column_text][tm_spacer size=\u00a0\u00bblg:50&Prime;][\/vc_column][\/vc_row][vc_row][vc_column width=\u00a0\u00bb1\/3&Prime;][tm_image align=\u00a0\u00bbcenter\u00a0\u00bb image=\u00a0\u00bb15359&Prime;][tm_spacer size=\u00a0\u00bblg:50&Prime;][\/vc_column][vc_column width=\u00a0\u00bb2\/3&Prime;][vc_column_text]<\/p>\n<h2>Des co\u00fbts plus \u00e9lev\u00e9s pour une qualit\u00e9 toujours aussi \u00e9lev\u00e9e<\/h2>\n<p>Le test rapide de d\u00e9pistage de drogues DrugWipe est d\u00e9velopp\u00e9 et test\u00e9 avec de la salive r\u00e9elle m\u00eame si cela g\u00e9n\u00e8re plus de d\u00e9penses en laboratoire. Les r\u00e9sultats de test refl\u00e8tent ainsi la r\u00e9alit\u00e9 et attestent de la fiabilit\u00e9 remarquable des tests salivaires DrugWipe.[\/vc_column_text][tm_spacer size=\u00a0\u00bblg:50&Prime;][vc_column_text]<\/p>\n<h2>La salive naturelle est irrempla\u00e7able<\/h2>\n<p>99,5\u00a0% d&rsquo;eau et 0,5\u00a0% d&rsquo;enzymes, de min\u00e9raux et de sels dissous\u00a0: \u00e0\u00a0premi\u00e8re vue simple, la salive humaine se r\u00e9v\u00e8le \u00eatre un liquide extr\u00eamement complexe. \u00c0\u00a0ce jour, personne n&rsquo;est encore parvenu \u00e0 reproduire de la salive artificielle de mani\u00e8re r\u00e9aliste. C&rsquo;est pour cette raison que Securetec ne travaille qu&rsquo;avec de la salive r\u00e9elle lors du d\u00e9veloppement de tests, malgr\u00e9 les co\u00fbts suppl\u00e9mentaires occasionn\u00e9s.[\/vc_column_text][tm_spacer size=\u00a0\u00bblg:50&Prime;][\/vc_column][\/vc_row]<\/p>\n<\/div>","protected":false},"excerpt":{"rendered":"[vc_row][vc_column][vc_column_text] Crit\u00e8re de qualit\u00e9\u00a0: test\u00e9 avec de la salive r\u00e9elle [\/vc_column_text][tm_spacer size=\u00a0\u00bblg:50&Prime;][\/vc_column][\/vc_row][vc_row][vc_column width=\u00a0\u00bb1\/3&Prime;][tm_image align=\u00a0\u00bbcenter\u00a0\u00bb image=\u00a0\u00bb15359&Prime;][tm_spacer size=\u00a0\u00bblg:50&Prime;][\/vc_column][vc_column width=\u00a0\u00bb2\/3&Prime;][vc_column_text] Des co\u00fbts plus \u00e9lev\u00e9s pour une qualit\u00e9 toujours aussi \u00e9lev\u00e9e Le test rapide de d\u00e9pistage de drogues DrugWipe est d\u00e9velopp\u00e9 et test\u00e9 avec de la salive r\u00e9elle m\u00eame si cela g\u00e9n\u00e8re plus de d\u00e9penses en laboratoire. Les r\u00e9sultats de test refl\u00e8tent ainsi la r\u00e9alit\u00e9 et attestent de la fiabilit\u00e9 remarquable des tests salivaires DrugWipe.[\/vc_column_text][tm_spacer size=\u00a0\u00bblg:50&Prime;][vc_column_text] La salive naturelle est irrempla\u00e7able 99,5\u00a0% d&rsquo;eau et 0,5\u00a0% d&rsquo;enzymes, de min\u00e9raux et de sels dissous\u00a0: \u00e0\u00a0premi\u00e8re vue simple, la salive humaine se r\u00e9v\u00e8le \u00eatre un liquide extr\u00eamement complexe. \u00c0\u00a0ce jour, personne n&rsquo;est encore parvenu \u00e0 reproduire de la salive artificielle de mani\u00e8re r\u00e9aliste. C&rsquo;est pour cette raison que Securetec ne travaille qu&rsquo;avec de la salive r\u00e9elle lors du d\u00e9veloppement de tests, malgr\u00e9 les co\u00fbts suppl\u00e9mentaires occasionn\u00e9s.[\/vc_column_text][tm_spacer size=\u00a0\u00bblg:50&Prime;][\/vc_column][\/vc_row]","protected":false},"author":95,"featured_media":0,"parent":7405,"menu_order":0,"comment_status":"closed","ping_status":"closed","template":"","meta":{"footnotes":""},"class_list":["post-15334","page","type-page","status-publish","hentry"],"yoast_head":"<!-- This site is optimized with the Yoast SEO plugin v25.6 - https:\/\/yoast.com\/wordpress\/plugins\/seo\/ -->\n<title>Test\u00e9 avec de la salive r\u00e9elle - Securetec Detektions-Systeme AG<\/title>\n<meta name=\"robots\" content=\"index, follow, max-snippet:-1, max-image-preview:large, max-video-preview:-1\" \/>\n<link rel=\"canonical\" href=\"https:\/\/www.securetec.net\/fr\/depistage-de-stupefiants\/teste-avec-de-la-salive-reelle\/\" \/>\n<meta property=\"og:locale\" content=\"fr_FR\" \/>\n<meta property=\"og:type\" content=\"article\" \/>\n<meta property=\"og:title\" content=\"Test\u00e9 avec de la salive r\u00e9elle - Securetec Detektions-Systeme AG\" \/>\n<meta property=\"og:url\" content=\"https:\/\/www.securetec.net\/fr\/depistage-de-stupefiants\/teste-avec-de-la-salive-reelle\/\" \/>\n<meta property=\"og:site_name\" content=\"Securetec Detektions-Systeme AG\" \/>\n<meta property=\"article:modified_time\" content=\"2024-04-08T06:55:42+00:00\" \/>\n<meta name=\"twitter:card\" content=\"summary_large_image\" \/>\n<meta name=\"twitter:site\" content=\"@DrugWipeUK\" \/>\n<meta name=\"twitter:label1\" content=\"Est. reading time\" \/>\n\t<meta name=\"twitter:data1\" content=\"2 minutes\" \/>\n<script type=\"application\/ld+json\" class=\"yoast-schema-graph\">{\"@context\":\"https:\/\/schema.org\",\"@graph\":[{\"@type\":\"WebPage\",\"@id\":\"https:\/\/www.securetec.net\/fr\/depistage-de-stupefiants\/teste-avec-de-la-salive-reelle\/\",\"url\":\"https:\/\/www.securetec.net\/fr\/depistage-de-stupefiants\/teste-avec-de-la-salive-reelle\/\",\"name\":\"Test\u00e9 avec de la salive r\u00e9elle - Securetec Detektions-Systeme AG\",\"isPartOf\":{\"@id\":\"https:\/\/www.securetec.net\/fr\/#website\"},\"datePublished\":\"2024-04-08T05:57:09+00:00\",\"dateModified\":\"2024-04-08T06:55:42+00:00\",\"breadcrumb\":{\"@id\":\"https:\/\/www.securetec.net\/fr\/depistage-de-stupefiants\/teste-avec-de-la-salive-reelle\/#breadcrumb\"},\"inLanguage\":\"fr-FR\",\"potentialAction\":[{\"@type\":\"ReadAction\",\"target\":[\"https:\/\/www.securetec.net\/fr\/depistage-de-stupefiants\/teste-avec-de-la-salive-reelle\/\"]}]},{\"@type\":\"BreadcrumbList\",\"@id\":\"https:\/\/www.securetec.net\/fr\/depistage-de-stupefiants\/teste-avec-de-la-salive-reelle\/#breadcrumb\",\"itemListElement\":[{\"@type\":\"ListItem\",\"position\":1,\"name\":\"Startseite\",\"item\":\"https:\/\/www.securetec.net\/fr\/\"},{\"@type\":\"ListItem\",\"position\":2,\"name\":\"Produits\",\"item\":\"https:\/\/www.securetec.net\/fr\/depistage-de-stupefiants\/\"},{\"@type\":\"ListItem\",\"position\":3,\"name\":\"Test\u00e9 avec de la salive r\u00e9elle\"}]},{\"@type\":\"WebSite\",\"@id\":\"https:\/\/www.securetec.net\/fr\/#website\",\"url\":\"https:\/\/www.securetec.net\/fr\/\",\"name\":\"Securetec Detektions-Systeme AG\",\"description\":\"We detect to protect\",\"publisher\":{\"@id\":\"https:\/\/www.securetec.net\/fr\/#organization\"},\"potentialAction\":[{\"@type\":\"SearchAction\",\"target\":{\"@type\":\"EntryPoint\",\"urlTemplate\":\"https:\/\/www.securetec.net\/fr\/?s={search_term_string}\"},\"query-input\":{\"@type\":\"PropertyValueSpecification\",\"valueRequired\":true,\"valueName\":\"search_term_string\"}}],\"inLanguage\":\"fr-FR\"},{\"@type\":\"Organization\",\"@id\":\"https:\/\/www.securetec.net\/fr\/#organization\",\"name\":\"Securetec Detektions-Systeme AG\",\"url\":\"https:\/\/www.securetec.net\/fr\/\",\"logo\":{\"@type\":\"ImageObject\",\"inLanguage\":\"fr-FR\",\"@id\":\"https:\/\/www.securetec.net\/fr\/#\/schema\/logo\/image\/\",\"url\":\"https:\/\/www.securetec.net\/app\/uploads\/2018\/07\/Securetec_Logo_.png\",\"contentUrl\":\"https:\/\/www.securetec.net\/app\/uploads\/2018\/07\/Securetec_Logo_.png\",\"width\":411,\"height\":189,\"caption\":\"Securetec Detektions-Systeme AG\"},\"image\":{\"@id\":\"https:\/\/www.securetec.net\/fr\/#\/schema\/logo\/image\/\"},\"sameAs\":[\"https:\/\/x.com\/DrugWipeUK\",\"https:\/\/www.linkedin.com\/company\/securetec\",\"https:\/\/www.youtube.com\/channel\/UCP9jQA-TYhtqanhaooppMqw\"]}]}<\/script>\n<!-- \/ Yoast SEO plugin. -->","yoast_head_json":{"title":"Test\u00e9 avec de la salive r\u00e9elle - Securetec Detektions-Systeme AG","robots":{"index":"index","follow":"follow","max-snippet":"max-snippet:-1","max-image-preview":"max-image-preview:large","max-video-preview":"max-video-preview:-1"},"canonical":"https:\/\/www.securetec.net\/fr\/depistage-de-stupefiants\/teste-avec-de-la-salive-reelle\/","og_locale":"fr_FR","og_type":"article","og_title":"Test\u00e9 avec de la salive r\u00e9elle - Securetec Detektions-Systeme AG","og_url":"https:\/\/www.securetec.net\/fr\/depistage-de-stupefiants\/teste-avec-de-la-salive-reelle\/","og_site_name":"Securetec Detektions-Systeme AG","article_modified_time":"2024-04-08T06:55:42+00:00","twitter_card":"summary_large_image","twitter_site":"@DrugWipeUK","twitter_misc":{"Est. reading time":"2 minutes"},"schema":{"@context":"https:\/\/schema.org","@graph":[{"@type":"WebPage","@id":"https:\/\/www.securetec.net\/fr\/depistage-de-stupefiants\/teste-avec-de-la-salive-reelle\/","url":"https:\/\/www.securetec.net\/fr\/depistage-de-stupefiants\/teste-avec-de-la-salive-reelle\/","name":"Test\u00e9 avec de la salive r\u00e9elle - Securetec Detektions-Systeme AG","isPartOf":{"@id":"https:\/\/www.securetec.net\/fr\/#website"},"datePublished":"2024-04-08T05:57:09+00:00","dateModified":"2024-04-08T06:55:42+00:00","breadcrumb":{"@id":"https:\/\/www.securetec.net\/fr\/depistage-de-stupefiants\/teste-avec-de-la-salive-reelle\/#breadcrumb"},"inLanguage":"fr-FR","potentialAction":[{"@type":"ReadAction","target":["https:\/\/www.securetec.net\/fr\/depistage-de-stupefiants\/teste-avec-de-la-salive-reelle\/"]}]},{"@type":"BreadcrumbList","@id":"https:\/\/www.securetec.net\/fr\/depistage-de-stupefiants\/teste-avec-de-la-salive-reelle\/#breadcrumb","itemListElement":[{"@type":"ListItem","position":1,"name":"Startseite","item":"https:\/\/www.securetec.net\/fr\/"},{"@type":"ListItem","position":2,"name":"Produits","item":"https:\/\/www.securetec.net\/fr\/depistage-de-stupefiants\/"},{"@type":"ListItem","position":3,"name":"Test\u00e9 avec de la salive r\u00e9elle"}]},{"@type":"WebSite","@id":"https:\/\/www.securetec.net\/fr\/#website","url":"https:\/\/www.securetec.net\/fr\/","name":"Securetec Detektions-Systeme AG","description":"We detect to protect","publisher":{"@id":"https:\/\/www.securetec.net\/fr\/#organization"},"potentialAction":[{"@type":"SearchAction","target":{"@type":"EntryPoint","urlTemplate":"https:\/\/www.securetec.net\/fr\/?s={search_term_string}"},"query-input":{"@type":"PropertyValueSpecification","valueRequired":true,"valueName":"search_term_string"}}],"inLanguage":"fr-FR"},{"@type":"Organization","@id":"https:\/\/www.securetec.net\/fr\/#organization","name":"Securetec Detektions-Systeme AG","url":"https:\/\/www.securetec.net\/fr\/","logo":{"@type":"ImageObject","inLanguage":"fr-FR","@id":"https:\/\/www.securetec.net\/fr\/#\/schema\/logo\/image\/","url":"https:\/\/www.securetec.net\/app\/uploads\/2018\/07\/Securetec_Logo_.png","contentUrl":"https:\/\/www.securetec.net\/app\/uploads\/2018\/07\/Securetec_Logo_.png","width":411,"height":189,"caption":"Securetec Detektions-Systeme AG"},"image":{"@id":"https:\/\/www.securetec.net\/fr\/#\/schema\/logo\/image\/"},"sameAs":["https:\/\/x.com\/DrugWipeUK","https:\/\/www.linkedin.com\/company\/securetec","https:\/\/www.youtube.com\/channel\/UCP9jQA-TYhtqanhaooppMqw"]}]}},"_links":{"self":[{"href":"https:\/\/www.securetec.net\/fr\/wp-json\/wp\/v2\/pages\/15334","targetHints":{"allow":["GET"]}}],"collection":[{"href":"https:\/\/www.securetec.net\/fr\/wp-json\/wp\/v2\/pages"}],"about":[{"href":"https:\/\/www.securetec.net\/fr\/wp-json\/wp\/v2\/types\/page"}],"author":[{"embeddable":true,"href":"https:\/\/www.securetec.net\/fr\/wp-json\/wp\/v2\/users\/95"}],"replies":[{"embeddable":true,"href":"https:\/\/www.securetec.net\/fr\/wp-json\/wp\/v2\/comments?post=15334"}],"version-history":[{"count":2,"href":"https:\/\/www.securetec.net\/fr\/wp-json\/wp\/v2\/pages\/15334\/revisions"}],"predecessor-version":[{"id":15363,"href":"https:\/\/www.securetec.net\/fr\/wp-json\/wp\/v2\/pages\/15334\/revisions\/15363"}],"up":[{"embeddable":true,"href":"https:\/\/www.securetec.net\/fr\/wp-json\/wp\/v2\/pages\/7405"}],"wp:attachment":[{"href":"https:\/\/www.securetec.net\/fr\/wp-json\/wp\/v2\/media?parent=15334"}],"curies":[{"name":"wp","href":"https:\/\/api.w.org\/{rel}","templated":true}]}}