{"id":14726,"date":"2023-06-23T15:38:14","date_gmt":"2023-06-23T13:38:14","guid":{"rendered":"https:\/\/www.securetec.net\/?page_id=14726"},"modified":"2024-01-22T09:36:19","modified_gmt":"2024-01-22T08:36:19","slug":"mobilite","status":"publish","type":"page","link":"https:\/\/www.securetec.net\/fr\/depistage-de-stupefiants\/mobilite\/","title":{"rendered":"Mobilit\u00e9 et ind\u00e9pendance"},"content":{"rendered":"<div class=\"wpb-content-wrapper\"><p>[vc_row][vc_column][vc_column_text]<\/p>\n<h1 style=\"text-align: center;\">DrugWipe\u00ae\u00a0: une mobilit\u00e9 et une fiabilit\u00e9 sans\u00a0limites<\/h1>\n<p>[\/vc_column_text][tm_spacer size=\u00a0\u00bblg:50&Prime;][\/vc_column][\/vc_row][vc_row][vc_column width=\u00a0\u00bb1\/3&Prime;][tm_image align=\u00a0\u00bbcenter\u00a0\u00bb image=\u00a0\u00bb14735&Prime;][tm_spacer size=\u00a0\u00bblg:50&Prime;][\/vc_column][vc_column width=\u00a0\u00bb1\/3&Prime;][vc_column_text]Mobilit\u00e9 et fiabilit\u00e9 sont deux des points forts dominants du test rapide de d\u00e9pistage de drogue DrugWipe. Il d\u00e9tecte la consommation des drogues les plus courantes \u00e0\u00a0tout moment et en tout lieu, ind\u00e9pendamment de toute alimentation \u00e9lectrique.[\/vc_column_text][tm_spacer size=\u00a0\u00bblg:50&Prime;][\/vc_column][vc_column width=\u00a0\u00bb1\/3&Prime;][tm_image align=\u00a0\u00bbcenter\u00a0\u00bb image=\u00a0\u00bb14674&Prime;][tm_spacer size=\u00a0\u00bblg:50&Prime;][\/vc_column][\/vc_row][vc_row][vc_column][vc_column_text]<\/p>\n<h2>Une maniabilit\u00e9 simplissime<\/h2>\n<p>Aucun appareil \u00e9lectronique n&rsquo;est n\u00e9cessaire pour interpr\u00e9ter le test en toute s\u00e9curit\u00e9. Le bo\u00eetier de r\u00e9actif indique clairement si une consommation de drogue a\u00a0eu lieu. Sans aucune batterie ou alimentation \u00e9lectrique, le test DrugWipe fait partie des rares tests rapides de d\u00e9pistage de drogue qui fonctionnent de mani\u00e8re aussi fiable qu&rsquo;autonome.[\/vc_column_text][\/vc_column][\/vc_row]<\/p>\n<\/div>","protected":false},"excerpt":{"rendered":"[vc_row][vc_column][vc_column_text] DrugWipe\u00ae\u00a0: une mobilit\u00e9 et une fiabilit\u00e9 sans\u00a0limites [\/vc_column_text][tm_spacer size=\u00a0\u00bblg:50&Prime;][\/vc_column][\/vc_row][vc_row][vc_column width=\u00a0\u00bb1\/3&Prime;][tm_image align=\u00a0\u00bbcenter\u00a0\u00bb image=\u00a0\u00bb14735&Prime;][tm_spacer size=\u00a0\u00bblg:50&Prime;][\/vc_column][vc_column width=\u00a0\u00bb1\/3&Prime;][vc_column_text]Mobilit\u00e9 et fiabilit\u00e9 sont deux des points forts dominants du test rapide de d\u00e9pistage de drogue DrugWipe. Il d\u00e9tecte la consommation des drogues les plus courantes \u00e0\u00a0tout moment et en tout lieu, ind\u00e9pendamment de toute alimentation \u00e9lectrique.[\/vc_column_text][tm_spacer size=\u00a0\u00bblg:50&Prime;][\/vc_column][vc_column width=\u00a0\u00bb1\/3&Prime;][tm_image align=\u00a0\u00bbcenter\u00a0\u00bb image=\u00a0\u00bb14674&Prime;][tm_spacer size=\u00a0\u00bblg:50&Prime;][\/vc_column][\/vc_row][vc_row][vc_column][vc_column_text] Une maniabilit\u00e9 simplissime Aucun appareil \u00e9lectronique n&rsquo;est n\u00e9cessaire pour interpr\u00e9ter le test en toute s\u00e9curit\u00e9. Le bo\u00eetier de r\u00e9actif indique clairement si une consommation de drogue a\u00a0eu lieu. Sans aucune batterie ou alimentation \u00e9lectrique, le test DrugWipe fait partie des rares tests rapides de d\u00e9pistage de drogue qui fonctionnent de mani\u00e8re aussi fiable qu&rsquo;autonome.[\/vc_column_text][\/vc_column][\/vc_row]","protected":false},"author":95,"featured_media":0,"parent":7405,"menu_order":0,"comment_status":"closed","ping_status":"closed","template":"","meta":{"footnotes":""},"class_list":["post-14726","page","type-page","status-publish","hentry"],"yoast_head":"<!-- This site is optimized with the Yoast SEO plugin v25.6 - https:\/\/yoast.com\/wordpress\/plugins\/seo\/ -->\n<title>Mobilit\u00e9 et ind\u00e9pendance - Securetec Detektions-Systeme AG<\/title>\n<meta name=\"robots\" content=\"index, follow, max-snippet:-1, max-image-preview:large, max-video-preview:-1\" \/>\n<link rel=\"canonical\" href=\"https:\/\/www.securetec.net\/fr\/depistage-de-stupefiants\/mobilite\/\" \/>\n<meta property=\"og:locale\" content=\"fr_FR\" \/>\n<meta property=\"og:type\" content=\"article\" \/>\n<meta property=\"og:title\" content=\"Mobilit\u00e9 et ind\u00e9pendance - Securetec Detektions-Systeme AG\" \/>\n<meta property=\"og:url\" content=\"https:\/\/www.securetec.net\/fr\/depistage-de-stupefiants\/mobilite\/\" \/>\n<meta property=\"og:site_name\" content=\"Securetec Detektions-Systeme AG\" \/>\n<meta property=\"article:modified_time\" content=\"2024-01-22T08:36:19+00:00\" \/>\n<meta name=\"twitter:card\" content=\"summary_large_image\" \/>\n<meta name=\"twitter:site\" content=\"@DrugWipeUK\" \/>\n<meta name=\"twitter:label1\" content=\"Est. reading time\" \/>\n\t<meta name=\"twitter:data1\" content=\"1 minute\" \/>\n<script type=\"application\/ld+json\" class=\"yoast-schema-graph\">{\"@context\":\"https:\/\/schema.org\",\"@graph\":[{\"@type\":\"WebPage\",\"@id\":\"https:\/\/www.securetec.net\/fr\/depistage-de-stupefiants\/mobilite\/\",\"url\":\"https:\/\/www.securetec.net\/fr\/depistage-de-stupefiants\/mobilite\/\",\"name\":\"Mobilit\u00e9 et ind\u00e9pendance - Securetec Detektions-Systeme AG\",\"isPartOf\":{\"@id\":\"https:\/\/www.securetec.net\/fr\/#website\"},\"datePublished\":\"2023-06-23T13:38:14+00:00\",\"dateModified\":\"2024-01-22T08:36:19+00:00\",\"breadcrumb\":{\"@id\":\"https:\/\/www.securetec.net\/fr\/depistage-de-stupefiants\/mobilite\/#breadcrumb\"},\"inLanguage\":\"fr-FR\",\"potentialAction\":[{\"@type\":\"ReadAction\",\"target\":[\"https:\/\/www.securetec.net\/fr\/depistage-de-stupefiants\/mobilite\/\"]}]},{\"@type\":\"BreadcrumbList\",\"@id\":\"https:\/\/www.securetec.net\/fr\/depistage-de-stupefiants\/mobilite\/#breadcrumb\",\"itemListElement\":[{\"@type\":\"ListItem\",\"position\":1,\"name\":\"Startseite\",\"item\":\"https:\/\/www.securetec.net\/fr\/\"},{\"@type\":\"ListItem\",\"position\":2,\"name\":\"Produits\",\"item\":\"https:\/\/www.securetec.net\/fr\/depistage-de-stupefiants\/\"},{\"@type\":\"ListItem\",\"position\":3,\"name\":\"Mobilit\u00e9 et ind\u00e9pendance\"}]},{\"@type\":\"WebSite\",\"@id\":\"https:\/\/www.securetec.net\/fr\/#website\",\"url\":\"https:\/\/www.securetec.net\/fr\/\",\"name\":\"Securetec Detektions-Systeme AG\",\"description\":\"We detect to protect\",\"publisher\":{\"@id\":\"https:\/\/www.securetec.net\/fr\/#organization\"},\"potentialAction\":[{\"@type\":\"SearchAction\",\"target\":{\"@type\":\"EntryPoint\",\"urlTemplate\":\"https:\/\/www.securetec.net\/fr\/?s={search_term_string}\"},\"query-input\":{\"@type\":\"PropertyValueSpecification\",\"valueRequired\":true,\"valueName\":\"search_term_string\"}}],\"inLanguage\":\"fr-FR\"},{\"@type\":\"Organization\",\"@id\":\"https:\/\/www.securetec.net\/fr\/#organization\",\"name\":\"Securetec Detektions-Systeme AG\",\"url\":\"https:\/\/www.securetec.net\/fr\/\",\"logo\":{\"@type\":\"ImageObject\",\"inLanguage\":\"fr-FR\",\"@id\":\"https:\/\/www.securetec.net\/fr\/#\/schema\/logo\/image\/\",\"url\":\"https:\/\/www.securetec.net\/app\/uploads\/2018\/07\/Securetec_Logo_.png\",\"contentUrl\":\"https:\/\/www.securetec.net\/app\/uploads\/2018\/07\/Securetec_Logo_.png\",\"width\":411,\"height\":189,\"caption\":\"Securetec Detektions-Systeme AG\"},\"image\":{\"@id\":\"https:\/\/www.securetec.net\/fr\/#\/schema\/logo\/image\/\"},\"sameAs\":[\"https:\/\/x.com\/DrugWipeUK\",\"https:\/\/www.linkedin.com\/company\/securetec\",\"https:\/\/www.youtube.com\/channel\/UCP9jQA-TYhtqanhaooppMqw\"]}]}<\/script>\n<!-- \/ Yoast SEO plugin. -->","yoast_head_json":{"title":"Mobilit\u00e9 et ind\u00e9pendance - Securetec Detektions-Systeme AG","robots":{"index":"index","follow":"follow","max-snippet":"max-snippet:-1","max-image-preview":"max-image-preview:large","max-video-preview":"max-video-preview:-1"},"canonical":"https:\/\/www.securetec.net\/fr\/depistage-de-stupefiants\/mobilite\/","og_locale":"fr_FR","og_type":"article","og_title":"Mobilit\u00e9 et ind\u00e9pendance - Securetec Detektions-Systeme AG","og_url":"https:\/\/www.securetec.net\/fr\/depistage-de-stupefiants\/mobilite\/","og_site_name":"Securetec Detektions-Systeme AG","article_modified_time":"2024-01-22T08:36:19+00:00","twitter_card":"summary_large_image","twitter_site":"@DrugWipeUK","twitter_misc":{"Est. reading time":"1 minute"},"schema":{"@context":"https:\/\/schema.org","@graph":[{"@type":"WebPage","@id":"https:\/\/www.securetec.net\/fr\/depistage-de-stupefiants\/mobilite\/","url":"https:\/\/www.securetec.net\/fr\/depistage-de-stupefiants\/mobilite\/","name":"Mobilit\u00e9 et ind\u00e9pendance - Securetec Detektions-Systeme AG","isPartOf":{"@id":"https:\/\/www.securetec.net\/fr\/#website"},"datePublished":"2023-06-23T13:38:14+00:00","dateModified":"2024-01-22T08:36:19+00:00","breadcrumb":{"@id":"https:\/\/www.securetec.net\/fr\/depistage-de-stupefiants\/mobilite\/#breadcrumb"},"inLanguage":"fr-FR","potentialAction":[{"@type":"ReadAction","target":["https:\/\/www.securetec.net\/fr\/depistage-de-stupefiants\/mobilite\/"]}]},{"@type":"BreadcrumbList","@id":"https:\/\/www.securetec.net\/fr\/depistage-de-stupefiants\/mobilite\/#breadcrumb","itemListElement":[{"@type":"ListItem","position":1,"name":"Startseite","item":"https:\/\/www.securetec.net\/fr\/"},{"@type":"ListItem","position":2,"name":"Produits","item":"https:\/\/www.securetec.net\/fr\/depistage-de-stupefiants\/"},{"@type":"ListItem","position":3,"name":"Mobilit\u00e9 et ind\u00e9pendance"}]},{"@type":"WebSite","@id":"https:\/\/www.securetec.net\/fr\/#website","url":"https:\/\/www.securetec.net\/fr\/","name":"Securetec Detektions-Systeme AG","description":"We detect to protect","publisher":{"@id":"https:\/\/www.securetec.net\/fr\/#organization"},"potentialAction":[{"@type":"SearchAction","target":{"@type":"EntryPoint","urlTemplate":"https:\/\/www.securetec.net\/fr\/?s={search_term_string}"},"query-input":{"@type":"PropertyValueSpecification","valueRequired":true,"valueName":"search_term_string"}}],"inLanguage":"fr-FR"},{"@type":"Organization","@id":"https:\/\/www.securetec.net\/fr\/#organization","name":"Securetec Detektions-Systeme AG","url":"https:\/\/www.securetec.net\/fr\/","logo":{"@type":"ImageObject","inLanguage":"fr-FR","@id":"https:\/\/www.securetec.net\/fr\/#\/schema\/logo\/image\/","url":"https:\/\/www.securetec.net\/app\/uploads\/2018\/07\/Securetec_Logo_.png","contentUrl":"https:\/\/www.securetec.net\/app\/uploads\/2018\/07\/Securetec_Logo_.png","width":411,"height":189,"caption":"Securetec Detektions-Systeme AG"},"image":{"@id":"https:\/\/www.securetec.net\/fr\/#\/schema\/logo\/image\/"},"sameAs":["https:\/\/x.com\/DrugWipeUK","https:\/\/www.linkedin.com\/company\/securetec","https:\/\/www.youtube.com\/channel\/UCP9jQA-TYhtqanhaooppMqw"]}]}},"_links":{"self":[{"href":"https:\/\/www.securetec.net\/fr\/wp-json\/wp\/v2\/pages\/14726","targetHints":{"allow":["GET"]}}],"collection":[{"href":"https:\/\/www.securetec.net\/fr\/wp-json\/wp\/v2\/pages"}],"about":[{"href":"https:\/\/www.securetec.net\/fr\/wp-json\/wp\/v2\/types\/page"}],"author":[{"embeddable":true,"href":"https:\/\/www.securetec.net\/fr\/wp-json\/wp\/v2\/users\/95"}],"replies":[{"embeddable":true,"href":"https:\/\/www.securetec.net\/fr\/wp-json\/wp\/v2\/comments?post=14726"}],"version-history":[{"count":3,"href":"https:\/\/www.securetec.net\/fr\/wp-json\/wp\/v2\/pages\/14726\/revisions"}],"predecessor-version":[{"id":14813,"href":"https:\/\/www.securetec.net\/fr\/wp-json\/wp\/v2\/pages\/14726\/revisions\/14813"}],"up":[{"embeddable":true,"href":"https:\/\/www.securetec.net\/fr\/wp-json\/wp\/v2\/pages\/7405"}],"wp:attachment":[{"href":"https:\/\/www.securetec.net\/fr\/wp-json\/wp\/v2\/media?parent=14726"}],"curies":[{"name":"wp","href":"https:\/\/api.w.org\/{rel}","templated":true}]}}