{"id":13208,"date":"2022-01-20T15:58:51","date_gmt":"2022-01-20T14:58:51","guid":{"rendered":"https:\/\/www.securetec.net\/?page_id=13208"},"modified":"2022-02-23T15:46:40","modified_gmt":"2022-02-23T14:46:40","slug":"demande-de-prix","status":"publish","type":"page","link":"https:\/\/www.securetec.net\/fr\/demande-de-prix\/","title":{"rendered":"Demande de prix"},"content":{"rendered":"<div class=\"wpb-content-wrapper\"><p>[vc_row][vc_column][vc_column_text][\/vc_column_text][\/vc_column][\/vc_row][vc_row css_animation=\u00a0\u00bbnone\u00a0\u00bb gutter=\u00a0\u00bblg:10&Prime;][vc_column][tm_pricing_group][tm_pricing style=\u00a0\u00bb2&Prime; featured=\u00a0\u00bb1&Prime; currency=\u00a0\u00bb\u00a0\u00bb period=\u00a0\u00bb\u00a0\u00bb title=\u00a0\u00bbTests salivaires\u00a0\u00bb desc=\u00a0\u00bbDomaine d&rsquo;application : s\u00e9curit\u00e9 au travail, tests mobiles de d\u00e9pistage de stup\u00e9fiants sur la route par la police\u00a0\u00bb items=\u00a0\u00bb%5B%7B%7D%5D\u00a0\u00bb button=\u00a0\u00bburl:https%3A%2F%2Fwww.securetec.net%2Ffr%2F%3Fpost_type%3Dsec_shop%26p%3D13238%26preview%3Dtrue|title:En%20savoir%20plus\u00a0\u00bb image=\u00a0\u00bb13223&Prime;][tm_pricing style=\u00a0\u00bb2&Prime; currency=\u00a0\u00bb\u00a0\u00bb period=\u00a0\u00bb\u00a0\u00bb title=\u00a0\u00bbTests de surfaces\u00a0\u00bb desc=\u00a0\u00bbDomaine d&rsquo;application : constats d&rsquo;accidents, milieu carc\u00e9ral\u00a0\u00bb items=\u00a0\u00bb%5B%7B%7D%5D\u00a0\u00bb button=\u00a0\u00bburl:https%3A%2F%2Fwww.securetec.net%2Ffr%2F%3Fpost_type%3Dsec_shop%26p%3D13239%26preview%3Dtrue|title:En%20savoir%20plus\u00a0\u00bb image=\u00a0\u00bb11356&Prime;][tm_pricing style=\u00a0\u00bb2&Prime; currency=\u00a0\u00bb\u00a0\u00bb period=\u00a0\u00bb\u00a0\u00bb title=\u00a0\u00bbTests salivaires et de surfaces\u00a0\u00bb desc=\u00a0\u00bbDomaine d&rsquo;application : douanes, protection des fronti\u00e8res\u00a0\u00bb items=\u00a0\u00bb%5B%7B%7D%5D\u00a0\u00bb button=\u00a0\u00bburl:https%3A%2F%2Fwww.securetec.net%2Ffr%2F%3Fpost_type%3Dsec_shop%26p%3D13212%26preview%3Dtrue|title:En%20savoir%20plus\u00a0\u00bb image=\u00a0\u00bb13252&Prime;][\/tm_pricing_group][\/vc_column][\/vc_row]<\/p>\n<\/div>","protected":false},"excerpt":{"rendered":"[vc_row][vc_column][vc_column_text][\/vc_column_text][\/vc_column][\/vc_row][vc_row css_animation=\u00a0\u00bbnone\u00a0\u00bb gutter=\u00a0\u00bblg:10&Prime;][vc_column][tm_pricing_group][tm_pricing style=\u00a0\u00bb2&Prime; featured=\u00a0\u00bb1&Prime; currency=\u00a0\u00bb\u00a0\u00bb period=\u00a0\u00bb\u00a0\u00bb title=\u00a0\u00bbTests salivaires\u00a0\u00bb desc=\u00a0\u00bbDomaine d&rsquo;application : s\u00e9curit\u00e9 au travail, tests mobiles de d\u00e9pistage de stup\u00e9fiants sur la route par la police\u00a0\u00bb items=\u00a0\u00bb%5B%7B%7D%5D\u00a0\u00bb button=\u00a0\u00bburl:https%3A%2F%2Fwww.securetec.net%2Ffr%2F%3Fpost_type%3Dsec_shop%26p%3D13238%26preview%3Dtrue|title:En%20savoir%20plus\u00a0\u00bb image=\u00a0\u00bb13223&Prime;][tm_pricing style=\u00a0\u00bb2&Prime; currency=\u00a0\u00bb\u00a0\u00bb period=\u00a0\u00bb\u00a0\u00bb title=\u00a0\u00bbTests de surfaces\u00a0\u00bb desc=\u00a0\u00bbDomaine d&rsquo;application : constats d&rsquo;accidents, milieu carc\u00e9ral\u00a0\u00bb items=\u00a0\u00bb%5B%7B%7D%5D\u00a0\u00bb button=\u00a0\u00bburl:https%3A%2F%2Fwww.securetec.net%2Ffr%2F%3Fpost_type%3Dsec_shop%26p%3D13239%26preview%3Dtrue|title:En%20savoir%20plus\u00a0\u00bb image=\u00a0\u00bb11356&Prime;][tm_pricing style=\u00a0\u00bb2&Prime; currency=\u00a0\u00bb\u00a0\u00bb period=\u00a0\u00bb\u00a0\u00bb title=\u00a0\u00bbTests salivaires et de surfaces\u00a0\u00bb desc=\u00a0\u00bbDomaine d&rsquo;application : douanes, protection des fronti\u00e8res\u00a0\u00bb items=\u00a0\u00bb%5B%7B%7D%5D\u00a0\u00bb button=\u00a0\u00bburl:https%3A%2F%2Fwww.securetec.net%2Ffr%2F%3Fpost_type%3Dsec_shop%26p%3D13212%26preview%3Dtrue|title:En%20savoir%20plus\u00a0\u00bb image=\u00a0\u00bb13252&Prime;][\/tm_pricing_group][\/vc_column][\/vc_row]","protected":false},"author":6,"featured_media":0,"parent":0,"menu_order":0,"comment_status":"closed","ping_status":"closed","template":"","meta":{"footnotes":""},"class_list":["post-13208","page","type-page","status-publish","hentry"],"yoast_head":"<!-- This site is optimized with the Yoast SEO plugin v25.6 - https:\/\/yoast.com\/wordpress\/plugins\/seo\/ -->\n<title>Demande de prix - Securetec Detektions-Systeme AG<\/title>\n<meta name=\"robots\" content=\"index, follow, max-snippet:-1, max-image-preview:large, max-video-preview:-1\" \/>\n<link rel=\"canonical\" href=\"https:\/\/www.securetec.net\/fr\/demande-de-prix\/\" \/>\n<meta property=\"og:locale\" content=\"fr_FR\" \/>\n<meta property=\"og:type\" content=\"article\" \/>\n<meta property=\"og:title\" content=\"Demande de prix - Securetec Detektions-Systeme AG\" \/>\n<meta property=\"og:url\" content=\"https:\/\/www.securetec.net\/fr\/demande-de-prix\/\" \/>\n<meta property=\"og:site_name\" content=\"Securetec Detektions-Systeme AG\" \/>\n<meta property=\"article:modified_time\" content=\"2022-02-23T14:46:40+00:00\" \/>\n<meta name=\"twitter:card\" content=\"summary_large_image\" \/>\n<meta name=\"twitter:site\" content=\"@DrugWipeUK\" \/>\n<meta name=\"twitter:label1\" content=\"Est. reading time\" \/>\n\t<meta name=\"twitter:data1\" content=\"1 minute\" \/>\n<script type=\"application\/ld+json\" class=\"yoast-schema-graph\">{\"@context\":\"https:\/\/schema.org\",\"@graph\":[{\"@type\":\"WebPage\",\"@id\":\"https:\/\/www.securetec.net\/fr\/demande-de-prix\/\",\"url\":\"https:\/\/www.securetec.net\/fr\/demande-de-prix\/\",\"name\":\"Demande de prix - Securetec Detektions-Systeme AG\",\"isPartOf\":{\"@id\":\"https:\/\/www.securetec.net\/fr\/#website\"},\"datePublished\":\"2022-01-20T14:58:51+00:00\",\"dateModified\":\"2022-02-23T14:46:40+00:00\",\"breadcrumb\":{\"@id\":\"https:\/\/www.securetec.net\/fr\/demande-de-prix\/#breadcrumb\"},\"inLanguage\":\"fr-FR\",\"potentialAction\":[{\"@type\":\"ReadAction\",\"target\":[\"https:\/\/www.securetec.net\/fr\/demande-de-prix\/\"]}]},{\"@type\":\"BreadcrumbList\",\"@id\":\"https:\/\/www.securetec.net\/fr\/demande-de-prix\/#breadcrumb\",\"itemListElement\":[{\"@type\":\"ListItem\",\"position\":1,\"name\":\"Startseite\",\"item\":\"https:\/\/www.securetec.net\/fr\/\"},{\"@type\":\"ListItem\",\"position\":2,\"name\":\"Demande de prix\"}]},{\"@type\":\"WebSite\",\"@id\":\"https:\/\/www.securetec.net\/fr\/#website\",\"url\":\"https:\/\/www.securetec.net\/fr\/\",\"name\":\"Securetec Detektions-Systeme AG\",\"description\":\"We detect to protect\",\"publisher\":{\"@id\":\"https:\/\/www.securetec.net\/fr\/#organization\"},\"potentialAction\":[{\"@type\":\"SearchAction\",\"target\":{\"@type\":\"EntryPoint\",\"urlTemplate\":\"https:\/\/www.securetec.net\/fr\/?s={search_term_string}\"},\"query-input\":{\"@type\":\"PropertyValueSpecification\",\"valueRequired\":true,\"valueName\":\"search_term_string\"}}],\"inLanguage\":\"fr-FR\"},{\"@type\":\"Organization\",\"@id\":\"https:\/\/www.securetec.net\/fr\/#organization\",\"name\":\"Securetec Detektions-Systeme AG\",\"url\":\"https:\/\/www.securetec.net\/fr\/\",\"logo\":{\"@type\":\"ImageObject\",\"inLanguage\":\"fr-FR\",\"@id\":\"https:\/\/www.securetec.net\/fr\/#\/schema\/logo\/image\/\",\"url\":\"https:\/\/www.securetec.net\/app\/uploads\/2018\/07\/Securetec_Logo_.png\",\"contentUrl\":\"https:\/\/www.securetec.net\/app\/uploads\/2018\/07\/Securetec_Logo_.png\",\"width\":411,\"height\":189,\"caption\":\"Securetec Detektions-Systeme AG\"},\"image\":{\"@id\":\"https:\/\/www.securetec.net\/fr\/#\/schema\/logo\/image\/\"},\"sameAs\":[\"https:\/\/x.com\/DrugWipeUK\",\"https:\/\/www.linkedin.com\/company\/securetec\",\"https:\/\/www.youtube.com\/channel\/UCP9jQA-TYhtqanhaooppMqw\"]}]}<\/script>\n<!-- \/ Yoast SEO plugin. -->","yoast_head_json":{"title":"Demande de prix - Securetec Detektions-Systeme AG","robots":{"index":"index","follow":"follow","max-snippet":"max-snippet:-1","max-image-preview":"max-image-preview:large","max-video-preview":"max-video-preview:-1"},"canonical":"https:\/\/www.securetec.net\/fr\/demande-de-prix\/","og_locale":"fr_FR","og_type":"article","og_title":"Demande de prix - Securetec Detektions-Systeme AG","og_url":"https:\/\/www.securetec.net\/fr\/demande-de-prix\/","og_site_name":"Securetec Detektions-Systeme AG","article_modified_time":"2022-02-23T14:46:40+00:00","twitter_card":"summary_large_image","twitter_site":"@DrugWipeUK","twitter_misc":{"Est. reading time":"1 minute"},"schema":{"@context":"https:\/\/schema.org","@graph":[{"@type":"WebPage","@id":"https:\/\/www.securetec.net\/fr\/demande-de-prix\/","url":"https:\/\/www.securetec.net\/fr\/demande-de-prix\/","name":"Demande de prix - Securetec Detektions-Systeme AG","isPartOf":{"@id":"https:\/\/www.securetec.net\/fr\/#website"},"datePublished":"2022-01-20T14:58:51+00:00","dateModified":"2022-02-23T14:46:40+00:00","breadcrumb":{"@id":"https:\/\/www.securetec.net\/fr\/demande-de-prix\/#breadcrumb"},"inLanguage":"fr-FR","potentialAction":[{"@type":"ReadAction","target":["https:\/\/www.securetec.net\/fr\/demande-de-prix\/"]}]},{"@type":"BreadcrumbList","@id":"https:\/\/www.securetec.net\/fr\/demande-de-prix\/#breadcrumb","itemListElement":[{"@type":"ListItem","position":1,"name":"Startseite","item":"https:\/\/www.securetec.net\/fr\/"},{"@type":"ListItem","position":2,"name":"Demande de prix"}]},{"@type":"WebSite","@id":"https:\/\/www.securetec.net\/fr\/#website","url":"https:\/\/www.securetec.net\/fr\/","name":"Securetec Detektions-Systeme AG","description":"We detect to protect","publisher":{"@id":"https:\/\/www.securetec.net\/fr\/#organization"},"potentialAction":[{"@type":"SearchAction","target":{"@type":"EntryPoint","urlTemplate":"https:\/\/www.securetec.net\/fr\/?s={search_term_string}"},"query-input":{"@type":"PropertyValueSpecification","valueRequired":true,"valueName":"search_term_string"}}],"inLanguage":"fr-FR"},{"@type":"Organization","@id":"https:\/\/www.securetec.net\/fr\/#organization","name":"Securetec Detektions-Systeme AG","url":"https:\/\/www.securetec.net\/fr\/","logo":{"@type":"ImageObject","inLanguage":"fr-FR","@id":"https:\/\/www.securetec.net\/fr\/#\/schema\/logo\/image\/","url":"https:\/\/www.securetec.net\/app\/uploads\/2018\/07\/Securetec_Logo_.png","contentUrl":"https:\/\/www.securetec.net\/app\/uploads\/2018\/07\/Securetec_Logo_.png","width":411,"height":189,"caption":"Securetec Detektions-Systeme AG"},"image":{"@id":"https:\/\/www.securetec.net\/fr\/#\/schema\/logo\/image\/"},"sameAs":["https:\/\/x.com\/DrugWipeUK","https:\/\/www.linkedin.com\/company\/securetec","https:\/\/www.youtube.com\/channel\/UCP9jQA-TYhtqanhaooppMqw"]}]}},"_links":{"self":[{"href":"https:\/\/www.securetec.net\/fr\/wp-json\/wp\/v2\/pages\/13208","targetHints":{"allow":["GET"]}}],"collection":[{"href":"https:\/\/www.securetec.net\/fr\/wp-json\/wp\/v2\/pages"}],"about":[{"href":"https:\/\/www.securetec.net\/fr\/wp-json\/wp\/v2\/types\/page"}],"author":[{"embeddable":true,"href":"https:\/\/www.securetec.net\/fr\/wp-json\/wp\/v2\/users\/6"}],"replies":[{"embeddable":true,"href":"https:\/\/www.securetec.net\/fr\/wp-json\/wp\/v2\/comments?post=13208"}],"version-history":[{"count":11,"href":"https:\/\/www.securetec.net\/fr\/wp-json\/wp\/v2\/pages\/13208\/revisions"}],"predecessor-version":[{"id":13379,"href":"https:\/\/www.securetec.net\/fr\/wp-json\/wp\/v2\/pages\/13208\/revisions\/13379"}],"wp:attachment":[{"href":"https:\/\/www.securetec.net\/fr\/wp-json\/wp\/v2\/media?parent=13208"}],"curies":[{"name":"wp","href":"https:\/\/api.w.org\/{rel}","templated":true}]}}