{"id":8868,"date":"2019-01-04T22:56:40","date_gmt":"2019-01-04T21:56:40","guid":{"rendered":"https:\/\/www.securetec.net\/?page_id=8868"},"modified":"2019-01-04T22:58:07","modified_gmt":"2019-01-04T21:58:07","slug":"diagnostics","status":"publish","type":"page","link":"https:\/\/www.securetec.net\/es\/diagnostics\/","title":{"rendered":"Diagnostics"},"content":{"rendered":"<div class=\"wpb-content-wrapper\"><p>[vc_row lg_spacing=\u00bbmargin_top:40&#8243;][vc_column][tm_heading tag=\u00bbh1&#8243; custom_google_font=\u00bb\u00bb align=\u00bbcenter\u00bb text_color=\u00bbprimary_color\u00bb text=\u00bbDiagnostics\u00bb css=\u00bb.vc_custom_1546639019676{margin-bottom: 10px !important;}\u00bb][vc_column_text]<\/p>\n<p style=\"text-align: center;\">Notre soci\u00e9t\u00e9 est sp\u00e9cialis\u00e9e dans les syst\u00e8mes de d\u00e9tection simples d&#8217;utilisation\u00a0: dosages immunologiques, tests rapides de DIV, solutions mat\u00e9rielles pour tests de point d&#8217;intervention, etc. Gr\u00e2ce \u00e0 nos tests de point d&#8217;intervention sur mesure, l&#8217;obtention des r\u00e9sultats est plus simple et plus rapide. En plus d&#8217;assurer le d\u00e9veloppement et la production, nous vous assistons \u00e9galement dans l&#8217;optimisation des dosages, bandes r\u00e9actives, etc. pour le d\u00e9pistage des enzymes, hormones, virus, bact\u00e9ries, agents de combat ou autres analytes.<\/p>\n<p>[\/vc_column_text][\/vc_column][\/vc_row][vc_row disable_element=\u00bbyes\u00bb lg_spacing=\u00bbmargin_top:40&#8243;][vc_column][vc_basic_grid post_type=\u00bbsec_produkte\u00bb max_items=\u00bb9&#8243; style=\u00bbload-more\u00bb items_per_page=\u00bb9&#8243; show_filter=\u00bbyes\u00bb orderby=\u00bbID\u00bb filter_color=\u00bbwhite\u00bb filter_size=\u00bbxs\u00bb initial_loading_animation=\u00bbslideInUp\u00bb btn_style=\u00bboutline\u00bb btn_color=\u00bbprimary\u00bb btn_align=\u00bbcenter\u00bb grid_id=\u00bbvc_gid:1546639049425-2c919fba-1f08-0&#8243; taxonomies=\u00bb65&#8243; filter_source=\u00bbportfolio_tags\u00bb el_class=\u00bbpost-grid-products\u00bb][\/vc_column][\/vc_row]<\/p>\n<\/div>","protected":false},"excerpt":{"rendered":"[vc_row lg_spacing=\u00bbmargin_top:40&#8243;][vc_column][tm_heading tag=\u00bbh1&#8243; custom_google_font=\u00bb\u00bb align=\u00bbcenter\u00bb text_color=\u00bbprimary_color\u00bb text=\u00bbDiagnostics\u00bb css=\u00bb.vc_custom_1546639019676{margin-bottom: 10px !important;}\u00bb][vc_column_text] Notre soci\u00e9t\u00e9 est sp\u00e9cialis\u00e9e dans les syst\u00e8mes de d\u00e9tection simples d&#8217;utilisation\u00a0: dosages immunologiques, tests rapides de DIV, solutions mat\u00e9rielles pour tests de point d&#8217;intervention, etc. Gr\u00e2ce \u00e0 nos tests de point d&#8217;intervention sur mesure, l&#8217;obtention des r\u00e9sultats est plus simple et plus rapide. En plus d&#8217;assurer le d\u00e9veloppement et la production, nous vous assistons \u00e9galement dans l&#8217;optimisation des dosages, bandes r\u00e9actives, etc. pour le d\u00e9pistage des enzymes, hormones, virus, bact\u00e9ries, agents de combat ou autres analytes. [\/vc_column_text][\/vc_column][\/vc_row][vc_row disable_element=\u00bbyes\u00bb lg_spacing=\u00bbmargin_top:40&#8243;][vc_column][vc_basic_grid post_type=\u00bbsec_produkte\u00bb max_items=\u00bb9&#8243; style=\u00bbload-more\u00bb items_per_page=\u00bb9&#8243; show_filter=\u00bbyes\u00bb orderby=\u00bbID\u00bb filter_color=\u00bbwhite\u00bb filter_size=\u00bbxs\u00bb initial_loading_animation=\u00bbslideInUp\u00bb btn_style=\u00bboutline\u00bb btn_color=\u00bbprimary\u00bb btn_align=\u00bbcenter\u00bb grid_id=\u00bbvc_gid:1546639049425-2c919fba-1f08-0&#8243; taxonomies=\u00bb65&#8243; filter_source=\u00bbportfolio_tags\u00bb el_class=\u00bbpost-grid-products\u00bb][\/vc_column][\/vc_row]","protected":false},"author":1,"featured_media":0,"parent":0,"menu_order":0,"comment_status":"closed","ping_status":"closed","template":"templates\/products.php","meta":{"footnotes":""},"class_list":["post-8868","page","type-page","status-publish","hentry"],"yoast_head":"<!-- This site is optimized with the Yoast SEO plugin v25.6 - https:\/\/yoast.com\/wordpress\/plugins\/seo\/ -->\n<title>Diagnostics - Securetec Detektions-Systeme AG<\/title>\n<meta name=\"robots\" content=\"index, follow, max-snippet:-1, max-image-preview:large, max-video-preview:-1\" \/>\n<link rel=\"canonical\" href=\"https:\/\/www.securetec.net\/es\/diagnostics\/\" \/>\n<meta property=\"og:locale\" content=\"es_ES\" \/>\n<meta property=\"og:type\" content=\"article\" \/>\n<meta property=\"og:title\" content=\"Diagnostics - Securetec Detektions-Systeme AG\" \/>\n<meta property=\"og:url\" content=\"https:\/\/www.securetec.net\/es\/diagnostics\/\" \/>\n<meta property=\"og:site_name\" content=\"Securetec Detektions-Systeme AG\" \/>\n<meta property=\"article:modified_time\" content=\"2019-01-04T21:58:07+00:00\" \/>\n<meta name=\"twitter:card\" content=\"summary_large_image\" \/>\n<meta name=\"twitter:site\" content=\"@DrugWipeUK\" \/>\n<meta name=\"twitter:label1\" content=\"Est. reading time\" \/>\n\t<meta name=\"twitter:data1\" content=\"1 minuto\" \/>\n<script type=\"application\/ld+json\" class=\"yoast-schema-graph\">{\"@context\":\"https:\/\/schema.org\",\"@graph\":[{\"@type\":\"WebPage\",\"@id\":\"https:\/\/www.securetec.net\/es\/diagnostics\/\",\"url\":\"https:\/\/www.securetec.net\/es\/diagnostics\/\",\"name\":\"Diagnostics - Securetec Detektions-Systeme AG\",\"isPartOf\":{\"@id\":\"https:\/\/www.securetec.net\/es\/#website\"},\"datePublished\":\"2019-01-04T21:56:40+00:00\",\"dateModified\":\"2019-01-04T21:58:07+00:00\",\"breadcrumb\":{\"@id\":\"https:\/\/www.securetec.net\/es\/diagnostics\/#breadcrumb\"},\"inLanguage\":\"es\",\"potentialAction\":[{\"@type\":\"ReadAction\",\"target\":[\"https:\/\/www.securetec.net\/es\/diagnostics\/\"]}]},{\"@type\":\"BreadcrumbList\",\"@id\":\"https:\/\/www.securetec.net\/es\/diagnostics\/#breadcrumb\",\"itemListElement\":[{\"@type\":\"ListItem\",\"position\":1,\"name\":\"Startseite\",\"item\":\"https:\/\/www.securetec.net\/es\/\"},{\"@type\":\"ListItem\",\"position\":2,\"name\":\"Diagnostics\"}]},{\"@type\":\"WebSite\",\"@id\":\"https:\/\/www.securetec.net\/es\/#website\",\"url\":\"https:\/\/www.securetec.net\/es\/\",\"name\":\"Securetec Detektions-Systeme AG\",\"description\":\"We detect to protect\",\"publisher\":{\"@id\":\"https:\/\/www.securetec.net\/es\/#organization\"},\"potentialAction\":[{\"@type\":\"SearchAction\",\"target\":{\"@type\":\"EntryPoint\",\"urlTemplate\":\"https:\/\/www.securetec.net\/es\/?s={search_term_string}\"},\"query-input\":{\"@type\":\"PropertyValueSpecification\",\"valueRequired\":true,\"valueName\":\"search_term_string\"}}],\"inLanguage\":\"es\"},{\"@type\":\"Organization\",\"@id\":\"https:\/\/www.securetec.net\/es\/#organization\",\"name\":\"Securetec Detektions-Systeme AG\",\"url\":\"https:\/\/www.securetec.net\/es\/\",\"logo\":{\"@type\":\"ImageObject\",\"inLanguage\":\"es\",\"@id\":\"https:\/\/www.securetec.net\/es\/#\/schema\/logo\/image\/\",\"url\":\"https:\/\/www.securetec.net\/app\/uploads\/2018\/07\/Securetec_Logo_.png\",\"contentUrl\":\"https:\/\/www.securetec.net\/app\/uploads\/2018\/07\/Securetec_Logo_.png\",\"width\":411,\"height\":189,\"caption\":\"Securetec Detektions-Systeme AG\"},\"image\":{\"@id\":\"https:\/\/www.securetec.net\/es\/#\/schema\/logo\/image\/\"},\"sameAs\":[\"https:\/\/x.com\/DrugWipeUK\",\"https:\/\/www.linkedin.com\/company\/securetec\",\"https:\/\/www.youtube.com\/channel\/UCP9jQA-TYhtqanhaooppMqw\"]}]}<\/script>\n<!-- \/ Yoast SEO plugin. -->","yoast_head_json":{"title":"Diagnostics - Securetec Detektions-Systeme AG","robots":{"index":"index","follow":"follow","max-snippet":"max-snippet:-1","max-image-preview":"max-image-preview:large","max-video-preview":"max-video-preview:-1"},"canonical":"https:\/\/www.securetec.net\/es\/diagnostics\/","og_locale":"es_ES","og_type":"article","og_title":"Diagnostics - Securetec Detektions-Systeme AG","og_url":"https:\/\/www.securetec.net\/es\/diagnostics\/","og_site_name":"Securetec Detektions-Systeme AG","article_modified_time":"2019-01-04T21:58:07+00:00","twitter_card":"summary_large_image","twitter_site":"@DrugWipeUK","twitter_misc":{"Est. reading time":"1 minuto"},"schema":{"@context":"https:\/\/schema.org","@graph":[{"@type":"WebPage","@id":"https:\/\/www.securetec.net\/es\/diagnostics\/","url":"https:\/\/www.securetec.net\/es\/diagnostics\/","name":"Diagnostics - Securetec Detektions-Systeme AG","isPartOf":{"@id":"https:\/\/www.securetec.net\/es\/#website"},"datePublished":"2019-01-04T21:56:40+00:00","dateModified":"2019-01-04T21:58:07+00:00","breadcrumb":{"@id":"https:\/\/www.securetec.net\/es\/diagnostics\/#breadcrumb"},"inLanguage":"es","potentialAction":[{"@type":"ReadAction","target":["https:\/\/www.securetec.net\/es\/diagnostics\/"]}]},{"@type":"BreadcrumbList","@id":"https:\/\/www.securetec.net\/es\/diagnostics\/#breadcrumb","itemListElement":[{"@type":"ListItem","position":1,"name":"Startseite","item":"https:\/\/www.securetec.net\/es\/"},{"@type":"ListItem","position":2,"name":"Diagnostics"}]},{"@type":"WebSite","@id":"https:\/\/www.securetec.net\/es\/#website","url":"https:\/\/www.securetec.net\/es\/","name":"Securetec Detektions-Systeme AG","description":"We detect to protect","publisher":{"@id":"https:\/\/www.securetec.net\/es\/#organization"},"potentialAction":[{"@type":"SearchAction","target":{"@type":"EntryPoint","urlTemplate":"https:\/\/www.securetec.net\/es\/?s={search_term_string}"},"query-input":{"@type":"PropertyValueSpecification","valueRequired":true,"valueName":"search_term_string"}}],"inLanguage":"es"},{"@type":"Organization","@id":"https:\/\/www.securetec.net\/es\/#organization","name":"Securetec Detektions-Systeme AG","url":"https:\/\/www.securetec.net\/es\/","logo":{"@type":"ImageObject","inLanguage":"es","@id":"https:\/\/www.securetec.net\/es\/#\/schema\/logo\/image\/","url":"https:\/\/www.securetec.net\/app\/uploads\/2018\/07\/Securetec_Logo_.png","contentUrl":"https:\/\/www.securetec.net\/app\/uploads\/2018\/07\/Securetec_Logo_.png","width":411,"height":189,"caption":"Securetec Detektions-Systeme AG"},"image":{"@id":"https:\/\/www.securetec.net\/es\/#\/schema\/logo\/image\/"},"sameAs":["https:\/\/x.com\/DrugWipeUK","https:\/\/www.linkedin.com\/company\/securetec","https:\/\/www.youtube.com\/channel\/UCP9jQA-TYhtqanhaooppMqw"]}]}},"_links":{"self":[{"href":"https:\/\/www.securetec.net\/es\/wp-json\/wp\/v2\/pages\/8868","targetHints":{"allow":["GET"]}}],"collection":[{"href":"https:\/\/www.securetec.net\/es\/wp-json\/wp\/v2\/pages"}],"about":[{"href":"https:\/\/www.securetec.net\/es\/wp-json\/wp\/v2\/types\/page"}],"author":[{"embeddable":true,"href":"https:\/\/www.securetec.net\/es\/wp-json\/wp\/v2\/users\/1"}],"replies":[{"embeddable":true,"href":"https:\/\/www.securetec.net\/es\/wp-json\/wp\/v2\/comments?post=8868"}],"version-history":[{"count":5,"href":"https:\/\/www.securetec.net\/es\/wp-json\/wp\/v2\/pages\/8868\/revisions"}],"predecessor-version":[{"id":8873,"href":"https:\/\/www.securetec.net\/es\/wp-json\/wp\/v2\/pages\/8868\/revisions\/8873"}],"wp:attachment":[{"href":"https:\/\/www.securetec.net\/es\/wp-json\/wp\/v2\/media?parent=8868"}],"curies":[{"name":"wp","href":"https:\/\/api.w.org\/{rel}","templated":true}]}}