{"id":8063,"date":"2018-12-04T16:03:20","date_gmt":"2018-12-04T15:03:20","guid":{"rendered":"https:\/\/www.securetec.net\/?page_id=8063"},"modified":"2025-08-18T12:34:43","modified_gmt":"2025-08-18T10:34:43","slug":"home","status":"publish","type":"page","link":"https:\/\/www.securetec.net\/es\/","title":{"rendered":"Home"},"content":{"rendered":"<div class=\"wpb-content-wrapper\"><p>[vc_row css_animation=\u00bbnone\u00bb lg_spacing=\u00bbmargin_top:40;margin_bottom:50&#8243; md_spacing=\u00bbmargin_top:35&#8243; sm_spacing=\u00bbmargin_top:30;margin_bottom:40&#8243; xs_spacing=\u00bbmargin_top:30;margin_bottom:25&#8243;][vc_column width=\u00bb1\/6&#8243;][\/vc_column][vc_column width=\u00bb2\/3&#8243;][tm_heading tag=\u00bbh1&#8243; custom_google_font=\u00bb\u00bb google_fonts=\u00bbfont_family:Open%20Sans%3A300%2C300italic%2Cregular%2Citalic%2C600%2C600italic%2C700%2C700italic%2C800%2C800italic|font_style:600%20bold%20regular%3A600%3Anormal\u00bb text_color=\u00bbprimary_color\u00bb text=\u00bbWe detect to protect\u00bb][vc_column_text css=\u00bb\u00bb]<\/p>\n<p style=\"text-align: center;\">Somos fabricantes del test de drogas r\u00e1pido DrugWipe<sup>\u00ae<\/sup>, utilizado a nivel mundial por polic\u00eda y personal de aduanas, y contamos con 30 a\u00f1os de dilatada experiencia en desarrollo en el campo de la tecnolog\u00eda de flujo lateral.<\/p>\n<p>[\/vc_column_text][\/vc_column][vc_column width=\u00bb1\/6&#8243;][\/vc_column][\/vc_row][vc_row equal_height=\u00bbyes\u00bb css_animation=\u00bbnone\u00bb column_separator=\u00bb01&#8243; lg_spacing=\u00bbmargin_bottom:60&#8243; md_spacing=\u00bbmargin_bottom:55&#8243; sm_spacing=\u00bbmargin_bottom:50&#8243; xs_spacing=\u00bbmargin_top:10;margin_right:10;margin_bottom:40;margin_left:10&#8243;][vc_column css_animation=\u00bbslideInUp\u00bb width=\u00bb1\/3&#8243; el_class=\u00bbicon-box\u00bb xs_spacing=\u00bbmargin_top:10;margin_right:10;margin_left:10&#8243; sm_spacing=\u00bbmargin_top:10;margin_right:10;margin_left:10&#8243;][tm_spacer size=\u00bblg:20&#8243;][tm_heading custom_google_font=\u00bb\u00bb animation=\u00bbnone\u00bb text=\u00bbDrugwipe en los medios\u00bb link=\u00bbhttps:\/\/www.securetec.net\/es\/empresa\/noticias\/drugwipe-en-los-medios\/\u00bb][tm_box_icon el_class=\u00bbhome-video pt-0&#8243; button_color=\u00bbprimary\u00bb heading=\u00bbEslovenia: \u00bfQui\u00e9n medir\u00e1 el contenido de THC en la sangre de los conductores una vez que los diputados aprueben la nueva ley, y c\u00f3mo?\u00bb link=\u00bburl:https%3A%2F%2Fwww.securetec.net%2Fes%2Fslowenien-wer-wird-den-thc-gehalt-im-blut-der-fahrer-messen-wenn-die-abgeordneten-das-neue-gesetz-verabschieden-und-wie%2F|title:Eslovenia%3A%20%C2%BFQui%C3%A9n%20medir%C3%A1%20el%20contenido%20de%20THC%20en%20la%20sangre%20de%20los%20conductores%20una%20vez%20que%20los%20diputados%20aprueben%20la%20nueva%20ley%2C%20y%20c%C3%B3mo%3F\u00bb text=\u00bbEl peri\u00f3dico Ve\u010der analiza la posible legalizaci\u00f3n de THC en Eslovenia y su influencia en la seguridad del tr\u00e1fico rodado. En Eslovenia se utiliza el DrugWipe 6 S, que puede detectar hasta 6 grupos de drogas (incl. THC) en la saliva en tan solo unos minutos. De esta manera, la polic\u00eda puede retirar de la carretera a los conductores que se encuentren bajo los efectos de las drogas durante los controles de tr\u00e1fico.\u00bb box_link=\u00bburl:https%3A%2F%2Fwww.securetec.net%2Fes%2Fslowenien-wer-wird-den-thc-gehalt-im-blut-der-fahrer-messen-wenn-die-abgeordneten-das-neue-gesetz-verabschieden-und-wie%2F|title:Eslovenia%3A%20%C2%BFQui%C3%A9n%20medir%C3%A1%20el%20contenido%20de%20THC%20en%20la%20sangre%20de%20los%20conductores%20una%20vez%20que%20los%20diputados%20aprueben%20la%20nueva%20ley%2C%20y%20c%C3%B3mo%3F\u00bb][\/vc_column][vc_column css_animation=\u00bbslideInUp\u00bb width=\u00bb1\/3&#8243; el_class=\u00bbicon-box\u00bb xs_spacing=\u00bbmargin_top:10;margin_right:10;margin_left:10&#8243; sm_spacing=\u00bbmargin_top:10;margin_right:10;margin_left:10&#8243;][tm_spacer size=\u00bblg:20&#8243;][tm_heading custom_google_font=\u00bb\u00bb animation=\u00bbnone\u00bb text=\u00bbNoticias\u00bb link=\u00bbhttps:\/\/www.securetec.net\/es\/empresa\/noticias\/\u00bb][tm_blog gutter=\u00bb30&#8243; animation=\u00bbnone\u00bb number=\u00bb1&#8243; taxonomies=\u00bbcategory:home\u00bb][\/vc_column][vc_column css_animation=\u00bbslideInUp\u00bb width=\u00bb1\/3&#8243; el_class=\u00bbicon-box\u00bb sm_spacing=\u00bbmargin_top:10;margin_right:10;margin_left:10&#8243;][tm_spacer size=\u00bblg:20&#8243;][tm_heading custom_google_font=\u00bb\u00bb animation=\u00bbnone\u00bb text=\u00bbSocial Media\u00bb][vc_column_text]<code><p><a href=\"https:\/\/www.instagram.com\/p\/CskysnxsLLE\/?hl=de\" target=\"_blank\" rel=\"noopener\"><img decoding=\"async\" class=\"aligncenter wp-image-14614 size-large\" src=\"https:\/\/www.securetec.net\/app\/uploads\/2023\/07\/instagram-kacheln-800px-220523-EN-lock-key-1-1024x1024.jpg\" alt=\"\" width=\"640\" height=\"640\" srcset=\"https:\/\/www.securetec.net\/app\/uploads\/2023\/07\/instagram-kacheln-800px-220523-EN-lock-key-1-1024x1024.jpg 1024w, https:\/\/www.securetec.net\/app\/uploads\/2023\/07\/instagram-kacheln-800px-220523-EN-lock-key-1-300x300.jpg 300w, https:\/\/www.securetec.net\/app\/uploads\/2023\/07\/instagram-kacheln-800px-220523-EN-lock-key-1-150x150.jpg 150w, https:\/\/www.securetec.net\/app\/uploads\/2023\/07\/instagram-kacheln-800px-220523-EN-lock-key-1-768x768.jpg 768w, https:\/\/www.securetec.net\/app\/uploads\/2023\/07\/instagram-kacheln-800px-220523-EN-lock-key-1-1536x1536.jpg 1536w, https:\/\/www.securetec.net\/app\/uploads\/2023\/07\/instagram-kacheln-800px-220523-EN-lock-key-1.jpg 1667w\" sizes=\"(max-width: 640px) 100vw, 640px\" \/><\/a><\/p>\n<h3 style=\"text-align: left;\"><a href=\"https:\/\/www.instagram.com\/p\/CskysnxsLLE\/?hl=de\" target=\"_blank\" rel=\"noopener\"><img decoding=\"async\" class=\"alignnone wp-image-14608\" style=\"margin-right: 20px;\" src=\"https:\/\/www.securetec.net\/app\/uploads\/2023\/07\/instagram-icon.png\" alt=\"\" width=\"35\" height=\"35\" srcset=\"https:\/\/www.securetec.net\/app\/uploads\/2023\/07\/instagram-icon.png 1200w, https:\/\/www.securetec.net\/app\/uploads\/2023\/07\/instagram-icon-300x300.png 300w, https:\/\/www.securetec.net\/app\/uploads\/2023\/07\/instagram-icon-1024x1024.png 1024w, https:\/\/www.securetec.net\/app\/uploads\/2023\/07\/instagram-icon-150x150.png 150w, https:\/\/www.securetec.net\/app\/uploads\/2023\/07\/instagram-icon-768x767.png 768w\" sizes=\"(max-width: 35px) 100vw, 35px\" \/>drugwipe<\/a><\/h3>\n<\/code>[\/vc_column_text][tm_spacer size=\u00bblg:20&#8243;][\/vc_column][\/vc_row]<\/p>\n<\/div>","protected":false},"excerpt":{"rendered":"[vc_row css_animation=\u00bbnone\u00bb lg_spacing=\u00bbmargin_top:40;margin_bottom:50&#8243; md_spacing=\u00bbmargin_top:35&#8243; sm_spacing=\u00bbmargin_top:30;margin_bottom:40&#8243; xs_spacing=\u00bbmargin_top:30;margin_bottom:25&#8243;][vc_column width=\u00bb1\/6&#8243;][\/vc_column][vc_column width=\u00bb2\/3&#8243;][tm_heading tag=\u00bbh1&#8243; custom_google_font=\u00bb\u00bb google_fonts=\u00bbfont_family:Open%20Sans%3A300%2C300italic%2Cregular%2Citalic%2C600%2C600italic%2C700%2C700italic%2C800%2C800italic|font_style:600%20bold%20regular%3A600%3Anormal\u00bb text_color=\u00bbprimary_color\u00bb text=\u00bbWe detect to protect\u00bb][vc_column_text css=\u00bb\u00bb] Somos fabricantes del test de drogas r\u00e1pido DrugWipe\u00ae, utilizado a nivel mundial por polic\u00eda y personal de aduanas, y contamos con 30 a\u00f1os de dilatada experiencia en desarrollo en el campo de la tecnolog\u00eda de flujo lateral. [\/vc_column_text][\/vc_column][vc_column width=\u00bb1\/6&#8243;][\/vc_column][\/vc_row][vc_row equal_height=\u00bbyes\u00bb css_animation=\u00bbnone\u00bb column_separator=\u00bb01&#8243; lg_spacing=\u00bbmargin_bottom:60&#8243; md_spacing=\u00bbmargin_bottom:55&#8243; sm_spacing=\u00bbmargin_bottom:50&#8243; xs_spacing=\u00bbmargin_top:10;margin_right:10;margin_bottom:40;margin_left:10&#8243;][vc_column css_animation=\u00bbslideInUp\u00bb width=\u00bb1\/3&#8243; el_class=\u00bbicon-box\u00bb xs_spacing=\u00bbmargin_top:10;margin_right:10;margin_left:10&#8243; sm_spacing=\u00bbmargin_top:10;margin_right:10;margin_left:10&#8243;][tm_spacer size=\u00bblg:20&#8243;][tm_heading custom_google_font=\u00bb\u00bb animation=\u00bbnone\u00bb text=\u00bbDrugwipe en los medios\u00bb link=\u00bbhttps:\/\/www.securetec.net\/es\/empresa\/noticias\/drugwipe-en-los-medios\/\u00bb][tm_box_icon el_class=\u00bbhome-video pt-0&#8243; button_color=\u00bbprimary\u00bb heading=\u00bbEslovenia: \u00bfQui\u00e9n medir\u00e1 el contenido de THC en la sangre de los conductores una vez que los diputados aprueben la nueva ley, y c\u00f3mo?\u00bb link=\u00bburl:https%3A%2F%2Fwww.securetec.net%2Fes%2Fslowenien-wer-wird-den-thc-gehalt-im-blut-der-fahrer-messen-wenn-die-abgeordneten-das-neue-gesetz-verabschieden-und-wie%2F|title:Eslovenia%3A%20%C2%BFQui%C3%A9n%20medir%C3%A1%20el%20contenido%20de%20THC%20en%20la%20sangre%20de%20los%20conductores%20una%20vez%20que%20los%20diputados%20aprueben%20la%20nueva%20ley%2C%20y%20c%C3%B3mo%3F\u00bb text=\u00bbEl peri\u00f3dico Ve\u010der analiza la posible legalizaci\u00f3n de THC en Eslovenia y su influencia en la seguridad del tr\u00e1fico rodado. En Eslovenia se utiliza el DrugWipe 6 S, que puede detectar hasta 6 grupos de drogas (incl. THC) en la saliva en tan solo unos minutos. De esta manera, la polic\u00eda puede retirar de la carretera a los conductores que se encuentren bajo los efectos de las drogas durante los controles de tr\u00e1fico.\u00bb box_link=\u00bburl:https%3A%2F%2Fwww.securetec.net%2Fes%2Fslowenien-wer-wird-den-thc-gehalt-im-blut-der-fahrer-messen-wenn-die-abgeordneten-das-neue-gesetz-verabschieden-und-wie%2F|title:Eslovenia%3A%20%C2%BFQui%C3%A9n%20medir%C3%A1%20el%20contenido%20de%20THC%20en%20la%20sangre%20de%20los%20conductores%20una%20vez%20que%20los%20diputados%20aprueben%20la%20nueva%20ley%2C%20y%20c%C3%B3mo%3F\u00bb][\/vc_column][vc_column css_animation=\u00bbslideInUp\u00bb width=\u00bb1\/3&#8243; el_class=\u00bbicon-box\u00bb xs_spacing=\u00bbmargin_top:10;margin_right:10;margin_left:10&#8243; sm_spacing=\u00bbmargin_top:10;margin_right:10;margin_left:10&#8243;][tm_spacer size=\u00bblg:20&#8243;][tm_heading custom_google_font=\u00bb\u00bb animation=\u00bbnone\u00bb text=\u00bbNoticias\u00bb link=\u00bbhttps:\/\/www.securetec.net\/es\/empresa\/noticias\/\u00bb][tm_blog gutter=\u00bb30&#8243; animation=\u00bbnone\u00bb number=\u00bb1&#8243; taxonomies=\u00bbcategory:home\u00bb][\/vc_column][vc_column css_animation=\u00bbslideInUp\u00bb width=\u00bb1\/3&#8243; el_class=\u00bbicon-box\u00bb sm_spacing=\u00bbmargin_top:10;margin_right:10;margin_left:10&#8243;][tm_spacer size=\u00bblg:20&#8243;][tm_heading custom_google_font=\u00bb\u00bb animation=\u00bbnone\u00bb text=\u00bbSocial Media\u00bb][vc_column_text][\/vc_column_text][tm_spacer size=\u00bblg:20&#8243;][\/vc_column][\/vc_row]","protected":false},"author":6,"featured_media":0,"parent":0,"menu_order":0,"comment_status":"closed","ping_status":"closed","template":"","meta":{"footnotes":""},"class_list":["post-8063","page","type-page","status-publish","hentry"],"yoast_head":"<!-- This site is optimized with the Yoast SEO plugin v25.6 - https:\/\/yoast.com\/wordpress\/plugins\/seo\/ -->\n<title>Home - Securetec Detektions-Systeme AG<\/title>\n<meta name=\"robots\" content=\"index, follow, max-snippet:-1, max-image-preview:large, max-video-preview:-1\" \/>\n<link rel=\"canonical\" href=\"https:\/\/www.securetec.net\/es\/\" \/>\n<meta property=\"og:locale\" content=\"es_ES\" \/>\n<meta property=\"og:type\" content=\"article\" \/>\n<meta property=\"og:title\" content=\"Home - Securetec Detektions-Systeme AG\" \/>\n<meta property=\"og:url\" content=\"https:\/\/www.securetec.net\/es\/\" \/>\n<meta property=\"og:site_name\" content=\"Securetec Detektions-Systeme AG\" \/>\n<meta property=\"article:modified_time\" content=\"2025-08-18T10:34:43+00:00\" \/>\n<meta name=\"twitter:card\" content=\"summary_large_image\" \/>\n<meta name=\"twitter:site\" content=\"@DrugWipeUK\" \/>\n<meta name=\"twitter:label1\" content=\"Est. reading time\" \/>\n\t<meta name=\"twitter:data1\" content=\"1 minuto\" \/>\n<script type=\"application\/ld+json\" class=\"yoast-schema-graph\">{\"@context\":\"https:\/\/schema.org\",\"@graph\":[{\"@type\":\"WebPage\",\"@id\":\"https:\/\/www.securetec.net\/es\/\",\"url\":\"https:\/\/www.securetec.net\/es\/\",\"name\":\"Home - Securetec Detektions-Systeme AG\",\"isPartOf\":{\"@id\":\"https:\/\/www.securetec.net\/es\/#website\"},\"datePublished\":\"2018-12-04T15:03:20+00:00\",\"dateModified\":\"2025-08-18T10:34:43+00:00\",\"breadcrumb\":{\"@id\":\"https:\/\/www.securetec.net\/es\/#breadcrumb\"},\"inLanguage\":\"es\",\"potentialAction\":[{\"@type\":\"ReadAction\",\"target\":[\"https:\/\/www.securetec.net\/es\/\"]}]},{\"@type\":\"BreadcrumbList\",\"@id\":\"https:\/\/www.securetec.net\/es\/#breadcrumb\",\"itemListElement\":[{\"@type\":\"ListItem\",\"position\":1,\"name\":\"Startseite\",\"item\":\"https:\/\/www.securetec.net\/es\/\"},{\"@type\":\"ListItem\",\"position\":2,\"name\":\"Home\"}]},{\"@type\":\"WebSite\",\"@id\":\"https:\/\/www.securetec.net\/es\/#website\",\"url\":\"https:\/\/www.securetec.net\/es\/\",\"name\":\"Securetec Detektions-Systeme AG\",\"description\":\"We detect to protect\",\"publisher\":{\"@id\":\"https:\/\/www.securetec.net\/es\/#organization\"},\"potentialAction\":[{\"@type\":\"SearchAction\",\"target\":{\"@type\":\"EntryPoint\",\"urlTemplate\":\"https:\/\/www.securetec.net\/es\/?s={search_term_string}\"},\"query-input\":{\"@type\":\"PropertyValueSpecification\",\"valueRequired\":true,\"valueName\":\"search_term_string\"}}],\"inLanguage\":\"es\"},{\"@type\":\"Organization\",\"@id\":\"https:\/\/www.securetec.net\/es\/#organization\",\"name\":\"Securetec Detektions-Systeme AG\",\"url\":\"https:\/\/www.securetec.net\/es\/\",\"logo\":{\"@type\":\"ImageObject\",\"inLanguage\":\"es\",\"@id\":\"https:\/\/www.securetec.net\/es\/#\/schema\/logo\/image\/\",\"url\":\"https:\/\/www.securetec.net\/app\/uploads\/2018\/07\/Securetec_Logo_.png\",\"contentUrl\":\"https:\/\/www.securetec.net\/app\/uploads\/2018\/07\/Securetec_Logo_.png\",\"width\":411,\"height\":189,\"caption\":\"Securetec Detektions-Systeme AG\"},\"image\":{\"@id\":\"https:\/\/www.securetec.net\/es\/#\/schema\/logo\/image\/\"},\"sameAs\":[\"https:\/\/x.com\/DrugWipeUK\",\"https:\/\/www.linkedin.com\/company\/securetec\",\"https:\/\/www.youtube.com\/channel\/UCP9jQA-TYhtqanhaooppMqw\"]}]}<\/script>\n<!-- \/ Yoast SEO plugin. -->","yoast_head_json":{"title":"Home - Securetec Detektions-Systeme AG","robots":{"index":"index","follow":"follow","max-snippet":"max-snippet:-1","max-image-preview":"max-image-preview:large","max-video-preview":"max-video-preview:-1"},"canonical":"https:\/\/www.securetec.net\/es\/","og_locale":"es_ES","og_type":"article","og_title":"Home - Securetec Detektions-Systeme AG","og_url":"https:\/\/www.securetec.net\/es\/","og_site_name":"Securetec Detektions-Systeme AG","article_modified_time":"2025-08-18T10:34:43+00:00","twitter_card":"summary_large_image","twitter_site":"@DrugWipeUK","twitter_misc":{"Est. reading time":"1 minuto"},"schema":{"@context":"https:\/\/schema.org","@graph":[{"@type":"WebPage","@id":"https:\/\/www.securetec.net\/es\/","url":"https:\/\/www.securetec.net\/es\/","name":"Home - Securetec Detektions-Systeme AG","isPartOf":{"@id":"https:\/\/www.securetec.net\/es\/#website"},"datePublished":"2018-12-04T15:03:20+00:00","dateModified":"2025-08-18T10:34:43+00:00","breadcrumb":{"@id":"https:\/\/www.securetec.net\/es\/#breadcrumb"},"inLanguage":"es","potentialAction":[{"@type":"ReadAction","target":["https:\/\/www.securetec.net\/es\/"]}]},{"@type":"BreadcrumbList","@id":"https:\/\/www.securetec.net\/es\/#breadcrumb","itemListElement":[{"@type":"ListItem","position":1,"name":"Startseite","item":"https:\/\/www.securetec.net\/es\/"},{"@type":"ListItem","position":2,"name":"Home"}]},{"@type":"WebSite","@id":"https:\/\/www.securetec.net\/es\/#website","url":"https:\/\/www.securetec.net\/es\/","name":"Securetec Detektions-Systeme AG","description":"We detect to protect","publisher":{"@id":"https:\/\/www.securetec.net\/es\/#organization"},"potentialAction":[{"@type":"SearchAction","target":{"@type":"EntryPoint","urlTemplate":"https:\/\/www.securetec.net\/es\/?s={search_term_string}"},"query-input":{"@type":"PropertyValueSpecification","valueRequired":true,"valueName":"search_term_string"}}],"inLanguage":"es"},{"@type":"Organization","@id":"https:\/\/www.securetec.net\/es\/#organization","name":"Securetec Detektions-Systeme AG","url":"https:\/\/www.securetec.net\/es\/","logo":{"@type":"ImageObject","inLanguage":"es","@id":"https:\/\/www.securetec.net\/es\/#\/schema\/logo\/image\/","url":"https:\/\/www.securetec.net\/app\/uploads\/2018\/07\/Securetec_Logo_.png","contentUrl":"https:\/\/www.securetec.net\/app\/uploads\/2018\/07\/Securetec_Logo_.png","width":411,"height":189,"caption":"Securetec Detektions-Systeme AG"},"image":{"@id":"https:\/\/www.securetec.net\/es\/#\/schema\/logo\/image\/"},"sameAs":["https:\/\/x.com\/DrugWipeUK","https:\/\/www.linkedin.com\/company\/securetec","https:\/\/www.youtube.com\/channel\/UCP9jQA-TYhtqanhaooppMqw"]}]}},"_links":{"self":[{"href":"https:\/\/www.securetec.net\/es\/wp-json\/wp\/v2\/pages\/8063","targetHints":{"allow":["GET"]}}],"collection":[{"href":"https:\/\/www.securetec.net\/es\/wp-json\/wp\/v2\/pages"}],"about":[{"href":"https:\/\/www.securetec.net\/es\/wp-json\/wp\/v2\/types\/page"}],"author":[{"embeddable":true,"href":"https:\/\/www.securetec.net\/es\/wp-json\/wp\/v2\/users\/6"}],"replies":[{"embeddable":true,"href":"https:\/\/www.securetec.net\/es\/wp-json\/wp\/v2\/comments?post=8063"}],"version-history":[{"count":55,"href":"https:\/\/www.securetec.net\/es\/wp-json\/wp\/v2\/pages\/8063\/revisions"}],"predecessor-version":[{"id":16579,"href":"https:\/\/www.securetec.net\/es\/wp-json\/wp\/v2\/pages\/8063\/revisions\/16579"}],"wp:attachment":[{"href":"https:\/\/www.securetec.net\/es\/wp-json\/wp\/v2\/media?parent=8063"}],"curies":[{"name":"wp","href":"https:\/\/api.w.org\/{rel}","templated":true}]}}