{"id":7723,"date":"2018-11-26T11:45:29","date_gmt":"2018-11-26T10:45:29","guid":{"rendered":"https:\/\/www.securetec.net\/?page_id=7723"},"modified":"2025-08-06T08:18:15","modified_gmt":"2025-08-06T06:18:15","slug":"resumen-de-tests-de-drogas","status":"publish","type":"page","link":"https:\/\/www.securetec.net\/es\/resumen-de-tests-de-drogas\/","title":{"rendered":"Resumen de tests de drogas"},"content":{"rendered":"<div class=\"wpb-content-wrapper\"><p>[vc_row css_animation=\u00bbslideInUp\u00bb lg_spacing=\u00bbmargin_top:40;padding_top:0;padding_bottom:40&#8243;][vc_column][tm_heading tag=\u00bbh1&#8243; custom_google_font=\u00bb\u00bb animation=\u00bbnone\u00bb text=\u00bbResumen de tests de drogas\u00bb][vc_column_text]<\/p>\n<p style=\"text-align: center;\">Securetec proporciona un soporte \u00f3ptimo para la detecci\u00f3n eficaz de drogas. Nuestros clientes valoran especialmente el test de drogas DrugWipe<sup>\u00ae<\/sup>\u00a0por su f\u00e1cil manejo y su dise\u00f1o exclusivo para un volumen de muestra m\u00ednimo.\u00a0Los tests para la detecci\u00f3n r\u00e1pida de drogas DrugWipe<sup>\u00ae<\/sup>\u00a0se utilizan actualmente en m\u00e1s de 30\u00a0pa\u00edses de todos los continentes (consulte nuestros\u00a0Hitos empresariales), y\u00a0contribuyen a mejorar la seguridad vial y a detectar la conducci\u00f3n bajo los efectos de las drogas.<\/p>\n<p>[\/vc_column_text][\/vc_column][\/vc_row][vc_row css_animation=\u00bbslideInUp\u00bb][vc_column][tm_heading custom_google_font=\u00bb\u00bb animation=\u00bbnone\u00bb text=\u00bbVentajas del test de drogas DrugWipe\u00ae\u00bb css=\u00bb.vc_custom_1543577238244{margin-bottom: 20px !important;}\u00bb][vc_column_text]<\/p>\n<ul>\n<li>Certeza en la detecci\u00f3n del consumo de drogas: fiabilidad global por encima del\u00a095%<\/li>\n<li>Resultados del test m\u00e1s r\u00e1pidos: an\u00e1lisis en 3\u00a0minutos, hasta un m\u00e1ximo de 5<\/li>\n<li>Lectura f\u00e1cil: se muestran l\u00edneas de resultados distintivas en caso de consumo de drogas<\/li>\n<\/ul>\n<h3>Rango de productos de tests de drogas y soluciones de sistemas para la detecci\u00f3n de drogas:<\/h3>\n<p>[\/vc_column_text][\/vc_column][\/vc_row][vc_row css_animation=\u00bbslideInUp\u00bb lg_spacing=\u00bbmargin_top:40&#8243;][vc_column width=\u00bb1\/4&#8243;][\/vc_column][vc_column width=\u00bb1\/2&#8243;][\/vc_column][vc_column width=\u00bb1\/4&#8243;][\/vc_column][\/vc_row][vc_row css_animation=\u00bbslideInUp\u00bb lg_spacing=\u00bbmargin_top:40&#8243;][vc_column][vc_basic_grid post_type=\u00bbsec_produkte\u00bb max_items=\u00bb9&#8243; style=\u00bbload-more\u00bb items_per_page=\u00bb9&#8243; show_filter=\u00bbyes\u00bb orderby=\u00bbmodified\u00bb order=\u00bbASC\u00bb filter_color=\u00bbwhite\u00bb filter_size=\u00bbxs\u00bb initial_loading_animation=\u00bbslideInUp\u00bb css=\u00bb.vc_custom_1726129660892{margin-bottom: 10px !important;}\u00bb btn_title=\u00bb\u00bb btn_style=\u00bboutline\u00bb btn_color=\u00bbprimary\u00bb btn_align=\u00bbcenter\u00bb grid_id=\u00bbvc_gid:1754461077082-6953c63b-bc7f-3&#8243; taxonomies=\u00bb67&#8243; el_class=\u00bbpost-grid-products\u00bb filter_source=\u00bbportfolio_tags\u00bb][\/vc_column][\/vc_row][vc_row][vc_column][tm_heading custom_google_font=\u00bb\u00bb animation=\u00bbnone\u00bb text=\u00bbSoluciones de sistemas para la detecci\u00f3n de drogas\u00bb css=\u00bb.vc_custom_1543577966128{margin-bottom: 20px !important;}\u00bb][vc_column_text css=\u00bb.vc_custom_1543577980045{margin-bottom: 45px !important;}\u00bb]<\/p>\n<p style=\"text-align: center;\">Desarrollamos sistemas de test personalizados conjuntamente con nuestros clientes a partir de nuestra red de instituciones y empresas profesionales asociadas.<\/p>\n<p style=\"text-align: center;\">A continuaci\u00f3n se muestran los instrumentos y sistemas para la detecci\u00f3n de drogas o la evaluaci\u00f3n electr\u00f3nica de tests de drogas:<\/p>\n<p>[\/vc_column_text][vc_basic_grid post_type=\u00bbsec_produkte\u00bb max_items=\u00bb10&#8243; show_filter=\u00bbyes\u00bb filter_size=\u00bbxs\u00bb css=\u00bb.vc_custom_1539033205656{margin-bottom: 30px !important;}\u00bb grid_id=\u00bbvc_gid:1754461077082-45530603-0008-4&#8243; taxonomies=\u00bb66&#8243; filter_source=\u00bbportfolio_tags\u00bb][\/vc_column][\/vc_row][vc_row][vc_column][tm_heading custom_google_font=\u00bb\u00bb animation=\u00bbnone\u00bb text=\u00bbOtros tests de detecci\u00f3n r\u00e1pida de drogas\u00bb css=\u00bb.vc_custom_1543577918840{margin-bottom: 20px !important;}\u00bb][vc_column_text css=\u00bb.vc_custom_1754461092146{margin-bottom: 45px !important;}\u00bb]<\/p>\n<p style=\"text-align: center;\">Las sustancias no conocidas, como la coca\u00edna, se detectan de forma r\u00e1pida y espec\u00edfica mediante el test de sustancias DrugID<sup>\u00ae<\/sup>.<\/p>\n<p>[\/vc_column_text][vc_basic_grid post_type=\u00bbsec_produkte\u00bb max_items=\u00bb1&#8243; show_filter=\u00bbyes\u00bb filter_size=\u00bbsm\u00bb css=\u00bb.vc_custom_1753957265592{margin-bottom: 30px !important;}\u00bb grid_id=\u00bbvc_gid:1754461077083-01715faf-f7ac-6&#8243; taxonomies=\u00bb68&#8243; filter_source=\u00bbportfolio_tags\u00bb][\/vc_column][\/vc_row]<\/p>\n<\/div>","protected":false},"excerpt":{"rendered":"[vc_row css_animation=\u00bbslideInUp\u00bb lg_spacing=\u00bbmargin_top:40;padding_top:0;padding_bottom:40&#8243;][vc_column][tm_heading tag=\u00bbh1&#8243; custom_google_font=\u00bb\u00bb animation=\u00bbnone\u00bb text=\u00bbResumen de tests de drogas\u00bb][vc_column_text] Securetec proporciona un soporte \u00f3ptimo para la detecci\u00f3n eficaz de drogas. Nuestros clientes valoran especialmente el test de drogas DrugWipe\u00ae\u00a0por su f\u00e1cil manejo y su dise\u00f1o exclusivo para un volumen de muestra m\u00ednimo.\u00a0Los tests para la detecci\u00f3n r\u00e1pida de drogas DrugWipe\u00ae\u00a0se utilizan actualmente en m\u00e1s de 30\u00a0pa\u00edses de todos los continentes (consulte nuestros\u00a0Hitos empresariales), y\u00a0contribuyen a mejorar la seguridad vial y a detectar la conducci\u00f3n bajo los efectos de las drogas. [\/vc_column_text][\/vc_column][\/vc_row][vc_row css_animation=\u00bbslideInUp\u00bb][vc_column][tm_heading custom_google_font=\u00bb\u00bb animation=\u00bbnone\u00bb text=\u00bbVentajas del test de drogas DrugWipe\u00ae\u00bb css=\u00bb.vc_custom_1543577238244{margin-bottom: 20px !important;}\u00bb][vc_column_text] Certeza en la detecci\u00f3n del consumo de drogas: fiabilidad global por encima del\u00a095% Resultados del test m\u00e1s r\u00e1pidos: an\u00e1lisis en 3\u00a0minutos, hasta un m\u00e1ximo de 5 Lectura f\u00e1cil: se muestran l\u00edneas de resultados distintivas en caso de consumo de drogas Rango de productos de tests de drogas y soluciones de sistemas para la detecci\u00f3n de drogas: [\/vc_column_text][\/vc_column][\/vc_row][vc_row css_animation=\u00bbslideInUp\u00bb lg_spacing=\u00bbmargin_top:40&#8243;][vc_column width=\u00bb1\/4&#8243;][\/vc_column][vc_column width=\u00bb1\/2&#8243;][\/vc_column][vc_column width=\u00bb1\/4&#8243;][\/vc_column][\/vc_row][vc_row css_animation=\u00bbslideInUp\u00bb lg_spacing=\u00bbmargin_top:40&#8243;][vc_column][vc_basic_grid post_type=\u00bbsec_produkte\u00bb max_items=\u00bb9&#8243; style=\u00bbload-more\u00bb items_per_page=\u00bb9&#8243; show_filter=\u00bbyes\u00bb orderby=\u00bbmodified\u00bb order=\u00bbASC\u00bb filter_color=\u00bbwhite\u00bb filter_size=\u00bbxs\u00bb initial_loading_animation=\u00bbslideInUp\u00bb css=\u00bb.vc_custom_1726129660892{margin-bottom: 10px !important;}\u00bb btn_title=\u00bb\u00bb btn_style=\u00bboutline\u00bb btn_color=\u00bbprimary\u00bb btn_align=\u00bbcenter\u00bb grid_id=\u00bbvc_gid:1754461077082-6953c63b-bc7f-3&#8243; taxonomies=\u00bb67&#8243; el_class=\u00bbpost-grid-products\u00bb filter_source=\u00bbportfolio_tags\u00bb][\/vc_column][\/vc_row][vc_row][vc_column][tm_heading custom_google_font=\u00bb\u00bb animation=\u00bbnone\u00bb text=\u00bbSoluciones de sistemas para la detecci\u00f3n de drogas\u00bb css=\u00bb.vc_custom_1543577966128{margin-bottom: 20px !important;}\u00bb][vc_column_text css=\u00bb.vc_custom_1543577980045{margin-bottom: 45px !important;}\u00bb] Desarrollamos sistemas de test personalizados conjuntamente con nuestros clientes a partir de nuestra red de instituciones y empresas profesionales asociadas. A continuaci\u00f3n se muestran los instrumentos y sistemas para la detecci\u00f3n de drogas o la evaluaci\u00f3n electr\u00f3nica de tests de drogas: [\/vc_column_text][vc_basic_grid post_type=\u00bbsec_produkte\u00bb max_items=\u00bb10&#8243; show_filter=\u00bbyes\u00bb filter_size=\u00bbxs\u00bb css=\u00bb.vc_custom_1539033205656{margin-bottom: 30px !important;}\u00bb grid_id=\u00bbvc_gid:1754461077082-45530603-0008-4&#8243; taxonomies=\u00bb66&#8243; filter_source=\u00bbportfolio_tags\u00bb][\/vc_column][\/vc_row][vc_row][vc_column][tm_heading custom_google_font=\u00bb\u00bb animation=\u00bbnone\u00bb text=\u00bbOtros tests de detecci\u00f3n r\u00e1pida de drogas\u00bb css=\u00bb.vc_custom_1543577918840{margin-bottom: 20px !important;}\u00bb][vc_column_text css=\u00bb.vc_custom_1754461092146{margin-bottom: 45px !important;}\u00bb] Las sustancias no conocidas, como la coca\u00edna, se detectan de forma r\u00e1pida y espec\u00edfica mediante el test de sustancias DrugID\u00ae. [\/vc_column_text][vc_basic_grid post_type=\u00bbsec_produkte\u00bb max_items=\u00bb1&#8243; show_filter=\u00bbyes\u00bb filter_size=\u00bbsm\u00bb css=\u00bb.vc_custom_1753957265592{margin-bottom: 30px !important;}\u00bb grid_id=\u00bbvc_gid:1754461077083-01715faf-f7ac-6&#8243; taxonomies=\u00bb68&#8243; filter_source=\u00bbportfolio_tags\u00bb][\/vc_column][\/vc_row]","protected":false},"author":6,"featured_media":0,"parent":0,"menu_order":0,"comment_status":"closed","ping_status":"closed","template":"templates\/products.php","meta":{"footnotes":""},"class_list":["post-7723","page","type-page","status-publish","hentry"],"yoast_head":"<!-- This site is optimized with the Yoast SEO plugin v25.6 - https:\/\/yoast.com\/wordpress\/plugins\/seo\/ -->\n<title>Resumen de tests de drogas - Securetec Detektions-Systeme AG<\/title>\n<meta name=\"robots\" content=\"index, follow, max-snippet:-1, max-image-preview:large, max-video-preview:-1\" \/>\n<link rel=\"canonical\" href=\"https:\/\/www.securetec.net\/es\/resumen-de-tests-de-drogas\/\" \/>\n<meta property=\"og:locale\" content=\"es_ES\" \/>\n<meta property=\"og:type\" content=\"article\" \/>\n<meta property=\"og:title\" content=\"Resumen de tests de drogas - Securetec Detektions-Systeme AG\" \/>\n<meta property=\"og:url\" content=\"https:\/\/www.securetec.net\/es\/resumen-de-tests-de-drogas\/\" \/>\n<meta property=\"og:site_name\" content=\"Securetec Detektions-Systeme AG\" \/>\n<meta property=\"article:modified_time\" content=\"2025-08-06T06:18:15+00:00\" \/>\n<meta name=\"twitter:card\" content=\"summary_large_image\" \/>\n<meta name=\"twitter:site\" content=\"@DrugWipeUK\" \/>\n<meta name=\"twitter:label1\" content=\"Est. reading time\" \/>\n\t<meta name=\"twitter:data1\" content=\"3 minutos\" \/>\n<script type=\"application\/ld+json\" class=\"yoast-schema-graph\">{\"@context\":\"https:\/\/schema.org\",\"@graph\":[{\"@type\":\"WebPage\",\"@id\":\"https:\/\/www.securetec.net\/es\/resumen-de-tests-de-drogas\/\",\"url\":\"https:\/\/www.securetec.net\/es\/resumen-de-tests-de-drogas\/\",\"name\":\"Resumen de tests de drogas - Securetec Detektions-Systeme AG\",\"isPartOf\":{\"@id\":\"https:\/\/www.securetec.net\/es\/#website\"},\"datePublished\":\"2018-11-26T10:45:29+00:00\",\"dateModified\":\"2025-08-06T06:18:15+00:00\",\"breadcrumb\":{\"@id\":\"https:\/\/www.securetec.net\/es\/resumen-de-tests-de-drogas\/#breadcrumb\"},\"inLanguage\":\"es\",\"potentialAction\":[{\"@type\":\"ReadAction\",\"target\":[\"https:\/\/www.securetec.net\/es\/resumen-de-tests-de-drogas\/\"]}]},{\"@type\":\"BreadcrumbList\",\"@id\":\"https:\/\/www.securetec.net\/es\/resumen-de-tests-de-drogas\/#breadcrumb\",\"itemListElement\":[{\"@type\":\"ListItem\",\"position\":1,\"name\":\"Startseite\",\"item\":\"https:\/\/www.securetec.net\/es\/\"},{\"@type\":\"ListItem\",\"position\":2,\"name\":\"Resumen de tests de drogas\"}]},{\"@type\":\"WebSite\",\"@id\":\"https:\/\/www.securetec.net\/es\/#website\",\"url\":\"https:\/\/www.securetec.net\/es\/\",\"name\":\"Securetec Detektions-Systeme AG\",\"description\":\"We detect to protect\",\"publisher\":{\"@id\":\"https:\/\/www.securetec.net\/es\/#organization\"},\"potentialAction\":[{\"@type\":\"SearchAction\",\"target\":{\"@type\":\"EntryPoint\",\"urlTemplate\":\"https:\/\/www.securetec.net\/es\/?s={search_term_string}\"},\"query-input\":{\"@type\":\"PropertyValueSpecification\",\"valueRequired\":true,\"valueName\":\"search_term_string\"}}],\"inLanguage\":\"es\"},{\"@type\":\"Organization\",\"@id\":\"https:\/\/www.securetec.net\/es\/#organization\",\"name\":\"Securetec Detektions-Systeme AG\",\"url\":\"https:\/\/www.securetec.net\/es\/\",\"logo\":{\"@type\":\"ImageObject\",\"inLanguage\":\"es\",\"@id\":\"https:\/\/www.securetec.net\/es\/#\/schema\/logo\/image\/\",\"url\":\"https:\/\/www.securetec.net\/app\/uploads\/2018\/07\/Securetec_Logo_.png\",\"contentUrl\":\"https:\/\/www.securetec.net\/app\/uploads\/2018\/07\/Securetec_Logo_.png\",\"width\":411,\"height\":189,\"caption\":\"Securetec Detektions-Systeme AG\"},\"image\":{\"@id\":\"https:\/\/www.securetec.net\/es\/#\/schema\/logo\/image\/\"},\"sameAs\":[\"https:\/\/x.com\/DrugWipeUK\",\"https:\/\/www.linkedin.com\/company\/securetec\",\"https:\/\/www.youtube.com\/channel\/UCP9jQA-TYhtqanhaooppMqw\"]}]}<\/script>\n<!-- \/ Yoast SEO plugin. -->","yoast_head_json":{"title":"Resumen de tests de drogas - Securetec Detektions-Systeme AG","robots":{"index":"index","follow":"follow","max-snippet":"max-snippet:-1","max-image-preview":"max-image-preview:large","max-video-preview":"max-video-preview:-1"},"canonical":"https:\/\/www.securetec.net\/es\/resumen-de-tests-de-drogas\/","og_locale":"es_ES","og_type":"article","og_title":"Resumen de tests de drogas - Securetec Detektions-Systeme AG","og_url":"https:\/\/www.securetec.net\/es\/resumen-de-tests-de-drogas\/","og_site_name":"Securetec Detektions-Systeme AG","article_modified_time":"2025-08-06T06:18:15+00:00","twitter_card":"summary_large_image","twitter_site":"@DrugWipeUK","twitter_misc":{"Est. reading time":"3 minutos"},"schema":{"@context":"https:\/\/schema.org","@graph":[{"@type":"WebPage","@id":"https:\/\/www.securetec.net\/es\/resumen-de-tests-de-drogas\/","url":"https:\/\/www.securetec.net\/es\/resumen-de-tests-de-drogas\/","name":"Resumen de tests de drogas - Securetec Detektions-Systeme AG","isPartOf":{"@id":"https:\/\/www.securetec.net\/es\/#website"},"datePublished":"2018-11-26T10:45:29+00:00","dateModified":"2025-08-06T06:18:15+00:00","breadcrumb":{"@id":"https:\/\/www.securetec.net\/es\/resumen-de-tests-de-drogas\/#breadcrumb"},"inLanguage":"es","potentialAction":[{"@type":"ReadAction","target":["https:\/\/www.securetec.net\/es\/resumen-de-tests-de-drogas\/"]}]},{"@type":"BreadcrumbList","@id":"https:\/\/www.securetec.net\/es\/resumen-de-tests-de-drogas\/#breadcrumb","itemListElement":[{"@type":"ListItem","position":1,"name":"Startseite","item":"https:\/\/www.securetec.net\/es\/"},{"@type":"ListItem","position":2,"name":"Resumen de tests de drogas"}]},{"@type":"WebSite","@id":"https:\/\/www.securetec.net\/es\/#website","url":"https:\/\/www.securetec.net\/es\/","name":"Securetec Detektions-Systeme AG","description":"We detect to protect","publisher":{"@id":"https:\/\/www.securetec.net\/es\/#organization"},"potentialAction":[{"@type":"SearchAction","target":{"@type":"EntryPoint","urlTemplate":"https:\/\/www.securetec.net\/es\/?s={search_term_string}"},"query-input":{"@type":"PropertyValueSpecification","valueRequired":true,"valueName":"search_term_string"}}],"inLanguage":"es"},{"@type":"Organization","@id":"https:\/\/www.securetec.net\/es\/#organization","name":"Securetec Detektions-Systeme AG","url":"https:\/\/www.securetec.net\/es\/","logo":{"@type":"ImageObject","inLanguage":"es","@id":"https:\/\/www.securetec.net\/es\/#\/schema\/logo\/image\/","url":"https:\/\/www.securetec.net\/app\/uploads\/2018\/07\/Securetec_Logo_.png","contentUrl":"https:\/\/www.securetec.net\/app\/uploads\/2018\/07\/Securetec_Logo_.png","width":411,"height":189,"caption":"Securetec Detektions-Systeme AG"},"image":{"@id":"https:\/\/www.securetec.net\/es\/#\/schema\/logo\/image\/"},"sameAs":["https:\/\/x.com\/DrugWipeUK","https:\/\/www.linkedin.com\/company\/securetec","https:\/\/www.youtube.com\/channel\/UCP9jQA-TYhtqanhaooppMqw"]}]}},"_links":{"self":[{"href":"https:\/\/www.securetec.net\/es\/wp-json\/wp\/v2\/pages\/7723","targetHints":{"allow":["GET"]}}],"collection":[{"href":"https:\/\/www.securetec.net\/es\/wp-json\/wp\/v2\/pages"}],"about":[{"href":"https:\/\/www.securetec.net\/es\/wp-json\/wp\/v2\/types\/page"}],"author":[{"embeddable":true,"href":"https:\/\/www.securetec.net\/es\/wp-json\/wp\/v2\/users\/6"}],"replies":[{"embeddable":true,"href":"https:\/\/www.securetec.net\/es\/wp-json\/wp\/v2\/comments?post=7723"}],"version-history":[{"count":15,"href":"https:\/\/www.securetec.net\/es\/wp-json\/wp\/v2\/pages\/7723\/revisions"}],"predecessor-version":[{"id":16268,"href":"https:\/\/www.securetec.net\/es\/wp-json\/wp\/v2\/pages\/7723\/revisions\/16268"}],"wp:attachment":[{"href":"https:\/\/www.securetec.net\/es\/wp-json\/wp\/v2\/media?parent=7723"}],"curies":[{"name":"wp","href":"https:\/\/api.w.org\/{rel}","templated":true}]}}