{"id":7134,"date":"2018-07-19T17:51:41","date_gmt":"2018-07-19T15:51:41","guid":{"rendered":"https:\/\/www.securetec.net\/?page_id=7134"},"modified":"2023-03-30T08:59:46","modified_gmt":"2023-03-30T06:59:46","slug":"cribados-toxicologicos-nuestra-gama-de-servicios","status":"publish","type":"page","link":"https:\/\/www.securetec.net\/es\/soluciones\/cribado-toxicologico-en-la-empresa\/cribados-toxicologicos-nuestra-gama-de-servicios\/","title":{"rendered":"Cribados toxicol\u00f3gicos \u2013 Nuestra gama de servicios"},"content":{"rendered":"<div class=\"wpb-content-wrapper\"><p>[vc_row lg_spacing=\u00bbmargin_bottom:50&#8243;][vc_column][vc_column_text]<\/p>\n<h2>C\u00f3mo reconocer los peligros que representan las drogas de\u00a0forma segura<\/h2>\n<p><strong>Tests r\u00e1pidos de drogas adaptados a situaciones delicadas<\/strong><\/p>\n<p>A diferencia del alcohol, los signos externos fiables de consumo de drogas en la empresa suelen ser dif\u00edciles de detectar. El consumo de drogas suele ser un tema tab\u00fa y su detecci\u00f3n requiere una gran atenci\u00f3n y sensibilidad. Apoyamos a empresas e instituciones con innovadores tests r\u00e1pidos de saliva para una detecci\u00f3n objetiva.[\/vc_column_text][\/vc_column][\/vc_row][vc_row][vc_column][tm_table]<\/p>\n<table style=\"border-collapse: collapse; width: 100%; height: 557px;\">\n<tbody>\n<tr style=\"height: 24px;\">\n<td style=\"width: 33.3333%; height: 24px;\"><strong>Test de saliva<\/strong><\/td>\n<td style=\"width: 32.5119%; height: 24px;\"><strong>Test para superficies\u00a0<\/strong><\/td>\n<td style=\"width: 34.1547%; height: 24px;\"><strong>Opcional: analizador para tests de saliva<\/strong><\/td>\n<\/tr>\n<tr style=\"height: 264px;\">\n<td style=\"width: 33.3333%; height: 264px;\" width=\"201\">\n<ul>\n<li>Test espec\u00edfico que detecta el consumo reciente<\/li>\n<li>Resultados en 3-8\u00a0minutos<\/li>\n<li>Evaluaci\u00f3n visual<\/li>\n<li>Toma de muestra higi\u00e9nica, r\u00e1pida y\u00a0sencilla<\/li>\n<li>Fiable y protegido contra manipulaciones<\/li>\n<li>Seg\u00fan la versi\u00f3n, detecta cannabis, coca\u00edna, opi\u00e1ceos, anfetamina\/metanfetamina, benzodiacepinas, ketamina\/PCP, buprenorfina, metadona<\/li>\n<\/ul>\n<\/td>\n<td style=\"width: 32.5119%; height: 264px;\">\n<ul>\n<li>Detecci\u00f3n fiable y segura de trazas no\u00a0visibles<\/li>\n<li>Evaluaci\u00f3n visual<\/li>\n<li>Test discreto sin contacto personal directo<\/li>\n<li>Utilizado en todo el mundo por cuerpos policiales, aduanas y\u00a0empresas<\/li>\n<li>Seg\u00fan la versi\u00f3n, detecta cannabis, coca\u00edna, opi\u00e1ceos as\u00ed como anfetamina y\u00a0metanfetamina<\/li>\n<\/ul>\n<\/td>\n<td style=\"width: 34.1547%; height: 264px;\">\n<ul>\n<li>Garantiza un resultado siempre objetivo<\/li>\n<li>Port\u00e1til y ligero<\/li>\n<li>Impresora integrada para una documentaci\u00f3n r\u00e1pida como prueba<\/li>\n<li>Registro y almacenamiento de la informaci\u00f3n necesaria, incluidas la hora y\u00a0la\u00a0fecha<\/li>\n<li>Protecci\u00f3n de datos garantizada<\/li>\n<\/ul>\n<\/td>\n<\/tr>\n<tr style=\"height: 24px;\">\n<td style=\"width: 33.3333%; height: 24px;\"><strong><a href=\"https:\/\/www.securetec.net\/es\/productos\/test-de-drogas-con-saliva-drugwipe\/\"><span style=\"color: #0000ff;\">DrugWipe<\/span><\/a><a href=\"https:\/\/www.securetec.net\/de\/produkte\/speicheltest\/\"><span style=\"color: #0000ff;\"><sup>\u00ae<\/sup><\/span><\/a><a href=\"https:\/\/www.securetec.net\/de\/produkte\/speicheltest\/\"><span style=\"color: #0000ff;\"> S<\/span><\/a><\/strong><\/td>\n<td style=\"width: 32.5119%; height: 24px;\"><a href=\"https:\/\/www.securetec.net\/es\/productos\/test-de-drogas-en-superficies-drugwipe-f\/\"><strong><span style=\"color: #0000ff;\">DrugWipe<sup>\u00ae<\/sup> F<\/span><\/strong><\/a><\/td>\n<td style=\"width: 34.1547%; height: 24px;\"><a href=\"https:\/\/www.securetec.net\/es\/productos\/wipealyser\/\"><span style=\"color: #0000ff;\"><strong>WipeAlyser<sup>\u00ae<\/sup><\/strong><\/span><\/a><\/td>\n<\/tr>\n<tr style=\"height: 221px;\">\n<td style=\"width: 33.3333%; height: 221px;\"><img decoding=\"async\" class=\"alignnone size-medium wp-image-11363\" src=\"https:\/\/www.securetec.net\/app\/uploads\/2020\/07\/MG_3189_DrugWipe_saliva_testing-300x200.jpg\" alt=\"DrugWipe Speicheltest Drogen\" width=\"300\" height=\"200\" srcset=\"https:\/\/www.securetec.net\/app\/uploads\/2020\/07\/MG_3189_DrugWipe_saliva_testing-300x200.jpg 300w, https:\/\/www.securetec.net\/app\/uploads\/2020\/07\/MG_3189_DrugWipe_saliva_testing-1024x683.jpg 1024w, https:\/\/www.securetec.net\/app\/uploads\/2020\/07\/MG_3189_DrugWipe_saliva_testing-768x512.jpg 768w, https:\/\/www.securetec.net\/app\/uploads\/2020\/07\/MG_3189_DrugWipe_saliva_testing-1536x1024.jpg 1536w, https:\/\/www.securetec.net\/app\/uploads\/2020\/07\/MG_3189_DrugWipe_saliva_testing.jpg 1680w\" sizes=\"(max-width: 300px) 100vw, 300px\" \/><\/td>\n<td style=\"width: 32.5119%; height: 221px;\"><img decoding=\"async\" class=\"alignnone size-medium wp-image-4618\" src=\"https:\/\/www.securetec.net\/app\/uploads\/2018\/08\/oberflaechentest_drogentest_dw5f_probenahme_laptop_mg_3866_300dpi_smaller-300x200.jpg\" alt=\"Oberfl\u00e4chentest Drogen\" width=\"300\" height=\"200\" srcset=\"https:\/\/www.securetec.net\/app\/uploads\/2018\/08\/oberflaechentest_drogentest_dw5f_probenahme_laptop_mg_3866_300dpi_smaller-300x200.jpg 300w, https:\/\/www.securetec.net\/app\/uploads\/2018\/08\/oberflaechentest_drogentest_dw5f_probenahme_laptop_mg_3866_300dpi_smaller-768x512.jpg 768w, https:\/\/www.securetec.net\/app\/uploads\/2018\/08\/oberflaechentest_drogentest_dw5f_probenahme_laptop_mg_3866_300dpi_smaller-1024x683.jpg 1024w, https:\/\/www.securetec.net\/app\/uploads\/2018\/08\/oberflaechentest_drogentest_dw5f_probenahme_laptop_mg_3866_300dpi_smaller.jpg 1140w\" sizes=\"(max-width: 300px) 100vw, 300px\" \/><\/td>\n<td style=\"width: 34.1547%; height: 221px;\"><img decoding=\"async\" class=\"alignnone size-medium wp-image-8104\" src=\"https:\/\/www.securetec.net\/app\/uploads\/2018\/10\/1_wipealyser_mit_drugwipe_bearbeitet_web_-1-300x200.jpg\" alt=\"Wipealyser\" width=\"300\" height=\"200\" srcset=\"https:\/\/www.securetec.net\/app\/uploads\/2018\/10\/1_wipealyser_mit_drugwipe_bearbeitet_web_-1-300x200.jpg 300w, https:\/\/www.securetec.net\/app\/uploads\/2018\/10\/1_wipealyser_mit_drugwipe_bearbeitet_web_-1-768x512.jpg 768w, https:\/\/www.securetec.net\/app\/uploads\/2018\/10\/1_wipealyser_mit_drugwipe_bearbeitet_web_-1.jpg 1000w\" sizes=\"(max-width: 300px) 100vw, 300px\" \/><\/td>\n<\/tr>\n<tr style=\"height: 24px;\">\n<td style=\"width: 33.3333%; height: 24px;\">Toma de muestra de saliva<\/td>\n<td style=\"width: 32.5119%; height: 24px;\">Toma de muestra de una\u00a0superficie<\/td>\n<td style=\"width: 34.1547%; height: 24px;\">Documentaci\u00f3n de los\u00a0resultados<\/td>\n<\/tr>\n<\/tbody>\n<\/table>\n<p>[\/tm_table][\/vc_column][\/vc_row][vc_row][vc_column][tm_spacer size=\u00bblg:30&#8243;][vc_column_text css=\u00bb.vc_custom_1680159563000{margin-bottom: 40px !important;}\u00bb]Con el correspondiente acuerdo de empresa y el consentimiento de la persona que se somete al test, un responsable de seguridad o un m\u00e9dico de la empresa puede realizar una prueba de drogas de forma r\u00e1pida, fiable e higi\u00e9nica gracias al test r\u00e1pido de drogas DrugWipe. Sencillo de utilizar, el <a href=\"https:\/\/www.securetec.net\/es\/productos\/test-de-drogas-con-saliva-drugwipe\/\">test de saliva DrugWipe<sup>\u00ae<\/sup>\u00a0S<\/a> permite detectar los estupefacientes m\u00e1s habituales de forma segura, higi\u00e9nica y\u00a0r\u00e1pida.<\/p>\n<p>Los tests de superficie ofrecen una opci\u00f3n de uso adicional para la comprobaci\u00f3n discreta de una primera sospecha. El consumo de drogas siempre deja rastros que pueden identificarse de forma inequ\u00edvoca con el <a href=\"https:\/\/www.securetec.net\/es\/productos\/test-de-drogas-en-superficies-drugwipe-f\/\">test de superficie DrugWipe<sup>\u00ae<\/sup>\u00a0F<\/a>.<\/p>\n<p>Estaremos encantados de hablar con usted con m\u00e1s detenimiento para ofrecerle informaci\u00f3n adicional o\u00a0despejar sus dudas sobre la detecci\u00f3n fiable de\u00a0drogas.<\/p>\n<p><a href=\"https:\/\/www.securetec.net\/es\/resumen-de-tests-de-drogas\/\">&gt;&gt; Tests de drogas DrugWipe<sup>\u00ae<\/sup><\/a>[\/vc_column_text][tm_spacer size=\u00bblg:30&#8243;][tm_button button=\u00bburl:https%3A%2F%2Fwww.securetec.net%2Fes%2Fcontacto%2F|title:Contacto\u00bb][\/vc_column][\/vc_row]<\/p>\n<\/div>","protected":false},"excerpt":{"rendered":"[vc_row lg_spacing=\u00bbmargin_bottom:50&#8243;][vc_column][vc_column_text] C\u00f3mo reconocer los peligros que representan las drogas de\u00a0forma segura Tests r\u00e1pidos de drogas adaptados a situaciones delicadas A diferencia del alcohol, los signos externos fiables de consumo de drogas en la empresa suelen ser dif\u00edciles de detectar. El consumo de drogas suele ser un tema tab\u00fa y su detecci\u00f3n requiere una gran atenci\u00f3n y sensibilidad. Apoyamos a empresas e instituciones con innovadores tests r\u00e1pidos de saliva para una detecci\u00f3n objetiva.[\/vc_column_text][\/vc_column][\/vc_row][vc_row][vc_column][tm_table] Test de saliva Test para superficies\u00a0 Opcional: analizador para tests de saliva Test espec\u00edfico que detecta el consumo reciente Resultados en 3-8\u00a0minutos Evaluaci\u00f3n visual Toma de muestra higi\u00e9nica, r\u00e1pida y\u00a0sencilla Fiable y protegido contra manipulaciones Seg\u00fan la versi\u00f3n, detecta cannabis, coca\u00edna, opi\u00e1ceos, anfetamina\/metanfetamina, benzodiacepinas, ketamina\/PCP, buprenorfina, metadona Detecci\u00f3n fiable y segura de trazas no\u00a0visibles Evaluaci\u00f3n visual Test discreto sin contacto personal directo Utilizado en todo el mundo por cuerpos policiales, aduanas y\u00a0empresas Seg\u00fan la versi\u00f3n, detecta cannabis, coca\u00edna, opi\u00e1ceos as\u00ed como anfetamina y\u00a0metanfetamina Garantiza un resultado siempre objetivo Port\u00e1til y ligero Impresora integrada para una documentaci\u00f3n r\u00e1pida como prueba Registro y almacenamiento de la informaci\u00f3n necesaria, incluidas la hora y\u00a0la\u00a0fecha Protecci\u00f3n de datos garantizada DrugWipe\u00ae S DrugWipe\u00ae F WipeAlyser\u00ae Toma de muestra de saliva Toma de muestra de una\u00a0superficie Documentaci\u00f3n de los\u00a0resultados [\/tm_table][\/vc_column][\/vc_row][vc_row][vc_column][tm_spacer size=\u00bblg:30&#8243;][vc_column_text css=\u00bb.vc_custom_1680159563000{margin-bottom: 40px !important;}\u00bb]Con el correspondiente acuerdo de empresa y el consentimiento de la persona que se somete al test, un responsable de seguridad o un m\u00e9dico de la empresa puede realizar una prueba de drogas de forma r\u00e1pida, fiable e higi\u00e9nica gracias al test r\u00e1pido de drogas DrugWipe. Sencillo de utilizar, el test de saliva DrugWipe\u00ae\u00a0S permite detectar los estupefacientes m\u00e1s habituales de forma segura, higi\u00e9nica y\u00a0r\u00e1pida. Los tests de superficie ofrecen una opci\u00f3n de uso adicional para la comprobaci\u00f3n discreta de una primera sospecha. El consumo de drogas siempre deja rastros que pueden identificarse de forma inequ\u00edvoca con el test de superficie DrugWipe\u00ae\u00a0F. Estaremos encantados de hablar con usted con m\u00e1s detenimiento para ofrecerle informaci\u00f3n adicional o\u00a0despejar sus dudas sobre la detecci\u00f3n fiable de\u00a0drogas. &gt;&gt; Tests de drogas DrugWipe\u00ae[\/vc_column_text][tm_spacer size=\u00bblg:30&#8243;][tm_button button=\u00bburl:https%3A%2F%2Fwww.securetec.net%2Fes%2Fcontacto%2F|title:Contacto\u00bb][\/vc_column][\/vc_row]","protected":false},"author":1,"featured_media":0,"parent":7110,"menu_order":0,"comment_status":"closed","ping_status":"closed","template":"","meta":{"footnotes":""},"class_list":["post-7134","page","type-page","status-publish","hentry"],"yoast_head":"<!-- This site is optimized with the Yoast SEO plugin v25.6 - https:\/\/yoast.com\/wordpress\/plugins\/seo\/ -->\n<title>Drogenscreenings f\u00fcr Ihre Sicherheit - Unser Leistungsspektrum<\/title>\n<meta name=\"description\" content=\"Im Falle der meist verbreiteten Bet\u00e4ubungsmittel wird mit DrugWipe\u00ae Speicheltests die unmittelbare Beeinflussung eines Mitarbeiters sicher erkannt. Eine andere Handlungsoption f\u00fcr die diskrete \u00dcberpr\u00fcfung eines Verdachts bieten Oberfl\u00e4chentests.\" \/>\n<meta name=\"robots\" content=\"index, follow, max-snippet:-1, max-image-preview:large, max-video-preview:-1\" \/>\n<link rel=\"canonical\" href=\"https:\/\/www.securetec.net\/es\/soluciones\/cribado-toxicologico-en-la-empresa\/cribados-toxicologicos-nuestra-gama-de-servicios\/\" \/>\n<meta property=\"og:locale\" content=\"es_ES\" \/>\n<meta property=\"og:type\" content=\"article\" \/>\n<meta property=\"og:title\" content=\"Drogenscreenings f\u00fcr Ihre Sicherheit - Unser Leistungsspektrum\" \/>\n<meta property=\"og:description\" content=\"Im Falle der meist verbreiteten Bet\u00e4ubungsmittel wird mit DrugWipe\u00ae Speicheltests die unmittelbare Beeinflussung eines Mitarbeiters sicher erkannt. Eine andere Handlungsoption f\u00fcr die diskrete \u00dcberpr\u00fcfung eines Verdachts bieten Oberfl\u00e4chentests.\" \/>\n<meta property=\"og:url\" content=\"https:\/\/www.securetec.net\/es\/soluciones\/cribado-toxicologico-en-la-empresa\/cribados-toxicologicos-nuestra-gama-de-servicios\/\" \/>\n<meta property=\"og:site_name\" content=\"Securetec Detektions-Systeme AG\" \/>\n<meta property=\"article:modified_time\" content=\"2023-03-30T06:59:46+00:00\" \/>\n<meta property=\"og:image\" content=\"https:\/\/www.securetec.net\/app\/uploads\/2020\/07\/MG_3189_DrugWipe_saliva_testing-300x200.jpg\" \/>\n<meta name=\"twitter:card\" content=\"summary_large_image\" \/>\n<meta name=\"twitter:site\" content=\"@DrugWipeUK\" \/>\n<meta name=\"twitter:label1\" content=\"Est. reading time\" \/>\n\t<meta name=\"twitter:data1\" content=\"3 minutos\" \/>\n<script type=\"application\/ld+json\" class=\"yoast-schema-graph\">{\"@context\":\"https:\/\/schema.org\",\"@graph\":[{\"@type\":\"WebPage\",\"@id\":\"https:\/\/www.securetec.net\/es\/soluciones\/cribado-toxicologico-en-la-empresa\/cribados-toxicologicos-nuestra-gama-de-servicios\/\",\"url\":\"https:\/\/www.securetec.net\/es\/soluciones\/cribado-toxicologico-en-la-empresa\/cribados-toxicologicos-nuestra-gama-de-servicios\/\",\"name\":\"Drogenscreenings f\u00fcr Ihre Sicherheit - Unser Leistungsspektrum\",\"isPartOf\":{\"@id\":\"https:\/\/www.securetec.net\/es\/#website\"},\"primaryImageOfPage\":{\"@id\":\"https:\/\/www.securetec.net\/es\/soluciones\/cribado-toxicologico-en-la-empresa\/cribados-toxicologicos-nuestra-gama-de-servicios\/#primaryimage\"},\"image\":{\"@id\":\"https:\/\/www.securetec.net\/es\/soluciones\/cribado-toxicologico-en-la-empresa\/cribados-toxicologicos-nuestra-gama-de-servicios\/#primaryimage\"},\"thumbnailUrl\":\"https:\/\/www.securetec.net\/app\/uploads\/2020\/07\/MG_3189_DrugWipe_saliva_testing-300x200.jpg\",\"datePublished\":\"2018-07-19T15:51:41+00:00\",\"dateModified\":\"2023-03-30T06:59:46+00:00\",\"description\":\"Im Falle der meist verbreiteten Bet\u00e4ubungsmittel wird mit DrugWipe\u00ae Speicheltests die unmittelbare Beeinflussung eines Mitarbeiters sicher erkannt. Eine andere Handlungsoption f\u00fcr die diskrete \u00dcberpr\u00fcfung eines Verdachts bieten Oberfl\u00e4chentests.\",\"breadcrumb\":{\"@id\":\"https:\/\/www.securetec.net\/es\/soluciones\/cribado-toxicologico-en-la-empresa\/cribados-toxicologicos-nuestra-gama-de-servicios\/#breadcrumb\"},\"inLanguage\":\"es\",\"potentialAction\":[{\"@type\":\"ReadAction\",\"target\":[\"https:\/\/www.securetec.net\/es\/soluciones\/cribado-toxicologico-en-la-empresa\/cribados-toxicologicos-nuestra-gama-de-servicios\/\"]}]},{\"@type\":\"ImageObject\",\"inLanguage\":\"es\",\"@id\":\"https:\/\/www.securetec.net\/es\/soluciones\/cribado-toxicologico-en-la-empresa\/cribados-toxicologicos-nuestra-gama-de-servicios\/#primaryimage\",\"url\":\"https:\/\/www.securetec.net\/app\/uploads\/2020\/07\/MG_3189_DrugWipe_saliva_testing-300x200.jpg\",\"contentUrl\":\"https:\/\/www.securetec.net\/app\/uploads\/2020\/07\/MG_3189_DrugWipe_saliva_testing-300x200.jpg\"},{\"@type\":\"BreadcrumbList\",\"@id\":\"https:\/\/www.securetec.net\/es\/soluciones\/cribado-toxicologico-en-la-empresa\/cribados-toxicologicos-nuestra-gama-de-servicios\/#breadcrumb\",\"itemListElement\":[{\"@type\":\"ListItem\",\"position\":1,\"name\":\"Startseite\",\"item\":\"https:\/\/www.securetec.net\/es\/\"},{\"@type\":\"ListItem\",\"position\":2,\"name\":\"Soluciones\",\"item\":\"https:\/\/www.securetec.net\/es\/soluciones\/\"},{\"@type\":\"ListItem\",\"position\":3,\"name\":\"Cribado toxicol\u00f3gico en la empresa\",\"item\":\"https:\/\/www.securetec.net\/es\/soluciones\/cribado-toxicologico-en-la-empresa\/\"},{\"@type\":\"ListItem\",\"position\":4,\"name\":\"Cribados toxicol\u00f3gicos \u2013 Nuestra gama de servicios\"}]},{\"@type\":\"WebSite\",\"@id\":\"https:\/\/www.securetec.net\/es\/#website\",\"url\":\"https:\/\/www.securetec.net\/es\/\",\"name\":\"Securetec Detektions-Systeme AG\",\"description\":\"We detect to protect\",\"publisher\":{\"@id\":\"https:\/\/www.securetec.net\/es\/#organization\"},\"potentialAction\":[{\"@type\":\"SearchAction\",\"target\":{\"@type\":\"EntryPoint\",\"urlTemplate\":\"https:\/\/www.securetec.net\/es\/?s={search_term_string}\"},\"query-input\":{\"@type\":\"PropertyValueSpecification\",\"valueRequired\":true,\"valueName\":\"search_term_string\"}}],\"inLanguage\":\"es\"},{\"@type\":\"Organization\",\"@id\":\"https:\/\/www.securetec.net\/es\/#organization\",\"name\":\"Securetec Detektions-Systeme AG\",\"url\":\"https:\/\/www.securetec.net\/es\/\",\"logo\":{\"@type\":\"ImageObject\",\"inLanguage\":\"es\",\"@id\":\"https:\/\/www.securetec.net\/es\/#\/schema\/logo\/image\/\",\"url\":\"https:\/\/www.securetec.net\/app\/uploads\/2018\/07\/Securetec_Logo_.png\",\"contentUrl\":\"https:\/\/www.securetec.net\/app\/uploads\/2018\/07\/Securetec_Logo_.png\",\"width\":411,\"height\":189,\"caption\":\"Securetec Detektions-Systeme AG\"},\"image\":{\"@id\":\"https:\/\/www.securetec.net\/es\/#\/schema\/logo\/image\/\"},\"sameAs\":[\"https:\/\/x.com\/DrugWipeUK\",\"https:\/\/www.linkedin.com\/company\/securetec\",\"https:\/\/www.youtube.com\/channel\/UCP9jQA-TYhtqanhaooppMqw\"]}]}<\/script>\n<!-- \/ Yoast SEO plugin. -->","yoast_head_json":{"title":"Drogenscreenings f\u00fcr Ihre Sicherheit - Unser Leistungsspektrum","description":"Im Falle der meist verbreiteten Bet\u00e4ubungsmittel wird mit DrugWipe\u00ae Speicheltests die unmittelbare Beeinflussung eines Mitarbeiters sicher erkannt. Eine andere Handlungsoption f\u00fcr die diskrete \u00dcberpr\u00fcfung eines Verdachts bieten Oberfl\u00e4chentests.","robots":{"index":"index","follow":"follow","max-snippet":"max-snippet:-1","max-image-preview":"max-image-preview:large","max-video-preview":"max-video-preview:-1"},"canonical":"https:\/\/www.securetec.net\/es\/soluciones\/cribado-toxicologico-en-la-empresa\/cribados-toxicologicos-nuestra-gama-de-servicios\/","og_locale":"es_ES","og_type":"article","og_title":"Drogenscreenings f\u00fcr Ihre Sicherheit - Unser Leistungsspektrum","og_description":"Im Falle der meist verbreiteten Bet\u00e4ubungsmittel wird mit DrugWipe\u00ae Speicheltests die unmittelbare Beeinflussung eines Mitarbeiters sicher erkannt. Eine andere Handlungsoption f\u00fcr die diskrete \u00dcberpr\u00fcfung eines Verdachts bieten Oberfl\u00e4chentests.","og_url":"https:\/\/www.securetec.net\/es\/soluciones\/cribado-toxicologico-en-la-empresa\/cribados-toxicologicos-nuestra-gama-de-servicios\/","og_site_name":"Securetec Detektions-Systeme AG","article_modified_time":"2023-03-30T06:59:46+00:00","og_image":[{"url":"https:\/\/www.securetec.net\/app\/uploads\/2020\/07\/MG_3189_DrugWipe_saliva_testing-300x200.jpg","type":"","width":"","height":""}],"twitter_card":"summary_large_image","twitter_site":"@DrugWipeUK","twitter_misc":{"Est. reading time":"3 minutos"},"schema":{"@context":"https:\/\/schema.org","@graph":[{"@type":"WebPage","@id":"https:\/\/www.securetec.net\/es\/soluciones\/cribado-toxicologico-en-la-empresa\/cribados-toxicologicos-nuestra-gama-de-servicios\/","url":"https:\/\/www.securetec.net\/es\/soluciones\/cribado-toxicologico-en-la-empresa\/cribados-toxicologicos-nuestra-gama-de-servicios\/","name":"Drogenscreenings f\u00fcr Ihre Sicherheit - Unser Leistungsspektrum","isPartOf":{"@id":"https:\/\/www.securetec.net\/es\/#website"},"primaryImageOfPage":{"@id":"https:\/\/www.securetec.net\/es\/soluciones\/cribado-toxicologico-en-la-empresa\/cribados-toxicologicos-nuestra-gama-de-servicios\/#primaryimage"},"image":{"@id":"https:\/\/www.securetec.net\/es\/soluciones\/cribado-toxicologico-en-la-empresa\/cribados-toxicologicos-nuestra-gama-de-servicios\/#primaryimage"},"thumbnailUrl":"https:\/\/www.securetec.net\/app\/uploads\/2020\/07\/MG_3189_DrugWipe_saliva_testing-300x200.jpg","datePublished":"2018-07-19T15:51:41+00:00","dateModified":"2023-03-30T06:59:46+00:00","description":"Im Falle der meist verbreiteten Bet\u00e4ubungsmittel wird mit DrugWipe\u00ae Speicheltests die unmittelbare Beeinflussung eines Mitarbeiters sicher erkannt. Eine andere Handlungsoption f\u00fcr die diskrete \u00dcberpr\u00fcfung eines Verdachts bieten Oberfl\u00e4chentests.","breadcrumb":{"@id":"https:\/\/www.securetec.net\/es\/soluciones\/cribado-toxicologico-en-la-empresa\/cribados-toxicologicos-nuestra-gama-de-servicios\/#breadcrumb"},"inLanguage":"es","potentialAction":[{"@type":"ReadAction","target":["https:\/\/www.securetec.net\/es\/soluciones\/cribado-toxicologico-en-la-empresa\/cribados-toxicologicos-nuestra-gama-de-servicios\/"]}]},{"@type":"ImageObject","inLanguage":"es","@id":"https:\/\/www.securetec.net\/es\/soluciones\/cribado-toxicologico-en-la-empresa\/cribados-toxicologicos-nuestra-gama-de-servicios\/#primaryimage","url":"https:\/\/www.securetec.net\/app\/uploads\/2020\/07\/MG_3189_DrugWipe_saliva_testing-300x200.jpg","contentUrl":"https:\/\/www.securetec.net\/app\/uploads\/2020\/07\/MG_3189_DrugWipe_saliva_testing-300x200.jpg"},{"@type":"BreadcrumbList","@id":"https:\/\/www.securetec.net\/es\/soluciones\/cribado-toxicologico-en-la-empresa\/cribados-toxicologicos-nuestra-gama-de-servicios\/#breadcrumb","itemListElement":[{"@type":"ListItem","position":1,"name":"Startseite","item":"https:\/\/www.securetec.net\/es\/"},{"@type":"ListItem","position":2,"name":"Soluciones","item":"https:\/\/www.securetec.net\/es\/soluciones\/"},{"@type":"ListItem","position":3,"name":"Cribado toxicol\u00f3gico en la empresa","item":"https:\/\/www.securetec.net\/es\/soluciones\/cribado-toxicologico-en-la-empresa\/"},{"@type":"ListItem","position":4,"name":"Cribados toxicol\u00f3gicos \u2013 Nuestra gama de servicios"}]},{"@type":"WebSite","@id":"https:\/\/www.securetec.net\/es\/#website","url":"https:\/\/www.securetec.net\/es\/","name":"Securetec Detektions-Systeme AG","description":"We detect to protect","publisher":{"@id":"https:\/\/www.securetec.net\/es\/#organization"},"potentialAction":[{"@type":"SearchAction","target":{"@type":"EntryPoint","urlTemplate":"https:\/\/www.securetec.net\/es\/?s={search_term_string}"},"query-input":{"@type":"PropertyValueSpecification","valueRequired":true,"valueName":"search_term_string"}}],"inLanguage":"es"},{"@type":"Organization","@id":"https:\/\/www.securetec.net\/es\/#organization","name":"Securetec Detektions-Systeme AG","url":"https:\/\/www.securetec.net\/es\/","logo":{"@type":"ImageObject","inLanguage":"es","@id":"https:\/\/www.securetec.net\/es\/#\/schema\/logo\/image\/","url":"https:\/\/www.securetec.net\/app\/uploads\/2018\/07\/Securetec_Logo_.png","contentUrl":"https:\/\/www.securetec.net\/app\/uploads\/2018\/07\/Securetec_Logo_.png","width":411,"height":189,"caption":"Securetec Detektions-Systeme AG"},"image":{"@id":"https:\/\/www.securetec.net\/es\/#\/schema\/logo\/image\/"},"sameAs":["https:\/\/x.com\/DrugWipeUK","https:\/\/www.linkedin.com\/company\/securetec","https:\/\/www.youtube.com\/channel\/UCP9jQA-TYhtqanhaooppMqw"]}]}},"_links":{"self":[{"href":"https:\/\/www.securetec.net\/es\/wp-json\/wp\/v2\/pages\/7134","targetHints":{"allow":["GET"]}}],"collection":[{"href":"https:\/\/www.securetec.net\/es\/wp-json\/wp\/v2\/pages"}],"about":[{"href":"https:\/\/www.securetec.net\/es\/wp-json\/wp\/v2\/types\/page"}],"author":[{"embeddable":true,"href":"https:\/\/www.securetec.net\/es\/wp-json\/wp\/v2\/users\/1"}],"replies":[{"embeddable":true,"href":"https:\/\/www.securetec.net\/es\/wp-json\/wp\/v2\/comments?post=7134"}],"version-history":[{"count":10,"href":"https:\/\/www.securetec.net\/es\/wp-json\/wp\/v2\/pages\/7134\/revisions"}],"predecessor-version":[{"id":14209,"href":"https:\/\/www.securetec.net\/es\/wp-json\/wp\/v2\/pages\/7134\/revisions\/14209"}],"up":[{"embeddable":true,"href":"https:\/\/www.securetec.net\/es\/wp-json\/wp\/v2\/pages\/7110"}],"wp:attachment":[{"href":"https:\/\/www.securetec.net\/es\/wp-json\/wp\/v2\/media?parent=7134"}],"curies":[{"name":"wp","href":"https:\/\/api.w.org\/{rel}","templated":true}]}}