{"id":7127,"date":"2018-07-19T17:51:01","date_gmt":"2018-07-19T15:51:01","guid":{"rendered":"https:\/\/www.securetec.net\/?page_id=7127"},"modified":"2021-05-10T12:32:52","modified_gmt":"2021-05-10T10:32:52","slug":"prevencion-de-adicciones","status":"publish","type":"page","link":"https:\/\/www.securetec.net\/es\/soluciones\/cribado-toxicologico-en-la-empresa\/prevencion-de-adicciones\/","title":{"rendered":"Prevenci\u00f3n de adicciones"},"content":{"rendered":"<div class=\"wpb-content-wrapper\"><p>[vc_row lg_spacing=\u00bbmargin_bottom:20&#8243;][vc_column][vc_column_text]<\/p>\n<h2>Medidas activas para la prevenci\u00f3n de adicciones<\/h2>\n<p>Una amplia variedad de situaciones en la vida puede desencadenar cambios en el comportamiento de sus empleados. Algunos signos individuales no indican autom\u00e1ticamente el uso problem\u00e1tico de alcohol, medicamentos o\u00a0drogas. Sin embargo, el tema no debe ser tab\u00fa y\u00a0se requiere una acci\u00f3n temprana.<\/p>\n<h2>Dopaje en el lugar de trabajo: ver, entender, actuar<\/h2>\n<p>\u00bfTiene la sospecha de que un empleado de su empresa podr\u00eda ser adicto? Cumpla con su deber de asistencia como empleador y prot\u00e9jase a s\u00ed mismo y a su plantilla, especialmente si la persona en cuesti\u00f3n se encuentra en una posici\u00f3n asociada a un mayor riesgo potencial. De acuerdo con los reglamentos del seguro de accidentes obligatorio de Alemania, el empleador es responsable de garantizar que sus empleados no se pongan en peligro a s\u00ed mismos ni a otros. Por lo tanto, es su deber impedir el trabajo bajo la influencia de las drogas.<\/p>\n<p>Con muchos a\u00f1os de experiencia en el \u00e1mbito de la detecci\u00f3n de drogas, estamos a su disposici\u00f3n y le brindamos informaci\u00f3n espec\u00edfica sobre los fundamentos del derecho penal, el derecho laboral y\u00a0el derecho civil.<\/p>\n<p>Inf\u00f3rmese asimismo sobre las disposiciones de las asociaciones profesionales del sector. De esta manera, habr\u00e1 dado un primer paso importante y habr\u00e1 sentado las bases para un di\u00e1logo respetuoso, puesto que solo en una charla abierta y entre iguales se pueden evaluar las anomal\u00edas en el trabajo y en el comportamiento social de los empleados afectados.[\/vc_column_text][tm_spacer size=\u00bblg:30&#8243;][vc_column_text]<\/p>\n<h2>Cribado toxicol\u00f3gico con DrugWipe: r\u00e1pido, fiable e\u00a0higi\u00e9nico<\/h2>\n<p>Los cribados toxicol\u00f3gicos realizados para detectar anomal\u00edas y en nuevas contrataciones pueden ser de utilidad como medida adicional a las medidas de seguridad generales de su empresa.<\/p>\n<p>Para la obtenci\u00f3n de pruebas objetivas, apoyamos a su empresa con tests r\u00e1pidos de saliva que han probado su eficacia en el trabajo policial durante d\u00e9cadas. Con el correspondiente acuerdo de empresa y el consentimiento de la persona que se somete a la prueba, un responsable de seguridad o un m\u00e9dico de la empresa puede utilizar el DrugWipe para realizar un test de drogas de forma r\u00e1pida, fiable e\u00a0higi\u00e9nica.<\/p>\n<p>Securetec lo acompa\u00f1a con experiencia, transferencia de conocimientos e innovadores tests r\u00e1pidos de drogas. Junto con usted, desarrollamos y establecemos un concepto de prevenci\u00f3n de adicciones, adaptado a las necesidades de su empresa o instituci\u00f3n. Los <a href=\"https:\/\/www.securetec.net\/es\/soluciones\/test-toxicologico-preliminar-para-la-policia\/formacion-para-la-deteccion-de-drogas\/\">cursos de formaci\u00f3n<\/a>\u00a0 sobre la detecci\u00f3n del consumo de drogas complementan nuestra oferta de productos.[\/vc_column_text][tm_spacer size=\u00bblg:30&#8243;][vc_column_text]<\/p>\n<h2>Dopaje en el lugar de trabajo<\/h2>\n<p>[\/vc_column_text][tm_spacer size=\u00bblg:30&#8243;][vc_row_inner][vc_column_inner][tm_table]<\/p>\n<table border=\"1\" cellspacing=\"1\" cellpadding=\"1\">\n<thead>\n<tr>\n<th scope=\"col\">CONDUCTA LABORAL Y SOCIAL<\/th>\n<th scope=\"col\">REPERCUSIONES F\u00cdSICAS<\/th>\n<\/tr>\n<\/thead>\n<tbody>\n<tr>\n<td>Acumulaci\u00f3n de bajas<\/td>\n<td>Trastornos del equilibrio<\/td>\n<\/tr>\n<tr>\n<td>Disminuci\u00f3n de la calidad del trabajo<\/td>\n<td>Ralentizaci\u00f3n de las reacciones<\/td>\n<\/tr>\n<tr>\n<td>Mayor propensi\u00f3n a asumir riesgos<\/td>\n<td>Fatiga constante<\/td>\n<\/tr>\n<tr>\n<td>Agresividad, irritabilidad<\/td>\n<td>Sensibilidad a la luz<\/td>\n<\/tr>\n<\/tbody>\n<\/table>\n<p>[\/tm_table][\/vc_column_inner][\/vc_row_inner][tm_spacer size=\u00bblg:30&#8243;][\/vc_column][\/vc_row][vc_row][vc_column][vc_column_text]<a href=\"https:\/\/www.securetec.net\/es\/resumen-de-tests-de-drogas\/\">&gt;&gt; Tests de drogas DrugWipe<sup>\u00ae<\/sup><\/a>[\/vc_column_text][\/vc_column][\/vc_row]<\/p>\n<\/div>","protected":false},"excerpt":{"rendered":"[vc_row lg_spacing=\u00bbmargin_bottom:20&#8243;][vc_column][vc_column_text] Medidas activas para la prevenci\u00f3n de adicciones Una amplia variedad de situaciones en la vida puede desencadenar cambios en el comportamiento de sus empleados. Algunos signos individuales no indican autom\u00e1ticamente el uso problem\u00e1tico de alcohol, medicamentos o\u00a0drogas. Sin embargo, el tema no debe ser tab\u00fa y\u00a0se requiere una acci\u00f3n temprana. Dopaje en el lugar de trabajo: ver, entender, actuar \u00bfTiene la sospecha de que un empleado de su empresa podr\u00eda ser adicto? Cumpla con su deber de asistencia como empleador y prot\u00e9jase a s\u00ed mismo y a su plantilla, especialmente si la persona en cuesti\u00f3n se encuentra en una posici\u00f3n asociada a un mayor riesgo potencial. De acuerdo con los reglamentos del seguro de accidentes obligatorio de Alemania, el empleador es responsable de garantizar que sus empleados no se pongan en peligro a s\u00ed mismos ni a otros. Por lo tanto, es su deber impedir el trabajo bajo la influencia de las drogas. Con muchos a\u00f1os de experiencia en el \u00e1mbito de la detecci\u00f3n de drogas, estamos a su disposici\u00f3n y le brindamos informaci\u00f3n espec\u00edfica sobre los fundamentos del derecho penal, el derecho laboral y\u00a0el derecho civil. Inf\u00f3rmese asimismo sobre las disposiciones de las asociaciones profesionales del sector. De esta manera, habr\u00e1 dado un primer paso importante y habr\u00e1 sentado las bases para un di\u00e1logo respetuoso, puesto que solo en una charla abierta y entre iguales se pueden evaluar las anomal\u00edas en el trabajo y en el comportamiento social de los empleados afectados.[\/vc_column_text][tm_spacer size=\u00bblg:30&#8243;][vc_column_text] Cribado toxicol\u00f3gico con DrugWipe: r\u00e1pido, fiable e\u00a0higi\u00e9nico Los cribados toxicol\u00f3gicos realizados para detectar anomal\u00edas y en nuevas contrataciones pueden ser de utilidad como medida adicional a las medidas de seguridad generales de su empresa. Para la obtenci\u00f3n de pruebas objetivas, apoyamos a su empresa con tests r\u00e1pidos de saliva que han probado su eficacia en el trabajo policial durante d\u00e9cadas. Con el correspondiente acuerdo de empresa y el consentimiento de la persona que se somete a la prueba, un responsable de seguridad o un m\u00e9dico de la empresa puede utilizar el DrugWipe para realizar un test de drogas de forma r\u00e1pida, fiable e\u00a0higi\u00e9nica. Securetec lo acompa\u00f1a con experiencia, transferencia de conocimientos e innovadores tests r\u00e1pidos de drogas. Junto con usted, desarrollamos y establecemos un concepto de prevenci\u00f3n de adicciones, adaptado a las necesidades de su empresa o instituci\u00f3n. Los cursos de formaci\u00f3n\u00a0 sobre la detecci\u00f3n del consumo de drogas complementan nuestra oferta de productos.[\/vc_column_text][tm_spacer size=\u00bblg:30&#8243;][vc_column_text] Dopaje en el lugar de trabajo [\/vc_column_text][tm_spacer size=\u00bblg:30&#8243;][vc_row_inner][vc_column_inner][tm_table] CONDUCTA LABORAL Y SOCIAL REPERCUSIONES F\u00cdSICAS Acumulaci\u00f3n de bajas Trastornos del equilibrio Disminuci\u00f3n de la calidad del trabajo Ralentizaci\u00f3n de las reacciones Mayor propensi\u00f3n a asumir riesgos Fatiga constante Agresividad, irritabilidad Sensibilidad a la luz [\/tm_table][\/vc_column_inner][\/vc_row_inner][tm_spacer size=\u00bblg:30&#8243;][\/vc_column][\/vc_row][vc_row][vc_column][vc_column_text]&gt;&gt; Tests de drogas DrugWipe\u00ae[\/vc_column_text][\/vc_column][\/vc_row]","protected":false},"author":1,"featured_media":0,"parent":7110,"menu_order":0,"comment_status":"closed","ping_status":"closed","template":"","meta":{"footnotes":""},"class_list":["post-7127","page","type-page","status-publish","hentry"],"yoast_head":"<!-- This site is optimized with the Yoast SEO plugin v25.6 - https:\/\/yoast.com\/wordpress\/plugins\/seo\/ -->\n<title>Prevenci\u00f3n de adicciones - Securetec Detektions-Systeme AG<\/title>\n<meta name=\"description\" content=\"Wir informieren Sie \u00fcber strafrechtliche, arbeitsrechtliche und zivilrechtliche Hintergr\u00fcnde. Oft sind auch Bestimmungen und Verordnungen wie von Berufsgenossenschaften relevant. Informationen sind der erste wichtige Schritt.\" \/>\n<meta name=\"robots\" content=\"index, follow, max-snippet:-1, max-image-preview:large, max-video-preview:-1\" \/>\n<link rel=\"canonical\" href=\"https:\/\/www.securetec.net\/es\/soluciones\/cribado-toxicologico-en-la-empresa\/prevencion-de-adicciones\/\" \/>\n<meta property=\"og:locale\" content=\"es_ES\" \/>\n<meta property=\"og:type\" content=\"article\" \/>\n<meta property=\"og:title\" content=\"Prevenci\u00f3n de adicciones - Securetec Detektions-Systeme AG\" \/>\n<meta property=\"og:description\" content=\"Wir informieren Sie \u00fcber strafrechtliche, arbeitsrechtliche und zivilrechtliche Hintergr\u00fcnde. Oft sind auch Bestimmungen und Verordnungen wie von Berufsgenossenschaften relevant. Informationen sind der erste wichtige Schritt.\" \/>\n<meta property=\"og:url\" content=\"https:\/\/www.securetec.net\/es\/soluciones\/cribado-toxicologico-en-la-empresa\/prevencion-de-adicciones\/\" \/>\n<meta property=\"og:site_name\" content=\"Securetec Detektions-Systeme AG\" \/>\n<meta property=\"article:modified_time\" content=\"2021-05-10T10:32:52+00:00\" \/>\n<meta name=\"twitter:card\" content=\"summary_large_image\" \/>\n<meta name=\"twitter:site\" content=\"@DrugWipeUK\" \/>\n<meta name=\"twitter:label1\" content=\"Est. reading time\" \/>\n\t<meta name=\"twitter:data1\" content=\"3 minutos\" \/>\n<script type=\"application\/ld+json\" class=\"yoast-schema-graph\">{\"@context\":\"https:\/\/schema.org\",\"@graph\":[{\"@type\":\"WebPage\",\"@id\":\"https:\/\/www.securetec.net\/es\/soluciones\/cribado-toxicologico-en-la-empresa\/prevencion-de-adicciones\/\",\"url\":\"https:\/\/www.securetec.net\/es\/soluciones\/cribado-toxicologico-en-la-empresa\/prevencion-de-adicciones\/\",\"name\":\"Prevenci\u00f3n de adicciones - Securetec Detektions-Systeme AG\",\"isPartOf\":{\"@id\":\"https:\/\/www.securetec.net\/es\/#website\"},\"datePublished\":\"2018-07-19T15:51:01+00:00\",\"dateModified\":\"2021-05-10T10:32:52+00:00\",\"description\":\"Wir informieren Sie \u00fcber strafrechtliche, arbeitsrechtliche und zivilrechtliche Hintergr\u00fcnde. Oft sind auch Bestimmungen und Verordnungen wie von Berufsgenossenschaften relevant. Informationen sind der erste wichtige Schritt.\",\"breadcrumb\":{\"@id\":\"https:\/\/www.securetec.net\/es\/soluciones\/cribado-toxicologico-en-la-empresa\/prevencion-de-adicciones\/#breadcrumb\"},\"inLanguage\":\"es\",\"potentialAction\":[{\"@type\":\"ReadAction\",\"target\":[\"https:\/\/www.securetec.net\/es\/soluciones\/cribado-toxicologico-en-la-empresa\/prevencion-de-adicciones\/\"]}]},{\"@type\":\"BreadcrumbList\",\"@id\":\"https:\/\/www.securetec.net\/es\/soluciones\/cribado-toxicologico-en-la-empresa\/prevencion-de-adicciones\/#breadcrumb\",\"itemListElement\":[{\"@type\":\"ListItem\",\"position\":1,\"name\":\"Startseite\",\"item\":\"https:\/\/www.securetec.net\/es\/\"},{\"@type\":\"ListItem\",\"position\":2,\"name\":\"Soluciones\",\"item\":\"https:\/\/www.securetec.net\/es\/soluciones\/\"},{\"@type\":\"ListItem\",\"position\":3,\"name\":\"Cribado toxicol\u00f3gico en la empresa\",\"item\":\"https:\/\/www.securetec.net\/es\/soluciones\/cribado-toxicologico-en-la-empresa\/\"},{\"@type\":\"ListItem\",\"position\":4,\"name\":\"Prevenci\u00f3n de adicciones\"}]},{\"@type\":\"WebSite\",\"@id\":\"https:\/\/www.securetec.net\/es\/#website\",\"url\":\"https:\/\/www.securetec.net\/es\/\",\"name\":\"Securetec Detektions-Systeme AG\",\"description\":\"We detect to protect\",\"publisher\":{\"@id\":\"https:\/\/www.securetec.net\/es\/#organization\"},\"potentialAction\":[{\"@type\":\"SearchAction\",\"target\":{\"@type\":\"EntryPoint\",\"urlTemplate\":\"https:\/\/www.securetec.net\/es\/?s={search_term_string}\"},\"query-input\":{\"@type\":\"PropertyValueSpecification\",\"valueRequired\":true,\"valueName\":\"search_term_string\"}}],\"inLanguage\":\"es\"},{\"@type\":\"Organization\",\"@id\":\"https:\/\/www.securetec.net\/es\/#organization\",\"name\":\"Securetec Detektions-Systeme AG\",\"url\":\"https:\/\/www.securetec.net\/es\/\",\"logo\":{\"@type\":\"ImageObject\",\"inLanguage\":\"es\",\"@id\":\"https:\/\/www.securetec.net\/es\/#\/schema\/logo\/image\/\",\"url\":\"https:\/\/www.securetec.net\/app\/uploads\/2018\/07\/Securetec_Logo_.png\",\"contentUrl\":\"https:\/\/www.securetec.net\/app\/uploads\/2018\/07\/Securetec_Logo_.png\",\"width\":411,\"height\":189,\"caption\":\"Securetec Detektions-Systeme AG\"},\"image\":{\"@id\":\"https:\/\/www.securetec.net\/es\/#\/schema\/logo\/image\/\"},\"sameAs\":[\"https:\/\/x.com\/DrugWipeUK\",\"https:\/\/www.linkedin.com\/company\/securetec\",\"https:\/\/www.youtube.com\/channel\/UCP9jQA-TYhtqanhaooppMqw\"]}]}<\/script>\n<!-- \/ Yoast SEO plugin. -->","yoast_head_json":{"title":"Prevenci\u00f3n de adicciones - Securetec Detektions-Systeme AG","description":"Wir informieren Sie \u00fcber strafrechtliche, arbeitsrechtliche und zivilrechtliche Hintergr\u00fcnde. Oft sind auch Bestimmungen und Verordnungen wie von Berufsgenossenschaften relevant. Informationen sind der erste wichtige Schritt.","robots":{"index":"index","follow":"follow","max-snippet":"max-snippet:-1","max-image-preview":"max-image-preview:large","max-video-preview":"max-video-preview:-1"},"canonical":"https:\/\/www.securetec.net\/es\/soluciones\/cribado-toxicologico-en-la-empresa\/prevencion-de-adicciones\/","og_locale":"es_ES","og_type":"article","og_title":"Prevenci\u00f3n de adicciones - Securetec Detektions-Systeme AG","og_description":"Wir informieren Sie \u00fcber strafrechtliche, arbeitsrechtliche und zivilrechtliche Hintergr\u00fcnde. Oft sind auch Bestimmungen und Verordnungen wie von Berufsgenossenschaften relevant. Informationen sind der erste wichtige Schritt.","og_url":"https:\/\/www.securetec.net\/es\/soluciones\/cribado-toxicologico-en-la-empresa\/prevencion-de-adicciones\/","og_site_name":"Securetec Detektions-Systeme AG","article_modified_time":"2021-05-10T10:32:52+00:00","twitter_card":"summary_large_image","twitter_site":"@DrugWipeUK","twitter_misc":{"Est. reading time":"3 minutos"},"schema":{"@context":"https:\/\/schema.org","@graph":[{"@type":"WebPage","@id":"https:\/\/www.securetec.net\/es\/soluciones\/cribado-toxicologico-en-la-empresa\/prevencion-de-adicciones\/","url":"https:\/\/www.securetec.net\/es\/soluciones\/cribado-toxicologico-en-la-empresa\/prevencion-de-adicciones\/","name":"Prevenci\u00f3n de adicciones - Securetec Detektions-Systeme AG","isPartOf":{"@id":"https:\/\/www.securetec.net\/es\/#website"},"datePublished":"2018-07-19T15:51:01+00:00","dateModified":"2021-05-10T10:32:52+00:00","description":"Wir informieren Sie \u00fcber strafrechtliche, arbeitsrechtliche und zivilrechtliche Hintergr\u00fcnde. Oft sind auch Bestimmungen und Verordnungen wie von Berufsgenossenschaften relevant. Informationen sind der erste wichtige Schritt.","breadcrumb":{"@id":"https:\/\/www.securetec.net\/es\/soluciones\/cribado-toxicologico-en-la-empresa\/prevencion-de-adicciones\/#breadcrumb"},"inLanguage":"es","potentialAction":[{"@type":"ReadAction","target":["https:\/\/www.securetec.net\/es\/soluciones\/cribado-toxicologico-en-la-empresa\/prevencion-de-adicciones\/"]}]},{"@type":"BreadcrumbList","@id":"https:\/\/www.securetec.net\/es\/soluciones\/cribado-toxicologico-en-la-empresa\/prevencion-de-adicciones\/#breadcrumb","itemListElement":[{"@type":"ListItem","position":1,"name":"Startseite","item":"https:\/\/www.securetec.net\/es\/"},{"@type":"ListItem","position":2,"name":"Soluciones","item":"https:\/\/www.securetec.net\/es\/soluciones\/"},{"@type":"ListItem","position":3,"name":"Cribado toxicol\u00f3gico en la empresa","item":"https:\/\/www.securetec.net\/es\/soluciones\/cribado-toxicologico-en-la-empresa\/"},{"@type":"ListItem","position":4,"name":"Prevenci\u00f3n de adicciones"}]},{"@type":"WebSite","@id":"https:\/\/www.securetec.net\/es\/#website","url":"https:\/\/www.securetec.net\/es\/","name":"Securetec Detektions-Systeme AG","description":"We detect to protect","publisher":{"@id":"https:\/\/www.securetec.net\/es\/#organization"},"potentialAction":[{"@type":"SearchAction","target":{"@type":"EntryPoint","urlTemplate":"https:\/\/www.securetec.net\/es\/?s={search_term_string}"},"query-input":{"@type":"PropertyValueSpecification","valueRequired":true,"valueName":"search_term_string"}}],"inLanguage":"es"},{"@type":"Organization","@id":"https:\/\/www.securetec.net\/es\/#organization","name":"Securetec Detektions-Systeme AG","url":"https:\/\/www.securetec.net\/es\/","logo":{"@type":"ImageObject","inLanguage":"es","@id":"https:\/\/www.securetec.net\/es\/#\/schema\/logo\/image\/","url":"https:\/\/www.securetec.net\/app\/uploads\/2018\/07\/Securetec_Logo_.png","contentUrl":"https:\/\/www.securetec.net\/app\/uploads\/2018\/07\/Securetec_Logo_.png","width":411,"height":189,"caption":"Securetec Detektions-Systeme AG"},"image":{"@id":"https:\/\/www.securetec.net\/es\/#\/schema\/logo\/image\/"},"sameAs":["https:\/\/x.com\/DrugWipeUK","https:\/\/www.linkedin.com\/company\/securetec","https:\/\/www.youtube.com\/channel\/UCP9jQA-TYhtqanhaooppMqw"]}]}},"_links":{"self":[{"href":"https:\/\/www.securetec.net\/es\/wp-json\/wp\/v2\/pages\/7127","targetHints":{"allow":["GET"]}}],"collection":[{"href":"https:\/\/www.securetec.net\/es\/wp-json\/wp\/v2\/pages"}],"about":[{"href":"https:\/\/www.securetec.net\/es\/wp-json\/wp\/v2\/types\/page"}],"author":[{"embeddable":true,"href":"https:\/\/www.securetec.net\/es\/wp-json\/wp\/v2\/users\/1"}],"replies":[{"embeddable":true,"href":"https:\/\/www.securetec.net\/es\/wp-json\/wp\/v2\/comments?post=7127"}],"version-history":[{"count":11,"href":"https:\/\/www.securetec.net\/es\/wp-json\/wp\/v2\/pages\/7127\/revisions"}],"predecessor-version":[{"id":12440,"href":"https:\/\/www.securetec.net\/es\/wp-json\/wp\/v2\/pages\/7127\/revisions\/12440"}],"up":[{"embeddable":true,"href":"https:\/\/www.securetec.net\/es\/wp-json\/wp\/v2\/pages\/7110"}],"wp:attachment":[{"href":"https:\/\/www.securetec.net\/es\/wp-json\/wp\/v2\/media?parent=7127"}],"curies":[{"name":"wp","href":"https:\/\/api.w.org\/{rel}","templated":true}]}}