{"id":7110,"date":"2018-07-19T17:50:45","date_gmt":"2018-07-19T15:50:45","guid":{"rendered":"https:\/\/www.securetec.net\/?page_id=7110"},"modified":"2023-03-30T08:28:48","modified_gmt":"2023-03-30T06:28:48","slug":"cribado-toxicologico-en-la-empresa","status":"publish","type":"page","link":"https:\/\/www.securetec.net\/es\/soluciones\/cribado-toxicologico-en-la-empresa\/","title":{"rendered":"Cribado toxicol\u00f3gico en la empresa"},"content":{"rendered":"<div class=\"wpb-content-wrapper\"><p>[vc_row][vc_column][vc_column_text]<\/p>\n<h2>Prevenci\u00f3n de adicciones \u2013 Un desaf\u00edo para todas las\u00a0empresas<\/h2>\n<p><span style=\"font-weight: 300;\">La prevenci\u00f3n de adicciones es un tema que afecta a las empresas, autoridades e instituciones de todos los tama\u00f1os y sectores. Los empresarios tienen el deber de asistencia y deben prevenir los accidentes causados por el consumo de drogas. Los tests r\u00e1pidos de saliva garantizan una mayor seguridad en la empresa sin violar la privacidad de los empleados.<\/span><\/p>\n<p>El consumo de alcohol, drogas y sustancias se produce en todas las clases sociales. Diversos estudios demuestran que el siete por ciento de los alemanes en edad laboral consume drogas ilegales.<\/p>\n<h2>Controles como signo de responsabilidad<\/h2>\n<p>Desde hace tiempo, el cribado toxicol\u00f3gico es una pr\u00e1ctica com\u00fan en las empresas para aumentar la seguridad laboral. Esto se aplica en particular a los empleados en puestos de responsabilidad, como en la seguridad de la aviaci\u00f3n, en hospitales o en \u00e1reas de trabajo con un mayor riesgo potencial, como trabajar en l\u00edneas de alta tensi\u00f3n.<\/p>\n<p>Las drogas influyen en la percepci\u00f3n y el comportamiento y, en consecuencia, pueden provocar accidentes. Adem\u00e1s de los s\u00edntomas y efectos f\u00edsicos inmediatos, los cambios en el comportamiento laboral y social de los afectados representan una fuente potencial de peligro en la empresa. La drogodependencia tiene multitud de facetas, por lo que, entre otras cosas, es probable que las personas que sufren adicci\u00f3n presenten una mayor propensi\u00f3n a asumir riesgos, una ralentizaci\u00f3n de las reacciones o\u00a0una falta de concentraci\u00f3n.<\/p>\n<p>La responsabilidad por cada empleado, as\u00ed como por la seguridad laboral en general, obliga a los empresarios a actuar. Los empresarios que hacen o\u00eddos sordos a su responsabilidad o miran hacia otro lado por una concepci\u00f3n equivocada est\u00e1n incumpliendo el deber de asistencia como empleadores. Apoyamos la prevenci\u00f3n activa de adicciones en su empresa con tests r\u00e1pidos de saliva eficientes, f\u00e1ciles de usar e\u00a0higi\u00e9nicos.<\/p>\n<p>Si tiene m\u00e1s preguntas, encontrar\u00e1 muchos consejos y\u00a0detalles interesantes en nuestro folleto <u>Lugares de trabajo libres de\u00a0drogas<\/u>.<\/p>\n<p>Por supuesto, tambi\u00e9n estamos disponibles por tel\u00e9fono si\u00a0desea concertar una cita de asesoramiento.<\/p>\n<p>Stephanie Konopac<br \/>\nTel.: 089 \/ 203080-16 51<br \/>\nCorreo electr\u00f3nico: <a href=\"mailto:info@securetec.net\">info@securetec.net<\/a><\/p>\n<p><a href=\"https:\/\/www.securetec.net\/es\/resumen-de-tests-de-drogas\/\">&gt;&gt; Tests de drogas DrugWipe\u00ae<\/a>[\/vc_column_text][tm_spacer size=\u00bblg:30&#8243;][tm_button button=\u00bburl:https%3A%2F%2Fwww.securetec.net%2Fes%2Fcontacto%2F|title:Contacto\u00bb][tm_spacer size=\u00bblg:30&#8243;][vc_column_text]<div class='w3eden'><!-- WPDM Link Template: Default Template -->\n\n<div class=\"link-template-default card mb-2\">\n    <div class=\"card-body\">\n        <div class=\"media\">\n            <div class=\"mr-3 img-48\"><img decoding=\"async\" class=\"wpdm_icon\" alt=\"Icono\" src=\"https:\/\/www.securetec.net\/app\/plugins\/download-manager\/assets\/file-type-icons\/pdf.svg\" \/><\/div>\n            <div class=\"media-body\">\n                <h3 class=\"package-title\"><a href='https:\/\/www.securetec.net\/es\/download\/brochure-lugares-de-trabajo-libres-de-drogas\/'>Brochure: Lugares de trabajo libres de drogas<\/a><\/h3>\n                <div class=\"text-muted text-small\"><i class=\"fas fa-copy\"><\/i> 1 archivo (s) <i class=\"fas fa-hdd ml-3\"><\/i> 0.00 KB<\/div>\n            <\/div>\n            <div class=\"ml-3\">\n                <a class='wpdm-download-link download-on-click btn btn-primary ' target=_blank rel='nofollow' href='#' data-downloadurl=\"https:\/\/www.securetec.net\/es\/download\/brochure-lugares-de-trabajo-libres-de-drogas\/?wpdmdl=12460&refresh=69ee644e89c4f1777230926\">Descargar<\/a>\n            <\/div>\n        <\/div>\n    <\/div>\n<\/div>\n\n<\/div>[\/vc_column_text][\/vc_column][\/vc_row]<\/p>\n<\/div>","protected":false},"excerpt":{"rendered":"[vc_row][vc_column][vc_column_text] Prevenci\u00f3n de adicciones \u2013 Un desaf\u00edo para todas las\u00a0empresas La prevenci\u00f3n de adicciones es un tema que afecta a las empresas, autoridades e instituciones de todos los tama\u00f1os y sectores. Los empresarios tienen el deber de asistencia y deben prevenir los accidentes causados por el consumo de drogas. Los tests r\u00e1pidos de saliva garantizan una mayor seguridad en la empresa sin violar la privacidad de los empleados. El consumo de alcohol, drogas y sustancias se produce en todas las clases sociales. Diversos estudios demuestran que el siete por ciento de los alemanes en edad laboral consume drogas ilegales. Controles como signo de responsabilidad Desde hace tiempo, el cribado toxicol\u00f3gico es una pr\u00e1ctica com\u00fan en las empresas para aumentar la seguridad laboral. Esto se aplica en particular a los empleados en puestos de responsabilidad, como en la seguridad de la aviaci\u00f3n, en hospitales o en \u00e1reas de trabajo con un mayor riesgo potencial, como trabajar en l\u00edneas de alta tensi\u00f3n. Las drogas influyen en la percepci\u00f3n y el comportamiento y, en consecuencia, pueden provocar accidentes. Adem\u00e1s de los s\u00edntomas y efectos f\u00edsicos inmediatos, los cambios en el comportamiento laboral y social de los afectados representan una fuente potencial de peligro en la empresa. La drogodependencia tiene multitud de facetas, por lo que, entre otras cosas, es probable que las personas que sufren adicci\u00f3n presenten una mayor propensi\u00f3n a asumir riesgos, una ralentizaci\u00f3n de las reacciones o\u00a0una falta de concentraci\u00f3n. La responsabilidad por cada empleado, as\u00ed como por la seguridad laboral en general, obliga a los empresarios a actuar. Los empresarios que hacen o\u00eddos sordos a su responsabilidad o miran hacia otro lado por una concepci\u00f3n equivocada est\u00e1n incumpliendo el deber de asistencia como empleadores. Apoyamos la prevenci\u00f3n activa de adicciones en su empresa con tests r\u00e1pidos de saliva eficientes, f\u00e1ciles de usar e\u00a0higi\u00e9nicos. Si tiene m\u00e1s preguntas, encontrar\u00e1 muchos consejos y\u00a0detalles interesantes en nuestro folleto Lugares de trabajo libres de\u00a0drogas. Por supuesto, tambi\u00e9n estamos disponibles por tel\u00e9fono si\u00a0desea concertar una cita de asesoramiento. Stephanie Konopac Tel.: 089 \/ 203080-16 51 Correo electr\u00f3nico: info@securetec.net &gt;&gt; Tests de drogas DrugWipe\u00ae[\/vc_column_text][tm_spacer size=\u00bblg:30&#8243;][tm_button button=\u00bburl:https%3A%2F%2Fwww.securetec.net%2Fes%2Fcontacto%2F|title:Contacto\u00bb][tm_spacer size=\u00bblg:30&#8243;][vc_column_text][\/vc_column_text][\/vc_column][\/vc_row]","protected":false},"author":1,"featured_media":0,"parent":7089,"menu_order":0,"comment_status":"closed","ping_status":"closed","template":"","meta":{"footnotes":""},"class_list":["post-7110","page","type-page","status-publish","hentry"],"yoast_head":"<!-- This site is optimized with the Yoast SEO plugin v25.6 - https:\/\/yoast.com\/wordpress\/plugins\/seo\/ -->\n<title>Cribado toxicol\u00f3gico en la empresa - Securetec Detektions-Systeme AG<\/title>\n<meta name=\"robots\" content=\"index, follow, max-snippet:-1, max-image-preview:large, max-video-preview:-1\" \/>\n<link rel=\"canonical\" href=\"https:\/\/www.securetec.net\/es\/soluciones\/cribado-toxicologico-en-la-empresa\/\" \/>\n<meta property=\"og:locale\" content=\"es_ES\" \/>\n<meta property=\"og:type\" content=\"article\" \/>\n<meta property=\"og:title\" content=\"Cribado toxicol\u00f3gico en la empresa - Securetec Detektions-Systeme AG\" \/>\n<meta property=\"og:url\" content=\"https:\/\/www.securetec.net\/es\/soluciones\/cribado-toxicologico-en-la-empresa\/\" \/>\n<meta property=\"og:site_name\" content=\"Securetec Detektions-Systeme AG\" \/>\n<meta property=\"article:modified_time\" content=\"2023-03-30T06:28:48+00:00\" \/>\n<meta name=\"twitter:card\" content=\"summary_large_image\" \/>\n<meta name=\"twitter:site\" content=\"@DrugWipeUK\" \/>\n<meta name=\"twitter:label1\" content=\"Est. reading time\" \/>\n\t<meta name=\"twitter:data1\" content=\"3 minutos\" \/>\n<script type=\"application\/ld+json\" class=\"yoast-schema-graph\">{\"@context\":\"https:\/\/schema.org\",\"@graph\":[{\"@type\":\"WebPage\",\"@id\":\"https:\/\/www.securetec.net\/es\/soluciones\/cribado-toxicologico-en-la-empresa\/\",\"url\":\"https:\/\/www.securetec.net\/es\/soluciones\/cribado-toxicologico-en-la-empresa\/\",\"name\":\"Cribado toxicol\u00f3gico en la empresa - Securetec Detektions-Systeme AG\",\"isPartOf\":{\"@id\":\"https:\/\/www.securetec.net\/es\/#website\"},\"datePublished\":\"2018-07-19T15:50:45+00:00\",\"dateModified\":\"2023-03-30T06:28:48+00:00\",\"breadcrumb\":{\"@id\":\"https:\/\/www.securetec.net\/es\/soluciones\/cribado-toxicologico-en-la-empresa\/#breadcrumb\"},\"inLanguage\":\"es\",\"potentialAction\":[{\"@type\":\"ReadAction\",\"target\":[\"https:\/\/www.securetec.net\/es\/soluciones\/cribado-toxicologico-en-la-empresa\/\"]}]},{\"@type\":\"BreadcrumbList\",\"@id\":\"https:\/\/www.securetec.net\/es\/soluciones\/cribado-toxicologico-en-la-empresa\/#breadcrumb\",\"itemListElement\":[{\"@type\":\"ListItem\",\"position\":1,\"name\":\"Startseite\",\"item\":\"https:\/\/www.securetec.net\/es\/\"},{\"@type\":\"ListItem\",\"position\":2,\"name\":\"Soluciones\",\"item\":\"https:\/\/www.securetec.net\/es\/soluciones\/\"},{\"@type\":\"ListItem\",\"position\":3,\"name\":\"Cribado toxicol\u00f3gico en la empresa\"}]},{\"@type\":\"WebSite\",\"@id\":\"https:\/\/www.securetec.net\/es\/#website\",\"url\":\"https:\/\/www.securetec.net\/es\/\",\"name\":\"Securetec Detektions-Systeme AG\",\"description\":\"We detect to protect\",\"publisher\":{\"@id\":\"https:\/\/www.securetec.net\/es\/#organization\"},\"potentialAction\":[{\"@type\":\"SearchAction\",\"target\":{\"@type\":\"EntryPoint\",\"urlTemplate\":\"https:\/\/www.securetec.net\/es\/?s={search_term_string}\"},\"query-input\":{\"@type\":\"PropertyValueSpecification\",\"valueRequired\":true,\"valueName\":\"search_term_string\"}}],\"inLanguage\":\"es\"},{\"@type\":\"Organization\",\"@id\":\"https:\/\/www.securetec.net\/es\/#organization\",\"name\":\"Securetec Detektions-Systeme AG\",\"url\":\"https:\/\/www.securetec.net\/es\/\",\"logo\":{\"@type\":\"ImageObject\",\"inLanguage\":\"es\",\"@id\":\"https:\/\/www.securetec.net\/es\/#\/schema\/logo\/image\/\",\"url\":\"https:\/\/www.securetec.net\/app\/uploads\/2018\/07\/Securetec_Logo_.png\",\"contentUrl\":\"https:\/\/www.securetec.net\/app\/uploads\/2018\/07\/Securetec_Logo_.png\",\"width\":411,\"height\":189,\"caption\":\"Securetec Detektions-Systeme AG\"},\"image\":{\"@id\":\"https:\/\/www.securetec.net\/es\/#\/schema\/logo\/image\/\"},\"sameAs\":[\"https:\/\/x.com\/DrugWipeUK\",\"https:\/\/www.linkedin.com\/company\/securetec\",\"https:\/\/www.youtube.com\/channel\/UCP9jQA-TYhtqanhaooppMqw\"]}]}<\/script>\n<!-- \/ Yoast SEO plugin. -->","yoast_head_json":{"title":"Cribado toxicol\u00f3gico en la empresa - Securetec Detektions-Systeme AG","robots":{"index":"index","follow":"follow","max-snippet":"max-snippet:-1","max-image-preview":"max-image-preview:large","max-video-preview":"max-video-preview:-1"},"canonical":"https:\/\/www.securetec.net\/es\/soluciones\/cribado-toxicologico-en-la-empresa\/","og_locale":"es_ES","og_type":"article","og_title":"Cribado toxicol\u00f3gico en la empresa - Securetec Detektions-Systeme AG","og_url":"https:\/\/www.securetec.net\/es\/soluciones\/cribado-toxicologico-en-la-empresa\/","og_site_name":"Securetec Detektions-Systeme AG","article_modified_time":"2023-03-30T06:28:48+00:00","twitter_card":"summary_large_image","twitter_site":"@DrugWipeUK","twitter_misc":{"Est. reading time":"3 minutos"},"schema":{"@context":"https:\/\/schema.org","@graph":[{"@type":"WebPage","@id":"https:\/\/www.securetec.net\/es\/soluciones\/cribado-toxicologico-en-la-empresa\/","url":"https:\/\/www.securetec.net\/es\/soluciones\/cribado-toxicologico-en-la-empresa\/","name":"Cribado toxicol\u00f3gico en la empresa - Securetec Detektions-Systeme AG","isPartOf":{"@id":"https:\/\/www.securetec.net\/es\/#website"},"datePublished":"2018-07-19T15:50:45+00:00","dateModified":"2023-03-30T06:28:48+00:00","breadcrumb":{"@id":"https:\/\/www.securetec.net\/es\/soluciones\/cribado-toxicologico-en-la-empresa\/#breadcrumb"},"inLanguage":"es","potentialAction":[{"@type":"ReadAction","target":["https:\/\/www.securetec.net\/es\/soluciones\/cribado-toxicologico-en-la-empresa\/"]}]},{"@type":"BreadcrumbList","@id":"https:\/\/www.securetec.net\/es\/soluciones\/cribado-toxicologico-en-la-empresa\/#breadcrumb","itemListElement":[{"@type":"ListItem","position":1,"name":"Startseite","item":"https:\/\/www.securetec.net\/es\/"},{"@type":"ListItem","position":2,"name":"Soluciones","item":"https:\/\/www.securetec.net\/es\/soluciones\/"},{"@type":"ListItem","position":3,"name":"Cribado toxicol\u00f3gico en la empresa"}]},{"@type":"WebSite","@id":"https:\/\/www.securetec.net\/es\/#website","url":"https:\/\/www.securetec.net\/es\/","name":"Securetec Detektions-Systeme AG","description":"We detect to protect","publisher":{"@id":"https:\/\/www.securetec.net\/es\/#organization"},"potentialAction":[{"@type":"SearchAction","target":{"@type":"EntryPoint","urlTemplate":"https:\/\/www.securetec.net\/es\/?s={search_term_string}"},"query-input":{"@type":"PropertyValueSpecification","valueRequired":true,"valueName":"search_term_string"}}],"inLanguage":"es"},{"@type":"Organization","@id":"https:\/\/www.securetec.net\/es\/#organization","name":"Securetec Detektions-Systeme AG","url":"https:\/\/www.securetec.net\/es\/","logo":{"@type":"ImageObject","inLanguage":"es","@id":"https:\/\/www.securetec.net\/es\/#\/schema\/logo\/image\/","url":"https:\/\/www.securetec.net\/app\/uploads\/2018\/07\/Securetec_Logo_.png","contentUrl":"https:\/\/www.securetec.net\/app\/uploads\/2018\/07\/Securetec_Logo_.png","width":411,"height":189,"caption":"Securetec Detektions-Systeme AG"},"image":{"@id":"https:\/\/www.securetec.net\/es\/#\/schema\/logo\/image\/"},"sameAs":["https:\/\/x.com\/DrugWipeUK","https:\/\/www.linkedin.com\/company\/securetec","https:\/\/www.youtube.com\/channel\/UCP9jQA-TYhtqanhaooppMqw"]}]}},"_links":{"self":[{"href":"https:\/\/www.securetec.net\/es\/wp-json\/wp\/v2\/pages\/7110","targetHints":{"allow":["GET"]}}],"collection":[{"href":"https:\/\/www.securetec.net\/es\/wp-json\/wp\/v2\/pages"}],"about":[{"href":"https:\/\/www.securetec.net\/es\/wp-json\/wp\/v2\/types\/page"}],"author":[{"embeddable":true,"href":"https:\/\/www.securetec.net\/es\/wp-json\/wp\/v2\/users\/1"}],"replies":[{"embeddable":true,"href":"https:\/\/www.securetec.net\/es\/wp-json\/wp\/v2\/comments?post=7110"}],"version-history":[{"count":12,"href":"https:\/\/www.securetec.net\/es\/wp-json\/wp\/v2\/pages\/7110\/revisions"}],"predecessor-version":[{"id":14205,"href":"https:\/\/www.securetec.net\/es\/wp-json\/wp\/v2\/pages\/7110\/revisions\/14205"}],"up":[{"embeddable":true,"href":"https:\/\/www.securetec.net\/es\/wp-json\/wp\/v2\/pages\/7089"}],"wp:attachment":[{"href":"https:\/\/www.securetec.net\/es\/wp-json\/wp\/v2\/media?parent=7110"}],"curies":[{"name":"wp","href":"https:\/\/api.w.org\/{rel}","templated":true}]}}