{"id":7106,"date":"2018-07-19T17:49:54","date_gmt":"2018-07-19T15:49:54","guid":{"rendered":"https:\/\/www.securetec.net\/?page_id=7106"},"modified":"2021-05-12T09:55:56","modified_gmt":"2021-05-12T07:55:56","slug":"deteccion-de-drogas-en-la-ciencia-forense","status":"publish","type":"page","link":"https:\/\/www.securetec.net\/es\/soluciones\/tests-rapidos-de-drogas-en-la-ciencia-forense\/deteccion-de-drogas-en-la-ciencia-forense\/","title":{"rendered":"Detecci\u00f3n de drogas en la ciencia forense"},"content":{"rendered":"<div class=\"wpb-content-wrapper\"><p>[vc_row lg_spacing=\u00bbmargin_bottom:20&#8243;][vc_column][vc_column_text]<\/p>\n<h2>Situaciones operativas y sospechosas<\/h2>\n<p>[\/vc_column_text][\/vc_column][\/vc_row][vc_row][vc_column][vc_tta_tabs style=\u00bbatomlab-03&#8243; shape=\u00bbsquare\u00bb active_section=\u00bb1&#8243;][vc_tta_section title=\u00bbCribado toxicol\u00f3gico en las c\u00e1rceles\u00bb tab_id=\u00bb1536151185918-c16ef444-8ce115374072737971537407987215&#8243;][vc_row_inner][vc_column_inner width=\u00bb3\/5&#8243;][vc_column_text]Otro \u00e1mbito de aplicaci\u00f3n es el cribado toxicol\u00f3gico en las c\u00e1rceles.<\/p>\n<p>Los tests de detecci\u00f3n de drogas DrugWipe<sup>\u00ae\u00a0<\/sup>A son tambi\u00e9n una herramienta importante aqu\u00ed para detectar la posesi\u00f3n, el tr\u00e1fico y el consumo de sustancias ilegales y para promover la rehabilitaci\u00f3n. El agente puede utilizar la herramienta de forma r\u00e1pida, sencilla y fiable y, de este modo, comprobar los casos sospechosos. A diferencia de los tests de orina, los tests de sudor y saliva no son un procedimiento degradante y son mucho m\u00e1s higi\u00e9nicos para ambas partes.<\/p>\n<p>Para los tipos de drogas dominantes en el mundo, existen los tests de detecci\u00f3n de drogas DrugWipe<sup>\u00ae\u00a0<\/sup>A correspondientes, que ofrecen a los agentes ventajas decisivas a\u00a0la hora de buscar pistas e\u00a0indicios.[\/vc_column_text][tm_spacer size=\u00bblg:30&#8243;][vc_message]<strong>Cribado toxicol\u00f3gico en las c\u00e1rceles \u2013 Ventajas de los <a href=\"https:\/\/www.securetec.net\/es\/productos\/test-de-drogas-drugwipe-a\/\">tests de detecci\u00f3n de drogas DrugWipe\u00ae <\/a><\/strong><\/p>\n<ul>\n<li>Resultados del test en tan solo 3-8\u00a0minutos<\/li>\n<li>Detecci\u00f3n fiable de hasta cinco tipos de drogas en un solo\u00a0test<\/li>\n<li>Toma de muestras higi\u00e9nica y sencilla<\/li>\n<li>Detecci\u00f3n fiable mediante anticuerpos muy espec\u00edficos<\/li>\n<li>Procedimiento espec\u00edfico que permite la asignaci\u00f3n clara de una persona al hallazgo de la droga<\/li>\n<\/ul>\n<p>[\/vc_message][\/vc_column_inner][vc_column_inner width=\u00bb2\/5&#8243; content_alignment=\u00bbright\u00bb][tm_image align=\u00bbright\u00bb image=\u00bb4694&#8243;][\/vc_column_inner][\/vc_row_inner][\/vc_tta_section][vc_tta_section title=\u00bbControles policiales aleatorios y frontera interior de Schengen\u00bb tab_id=\u00bb1536151185476-85492477-ba2a15374072737971537407987215&#8243;][vc_row_inner][vc_column_inner width=\u00bb3\/5&#8243;][vc_column_text]En la rutina diaria de los controles policiales aleatorios, el test de detecci\u00f3n de drogas ayuda a confirmar la primera sospecha de forma higi\u00e9nica, r\u00e1pida y econ\u00f3mica. El <a href=\"https:\/\/www.securetec.net\/es\/productos\/test-de-drogas-drugwipe-a\/\">test de detecci\u00f3n de drogas DrugWipe<sup>\u00ae<\/sup>\u00a0A<\/a> detecta restos de drogas que son invisibles para el ojo humano. Los rastros de drogas en tel\u00e9fonos m\u00f3viles, volantes, bolsos u otras superficies se pueden detectar de manera fiable en solo 8\u00a0minutos. Los agentes pueden llevar f\u00e1cilmente el test de bolsillo de reducidas dimensiones en el veh\u00edculo oficial.[\/vc_column_text][\/vc_column_inner][vc_column_inner width=\u00bb2\/5&#8243; content_alignment=\u00bbright\u00bb][tm_image align=\u00bbright\u00bb image=\u00bb4714&#8243;][\/vc_column_inner][\/vc_row_inner][\/vc_tta_section][vc_tta_section title=\u00bbRegistro de accidentes\u00bb tab_id=\u00bb1536151185617-65e1a5bf-38c915374072737971537407987215&#8243;][vc_row_inner][vc_column_inner width=\u00bb3\/5&#8243;][vc_column_text]Aumenta el n\u00famero de accidentes de tr\u00e1fico bajo los efectos de las drogas. El <a href=\"https:\/\/www.securetec.net\/es\/productos\/test-de-drogas-drugwipe-a\/\">test de drogas DrugWipe<sup>\u00ae<\/sup>\u00a0A<\/a> respalda la investigaci\u00f3n forense de las causas del accidente.<br \/>\nSi el veh\u00edculo est\u00e1 contaminado, se pueden iniciar otras investigaciones contra la persona que caus\u00f3 el accidente.[\/vc_column_text][\/vc_column_inner][vc_column_inner width=\u00bb2\/5&#8243; content_alignment=\u00bbright\u00bb][tm_image align=\u00bbright\u00bb image=\u00bb4718&#8243;][\/vc_column_inner][\/vc_row_inner][\/vc_tta_section][vc_tta_section title=\u00bbDetecci\u00f3n de rastros de drogas como indicio de comercio ilegal\u00bb tab_id=\u00bb1536151185770-a18ce226-d46e15374072737971537407987215&#8243;][vc_row_inner][vc_column_inner width=\u00bb3\/5&#8243;][vc_column_text]El espectro de drogas consumidas evoluciona constantemente y en el mercado est\u00e1n apareciendo nuevas sustancias psicoactivas que se elaboran y se comercializan en laboratorios ilegales en toda Europa. En 2018, se descubrieron 23\u00a0laboratorios de MDMA en Espa\u00f1a, Suecia y los Pa\u00edses Bajos, entre otros, as\u00ed como laboratorios para la elaboraci\u00f3n de hero\u00edna en Europa del Este, Espa\u00f1a y los Pa\u00edses Bajos.<sup>1<\/sup> La incautaci\u00f3n en 2018 de m\u00e1s de 3\u00a0millones de plantas de c\u00e1\u00f1amo en la UE parece indicar que esta droga tambi\u00e9n se cultiva dentro de las fronteras del\u00a0pa\u00eds.<sup>1<\/sup><\/p>\n<p>Si existe alguna sospecha de comercio ilegal, los forenses pueden utilizar f\u00e1cilmente el <a href=\"https:\/\/www.securetec.net\/es\/productos\/test-de-drogas-en-superficies-drugwipe-f\/\">test de superficies DrugWipe<sup>\u00ae<\/sup>\u00a0F<\/a> en cualquier superficie para detectar rastros de drogas y\u00a0confirmar as\u00ed la sospecha.<\/p>\n<p><em><span style=\"font-size: 8pt;\">Fuente:<\/span><\/em><br \/>\n<em><span style=\"font-size: 8pt;\">1 Informe Europeo sobre Drogas 2019\/2020: https:\/\/www.emcdda.europa.eu\/system\/files\/attachments\/13242\/HighlightsEDR2020_DE_Final_web.pdf<\/span><\/em>[\/vc_column_text][\/vc_column_inner][vc_column_inner width=\u00bb2\/5&#8243; content_alignment=\u00bbright\u00bb][tm_image align=\u00bbright\u00bb image=\u00bb4706&#8243;][\/vc_column_inner][\/vc_row_inner][\/vc_tta_section][\/vc_tta_tabs][\/vc_column][\/vc_row][vc_row][vc_column][tm_spacer size=\u00bblg:30&#8243;][vc_column_text]<a href=\"https:\/\/www.securetec.net\/es\/resumen-de-tests-de-drogas\/\">&gt;&gt; M\u00e1s informaci\u00f3n sobre tests de drogas DrugWipe<sup>\u00ae<\/sup><\/a>[\/vc_column_text][\/vc_column][\/vc_row]<\/p>\n<\/div>","protected":false},"excerpt":{"rendered":"[vc_row lg_spacing=\u00bbmargin_bottom:20&#8243;][vc_column][vc_column_text] Situaciones operativas y sospechosas [\/vc_column_text][\/vc_column][\/vc_row][vc_row][vc_column][vc_tta_tabs style=\u00bbatomlab-03&#8243; shape=\u00bbsquare\u00bb active_section=\u00bb1&#8243;][vc_tta_section title=\u00bbCribado toxicol\u00f3gico en las c\u00e1rceles\u00bb tab_id=\u00bb1536151185918-c16ef444-8ce115374072737971537407987215&#8243;][vc_row_inner][vc_column_inner width=\u00bb3\/5&#8243;][vc_column_text]Otro \u00e1mbito de aplicaci\u00f3n es el cribado toxicol\u00f3gico en las c\u00e1rceles. Los tests de detecci\u00f3n de drogas DrugWipe\u00ae\u00a0A son tambi\u00e9n una herramienta importante aqu\u00ed para detectar la posesi\u00f3n, el tr\u00e1fico y el consumo de sustancias ilegales y para promover la rehabilitaci\u00f3n. El agente puede utilizar la herramienta de forma r\u00e1pida, sencilla y fiable y, de este modo, comprobar los casos sospechosos. A diferencia de los tests de orina, los tests de sudor y saliva no son un procedimiento degradante y son mucho m\u00e1s higi\u00e9nicos para ambas partes. Para los tipos de drogas dominantes en el mundo, existen los tests de detecci\u00f3n de drogas DrugWipe\u00ae\u00a0A correspondientes, que ofrecen a los agentes ventajas decisivas a\u00a0la hora de buscar pistas e\u00a0indicios.[\/vc_column_text][tm_spacer size=\u00bblg:30&#8243;][vc_message]Cribado toxicol\u00f3gico en las c\u00e1rceles \u2013 Ventajas de los tests de detecci\u00f3n de drogas DrugWipe\u00ae Resultados del test en tan solo 3-8\u00a0minutos Detecci\u00f3n fiable de hasta cinco tipos de drogas en un solo\u00a0test Toma de muestras higi\u00e9nica y sencilla Detecci\u00f3n fiable mediante anticuerpos muy espec\u00edficos Procedimiento espec\u00edfico que permite la asignaci\u00f3n clara de una persona al hallazgo de la droga [\/vc_message][\/vc_column_inner][vc_column_inner width=\u00bb2\/5&#8243; content_alignment=\u00bbright\u00bb][tm_image align=\u00bbright\u00bb image=\u00bb4694&#8243;][\/vc_column_inner][\/vc_row_inner][\/vc_tta_section][vc_tta_section title=\u00bbControles policiales aleatorios y frontera interior de Schengen\u00bb tab_id=\u00bb1536151185476-85492477-ba2a15374072737971537407987215&#8243;][vc_row_inner][vc_column_inner width=\u00bb3\/5&#8243;][vc_column_text]En la rutina diaria de los controles policiales aleatorios, el test de detecci\u00f3n de drogas ayuda a confirmar la primera sospecha de forma higi\u00e9nica, r\u00e1pida y econ\u00f3mica. El test de detecci\u00f3n de drogas DrugWipe\u00ae\u00a0A detecta restos de drogas que son invisibles para el ojo humano. Los rastros de drogas en tel\u00e9fonos m\u00f3viles, volantes, bolsos u otras superficies se pueden detectar de manera fiable en solo 8\u00a0minutos. Los agentes pueden llevar f\u00e1cilmente el test de bolsillo de reducidas dimensiones en el veh\u00edculo oficial.[\/vc_column_text][\/vc_column_inner][vc_column_inner width=\u00bb2\/5&#8243; content_alignment=\u00bbright\u00bb][tm_image align=\u00bbright\u00bb image=\u00bb4714&#8243;][\/vc_column_inner][\/vc_row_inner][\/vc_tta_section][vc_tta_section title=\u00bbRegistro de accidentes\u00bb tab_id=\u00bb1536151185617-65e1a5bf-38c915374072737971537407987215&#8243;][vc_row_inner][vc_column_inner width=\u00bb3\/5&#8243;][vc_column_text]Aumenta el n\u00famero de accidentes de tr\u00e1fico bajo los efectos de las drogas. El test de drogas DrugWipe\u00ae\u00a0A respalda la investigaci\u00f3n forense de las causas del accidente. Si el veh\u00edculo est\u00e1 contaminado, se pueden iniciar otras investigaciones contra la persona que caus\u00f3 el accidente.[\/vc_column_text][\/vc_column_inner][vc_column_inner width=\u00bb2\/5&#8243; content_alignment=\u00bbright\u00bb][tm_image align=\u00bbright\u00bb image=\u00bb4718&#8243;][\/vc_column_inner][\/vc_row_inner][\/vc_tta_section][vc_tta_section title=\u00bbDetecci\u00f3n de rastros de drogas como indicio de comercio ilegal\u00bb tab_id=\u00bb1536151185770-a18ce226-d46e15374072737971537407987215&#8243;][vc_row_inner][vc_column_inner width=\u00bb3\/5&#8243;][vc_column_text]El espectro de drogas consumidas evoluciona constantemente y en el mercado est\u00e1n apareciendo nuevas sustancias psicoactivas que se elaboran y se comercializan en laboratorios ilegales en toda Europa. En 2018, se descubrieron 23\u00a0laboratorios de MDMA en Espa\u00f1a, Suecia y los Pa\u00edses Bajos, entre otros, as\u00ed como laboratorios para la elaboraci\u00f3n de hero\u00edna en Europa del Este, Espa\u00f1a y los Pa\u00edses Bajos.1 La incautaci\u00f3n en 2018 de m\u00e1s de 3\u00a0millones de plantas de c\u00e1\u00f1amo en la UE parece indicar que esta droga tambi\u00e9n se cultiva dentro de las fronteras del\u00a0pa\u00eds.1 Si existe alguna sospecha de comercio ilegal, los forenses pueden utilizar f\u00e1cilmente el test de superficies DrugWipe\u00ae\u00a0F en cualquier superficie para detectar rastros de drogas y\u00a0confirmar as\u00ed la sospecha. Fuente: 1 Informe Europeo sobre Drogas 2019\/2020: https:\/\/www.emcdda.europa.eu\/system\/files\/attachments\/13242\/HighlightsEDR2020_DE_Final_web.pdf[\/vc_column_text][\/vc_column_inner][vc_column_inner width=\u00bb2\/5&#8243; content_alignment=\u00bbright\u00bb][tm_image align=\u00bbright\u00bb image=\u00bb4706&#8243;][\/vc_column_inner][\/vc_row_inner][\/vc_tta_section][\/vc_tta_tabs][\/vc_column][\/vc_row][vc_row][vc_column][tm_spacer size=\u00bblg:30&#8243;][vc_column_text]&gt;&gt; M\u00e1s informaci\u00f3n sobre tests de drogas DrugWipe\u00ae[\/vc_column_text][\/vc_column][\/vc_row]","protected":false},"author":1,"featured_media":0,"parent":7103,"menu_order":0,"comment_status":"closed","ping_status":"closed","template":"","meta":{"footnotes":""},"class_list":["post-7106","page","type-page","status-publish","hentry"],"yoast_head":"<!-- This site is optimized with the Yoast SEO plugin v25.6 - https:\/\/yoast.com\/wordpress\/plugins\/seo\/ -->\n<title>Detecci\u00f3n de drogas en la ciencia forense - Securetec Detektions-Systeme AG<\/title>\n<meta name=\"description\" content=\"Drogenwischtest bei Unfallaufnahme und Schleierfahndung Schengenbinnengrenze: Der Wischtest DrugWipe\u00ae A weist R\u00fcckst\u00e4nde von Drogen nach, die f\u00fcr das menschliche Auge unsichtbar sind. Drogenspuren auf Mobiltelefonen, Lenkr\u00e4dern, Taschen oder anderen Oberfl\u00e4chen.\" \/>\n<meta name=\"robots\" content=\"index, follow, max-snippet:-1, max-image-preview:large, max-video-preview:-1\" \/>\n<link rel=\"canonical\" href=\"https:\/\/www.securetec.net\/es\/soluciones\/tests-rapidos-de-drogas-en-la-ciencia-forense\/deteccion-de-drogas-en-la-ciencia-forense\/\" \/>\n<meta property=\"og:locale\" content=\"es_ES\" \/>\n<meta property=\"og:type\" content=\"article\" \/>\n<meta property=\"og:title\" content=\"Detecci\u00f3n de drogas en la ciencia forense - Securetec Detektions-Systeme AG\" \/>\n<meta property=\"og:description\" content=\"Drogenwischtest bei Unfallaufnahme und Schleierfahndung Schengenbinnengrenze: Der Wischtest DrugWipe\u00ae A weist R\u00fcckst\u00e4nde von Drogen nach, die f\u00fcr das menschliche Auge unsichtbar sind. Drogenspuren auf Mobiltelefonen, Lenkr\u00e4dern, Taschen oder anderen Oberfl\u00e4chen.\" \/>\n<meta property=\"og:url\" content=\"https:\/\/www.securetec.net\/es\/soluciones\/tests-rapidos-de-drogas-en-la-ciencia-forense\/deteccion-de-drogas-en-la-ciencia-forense\/\" \/>\n<meta property=\"og:site_name\" content=\"Securetec Detektions-Systeme AG\" \/>\n<meta property=\"article:modified_time\" content=\"2021-05-12T07:55:56+00:00\" \/>\n<meta name=\"twitter:card\" content=\"summary_large_image\" \/>\n<meta name=\"twitter:site\" content=\"@DrugWipeUK\" \/>\n<meta name=\"twitter:label1\" content=\"Est. reading time\" \/>\n\t<meta name=\"twitter:data1\" content=\"3 minutos\" \/>\n<script type=\"application\/ld+json\" class=\"yoast-schema-graph\">{\"@context\":\"https:\/\/schema.org\",\"@graph\":[{\"@type\":\"WebPage\",\"@id\":\"https:\/\/www.securetec.net\/es\/soluciones\/tests-rapidos-de-drogas-en-la-ciencia-forense\/deteccion-de-drogas-en-la-ciencia-forense\/\",\"url\":\"https:\/\/www.securetec.net\/es\/soluciones\/tests-rapidos-de-drogas-en-la-ciencia-forense\/deteccion-de-drogas-en-la-ciencia-forense\/\",\"name\":\"Detecci\u00f3n de drogas en la ciencia forense - Securetec Detektions-Systeme AG\",\"isPartOf\":{\"@id\":\"https:\/\/www.securetec.net\/es\/#website\"},\"datePublished\":\"2018-07-19T15:49:54+00:00\",\"dateModified\":\"2021-05-12T07:55:56+00:00\",\"description\":\"Drogenwischtest bei Unfallaufnahme und Schleierfahndung Schengenbinnengrenze: Der Wischtest DrugWipe\u00ae A weist R\u00fcckst\u00e4nde von Drogen nach, die f\u00fcr das menschliche Auge unsichtbar sind. Drogenspuren auf Mobiltelefonen, Lenkr\u00e4dern, Taschen oder anderen Oberfl\u00e4chen.\",\"breadcrumb\":{\"@id\":\"https:\/\/www.securetec.net\/es\/soluciones\/tests-rapidos-de-drogas-en-la-ciencia-forense\/deteccion-de-drogas-en-la-ciencia-forense\/#breadcrumb\"},\"inLanguage\":\"es\",\"potentialAction\":[{\"@type\":\"ReadAction\",\"target\":[\"https:\/\/www.securetec.net\/es\/soluciones\/tests-rapidos-de-drogas-en-la-ciencia-forense\/deteccion-de-drogas-en-la-ciencia-forense\/\"]}]},{\"@type\":\"BreadcrumbList\",\"@id\":\"https:\/\/www.securetec.net\/es\/soluciones\/tests-rapidos-de-drogas-en-la-ciencia-forense\/deteccion-de-drogas-en-la-ciencia-forense\/#breadcrumb\",\"itemListElement\":[{\"@type\":\"ListItem\",\"position\":1,\"name\":\"Startseite\",\"item\":\"https:\/\/www.securetec.net\/es\/\"},{\"@type\":\"ListItem\",\"position\":2,\"name\":\"Soluciones\",\"item\":\"https:\/\/www.securetec.net\/es\/soluciones\/\"},{\"@type\":\"ListItem\",\"position\":3,\"name\":\"Tests r\u00e1pidos de drogas en la ciencia forense\",\"item\":\"https:\/\/www.securetec.net\/es\/soluciones\/tests-rapidos-de-drogas-en-la-ciencia-forense\/\"},{\"@type\":\"ListItem\",\"position\":4,\"name\":\"Detecci\u00f3n de drogas en la ciencia forense\"}]},{\"@type\":\"WebSite\",\"@id\":\"https:\/\/www.securetec.net\/es\/#website\",\"url\":\"https:\/\/www.securetec.net\/es\/\",\"name\":\"Securetec Detektions-Systeme AG\",\"description\":\"We detect to protect\",\"publisher\":{\"@id\":\"https:\/\/www.securetec.net\/es\/#organization\"},\"potentialAction\":[{\"@type\":\"SearchAction\",\"target\":{\"@type\":\"EntryPoint\",\"urlTemplate\":\"https:\/\/www.securetec.net\/es\/?s={search_term_string}\"},\"query-input\":{\"@type\":\"PropertyValueSpecification\",\"valueRequired\":true,\"valueName\":\"search_term_string\"}}],\"inLanguage\":\"es\"},{\"@type\":\"Organization\",\"@id\":\"https:\/\/www.securetec.net\/es\/#organization\",\"name\":\"Securetec Detektions-Systeme AG\",\"url\":\"https:\/\/www.securetec.net\/es\/\",\"logo\":{\"@type\":\"ImageObject\",\"inLanguage\":\"es\",\"@id\":\"https:\/\/www.securetec.net\/es\/#\/schema\/logo\/image\/\",\"url\":\"https:\/\/www.securetec.net\/app\/uploads\/2018\/07\/Securetec_Logo_.png\",\"contentUrl\":\"https:\/\/www.securetec.net\/app\/uploads\/2018\/07\/Securetec_Logo_.png\",\"width\":411,\"height\":189,\"caption\":\"Securetec Detektions-Systeme AG\"},\"image\":{\"@id\":\"https:\/\/www.securetec.net\/es\/#\/schema\/logo\/image\/\"},\"sameAs\":[\"https:\/\/x.com\/DrugWipeUK\",\"https:\/\/www.linkedin.com\/company\/securetec\",\"https:\/\/www.youtube.com\/channel\/UCP9jQA-TYhtqanhaooppMqw\"]}]}<\/script>\n<!-- \/ Yoast SEO plugin. -->","yoast_head_json":{"title":"Detecci\u00f3n de drogas en la ciencia forense - Securetec Detektions-Systeme AG","description":"Drogenwischtest bei Unfallaufnahme und Schleierfahndung Schengenbinnengrenze: Der Wischtest DrugWipe\u00ae A weist R\u00fcckst\u00e4nde von Drogen nach, die f\u00fcr das menschliche Auge unsichtbar sind. Drogenspuren auf Mobiltelefonen, Lenkr\u00e4dern, Taschen oder anderen Oberfl\u00e4chen.","robots":{"index":"index","follow":"follow","max-snippet":"max-snippet:-1","max-image-preview":"max-image-preview:large","max-video-preview":"max-video-preview:-1"},"canonical":"https:\/\/www.securetec.net\/es\/soluciones\/tests-rapidos-de-drogas-en-la-ciencia-forense\/deteccion-de-drogas-en-la-ciencia-forense\/","og_locale":"es_ES","og_type":"article","og_title":"Detecci\u00f3n de drogas en la ciencia forense - Securetec Detektions-Systeme AG","og_description":"Drogenwischtest bei Unfallaufnahme und Schleierfahndung Schengenbinnengrenze: Der Wischtest DrugWipe\u00ae A weist R\u00fcckst\u00e4nde von Drogen nach, die f\u00fcr das menschliche Auge unsichtbar sind. Drogenspuren auf Mobiltelefonen, Lenkr\u00e4dern, Taschen oder anderen Oberfl\u00e4chen.","og_url":"https:\/\/www.securetec.net\/es\/soluciones\/tests-rapidos-de-drogas-en-la-ciencia-forense\/deteccion-de-drogas-en-la-ciencia-forense\/","og_site_name":"Securetec Detektions-Systeme AG","article_modified_time":"2021-05-12T07:55:56+00:00","twitter_card":"summary_large_image","twitter_site":"@DrugWipeUK","twitter_misc":{"Est. reading time":"3 minutos"},"schema":{"@context":"https:\/\/schema.org","@graph":[{"@type":"WebPage","@id":"https:\/\/www.securetec.net\/es\/soluciones\/tests-rapidos-de-drogas-en-la-ciencia-forense\/deteccion-de-drogas-en-la-ciencia-forense\/","url":"https:\/\/www.securetec.net\/es\/soluciones\/tests-rapidos-de-drogas-en-la-ciencia-forense\/deteccion-de-drogas-en-la-ciencia-forense\/","name":"Detecci\u00f3n de drogas en la ciencia forense - Securetec Detektions-Systeme AG","isPartOf":{"@id":"https:\/\/www.securetec.net\/es\/#website"},"datePublished":"2018-07-19T15:49:54+00:00","dateModified":"2021-05-12T07:55:56+00:00","description":"Drogenwischtest bei Unfallaufnahme und Schleierfahndung Schengenbinnengrenze: Der Wischtest DrugWipe\u00ae A weist R\u00fcckst\u00e4nde von Drogen nach, die f\u00fcr das menschliche Auge unsichtbar sind. Drogenspuren auf Mobiltelefonen, Lenkr\u00e4dern, Taschen oder anderen Oberfl\u00e4chen.","breadcrumb":{"@id":"https:\/\/www.securetec.net\/es\/soluciones\/tests-rapidos-de-drogas-en-la-ciencia-forense\/deteccion-de-drogas-en-la-ciencia-forense\/#breadcrumb"},"inLanguage":"es","potentialAction":[{"@type":"ReadAction","target":["https:\/\/www.securetec.net\/es\/soluciones\/tests-rapidos-de-drogas-en-la-ciencia-forense\/deteccion-de-drogas-en-la-ciencia-forense\/"]}]},{"@type":"BreadcrumbList","@id":"https:\/\/www.securetec.net\/es\/soluciones\/tests-rapidos-de-drogas-en-la-ciencia-forense\/deteccion-de-drogas-en-la-ciencia-forense\/#breadcrumb","itemListElement":[{"@type":"ListItem","position":1,"name":"Startseite","item":"https:\/\/www.securetec.net\/es\/"},{"@type":"ListItem","position":2,"name":"Soluciones","item":"https:\/\/www.securetec.net\/es\/soluciones\/"},{"@type":"ListItem","position":3,"name":"Tests r\u00e1pidos de drogas en la ciencia forense","item":"https:\/\/www.securetec.net\/es\/soluciones\/tests-rapidos-de-drogas-en-la-ciencia-forense\/"},{"@type":"ListItem","position":4,"name":"Detecci\u00f3n de drogas en la ciencia forense"}]},{"@type":"WebSite","@id":"https:\/\/www.securetec.net\/es\/#website","url":"https:\/\/www.securetec.net\/es\/","name":"Securetec Detektions-Systeme AG","description":"We detect to protect","publisher":{"@id":"https:\/\/www.securetec.net\/es\/#organization"},"potentialAction":[{"@type":"SearchAction","target":{"@type":"EntryPoint","urlTemplate":"https:\/\/www.securetec.net\/es\/?s={search_term_string}"},"query-input":{"@type":"PropertyValueSpecification","valueRequired":true,"valueName":"search_term_string"}}],"inLanguage":"es"},{"@type":"Organization","@id":"https:\/\/www.securetec.net\/es\/#organization","name":"Securetec Detektions-Systeme AG","url":"https:\/\/www.securetec.net\/es\/","logo":{"@type":"ImageObject","inLanguage":"es","@id":"https:\/\/www.securetec.net\/es\/#\/schema\/logo\/image\/","url":"https:\/\/www.securetec.net\/app\/uploads\/2018\/07\/Securetec_Logo_.png","contentUrl":"https:\/\/www.securetec.net\/app\/uploads\/2018\/07\/Securetec_Logo_.png","width":411,"height":189,"caption":"Securetec Detektions-Systeme AG"},"image":{"@id":"https:\/\/www.securetec.net\/es\/#\/schema\/logo\/image\/"},"sameAs":["https:\/\/x.com\/DrugWipeUK","https:\/\/www.linkedin.com\/company\/securetec","https:\/\/www.youtube.com\/channel\/UCP9jQA-TYhtqanhaooppMqw"]}]}},"_links":{"self":[{"href":"https:\/\/www.securetec.net\/es\/wp-json\/wp\/v2\/pages\/7106","targetHints":{"allow":["GET"]}}],"collection":[{"href":"https:\/\/www.securetec.net\/es\/wp-json\/wp\/v2\/pages"}],"about":[{"href":"https:\/\/www.securetec.net\/es\/wp-json\/wp\/v2\/types\/page"}],"author":[{"embeddable":true,"href":"https:\/\/www.securetec.net\/es\/wp-json\/wp\/v2\/users\/1"}],"replies":[{"embeddable":true,"href":"https:\/\/www.securetec.net\/es\/wp-json\/wp\/v2\/comments?post=7106"}],"version-history":[{"count":16,"href":"https:\/\/www.securetec.net\/es\/wp-json\/wp\/v2\/pages\/7106\/revisions"}],"predecessor-version":[{"id":12395,"href":"https:\/\/www.securetec.net\/es\/wp-json\/wp\/v2\/pages\/7106\/revisions\/12395"}],"up":[{"embeddable":true,"href":"https:\/\/www.securetec.net\/es\/wp-json\/wp\/v2\/pages\/7103"}],"wp:attachment":[{"href":"https:\/\/www.securetec.net\/es\/wp-json\/wp\/v2\/media?parent=7106"}],"curies":[{"name":"wp","href":"https:\/\/api.w.org\/{rel}","templated":true}]}}