{"id":7103,"date":"2018-07-19T17:49:19","date_gmt":"2018-07-19T15:49:19","guid":{"rendered":"https:\/\/www.securetec.net\/?page_id=7103"},"modified":"2021-05-07T13:30:46","modified_gmt":"2021-05-07T11:30:46","slug":"tests-rapidos-de-drogas-en-la-ciencia-forense","status":"publish","type":"page","link":"https:\/\/www.securetec.net\/es\/soluciones\/tests-rapidos-de-drogas-en-la-ciencia-forense\/","title":{"rendered":"Tests r\u00e1pidos de drogas en la ciencia forense"},"content":{"rendered":"<div class=\"wpb-content-wrapper\"><p>[vc_row][vc_column width=\u00bb2\/3&#8243;][vc_column_text css=\u00bb.vc_custom_1620387030592{margin-bottom: 40px !important;}\u00bb]<\/p>\n<h2>Detecci\u00f3n de drogas para luchar contra el narcotr\u00e1fico<\/h2>\n<p>Las tecnolog\u00edas y los sistemas de prueba actuales garantizan una protecci\u00f3n efectiva y eficiente frente a la entrada y el tr\u00e1fico ilegales de drogas, en especial en los pa\u00edses con elevados niveles de importaci\u00f3n y\u00a0exportaci\u00f3n.<\/p>\n<p>En estrecha cooperaci\u00f3n con las autoridades nacionales e internacionales, Securetec\u00a0AG desarrolla sistemas de detecci\u00f3n como, por ejemplo, tests de superficies o de detecci\u00f3n de drogas, que ayudan a realizar su trabajo de forma fiable a funcionarios de aduanas, guardias de fronteras y\u00a0agentes de estupefacientes.<\/p>\n<p>La producci\u00f3n de drogas en Europa no solo ha aumentado, sino que tambi\u00e9n se ha diversificado. El mercado europeo acoge ahora la fabricaci\u00f3n, el tr\u00e1fico y\u00a0el consumo de nuevas sustancias psicoactivas adem\u00e1s del cannabis, la hero\u00edna, la coca\u00edna y\u00a0las anfetaminas.<\/p>\n<p>Las drogas duras como la coca\u00edna y la hero\u00edna gozan cada vez de mayor popularidad en Europa.\u00a0Se ha aumentado el grado de pureza de la coca\u00edna y asciende el n\u00famero de consumidores. El n\u00famero de incautaciones de coca\u00edna ascendi\u00f3 a\u00a0181\u00a0toneladas en\u00a02020.<sup>1<\/sup><\/p>\n<p>Tambi\u00e9n en el caso de la hero\u00edna se registran r\u00e9cords aterradores. Por ejemplo, en 2018, se incautaron en la Uni\u00f3n Europea cerca de 16\u00a0toneladas de anh\u00eddrido ac\u00e9tico, una materia prima para la elaboraci\u00f3n de hero\u00edna. Otras nueve toneladas se detuvieron antes de que pudieran incorporarse al mercado. Adem\u00e1s, se descubrieron laboratorios para la elaboraci\u00f3n de hero\u00edna a partir de morfina en Europa del Este, Espa\u00f1a y los Pa\u00edses Bajos. Esto, junto con el creciente n\u00famero de incautaciones de morfina y opio, apunta a un mayor consumo de hero\u00edna y a\u00a0una mayor elaboraci\u00f3n dentro de la\u00a0UE.<sup>1 <\/sup><\/p>\n<p>La propagaci\u00f3n, la disponibilidad y el potencial de aumento de consumo son motivo de preocupaci\u00f3n y evidencian la necesidad urgente de encontrar soluciones adecuadas para combatir el tr\u00e1fico de drogas.[\/vc_column_text][vc_column_text]<\/p>\n<h2>Detecci\u00f3n de drogas fiable mediante el test de drogas DrugWipe<sup>\u00ae\u00a0<\/sup>A<\/h2>\n<p>Un test de superficies o de detecci\u00f3n de drogas, como el DrugWipe<sup>\u00ae\u00a0<\/sup>A, ofrece a los investigadores una ayuda valiosa en esta tarea. Gracias a los procesos de detecci\u00f3n de anticuerpos de \u00faltima generaci\u00f3n, incluso las cantidades m\u00e1s peque\u00f1as de las sustancias que se buscan pueden detectarse e identificarse de manera fiable. Esto se aplica tanto a la detecci\u00f3n en superficies como al control de contenedores de carga. Con el test de detecci\u00f3n de drogas DrugWipe<sup>\u00ae\u00a0<\/sup>A, los investigadores pueden detectar rastros de drogas equivalentes a aproximadamente una cucharada de az\u00facar disuelta en una piscina ol\u00edmpica con un volumen de agua de 2,5\u00a0millones de\u00a0litros.<\/p>\n<p>Tambi\u00e9n al determinar las causas de accidentes, en el sistema penal o durante los controles de identidad, los tests de detecci\u00f3n de drogas\u00a0DrugWipe<sup>\u00ae\u00a0<\/sup>A son una herramienta importante para rastrear la posesi\u00f3n, el tr\u00e1fico y\u00a0el consumo de sustancias ilegales en pocos minutos.<\/p>\n<p><span style=\"font-size: 8pt;\">Fuente:<\/span><br \/>\n<span style=\"font-size: 8pt;\">1 Informe Europeo sobre Drogas 2019\/2020: https:\/\/www.emcdda.europa.eu\/system\/files\/attachments\/13242\/HighlightsEDR2020_DE_Final_web.pdf<\/span><\/p>\n<p><a href=\"https:\/\/www.securetec.net\/es\/resumen-de-tests-de-drogas\/\">&gt;&gt; M\u00e1s informaci\u00f3n sobre tests de drogas DrugWipe<sup>\u00ae<\/sup><\/a>[\/vc_column_text][\/vc_column][vc_column width=\u00bb1\/3&#8243;][tm_image align=\u00bbright\u00bb image=\u00bb4686&#8243;][\/vc_column][\/vc_row]<\/p>\n<\/div>","protected":false},"excerpt":{"rendered":"[vc_row][vc_column width=\u00bb2\/3&#8243;][vc_column_text css=\u00bb.vc_custom_1620387030592{margin-bottom: 40px !important;}\u00bb] Detecci\u00f3n de drogas para luchar contra el narcotr\u00e1fico Las tecnolog\u00edas y los sistemas de prueba actuales garantizan una protecci\u00f3n efectiva y eficiente frente a la entrada y el tr\u00e1fico ilegales de drogas, en especial en los pa\u00edses con elevados niveles de importaci\u00f3n y\u00a0exportaci\u00f3n. En estrecha cooperaci\u00f3n con las autoridades nacionales e internacionales, Securetec\u00a0AG desarrolla sistemas de detecci\u00f3n como, por ejemplo, tests de superficies o de detecci\u00f3n de drogas, que ayudan a realizar su trabajo de forma fiable a funcionarios de aduanas, guardias de fronteras y\u00a0agentes de estupefacientes. La producci\u00f3n de drogas en Europa no solo ha aumentado, sino que tambi\u00e9n se ha diversificado. El mercado europeo acoge ahora la fabricaci\u00f3n, el tr\u00e1fico y\u00a0el consumo de nuevas sustancias psicoactivas adem\u00e1s del cannabis, la hero\u00edna, la coca\u00edna y\u00a0las anfetaminas. Las drogas duras como la coca\u00edna y la hero\u00edna gozan cada vez de mayor popularidad en Europa.\u00a0Se ha aumentado el grado de pureza de la coca\u00edna y asciende el n\u00famero de consumidores. El n\u00famero de incautaciones de coca\u00edna ascendi\u00f3 a\u00a0181\u00a0toneladas en\u00a02020.1 Tambi\u00e9n en el caso de la hero\u00edna se registran r\u00e9cords aterradores. Por ejemplo, en 2018, se incautaron en la Uni\u00f3n Europea cerca de 16\u00a0toneladas de anh\u00eddrido ac\u00e9tico, una materia prima para la elaboraci\u00f3n de hero\u00edna. Otras nueve toneladas se detuvieron antes de que pudieran incorporarse al mercado. Adem\u00e1s, se descubrieron laboratorios para la elaboraci\u00f3n de hero\u00edna a partir de morfina en Europa del Este, Espa\u00f1a y los Pa\u00edses Bajos. Esto, junto con el creciente n\u00famero de incautaciones de morfina y opio, apunta a un mayor consumo de hero\u00edna y a\u00a0una mayor elaboraci\u00f3n dentro de la\u00a0UE.1 La propagaci\u00f3n, la disponibilidad y el potencial de aumento de consumo son motivo de preocupaci\u00f3n y evidencian la necesidad urgente de encontrar soluciones adecuadas para combatir el tr\u00e1fico de drogas.[\/vc_column_text][vc_column_text] Detecci\u00f3n de drogas fiable mediante el test de drogas DrugWipe\u00ae\u00a0A Un test de superficies o de detecci\u00f3n de drogas, como el DrugWipe\u00ae\u00a0A, ofrece a los investigadores una ayuda valiosa en esta tarea. Gracias a los procesos de detecci\u00f3n de anticuerpos de \u00faltima generaci\u00f3n, incluso las cantidades m\u00e1s peque\u00f1as de las sustancias que se buscan pueden detectarse e identificarse de manera fiable. Esto se aplica tanto a la detecci\u00f3n en superficies como al control de contenedores de carga. Con el test de detecci\u00f3n de drogas DrugWipe\u00ae\u00a0A, los investigadores pueden detectar rastros de drogas equivalentes a aproximadamente una cucharada de az\u00facar disuelta en una piscina ol\u00edmpica con un volumen de agua de 2,5\u00a0millones de\u00a0litros. Tambi\u00e9n al determinar las causas de accidentes, en el sistema penal o durante los controles de identidad, los tests de detecci\u00f3n de drogas\u00a0DrugWipe\u00ae\u00a0A son una herramienta importante para rastrear la posesi\u00f3n, el tr\u00e1fico y\u00a0el consumo de sustancias ilegales en pocos minutos. Fuente: 1 Informe Europeo sobre Drogas 2019\/2020: https:\/\/www.emcdda.europa.eu\/system\/files\/attachments\/13242\/HighlightsEDR2020_DE_Final_web.pdf &gt;&gt; M\u00e1s informaci\u00f3n sobre tests de drogas DrugWipe\u00ae[\/vc_column_text][\/vc_column][vc_column width=\u00bb1\/3&#8243;][tm_image align=\u00bbright\u00bb image=\u00bb4686&#8243;][\/vc_column][\/vc_row]","protected":false},"author":1,"featured_media":0,"parent":7089,"menu_order":0,"comment_status":"closed","ping_status":"closed","template":"","meta":{"footnotes":""},"class_list":["post-7103","page","type-page","status-publish","hentry"],"yoast_head":"<!-- This site is optimized with the Yoast SEO plugin v25.6 - https:\/\/yoast.com\/wordpress\/plugins\/seo\/ -->\n<title>Tests r\u00e1pidos de drogas en la ciencia forense - Securetec Detektions-Systeme AG<\/title>\n<meta name=\"description\" content=\"Drogennachweis bei der Drogenfahndung: Oberfl\u00e4chen bzw. Wischtests bieten f\u00fcr die Fahnder wertvolle Unterst\u00fctzung. Dank modernster Antik\u00f6rper-Nachweisverfahren k\u00f6nnen \u00fcber die Testsysteme auch Kleinstmengen der gesuchten Substanzen\" \/>\n<meta name=\"robots\" content=\"index, follow, max-snippet:-1, max-image-preview:large, max-video-preview:-1\" \/>\n<link rel=\"canonical\" href=\"https:\/\/www.securetec.net\/es\/soluciones\/tests-rapidos-de-drogas-en-la-ciencia-forense\/\" \/>\n<meta property=\"og:locale\" content=\"es_ES\" \/>\n<meta property=\"og:type\" content=\"article\" \/>\n<meta property=\"og:title\" content=\"Tests r\u00e1pidos de drogas en la ciencia forense - Securetec Detektions-Systeme AG\" \/>\n<meta property=\"og:description\" content=\"Drogennachweis bei der Drogenfahndung: Oberfl\u00e4chen bzw. Wischtests bieten f\u00fcr die Fahnder wertvolle Unterst\u00fctzung. Dank modernster Antik\u00f6rper-Nachweisverfahren k\u00f6nnen \u00fcber die Testsysteme auch Kleinstmengen der gesuchten Substanzen\" \/>\n<meta property=\"og:url\" content=\"https:\/\/www.securetec.net\/es\/soluciones\/tests-rapidos-de-drogas-en-la-ciencia-forense\/\" \/>\n<meta property=\"og:site_name\" content=\"Securetec Detektions-Systeme AG\" \/>\n<meta property=\"article:modified_time\" content=\"2021-05-07T11:30:46+00:00\" \/>\n<meta name=\"twitter:card\" content=\"summary_large_image\" \/>\n<meta name=\"twitter:site\" content=\"@DrugWipeUK\" \/>\n<meta name=\"twitter:label1\" content=\"Est. reading time\" \/>\n\t<meta name=\"twitter:data1\" content=\"3 minutos\" \/>\n<script type=\"application\/ld+json\" class=\"yoast-schema-graph\">{\"@context\":\"https:\/\/schema.org\",\"@graph\":[{\"@type\":\"WebPage\",\"@id\":\"https:\/\/www.securetec.net\/es\/soluciones\/tests-rapidos-de-drogas-en-la-ciencia-forense\/\",\"url\":\"https:\/\/www.securetec.net\/es\/soluciones\/tests-rapidos-de-drogas-en-la-ciencia-forense\/\",\"name\":\"Tests r\u00e1pidos de drogas en la ciencia forense - Securetec Detektions-Systeme AG\",\"isPartOf\":{\"@id\":\"https:\/\/www.securetec.net\/es\/#website\"},\"datePublished\":\"2018-07-19T15:49:19+00:00\",\"dateModified\":\"2021-05-07T11:30:46+00:00\",\"description\":\"Drogennachweis bei der Drogenfahndung: Oberfl\u00e4chen bzw. Wischtests bieten f\u00fcr die Fahnder wertvolle Unterst\u00fctzung. Dank modernster Antik\u00f6rper-Nachweisverfahren k\u00f6nnen \u00fcber die Testsysteme auch Kleinstmengen der gesuchten Substanzen\",\"breadcrumb\":{\"@id\":\"https:\/\/www.securetec.net\/es\/soluciones\/tests-rapidos-de-drogas-en-la-ciencia-forense\/#breadcrumb\"},\"inLanguage\":\"es\",\"potentialAction\":[{\"@type\":\"ReadAction\",\"target\":[\"https:\/\/www.securetec.net\/es\/soluciones\/tests-rapidos-de-drogas-en-la-ciencia-forense\/\"]}]},{\"@type\":\"BreadcrumbList\",\"@id\":\"https:\/\/www.securetec.net\/es\/soluciones\/tests-rapidos-de-drogas-en-la-ciencia-forense\/#breadcrumb\",\"itemListElement\":[{\"@type\":\"ListItem\",\"position\":1,\"name\":\"Startseite\",\"item\":\"https:\/\/www.securetec.net\/es\/\"},{\"@type\":\"ListItem\",\"position\":2,\"name\":\"Soluciones\",\"item\":\"https:\/\/www.securetec.net\/es\/soluciones\/\"},{\"@type\":\"ListItem\",\"position\":3,\"name\":\"Tests r\u00e1pidos de drogas en la ciencia forense\"}]},{\"@type\":\"WebSite\",\"@id\":\"https:\/\/www.securetec.net\/es\/#website\",\"url\":\"https:\/\/www.securetec.net\/es\/\",\"name\":\"Securetec Detektions-Systeme AG\",\"description\":\"We detect to protect\",\"publisher\":{\"@id\":\"https:\/\/www.securetec.net\/es\/#organization\"},\"potentialAction\":[{\"@type\":\"SearchAction\",\"target\":{\"@type\":\"EntryPoint\",\"urlTemplate\":\"https:\/\/www.securetec.net\/es\/?s={search_term_string}\"},\"query-input\":{\"@type\":\"PropertyValueSpecification\",\"valueRequired\":true,\"valueName\":\"search_term_string\"}}],\"inLanguage\":\"es\"},{\"@type\":\"Organization\",\"@id\":\"https:\/\/www.securetec.net\/es\/#organization\",\"name\":\"Securetec Detektions-Systeme AG\",\"url\":\"https:\/\/www.securetec.net\/es\/\",\"logo\":{\"@type\":\"ImageObject\",\"inLanguage\":\"es\",\"@id\":\"https:\/\/www.securetec.net\/es\/#\/schema\/logo\/image\/\",\"url\":\"https:\/\/www.securetec.net\/app\/uploads\/2018\/07\/Securetec_Logo_.png\",\"contentUrl\":\"https:\/\/www.securetec.net\/app\/uploads\/2018\/07\/Securetec_Logo_.png\",\"width\":411,\"height\":189,\"caption\":\"Securetec Detektions-Systeme AG\"},\"image\":{\"@id\":\"https:\/\/www.securetec.net\/es\/#\/schema\/logo\/image\/\"},\"sameAs\":[\"https:\/\/x.com\/DrugWipeUK\",\"https:\/\/www.linkedin.com\/company\/securetec\",\"https:\/\/www.youtube.com\/channel\/UCP9jQA-TYhtqanhaooppMqw\"]}]}<\/script>\n<!-- \/ Yoast SEO plugin. -->","yoast_head_json":{"title":"Tests r\u00e1pidos de drogas en la ciencia forense - Securetec Detektions-Systeme AG","description":"Drogennachweis bei der Drogenfahndung: Oberfl\u00e4chen bzw. Wischtests bieten f\u00fcr die Fahnder wertvolle Unterst\u00fctzung. Dank modernster Antik\u00f6rper-Nachweisverfahren k\u00f6nnen \u00fcber die Testsysteme auch Kleinstmengen der gesuchten Substanzen","robots":{"index":"index","follow":"follow","max-snippet":"max-snippet:-1","max-image-preview":"max-image-preview:large","max-video-preview":"max-video-preview:-1"},"canonical":"https:\/\/www.securetec.net\/es\/soluciones\/tests-rapidos-de-drogas-en-la-ciencia-forense\/","og_locale":"es_ES","og_type":"article","og_title":"Tests r\u00e1pidos de drogas en la ciencia forense - Securetec Detektions-Systeme AG","og_description":"Drogennachweis bei der Drogenfahndung: Oberfl\u00e4chen bzw. Wischtests bieten f\u00fcr die Fahnder wertvolle Unterst\u00fctzung. Dank modernster Antik\u00f6rper-Nachweisverfahren k\u00f6nnen \u00fcber die Testsysteme auch Kleinstmengen der gesuchten Substanzen","og_url":"https:\/\/www.securetec.net\/es\/soluciones\/tests-rapidos-de-drogas-en-la-ciencia-forense\/","og_site_name":"Securetec Detektions-Systeme AG","article_modified_time":"2021-05-07T11:30:46+00:00","twitter_card":"summary_large_image","twitter_site":"@DrugWipeUK","twitter_misc":{"Est. reading time":"3 minutos"},"schema":{"@context":"https:\/\/schema.org","@graph":[{"@type":"WebPage","@id":"https:\/\/www.securetec.net\/es\/soluciones\/tests-rapidos-de-drogas-en-la-ciencia-forense\/","url":"https:\/\/www.securetec.net\/es\/soluciones\/tests-rapidos-de-drogas-en-la-ciencia-forense\/","name":"Tests r\u00e1pidos de drogas en la ciencia forense - Securetec Detektions-Systeme AG","isPartOf":{"@id":"https:\/\/www.securetec.net\/es\/#website"},"datePublished":"2018-07-19T15:49:19+00:00","dateModified":"2021-05-07T11:30:46+00:00","description":"Drogennachweis bei der Drogenfahndung: Oberfl\u00e4chen bzw. Wischtests bieten f\u00fcr die Fahnder wertvolle Unterst\u00fctzung. Dank modernster Antik\u00f6rper-Nachweisverfahren k\u00f6nnen \u00fcber die Testsysteme auch Kleinstmengen der gesuchten Substanzen","breadcrumb":{"@id":"https:\/\/www.securetec.net\/es\/soluciones\/tests-rapidos-de-drogas-en-la-ciencia-forense\/#breadcrumb"},"inLanguage":"es","potentialAction":[{"@type":"ReadAction","target":["https:\/\/www.securetec.net\/es\/soluciones\/tests-rapidos-de-drogas-en-la-ciencia-forense\/"]}]},{"@type":"BreadcrumbList","@id":"https:\/\/www.securetec.net\/es\/soluciones\/tests-rapidos-de-drogas-en-la-ciencia-forense\/#breadcrumb","itemListElement":[{"@type":"ListItem","position":1,"name":"Startseite","item":"https:\/\/www.securetec.net\/es\/"},{"@type":"ListItem","position":2,"name":"Soluciones","item":"https:\/\/www.securetec.net\/es\/soluciones\/"},{"@type":"ListItem","position":3,"name":"Tests r\u00e1pidos de drogas en la ciencia forense"}]},{"@type":"WebSite","@id":"https:\/\/www.securetec.net\/es\/#website","url":"https:\/\/www.securetec.net\/es\/","name":"Securetec Detektions-Systeme AG","description":"We detect to protect","publisher":{"@id":"https:\/\/www.securetec.net\/es\/#organization"},"potentialAction":[{"@type":"SearchAction","target":{"@type":"EntryPoint","urlTemplate":"https:\/\/www.securetec.net\/es\/?s={search_term_string}"},"query-input":{"@type":"PropertyValueSpecification","valueRequired":true,"valueName":"search_term_string"}}],"inLanguage":"es"},{"@type":"Organization","@id":"https:\/\/www.securetec.net\/es\/#organization","name":"Securetec Detektions-Systeme AG","url":"https:\/\/www.securetec.net\/es\/","logo":{"@type":"ImageObject","inLanguage":"es","@id":"https:\/\/www.securetec.net\/es\/#\/schema\/logo\/image\/","url":"https:\/\/www.securetec.net\/app\/uploads\/2018\/07\/Securetec_Logo_.png","contentUrl":"https:\/\/www.securetec.net\/app\/uploads\/2018\/07\/Securetec_Logo_.png","width":411,"height":189,"caption":"Securetec Detektions-Systeme AG"},"image":{"@id":"https:\/\/www.securetec.net\/es\/#\/schema\/logo\/image\/"},"sameAs":["https:\/\/x.com\/DrugWipeUK","https:\/\/www.linkedin.com\/company\/securetec","https:\/\/www.youtube.com\/channel\/UCP9jQA-TYhtqanhaooppMqw"]}]}},"_links":{"self":[{"href":"https:\/\/www.securetec.net\/es\/wp-json\/wp\/v2\/pages\/7103","targetHints":{"allow":["GET"]}}],"collection":[{"href":"https:\/\/www.securetec.net\/es\/wp-json\/wp\/v2\/pages"}],"about":[{"href":"https:\/\/www.securetec.net\/es\/wp-json\/wp\/v2\/types\/page"}],"author":[{"embeddable":true,"href":"https:\/\/www.securetec.net\/es\/wp-json\/wp\/v2\/users\/1"}],"replies":[{"embeddable":true,"href":"https:\/\/www.securetec.net\/es\/wp-json\/wp\/v2\/comments?post=7103"}],"version-history":[{"count":7,"href":"https:\/\/www.securetec.net\/es\/wp-json\/wp\/v2\/pages\/7103\/revisions"}],"predecessor-version":[{"id":12404,"href":"https:\/\/www.securetec.net\/es\/wp-json\/wp\/v2\/pages\/7103\/revisions\/12404"}],"up":[{"embeddable":true,"href":"https:\/\/www.securetec.net\/es\/wp-json\/wp\/v2\/pages\/7089"}],"wp:attachment":[{"href":"https:\/\/www.securetec.net\/es\/wp-json\/wp\/v2\/media?parent=7103"}],"curies":[{"name":"wp","href":"https:\/\/api.w.org\/{rel}","templated":true}]}}