{"id":7100,"date":"2018-11-13T15:45:07","date_gmt":"2018-11-13T14:45:07","guid":{"rendered":"https:\/\/www.securetec.net\/?page_id=7100"},"modified":"2021-05-04T09:37:37","modified_gmt":"2021-05-04T07:37:37","slug":"drogas-al-volante","status":"publish","type":"page","link":"https:\/\/www.securetec.net\/es\/soluciones\/test-toxicologico-preliminar-para-la-policia\/drogas-al-volante\/","title":{"rendered":"Drogas al volante"},"content":{"rendered":"<div class=\"wpb-content-wrapper\"><p>[vc_row][vc_column width=\u00bb2\/3&#8243;][vc_column_text]<\/p>\n<p class=\"p1\"><b>Los tests r\u00e1pidos permiten detectar el consumo de drogas en cualquier momento y\u00a0lugar. Los tests de saliva superan a\u00a0los tests de orina en t\u00e9rminos de fiabilidad, manejo e\u00a0higiene.<\/b><\/p>\n<p class=\"p1\">En lo que concierne al consumo de drogas, las alteraciones y las se\u00f1ales de p\u00e9rdida de capacidades son menos evidentes que al consumir alcohol. Por este motivo, los tests r\u00e1pidos de drogas son esenciales y permiten a las fuerzas policiales realizar un cribado toxicol\u00f3gico eficaz de forma sencilla, higi\u00e9nica y directamente en el lugar. En el \u00e1mbito de la seguridad vial, los tests r\u00e1pidos forman parte del equipamiento b\u00e1sico de la polic\u00eda desde hace tiempo y, por lo tanto, casi todos los veh\u00edculos de emergencia en Alemania est\u00e1n equipados hoy en d\u00eda con tests r\u00e1pidos de drogas.<span class=\"Apple-converted-space\">\u00a0<\/span><\/p>\n<p class=\"p1\">Los agentes pueden realizar la toma de muestra ellos mismos. A diferencia de los tests de orina, es pr\u00e1cticamente imposible manipular este tipo de test. La intrusi\u00f3n en la privacidad del conductor del veh\u00edculo es m\u00ednima y la disposici\u00f3n a cooperar es, por lo tanto, relativamente alta. Al mismo tiempo, el umbral de inhibici\u00f3n de los usuarios para trabajar con tests de saliva es menor porque no entran en contacto con el medio de muestra. Los resultados casi siempre se pueden confirmar en sangre, ya que los intervalos de tiempo del principio activo en la saliva y la sangre se corresponden muy bien. En pa\u00edses como Australia, Francia o Espa\u00f1a, ya se ha introducido el an\u00e1lisis confirmatorio con saliva.<\/p>\n<p class=\"p1\"><b>Las pruebas de laboratorio confirman la sospecha inicial<br \/>\n<\/b>Tambi\u00e9n en el \u00e1mbito de la seguridad laboral, el cribado toxicol\u00f3gico peri\u00f3dico es una pr\u00e1ctica est\u00e1ndar desde hace tiempo, especialmente para los empleados en puestos de particular responsabilidad, como la seguridad de la aviaci\u00f3n, o para las personas que realizan actividades con un mayor riesgo potencial, como trabajar en l\u00edneas de alta tensi\u00f3n.<span class=\"Apple-converted-space\">\u00a0<\/span><\/p>\n<p class=\"p1\">En estas circunstancias, los tests de drogas m\u00f3viles que se realizan en la calle o en la empresa no sustituyen nunca a las pruebas de laboratorio. Incluso en el caso de una fiabilidad del test del 99\u00a0%, un an\u00e1lisis de laboratorio de saliva o sangre debe confirmar legalmente la sospecha inicial de uso de\u00a0drogas.<\/p>\n<p><a href=\"https:\/\/www.securetec.net\/es\/productos\/test-de-drogas-con-saliva-drugwipe\/\">https:\/\/www.securetec.net\/es\/productos\/test-de-drogas-con-saliva-drugwipe\/<\/a>[\/vc_column_text][\/vc_column][vc_column width=\u00bb1\/3&#8243; content_alignment=\u00bbright\u00bb][tm_image align=\u00bbright\u00bb image=\u00bb11360&#8243;][\/vc_column][\/vc_row]<\/p>\n<\/div>","protected":false},"excerpt":{"rendered":"[vc_row][vc_column width=\u00bb2\/3&#8243;][vc_column_text] Los tests r\u00e1pidos permiten detectar el consumo de drogas en cualquier momento y\u00a0lugar. Los tests de saliva superan a\u00a0los tests de orina en t\u00e9rminos de fiabilidad, manejo e\u00a0higiene. En lo que concierne al consumo de drogas, las alteraciones y las se\u00f1ales de p\u00e9rdida de capacidades son menos evidentes que al consumir alcohol. Por este motivo, los tests r\u00e1pidos de drogas son esenciales y permiten a las fuerzas policiales realizar un cribado toxicol\u00f3gico eficaz de forma sencilla, higi\u00e9nica y directamente en el lugar. En el \u00e1mbito de la seguridad vial, los tests r\u00e1pidos forman parte del equipamiento b\u00e1sico de la polic\u00eda desde hace tiempo y, por lo tanto, casi todos los veh\u00edculos de emergencia en Alemania est\u00e1n equipados hoy en d\u00eda con tests r\u00e1pidos de drogas.\u00a0 Los agentes pueden realizar la toma de muestra ellos mismos. A diferencia de los tests de orina, es pr\u00e1cticamente imposible manipular este tipo de test. La intrusi\u00f3n en la privacidad del conductor del veh\u00edculo es m\u00ednima y la disposici\u00f3n a cooperar es, por lo tanto, relativamente alta. Al mismo tiempo, el umbral de inhibici\u00f3n de los usuarios para trabajar con tests de saliva es menor porque no entran en contacto con el medio de muestra. Los resultados casi siempre se pueden confirmar en sangre, ya que los intervalos de tiempo del principio activo en la saliva y la sangre se corresponden muy bien. En pa\u00edses como Australia, Francia o Espa\u00f1a, ya se ha introducido el an\u00e1lisis confirmatorio con saliva. Las pruebas de laboratorio confirman la sospecha inicial Tambi\u00e9n en el \u00e1mbito de la seguridad laboral, el cribado toxicol\u00f3gico peri\u00f3dico es una pr\u00e1ctica est\u00e1ndar desde hace tiempo, especialmente para los empleados en puestos de particular responsabilidad, como la seguridad de la aviaci\u00f3n, o para las personas que realizan actividades con un mayor riesgo potencial, como trabajar en l\u00edneas de alta tensi\u00f3n.\u00a0 En estas circunstancias, los tests de drogas m\u00f3viles que se realizan en la calle o en la empresa no sustituyen nunca a las pruebas de laboratorio. Incluso en el caso de una fiabilidad del test del 99\u00a0%, un an\u00e1lisis de laboratorio de saliva o sangre debe confirmar legalmente la sospecha inicial de uso de\u00a0drogas. https:\/\/www.securetec.net\/es\/productos\/test-de-drogas-con-saliva-drugwipe\/[\/vc_column_text][\/vc_column][vc_column width=\u00bb1\/3&#8243; content_alignment=\u00bbright\u00bb][tm_image align=\u00bbright\u00bb image=\u00bb11360&#8243;][\/vc_column][\/vc_row]","protected":false},"author":6,"featured_media":0,"parent":7094,"menu_order":0,"comment_status":"closed","ping_status":"closed","template":"","meta":{"footnotes":""},"class_list":["post-7100","page","type-page","status-publish","hentry"],"yoast_head":"<!-- This site is optimized with the Yoast SEO plugin v25.6 - https:\/\/yoast.com\/wordpress\/plugins\/seo\/ -->\n<title>Drogas al volante - Securetec Detektions-Systeme AG<\/title>\n<meta name=\"robots\" content=\"index, follow, max-snippet:-1, max-image-preview:large, max-video-preview:-1\" \/>\n<link rel=\"canonical\" href=\"https:\/\/www.securetec.net\/es\/soluciones\/test-toxicologico-preliminar-para-la-policia\/drogas-al-volante\/\" \/>\n<meta property=\"og:locale\" content=\"es_ES\" \/>\n<meta property=\"og:type\" content=\"article\" \/>\n<meta property=\"og:title\" content=\"Drogas al volante - Securetec Detektions-Systeme AG\" \/>\n<meta property=\"og:url\" content=\"https:\/\/www.securetec.net\/es\/soluciones\/test-toxicologico-preliminar-para-la-policia\/drogas-al-volante\/\" \/>\n<meta property=\"og:site_name\" content=\"Securetec Detektions-Systeme AG\" \/>\n<meta property=\"article:modified_time\" content=\"2021-05-04T07:37:37+00:00\" \/>\n<meta name=\"twitter:card\" content=\"summary_large_image\" \/>\n<meta name=\"twitter:site\" content=\"@DrugWipeUK\" \/>\n<meta name=\"twitter:label1\" content=\"Est. reading time\" \/>\n\t<meta name=\"twitter:data1\" content=\"2 minutos\" \/>\n<script type=\"application\/ld+json\" class=\"yoast-schema-graph\">{\"@context\":\"https:\/\/schema.org\",\"@graph\":[{\"@type\":\"WebPage\",\"@id\":\"https:\/\/www.securetec.net\/es\/soluciones\/test-toxicologico-preliminar-para-la-policia\/drogas-al-volante\/\",\"url\":\"https:\/\/www.securetec.net\/es\/soluciones\/test-toxicologico-preliminar-para-la-policia\/drogas-al-volante\/\",\"name\":\"Drogas al volante - Securetec Detektions-Systeme AG\",\"isPartOf\":{\"@id\":\"https:\/\/www.securetec.net\/es\/#website\"},\"datePublished\":\"2018-11-13T14:45:07+00:00\",\"dateModified\":\"2021-05-04T07:37:37+00:00\",\"breadcrumb\":{\"@id\":\"https:\/\/www.securetec.net\/es\/soluciones\/test-toxicologico-preliminar-para-la-policia\/drogas-al-volante\/#breadcrumb\"},\"inLanguage\":\"es\",\"potentialAction\":[{\"@type\":\"ReadAction\",\"target\":[\"https:\/\/www.securetec.net\/es\/soluciones\/test-toxicologico-preliminar-para-la-policia\/drogas-al-volante\/\"]}]},{\"@type\":\"BreadcrumbList\",\"@id\":\"https:\/\/www.securetec.net\/es\/soluciones\/test-toxicologico-preliminar-para-la-policia\/drogas-al-volante\/#breadcrumb\",\"itemListElement\":[{\"@type\":\"ListItem\",\"position\":1,\"name\":\"Startseite\",\"item\":\"https:\/\/www.securetec.net\/es\/\"},{\"@type\":\"ListItem\",\"position\":2,\"name\":\"Soluciones\",\"item\":\"https:\/\/www.securetec.net\/es\/soluciones\/\"},{\"@type\":\"ListItem\",\"position\":3,\"name\":\"Test toxicol\u00f3gico preliminar para la polic\u00eda\",\"item\":\"https:\/\/www.securetec.net\/es\/soluciones\/test-toxicologico-preliminar-para-la-policia\/\"},{\"@type\":\"ListItem\",\"position\":4,\"name\":\"Drogas al volante\"}]},{\"@type\":\"WebSite\",\"@id\":\"https:\/\/www.securetec.net\/es\/#website\",\"url\":\"https:\/\/www.securetec.net\/es\/\",\"name\":\"Securetec Detektions-Systeme AG\",\"description\":\"We detect to protect\",\"publisher\":{\"@id\":\"https:\/\/www.securetec.net\/es\/#organization\"},\"potentialAction\":[{\"@type\":\"SearchAction\",\"target\":{\"@type\":\"EntryPoint\",\"urlTemplate\":\"https:\/\/www.securetec.net\/es\/?s={search_term_string}\"},\"query-input\":{\"@type\":\"PropertyValueSpecification\",\"valueRequired\":true,\"valueName\":\"search_term_string\"}}],\"inLanguage\":\"es\"},{\"@type\":\"Organization\",\"@id\":\"https:\/\/www.securetec.net\/es\/#organization\",\"name\":\"Securetec Detektions-Systeme AG\",\"url\":\"https:\/\/www.securetec.net\/es\/\",\"logo\":{\"@type\":\"ImageObject\",\"inLanguage\":\"es\",\"@id\":\"https:\/\/www.securetec.net\/es\/#\/schema\/logo\/image\/\",\"url\":\"https:\/\/www.securetec.net\/app\/uploads\/2018\/07\/Securetec_Logo_.png\",\"contentUrl\":\"https:\/\/www.securetec.net\/app\/uploads\/2018\/07\/Securetec_Logo_.png\",\"width\":411,\"height\":189,\"caption\":\"Securetec Detektions-Systeme AG\"},\"image\":{\"@id\":\"https:\/\/www.securetec.net\/es\/#\/schema\/logo\/image\/\"},\"sameAs\":[\"https:\/\/x.com\/DrugWipeUK\",\"https:\/\/www.linkedin.com\/company\/securetec\",\"https:\/\/www.youtube.com\/channel\/UCP9jQA-TYhtqanhaooppMqw\"]}]}<\/script>\n<!-- \/ Yoast SEO plugin. -->","yoast_head_json":{"title":"Drogas al volante - Securetec Detektions-Systeme AG","robots":{"index":"index","follow":"follow","max-snippet":"max-snippet:-1","max-image-preview":"max-image-preview:large","max-video-preview":"max-video-preview:-1"},"canonical":"https:\/\/www.securetec.net\/es\/soluciones\/test-toxicologico-preliminar-para-la-policia\/drogas-al-volante\/","og_locale":"es_ES","og_type":"article","og_title":"Drogas al volante - Securetec Detektions-Systeme AG","og_url":"https:\/\/www.securetec.net\/es\/soluciones\/test-toxicologico-preliminar-para-la-policia\/drogas-al-volante\/","og_site_name":"Securetec Detektions-Systeme AG","article_modified_time":"2021-05-04T07:37:37+00:00","twitter_card":"summary_large_image","twitter_site":"@DrugWipeUK","twitter_misc":{"Est. reading time":"2 minutos"},"schema":{"@context":"https:\/\/schema.org","@graph":[{"@type":"WebPage","@id":"https:\/\/www.securetec.net\/es\/soluciones\/test-toxicologico-preliminar-para-la-policia\/drogas-al-volante\/","url":"https:\/\/www.securetec.net\/es\/soluciones\/test-toxicologico-preliminar-para-la-policia\/drogas-al-volante\/","name":"Drogas al volante - Securetec Detektions-Systeme AG","isPartOf":{"@id":"https:\/\/www.securetec.net\/es\/#website"},"datePublished":"2018-11-13T14:45:07+00:00","dateModified":"2021-05-04T07:37:37+00:00","breadcrumb":{"@id":"https:\/\/www.securetec.net\/es\/soluciones\/test-toxicologico-preliminar-para-la-policia\/drogas-al-volante\/#breadcrumb"},"inLanguage":"es","potentialAction":[{"@type":"ReadAction","target":["https:\/\/www.securetec.net\/es\/soluciones\/test-toxicologico-preliminar-para-la-policia\/drogas-al-volante\/"]}]},{"@type":"BreadcrumbList","@id":"https:\/\/www.securetec.net\/es\/soluciones\/test-toxicologico-preliminar-para-la-policia\/drogas-al-volante\/#breadcrumb","itemListElement":[{"@type":"ListItem","position":1,"name":"Startseite","item":"https:\/\/www.securetec.net\/es\/"},{"@type":"ListItem","position":2,"name":"Soluciones","item":"https:\/\/www.securetec.net\/es\/soluciones\/"},{"@type":"ListItem","position":3,"name":"Test toxicol\u00f3gico preliminar para la polic\u00eda","item":"https:\/\/www.securetec.net\/es\/soluciones\/test-toxicologico-preliminar-para-la-policia\/"},{"@type":"ListItem","position":4,"name":"Drogas al volante"}]},{"@type":"WebSite","@id":"https:\/\/www.securetec.net\/es\/#website","url":"https:\/\/www.securetec.net\/es\/","name":"Securetec Detektions-Systeme AG","description":"We detect to protect","publisher":{"@id":"https:\/\/www.securetec.net\/es\/#organization"},"potentialAction":[{"@type":"SearchAction","target":{"@type":"EntryPoint","urlTemplate":"https:\/\/www.securetec.net\/es\/?s={search_term_string}"},"query-input":{"@type":"PropertyValueSpecification","valueRequired":true,"valueName":"search_term_string"}}],"inLanguage":"es"},{"@type":"Organization","@id":"https:\/\/www.securetec.net\/es\/#organization","name":"Securetec Detektions-Systeme AG","url":"https:\/\/www.securetec.net\/es\/","logo":{"@type":"ImageObject","inLanguage":"es","@id":"https:\/\/www.securetec.net\/es\/#\/schema\/logo\/image\/","url":"https:\/\/www.securetec.net\/app\/uploads\/2018\/07\/Securetec_Logo_.png","contentUrl":"https:\/\/www.securetec.net\/app\/uploads\/2018\/07\/Securetec_Logo_.png","width":411,"height":189,"caption":"Securetec Detektions-Systeme AG"},"image":{"@id":"https:\/\/www.securetec.net\/es\/#\/schema\/logo\/image\/"},"sameAs":["https:\/\/x.com\/DrugWipeUK","https:\/\/www.linkedin.com\/company\/securetec","https:\/\/www.youtube.com\/channel\/UCP9jQA-TYhtqanhaooppMqw"]}]}},"_links":{"self":[{"href":"https:\/\/www.securetec.net\/es\/wp-json\/wp\/v2\/pages\/7100","targetHints":{"allow":["GET"]}}],"collection":[{"href":"https:\/\/www.securetec.net\/es\/wp-json\/wp\/v2\/pages"}],"about":[{"href":"https:\/\/www.securetec.net\/es\/wp-json\/wp\/v2\/types\/page"}],"author":[{"embeddable":true,"href":"https:\/\/www.securetec.net\/es\/wp-json\/wp\/v2\/users\/6"}],"replies":[{"embeddable":true,"href":"https:\/\/www.securetec.net\/es\/wp-json\/wp\/v2\/comments?post=7100"}],"version-history":[{"count":5,"href":"https:\/\/www.securetec.net\/es\/wp-json\/wp\/v2\/pages\/7100\/revisions"}],"predecessor-version":[{"id":12318,"href":"https:\/\/www.securetec.net\/es\/wp-json\/wp\/v2\/pages\/7100\/revisions\/12318"}],"up":[{"embeddable":true,"href":"https:\/\/www.securetec.net\/es\/wp-json\/wp\/v2\/pages\/7094"}],"wp:attachment":[{"href":"https:\/\/www.securetec.net\/es\/wp-json\/wp\/v2\/media?parent=7100"}],"curies":[{"name":"wp","href":"https:\/\/api.w.org\/{rel}","templated":true}]}}