{"id":7097,"date":"2018-11-13T15:42:38","date_gmt":"2018-11-13T14:42:38","guid":{"rendered":"https:\/\/www.securetec.net\/?page_id=7097"},"modified":"2021-05-03T19:07:12","modified_gmt":"2021-05-03T17:07:12","slug":"formacion-para-la-deteccion-de-drogas","status":"publish","type":"page","link":"https:\/\/www.securetec.net\/es\/soluciones\/test-toxicologico-preliminar-para-la-policia\/formacion-para-la-deteccion-de-drogas\/","title":{"rendered":"Formaci\u00f3n para la detecci\u00f3n de drogas"},"content":{"rendered":"<div class=\"wpb-content-wrapper\"><p>[vc_row][vc_column width=\u00bb2\/3&#8243;][vc_column_text]<\/p>\n<div class=\"text-content\">\n<div class=\"inhalt \">\n<h3>Formaci\u00f3n en detecci\u00f3n de drogas<\/h3>\n<p class=\"p1\">Con una dilatada experiencia en la detecci\u00f3n de drogas, Securetec es socio competente de organismos de investigaci\u00f3n en m\u00e1s de 30\u00a0pa\u00edses en todo el\u00a0mundo.<span class=\"Apple-converted-space\">\u00a0<\/span><\/p>\n<p class=\"p1\">Nos alegra apoyar a nuestros clientes con formatos de formaci\u00f3n individuales y sin costes adicionales para agentes de la polic\u00eda.<span class=\"Apple-converted-space\">\u00a0<\/span><\/p>\n<p class=\"p1\">Nuestros profesores experimentados proporcionan conocimientos te\u00f3ricos y pr\u00e1cticos sobre las drogas y\u00a0los medicamentos.<span class=\"Apple-converted-space\">\u00a0<\/span><\/p>\n<p class=\"p1\">\u00bfQu\u00e9 efectos tienen las drogas? \u00bfComo detectar a los consumidores? \u00bfY qu\u00e9 se debe tener en cuenta al realizar un test de drogas? Benef\u00edciese de la experiencia internacional de los expertos de Securetec en su pa\u00eds y\u00a0en el extranjero.<span class=\"Apple-converted-space\">\u00a0<\/span><\/p>\n<p class=\"p1\">Consideramos nuestros cursos de formaci\u00f3n un servicio para nuestros clientes y respaldamos su trabajo con cursos y materiales formativos personalizados.<span class=\"Apple-converted-space\">\u00a0<\/span><\/p>\n<p class=\"p1\">Nuestros profesores estar\u00e1n encantados de preparar su paquete de servicios individual sobre la detecci\u00f3n de\u00a0drogas.<\/p>\n<p class=\"p1\">Si tiene m\u00e1s preguntas sobre el extenso programa de formaci\u00f3n de Securetec \u201cDetecci\u00f3n de drogas en controles de carretera\u201d, p\u00f3ngase en contacto con:<span class=\"Apple-converted-space\">\u00a0<\/span><\/p>\n<p class=\"p1\">Stephanie Konopac<br \/>\nTel.: 089 \/ 203080-16 51<br \/>\nCorreo electr\u00f3nico: info@securetec.net<\/p>\n<p class=\"p1\">Si lo desea, tambi\u00e9n puede utilizar nuestro formulario de\u00a0contacto.<\/p>\n<p><a href=\"https:\/\/www.securetec.net\/es\/contacto\/\">&gt;&gt; Contacto<\/a><\/p>\n<h3 class=\"p1\">Ferias y eventos<\/h3>\n<p class=\"p1\">Puede conocer personalmente a nuestros empleados en numerosas ferias, eventos y formaciones en todo el mundo. Estaremos encantados de conversar con usted sobre los nuevos desarrollos e innovaciones en el \u00e1mbito de la detecci\u00f3n de drogas y de entablar un di\u00e1logo tambi\u00e9n fuera del calendario de eventos programado.<span class=\"Apple-converted-space\">\u00a0<\/span><\/p>\n<p class=\"p1\">Le recibiremos con mucho gusto.<span class=\"Apple-converted-space\">\u00a0<\/span><\/p>\n<p><a href=\"https:\/\/www.securetec.net\/es\/contacto\/\">&gt;&gt; Contacto<\/a><\/p>\n<\/div>\n<\/div>\n<p>[\/vc_column_text][\/vc_column][vc_column width=\u00bb1\/3&#8243; content_alignment=\u00bbright\u00bb][tm_image align=\u00bbright\u00bb image=\u00bb4770&#8243;][\/vc_column][\/vc_row]<\/p>\n<\/div>","protected":false},"excerpt":{"rendered":"[vc_row][vc_column width=\u00bb2\/3&#8243;][vc_column_text] Formaci\u00f3n en detecci\u00f3n de drogas Con una dilatada experiencia en la detecci\u00f3n de drogas, Securetec es socio competente de organismos de investigaci\u00f3n en m\u00e1s de 30\u00a0pa\u00edses en todo el\u00a0mundo.\u00a0 Nos alegra apoyar a nuestros clientes con formatos de formaci\u00f3n individuales y sin costes adicionales para agentes de la polic\u00eda.\u00a0 Nuestros profesores experimentados proporcionan conocimientos te\u00f3ricos y pr\u00e1cticos sobre las drogas y\u00a0los medicamentos.\u00a0 \u00bfQu\u00e9 efectos tienen las drogas? \u00bfComo detectar a los consumidores? \u00bfY qu\u00e9 se debe tener en cuenta al realizar un test de drogas? Benef\u00edciese de la experiencia internacional de los expertos de Securetec en su pa\u00eds y\u00a0en el extranjero.\u00a0 Consideramos nuestros cursos de formaci\u00f3n un servicio para nuestros clientes y respaldamos su trabajo con cursos y materiales formativos personalizados.\u00a0 Nuestros profesores estar\u00e1n encantados de preparar su paquete de servicios individual sobre la detecci\u00f3n de\u00a0drogas. Si tiene m\u00e1s preguntas sobre el extenso programa de formaci\u00f3n de Securetec \u201cDetecci\u00f3n de drogas en controles de carretera\u201d, p\u00f3ngase en contacto con:\u00a0 Stephanie Konopac Tel.: 089 \/ 203080-16 51 Correo electr\u00f3nico: info@securetec.net Si lo desea, tambi\u00e9n puede utilizar nuestro formulario de\u00a0contacto. &gt;&gt; Contacto Ferias y eventos Puede conocer personalmente a nuestros empleados en numerosas ferias, eventos y formaciones en todo el mundo. Estaremos encantados de conversar con usted sobre los nuevos desarrollos e innovaciones en el \u00e1mbito de la detecci\u00f3n de drogas y de entablar un di\u00e1logo tambi\u00e9n fuera del calendario de eventos programado.\u00a0 Le recibiremos con mucho gusto.\u00a0 &gt;&gt; Contacto [\/vc_column_text][\/vc_column][vc_column width=\u00bb1\/3&#8243; content_alignment=\u00bbright\u00bb][tm_image align=\u00bbright\u00bb image=\u00bb4770&#8243;][\/vc_column][\/vc_row]","protected":false},"author":6,"featured_media":0,"parent":7094,"menu_order":0,"comment_status":"closed","ping_status":"closed","template":"","meta":{"footnotes":""},"class_list":["post-7097","page","type-page","status-publish","hentry"],"yoast_head":"<!-- This site is optimized with the Yoast SEO plugin v25.6 - https:\/\/yoast.com\/wordpress\/plugins\/seo\/ -->\n<title>Formaci\u00f3n para la detecci\u00f3n de drogas - Securetec Detektions-Systeme AG<\/title>\n<meta name=\"robots\" content=\"index, follow, max-snippet:-1, max-image-preview:large, max-video-preview:-1\" \/>\n<link rel=\"canonical\" href=\"https:\/\/www.securetec.net\/es\/soluciones\/test-toxicologico-preliminar-para-la-policia\/formacion-para-la-deteccion-de-drogas\/\" \/>\n<meta property=\"og:locale\" content=\"es_ES\" \/>\n<meta property=\"og:type\" content=\"article\" \/>\n<meta property=\"og:title\" content=\"Formaci\u00f3n para la detecci\u00f3n de drogas - Securetec Detektions-Systeme AG\" \/>\n<meta property=\"og:url\" content=\"https:\/\/www.securetec.net\/es\/soluciones\/test-toxicologico-preliminar-para-la-policia\/formacion-para-la-deteccion-de-drogas\/\" \/>\n<meta property=\"og:site_name\" content=\"Securetec Detektions-Systeme AG\" \/>\n<meta property=\"article:modified_time\" content=\"2021-05-03T17:07:12+00:00\" \/>\n<meta name=\"twitter:card\" content=\"summary_large_image\" \/>\n<meta name=\"twitter:site\" content=\"@DrugWipeUK\" \/>\n<meta name=\"twitter:label1\" content=\"Est. reading time\" \/>\n\t<meta name=\"twitter:data1\" content=\"2 minutos\" \/>\n<script type=\"application\/ld+json\" class=\"yoast-schema-graph\">{\"@context\":\"https:\/\/schema.org\",\"@graph\":[{\"@type\":\"WebPage\",\"@id\":\"https:\/\/www.securetec.net\/es\/soluciones\/test-toxicologico-preliminar-para-la-policia\/formacion-para-la-deteccion-de-drogas\/\",\"url\":\"https:\/\/www.securetec.net\/es\/soluciones\/test-toxicologico-preliminar-para-la-policia\/formacion-para-la-deteccion-de-drogas\/\",\"name\":\"Formaci\u00f3n para la detecci\u00f3n de drogas - Securetec Detektions-Systeme AG\",\"isPartOf\":{\"@id\":\"https:\/\/www.securetec.net\/es\/#website\"},\"datePublished\":\"2018-11-13T14:42:38+00:00\",\"dateModified\":\"2021-05-03T17:07:12+00:00\",\"breadcrumb\":{\"@id\":\"https:\/\/www.securetec.net\/es\/soluciones\/test-toxicologico-preliminar-para-la-policia\/formacion-para-la-deteccion-de-drogas\/#breadcrumb\"},\"inLanguage\":\"es\",\"potentialAction\":[{\"@type\":\"ReadAction\",\"target\":[\"https:\/\/www.securetec.net\/es\/soluciones\/test-toxicologico-preliminar-para-la-policia\/formacion-para-la-deteccion-de-drogas\/\"]}]},{\"@type\":\"BreadcrumbList\",\"@id\":\"https:\/\/www.securetec.net\/es\/soluciones\/test-toxicologico-preliminar-para-la-policia\/formacion-para-la-deteccion-de-drogas\/#breadcrumb\",\"itemListElement\":[{\"@type\":\"ListItem\",\"position\":1,\"name\":\"Startseite\",\"item\":\"https:\/\/www.securetec.net\/es\/\"},{\"@type\":\"ListItem\",\"position\":2,\"name\":\"Soluciones\",\"item\":\"https:\/\/www.securetec.net\/es\/soluciones\/\"},{\"@type\":\"ListItem\",\"position\":3,\"name\":\"Test toxicol\u00f3gico preliminar para la polic\u00eda\",\"item\":\"https:\/\/www.securetec.net\/es\/soluciones\/test-toxicologico-preliminar-para-la-policia\/\"},{\"@type\":\"ListItem\",\"position\":4,\"name\":\"Formaci\u00f3n para la detecci\u00f3n de drogas\"}]},{\"@type\":\"WebSite\",\"@id\":\"https:\/\/www.securetec.net\/es\/#website\",\"url\":\"https:\/\/www.securetec.net\/es\/\",\"name\":\"Securetec Detektions-Systeme AG\",\"description\":\"We detect to protect\",\"publisher\":{\"@id\":\"https:\/\/www.securetec.net\/es\/#organization\"},\"potentialAction\":[{\"@type\":\"SearchAction\",\"target\":{\"@type\":\"EntryPoint\",\"urlTemplate\":\"https:\/\/www.securetec.net\/es\/?s={search_term_string}\"},\"query-input\":{\"@type\":\"PropertyValueSpecification\",\"valueRequired\":true,\"valueName\":\"search_term_string\"}}],\"inLanguage\":\"es\"},{\"@type\":\"Organization\",\"@id\":\"https:\/\/www.securetec.net\/es\/#organization\",\"name\":\"Securetec Detektions-Systeme AG\",\"url\":\"https:\/\/www.securetec.net\/es\/\",\"logo\":{\"@type\":\"ImageObject\",\"inLanguage\":\"es\",\"@id\":\"https:\/\/www.securetec.net\/es\/#\/schema\/logo\/image\/\",\"url\":\"https:\/\/www.securetec.net\/app\/uploads\/2018\/07\/Securetec_Logo_.png\",\"contentUrl\":\"https:\/\/www.securetec.net\/app\/uploads\/2018\/07\/Securetec_Logo_.png\",\"width\":411,\"height\":189,\"caption\":\"Securetec Detektions-Systeme AG\"},\"image\":{\"@id\":\"https:\/\/www.securetec.net\/es\/#\/schema\/logo\/image\/\"},\"sameAs\":[\"https:\/\/x.com\/DrugWipeUK\",\"https:\/\/www.linkedin.com\/company\/securetec\",\"https:\/\/www.youtube.com\/channel\/UCP9jQA-TYhtqanhaooppMqw\"]}]}<\/script>\n<!-- \/ Yoast SEO plugin. -->","yoast_head_json":{"title":"Formaci\u00f3n para la detecci\u00f3n de drogas - Securetec Detektions-Systeme AG","robots":{"index":"index","follow":"follow","max-snippet":"max-snippet:-1","max-image-preview":"max-image-preview:large","max-video-preview":"max-video-preview:-1"},"canonical":"https:\/\/www.securetec.net\/es\/soluciones\/test-toxicologico-preliminar-para-la-policia\/formacion-para-la-deteccion-de-drogas\/","og_locale":"es_ES","og_type":"article","og_title":"Formaci\u00f3n para la detecci\u00f3n de drogas - Securetec Detektions-Systeme AG","og_url":"https:\/\/www.securetec.net\/es\/soluciones\/test-toxicologico-preliminar-para-la-policia\/formacion-para-la-deteccion-de-drogas\/","og_site_name":"Securetec Detektions-Systeme AG","article_modified_time":"2021-05-03T17:07:12+00:00","twitter_card":"summary_large_image","twitter_site":"@DrugWipeUK","twitter_misc":{"Est. reading time":"2 minutos"},"schema":{"@context":"https:\/\/schema.org","@graph":[{"@type":"WebPage","@id":"https:\/\/www.securetec.net\/es\/soluciones\/test-toxicologico-preliminar-para-la-policia\/formacion-para-la-deteccion-de-drogas\/","url":"https:\/\/www.securetec.net\/es\/soluciones\/test-toxicologico-preliminar-para-la-policia\/formacion-para-la-deteccion-de-drogas\/","name":"Formaci\u00f3n para la detecci\u00f3n de drogas - Securetec Detektions-Systeme AG","isPartOf":{"@id":"https:\/\/www.securetec.net\/es\/#website"},"datePublished":"2018-11-13T14:42:38+00:00","dateModified":"2021-05-03T17:07:12+00:00","breadcrumb":{"@id":"https:\/\/www.securetec.net\/es\/soluciones\/test-toxicologico-preliminar-para-la-policia\/formacion-para-la-deteccion-de-drogas\/#breadcrumb"},"inLanguage":"es","potentialAction":[{"@type":"ReadAction","target":["https:\/\/www.securetec.net\/es\/soluciones\/test-toxicologico-preliminar-para-la-policia\/formacion-para-la-deteccion-de-drogas\/"]}]},{"@type":"BreadcrumbList","@id":"https:\/\/www.securetec.net\/es\/soluciones\/test-toxicologico-preliminar-para-la-policia\/formacion-para-la-deteccion-de-drogas\/#breadcrumb","itemListElement":[{"@type":"ListItem","position":1,"name":"Startseite","item":"https:\/\/www.securetec.net\/es\/"},{"@type":"ListItem","position":2,"name":"Soluciones","item":"https:\/\/www.securetec.net\/es\/soluciones\/"},{"@type":"ListItem","position":3,"name":"Test toxicol\u00f3gico preliminar para la polic\u00eda","item":"https:\/\/www.securetec.net\/es\/soluciones\/test-toxicologico-preliminar-para-la-policia\/"},{"@type":"ListItem","position":4,"name":"Formaci\u00f3n para la detecci\u00f3n de drogas"}]},{"@type":"WebSite","@id":"https:\/\/www.securetec.net\/es\/#website","url":"https:\/\/www.securetec.net\/es\/","name":"Securetec Detektions-Systeme AG","description":"We detect to protect","publisher":{"@id":"https:\/\/www.securetec.net\/es\/#organization"},"potentialAction":[{"@type":"SearchAction","target":{"@type":"EntryPoint","urlTemplate":"https:\/\/www.securetec.net\/es\/?s={search_term_string}"},"query-input":{"@type":"PropertyValueSpecification","valueRequired":true,"valueName":"search_term_string"}}],"inLanguage":"es"},{"@type":"Organization","@id":"https:\/\/www.securetec.net\/es\/#organization","name":"Securetec Detektions-Systeme AG","url":"https:\/\/www.securetec.net\/es\/","logo":{"@type":"ImageObject","inLanguage":"es","@id":"https:\/\/www.securetec.net\/es\/#\/schema\/logo\/image\/","url":"https:\/\/www.securetec.net\/app\/uploads\/2018\/07\/Securetec_Logo_.png","contentUrl":"https:\/\/www.securetec.net\/app\/uploads\/2018\/07\/Securetec_Logo_.png","width":411,"height":189,"caption":"Securetec Detektions-Systeme AG"},"image":{"@id":"https:\/\/www.securetec.net\/es\/#\/schema\/logo\/image\/"},"sameAs":["https:\/\/x.com\/DrugWipeUK","https:\/\/www.linkedin.com\/company\/securetec","https:\/\/www.youtube.com\/channel\/UCP9jQA-TYhtqanhaooppMqw"]}]}},"_links":{"self":[{"href":"https:\/\/www.securetec.net\/es\/wp-json\/wp\/v2\/pages\/7097","targetHints":{"allow":["GET"]}}],"collection":[{"href":"https:\/\/www.securetec.net\/es\/wp-json\/wp\/v2\/pages"}],"about":[{"href":"https:\/\/www.securetec.net\/es\/wp-json\/wp\/v2\/types\/page"}],"author":[{"embeddable":true,"href":"https:\/\/www.securetec.net\/es\/wp-json\/wp\/v2\/users\/6"}],"replies":[{"embeddable":true,"href":"https:\/\/www.securetec.net\/es\/wp-json\/wp\/v2\/comments?post=7097"}],"version-history":[{"count":4,"href":"https:\/\/www.securetec.net\/es\/wp-json\/wp\/v2\/pages\/7097\/revisions"}],"predecessor-version":[{"id":12312,"href":"https:\/\/www.securetec.net\/es\/wp-json\/wp\/v2\/pages\/7097\/revisions\/12312"}],"up":[{"embeddable":true,"href":"https:\/\/www.securetec.net\/es\/wp-json\/wp\/v2\/pages\/7094"}],"wp:attachment":[{"href":"https:\/\/www.securetec.net\/es\/wp-json\/wp\/v2\/media?parent=7097"}],"curies":[{"name":"wp","href":"https:\/\/api.w.org\/{rel}","templated":true}]}}