{"id":7094,"date":"2018-11-13T15:38:31","date_gmt":"2018-11-13T14:38:31","guid":{"rendered":"https:\/\/www.securetec.net\/?page_id=7094"},"modified":"2021-05-03T18:40:22","modified_gmt":"2021-05-03T16:40:22","slug":"test-toxicologico-preliminar-para-la-policia","status":"publish","type":"page","link":"https:\/\/www.securetec.net\/es\/soluciones\/test-toxicologico-preliminar-para-la-policia\/","title":{"rendered":"Test toxicol\u00f3gico preliminar para la polic\u00eda"},"content":{"rendered":"<div class=\"wpb-content-wrapper\"><p>[vc_row][vc_column width=\u00bb2\/3&#8243;][vc_column_text]<\/p>\n<p class=\"p1\">Gracias a una tecnolog\u00eda de seguridad moderna y unos controles de alcohol y velocidad muy extendidos, el n\u00famero de muertes en carretera en Europa ha disminuido en las \u00faltimas d\u00e9cadas. Sin embargo, conducir bajo los efectos de las drogas se est\u00e1 convirtiendo en un peligro cada vez m\u00e1s serio para la circulaci\u00f3n por carretera y, lamentablemente, los accidentes graves con lesiones y muertes no son poco frecuentes debido a la influencia de las sustancias psicoactivas. Adem\u00e1s, los expertos asumen que existe un elevado n\u00famero de casos no registrados, ya que el consumo de drogas se ha convertido en una parte integral de nuestra sociedad. El n\u00famero de accidentes ha aumentado en muchas regiones debido, principalmente, al consumo de drogas modernas con fines recreativos, pero tambi\u00e9n a causa del consumo de medicamentos como somn\u00edferos y sedantes.<\/p>\n<p class=\"p1\"><b>La seguridad en primer plano<br \/>\n<\/b>Nuestra seguridad personal y social est\u00e1 expuesta a numerosas amenazas. Cualquier protecci\u00f3n eficaz implica que estos peligros puedan evaluarse correctamente. Los tests de drogas m\u00f3viles permiten una detecci\u00f3n m\u00e1s r\u00e1pida in\u00a0situ y\u00a0son una parte integral de los conceptos de prevenci\u00f3n a nivel mundial. Securetec\u00a0AG pone a\u00a0su disposici\u00f3n productos eficientes para la detecci\u00f3n fiable de sustancias adictivas y peligrosas. Estamos orgullosos de poder hacer una importante contribuci\u00f3n a la seguridad de las personas y\u00a0la sociedad.<\/p>\n<p class=\"p1\"><b>Facilidad de uso, rapidez, fiabilidad<br \/>\n<\/b>Con los tests de drogas r\u00e1pidos DrugWipe<sup>\u00ae<\/sup>, Securetec AG puede corroborar de forma r\u00e1pida y fiable una sospecha inicial en los controles de tr\u00e1fico. Gracias a una innovadora tecnolog\u00eda de anticuerpos, la detecci\u00f3n se realiza a partir de saliva: un procedimiento que, en comparaci\u00f3n con los tests de orina, resulta m\u00e1s ventajosa y\u00a0c\u00f3moda tanto para los agentes como para el sujeto del test.<\/p>\n<p class=\"p1\">Nuestro DrugWipe<sup>\u00ae<\/sup> detecta el consumo de drogas de manera muy espec\u00edfica y sensible, por lo que los resultados del test r\u00e1pido se confirman con un gran fiabilidad mediante los an\u00e1lisis de laboratorio necesarios y pueden utilizarse en un tribunal. Esto permite que los controles de tr\u00e1fico y\u00a0las pruebas de laboratorio sean m\u00e1s eficientes.<span class=\"Apple-converted-space\">\u00a0<\/span><\/p>\n<h3 class=\"p1\">Test manejable en formato de bolsillo<\/h3>\n<ul>\n<li class=\"li1\">Resultados del test en tan solo 3-8\u00a0minutos<\/li>\n<li class=\"li1\">Detecci\u00f3n de seis tipos de drogas en un solo test<\/li>\n<li class=\"li1\">Toma de muestras higi\u00e9nica y sencilla<\/li>\n<li class=\"li1\">Detecta el consumo reciente, no\u00a0a\u00a0largo plazo<\/li>\n<li class=\"li1\">Costes de control y laboratorio significativamente reducidos<\/li>\n<li class=\"li1\">Test manejable en formato de bolsillo<\/li>\n<\/ul>\n<p><a href=\"https:\/\/www.securetec.net\/es\/resumen-de-tests-de-drogas\/\">&gt;&gt; Tests de drogas DrugWipe\u00ae<\/a><\/p>\n<p><a href=\"https:\/\/www.securetec.net\/es\/productos\/test-de-drogas-con-saliva-drugwipe\/\">&gt;&gt; Tests de saliva DrugWipe\u00ae<\/a>[\/vc_column_text][\/vc_column][vc_column width=\u00bb1\/3&#8243; content_alignment=\u00bbright\u00bb][tm_image align=\u00bbright\u00bb image=\u00bb11519&#8243;][\/vc_column][\/vc_row]<\/p>\n<\/div>","protected":false},"excerpt":{"rendered":"[vc_row][vc_column width=\u00bb2\/3&#8243;][vc_column_text] Gracias a una tecnolog\u00eda de seguridad moderna y unos controles de alcohol y velocidad muy extendidos, el n\u00famero de muertes en carretera en Europa ha disminuido en las \u00faltimas d\u00e9cadas. Sin embargo, conducir bajo los efectos de las drogas se est\u00e1 convirtiendo en un peligro cada vez m\u00e1s serio para la circulaci\u00f3n por carretera y, lamentablemente, los accidentes graves con lesiones y muertes no son poco frecuentes debido a la influencia de las sustancias psicoactivas. Adem\u00e1s, los expertos asumen que existe un elevado n\u00famero de casos no registrados, ya que el consumo de drogas se ha convertido en una parte integral de nuestra sociedad. El n\u00famero de accidentes ha aumentado en muchas regiones debido, principalmente, al consumo de drogas modernas con fines recreativos, pero tambi\u00e9n a causa del consumo de medicamentos como somn\u00edferos y sedantes. La seguridad en primer plano Nuestra seguridad personal y social est\u00e1 expuesta a numerosas amenazas. Cualquier protecci\u00f3n eficaz implica que estos peligros puedan evaluarse correctamente. Los tests de drogas m\u00f3viles permiten una detecci\u00f3n m\u00e1s r\u00e1pida in\u00a0situ y\u00a0son una parte integral de los conceptos de prevenci\u00f3n a nivel mundial. Securetec\u00a0AG pone a\u00a0su disposici\u00f3n productos eficientes para la detecci\u00f3n fiable de sustancias adictivas y peligrosas. Estamos orgullosos de poder hacer una importante contribuci\u00f3n a la seguridad de las personas y\u00a0la sociedad. Facilidad de uso, rapidez, fiabilidad Con los tests de drogas r\u00e1pidos DrugWipe\u00ae, Securetec AG puede corroborar de forma r\u00e1pida y fiable una sospecha inicial en los controles de tr\u00e1fico. Gracias a una innovadora tecnolog\u00eda de anticuerpos, la detecci\u00f3n se realiza a partir de saliva: un procedimiento que, en comparaci\u00f3n con los tests de orina, resulta m\u00e1s ventajosa y\u00a0c\u00f3moda tanto para los agentes como para el sujeto del test. Nuestro DrugWipe\u00ae detecta el consumo de drogas de manera muy espec\u00edfica y sensible, por lo que los resultados del test r\u00e1pido se confirman con un gran fiabilidad mediante los an\u00e1lisis de laboratorio necesarios y pueden utilizarse en un tribunal. Esto permite que los controles de tr\u00e1fico y\u00a0las pruebas de laboratorio sean m\u00e1s eficientes.\u00a0 Test manejable en formato de bolsillo Resultados del test en tan solo 3-8\u00a0minutos Detecci\u00f3n de seis tipos de drogas en un solo test Toma de muestras higi\u00e9nica y sencilla Detecta el consumo reciente, no\u00a0a\u00a0largo plazo Costes de control y laboratorio significativamente reducidos Test manejable en formato de bolsillo &gt;&gt; Tests de drogas DrugWipe\u00ae &gt;&gt; Tests de saliva DrugWipe\u00ae[\/vc_column_text][\/vc_column][vc_column width=\u00bb1\/3&#8243; content_alignment=\u00bbright\u00bb][tm_image align=\u00bbright\u00bb image=\u00bb11519&#8243;][\/vc_column][\/vc_row]","protected":false},"author":6,"featured_media":0,"parent":7089,"menu_order":0,"comment_status":"closed","ping_status":"closed","template":"","meta":{"footnotes":""},"class_list":["post-7094","page","type-page","status-publish","hentry"],"yoast_head":"<!-- This site is optimized with the Yoast SEO plugin v25.6 - https:\/\/yoast.com\/wordpress\/plugins\/seo\/ -->\n<title>Test toxicol\u00f3gico preliminar para la polic\u00eda - Securetec Detektions-Systeme AG<\/title>\n<meta name=\"robots\" content=\"index, follow, max-snippet:-1, max-image-preview:large, max-video-preview:-1\" \/>\n<link rel=\"canonical\" href=\"https:\/\/www.securetec.net\/es\/soluciones\/test-toxicologico-preliminar-para-la-policia\/\" \/>\n<meta property=\"og:locale\" content=\"es_ES\" \/>\n<meta property=\"og:type\" content=\"article\" \/>\n<meta property=\"og:title\" content=\"Test toxicol\u00f3gico preliminar para la polic\u00eda - Securetec Detektions-Systeme AG\" \/>\n<meta property=\"og:url\" content=\"https:\/\/www.securetec.net\/es\/soluciones\/test-toxicologico-preliminar-para-la-policia\/\" \/>\n<meta property=\"og:site_name\" content=\"Securetec Detektions-Systeme AG\" \/>\n<meta property=\"article:modified_time\" content=\"2021-05-03T16:40:22+00:00\" \/>\n<meta name=\"twitter:card\" content=\"summary_large_image\" \/>\n<meta name=\"twitter:site\" content=\"@DrugWipeUK\" \/>\n<meta name=\"twitter:label1\" content=\"Est. reading time\" \/>\n\t<meta name=\"twitter:data1\" content=\"2 minutos\" \/>\n<script type=\"application\/ld+json\" class=\"yoast-schema-graph\">{\"@context\":\"https:\/\/schema.org\",\"@graph\":[{\"@type\":\"WebPage\",\"@id\":\"https:\/\/www.securetec.net\/es\/soluciones\/test-toxicologico-preliminar-para-la-policia\/\",\"url\":\"https:\/\/www.securetec.net\/es\/soluciones\/test-toxicologico-preliminar-para-la-policia\/\",\"name\":\"Test toxicol\u00f3gico preliminar para la polic\u00eda - Securetec Detektions-Systeme AG\",\"isPartOf\":{\"@id\":\"https:\/\/www.securetec.net\/es\/#website\"},\"datePublished\":\"2018-11-13T14:38:31+00:00\",\"dateModified\":\"2021-05-03T16:40:22+00:00\",\"breadcrumb\":{\"@id\":\"https:\/\/www.securetec.net\/es\/soluciones\/test-toxicologico-preliminar-para-la-policia\/#breadcrumb\"},\"inLanguage\":\"es\",\"potentialAction\":[{\"@type\":\"ReadAction\",\"target\":[\"https:\/\/www.securetec.net\/es\/soluciones\/test-toxicologico-preliminar-para-la-policia\/\"]}]},{\"@type\":\"BreadcrumbList\",\"@id\":\"https:\/\/www.securetec.net\/es\/soluciones\/test-toxicologico-preliminar-para-la-policia\/#breadcrumb\",\"itemListElement\":[{\"@type\":\"ListItem\",\"position\":1,\"name\":\"Startseite\",\"item\":\"https:\/\/www.securetec.net\/es\/\"},{\"@type\":\"ListItem\",\"position\":2,\"name\":\"Soluciones\",\"item\":\"https:\/\/www.securetec.net\/es\/soluciones\/\"},{\"@type\":\"ListItem\",\"position\":3,\"name\":\"Test toxicol\u00f3gico preliminar para la polic\u00eda\"}]},{\"@type\":\"WebSite\",\"@id\":\"https:\/\/www.securetec.net\/es\/#website\",\"url\":\"https:\/\/www.securetec.net\/es\/\",\"name\":\"Securetec Detektions-Systeme AG\",\"description\":\"We detect to protect\",\"publisher\":{\"@id\":\"https:\/\/www.securetec.net\/es\/#organization\"},\"potentialAction\":[{\"@type\":\"SearchAction\",\"target\":{\"@type\":\"EntryPoint\",\"urlTemplate\":\"https:\/\/www.securetec.net\/es\/?s={search_term_string}\"},\"query-input\":{\"@type\":\"PropertyValueSpecification\",\"valueRequired\":true,\"valueName\":\"search_term_string\"}}],\"inLanguage\":\"es\"},{\"@type\":\"Organization\",\"@id\":\"https:\/\/www.securetec.net\/es\/#organization\",\"name\":\"Securetec Detektions-Systeme AG\",\"url\":\"https:\/\/www.securetec.net\/es\/\",\"logo\":{\"@type\":\"ImageObject\",\"inLanguage\":\"es\",\"@id\":\"https:\/\/www.securetec.net\/es\/#\/schema\/logo\/image\/\",\"url\":\"https:\/\/www.securetec.net\/app\/uploads\/2018\/07\/Securetec_Logo_.png\",\"contentUrl\":\"https:\/\/www.securetec.net\/app\/uploads\/2018\/07\/Securetec_Logo_.png\",\"width\":411,\"height\":189,\"caption\":\"Securetec Detektions-Systeme AG\"},\"image\":{\"@id\":\"https:\/\/www.securetec.net\/es\/#\/schema\/logo\/image\/\"},\"sameAs\":[\"https:\/\/x.com\/DrugWipeUK\",\"https:\/\/www.linkedin.com\/company\/securetec\",\"https:\/\/www.youtube.com\/channel\/UCP9jQA-TYhtqanhaooppMqw\"]}]}<\/script>\n<!-- \/ Yoast SEO plugin. -->","yoast_head_json":{"title":"Test toxicol\u00f3gico preliminar para la polic\u00eda - Securetec Detektions-Systeme AG","robots":{"index":"index","follow":"follow","max-snippet":"max-snippet:-1","max-image-preview":"max-image-preview:large","max-video-preview":"max-video-preview:-1"},"canonical":"https:\/\/www.securetec.net\/es\/soluciones\/test-toxicologico-preliminar-para-la-policia\/","og_locale":"es_ES","og_type":"article","og_title":"Test toxicol\u00f3gico preliminar para la polic\u00eda - Securetec Detektions-Systeme AG","og_url":"https:\/\/www.securetec.net\/es\/soluciones\/test-toxicologico-preliminar-para-la-policia\/","og_site_name":"Securetec Detektions-Systeme AG","article_modified_time":"2021-05-03T16:40:22+00:00","twitter_card":"summary_large_image","twitter_site":"@DrugWipeUK","twitter_misc":{"Est. reading time":"2 minutos"},"schema":{"@context":"https:\/\/schema.org","@graph":[{"@type":"WebPage","@id":"https:\/\/www.securetec.net\/es\/soluciones\/test-toxicologico-preliminar-para-la-policia\/","url":"https:\/\/www.securetec.net\/es\/soluciones\/test-toxicologico-preliminar-para-la-policia\/","name":"Test toxicol\u00f3gico preliminar para la polic\u00eda - Securetec Detektions-Systeme AG","isPartOf":{"@id":"https:\/\/www.securetec.net\/es\/#website"},"datePublished":"2018-11-13T14:38:31+00:00","dateModified":"2021-05-03T16:40:22+00:00","breadcrumb":{"@id":"https:\/\/www.securetec.net\/es\/soluciones\/test-toxicologico-preliminar-para-la-policia\/#breadcrumb"},"inLanguage":"es","potentialAction":[{"@type":"ReadAction","target":["https:\/\/www.securetec.net\/es\/soluciones\/test-toxicologico-preliminar-para-la-policia\/"]}]},{"@type":"BreadcrumbList","@id":"https:\/\/www.securetec.net\/es\/soluciones\/test-toxicologico-preliminar-para-la-policia\/#breadcrumb","itemListElement":[{"@type":"ListItem","position":1,"name":"Startseite","item":"https:\/\/www.securetec.net\/es\/"},{"@type":"ListItem","position":2,"name":"Soluciones","item":"https:\/\/www.securetec.net\/es\/soluciones\/"},{"@type":"ListItem","position":3,"name":"Test toxicol\u00f3gico preliminar para la polic\u00eda"}]},{"@type":"WebSite","@id":"https:\/\/www.securetec.net\/es\/#website","url":"https:\/\/www.securetec.net\/es\/","name":"Securetec Detektions-Systeme AG","description":"We detect to protect","publisher":{"@id":"https:\/\/www.securetec.net\/es\/#organization"},"potentialAction":[{"@type":"SearchAction","target":{"@type":"EntryPoint","urlTemplate":"https:\/\/www.securetec.net\/es\/?s={search_term_string}"},"query-input":{"@type":"PropertyValueSpecification","valueRequired":true,"valueName":"search_term_string"}}],"inLanguage":"es"},{"@type":"Organization","@id":"https:\/\/www.securetec.net\/es\/#organization","name":"Securetec Detektions-Systeme AG","url":"https:\/\/www.securetec.net\/es\/","logo":{"@type":"ImageObject","inLanguage":"es","@id":"https:\/\/www.securetec.net\/es\/#\/schema\/logo\/image\/","url":"https:\/\/www.securetec.net\/app\/uploads\/2018\/07\/Securetec_Logo_.png","contentUrl":"https:\/\/www.securetec.net\/app\/uploads\/2018\/07\/Securetec_Logo_.png","width":411,"height":189,"caption":"Securetec Detektions-Systeme AG"},"image":{"@id":"https:\/\/www.securetec.net\/es\/#\/schema\/logo\/image\/"},"sameAs":["https:\/\/x.com\/DrugWipeUK","https:\/\/www.linkedin.com\/company\/securetec","https:\/\/www.youtube.com\/channel\/UCP9jQA-TYhtqanhaooppMqw"]}]}},"_links":{"self":[{"href":"https:\/\/www.securetec.net\/es\/wp-json\/wp\/v2\/pages\/7094","targetHints":{"allow":["GET"]}}],"collection":[{"href":"https:\/\/www.securetec.net\/es\/wp-json\/wp\/v2\/pages"}],"about":[{"href":"https:\/\/www.securetec.net\/es\/wp-json\/wp\/v2\/types\/page"}],"author":[{"embeddable":true,"href":"https:\/\/www.securetec.net\/es\/wp-json\/wp\/v2\/users\/6"}],"replies":[{"embeddable":true,"href":"https:\/\/www.securetec.net\/es\/wp-json\/wp\/v2\/comments?post=7094"}],"version-history":[{"count":6,"href":"https:\/\/www.securetec.net\/es\/wp-json\/wp\/v2\/pages\/7094\/revisions"}],"predecessor-version":[{"id":12304,"href":"https:\/\/www.securetec.net\/es\/wp-json\/wp\/v2\/pages\/7094\/revisions\/12304"}],"up":[{"embeddable":true,"href":"https:\/\/www.securetec.net\/es\/wp-json\/wp\/v2\/pages\/7089"}],"wp:attachment":[{"href":"https:\/\/www.securetec.net\/es\/wp-json\/wp\/v2\/media?parent=7094"}],"curies":[{"name":"wp","href":"https:\/\/api.w.org\/{rel}","templated":true}]}}