{"id":7089,"date":"2018-11-13T15:32:13","date_gmt":"2018-11-13T14:32:13","guid":{"rendered":"https:\/\/www.securetec.net\/?page_id=7089"},"modified":"2021-05-17T17:39:34","modified_gmt":"2021-05-17T15:39:34","slug":"soluciones","status":"publish","type":"page","link":"https:\/\/www.securetec.net\/es\/soluciones\/","title":{"rendered":"Soluciones"},"content":{"rendered":"<div class=\"wpb-content-wrapper\"><p>[vc_row equal_height=\u00bbyes\u00bb content_placement=\u00bbtop\u00bb el_class=\u00bbsec-row-box\u00bb lg_spacing=\u00bbmargin_bottom:50&#8243;][vc_column width=\u00bb1\/3&#8243;][tm_box_icon style=\u00bb13&#8243; icon_type=\u00bblinea_svg\u00bb icon_linea_svg=\u00bblinea-basic-helm\u00bb box_link=\u00bburl:https%3A%2F%2Fwww.securetec.net%2Fes%2Fsoluciones%2Fseguridad-vial-y-conduccion-bajo-el-efecto-de-las-drogas%2F|||\u00bb heading=\u00bbTest toxicol\u00f3gico preliminar para la polic\u00eda\u00bb link=\u00bburl:https%3A%2F%2Fwww.securetec.net%2Fkundenloesungen%2Fverkehrssicherheit%2Fdrogen-am-steuer%2F|||\u00bb text=\u00bb&gt; Test toxicol\u00f3gico preliminar para la polic\u00eda<br \/>\n&gt; Drogas al volante<br \/>\n&gt; Formaci\u00f3n en detecci\u00f3n de drogas\u00bb][\/vc_column][vc_column width=\u00bb1\/3&#8243;][tm_box_icon style=\u00bb13&#8243; icon_type=\u00bblinea_svg\u00bb icon_linea_svg=\u00bblinea-basic-accelerator\u00bb box_link=\u00bburl:https%3A%2F%2Fwww.securetec.net%2Fes%2Fsoluciones%2Fcontrol-de-fronteras-aparicion-de-las-primeras-sospechas%2F|||\u00bb heading=\u00bbTests r\u00e1pidos de drogas en la ciencia forense\u00bb link=\u00bburl:https%3A%2F%2Fwww.securetec.net%2Fkundenloesungen%2Fdrogenschnelltests-in-der-kriminaltechnik%2Fdrogenschnelltests-in-der-kriminaltechnik%2F|||\u00bb text=\u00bb&gt; Tests r\u00e1pidos de drogas en la ciencia forense<br \/>\n&gt; Detecci\u00f3n de drogas en la ciencia forense\u00bb][\/vc_column][vc_column width=\u00bb1\/3&#8243;][tm_box_icon style=\u00bb13&#8243; icon_type=\u00bblinea_svg\u00bb icon_linea_svg=\u00bblinea-basic-case\u00bb box_link=\u00bburl:https%3A%2F%2Fwww.securetec.net%2Fes%2Fsoluciones%2Fdopaje-en-el-lugar-de-trabajo%2F|||\u00bb heading=\u00bbCribado toxicol\u00f3gico en la empresa\u00bb link=\u00bburl:https%3A%2F%2Fwww.securetec.net%2Fkundenloesungen%2Fdrogen-am-arbeitsplatz%2Fdrogen-am-arbeitsplatz%2F|||\u00bb text=\u00bb&gt; Cribado toxicol\u00f3gico en la empresa<br \/>\n&gt; Prevenci\u00f3n de adicciones<br \/>\n&gt; Cribados toxicol\u00f3gicos \u2013 Nuestra gama de servicios\u00bb][\/vc_column][\/vc_row]<\/p>\n<\/div>","protected":false},"excerpt":{"rendered":"[vc_row equal_height=\u00bbyes\u00bb content_placement=\u00bbtop\u00bb el_class=\u00bbsec-row-box\u00bb lg_spacing=\u00bbmargin_bottom:50&#8243;][vc_column width=\u00bb1\/3&#8243;][tm_box_icon style=\u00bb13&#8243; icon_type=\u00bblinea_svg\u00bb icon_linea_svg=\u00bblinea-basic-helm\u00bb box_link=\u00bburl:https%3A%2F%2Fwww.securetec.net%2Fes%2Fsoluciones%2Fseguridad-vial-y-conduccion-bajo-el-efecto-de-las-drogas%2F|||\u00bb heading=\u00bbTest toxicol\u00f3gico preliminar para la polic\u00eda\u00bb link=\u00bburl:https%3A%2F%2Fwww.securetec.net%2Fkundenloesungen%2Fverkehrssicherheit%2Fdrogen-am-steuer%2F|||\u00bb text=\u00bb&gt; Test toxicol\u00f3gico preliminar para la polic\u00eda &gt; Drogas al volante &gt; Formaci\u00f3n en detecci\u00f3n de drogas\u00bb][\/vc_column][vc_column width=\u00bb1\/3&#8243;][tm_box_icon style=\u00bb13&#8243; icon_type=\u00bblinea_svg\u00bb icon_linea_svg=\u00bblinea-basic-accelerator\u00bb box_link=\u00bburl:https%3A%2F%2Fwww.securetec.net%2Fes%2Fsoluciones%2Fcontrol-de-fronteras-aparicion-de-las-primeras-sospechas%2F|||\u00bb heading=\u00bbTests r\u00e1pidos de drogas en la ciencia forense\u00bb link=\u00bburl:https%3A%2F%2Fwww.securetec.net%2Fkundenloesungen%2Fdrogenschnelltests-in-der-kriminaltechnik%2Fdrogenschnelltests-in-der-kriminaltechnik%2F|||\u00bb text=\u00bb&gt; Tests r\u00e1pidos de drogas en la ciencia forense &gt; Detecci\u00f3n de drogas en la ciencia forense\u00bb][\/vc_column][vc_column width=\u00bb1\/3&#8243;][tm_box_icon style=\u00bb13&#8243; icon_type=\u00bblinea_svg\u00bb icon_linea_svg=\u00bblinea-basic-case\u00bb box_link=\u00bburl:https%3A%2F%2Fwww.securetec.net%2Fes%2Fsoluciones%2Fdopaje-en-el-lugar-de-trabajo%2F|||\u00bb heading=\u00bbCribado toxicol\u00f3gico en la empresa\u00bb link=\u00bburl:https%3A%2F%2Fwww.securetec.net%2Fkundenloesungen%2Fdrogen-am-arbeitsplatz%2Fdrogen-am-arbeitsplatz%2F|||\u00bb text=\u00bb&gt; Cribado toxicol\u00f3gico en la empresa &gt; Prevenci\u00f3n de adicciones &gt; Cribados toxicol\u00f3gicos \u2013 Nuestra gama de servicios\u00bb][\/vc_column][\/vc_row]","protected":false},"author":6,"featured_media":0,"parent":0,"menu_order":0,"comment_status":"closed","ping_status":"closed","template":"","meta":{"footnotes":""},"class_list":["post-7089","page","type-page","status-publish","hentry"],"yoast_head":"<!-- This site is optimized with the Yoast SEO plugin v25.6 - https:\/\/yoast.com\/wordpress\/plugins\/seo\/ -->\n<title>Soluciones - Securetec Detektions-Systeme AG<\/title>\n<meta name=\"description\" content=\"Referenzen: Detektion von Drogen, Molek\u00fclen und Microorganismen. Securetec ist Kooperationspartner f\u00fcr Sicherheitsbeh\u00f6rden, Unternehmen der freien Wirtschaft sowie der wehrmedizinische Forschung. Unsere Kernkompetenzen sind Drogenschnelltests\" \/>\n<meta name=\"robots\" content=\"index, follow, max-snippet:-1, max-image-preview:large, max-video-preview:-1\" \/>\n<link rel=\"canonical\" href=\"https:\/\/www.securetec.net\/es\/soluciones\/\" \/>\n<meta property=\"og:locale\" content=\"es_ES\" \/>\n<meta property=\"og:type\" content=\"article\" \/>\n<meta property=\"og:title\" content=\"Soluciones - Securetec Detektions-Systeme AG\" \/>\n<meta property=\"og:description\" content=\"Referenzen: Detektion von Drogen, Molek\u00fclen und Microorganismen. Securetec ist Kooperationspartner f\u00fcr Sicherheitsbeh\u00f6rden, Unternehmen der freien Wirtschaft sowie der wehrmedizinische Forschung. Unsere Kernkompetenzen sind Drogenschnelltests\" \/>\n<meta property=\"og:url\" content=\"https:\/\/www.securetec.net\/es\/soluciones\/\" \/>\n<meta property=\"og:site_name\" content=\"Securetec Detektions-Systeme AG\" \/>\n<meta property=\"article:modified_time\" content=\"2021-05-17T15:39:34+00:00\" \/>\n<meta name=\"twitter:card\" content=\"summary_large_image\" \/>\n<meta name=\"twitter:site\" content=\"@DrugWipeUK\" \/>\n<meta name=\"twitter:label1\" content=\"Est. reading time\" \/>\n\t<meta name=\"twitter:data1\" content=\"1 minuto\" \/>\n<script type=\"application\/ld+json\" class=\"yoast-schema-graph\">{\"@context\":\"https:\/\/schema.org\",\"@graph\":[{\"@type\":\"WebPage\",\"@id\":\"https:\/\/www.securetec.net\/es\/soluciones\/\",\"url\":\"https:\/\/www.securetec.net\/es\/soluciones\/\",\"name\":\"Soluciones - Securetec Detektions-Systeme AG\",\"isPartOf\":{\"@id\":\"https:\/\/www.securetec.net\/es\/#website\"},\"datePublished\":\"2018-11-13T14:32:13+00:00\",\"dateModified\":\"2021-05-17T15:39:34+00:00\",\"description\":\"Referenzen: Detektion von Drogen, Molek\u00fclen und Microorganismen. Securetec ist Kooperationspartner f\u00fcr Sicherheitsbeh\u00f6rden, Unternehmen der freien Wirtschaft sowie der wehrmedizinische Forschung. Unsere Kernkompetenzen sind Drogenschnelltests\",\"breadcrumb\":{\"@id\":\"https:\/\/www.securetec.net\/es\/soluciones\/#breadcrumb\"},\"inLanguage\":\"es\",\"potentialAction\":[{\"@type\":\"ReadAction\",\"target\":[\"https:\/\/www.securetec.net\/es\/soluciones\/\"]}]},{\"@type\":\"BreadcrumbList\",\"@id\":\"https:\/\/www.securetec.net\/es\/soluciones\/#breadcrumb\",\"itemListElement\":[{\"@type\":\"ListItem\",\"position\":1,\"name\":\"Startseite\",\"item\":\"https:\/\/www.securetec.net\/es\/\"},{\"@type\":\"ListItem\",\"position\":2,\"name\":\"Soluciones\"}]},{\"@type\":\"WebSite\",\"@id\":\"https:\/\/www.securetec.net\/es\/#website\",\"url\":\"https:\/\/www.securetec.net\/es\/\",\"name\":\"Securetec Detektions-Systeme AG\",\"description\":\"We detect to protect\",\"publisher\":{\"@id\":\"https:\/\/www.securetec.net\/es\/#organization\"},\"potentialAction\":[{\"@type\":\"SearchAction\",\"target\":{\"@type\":\"EntryPoint\",\"urlTemplate\":\"https:\/\/www.securetec.net\/es\/?s={search_term_string}\"},\"query-input\":{\"@type\":\"PropertyValueSpecification\",\"valueRequired\":true,\"valueName\":\"search_term_string\"}}],\"inLanguage\":\"es\"},{\"@type\":\"Organization\",\"@id\":\"https:\/\/www.securetec.net\/es\/#organization\",\"name\":\"Securetec Detektions-Systeme AG\",\"url\":\"https:\/\/www.securetec.net\/es\/\",\"logo\":{\"@type\":\"ImageObject\",\"inLanguage\":\"es\",\"@id\":\"https:\/\/www.securetec.net\/es\/#\/schema\/logo\/image\/\",\"url\":\"https:\/\/www.securetec.net\/app\/uploads\/2018\/07\/Securetec_Logo_.png\",\"contentUrl\":\"https:\/\/www.securetec.net\/app\/uploads\/2018\/07\/Securetec_Logo_.png\",\"width\":411,\"height\":189,\"caption\":\"Securetec Detektions-Systeme AG\"},\"image\":{\"@id\":\"https:\/\/www.securetec.net\/es\/#\/schema\/logo\/image\/\"},\"sameAs\":[\"https:\/\/x.com\/DrugWipeUK\",\"https:\/\/www.linkedin.com\/company\/securetec\",\"https:\/\/www.youtube.com\/channel\/UCP9jQA-TYhtqanhaooppMqw\"]}]}<\/script>\n<!-- \/ Yoast SEO plugin. -->","yoast_head_json":{"title":"Soluciones - Securetec Detektions-Systeme AG","description":"Referenzen: Detektion von Drogen, Molek\u00fclen und Microorganismen. Securetec ist Kooperationspartner f\u00fcr Sicherheitsbeh\u00f6rden, Unternehmen der freien Wirtschaft sowie der wehrmedizinische Forschung. Unsere Kernkompetenzen sind Drogenschnelltests","robots":{"index":"index","follow":"follow","max-snippet":"max-snippet:-1","max-image-preview":"max-image-preview:large","max-video-preview":"max-video-preview:-1"},"canonical":"https:\/\/www.securetec.net\/es\/soluciones\/","og_locale":"es_ES","og_type":"article","og_title":"Soluciones - Securetec Detektions-Systeme AG","og_description":"Referenzen: Detektion von Drogen, Molek\u00fclen und Microorganismen. Securetec ist Kooperationspartner f\u00fcr Sicherheitsbeh\u00f6rden, Unternehmen der freien Wirtschaft sowie der wehrmedizinische Forschung. Unsere Kernkompetenzen sind Drogenschnelltests","og_url":"https:\/\/www.securetec.net\/es\/soluciones\/","og_site_name":"Securetec Detektions-Systeme AG","article_modified_time":"2021-05-17T15:39:34+00:00","twitter_card":"summary_large_image","twitter_site":"@DrugWipeUK","twitter_misc":{"Est. reading time":"1 minuto"},"schema":{"@context":"https:\/\/schema.org","@graph":[{"@type":"WebPage","@id":"https:\/\/www.securetec.net\/es\/soluciones\/","url":"https:\/\/www.securetec.net\/es\/soluciones\/","name":"Soluciones - Securetec Detektions-Systeme AG","isPartOf":{"@id":"https:\/\/www.securetec.net\/es\/#website"},"datePublished":"2018-11-13T14:32:13+00:00","dateModified":"2021-05-17T15:39:34+00:00","description":"Referenzen: Detektion von Drogen, Molek\u00fclen und Microorganismen. Securetec ist Kooperationspartner f\u00fcr Sicherheitsbeh\u00f6rden, Unternehmen der freien Wirtschaft sowie der wehrmedizinische Forschung. Unsere Kernkompetenzen sind Drogenschnelltests","breadcrumb":{"@id":"https:\/\/www.securetec.net\/es\/soluciones\/#breadcrumb"},"inLanguage":"es","potentialAction":[{"@type":"ReadAction","target":["https:\/\/www.securetec.net\/es\/soluciones\/"]}]},{"@type":"BreadcrumbList","@id":"https:\/\/www.securetec.net\/es\/soluciones\/#breadcrumb","itemListElement":[{"@type":"ListItem","position":1,"name":"Startseite","item":"https:\/\/www.securetec.net\/es\/"},{"@type":"ListItem","position":2,"name":"Soluciones"}]},{"@type":"WebSite","@id":"https:\/\/www.securetec.net\/es\/#website","url":"https:\/\/www.securetec.net\/es\/","name":"Securetec Detektions-Systeme AG","description":"We detect to protect","publisher":{"@id":"https:\/\/www.securetec.net\/es\/#organization"},"potentialAction":[{"@type":"SearchAction","target":{"@type":"EntryPoint","urlTemplate":"https:\/\/www.securetec.net\/es\/?s={search_term_string}"},"query-input":{"@type":"PropertyValueSpecification","valueRequired":true,"valueName":"search_term_string"}}],"inLanguage":"es"},{"@type":"Organization","@id":"https:\/\/www.securetec.net\/es\/#organization","name":"Securetec Detektions-Systeme AG","url":"https:\/\/www.securetec.net\/es\/","logo":{"@type":"ImageObject","inLanguage":"es","@id":"https:\/\/www.securetec.net\/es\/#\/schema\/logo\/image\/","url":"https:\/\/www.securetec.net\/app\/uploads\/2018\/07\/Securetec_Logo_.png","contentUrl":"https:\/\/www.securetec.net\/app\/uploads\/2018\/07\/Securetec_Logo_.png","width":411,"height":189,"caption":"Securetec Detektions-Systeme AG"},"image":{"@id":"https:\/\/www.securetec.net\/es\/#\/schema\/logo\/image\/"},"sameAs":["https:\/\/x.com\/DrugWipeUK","https:\/\/www.linkedin.com\/company\/securetec","https:\/\/www.youtube.com\/channel\/UCP9jQA-TYhtqanhaooppMqw"]}]}},"_links":{"self":[{"href":"https:\/\/www.securetec.net\/es\/wp-json\/wp\/v2\/pages\/7089","targetHints":{"allow":["GET"]}}],"collection":[{"href":"https:\/\/www.securetec.net\/es\/wp-json\/wp\/v2\/pages"}],"about":[{"href":"https:\/\/www.securetec.net\/es\/wp-json\/wp\/v2\/types\/page"}],"author":[{"embeddable":true,"href":"https:\/\/www.securetec.net\/es\/wp-json\/wp\/v2\/users\/6"}],"replies":[{"embeddable":true,"href":"https:\/\/www.securetec.net\/es\/wp-json\/wp\/v2\/comments?post=7089"}],"version-history":[{"count":12,"href":"https:\/\/www.securetec.net\/es\/wp-json\/wp\/v2\/pages\/7089\/revisions"}],"predecessor-version":[{"id":12495,"href":"https:\/\/www.securetec.net\/es\/wp-json\/wp\/v2\/pages\/7089\/revisions\/12495"}],"wp:attachment":[{"href":"https:\/\/www.securetec.net\/es\/wp-json\/wp\/v2\/media?parent=7089"}],"curies":[{"name":"wp","href":"https:\/\/api.w.org\/{rel}","templated":true}]}}