{"id":7074,"date":"2018-11-13T14:29:04","date_gmt":"2018-11-13T13:29:04","guid":{"rendered":"https:\/\/www.securetec.net\/?page_id=7074"},"modified":"2025-08-18T09:33:23","modified_gmt":"2025-08-18T07:33:23","slug":"socio-de-securetec","status":"publish","type":"page","link":"https:\/\/www.securetec.net\/es\/empresa\/marketing-y-ventas\/socio-de-securetec\/","title":{"rendered":"Socio de Securetec"},"content":{"rendered":"<div class=\"wpb-content-wrapper\"><p>[vc_row][vc_column width=\u00bb2\/3&#8243;][vc_column_text css=\u00bb\u00bb]Con \u00e9xito en todo el mundo, Securetec Detektions-Systeme AG cuenta con una red mundial de socios comerciales y responsables de la toma de decisiones. La estrecha colaboraci\u00f3n con sus socios y filiales en todo el globo permite a Securetec reaccionar de forma anticipada a las tendencias tecnol\u00f3gicas internacionales, los avances de las aplicaciones y los cambios de legislaci\u00f3n.<\/p>\n<p>Nuestras relaciones empresariales establecidas contribuyen considerablemente a nuestro \u00e9xito y son decisivas para la implantaci\u00f3n r\u00e1pida de nuevos productos en los mercados gubernamentales y en empresas privadas.<br \/>\nSi desea m\u00e1s informaci\u00f3n sobre nuestras actividades internacionales, env\u00edenos una solicitud por escrito.<\/p>\n<h2>Convi\u00e9rtase en socio y disfrute de m\u00e1s oportunidades<\/h2>\n<p>\u00bfLe gustar\u00eda convertirse en socio de Securetec? Ampliamos de forma constante nuestra pr\u00f3spera red global de distribuci\u00f3n y estaremos encantados de escucharle. Basta con enviarnos el perfil descriptivo de su empresa. Le informaremos encantados sobre los detalles de nuestra red de distribuci\u00f3n y las posibilidades de distribuir nuestros productos.<\/p>\n<p>\u00bfHemos despertado su inter\u00e9s? Env\u00edenos una solicitud mediante nuestro <a href=\"https:\/\/www.securetec.net\/es\/contacto\/\">&gt;&gt; formulario de contacto<\/a><\/p>\n<h2 class=\"p1\">Nuestros productos<\/h2>\n<ul class=\"ul1\">\n<li class=\"li1\"><a href=\"https:\/\/www.securetec.net\/es\/resumen-de-tests-de-drogas\/\">Resumen de tests de drogas<\/a><\/li>\n<li class=\"li1\"><a href=\"https:\/\/www.securetec.net\/es\/productos\/test-de-drogas-con-saliva-drugwipe\/\">Test de drogas en saliva<\/a><\/li>\n<li class=\"li1\"><a href=\"https:\/\/www.securetec.net\/es\/productos\/test-de-drogas-en-superficies-drugwipe-f\/\">Test de drogas en superficies<\/a><\/li>\n<li class=\"li1\"><a href=\"https:\/\/www.securetec.net\/es\/productos\/test-de-drogas-drugwipe-a\/\">Test de detecci\u00f3n de drogas<\/a><\/li>\n<\/ul>\n<p>[\/vc_column_text][\/vc_column][vc_column width=\u00bb1\/3&#8243;][tm_image align=\u00bbcenter\u00bb image=\u00bb16384&#8243;][tm_spacer size=\u00bblg:30&#8243;][vc_column_text css=\u00bb\u00bb]<\/p>\n<h3>Informaci\u00f3n de contacto<\/h3>\n<p class=\"p1\">Securetec AG<br \/>\nStephanie Konopac<br \/>\nLilienthalstra\u00dfe 7<br \/>\n85579 Neubiberg (Alemania)<br \/>\nCorreo electr\u00f3nico:\u00a0info@securetec.net<br \/>\nTel.: +49 (0)89 203080 1651<br \/>\nFax: +49 (0)89 203080 1652<\/p>\n<p>[\/vc_column_text][\/vc_column][\/vc_row]<\/p>\n<\/div>","protected":false},"excerpt":{"rendered":"[vc_row][vc_column width=\u00bb2\/3&#8243;][vc_column_text css=\u00bb\u00bb]Con \u00e9xito en todo el mundo, Securetec Detektions-Systeme AG cuenta con una red mundial de socios comerciales y responsables de la toma de decisiones. La estrecha colaboraci\u00f3n con sus socios y filiales en todo el globo permite a Securetec reaccionar de forma anticipada a las tendencias tecnol\u00f3gicas internacionales, los avances de las aplicaciones y los cambios de legislaci\u00f3n. Nuestras relaciones empresariales establecidas contribuyen considerablemente a nuestro \u00e9xito y son decisivas para la implantaci\u00f3n r\u00e1pida de nuevos productos en los mercados gubernamentales y en empresas privadas. Si desea m\u00e1s informaci\u00f3n sobre nuestras actividades internacionales, env\u00edenos una solicitud por escrito. Convi\u00e9rtase en socio y disfrute de m\u00e1s oportunidades \u00bfLe gustar\u00eda convertirse en socio de Securetec? Ampliamos de forma constante nuestra pr\u00f3spera red global de distribuci\u00f3n y estaremos encantados de escucharle. Basta con enviarnos el perfil descriptivo de su empresa. Le informaremos encantados sobre los detalles de nuestra red de distribuci\u00f3n y las posibilidades de distribuir nuestros productos. \u00bfHemos despertado su inter\u00e9s? Env\u00edenos una solicitud mediante nuestro &gt;&gt; formulario de contacto Nuestros productos Resumen de tests de drogas Test de drogas en saliva Test de drogas en superficies Test de detecci\u00f3n de drogas [\/vc_column_text][\/vc_column][vc_column width=\u00bb1\/3&#8243;][tm_image align=\u00bbcenter\u00bb image=\u00bb16384&#8243;][tm_spacer size=\u00bblg:30&#8243;][vc_column_text css=\u00bb\u00bb] Informaci\u00f3n de contacto Securetec AG Stephanie Konopac Lilienthalstra\u00dfe 7 85579 Neubiberg (Alemania) Correo electr\u00f3nico:\u00a0info@securetec.net Tel.: +49 (0)89 203080 1651 Fax: +49 (0)89 203080 1652 [\/vc_column_text][\/vc_column][\/vc_row]","protected":false},"author":6,"featured_media":0,"parent":7071,"menu_order":0,"comment_status":"closed","ping_status":"closed","template":"","meta":{"footnotes":""},"class_list":["post-7074","page","type-page","status-publish","hentry"],"yoast_head":"<!-- This site is optimized with the Yoast SEO plugin v25.6 - https:\/\/yoast.com\/wordpress\/plugins\/seo\/ -->\n<title>Socio de Securetec - Securetec Detektions-Systeme AG<\/title>\n<meta name=\"robots\" content=\"index, follow, max-snippet:-1, max-image-preview:large, max-video-preview:-1\" \/>\n<link rel=\"canonical\" href=\"https:\/\/www.securetec.net\/es\/empresa\/marketing-y-ventas\/socio-de-securetec\/\" \/>\n<meta property=\"og:locale\" content=\"es_ES\" \/>\n<meta property=\"og:type\" content=\"article\" \/>\n<meta property=\"og:title\" content=\"Socio de Securetec - Securetec Detektions-Systeme AG\" \/>\n<meta property=\"og:url\" content=\"https:\/\/www.securetec.net\/es\/empresa\/marketing-y-ventas\/socio-de-securetec\/\" \/>\n<meta property=\"og:site_name\" content=\"Securetec Detektions-Systeme AG\" \/>\n<meta property=\"article:modified_time\" content=\"2025-08-18T07:33:23+00:00\" \/>\n<meta name=\"twitter:card\" content=\"summary_large_image\" \/>\n<meta name=\"twitter:site\" content=\"@DrugWipeUK\" \/>\n<meta name=\"twitter:label1\" content=\"Est. reading time\" \/>\n\t<meta name=\"twitter:data1\" content=\"2 minutos\" \/>\n<script type=\"application\/ld+json\" class=\"yoast-schema-graph\">{\"@context\":\"https:\/\/schema.org\",\"@graph\":[{\"@type\":\"WebPage\",\"@id\":\"https:\/\/www.securetec.net\/es\/empresa\/marketing-y-ventas\/socio-de-securetec\/\",\"url\":\"https:\/\/www.securetec.net\/es\/empresa\/marketing-y-ventas\/socio-de-securetec\/\",\"name\":\"Socio de Securetec - Securetec Detektions-Systeme AG\",\"isPartOf\":{\"@id\":\"https:\/\/www.securetec.net\/es\/#website\"},\"datePublished\":\"2018-11-13T13:29:04+00:00\",\"dateModified\":\"2025-08-18T07:33:23+00:00\",\"breadcrumb\":{\"@id\":\"https:\/\/www.securetec.net\/es\/empresa\/marketing-y-ventas\/socio-de-securetec\/#breadcrumb\"},\"inLanguage\":\"es\",\"potentialAction\":[{\"@type\":\"ReadAction\",\"target\":[\"https:\/\/www.securetec.net\/es\/empresa\/marketing-y-ventas\/socio-de-securetec\/\"]}]},{\"@type\":\"BreadcrumbList\",\"@id\":\"https:\/\/www.securetec.net\/es\/empresa\/marketing-y-ventas\/socio-de-securetec\/#breadcrumb\",\"itemListElement\":[{\"@type\":\"ListItem\",\"position\":1,\"name\":\"Startseite\",\"item\":\"https:\/\/www.securetec.net\/es\/\"},{\"@type\":\"ListItem\",\"position\":2,\"name\":\"Empresa\",\"item\":\"https:\/\/www.securetec.net\/es\/empresa\/\"},{\"@type\":\"ListItem\",\"position\":3,\"name\":\"Marketing y ventas\",\"item\":\"https:\/\/www.securetec.net\/es\/empresa\/marketing-y-ventas\/\"},{\"@type\":\"ListItem\",\"position\":4,\"name\":\"Socio de Securetec\"}]},{\"@type\":\"WebSite\",\"@id\":\"https:\/\/www.securetec.net\/es\/#website\",\"url\":\"https:\/\/www.securetec.net\/es\/\",\"name\":\"Securetec Detektions-Systeme AG\",\"description\":\"We detect to protect\",\"publisher\":{\"@id\":\"https:\/\/www.securetec.net\/es\/#organization\"},\"potentialAction\":[{\"@type\":\"SearchAction\",\"target\":{\"@type\":\"EntryPoint\",\"urlTemplate\":\"https:\/\/www.securetec.net\/es\/?s={search_term_string}\"},\"query-input\":{\"@type\":\"PropertyValueSpecification\",\"valueRequired\":true,\"valueName\":\"search_term_string\"}}],\"inLanguage\":\"es\"},{\"@type\":\"Organization\",\"@id\":\"https:\/\/www.securetec.net\/es\/#organization\",\"name\":\"Securetec Detektions-Systeme AG\",\"url\":\"https:\/\/www.securetec.net\/es\/\",\"logo\":{\"@type\":\"ImageObject\",\"inLanguage\":\"es\",\"@id\":\"https:\/\/www.securetec.net\/es\/#\/schema\/logo\/image\/\",\"url\":\"https:\/\/www.securetec.net\/app\/uploads\/2018\/07\/Securetec_Logo_.png\",\"contentUrl\":\"https:\/\/www.securetec.net\/app\/uploads\/2018\/07\/Securetec_Logo_.png\",\"width\":411,\"height\":189,\"caption\":\"Securetec Detektions-Systeme AG\"},\"image\":{\"@id\":\"https:\/\/www.securetec.net\/es\/#\/schema\/logo\/image\/\"},\"sameAs\":[\"https:\/\/x.com\/DrugWipeUK\",\"https:\/\/www.linkedin.com\/company\/securetec\",\"https:\/\/www.youtube.com\/channel\/UCP9jQA-TYhtqanhaooppMqw\"]}]}<\/script>\n<!-- \/ Yoast SEO plugin. -->","yoast_head_json":{"title":"Socio de Securetec - Securetec Detektions-Systeme AG","robots":{"index":"index","follow":"follow","max-snippet":"max-snippet:-1","max-image-preview":"max-image-preview:large","max-video-preview":"max-video-preview:-1"},"canonical":"https:\/\/www.securetec.net\/es\/empresa\/marketing-y-ventas\/socio-de-securetec\/","og_locale":"es_ES","og_type":"article","og_title":"Socio de Securetec - Securetec Detektions-Systeme AG","og_url":"https:\/\/www.securetec.net\/es\/empresa\/marketing-y-ventas\/socio-de-securetec\/","og_site_name":"Securetec Detektions-Systeme AG","article_modified_time":"2025-08-18T07:33:23+00:00","twitter_card":"summary_large_image","twitter_site":"@DrugWipeUK","twitter_misc":{"Est. reading time":"2 minutos"},"schema":{"@context":"https:\/\/schema.org","@graph":[{"@type":"WebPage","@id":"https:\/\/www.securetec.net\/es\/empresa\/marketing-y-ventas\/socio-de-securetec\/","url":"https:\/\/www.securetec.net\/es\/empresa\/marketing-y-ventas\/socio-de-securetec\/","name":"Socio de Securetec - Securetec Detektions-Systeme AG","isPartOf":{"@id":"https:\/\/www.securetec.net\/es\/#website"},"datePublished":"2018-11-13T13:29:04+00:00","dateModified":"2025-08-18T07:33:23+00:00","breadcrumb":{"@id":"https:\/\/www.securetec.net\/es\/empresa\/marketing-y-ventas\/socio-de-securetec\/#breadcrumb"},"inLanguage":"es","potentialAction":[{"@type":"ReadAction","target":["https:\/\/www.securetec.net\/es\/empresa\/marketing-y-ventas\/socio-de-securetec\/"]}]},{"@type":"BreadcrumbList","@id":"https:\/\/www.securetec.net\/es\/empresa\/marketing-y-ventas\/socio-de-securetec\/#breadcrumb","itemListElement":[{"@type":"ListItem","position":1,"name":"Startseite","item":"https:\/\/www.securetec.net\/es\/"},{"@type":"ListItem","position":2,"name":"Empresa","item":"https:\/\/www.securetec.net\/es\/empresa\/"},{"@type":"ListItem","position":3,"name":"Marketing y ventas","item":"https:\/\/www.securetec.net\/es\/empresa\/marketing-y-ventas\/"},{"@type":"ListItem","position":4,"name":"Socio de Securetec"}]},{"@type":"WebSite","@id":"https:\/\/www.securetec.net\/es\/#website","url":"https:\/\/www.securetec.net\/es\/","name":"Securetec Detektions-Systeme AG","description":"We detect to protect","publisher":{"@id":"https:\/\/www.securetec.net\/es\/#organization"},"potentialAction":[{"@type":"SearchAction","target":{"@type":"EntryPoint","urlTemplate":"https:\/\/www.securetec.net\/es\/?s={search_term_string}"},"query-input":{"@type":"PropertyValueSpecification","valueRequired":true,"valueName":"search_term_string"}}],"inLanguage":"es"},{"@type":"Organization","@id":"https:\/\/www.securetec.net\/es\/#organization","name":"Securetec Detektions-Systeme AG","url":"https:\/\/www.securetec.net\/es\/","logo":{"@type":"ImageObject","inLanguage":"es","@id":"https:\/\/www.securetec.net\/es\/#\/schema\/logo\/image\/","url":"https:\/\/www.securetec.net\/app\/uploads\/2018\/07\/Securetec_Logo_.png","contentUrl":"https:\/\/www.securetec.net\/app\/uploads\/2018\/07\/Securetec_Logo_.png","width":411,"height":189,"caption":"Securetec Detektions-Systeme AG"},"image":{"@id":"https:\/\/www.securetec.net\/es\/#\/schema\/logo\/image\/"},"sameAs":["https:\/\/x.com\/DrugWipeUK","https:\/\/www.linkedin.com\/company\/securetec","https:\/\/www.youtube.com\/channel\/UCP9jQA-TYhtqanhaooppMqw"]}]}},"_links":{"self":[{"href":"https:\/\/www.securetec.net\/es\/wp-json\/wp\/v2\/pages\/7074","targetHints":{"allow":["GET"]}}],"collection":[{"href":"https:\/\/www.securetec.net\/es\/wp-json\/wp\/v2\/pages"}],"about":[{"href":"https:\/\/www.securetec.net\/es\/wp-json\/wp\/v2\/types\/page"}],"author":[{"embeddable":true,"href":"https:\/\/www.securetec.net\/es\/wp-json\/wp\/v2\/users\/6"}],"replies":[{"embeddable":true,"href":"https:\/\/www.securetec.net\/es\/wp-json\/wp\/v2\/comments?post=7074"}],"version-history":[{"count":15,"href":"https:\/\/www.securetec.net\/es\/wp-json\/wp\/v2\/pages\/7074\/revisions"}],"predecessor-version":[{"id":16533,"href":"https:\/\/www.securetec.net\/es\/wp-json\/wp\/v2\/pages\/7074\/revisions\/16533"}],"up":[{"embeddable":true,"href":"https:\/\/www.securetec.net\/es\/wp-json\/wp\/v2\/pages\/7071"}],"wp:attachment":[{"href":"https:\/\/www.securetec.net\/es\/wp-json\/wp\/v2\/media?parent=7074"}],"curies":[{"name":"wp","href":"https:\/\/api.w.org\/{rel}","templated":true}]}}