{"id":7071,"date":"2018-11-13T14:25:14","date_gmt":"2018-11-13T13:25:14","guid":{"rendered":"https:\/\/www.securetec.net\/?page_id=7071"},"modified":"2025-08-18T09:26:56","modified_gmt":"2025-08-18T07:26:56","slug":"marketing-y-ventas","status":"publish","type":"page","link":"https:\/\/www.securetec.net\/es\/empresa\/marketing-y-ventas\/","title":{"rendered":"Marketing y ventas"},"content":{"rendered":"<div class=\"wpb-content-wrapper\"><p>[vc_row][vc_column width=\u00bb2\/3&#8243;][vc_column_text css=\u00bb\u00bb]La cercan\u00eda al cliente es algo muy importante para nosotros. Por este motivo, Securetec AG lleva m\u00e1s de 30 a\u00f1os apoy\u00e1ndose en una s\u00f3lida red de distribuci\u00f3n en constante crecimiento que se caracteriza por su experiencia global y su presencia local. Estamos a su disposici\u00f3n: all\u00ed donde nos necesite, en todo el mundo.<\/p>\n<p>Las ventas y el marketing del principal fabricante de tests de drogas del mundo se controlan directamente desde la sede de Securetec en Neubiberg (M\u00fanich). Nuestro experimentado equipo de ventas, compuesto por comerciales y personal de oficina, estar\u00e1 a su disposici\u00f3n con su competencia y experiencia.<\/p>\n<p>Podemos garantizar la disponibilidad mundial de nuestros eficientes tests r\u00e1pidos a trav\u00e9s de nuestras filiales internacionales y nuestros socios de cooperaci\u00f3n y contacto locales.<\/p>\n<p><a href=\"https:\/\/www.securetec.net\/es\/contacto\/\">&gt;&gt; Contacto<\/a><\/p>\n<p><a href=\"https:\/\/www.securetec.net\/es\/empresa\/marketing-y-ventas\/socio-de-securetec\/\">&gt;&gt; Convi\u00e9rtase en socio distribuidor de Securetec<\/a><\/p>\n<p><a href=\"https:\/\/www.securetec.net\/en\/distributor-area\/\">&gt;&gt; Distributor Area<\/a>[\/vc_column_text][\/vc_column][vc_column width=\u00bb1\/3&#8243;][tm_image align=\u00bbcenter\u00bb image=\u00bb16370&#8243;][tm_spacer size=\u00bblg:30&#8243;][tm_image align=\u00bbcenter\u00bb image=\u00bb16375&#8243;][\/vc_column][\/vc_row]<\/p>\n<\/div>","protected":false},"excerpt":{"rendered":"[vc_row][vc_column width=\u00bb2\/3&#8243;][vc_column_text css=\u00bb\u00bb]La cercan\u00eda al cliente es algo muy importante para nosotros. Por este motivo, Securetec AG lleva m\u00e1s de 30 a\u00f1os apoy\u00e1ndose en una s\u00f3lida red de distribuci\u00f3n en constante crecimiento que se caracteriza por su experiencia global y su presencia local. Estamos a su disposici\u00f3n: all\u00ed donde nos necesite, en todo el mundo. Las ventas y el marketing del principal fabricante de tests de drogas del mundo se controlan directamente desde la sede de Securetec en Neubiberg (M\u00fanich). Nuestro experimentado equipo de ventas, compuesto por comerciales y personal de oficina, estar\u00e1 a su disposici\u00f3n con su competencia y experiencia. Podemos garantizar la disponibilidad mundial de nuestros eficientes tests r\u00e1pidos a trav\u00e9s de nuestras filiales internacionales y nuestros socios de cooperaci\u00f3n y contacto locales. &gt;&gt; Contacto &gt;&gt; Convi\u00e9rtase en socio distribuidor de Securetec &gt;&gt; Distributor Area[\/vc_column_text][\/vc_column][vc_column width=\u00bb1\/3&#8243;][tm_image align=\u00bbcenter\u00bb image=\u00bb16370&#8243;][tm_spacer size=\u00bblg:30&#8243;][tm_image align=\u00bbcenter\u00bb image=\u00bb16375&#8243;][\/vc_column][\/vc_row]","protected":false},"author":6,"featured_media":0,"parent":7053,"menu_order":0,"comment_status":"closed","ping_status":"closed","template":"","meta":{"footnotes":""},"class_list":["post-7071","page","type-page","status-publish","hentry"],"yoast_head":"<!-- This site is optimized with the Yoast SEO plugin v25.6 - https:\/\/yoast.com\/wordpress\/plugins\/seo\/ -->\n<title>Marketing y ventas - Securetec Detektions-Systeme AG<\/title>\n<meta name=\"robots\" content=\"index, follow, max-snippet:-1, max-image-preview:large, max-video-preview:-1\" \/>\n<link rel=\"canonical\" href=\"https:\/\/www.securetec.net\/es\/empresa\/marketing-y-ventas\/\" \/>\n<meta property=\"og:locale\" content=\"es_ES\" \/>\n<meta property=\"og:type\" content=\"article\" \/>\n<meta property=\"og:title\" content=\"Marketing y ventas - Securetec Detektions-Systeme AG\" \/>\n<meta property=\"og:url\" content=\"https:\/\/www.securetec.net\/es\/empresa\/marketing-y-ventas\/\" \/>\n<meta property=\"og:site_name\" content=\"Securetec Detektions-Systeme AG\" \/>\n<meta property=\"article:modified_time\" content=\"2025-08-18T07:26:56+00:00\" \/>\n<meta name=\"twitter:card\" content=\"summary_large_image\" \/>\n<meta name=\"twitter:site\" content=\"@DrugWipeUK\" \/>\n<meta name=\"twitter:label1\" content=\"Est. reading time\" \/>\n\t<meta name=\"twitter:data1\" content=\"1 minuto\" \/>\n<script type=\"application\/ld+json\" class=\"yoast-schema-graph\">{\"@context\":\"https:\/\/schema.org\",\"@graph\":[{\"@type\":\"WebPage\",\"@id\":\"https:\/\/www.securetec.net\/es\/empresa\/marketing-y-ventas\/\",\"url\":\"https:\/\/www.securetec.net\/es\/empresa\/marketing-y-ventas\/\",\"name\":\"Marketing y ventas - Securetec Detektions-Systeme AG\",\"isPartOf\":{\"@id\":\"https:\/\/www.securetec.net\/es\/#website\"},\"datePublished\":\"2018-11-13T13:25:14+00:00\",\"dateModified\":\"2025-08-18T07:26:56+00:00\",\"breadcrumb\":{\"@id\":\"https:\/\/www.securetec.net\/es\/empresa\/marketing-y-ventas\/#breadcrumb\"},\"inLanguage\":\"es\",\"potentialAction\":[{\"@type\":\"ReadAction\",\"target\":[\"https:\/\/www.securetec.net\/es\/empresa\/marketing-y-ventas\/\"]}]},{\"@type\":\"BreadcrumbList\",\"@id\":\"https:\/\/www.securetec.net\/es\/empresa\/marketing-y-ventas\/#breadcrumb\",\"itemListElement\":[{\"@type\":\"ListItem\",\"position\":1,\"name\":\"Startseite\",\"item\":\"https:\/\/www.securetec.net\/es\/\"},{\"@type\":\"ListItem\",\"position\":2,\"name\":\"Empresa\",\"item\":\"https:\/\/www.securetec.net\/es\/empresa\/\"},{\"@type\":\"ListItem\",\"position\":3,\"name\":\"Marketing y ventas\"}]},{\"@type\":\"WebSite\",\"@id\":\"https:\/\/www.securetec.net\/es\/#website\",\"url\":\"https:\/\/www.securetec.net\/es\/\",\"name\":\"Securetec Detektions-Systeme AG\",\"description\":\"We detect to protect\",\"publisher\":{\"@id\":\"https:\/\/www.securetec.net\/es\/#organization\"},\"potentialAction\":[{\"@type\":\"SearchAction\",\"target\":{\"@type\":\"EntryPoint\",\"urlTemplate\":\"https:\/\/www.securetec.net\/es\/?s={search_term_string}\"},\"query-input\":{\"@type\":\"PropertyValueSpecification\",\"valueRequired\":true,\"valueName\":\"search_term_string\"}}],\"inLanguage\":\"es\"},{\"@type\":\"Organization\",\"@id\":\"https:\/\/www.securetec.net\/es\/#organization\",\"name\":\"Securetec Detektions-Systeme AG\",\"url\":\"https:\/\/www.securetec.net\/es\/\",\"logo\":{\"@type\":\"ImageObject\",\"inLanguage\":\"es\",\"@id\":\"https:\/\/www.securetec.net\/es\/#\/schema\/logo\/image\/\",\"url\":\"https:\/\/www.securetec.net\/app\/uploads\/2018\/07\/Securetec_Logo_.png\",\"contentUrl\":\"https:\/\/www.securetec.net\/app\/uploads\/2018\/07\/Securetec_Logo_.png\",\"width\":411,\"height\":189,\"caption\":\"Securetec Detektions-Systeme AG\"},\"image\":{\"@id\":\"https:\/\/www.securetec.net\/es\/#\/schema\/logo\/image\/\"},\"sameAs\":[\"https:\/\/x.com\/DrugWipeUK\",\"https:\/\/www.linkedin.com\/company\/securetec\",\"https:\/\/www.youtube.com\/channel\/UCP9jQA-TYhtqanhaooppMqw\"]}]}<\/script>\n<!-- \/ Yoast SEO plugin. -->","yoast_head_json":{"title":"Marketing y ventas - Securetec Detektions-Systeme AG","robots":{"index":"index","follow":"follow","max-snippet":"max-snippet:-1","max-image-preview":"max-image-preview:large","max-video-preview":"max-video-preview:-1"},"canonical":"https:\/\/www.securetec.net\/es\/empresa\/marketing-y-ventas\/","og_locale":"es_ES","og_type":"article","og_title":"Marketing y ventas - Securetec Detektions-Systeme AG","og_url":"https:\/\/www.securetec.net\/es\/empresa\/marketing-y-ventas\/","og_site_name":"Securetec Detektions-Systeme AG","article_modified_time":"2025-08-18T07:26:56+00:00","twitter_card":"summary_large_image","twitter_site":"@DrugWipeUK","twitter_misc":{"Est. reading time":"1 minuto"},"schema":{"@context":"https:\/\/schema.org","@graph":[{"@type":"WebPage","@id":"https:\/\/www.securetec.net\/es\/empresa\/marketing-y-ventas\/","url":"https:\/\/www.securetec.net\/es\/empresa\/marketing-y-ventas\/","name":"Marketing y ventas - Securetec Detektions-Systeme AG","isPartOf":{"@id":"https:\/\/www.securetec.net\/es\/#website"},"datePublished":"2018-11-13T13:25:14+00:00","dateModified":"2025-08-18T07:26:56+00:00","breadcrumb":{"@id":"https:\/\/www.securetec.net\/es\/empresa\/marketing-y-ventas\/#breadcrumb"},"inLanguage":"es","potentialAction":[{"@type":"ReadAction","target":["https:\/\/www.securetec.net\/es\/empresa\/marketing-y-ventas\/"]}]},{"@type":"BreadcrumbList","@id":"https:\/\/www.securetec.net\/es\/empresa\/marketing-y-ventas\/#breadcrumb","itemListElement":[{"@type":"ListItem","position":1,"name":"Startseite","item":"https:\/\/www.securetec.net\/es\/"},{"@type":"ListItem","position":2,"name":"Empresa","item":"https:\/\/www.securetec.net\/es\/empresa\/"},{"@type":"ListItem","position":3,"name":"Marketing y ventas"}]},{"@type":"WebSite","@id":"https:\/\/www.securetec.net\/es\/#website","url":"https:\/\/www.securetec.net\/es\/","name":"Securetec Detektions-Systeme AG","description":"We detect to protect","publisher":{"@id":"https:\/\/www.securetec.net\/es\/#organization"},"potentialAction":[{"@type":"SearchAction","target":{"@type":"EntryPoint","urlTemplate":"https:\/\/www.securetec.net\/es\/?s={search_term_string}"},"query-input":{"@type":"PropertyValueSpecification","valueRequired":true,"valueName":"search_term_string"}}],"inLanguage":"es"},{"@type":"Organization","@id":"https:\/\/www.securetec.net\/es\/#organization","name":"Securetec Detektions-Systeme AG","url":"https:\/\/www.securetec.net\/es\/","logo":{"@type":"ImageObject","inLanguage":"es","@id":"https:\/\/www.securetec.net\/es\/#\/schema\/logo\/image\/","url":"https:\/\/www.securetec.net\/app\/uploads\/2018\/07\/Securetec_Logo_.png","contentUrl":"https:\/\/www.securetec.net\/app\/uploads\/2018\/07\/Securetec_Logo_.png","width":411,"height":189,"caption":"Securetec Detektions-Systeme AG"},"image":{"@id":"https:\/\/www.securetec.net\/es\/#\/schema\/logo\/image\/"},"sameAs":["https:\/\/x.com\/DrugWipeUK","https:\/\/www.linkedin.com\/company\/securetec","https:\/\/www.youtube.com\/channel\/UCP9jQA-TYhtqanhaooppMqw"]}]}},"_links":{"self":[{"href":"https:\/\/www.securetec.net\/es\/wp-json\/wp\/v2\/pages\/7071","targetHints":{"allow":["GET"]}}],"collection":[{"href":"https:\/\/www.securetec.net\/es\/wp-json\/wp\/v2\/pages"}],"about":[{"href":"https:\/\/www.securetec.net\/es\/wp-json\/wp\/v2\/types\/page"}],"author":[{"embeddable":true,"href":"https:\/\/www.securetec.net\/es\/wp-json\/wp\/v2\/users\/6"}],"replies":[{"embeddable":true,"href":"https:\/\/www.securetec.net\/es\/wp-json\/wp\/v2\/comments?post=7071"}],"version-history":[{"count":10,"href":"https:\/\/www.securetec.net\/es\/wp-json\/wp\/v2\/pages\/7071\/revisions"}],"predecessor-version":[{"id":16521,"href":"https:\/\/www.securetec.net\/es\/wp-json\/wp\/v2\/pages\/7071\/revisions\/16521"}],"up":[{"embeddable":true,"href":"https:\/\/www.securetec.net\/es\/wp-json\/wp\/v2\/pages\/7053"}],"wp:attachment":[{"href":"https:\/\/www.securetec.net\/es\/wp-json\/wp\/v2\/media?parent=7071"}],"curies":[{"name":"wp","href":"https:\/\/api.w.org\/{rel}","templated":true}]}}