{"id":7068,"date":"2018-11-13T14:20:43","date_gmt":"2018-11-13T13:20:43","guid":{"rendered":"https:\/\/www.securetec.net\/?page_id=7068"},"modified":"2025-08-18T09:22:36","modified_gmt":"2025-08-18T07:22:36","slug":"produccion-y-gestion-de-calidad","status":"publish","type":"page","link":"https:\/\/www.securetec.net\/es\/empresa\/produccion-y-gestion-de-calidad\/","title":{"rendered":"Producci\u00f3n y gesti\u00f3n de calidad"},"content":{"rendered":"<div class=\"wpb-content-wrapper\"><p>[vc_row lg_spacing=\u00bbmargin_bottom:80&#8243;][vc_column width=\u00bb2\/3&#8243;][vc_column_text]<\/p>\n<h2 class=\"p1\">Producci\u00f3n<\/h2>\n<p>En nuestra planta de producci\u00f3n en la sede de Neubiberg, cerca de M\u00fanich, como fabricante de tests de drogas apostamos por una cooperaci\u00f3n interdisciplinar entre nuestros equipos de producci\u00f3n y garant\u00eda de calidad altamente cualificados. Con un objetivo claro en la calidad probada y la seguridad laboral, se crean productos fiables, eficientes e innovadores para la detecci\u00f3n de drogas en las cuatro fases de producci\u00f3n: procesamiento de materias primas, producci\u00f3n de tiras reactivas, producci\u00f3n de piezas para carcasa y montaje de los productos.<\/p>\n<p>Los procesos automatizados parcialmente garantizan una elevada calidad constante as\u00ed como una capacidad de respuesta flexible a los deseos espec\u00edficos del cliente.[\/vc_column_text][tm_spacer size=\u00bblg:30&#8243;][vc_column_text css=\u00bb.vc_custom_1689157505633{margin-bottom: 50px !important;}\u00bb]<\/p>\n<div class=\"text-content\">\n<div class=\"inhalt \">\n<h2>Garant\u00eda de calidad<\/h2>\n<p>Como fabricante l\u00edder de tests r\u00e1pidos, concedemos la m\u00e1xima importancia a la calidad de nuestros productos. Desde 2004, Securetec cuenta con las certificaciones ISO 9001 y EN ISO 13485. Cada a\u00f1o, junto a las auditor\u00edas de T\u00dcV S\u00fcd se realizan tambi\u00e9n auditor\u00edas internas en toda la empresa para garantizar una mejora continua del sistema de gesti\u00f3n de calidad.<\/p>\n<p>Desde junio de 2022, cumplimos todos los requisitos de la norma ISO 14001 y contamos con la certificaci\u00f3n correspondiente. Esta certificaci\u00f3n la concede anualmente T\u00dcV Austria Cert.<\/p>\n<p>Adem\u00e1s de los procedimientos de trabajo y de proceso, documentados y aplicados de acuerdo con los procedimientos normalizados de trabajo (PNT), hemos implementado un procedimiento de acciones correctivas y preventivas (CAPA) para optimizar continuamente los productos y procesos.<\/p>\n<p>Nuestros empleados reciben formaciones regulares para profundizar en la sensibilizaci\u00f3n sobre la calidad y complementar as\u00ed nuestro \u00e9nfasis en la calidad.<\/p>\n<p>Nuestros expertos de garant\u00eda de calidad acompa\u00f1an desde el principio todos los pasos de trabajo y procesos del desarrollo y la producci\u00f3n del producto hasta la fabricaci\u00f3n en serie, seg\u00fan los criterios de distribuci\u00f3n definidos.<\/p>\n<p>De este modo garantizamos que \u00fanicamente llegan al cliente productos duraderos y funcionales de la m\u00e1xima calidad.<\/p><\/div>\n<\/div>\n<p>[\/vc_column_text][\/vc_column][vc_column width=\u00bb1\/3&#8243;][tm_image align=\u00bbcenter\u00bb image=\u00bb16351&#8243;][tm_spacer size=\u00bblg:30&#8243;][tm_image align=\u00bbcenter\u00bb image=\u00bb16355&#8243;][tm_spacer size=\u00bblg:30&#8243;][tm_image align=\u00bbcenter\u00bb image=\u00bb16360&#8243;][\/vc_column][\/vc_row][vc_row equal_height=\u00bbyes\u00bb][vc_column width=\u00bb1\/2&#8243;][vc_row_inner equal_height=\u00bbyes\u00bb content_placement=\u00bbmiddle\u00bb lg_spacing=\u00bbmargin_right:30;border_top:2;border_right:2;border_bottom:2;border_left:2;padding_top:0;padding_right:0;padding_bottom:0;padding_left:0&#8243;][vc_column_inner width=\u00bb3\/4&#8243; content_alignment=\u00bbright\u00bb lg_spacing=\u00bbpadding_top:0;padding_right:0;padding_bottom:0&#8243;][vc_column_text css=\u00bb.vc_custom_1576504692178{padding-top: 20px !important;padding-bottom: 20px !important;padding-left: 10px !important;}\u00bb]<div class='w3eden'><!-- WPDM Link Template: Default Template -->\n\n<div class=\"link-template-default card mb-2\">\n    <div class=\"card-body\">\n        <div class=\"media\">\n            <div class=\"mr-3 img-48\"><img decoding=\"async\" class=\"wpdm_icon\" alt=\"Icono\" src=\"https:\/\/www.securetec.net\/app\/plugins\/download-manager\/assets\/file-type-icons\/pdf.svg\" \/><\/div>\n            <div class=\"media-body\">\n                <h3 class=\"package-title\"><a href='https:\/\/www.securetec.net\/es\/download\/certificado-iso-13485\/'>Certificado ISO 13485<\/a><\/h3>\n                <div class=\"text-muted text-small\"><i class=\"fas fa-copy\"><\/i> 1 archivo (s) <i class=\"fas fa-hdd ml-3\"><\/i> 969.01 KB<\/div>\n            <\/div>\n            <div class=\"ml-3\">\n                <a class='wpdm-download-link download-on-click btn btn-primary ' target=_blank rel='nofollow' href='#' data-downloadurl=\"https:\/\/www.securetec.net\/es\/download\/certificado-iso-13485\/?wpdmdl=10709&refresh=69dd361a860d51776104986\">Descargar<\/a>\n            <\/div>\n        <\/div>\n    <\/div>\n<\/div>\n\n<\/div>\n<div class='w3eden'><!-- WPDM Link Template: Default Template -->\n\n<div class=\"link-template-default card mb-2\">\n    <div class=\"card-body\">\n        <div class=\"media\">\n            <div class=\"mr-3 img-48\"><img decoding=\"async\" class=\"wpdm_icon\" alt=\"Icono\" src=\"https:\/\/www.securetec.net\/app\/plugins\/download-manager\/assets\/file-type-icons\/pdf.svg\" \/><\/div>\n            <div class=\"media-body\">\n                <h3 class=\"package-title\"><a href='https:\/\/www.securetec.net\/es\/download\/certificado-iso-9001\/'>Certificado ISO 9001<\/a><\/h3>\n                <div class=\"text-muted text-small\"><i class=\"fas fa-copy\"><\/i> 1 archivo (s) <i class=\"fas fa-hdd ml-3\"><\/i> 284.38 KB<\/div>\n            <\/div>\n            <div class=\"ml-3\">\n                <a class='wpdm-download-link download-on-click btn btn-primary ' target=_blank rel='nofollow' href='#' data-downloadurl=\"https:\/\/www.securetec.net\/es\/download\/certificado-iso-9001\/?wpdmdl=10719&refresh=69dd361a9b7061776104986\">Descargar<\/a>\n            <\/div>\n        <\/div>\n    <\/div>\n<\/div>\n\n<\/div>[\/vc_column_text][\/vc_column_inner][vc_column_inner width=\u00bb1\/4&#8243; lg_spacing=\u00bbmargin_top:21;margin_bottom:20&#8243;][tm_image align=\u00bbright\u00bb image=\u00bb404&#8243; lg_spacing=\u00bbpadding_top:0;padding_right:0;padding_bottom:0&#8243;][\/vc_column_inner][\/vc_row_inner][\/vc_column][vc_column width=\u00bb1\/2&#8243;][vc_row_inner equal_height=\u00bbyes\u00bb content_placement=\u00bbmiddle\u00bb lg_spacing=\u00bbborder_top:2;border_right:2;border_bottom:2;border_left:2;padding_top:0;padding_right:0;padding_bottom:0;padding_left:0&#8243;][vc_column_inner width=\u00bb3\/4&#8243; content_alignment=\u00bbright\u00bb lg_spacing=\u00bbpadding_top:0;padding_right:0;padding_bottom:0&#8243;][vc_column_text css=\u00bb.vc_custom_1656334539991{padding-top: 20px !important;padding-bottom: 20px !important;padding-left: 10px !important;}\u00bb]<div class='w3eden'><!-- WPDM Link Template: Default Template -->\n\n<div class=\"link-template-default card mb-2\">\n    <div class=\"card-body\">\n        <div class=\"media\">\n            <div class=\"mr-3 img-48\"><img decoding=\"async\" class=\"wpdm_icon\" alt=\"Icono\" src=\"https:\/\/www.securetec.net\/app\/plugins\/download-manager\/assets\/file-type-icons\/pdf.svg\" \/><\/div>\n            <div class=\"media-body\">\n                <h3 class=\"package-title\"><a href='https:\/\/www.securetec.net\/es\/download\/certificado-iso-14001\/'>Certificado ISO 14001<\/a><\/h3>\n                <div class=\"text-muted text-small\"><i class=\"fas fa-copy\"><\/i> 1 archivo (s) <i class=\"fas fa-hdd ml-3\"><\/i> 0.00 KB<\/div>\n            <\/div>\n            <div class=\"ml-3\">\n                <a class='wpdm-download-link download-on-click btn btn-primary ' target=_blank rel='nofollow' href='#' data-downloadurl=\"https:\/\/www.securetec.net\/es\/download\/certificado-iso-14001\/?wpdmdl=13630&refresh=69dd361aaf6221776104986\">Descargar<\/a>\n            <\/div>\n        <\/div>\n    <\/div>\n<\/div>\n\n<\/div>[\/vc_column_text][\/vc_column_inner][vc_column_inner width=\u00bb1\/4&#8243; lg_spacing=\u00bbmargin_top:21;margin_bottom:20&#8243;][tm_image align=\u00bbright\u00bb image=\u00bb13617&#8243; lg_spacing=\u00bbpadding_top:0;padding_right:0;padding_bottom:0&#8243;][\/vc_column_inner][\/vc_row_inner][\/vc_column][\/vc_row]<\/p>\n<\/div>","protected":false},"excerpt":{"rendered":"[vc_row lg_spacing=\u00bbmargin_bottom:80&#8243;][vc_column width=\u00bb2\/3&#8243;][vc_column_text] Producci\u00f3n En nuestra planta de producci\u00f3n en la sede de Neubiberg, cerca de M\u00fanich, como fabricante de tests de drogas apostamos por una cooperaci\u00f3n interdisciplinar entre nuestros equipos de producci\u00f3n y garant\u00eda de calidad altamente cualificados. Con un objetivo claro en la calidad probada y la seguridad laboral, se crean productos fiables, eficientes e innovadores para la detecci\u00f3n de drogas en las cuatro fases de producci\u00f3n: procesamiento de materias primas, producci\u00f3n de tiras reactivas, producci\u00f3n de piezas para carcasa y montaje de los productos. Los procesos automatizados parcialmente garantizan una elevada calidad constante as\u00ed como una capacidad de respuesta flexible a los deseos espec\u00edficos del cliente.[\/vc_column_text][tm_spacer size=\u00bblg:30&#8243;][vc_column_text css=\u00bb.vc_custom_1689157505633{margin-bottom: 50px !important;}\u00bb] Garant\u00eda de calidad Como fabricante l\u00edder de tests r\u00e1pidos, concedemos la m\u00e1xima importancia a la calidad de nuestros productos. Desde 2004, Securetec cuenta con las certificaciones ISO 9001 y EN ISO 13485. Cada a\u00f1o, junto a las auditor\u00edas de T\u00dcV S\u00fcd se realizan tambi\u00e9n auditor\u00edas internas en toda la empresa para garantizar una mejora continua del sistema de gesti\u00f3n de calidad. Desde junio de 2022, cumplimos todos los requisitos de la norma ISO 14001 y contamos con la certificaci\u00f3n correspondiente. Esta certificaci\u00f3n la concede anualmente T\u00dcV Austria Cert. Adem\u00e1s de los procedimientos de trabajo y de proceso, documentados y aplicados de acuerdo con los procedimientos normalizados de trabajo (PNT), hemos implementado un procedimiento de acciones correctivas y preventivas (CAPA) para optimizar continuamente los productos y procesos. Nuestros empleados reciben formaciones regulares para profundizar en la sensibilizaci\u00f3n sobre la calidad y complementar as\u00ed nuestro \u00e9nfasis en la calidad. Nuestros expertos de garant\u00eda de calidad acompa\u00f1an desde el principio todos los pasos de trabajo y procesos del desarrollo y la producci\u00f3n del producto hasta la fabricaci\u00f3n en serie, seg\u00fan los criterios de distribuci\u00f3n definidos. De este modo garantizamos que \u00fanicamente llegan al cliente productos duraderos y funcionales de la m\u00e1xima calidad. [\/vc_column_text][\/vc_column][vc_column width=\u00bb1\/3&#8243;][tm_image align=\u00bbcenter\u00bb image=\u00bb16351&#8243;][tm_spacer size=\u00bblg:30&#8243;][tm_image align=\u00bbcenter\u00bb image=\u00bb16355&#8243;][tm_spacer size=\u00bblg:30&#8243;][tm_image align=\u00bbcenter\u00bb image=\u00bb16360&#8243;][\/vc_column][\/vc_row][vc_row equal_height=\u00bbyes\u00bb][vc_column width=\u00bb1\/2&#8243;][vc_row_inner equal_height=\u00bbyes\u00bb content_placement=\u00bbmiddle\u00bb lg_spacing=\u00bbmargin_right:30;border_top:2;border_right:2;border_bottom:2;border_left:2;padding_top:0;padding_right:0;padding_bottom:0;padding_left:0&#8243;][vc_column_inner width=\u00bb3\/4&#8243; content_alignment=\u00bbright\u00bb lg_spacing=\u00bbpadding_top:0;padding_right:0;padding_bottom:0&#8243;][vc_column_text css=\u00bb.vc_custom_1576504692178{padding-top: 20px !important;padding-bottom: 20px !important;padding-left: 10px !important;}\u00bb] [\/vc_column_text][\/vc_column_inner][vc_column_inner width=\u00bb1\/4&#8243; lg_spacing=\u00bbmargin_top:21;margin_bottom:20&#8243;][tm_image align=\u00bbright\u00bb image=\u00bb404&#8243; lg_spacing=\u00bbpadding_top:0;padding_right:0;padding_bottom:0&#8243;][\/vc_column_inner][\/vc_row_inner][\/vc_column][vc_column width=\u00bb1\/2&#8243;][vc_row_inner equal_height=\u00bbyes\u00bb content_placement=\u00bbmiddle\u00bb lg_spacing=\u00bbborder_top:2;border_right:2;border_bottom:2;border_left:2;padding_top:0;padding_right:0;padding_bottom:0;padding_left:0&#8243;][vc_column_inner width=\u00bb3\/4&#8243; content_alignment=\u00bbright\u00bb lg_spacing=\u00bbpadding_top:0;padding_right:0;padding_bottom:0&#8243;][vc_column_text css=\u00bb.vc_custom_1656334539991{padding-top: 20px !important;padding-bottom: 20px !important;padding-left: 10px !important;}\u00bb][\/vc_column_text][\/vc_column_inner][vc_column_inner width=\u00bb1\/4&#8243; lg_spacing=\u00bbmargin_top:21;margin_bottom:20&#8243;][tm_image align=\u00bbright\u00bb image=\u00bb13617&#8243; lg_spacing=\u00bbpadding_top:0;padding_right:0;padding_bottom:0&#8243;][\/vc_column_inner][\/vc_row_inner][\/vc_column][\/vc_row]","protected":false},"author":6,"featured_media":0,"parent":7053,"menu_order":0,"comment_status":"closed","ping_status":"closed","template":"","meta":{"footnotes":""},"class_list":["post-7068","page","type-page","status-publish","hentry"],"yoast_head":"<!-- This site is optimized with the Yoast SEO plugin v25.6 - https:\/\/yoast.com\/wordpress\/plugins\/seo\/ -->\n<title>Producci\u00f3n y gesti\u00f3n de calidad - Securetec Detektions-Systeme AG<\/title>\n<meta name=\"robots\" content=\"index, follow, max-snippet:-1, max-image-preview:large, max-video-preview:-1\" \/>\n<link rel=\"canonical\" href=\"https:\/\/www.securetec.net\/es\/empresa\/produccion-y-gestion-de-calidad\/\" \/>\n<meta property=\"og:locale\" content=\"es_ES\" \/>\n<meta property=\"og:type\" content=\"article\" \/>\n<meta property=\"og:title\" content=\"Producci\u00f3n y gesti\u00f3n de calidad - Securetec Detektions-Systeme AG\" \/>\n<meta property=\"og:url\" content=\"https:\/\/www.securetec.net\/es\/empresa\/produccion-y-gestion-de-calidad\/\" \/>\n<meta property=\"og:site_name\" content=\"Securetec Detektions-Systeme AG\" \/>\n<meta property=\"article:modified_time\" content=\"2025-08-18T07:22:36+00:00\" \/>\n<meta name=\"twitter:card\" content=\"summary_large_image\" \/>\n<meta name=\"twitter:site\" content=\"@DrugWipeUK\" \/>\n<meta name=\"twitter:label1\" content=\"Est. reading time\" \/>\n\t<meta name=\"twitter:data1\" content=\"3 minutos\" \/>\n<script type=\"application\/ld+json\" class=\"yoast-schema-graph\">{\"@context\":\"https:\/\/schema.org\",\"@graph\":[{\"@type\":\"WebPage\",\"@id\":\"https:\/\/www.securetec.net\/es\/empresa\/produccion-y-gestion-de-calidad\/\",\"url\":\"https:\/\/www.securetec.net\/es\/empresa\/produccion-y-gestion-de-calidad\/\",\"name\":\"Producci\u00f3n y gesti\u00f3n de calidad - Securetec Detektions-Systeme AG\",\"isPartOf\":{\"@id\":\"https:\/\/www.securetec.net\/es\/#website\"},\"datePublished\":\"2018-11-13T13:20:43+00:00\",\"dateModified\":\"2025-08-18T07:22:36+00:00\",\"breadcrumb\":{\"@id\":\"https:\/\/www.securetec.net\/es\/empresa\/produccion-y-gestion-de-calidad\/#breadcrumb\"},\"inLanguage\":\"es\",\"potentialAction\":[{\"@type\":\"ReadAction\",\"target\":[\"https:\/\/www.securetec.net\/es\/empresa\/produccion-y-gestion-de-calidad\/\"]}]},{\"@type\":\"BreadcrumbList\",\"@id\":\"https:\/\/www.securetec.net\/es\/empresa\/produccion-y-gestion-de-calidad\/#breadcrumb\",\"itemListElement\":[{\"@type\":\"ListItem\",\"position\":1,\"name\":\"Startseite\",\"item\":\"https:\/\/www.securetec.net\/es\/\"},{\"@type\":\"ListItem\",\"position\":2,\"name\":\"Empresa\",\"item\":\"https:\/\/www.securetec.net\/es\/empresa\/\"},{\"@type\":\"ListItem\",\"position\":3,\"name\":\"Producci\u00f3n y gesti\u00f3n de calidad\"}]},{\"@type\":\"WebSite\",\"@id\":\"https:\/\/www.securetec.net\/es\/#website\",\"url\":\"https:\/\/www.securetec.net\/es\/\",\"name\":\"Securetec Detektions-Systeme AG\",\"description\":\"We detect to protect\",\"publisher\":{\"@id\":\"https:\/\/www.securetec.net\/es\/#organization\"},\"potentialAction\":[{\"@type\":\"SearchAction\",\"target\":{\"@type\":\"EntryPoint\",\"urlTemplate\":\"https:\/\/www.securetec.net\/es\/?s={search_term_string}\"},\"query-input\":{\"@type\":\"PropertyValueSpecification\",\"valueRequired\":true,\"valueName\":\"search_term_string\"}}],\"inLanguage\":\"es\"},{\"@type\":\"Organization\",\"@id\":\"https:\/\/www.securetec.net\/es\/#organization\",\"name\":\"Securetec Detektions-Systeme AG\",\"url\":\"https:\/\/www.securetec.net\/es\/\",\"logo\":{\"@type\":\"ImageObject\",\"inLanguage\":\"es\",\"@id\":\"https:\/\/www.securetec.net\/es\/#\/schema\/logo\/image\/\",\"url\":\"https:\/\/www.securetec.net\/app\/uploads\/2018\/07\/Securetec_Logo_.png\",\"contentUrl\":\"https:\/\/www.securetec.net\/app\/uploads\/2018\/07\/Securetec_Logo_.png\",\"width\":411,\"height\":189,\"caption\":\"Securetec Detektions-Systeme AG\"},\"image\":{\"@id\":\"https:\/\/www.securetec.net\/es\/#\/schema\/logo\/image\/\"},\"sameAs\":[\"https:\/\/x.com\/DrugWipeUK\",\"https:\/\/www.linkedin.com\/company\/securetec\",\"https:\/\/www.youtube.com\/channel\/UCP9jQA-TYhtqanhaooppMqw\"]}]}<\/script>\n<!-- \/ Yoast SEO plugin. -->","yoast_head_json":{"title":"Producci\u00f3n y gesti\u00f3n de calidad - Securetec Detektions-Systeme AG","robots":{"index":"index","follow":"follow","max-snippet":"max-snippet:-1","max-image-preview":"max-image-preview:large","max-video-preview":"max-video-preview:-1"},"canonical":"https:\/\/www.securetec.net\/es\/empresa\/produccion-y-gestion-de-calidad\/","og_locale":"es_ES","og_type":"article","og_title":"Producci\u00f3n y gesti\u00f3n de calidad - Securetec Detektions-Systeme AG","og_url":"https:\/\/www.securetec.net\/es\/empresa\/produccion-y-gestion-de-calidad\/","og_site_name":"Securetec Detektions-Systeme AG","article_modified_time":"2025-08-18T07:22:36+00:00","twitter_card":"summary_large_image","twitter_site":"@DrugWipeUK","twitter_misc":{"Est. reading time":"3 minutos"},"schema":{"@context":"https:\/\/schema.org","@graph":[{"@type":"WebPage","@id":"https:\/\/www.securetec.net\/es\/empresa\/produccion-y-gestion-de-calidad\/","url":"https:\/\/www.securetec.net\/es\/empresa\/produccion-y-gestion-de-calidad\/","name":"Producci\u00f3n y gesti\u00f3n de calidad - Securetec Detektions-Systeme AG","isPartOf":{"@id":"https:\/\/www.securetec.net\/es\/#website"},"datePublished":"2018-11-13T13:20:43+00:00","dateModified":"2025-08-18T07:22:36+00:00","breadcrumb":{"@id":"https:\/\/www.securetec.net\/es\/empresa\/produccion-y-gestion-de-calidad\/#breadcrumb"},"inLanguage":"es","potentialAction":[{"@type":"ReadAction","target":["https:\/\/www.securetec.net\/es\/empresa\/produccion-y-gestion-de-calidad\/"]}]},{"@type":"BreadcrumbList","@id":"https:\/\/www.securetec.net\/es\/empresa\/produccion-y-gestion-de-calidad\/#breadcrumb","itemListElement":[{"@type":"ListItem","position":1,"name":"Startseite","item":"https:\/\/www.securetec.net\/es\/"},{"@type":"ListItem","position":2,"name":"Empresa","item":"https:\/\/www.securetec.net\/es\/empresa\/"},{"@type":"ListItem","position":3,"name":"Producci\u00f3n y gesti\u00f3n de calidad"}]},{"@type":"WebSite","@id":"https:\/\/www.securetec.net\/es\/#website","url":"https:\/\/www.securetec.net\/es\/","name":"Securetec Detektions-Systeme AG","description":"We detect to protect","publisher":{"@id":"https:\/\/www.securetec.net\/es\/#organization"},"potentialAction":[{"@type":"SearchAction","target":{"@type":"EntryPoint","urlTemplate":"https:\/\/www.securetec.net\/es\/?s={search_term_string}"},"query-input":{"@type":"PropertyValueSpecification","valueRequired":true,"valueName":"search_term_string"}}],"inLanguage":"es"},{"@type":"Organization","@id":"https:\/\/www.securetec.net\/es\/#organization","name":"Securetec Detektions-Systeme AG","url":"https:\/\/www.securetec.net\/es\/","logo":{"@type":"ImageObject","inLanguage":"es","@id":"https:\/\/www.securetec.net\/es\/#\/schema\/logo\/image\/","url":"https:\/\/www.securetec.net\/app\/uploads\/2018\/07\/Securetec_Logo_.png","contentUrl":"https:\/\/www.securetec.net\/app\/uploads\/2018\/07\/Securetec_Logo_.png","width":411,"height":189,"caption":"Securetec Detektions-Systeme AG"},"image":{"@id":"https:\/\/www.securetec.net\/es\/#\/schema\/logo\/image\/"},"sameAs":["https:\/\/x.com\/DrugWipeUK","https:\/\/www.linkedin.com\/company\/securetec","https:\/\/www.youtube.com\/channel\/UCP9jQA-TYhtqanhaooppMqw"]}]}},"_links":{"self":[{"href":"https:\/\/www.securetec.net\/es\/wp-json\/wp\/v2\/pages\/7068","targetHints":{"allow":["GET"]}}],"collection":[{"href":"https:\/\/www.securetec.net\/es\/wp-json\/wp\/v2\/pages"}],"about":[{"href":"https:\/\/www.securetec.net\/es\/wp-json\/wp\/v2\/types\/page"}],"author":[{"embeddable":true,"href":"https:\/\/www.securetec.net\/es\/wp-json\/wp\/v2\/users\/6"}],"replies":[{"embeddable":true,"href":"https:\/\/www.securetec.net\/es\/wp-json\/wp\/v2\/comments?post=7068"}],"version-history":[{"count":20,"href":"https:\/\/www.securetec.net\/es\/wp-json\/wp\/v2\/pages\/7068\/revisions"}],"predecessor-version":[{"id":16516,"href":"https:\/\/www.securetec.net\/es\/wp-json\/wp\/v2\/pages\/7068\/revisions\/16516"}],"up":[{"embeddable":true,"href":"https:\/\/www.securetec.net\/es\/wp-json\/wp\/v2\/pages\/7053"}],"wp:attachment":[{"href":"https:\/\/www.securetec.net\/es\/wp-json\/wp\/v2\/media?parent=7068"}],"curies":[{"name":"wp","href":"https:\/\/api.w.org\/{rel}","templated":true}]}}