{"id":7062,"date":"2018-11-13T14:02:20","date_gmt":"2018-11-13T13:02:20","guid":{"rendered":"https:\/\/www.securetec.net\/?page_id=7062"},"modified":"2025-08-18T08:48:56","modified_gmt":"2025-08-18T06:48:56","slug":"cooperacion-y-desarrollo-para-clientes","status":"publish","type":"page","link":"https:\/\/www.securetec.net\/es\/empresa\/id\/cooperacion-y-desarrollo-para-clientes\/","title":{"rendered":"Cooperaci\u00f3n y desarrollo para clientes"},"content":{"rendered":"<div class=\"wpb-content-wrapper\"><p>[vc_row][vc_column width=\u00bb2\/3&#8243;][vc_column_text css=\u00bb.vc_custom_1618935035124{margin-bottom: 80px !important;}\u00bb]<\/p>\n<h3>Cooperaciones y evoluci\u00f3n de los pedidos<\/h3>\n<p>Securetec es sin\u00f3nimo de conocimientos y amplia experiencia en el \u00e1mbito del desarrollo de pedidos de diferentes ensayos de flujo lateral y tests r\u00e1pidos. Estaremos encantados de ponerlos a disposici\u00f3n de nuestros clientes. Una implementaci\u00f3n de proyectos de desarrollo individuales adaptados a las necesidades del cliente es tan necesaria como una planificaci\u00f3n y una coordinaci\u00f3n transparentes.<\/p>\n<p>En colaboraci\u00f3n con nuestra red mundial de socios cualificados somos capaces de implementar proyectos de desarrollo de una manera flexible, eficiente y rentable.<\/p>\n<p>Nos consideramos l\u00edderes en innovaci\u00f3n y siempre estamos interesados en nuevos enfoques de investigaci\u00f3n y potenciales de optimizaci\u00f3n. Colaboramos en la evaluaci\u00f3n de nuevas tecnolog\u00edas y sistemas de detecci\u00f3n para un uso fiable en el \u00e1mbito de los tests r\u00e1pidos, del diagn\u00f3stico in vitro y de la realizaci\u00f3n de an\u00e1lisis in situ, y su implementaci\u00f3n en nuevos productos.<\/p>\n<p>En Securetec, los proyectos de desarrollo se realizan, al igual que el resto de proyectos, conforme a las certificaciones ISO 9001 e EN ISO 13458 as\u00ed como a los reglamentos internos PNT y suelen transcurrir por las siguientes fases:[\/vc_column_text][vc_tta_tabs style=\u00bbatomlab-03&#8243; shape=\u00bbsquare\u00bb active_section=\u00bb1&#8243; css=\u00bb.vc_custom_1542114131269{margin-bottom: 30px !important;}\u00bb title=\u00bbEtapas de un proceso de desarrollo para clientes\u00bb][vc_tta_section title=\u00bbViabilidad\u00bb tab_id=\u00bb1536151185476-85492477-ba2a1537384656884&#8243;][vc_column_text]Junto con el cliente, elaboramos una especificaci\u00f3n para la que se comprueba su viabilidad en principio.[\/vc_column_text][\/vc_tta_section][vc_tta_section title=\u00bbDesarrollo\u00bb tab_id=\u00bb1536151185617-65e1a5bf-38c91537384656884&#8243;][vc_column_text]El nuevo producto se desarrolla seg\u00fan las especificaciones finales y se fabrica el primer prototipo de laboratorio, que en la siguiente fase se eval\u00faa y se optimiza sobre el terreno.[\/vc_column_text][\/vc_tta_section][vc_tta_section title=\u00bbDise\u00f1o\u00bb tab_id=\u00bb1536151185770-a18ce226-d46e1537384656884&#8243;][vc_column_text]Junto con nuestro socio, desarrollamos un dise\u00f1o de producto personalizado que, desde el principio, se corresponde con los requisitos t\u00e9cnicos y las necesidades individuales de los clientes.[\/vc_column_text][\/vc_tta_section][vc_tta_section title=\u00bbValidaci\u00f3n\u00bb tab_id=\u00bb1537384726948-fca86e7c-f157&#8243;][vc_column_text]Comprobamos la robustez del producto en la aplicaci\u00f3n y en el proceso de producci\u00f3n. De este modo podemos garantizar la funcionalidad y una producci\u00f3n estable y fiable sin merma de la elevada calidad.[\/vc_column_text][\/vc_tta_section][vc_tta_section title=\u00bbTransici\u00f3n de la producci\u00f3n\u00bb tab_id=\u00bb1536151185918-c16ef444-8ce11537384656884&#8243;][vc_column_text]Paso a paso, el nuevo producto se transfiere a la producci\u00f3n hasta el tama\u00f1o de lote deseado, un proceso de desarrollo que supervisa atentamente nuestro equipo de calidad. Tambi\u00e9n estamos encantados de acoger en nuestras modernas instalaciones de producci\u00f3n la fabricaci\u00f3n en serie posterior.[\/vc_column_text][\/vc_tta_section][\/vc_tta_tabs][\/vc_column][vc_column width=\u00bb1\/3&#8243;][tm_image align=\u00bbcenter\u00bb image=\u00bb16338&#8243;][tm_spacer size=\u00bblg:30&#8243;][vc_column_text]<\/p>\n<div class=\"text-content\">\n<div class=\"inhalt \">\n<p>Si hemos despertado su inter\u00e9s en una colaboraci\u00f3n o desea obtener m\u00e1s informaci\u00f3n, esperamos con ilusi\u00f3n su llamada o correo electr\u00f3nico.<\/p><\/div>\n<\/div>\n<p>[\/vc_column_text][tm_spacer size=\u00bblg:30&#8243;][tm_button full_wide=\u00bb1&#8243; button=\u00bburl:https%3A%2F%2Fwww.securetec.net%2Fes%2Fcontacto%2F|title:Contacto\u00bb align=\u00bbcenter\u00bb][\/vc_column][\/vc_row]<\/p>\n<\/div>","protected":false},"excerpt":{"rendered":"[vc_row][vc_column width=\u00bb2\/3&#8243;][vc_column_text css=\u00bb.vc_custom_1618935035124{margin-bottom: 80px !important;}\u00bb] Cooperaciones y evoluci\u00f3n de los pedidos Securetec es sin\u00f3nimo de conocimientos y amplia experiencia en el \u00e1mbito del desarrollo de pedidos de diferentes ensayos de flujo lateral y tests r\u00e1pidos. Estaremos encantados de ponerlos a disposici\u00f3n de nuestros clientes. Una implementaci\u00f3n de proyectos de desarrollo individuales adaptados a las necesidades del cliente es tan necesaria como una planificaci\u00f3n y una coordinaci\u00f3n transparentes. En colaboraci\u00f3n con nuestra red mundial de socios cualificados somos capaces de implementar proyectos de desarrollo de una manera flexible, eficiente y rentable. Nos consideramos l\u00edderes en innovaci\u00f3n y siempre estamos interesados en nuevos enfoques de investigaci\u00f3n y potenciales de optimizaci\u00f3n. Colaboramos en la evaluaci\u00f3n de nuevas tecnolog\u00edas y sistemas de detecci\u00f3n para un uso fiable en el \u00e1mbito de los tests r\u00e1pidos, del diagn\u00f3stico in vitro y de la realizaci\u00f3n de an\u00e1lisis in situ, y su implementaci\u00f3n en nuevos productos. En Securetec, los proyectos de desarrollo se realizan, al igual que el resto de proyectos, conforme a las certificaciones ISO 9001 e EN ISO 13458 as\u00ed como a los reglamentos internos PNT y suelen transcurrir por las siguientes fases:[\/vc_column_text][vc_tta_tabs style=\u00bbatomlab-03&#8243; shape=\u00bbsquare\u00bb active_section=\u00bb1&#8243; css=\u00bb.vc_custom_1542114131269{margin-bottom: 30px !important;}\u00bb title=\u00bbEtapas de un proceso de desarrollo para clientes\u00bb][vc_tta_section title=\u00bbViabilidad\u00bb tab_id=\u00bb1536151185476-85492477-ba2a1537384656884&#8243;][vc_column_text]Junto con el cliente, elaboramos una especificaci\u00f3n para la que se comprueba su viabilidad en principio.[\/vc_column_text][\/vc_tta_section][vc_tta_section title=\u00bbDesarrollo\u00bb tab_id=\u00bb1536151185617-65e1a5bf-38c91537384656884&#8243;][vc_column_text]El nuevo producto se desarrolla seg\u00fan las especificaciones finales y se fabrica el primer prototipo de laboratorio, que en la siguiente fase se eval\u00faa y se optimiza sobre el terreno.[\/vc_column_text][\/vc_tta_section][vc_tta_section title=\u00bbDise\u00f1o\u00bb tab_id=\u00bb1536151185770-a18ce226-d46e1537384656884&#8243;][vc_column_text]Junto con nuestro socio, desarrollamos un dise\u00f1o de producto personalizado que, desde el principio, se corresponde con los requisitos t\u00e9cnicos y las necesidades individuales de los clientes.[\/vc_column_text][\/vc_tta_section][vc_tta_section title=\u00bbValidaci\u00f3n\u00bb tab_id=\u00bb1537384726948-fca86e7c-f157&#8243;][vc_column_text]Comprobamos la robustez del producto en la aplicaci\u00f3n y en el proceso de producci\u00f3n. De este modo podemos garantizar la funcionalidad y una producci\u00f3n estable y fiable sin merma de la elevada calidad.[\/vc_column_text][\/vc_tta_section][vc_tta_section title=\u00bbTransici\u00f3n de la producci\u00f3n\u00bb tab_id=\u00bb1536151185918-c16ef444-8ce11537384656884&#8243;][vc_column_text]Paso a paso, el nuevo producto se transfiere a la producci\u00f3n hasta el tama\u00f1o de lote deseado, un proceso de desarrollo que supervisa atentamente nuestro equipo de calidad. Tambi\u00e9n estamos encantados de acoger en nuestras modernas instalaciones de producci\u00f3n la fabricaci\u00f3n en serie posterior.[\/vc_column_text][\/vc_tta_section][\/vc_tta_tabs][\/vc_column][vc_column width=\u00bb1\/3&#8243;][tm_image align=\u00bbcenter\u00bb image=\u00bb16338&#8243;][tm_spacer size=\u00bblg:30&#8243;][vc_column_text] Si hemos despertado su inter\u00e9s en una colaboraci\u00f3n o desea obtener m\u00e1s informaci\u00f3n, esperamos con ilusi\u00f3n su llamada o correo electr\u00f3nico. [\/vc_column_text][tm_spacer size=\u00bblg:30&#8243;][tm_button full_wide=\u00bb1&#8243; button=\u00bburl:https%3A%2F%2Fwww.securetec.net%2Fes%2Fcontacto%2F|title:Contacto\u00bb align=\u00bbcenter\u00bb][\/vc_column][\/vc_row]","protected":false},"author":6,"featured_media":0,"parent":7058,"menu_order":0,"comment_status":"closed","ping_status":"closed","template":"","meta":{"footnotes":""},"class_list":["post-7062","page","type-page","status-publish","hentry"],"yoast_head":"<!-- This site is optimized with the Yoast SEO plugin v25.6 - https:\/\/yoast.com\/wordpress\/plugins\/seo\/ -->\n<title>Cooperaci\u00f3n y desarrollo para clientes - Securetec Detektions-Systeme AG<\/title>\n<meta name=\"robots\" content=\"index, follow, max-snippet:-1, max-image-preview:large, max-video-preview:-1\" \/>\n<link rel=\"canonical\" href=\"https:\/\/www.securetec.net\/es\/empresa\/id\/cooperacion-y-desarrollo-para-clientes\/\" \/>\n<meta property=\"og:locale\" content=\"es_ES\" \/>\n<meta property=\"og:type\" content=\"article\" \/>\n<meta property=\"og:title\" content=\"Cooperaci\u00f3n y desarrollo para clientes - Securetec Detektions-Systeme AG\" \/>\n<meta property=\"og:url\" content=\"https:\/\/www.securetec.net\/es\/empresa\/id\/cooperacion-y-desarrollo-para-clientes\/\" \/>\n<meta property=\"og:site_name\" content=\"Securetec Detektions-Systeme AG\" \/>\n<meta property=\"article:modified_time\" content=\"2025-08-18T06:48:56+00:00\" \/>\n<meta name=\"twitter:card\" content=\"summary_large_image\" \/>\n<meta name=\"twitter:site\" content=\"@DrugWipeUK\" \/>\n<meta name=\"twitter:label1\" content=\"Est. reading time\" \/>\n\t<meta name=\"twitter:data1\" content=\"3 minutos\" \/>\n<script type=\"application\/ld+json\" class=\"yoast-schema-graph\">{\"@context\":\"https:\/\/schema.org\",\"@graph\":[{\"@type\":\"WebPage\",\"@id\":\"https:\/\/www.securetec.net\/es\/empresa\/id\/cooperacion-y-desarrollo-para-clientes\/\",\"url\":\"https:\/\/www.securetec.net\/es\/empresa\/id\/cooperacion-y-desarrollo-para-clientes\/\",\"name\":\"Cooperaci\u00f3n y desarrollo para clientes - Securetec Detektions-Systeme AG\",\"isPartOf\":{\"@id\":\"https:\/\/www.securetec.net\/es\/#website\"},\"datePublished\":\"2018-11-13T13:02:20+00:00\",\"dateModified\":\"2025-08-18T06:48:56+00:00\",\"breadcrumb\":{\"@id\":\"https:\/\/www.securetec.net\/es\/empresa\/id\/cooperacion-y-desarrollo-para-clientes\/#breadcrumb\"},\"inLanguage\":\"es\",\"potentialAction\":[{\"@type\":\"ReadAction\",\"target\":[\"https:\/\/www.securetec.net\/es\/empresa\/id\/cooperacion-y-desarrollo-para-clientes\/\"]}]},{\"@type\":\"BreadcrumbList\",\"@id\":\"https:\/\/www.securetec.net\/es\/empresa\/id\/cooperacion-y-desarrollo-para-clientes\/#breadcrumb\",\"itemListElement\":[{\"@type\":\"ListItem\",\"position\":1,\"name\":\"Startseite\",\"item\":\"https:\/\/www.securetec.net\/es\/\"},{\"@type\":\"ListItem\",\"position\":2,\"name\":\"Empresa\",\"item\":\"https:\/\/www.securetec.net\/es\/empresa\/\"},{\"@type\":\"ListItem\",\"position\":3,\"name\":\"I+D\",\"item\":\"https:\/\/www.securetec.net\/es\/empresa\/id\/\"},{\"@type\":\"ListItem\",\"position\":4,\"name\":\"Cooperaci\u00f3n y desarrollo para clientes\"}]},{\"@type\":\"WebSite\",\"@id\":\"https:\/\/www.securetec.net\/es\/#website\",\"url\":\"https:\/\/www.securetec.net\/es\/\",\"name\":\"Securetec Detektions-Systeme AG\",\"description\":\"We detect to protect\",\"publisher\":{\"@id\":\"https:\/\/www.securetec.net\/es\/#organization\"},\"potentialAction\":[{\"@type\":\"SearchAction\",\"target\":{\"@type\":\"EntryPoint\",\"urlTemplate\":\"https:\/\/www.securetec.net\/es\/?s={search_term_string}\"},\"query-input\":{\"@type\":\"PropertyValueSpecification\",\"valueRequired\":true,\"valueName\":\"search_term_string\"}}],\"inLanguage\":\"es\"},{\"@type\":\"Organization\",\"@id\":\"https:\/\/www.securetec.net\/es\/#organization\",\"name\":\"Securetec Detektions-Systeme AG\",\"url\":\"https:\/\/www.securetec.net\/es\/\",\"logo\":{\"@type\":\"ImageObject\",\"inLanguage\":\"es\",\"@id\":\"https:\/\/www.securetec.net\/es\/#\/schema\/logo\/image\/\",\"url\":\"https:\/\/www.securetec.net\/app\/uploads\/2018\/07\/Securetec_Logo_.png\",\"contentUrl\":\"https:\/\/www.securetec.net\/app\/uploads\/2018\/07\/Securetec_Logo_.png\",\"width\":411,\"height\":189,\"caption\":\"Securetec Detektions-Systeme AG\"},\"image\":{\"@id\":\"https:\/\/www.securetec.net\/es\/#\/schema\/logo\/image\/\"},\"sameAs\":[\"https:\/\/x.com\/DrugWipeUK\",\"https:\/\/www.linkedin.com\/company\/securetec\",\"https:\/\/www.youtube.com\/channel\/UCP9jQA-TYhtqanhaooppMqw\"]}]}<\/script>\n<!-- \/ Yoast SEO plugin. -->","yoast_head_json":{"title":"Cooperaci\u00f3n y desarrollo para clientes - Securetec Detektions-Systeme AG","robots":{"index":"index","follow":"follow","max-snippet":"max-snippet:-1","max-image-preview":"max-image-preview:large","max-video-preview":"max-video-preview:-1"},"canonical":"https:\/\/www.securetec.net\/es\/empresa\/id\/cooperacion-y-desarrollo-para-clientes\/","og_locale":"es_ES","og_type":"article","og_title":"Cooperaci\u00f3n y desarrollo para clientes - Securetec Detektions-Systeme AG","og_url":"https:\/\/www.securetec.net\/es\/empresa\/id\/cooperacion-y-desarrollo-para-clientes\/","og_site_name":"Securetec Detektions-Systeme AG","article_modified_time":"2025-08-18T06:48:56+00:00","twitter_card":"summary_large_image","twitter_site":"@DrugWipeUK","twitter_misc":{"Est. reading time":"3 minutos"},"schema":{"@context":"https:\/\/schema.org","@graph":[{"@type":"WebPage","@id":"https:\/\/www.securetec.net\/es\/empresa\/id\/cooperacion-y-desarrollo-para-clientes\/","url":"https:\/\/www.securetec.net\/es\/empresa\/id\/cooperacion-y-desarrollo-para-clientes\/","name":"Cooperaci\u00f3n y desarrollo para clientes - Securetec Detektions-Systeme AG","isPartOf":{"@id":"https:\/\/www.securetec.net\/es\/#website"},"datePublished":"2018-11-13T13:02:20+00:00","dateModified":"2025-08-18T06:48:56+00:00","breadcrumb":{"@id":"https:\/\/www.securetec.net\/es\/empresa\/id\/cooperacion-y-desarrollo-para-clientes\/#breadcrumb"},"inLanguage":"es","potentialAction":[{"@type":"ReadAction","target":["https:\/\/www.securetec.net\/es\/empresa\/id\/cooperacion-y-desarrollo-para-clientes\/"]}]},{"@type":"BreadcrumbList","@id":"https:\/\/www.securetec.net\/es\/empresa\/id\/cooperacion-y-desarrollo-para-clientes\/#breadcrumb","itemListElement":[{"@type":"ListItem","position":1,"name":"Startseite","item":"https:\/\/www.securetec.net\/es\/"},{"@type":"ListItem","position":2,"name":"Empresa","item":"https:\/\/www.securetec.net\/es\/empresa\/"},{"@type":"ListItem","position":3,"name":"I+D","item":"https:\/\/www.securetec.net\/es\/empresa\/id\/"},{"@type":"ListItem","position":4,"name":"Cooperaci\u00f3n y desarrollo para clientes"}]},{"@type":"WebSite","@id":"https:\/\/www.securetec.net\/es\/#website","url":"https:\/\/www.securetec.net\/es\/","name":"Securetec Detektions-Systeme AG","description":"We detect to protect","publisher":{"@id":"https:\/\/www.securetec.net\/es\/#organization"},"potentialAction":[{"@type":"SearchAction","target":{"@type":"EntryPoint","urlTemplate":"https:\/\/www.securetec.net\/es\/?s={search_term_string}"},"query-input":{"@type":"PropertyValueSpecification","valueRequired":true,"valueName":"search_term_string"}}],"inLanguage":"es"},{"@type":"Organization","@id":"https:\/\/www.securetec.net\/es\/#organization","name":"Securetec Detektions-Systeme AG","url":"https:\/\/www.securetec.net\/es\/","logo":{"@type":"ImageObject","inLanguage":"es","@id":"https:\/\/www.securetec.net\/es\/#\/schema\/logo\/image\/","url":"https:\/\/www.securetec.net\/app\/uploads\/2018\/07\/Securetec_Logo_.png","contentUrl":"https:\/\/www.securetec.net\/app\/uploads\/2018\/07\/Securetec_Logo_.png","width":411,"height":189,"caption":"Securetec Detektions-Systeme AG"},"image":{"@id":"https:\/\/www.securetec.net\/es\/#\/schema\/logo\/image\/"},"sameAs":["https:\/\/x.com\/DrugWipeUK","https:\/\/www.linkedin.com\/company\/securetec","https:\/\/www.youtube.com\/channel\/UCP9jQA-TYhtqanhaooppMqw"]}]}},"_links":{"self":[{"href":"https:\/\/www.securetec.net\/es\/wp-json\/wp\/v2\/pages\/7062","targetHints":{"allow":["GET"]}}],"collection":[{"href":"https:\/\/www.securetec.net\/es\/wp-json\/wp\/v2\/pages"}],"about":[{"href":"https:\/\/www.securetec.net\/es\/wp-json\/wp\/v2\/types\/page"}],"author":[{"embeddable":true,"href":"https:\/\/www.securetec.net\/es\/wp-json\/wp\/v2\/users\/6"}],"replies":[{"embeddable":true,"href":"https:\/\/www.securetec.net\/es\/wp-json\/wp\/v2\/comments?post=7062"}],"version-history":[{"count":14,"href":"https:\/\/www.securetec.net\/es\/wp-json\/wp\/v2\/pages\/7062\/revisions"}],"predecessor-version":[{"id":16504,"href":"https:\/\/www.securetec.net\/es\/wp-json\/wp\/v2\/pages\/7062\/revisions\/16504"}],"up":[{"embeddable":true,"href":"https:\/\/www.securetec.net\/es\/wp-json\/wp\/v2\/pages\/7058"}],"wp:attachment":[{"href":"https:\/\/www.securetec.net\/es\/wp-json\/wp\/v2\/media?parent=7062"}],"curies":[{"name":"wp","href":"https:\/\/api.w.org\/{rel}","templated":true}]}}