{"id":7058,"date":"2018-11-13T13:54:56","date_gmt":"2018-11-13T12:54:56","guid":{"rendered":"https:\/\/www.securetec.net\/?page_id=7058"},"modified":"2025-08-19T11:00:13","modified_gmt":"2025-08-19T09:00:13","slug":"id","status":"publish","type":"page","link":"https:\/\/www.securetec.net\/es\/empresa\/id\/","title":{"rendered":"I+D"},"content":{"rendered":"<div class=\"wpb-content-wrapper\"><p>[vc_row][vc_column width=\u00bb2\/3&#8243;][vc_column_text css=\u00bb\u00bb]Como l\u00edder mundial en la fabricaci\u00f3n de pruebas de drogas, Securetec acumula m\u00e1s de 30 a\u00f1os de experiencia en los campos de la tecnolog\u00eda de flujo lateral, del diagn\u00f3stico en el punto de atenci\u00f3n y del diagn\u00f3stico in vitro.<\/p>\n<p>Equipos especializados del departamento de I+D propio de la empresa trabajan continuamente en la optimizaci\u00f3n de la calidad y el desarrollo de la extensa gama de productos de innovadores biosensores y tests r\u00e1pidos para la realizaci\u00f3n eficiente de an\u00e1lisis in\u00a0situ. El principal objetivo radica en la detecci\u00f3n de peque\u00f1as mol\u00e9culas, como las de las drogas.<br \/>\nLa detecci\u00f3n de otras sustancias peligrosas, como el gas mostaza, o la detecci\u00f3n de microorganismos complementan el campo de investigaci\u00f3n del equipo de especialistas.<\/p>\n<p>Algunos ejemplos de las l\u00edneas de productos consolidadas y comercializables en las que trabaja el equipo de I+D de Securetec son:<\/p>\n<ul>\n<li><a href=\"https:\/\/www.securetec.net\/es\/Test-de-drogas-con-saliva-DrugWipe\">Tests de detecci\u00f3n DrugWipe<sup>\u00ae <\/sup>para la detecci\u00f3n del consumo de drogas en saliva, sudor (piel) y superficies<\/a><\/li>\n<li><a href=\"https:\/\/www.securetec.net\/es\/productos\/deteccion-de-sustancias-drugid\/\">Test de detecci\u00f3n r\u00e1pida DrugID<sup>\u00ae<\/sup> para la identificaci\u00f3n de sustancias estupefacientes no conocidas<\/a><\/li>\n<li>Tests LOST para la detecci\u00f3n de contaminaci\u00f3n por gas mostaza en la\u00a0piel<\/li>\n<\/ul>\n<p>Utilizados a nivel mundial, eficientes y fiables \u2013 obtenga m\u00e1s informaci\u00f3n sobre nuestra variada oferta de productos.[\/vc_column_text][tm_spacer size=\u00bblg:30&#8243;][tm_button button=\u00bburl:https%3A%2F%2Fwww.securetec.net%2Fes%2Fempresa%2Fid%2Fcooperacion-y-desarrollo-para-clientes%2F|title:Cooperaci%C3%B3n%20y%20desarrollo%20para%20clientes\u00bb][\/vc_column][vc_column width=\u00bb1\/3&#8243;][tm_image align=\u00bbcenter\u00bb image=\u00bb16327&#8243;][tm_spacer size=\u00bblg:30&#8243;][tm_image align=\u00bbcenter\u00bb image=\u00bb16332&#8243;][tm_spacer size=\u00bblg:30&#8243;][tm_button full_wide=\u00bb1&#8243; button=\u00bburl:https%3A%2F%2Fwww.securetec.net%2Fes%2Fresumen-de-tests-de-drogas%2F|title:Productos\u00bb align=\u00bbcenter\u00bb][\/vc_column][\/vc_row]<\/p>\n<\/div>","protected":false},"excerpt":{"rendered":"[vc_row][vc_column width=\u00bb2\/3&#8243;][vc_column_text css=\u00bb\u00bb]Como l\u00edder mundial en la fabricaci\u00f3n de pruebas de drogas, Securetec acumula m\u00e1s de 30 a\u00f1os de experiencia en los campos de la tecnolog\u00eda de flujo lateral, del diagn\u00f3stico en el punto de atenci\u00f3n y del diagn\u00f3stico in vitro. Equipos especializados del departamento de I+D propio de la empresa trabajan continuamente en la optimizaci\u00f3n de la calidad y el desarrollo de la extensa gama de productos de innovadores biosensores y tests r\u00e1pidos para la realizaci\u00f3n eficiente de an\u00e1lisis in\u00a0situ. El principal objetivo radica en la detecci\u00f3n de peque\u00f1as mol\u00e9culas, como las de las drogas. La detecci\u00f3n de otras sustancias peligrosas, como el gas mostaza, o la detecci\u00f3n de microorganismos complementan el campo de investigaci\u00f3n del equipo de especialistas. Algunos ejemplos de las l\u00edneas de productos consolidadas y comercializables en las que trabaja el equipo de I+D de Securetec son: Tests de detecci\u00f3n DrugWipe\u00ae para la detecci\u00f3n del consumo de drogas en saliva, sudor (piel) y superficies Test de detecci\u00f3n r\u00e1pida DrugID\u00ae para la identificaci\u00f3n de sustancias estupefacientes no conocidas Tests LOST para la detecci\u00f3n de contaminaci\u00f3n por gas mostaza en la\u00a0piel Utilizados a nivel mundial, eficientes y fiables \u2013 obtenga m\u00e1s informaci\u00f3n sobre nuestra variada oferta de productos.[\/vc_column_text][tm_spacer size=\u00bblg:30&#8243;][tm_button button=\u00bburl:https%3A%2F%2Fwww.securetec.net%2Fes%2Fempresa%2Fid%2Fcooperacion-y-desarrollo-para-clientes%2F|title:Cooperaci%C3%B3n%20y%20desarrollo%20para%20clientes\u00bb][\/vc_column][vc_column width=\u00bb1\/3&#8243;][tm_image align=\u00bbcenter\u00bb image=\u00bb16327&#8243;][tm_spacer size=\u00bblg:30&#8243;][tm_image align=\u00bbcenter\u00bb image=\u00bb16332&#8243;][tm_spacer size=\u00bblg:30&#8243;][tm_button full_wide=\u00bb1&#8243; button=\u00bburl:https%3A%2F%2Fwww.securetec.net%2Fes%2Fresumen-de-tests-de-drogas%2F|title:Productos\u00bb align=\u00bbcenter\u00bb][\/vc_column][\/vc_row]","protected":false},"author":6,"featured_media":0,"parent":7053,"menu_order":0,"comment_status":"closed","ping_status":"closed","template":"","meta":{"footnotes":""},"class_list":["post-7058","page","type-page","status-publish","hentry"],"yoast_head":"<!-- This site is optimized with the Yoast SEO plugin v25.6 - https:\/\/yoast.com\/wordpress\/plugins\/seo\/ -->\n<title>I+D - Securetec Detektions-Systeme AG<\/title>\n<meta name=\"robots\" content=\"index, follow, max-snippet:-1, max-image-preview:large, max-video-preview:-1\" \/>\n<link rel=\"canonical\" href=\"https:\/\/www.securetec.net\/es\/empresa\/id\/\" \/>\n<meta property=\"og:locale\" content=\"es_ES\" \/>\n<meta property=\"og:type\" content=\"article\" \/>\n<meta property=\"og:title\" content=\"I+D - Securetec Detektions-Systeme AG\" \/>\n<meta property=\"og:url\" content=\"https:\/\/www.securetec.net\/es\/empresa\/id\/\" \/>\n<meta property=\"og:site_name\" content=\"Securetec Detektions-Systeme AG\" \/>\n<meta property=\"article:modified_time\" content=\"2025-08-19T09:00:13+00:00\" \/>\n<meta name=\"twitter:card\" content=\"summary_large_image\" \/>\n<meta name=\"twitter:site\" content=\"@DrugWipeUK\" \/>\n<meta name=\"twitter:label1\" content=\"Est. reading time\" \/>\n\t<meta name=\"twitter:data1\" content=\"2 minutos\" \/>\n<script type=\"application\/ld+json\" class=\"yoast-schema-graph\">{\"@context\":\"https:\/\/schema.org\",\"@graph\":[{\"@type\":\"WebPage\",\"@id\":\"https:\/\/www.securetec.net\/es\/empresa\/id\/\",\"url\":\"https:\/\/www.securetec.net\/es\/empresa\/id\/\",\"name\":\"I+D - Securetec Detektions-Systeme AG\",\"isPartOf\":{\"@id\":\"https:\/\/www.securetec.net\/es\/#website\"},\"datePublished\":\"2018-11-13T12:54:56+00:00\",\"dateModified\":\"2025-08-19T09:00:13+00:00\",\"breadcrumb\":{\"@id\":\"https:\/\/www.securetec.net\/es\/empresa\/id\/#breadcrumb\"},\"inLanguage\":\"es\",\"potentialAction\":[{\"@type\":\"ReadAction\",\"target\":[\"https:\/\/www.securetec.net\/es\/empresa\/id\/\"]}]},{\"@type\":\"BreadcrumbList\",\"@id\":\"https:\/\/www.securetec.net\/es\/empresa\/id\/#breadcrumb\",\"itemListElement\":[{\"@type\":\"ListItem\",\"position\":1,\"name\":\"Startseite\",\"item\":\"https:\/\/www.securetec.net\/es\/\"},{\"@type\":\"ListItem\",\"position\":2,\"name\":\"Empresa\",\"item\":\"https:\/\/www.securetec.net\/es\/empresa\/\"},{\"@type\":\"ListItem\",\"position\":3,\"name\":\"I+D\"}]},{\"@type\":\"WebSite\",\"@id\":\"https:\/\/www.securetec.net\/es\/#website\",\"url\":\"https:\/\/www.securetec.net\/es\/\",\"name\":\"Securetec Detektions-Systeme AG\",\"description\":\"We detect to protect\",\"publisher\":{\"@id\":\"https:\/\/www.securetec.net\/es\/#organization\"},\"potentialAction\":[{\"@type\":\"SearchAction\",\"target\":{\"@type\":\"EntryPoint\",\"urlTemplate\":\"https:\/\/www.securetec.net\/es\/?s={search_term_string}\"},\"query-input\":{\"@type\":\"PropertyValueSpecification\",\"valueRequired\":true,\"valueName\":\"search_term_string\"}}],\"inLanguage\":\"es\"},{\"@type\":\"Organization\",\"@id\":\"https:\/\/www.securetec.net\/es\/#organization\",\"name\":\"Securetec Detektions-Systeme AG\",\"url\":\"https:\/\/www.securetec.net\/es\/\",\"logo\":{\"@type\":\"ImageObject\",\"inLanguage\":\"es\",\"@id\":\"https:\/\/www.securetec.net\/es\/#\/schema\/logo\/image\/\",\"url\":\"https:\/\/www.securetec.net\/app\/uploads\/2018\/07\/Securetec_Logo_.png\",\"contentUrl\":\"https:\/\/www.securetec.net\/app\/uploads\/2018\/07\/Securetec_Logo_.png\",\"width\":411,\"height\":189,\"caption\":\"Securetec Detektions-Systeme AG\"},\"image\":{\"@id\":\"https:\/\/www.securetec.net\/es\/#\/schema\/logo\/image\/\"},\"sameAs\":[\"https:\/\/x.com\/DrugWipeUK\",\"https:\/\/www.linkedin.com\/company\/securetec\",\"https:\/\/www.youtube.com\/channel\/UCP9jQA-TYhtqanhaooppMqw\"]}]}<\/script>\n<!-- \/ Yoast SEO plugin. -->","yoast_head_json":{"title":"I+D - Securetec Detektions-Systeme AG","robots":{"index":"index","follow":"follow","max-snippet":"max-snippet:-1","max-image-preview":"max-image-preview:large","max-video-preview":"max-video-preview:-1"},"canonical":"https:\/\/www.securetec.net\/es\/empresa\/id\/","og_locale":"es_ES","og_type":"article","og_title":"I+D - Securetec Detektions-Systeme AG","og_url":"https:\/\/www.securetec.net\/es\/empresa\/id\/","og_site_name":"Securetec Detektions-Systeme AG","article_modified_time":"2025-08-19T09:00:13+00:00","twitter_card":"summary_large_image","twitter_site":"@DrugWipeUK","twitter_misc":{"Est. reading time":"2 minutos"},"schema":{"@context":"https:\/\/schema.org","@graph":[{"@type":"WebPage","@id":"https:\/\/www.securetec.net\/es\/empresa\/id\/","url":"https:\/\/www.securetec.net\/es\/empresa\/id\/","name":"I+D - Securetec Detektions-Systeme AG","isPartOf":{"@id":"https:\/\/www.securetec.net\/es\/#website"},"datePublished":"2018-11-13T12:54:56+00:00","dateModified":"2025-08-19T09:00:13+00:00","breadcrumb":{"@id":"https:\/\/www.securetec.net\/es\/empresa\/id\/#breadcrumb"},"inLanguage":"es","potentialAction":[{"@type":"ReadAction","target":["https:\/\/www.securetec.net\/es\/empresa\/id\/"]}]},{"@type":"BreadcrumbList","@id":"https:\/\/www.securetec.net\/es\/empresa\/id\/#breadcrumb","itemListElement":[{"@type":"ListItem","position":1,"name":"Startseite","item":"https:\/\/www.securetec.net\/es\/"},{"@type":"ListItem","position":2,"name":"Empresa","item":"https:\/\/www.securetec.net\/es\/empresa\/"},{"@type":"ListItem","position":3,"name":"I+D"}]},{"@type":"WebSite","@id":"https:\/\/www.securetec.net\/es\/#website","url":"https:\/\/www.securetec.net\/es\/","name":"Securetec Detektions-Systeme AG","description":"We detect to protect","publisher":{"@id":"https:\/\/www.securetec.net\/es\/#organization"},"potentialAction":[{"@type":"SearchAction","target":{"@type":"EntryPoint","urlTemplate":"https:\/\/www.securetec.net\/es\/?s={search_term_string}"},"query-input":{"@type":"PropertyValueSpecification","valueRequired":true,"valueName":"search_term_string"}}],"inLanguage":"es"},{"@type":"Organization","@id":"https:\/\/www.securetec.net\/es\/#organization","name":"Securetec Detektions-Systeme AG","url":"https:\/\/www.securetec.net\/es\/","logo":{"@type":"ImageObject","inLanguage":"es","@id":"https:\/\/www.securetec.net\/es\/#\/schema\/logo\/image\/","url":"https:\/\/www.securetec.net\/app\/uploads\/2018\/07\/Securetec_Logo_.png","contentUrl":"https:\/\/www.securetec.net\/app\/uploads\/2018\/07\/Securetec_Logo_.png","width":411,"height":189,"caption":"Securetec Detektions-Systeme AG"},"image":{"@id":"https:\/\/www.securetec.net\/es\/#\/schema\/logo\/image\/"},"sameAs":["https:\/\/x.com\/DrugWipeUK","https:\/\/www.linkedin.com\/company\/securetec","https:\/\/www.youtube.com\/channel\/UCP9jQA-TYhtqanhaooppMqw"]}]}},"_links":{"self":[{"href":"https:\/\/www.securetec.net\/es\/wp-json\/wp\/v2\/pages\/7058","targetHints":{"allow":["GET"]}}],"collection":[{"href":"https:\/\/www.securetec.net\/es\/wp-json\/wp\/v2\/pages"}],"about":[{"href":"https:\/\/www.securetec.net\/es\/wp-json\/wp\/v2\/types\/page"}],"author":[{"embeddable":true,"href":"https:\/\/www.securetec.net\/es\/wp-json\/wp\/v2\/users\/6"}],"replies":[{"embeddable":true,"href":"https:\/\/www.securetec.net\/es\/wp-json\/wp\/v2\/comments?post=7058"}],"version-history":[{"count":18,"href":"https:\/\/www.securetec.net\/es\/wp-json\/wp\/v2\/pages\/7058\/revisions"}],"predecessor-version":[{"id":16569,"href":"https:\/\/www.securetec.net\/es\/wp-json\/wp\/v2\/pages\/7058\/revisions\/16569"}],"up":[{"embeddable":true,"href":"https:\/\/www.securetec.net\/es\/wp-json\/wp\/v2\/pages\/7053"}],"wp:attachment":[{"href":"https:\/\/www.securetec.net\/es\/wp-json\/wp\/v2\/media?parent=7058"}],"curies":[{"name":"wp","href":"https:\/\/api.w.org\/{rel}","templated":true}]}}