{"id":7053,"date":"2018-11-13T13:42:51","date_gmt":"2018-11-13T12:42:51","guid":{"rendered":"https:\/\/www.securetec.net\/?page_id=7053"},"modified":"2025-11-27T09:02:01","modified_gmt":"2025-11-27T08:02:01","slug":"empresa","status":"publish","type":"page","link":"https:\/\/www.securetec.net\/es\/empresa\/","title":{"rendered":"Empresa"},"content":{"rendered":"<div class=\"wpb-content-wrapper\"><p>[vc_row][vc_column][vc_row_inner content_placement=\u00bbmiddle\u00bb lg_spacing=\u00bbmargin_right:0;margin_left:0;border_top:2;border_right:2;border_bottom:2;border_left:2;padding_top:0;padding_right:0;padding_bottom:0;padding_left:0&#8243;][vc_column_inner][vc_column_text css=\u00bb.vc_custom_1738317158061{padding-top: 20px !important;padding-bottom: 20px !important;padding-left: 10px !important;}\u00bb]<strong>Un futuro a prueba de retos con Securetec como\u00a0socio<\/strong><\/p>\n<p>El instituto SZ \u2015junto con el Grupo Creditreform\u2015 ha llevado a cabo una investigaci\u00f3n para evaluar el resultado de las medidas anticrisis de las empresas alemanas entre los a\u00f1os 2020 y\u00a02022. Seg\u00fan los resultados, Securetec se sit\u00faa entre las 100 mejores empresas de un total de casi 5500 evaluadas.<\/p>\n<p>Los \u00faltimos a\u00f1os han sido testigo de las fatales consecuencias de las crisis globales y\u00a0locales para el sector econ\u00f3mico. La elecci\u00f3n del socio comercial adecuado influye indiscutiblemente en los resultados de la empresa.<\/p>\n<p>Haga una apuesta segura eligiendo a\u00a0Securetec como\u00a0socio.<\/p>\n<p>Leer m\u00e1s (en alem\u00e1n): <a href=\"https:\/\/www.sueddeutsche.de\/advertorial\/sz-institut\/krisensicherste-unternehmen-2024\/\" target=\"_blank\" rel=\"noopener\">SZ Institut \u2013 krisensicherste Unternehmen 2024<\/a>[\/vc_column_text][\/vc_column_inner][\/vc_row_inner][\/vc_column][\/vc_row][vc_row full_width=\u00bbstretch_row\u00bb equal_height=\u00bbyes\u00bb lg_spacing=\u00bbmargin_bottom:50;padding_top:50;padding_bottom:50&#8243;][vc_column width=\u00bb3\/4&#8243;][vc_column_text css=\u00bb\u00bb]Somos expertos en la detecci\u00f3n m\u00f3vil de consumo de drogas en saliva, sudor y\u00a0superficies.<\/p>\n<p>Securetec, uno de los pioneros en el \u00e1mbito de la detecci\u00f3n de drogas, inici\u00f3 en 1995 el desarrollo, la producci\u00f3n y la comercializaci\u00f3n de tests de drogas r\u00e1pidos. Cuenta con su propio departamento de I+D que optimiza y ampl\u00eda sin cesar la gama de productos DrugWipe. Nuestra sede en el sur de M\u00fanich acoge no solo a los departamentos de ventas e\u00a0I+D, sino tambi\u00e9n a los de producci\u00f3n y control de calidad. Esta proximidad, aunada a los excepcionales conocimientos tecnol\u00f3gicos, la elevada flexibilidad y la constante orientaci\u00f3n al cliente, conforma la base para la constante y convincente calidad de nuestros productos.<\/p>\n<p>En la actualidad, nuestros clientes se benefician de nuestra dilatada experiencia con soluciones individuales y pr\u00e1cticas que se adaptan a\u00a0sus complejas necesidades. El test DrugWipe se utiliza con \u00e9xito en unidades policiales de tr\u00e1fico y de estupefacientes, autoridades aduaneras, cl\u00ednicas y empresas en m\u00e1s de 30\u00a0pa\u00edses de 6\u00a0continentes.<\/p>\n<p>En este sentido, nos enorgullece poder realizar una importante contribuci\u00f3n a la seguridad y\u00a0la salud de las personas y\u00a0de la sociedad en todo el\u00a0mundo.[\/vc_column_text][tm_spacer size=\u00bblg:30&#8243;][\/vc_column][vc_column width=\u00bb1\/4&#8243;][vc_row_inner][vc_column_inner][tm_image align=\u00bbcenter\u00bb image=\u00bb3886&#8243; lg_spacing=\u00bbmargin_top:0&#8243;][\/vc_column_inner][\/vc_row_inner][\/vc_column][\/vc_row][vc_row equal_height=\u00bbyes\u00bb content_placement=\u00bbtop\u00bb lg_spacing=\u00bbmargin_bottom:100&#8243; el_class=\u00bbsec-row-box\u00bb][vc_column width=\u00bb1\/4&#8243;][tm_box_icon style=\u00bb13&#8243; icon_type=\u00bblinea_svg\u00bb icon_linea_svg=\u00bblinea-basic-lightbulb\u00bb box_link=\u00bburl:https%3A%2F%2Fwww.securetec.net%2Funternehmen%2Fforschung-und-entwicklung%2F|||\u00bb heading=\u00bbI+D\u00bb link=\u00bburl:https%3A%2F%2Fwww.securetec.net%2Funternehmen%2Fforschung-und-entwicklung%2F|||\u00bb text=\u00bbSecuretec cuenta con 25 a\u00f1os de dilatada experiencia en desarrollo en el campo de la tecnolog\u00eda de flujo lateral, diagn\u00f3stico en el punto de atenci\u00f3n y diagn\u00f3stico in vitro.\u00bb][\/vc_column][vc_column width=\u00bb1\/4&#8243;][tm_box_icon style=\u00bb13&#8243; icon_type=\u00bblinea_svg\u00bb icon_linea_svg=\u00bblinea-basic-gear\u00bb box_link=\u00bburl:https%3A%2F%2Fwww.securetec.net%2Funternehmen%2Fproduktion-und-qualitaetssicherung%2F|||\u00bb heading=\u00bbProducci\u00f3n y gesti\u00f3n de calidad\u00bb link=\u00bburl:https%3A%2F%2Fwww.securetec.net%2Funternehmen%2Fproduktion-und-qualitaetssicherung%2F|||\u00bb text=\u00bbNuestro equipo de producci\u00f3n est\u00e1 formado por personal altamente formado que trabaja de acuerdo con las especificaciones de procesos inspeccionados.\u00bb][\/vc_column][vc_column width=\u00bb1\/4&#8243;][tm_box_icon style=\u00bb13&#8243; icon_type=\u00bblinea_svg\u00bb icon_linea_svg=\u00bblinea-ecommerce-graph-increase\u00bb box_link=\u00bburl:https%3A%2F%2Fwww.securetec.net%2Funternehmen%2Fmarketing-und-vertrieb%2F|||\u00bb heading=\u00bbMarketing y ventas\u00bb link=\u00bburl:https%3A%2F%2Fwww.securetec.net%2Funternehmen%2Fmarketing-und-vertrieb%2F|||\u00bb text=\u00bbLa red de ventas de Securetec AG no ha dejado de extenderse desde nuestros inicios en 1995. A trav\u00e9s de sucursales y socios de cooperaci\u00f3n locales, Securetec puede garantizar la disponibilidad de sus productos y servicios en todo el mundo.\u00bb][\/vc_column][vc_column width=\u00bb1\/4&#8243;][tm_box_icon style=\u00bb13&#8243; icon_type=\u00bblinea_svg\u00bb icon_linea_svg=\u00bblinea-basic-case\u00bb box_link=\u00bburl:https%3A%2F%2Fwww.securetec.net%2Funternehmen%2Fkarriere%2F|||\u00bb heading=\u00bbTrabajar con nosotros\u00bb link=\u00bburl:https%3A%2F%2Fwww.securetec.net%2Funternehmen%2Fkarriere%2F|||\u00bb text=\u00bbSomos una pr\u00f3spera mediana empresa con representaci\u00f3n internacional y sede en Neubiberg, al sur de M\u00fanich (Alemania).\u00bb][\/vc_column][\/vc_row]<\/p>\n<\/div>","protected":false},"excerpt":{"rendered":"[vc_row][vc_column][vc_row_inner content_placement=\u00bbmiddle\u00bb lg_spacing=\u00bbmargin_right:0;margin_left:0;border_top:2;border_right:2;border_bottom:2;border_left:2;padding_top:0;padding_right:0;padding_bottom:0;padding_left:0&#8243;][vc_column_inner][vc_column_text css=\u00bb.vc_custom_1738317158061{padding-top: 20px !important;padding-bottom: 20px !important;padding-left: 10px !important;}\u00bb]Un futuro a prueba de retos con Securetec como\u00a0socio El instituto SZ \u2015junto con el Grupo Creditreform\u2015 ha llevado a cabo una investigaci\u00f3n para evaluar el resultado de las medidas anticrisis de las empresas alemanas entre los a\u00f1os 2020 y\u00a02022. Seg\u00fan los resultados, Securetec se sit\u00faa entre las 100 mejores empresas de un total de casi 5500 evaluadas. Los \u00faltimos a\u00f1os han sido testigo de las fatales consecuencias de las crisis globales y\u00a0locales para el sector econ\u00f3mico. La elecci\u00f3n del socio comercial adecuado influye indiscutiblemente en los resultados de la empresa. Haga una apuesta segura eligiendo a\u00a0Securetec como\u00a0socio. Leer m\u00e1s (en alem\u00e1n): SZ Institut \u2013 krisensicherste Unternehmen 2024[\/vc_column_text][\/vc_column_inner][\/vc_row_inner][\/vc_column][\/vc_row][vc_row full_width=\u00bbstretch_row\u00bb equal_height=\u00bbyes\u00bb lg_spacing=\u00bbmargin_bottom:50;padding_top:50;padding_bottom:50&#8243;][vc_column width=\u00bb3\/4&#8243;][vc_column_text css=\u00bb\u00bb]Somos expertos en la detecci\u00f3n m\u00f3vil de consumo de drogas en saliva, sudor y\u00a0superficies. Securetec, uno de los pioneros en el \u00e1mbito de la detecci\u00f3n de drogas, inici\u00f3 en 1995 el desarrollo, la producci\u00f3n y la comercializaci\u00f3n de tests de drogas r\u00e1pidos. Cuenta con su propio departamento de I+D que optimiza y ampl\u00eda sin cesar la gama de productos DrugWipe. Nuestra sede en el sur de M\u00fanich acoge no solo a los departamentos de ventas e\u00a0I+D, sino tambi\u00e9n a los de producci\u00f3n y control de calidad. Esta proximidad, aunada a los excepcionales conocimientos tecnol\u00f3gicos, la elevada flexibilidad y la constante orientaci\u00f3n al cliente, conforma la base para la constante y convincente calidad de nuestros productos. En la actualidad, nuestros clientes se benefician de nuestra dilatada experiencia con soluciones individuales y pr\u00e1cticas que se adaptan a\u00a0sus complejas necesidades. El test DrugWipe se utiliza con \u00e9xito en unidades policiales de tr\u00e1fico y de estupefacientes, autoridades aduaneras, cl\u00ednicas y empresas en m\u00e1s de 30\u00a0pa\u00edses de 6\u00a0continentes. En este sentido, nos enorgullece poder realizar una importante contribuci\u00f3n a la seguridad y\u00a0la salud de las personas y\u00a0de la sociedad en todo el\u00a0mundo.[\/vc_column_text][tm_spacer size=\u00bblg:30&#8243;][\/vc_column][vc_column width=\u00bb1\/4&#8243;][vc_row_inner][vc_column_inner][tm_image align=\u00bbcenter\u00bb image=\u00bb3886&#8243; lg_spacing=\u00bbmargin_top:0&#8243;][\/vc_column_inner][\/vc_row_inner][\/vc_column][\/vc_row][vc_row equal_height=\u00bbyes\u00bb content_placement=\u00bbtop\u00bb lg_spacing=\u00bbmargin_bottom:100&#8243; el_class=\u00bbsec-row-box\u00bb][vc_column width=\u00bb1\/4&#8243;][tm_box_icon style=\u00bb13&#8243; icon_type=\u00bblinea_svg\u00bb icon_linea_svg=\u00bblinea-basic-lightbulb\u00bb box_link=\u00bburl:https%3A%2F%2Fwww.securetec.net%2Funternehmen%2Fforschung-und-entwicklung%2F|||\u00bb heading=\u00bbI+D\u00bb link=\u00bburl:https%3A%2F%2Fwww.securetec.net%2Funternehmen%2Fforschung-und-entwicklung%2F|||\u00bb text=\u00bbSecuretec cuenta con 25 a\u00f1os de dilatada experiencia en desarrollo en el campo de la tecnolog\u00eda de flujo lateral, diagn\u00f3stico en el punto de atenci\u00f3n y diagn\u00f3stico in vitro.\u00bb][\/vc_column][vc_column width=\u00bb1\/4&#8243;][tm_box_icon style=\u00bb13&#8243; icon_type=\u00bblinea_svg\u00bb icon_linea_svg=\u00bblinea-basic-gear\u00bb box_link=\u00bburl:https%3A%2F%2Fwww.securetec.net%2Funternehmen%2Fproduktion-und-qualitaetssicherung%2F|||\u00bb heading=\u00bbProducci\u00f3n y gesti\u00f3n de calidad\u00bb link=\u00bburl:https%3A%2F%2Fwww.securetec.net%2Funternehmen%2Fproduktion-und-qualitaetssicherung%2F|||\u00bb text=\u00bbNuestro equipo de producci\u00f3n est\u00e1 formado por personal altamente formado que trabaja de acuerdo con las especificaciones de procesos inspeccionados.\u00bb][\/vc_column][vc_column width=\u00bb1\/4&#8243;][tm_box_icon style=\u00bb13&#8243; icon_type=\u00bblinea_svg\u00bb icon_linea_svg=\u00bblinea-ecommerce-graph-increase\u00bb box_link=\u00bburl:https%3A%2F%2Fwww.securetec.net%2Funternehmen%2Fmarketing-und-vertrieb%2F|||\u00bb heading=\u00bbMarketing y ventas\u00bb link=\u00bburl:https%3A%2F%2Fwww.securetec.net%2Funternehmen%2Fmarketing-und-vertrieb%2F|||\u00bb text=\u00bbLa red de ventas de Securetec AG no ha dejado de extenderse desde nuestros inicios en 1995. A trav\u00e9s de sucursales y socios de cooperaci\u00f3n locales, Securetec puede garantizar la disponibilidad de sus productos y servicios en todo el mundo.\u00bb][\/vc_column][vc_column width=\u00bb1\/4&#8243;][tm_box_icon style=\u00bb13&#8243; icon_type=\u00bblinea_svg\u00bb icon_linea_svg=\u00bblinea-basic-case\u00bb box_link=\u00bburl:https%3A%2F%2Fwww.securetec.net%2Funternehmen%2Fkarriere%2F|||\u00bb heading=\u00bbTrabajar con nosotros\u00bb link=\u00bburl:https%3A%2F%2Fwww.securetec.net%2Funternehmen%2Fkarriere%2F|||\u00bb text=\u00bbSomos una pr\u00f3spera mediana empresa con representaci\u00f3n internacional y sede en Neubiberg, al sur de M\u00fanich (Alemania).\u00bb][\/vc_column][\/vc_row]","protected":false},"author":6,"featured_media":0,"parent":0,"menu_order":0,"comment_status":"closed","ping_status":"closed","template":"","meta":{"footnotes":""},"class_list":["post-7053","page","type-page","status-publish","hentry"],"yoast_head":"<!-- This site is optimized with the Yoast SEO plugin v25.6 - https:\/\/yoast.com\/wordpress\/plugins\/seo\/ -->\n<title>Empresa - Securetec Detektions-Systeme AG<\/title>\n<meta name=\"robots\" content=\"index, follow, max-snippet:-1, max-image-preview:large, max-video-preview:-1\" \/>\n<link rel=\"canonical\" href=\"https:\/\/www.securetec.net\/es\/empresa\/\" \/>\n<meta property=\"og:locale\" content=\"es_ES\" \/>\n<meta property=\"og:type\" content=\"article\" \/>\n<meta property=\"og:title\" content=\"Empresa - Securetec Detektions-Systeme AG\" \/>\n<meta property=\"og:url\" content=\"https:\/\/www.securetec.net\/es\/empresa\/\" \/>\n<meta property=\"og:site_name\" content=\"Securetec Detektions-Systeme AG\" \/>\n<meta property=\"article:modified_time\" content=\"2025-11-27T08:02:01+00:00\" \/>\n<meta name=\"twitter:card\" content=\"summary_large_image\" \/>\n<meta name=\"twitter:site\" content=\"@DrugWipeUK\" \/>\n<meta name=\"twitter:label1\" content=\"Est. reading time\" \/>\n\t<meta name=\"twitter:data1\" content=\"3 minutos\" \/>\n<script type=\"application\/ld+json\" class=\"yoast-schema-graph\">{\"@context\":\"https:\/\/schema.org\",\"@graph\":[{\"@type\":\"WebPage\",\"@id\":\"https:\/\/www.securetec.net\/es\/empresa\/\",\"url\":\"https:\/\/www.securetec.net\/es\/empresa\/\",\"name\":\"Empresa - Securetec Detektions-Systeme AG\",\"isPartOf\":{\"@id\":\"https:\/\/www.securetec.net\/es\/#website\"},\"datePublished\":\"2018-11-13T12:42:51+00:00\",\"dateModified\":\"2025-11-27T08:02:01+00:00\",\"breadcrumb\":{\"@id\":\"https:\/\/www.securetec.net\/es\/empresa\/#breadcrumb\"},\"inLanguage\":\"es\",\"potentialAction\":[{\"@type\":\"ReadAction\",\"target\":[\"https:\/\/www.securetec.net\/es\/empresa\/\"]}]},{\"@type\":\"BreadcrumbList\",\"@id\":\"https:\/\/www.securetec.net\/es\/empresa\/#breadcrumb\",\"itemListElement\":[{\"@type\":\"ListItem\",\"position\":1,\"name\":\"Startseite\",\"item\":\"https:\/\/www.securetec.net\/es\/\"},{\"@type\":\"ListItem\",\"position\":2,\"name\":\"Empresa\"}]},{\"@type\":\"WebSite\",\"@id\":\"https:\/\/www.securetec.net\/es\/#website\",\"url\":\"https:\/\/www.securetec.net\/es\/\",\"name\":\"Securetec Detektions-Systeme AG\",\"description\":\"We detect to protect\",\"publisher\":{\"@id\":\"https:\/\/www.securetec.net\/es\/#organization\"},\"potentialAction\":[{\"@type\":\"SearchAction\",\"target\":{\"@type\":\"EntryPoint\",\"urlTemplate\":\"https:\/\/www.securetec.net\/es\/?s={search_term_string}\"},\"query-input\":{\"@type\":\"PropertyValueSpecification\",\"valueRequired\":true,\"valueName\":\"search_term_string\"}}],\"inLanguage\":\"es\"},{\"@type\":\"Organization\",\"@id\":\"https:\/\/www.securetec.net\/es\/#organization\",\"name\":\"Securetec Detektions-Systeme AG\",\"url\":\"https:\/\/www.securetec.net\/es\/\",\"logo\":{\"@type\":\"ImageObject\",\"inLanguage\":\"es\",\"@id\":\"https:\/\/www.securetec.net\/es\/#\/schema\/logo\/image\/\",\"url\":\"https:\/\/www.securetec.net\/app\/uploads\/2018\/07\/Securetec_Logo_.png\",\"contentUrl\":\"https:\/\/www.securetec.net\/app\/uploads\/2018\/07\/Securetec_Logo_.png\",\"width\":411,\"height\":189,\"caption\":\"Securetec Detektions-Systeme AG\"},\"image\":{\"@id\":\"https:\/\/www.securetec.net\/es\/#\/schema\/logo\/image\/\"},\"sameAs\":[\"https:\/\/x.com\/DrugWipeUK\",\"https:\/\/www.linkedin.com\/company\/securetec\",\"https:\/\/www.youtube.com\/channel\/UCP9jQA-TYhtqanhaooppMqw\"]}]}<\/script>\n<!-- \/ Yoast SEO plugin. -->","yoast_head_json":{"title":"Empresa - Securetec Detektions-Systeme AG","robots":{"index":"index","follow":"follow","max-snippet":"max-snippet:-1","max-image-preview":"max-image-preview:large","max-video-preview":"max-video-preview:-1"},"canonical":"https:\/\/www.securetec.net\/es\/empresa\/","og_locale":"es_ES","og_type":"article","og_title":"Empresa - Securetec Detektions-Systeme AG","og_url":"https:\/\/www.securetec.net\/es\/empresa\/","og_site_name":"Securetec Detektions-Systeme AG","article_modified_time":"2025-11-27T08:02:01+00:00","twitter_card":"summary_large_image","twitter_site":"@DrugWipeUK","twitter_misc":{"Est. reading time":"3 minutos"},"schema":{"@context":"https:\/\/schema.org","@graph":[{"@type":"WebPage","@id":"https:\/\/www.securetec.net\/es\/empresa\/","url":"https:\/\/www.securetec.net\/es\/empresa\/","name":"Empresa - Securetec Detektions-Systeme AG","isPartOf":{"@id":"https:\/\/www.securetec.net\/es\/#website"},"datePublished":"2018-11-13T12:42:51+00:00","dateModified":"2025-11-27T08:02:01+00:00","breadcrumb":{"@id":"https:\/\/www.securetec.net\/es\/empresa\/#breadcrumb"},"inLanguage":"es","potentialAction":[{"@type":"ReadAction","target":["https:\/\/www.securetec.net\/es\/empresa\/"]}]},{"@type":"BreadcrumbList","@id":"https:\/\/www.securetec.net\/es\/empresa\/#breadcrumb","itemListElement":[{"@type":"ListItem","position":1,"name":"Startseite","item":"https:\/\/www.securetec.net\/es\/"},{"@type":"ListItem","position":2,"name":"Empresa"}]},{"@type":"WebSite","@id":"https:\/\/www.securetec.net\/es\/#website","url":"https:\/\/www.securetec.net\/es\/","name":"Securetec Detektions-Systeme AG","description":"We detect to protect","publisher":{"@id":"https:\/\/www.securetec.net\/es\/#organization"},"potentialAction":[{"@type":"SearchAction","target":{"@type":"EntryPoint","urlTemplate":"https:\/\/www.securetec.net\/es\/?s={search_term_string}"},"query-input":{"@type":"PropertyValueSpecification","valueRequired":true,"valueName":"search_term_string"}}],"inLanguage":"es"},{"@type":"Organization","@id":"https:\/\/www.securetec.net\/es\/#organization","name":"Securetec Detektions-Systeme AG","url":"https:\/\/www.securetec.net\/es\/","logo":{"@type":"ImageObject","inLanguage":"es","@id":"https:\/\/www.securetec.net\/es\/#\/schema\/logo\/image\/","url":"https:\/\/www.securetec.net\/app\/uploads\/2018\/07\/Securetec_Logo_.png","contentUrl":"https:\/\/www.securetec.net\/app\/uploads\/2018\/07\/Securetec_Logo_.png","width":411,"height":189,"caption":"Securetec Detektions-Systeme AG"},"image":{"@id":"https:\/\/www.securetec.net\/es\/#\/schema\/logo\/image\/"},"sameAs":["https:\/\/x.com\/DrugWipeUK","https:\/\/www.linkedin.com\/company\/securetec","https:\/\/www.youtube.com\/channel\/UCP9jQA-TYhtqanhaooppMqw"]}]}},"_links":{"self":[{"href":"https:\/\/www.securetec.net\/es\/wp-json\/wp\/v2\/pages\/7053","targetHints":{"allow":["GET"]}}],"collection":[{"href":"https:\/\/www.securetec.net\/es\/wp-json\/wp\/v2\/pages"}],"about":[{"href":"https:\/\/www.securetec.net\/es\/wp-json\/wp\/v2\/types\/page"}],"author":[{"embeddable":true,"href":"https:\/\/www.securetec.net\/es\/wp-json\/wp\/v2\/users\/6"}],"replies":[{"embeddable":true,"href":"https:\/\/www.securetec.net\/es\/wp-json\/wp\/v2\/comments?post=7053"}],"version-history":[{"count":23,"href":"https:\/\/www.securetec.net\/es\/wp-json\/wp\/v2\/pages\/7053\/revisions"}],"predecessor-version":[{"id":16899,"href":"https:\/\/www.securetec.net\/es\/wp-json\/wp\/v2\/pages\/7053\/revisions\/16899"}],"wp:attachment":[{"href":"https:\/\/www.securetec.net\/es\/wp-json\/wp\/v2\/media?parent=7053"}],"curies":[{"name":"wp","href":"https:\/\/api.w.org\/{rel}","templated":true}]}}