{"id":17066,"date":"2026-01-07T07:12:48","date_gmt":"2026-01-07T06:12:48","guid":{"rendered":"https:\/\/www.securetec.net\/?page_id=17066"},"modified":"2026-01-07T07:18:04","modified_gmt":"2026-01-07T06:18:04","slug":"drugwipe-el-test-de-bolsillo","status":"publish","type":"page","link":"https:\/\/www.securetec.net\/es\/resumen-de-tests-de-drogas\/drugwipe-el-test-de-bolsillo\/","title":{"rendered":"DrugWipe &#8211; el test de bolsillo"},"content":{"rendered":"<div class=\"wpb-content-wrapper\"><p>[vc_row][vc_column][vc_column_text css=\u00bb\u00bb]<\/p>\n<h1 style=\"text-align: center;\">Peque\u00f1o, manejable y\u00a0siempre al alcance<\/h1>\n<p>[\/vc_column_text][tm_spacer size=\u00bblg:50&#8243;][\/vc_column][\/vc_row][vc_row][vc_column width=\u00bb1\/3&#8243;][tm_image align=\u00bbcenter\u00bb image=\u00bb17067&#8243;][tm_spacer size=\u00bblg:50&#8243;][\/vc_column][vc_column width=\u00bb2\/3&#8243;][vc_column_text css=\u00bb\u00bb]Peque\u00f1o, manejable y\u00a0siempre al alcance: DrugWipe cabe f\u00e1cilmente en cualquier bolsillo de pantal\u00f3n, lo que permite tenerlo a\u00a0mano siempre que es preciso. Gracias a\u00a0su formato compacto, acompa\u00f1a de forma fiable a los usuarios durante toda su jornada laboral. Discreto, pero listo para el uso. Ya\u00a0sea durante controles espont\u00e1neos o\u00a0en lugares de uso fijos, el DrugWipe est\u00e1 listo cuando la situaci\u00f3n lo requiere. Adem\u00e1s, convence por su facilidad de\u00a0uso.[\/vc_column_text][\/vc_column][\/vc_row]<\/p>\n<\/div>","protected":false},"excerpt":{"rendered":"[vc_row][vc_column][vc_column_text css=\u00bb\u00bb] Peque\u00f1o, manejable y\u00a0siempre al alcance [\/vc_column_text][tm_spacer size=\u00bblg:50&#8243;][\/vc_column][\/vc_row][vc_row][vc_column width=\u00bb1\/3&#8243;][tm_image align=\u00bbcenter\u00bb image=\u00bb17067&#8243;][tm_spacer size=\u00bblg:50&#8243;][\/vc_column][vc_column width=\u00bb2\/3&#8243;][vc_column_text css=\u00bb\u00bb]Peque\u00f1o, manejable y\u00a0siempre al alcance: DrugWipe cabe f\u00e1cilmente en cualquier bolsillo de pantal\u00f3n, lo que permite tenerlo a\u00a0mano siempre que es preciso. Gracias a\u00a0su formato compacto, acompa\u00f1a de forma fiable a los usuarios durante toda su jornada laboral. Discreto, pero listo para el uso. Ya\u00a0sea durante controles espont\u00e1neos o\u00a0en lugares de uso fijos, el DrugWipe est\u00e1 listo cuando la situaci\u00f3n lo requiere. Adem\u00e1s, convence por su facilidad de\u00a0uso.[\/vc_column_text][\/vc_column][\/vc_row]","protected":false},"author":95,"featured_media":0,"parent":7723,"menu_order":0,"comment_status":"closed","ping_status":"closed","template":"","meta":{"footnotes":""},"class_list":["post-17066","page","type-page","status-publish","hentry"],"yoast_head":"<!-- This site is optimized with the Yoast SEO plugin v25.6 - https:\/\/yoast.com\/wordpress\/plugins\/seo\/ -->\n<title>DrugWipe - el test de bolsillo - Securetec Detektions-Systeme AG<\/title>\n<meta name=\"robots\" content=\"index, follow, max-snippet:-1, max-image-preview:large, max-video-preview:-1\" \/>\n<link rel=\"canonical\" href=\"https:\/\/www.securetec.net\/es\/resumen-de-tests-de-drogas\/drugwipe-el-test-de-bolsillo\/\" \/>\n<meta property=\"og:locale\" content=\"es_ES\" \/>\n<meta property=\"og:type\" content=\"article\" \/>\n<meta property=\"og:title\" content=\"DrugWipe - el test de bolsillo - Securetec Detektions-Systeme AG\" \/>\n<meta property=\"og:url\" content=\"https:\/\/www.securetec.net\/es\/resumen-de-tests-de-drogas\/drugwipe-el-test-de-bolsillo\/\" \/>\n<meta property=\"og:site_name\" content=\"Securetec Detektions-Systeme AG\" \/>\n<meta property=\"article:modified_time\" content=\"2026-01-07T06:18:04+00:00\" \/>\n<meta name=\"twitter:card\" content=\"summary_large_image\" \/>\n<meta name=\"twitter:site\" content=\"@DrugWipeUK\" \/>\n<meta name=\"twitter:label1\" content=\"Est. reading time\" \/>\n\t<meta name=\"twitter:data1\" content=\"1 minuto\" \/>\n<script type=\"application\/ld+json\" class=\"yoast-schema-graph\">{\"@context\":\"https:\/\/schema.org\",\"@graph\":[{\"@type\":\"WebPage\",\"@id\":\"https:\/\/www.securetec.net\/es\/resumen-de-tests-de-drogas\/drugwipe-el-test-de-bolsillo\/\",\"url\":\"https:\/\/www.securetec.net\/es\/resumen-de-tests-de-drogas\/drugwipe-el-test-de-bolsillo\/\",\"name\":\"DrugWipe - el test de bolsillo - Securetec Detektions-Systeme AG\",\"isPartOf\":{\"@id\":\"https:\/\/www.securetec.net\/es\/#website\"},\"datePublished\":\"2026-01-07T06:12:48+00:00\",\"dateModified\":\"2026-01-07T06:18:04+00:00\",\"breadcrumb\":{\"@id\":\"https:\/\/www.securetec.net\/es\/resumen-de-tests-de-drogas\/drugwipe-el-test-de-bolsillo\/#breadcrumb\"},\"inLanguage\":\"es\",\"potentialAction\":[{\"@type\":\"ReadAction\",\"target\":[\"https:\/\/www.securetec.net\/es\/resumen-de-tests-de-drogas\/drugwipe-el-test-de-bolsillo\/\"]}]},{\"@type\":\"BreadcrumbList\",\"@id\":\"https:\/\/www.securetec.net\/es\/resumen-de-tests-de-drogas\/drugwipe-el-test-de-bolsillo\/#breadcrumb\",\"itemListElement\":[{\"@type\":\"ListItem\",\"position\":1,\"name\":\"Startseite\",\"item\":\"https:\/\/www.securetec.net\/es\/\"},{\"@type\":\"ListItem\",\"position\":2,\"name\":\"Resumen de tests de drogas\",\"item\":\"https:\/\/www.securetec.net\/es\/resumen-de-tests-de-drogas\/\"},{\"@type\":\"ListItem\",\"position\":3,\"name\":\"DrugWipe &#8211; el test de bolsillo\"}]},{\"@type\":\"WebSite\",\"@id\":\"https:\/\/www.securetec.net\/es\/#website\",\"url\":\"https:\/\/www.securetec.net\/es\/\",\"name\":\"Securetec Detektions-Systeme AG\",\"description\":\"We detect to protect\",\"publisher\":{\"@id\":\"https:\/\/www.securetec.net\/es\/#organization\"},\"potentialAction\":[{\"@type\":\"SearchAction\",\"target\":{\"@type\":\"EntryPoint\",\"urlTemplate\":\"https:\/\/www.securetec.net\/es\/?s={search_term_string}\"},\"query-input\":{\"@type\":\"PropertyValueSpecification\",\"valueRequired\":true,\"valueName\":\"search_term_string\"}}],\"inLanguage\":\"es\"},{\"@type\":\"Organization\",\"@id\":\"https:\/\/www.securetec.net\/es\/#organization\",\"name\":\"Securetec Detektions-Systeme AG\",\"url\":\"https:\/\/www.securetec.net\/es\/\",\"logo\":{\"@type\":\"ImageObject\",\"inLanguage\":\"es\",\"@id\":\"https:\/\/www.securetec.net\/es\/#\/schema\/logo\/image\/\",\"url\":\"https:\/\/www.securetec.net\/app\/uploads\/2018\/07\/Securetec_Logo_.png\",\"contentUrl\":\"https:\/\/www.securetec.net\/app\/uploads\/2018\/07\/Securetec_Logo_.png\",\"width\":411,\"height\":189,\"caption\":\"Securetec Detektions-Systeme AG\"},\"image\":{\"@id\":\"https:\/\/www.securetec.net\/es\/#\/schema\/logo\/image\/\"},\"sameAs\":[\"https:\/\/x.com\/DrugWipeUK\",\"https:\/\/www.linkedin.com\/company\/securetec\",\"https:\/\/www.youtube.com\/channel\/UCP9jQA-TYhtqanhaooppMqw\"]}]}<\/script>\n<!-- \/ Yoast SEO plugin. -->","yoast_head_json":{"title":"DrugWipe - el test de bolsillo - Securetec Detektions-Systeme AG","robots":{"index":"index","follow":"follow","max-snippet":"max-snippet:-1","max-image-preview":"max-image-preview:large","max-video-preview":"max-video-preview:-1"},"canonical":"https:\/\/www.securetec.net\/es\/resumen-de-tests-de-drogas\/drugwipe-el-test-de-bolsillo\/","og_locale":"es_ES","og_type":"article","og_title":"DrugWipe - el test de bolsillo - Securetec Detektions-Systeme AG","og_url":"https:\/\/www.securetec.net\/es\/resumen-de-tests-de-drogas\/drugwipe-el-test-de-bolsillo\/","og_site_name":"Securetec Detektions-Systeme AG","article_modified_time":"2026-01-07T06:18:04+00:00","twitter_card":"summary_large_image","twitter_site":"@DrugWipeUK","twitter_misc":{"Est. reading time":"1 minuto"},"schema":{"@context":"https:\/\/schema.org","@graph":[{"@type":"WebPage","@id":"https:\/\/www.securetec.net\/es\/resumen-de-tests-de-drogas\/drugwipe-el-test-de-bolsillo\/","url":"https:\/\/www.securetec.net\/es\/resumen-de-tests-de-drogas\/drugwipe-el-test-de-bolsillo\/","name":"DrugWipe - el test de bolsillo - Securetec Detektions-Systeme AG","isPartOf":{"@id":"https:\/\/www.securetec.net\/es\/#website"},"datePublished":"2026-01-07T06:12:48+00:00","dateModified":"2026-01-07T06:18:04+00:00","breadcrumb":{"@id":"https:\/\/www.securetec.net\/es\/resumen-de-tests-de-drogas\/drugwipe-el-test-de-bolsillo\/#breadcrumb"},"inLanguage":"es","potentialAction":[{"@type":"ReadAction","target":["https:\/\/www.securetec.net\/es\/resumen-de-tests-de-drogas\/drugwipe-el-test-de-bolsillo\/"]}]},{"@type":"BreadcrumbList","@id":"https:\/\/www.securetec.net\/es\/resumen-de-tests-de-drogas\/drugwipe-el-test-de-bolsillo\/#breadcrumb","itemListElement":[{"@type":"ListItem","position":1,"name":"Startseite","item":"https:\/\/www.securetec.net\/es\/"},{"@type":"ListItem","position":2,"name":"Resumen de tests de drogas","item":"https:\/\/www.securetec.net\/es\/resumen-de-tests-de-drogas\/"},{"@type":"ListItem","position":3,"name":"DrugWipe &#8211; el test de bolsillo"}]},{"@type":"WebSite","@id":"https:\/\/www.securetec.net\/es\/#website","url":"https:\/\/www.securetec.net\/es\/","name":"Securetec Detektions-Systeme AG","description":"We detect to protect","publisher":{"@id":"https:\/\/www.securetec.net\/es\/#organization"},"potentialAction":[{"@type":"SearchAction","target":{"@type":"EntryPoint","urlTemplate":"https:\/\/www.securetec.net\/es\/?s={search_term_string}"},"query-input":{"@type":"PropertyValueSpecification","valueRequired":true,"valueName":"search_term_string"}}],"inLanguage":"es"},{"@type":"Organization","@id":"https:\/\/www.securetec.net\/es\/#organization","name":"Securetec Detektions-Systeme AG","url":"https:\/\/www.securetec.net\/es\/","logo":{"@type":"ImageObject","inLanguage":"es","@id":"https:\/\/www.securetec.net\/es\/#\/schema\/logo\/image\/","url":"https:\/\/www.securetec.net\/app\/uploads\/2018\/07\/Securetec_Logo_.png","contentUrl":"https:\/\/www.securetec.net\/app\/uploads\/2018\/07\/Securetec_Logo_.png","width":411,"height":189,"caption":"Securetec Detektions-Systeme AG"},"image":{"@id":"https:\/\/www.securetec.net\/es\/#\/schema\/logo\/image\/"},"sameAs":["https:\/\/x.com\/DrugWipeUK","https:\/\/www.linkedin.com\/company\/securetec","https:\/\/www.youtube.com\/channel\/UCP9jQA-TYhtqanhaooppMqw"]}]}},"_links":{"self":[{"href":"https:\/\/www.securetec.net\/es\/wp-json\/wp\/v2\/pages\/17066","targetHints":{"allow":["GET"]}}],"collection":[{"href":"https:\/\/www.securetec.net\/es\/wp-json\/wp\/v2\/pages"}],"about":[{"href":"https:\/\/www.securetec.net\/es\/wp-json\/wp\/v2\/types\/page"}],"author":[{"embeddable":true,"href":"https:\/\/www.securetec.net\/es\/wp-json\/wp\/v2\/users\/95"}],"replies":[{"embeddable":true,"href":"https:\/\/www.securetec.net\/es\/wp-json\/wp\/v2\/comments?post=17066"}],"version-history":[{"count":1,"href":"https:\/\/www.securetec.net\/es\/wp-json\/wp\/v2\/pages\/17066\/revisions"}],"predecessor-version":[{"id":17071,"href":"https:\/\/www.securetec.net\/es\/wp-json\/wp\/v2\/pages\/17066\/revisions\/17071"}],"up":[{"embeddable":true,"href":"https:\/\/www.securetec.net\/es\/wp-json\/wp\/v2\/pages\/7723"}],"wp:attachment":[{"href":"https:\/\/www.securetec.net\/es\/wp-json\/wp\/v2\/media?parent=17066"}],"curies":[{"name":"wp","href":"https:\/\/api.w.org\/{rel}","templated":true}]}}