{"id":16053,"date":"2025-05-27T12:57:30","date_gmt":"2025-05-27T10:57:30","guid":{"rendered":"https:\/\/www.securetec.net\/?page_id=16053"},"modified":"2025-05-28T08:14:23","modified_gmt":"2025-05-28T06:14:23","slug":"linea-roja-consumo-de-drogas-inequivoco","status":"publish","type":"page","link":"https:\/\/www.securetec.net\/es\/resumen-de-tests-de-drogas\/linea-roja-consumo-de-drogas-inequivoco\/","title":{"rendered":"L\u00ednea roja = consumo de drogas inequ\u00edvoco"},"content":{"rendered":"<div class=\"wpb-content-wrapper\"><p>[vc_row][vc_column][vc_column_text css=\u00bb\u00bb]<\/p>\n<h1 style=\"text-align: center;\"><strong>Test positivo intuitivo<\/strong><\/h1>\n<p>[\/vc_column_text][tm_spacer size=\u00bblg:50&#8243;][\/vc_column][\/vc_row][vc_row][vc_column width=\u00bb1\/3&#8243;][tm_image align=\u00bbcenter\u00bb image=\u00bb16031&#8243;][tm_spacer size=\u00bblg:50&#8243;][\/vc_column][vc_column width=\u00bb2\/3&#8243;][vc_column_text css=\u00bb\u00bb]<\/p>\n<h2>\u00a1M\u00e1s claro, imposible!<\/h2>\n<p>El test de saliva DrugWipe muestra el consumo de drogas, de manera r\u00e1pida e intuitiva, mediante l\u00edneas rojas. Detecta incluso rastros leves de drogas con solo peque\u00f1as cantidades de saliva. La realizaci\u00f3n del test es r\u00e1pida, fiable e higi\u00e9nicamente segura.[\/vc_column_text][tm_spacer size=\u00bblg:20&#8243;][vc_column_text css=\u00bb\u00bb]<\/p>\n<h2><strong>Detecci\u00f3n de hasta 6 grupos de drogas en pocos minutos <\/strong><\/h2>\n<p>Resulta f\u00e1cil reconocer el tipo de drogas consumidas por la posici\u00f3n de las l\u00edneas rojas del test. Seg\u00fan la l\u00ednea del producto, el test r\u00e1pido de drogas detecta hasta 6\u00a0grupos de drogas en pocos minutos.[\/vc_column_text][tm_spacer size=\u00bblg:20&#8243;][vc_column_text css=\u00bb\u00bb]<strong>La aplicaci\u00f3n de DrugWipe explicada de forma sencilla<\/strong>[\/vc_column_text][tm_spacer size=\u00bblg:20&#8243;][tm_button button=\u00bburl:https%3A%2F%2Fwww.securetec.net%2Fde%2Fqr-code-drug-wipe-5-s-universal-querformat%2F|title:V%C3%ADdeo%20de%20aplicaci%C3%B3n|target:_blank\u00bb][tm_spacer size=\u00bblg:50&#8243;][\/vc_column][\/vc_row]<\/p>\n<\/div>","protected":false},"excerpt":{"rendered":"[vc_row][vc_column][vc_column_text css=\u00bb\u00bb] Test positivo intuitivo [\/vc_column_text][tm_spacer size=\u00bblg:50&#8243;][\/vc_column][\/vc_row][vc_row][vc_column width=\u00bb1\/3&#8243;][tm_image align=\u00bbcenter\u00bb image=\u00bb16031&#8243;][tm_spacer size=\u00bblg:50&#8243;][\/vc_column][vc_column width=\u00bb2\/3&#8243;][vc_column_text css=\u00bb\u00bb] \u00a1M\u00e1s claro, imposible! El test de saliva DrugWipe muestra el consumo de drogas, de manera r\u00e1pida e intuitiva, mediante l\u00edneas rojas. Detecta incluso rastros leves de drogas con solo peque\u00f1as cantidades de saliva. La realizaci\u00f3n del test es r\u00e1pida, fiable e higi\u00e9nicamente segura.[\/vc_column_text][tm_spacer size=\u00bblg:20&#8243;][vc_column_text css=\u00bb\u00bb] Detecci\u00f3n de hasta 6 grupos de drogas en pocos minutos Resulta f\u00e1cil reconocer el tipo de drogas consumidas por la posici\u00f3n de las l\u00edneas rojas del test. Seg\u00fan la l\u00ednea del producto, el test r\u00e1pido de drogas detecta hasta 6\u00a0grupos de drogas en pocos minutos.[\/vc_column_text][tm_spacer size=\u00bblg:20&#8243;][vc_column_text css=\u00bb\u00bb]La aplicaci\u00f3n de DrugWipe explicada de forma sencilla[\/vc_column_text][tm_spacer size=\u00bblg:20&#8243;][tm_button button=\u00bburl:https%3A%2F%2Fwww.securetec.net%2Fde%2Fqr-code-drug-wipe-5-s-universal-querformat%2F|title:V%C3%ADdeo%20de%20aplicaci%C3%B3n|target:_blank\u00bb][tm_spacer size=\u00bblg:50&#8243;][\/vc_column][\/vc_row]","protected":false},"author":95,"featured_media":0,"parent":7723,"menu_order":0,"comment_status":"closed","ping_status":"closed","template":"","meta":{"footnotes":""},"class_list":["post-16053","page","type-page","status-publish","hentry"],"yoast_head":"<!-- This site is optimized with the Yoast SEO plugin v25.6 - https:\/\/yoast.com\/wordpress\/plugins\/seo\/ -->\n<title>L\u00ednea roja = consumo de drogas inequ\u00edvoco - Securetec Detektions-Systeme AG<\/title>\n<meta name=\"robots\" content=\"index, follow, max-snippet:-1, max-image-preview:large, max-video-preview:-1\" \/>\n<link rel=\"canonical\" href=\"https:\/\/www.securetec.net\/es\/resumen-de-tests-de-drogas\/linea-roja-consumo-de-drogas-inequivoco\/\" \/>\n<meta property=\"og:locale\" content=\"es_ES\" \/>\n<meta property=\"og:type\" content=\"article\" \/>\n<meta property=\"og:title\" content=\"L\u00ednea roja = consumo de drogas inequ\u00edvoco - Securetec Detektions-Systeme AG\" \/>\n<meta property=\"og:url\" content=\"https:\/\/www.securetec.net\/es\/resumen-de-tests-de-drogas\/linea-roja-consumo-de-drogas-inequivoco\/\" \/>\n<meta property=\"og:site_name\" content=\"Securetec Detektions-Systeme AG\" \/>\n<meta property=\"article:modified_time\" content=\"2025-05-28T06:14:23+00:00\" \/>\n<meta name=\"twitter:card\" content=\"summary_large_image\" \/>\n<meta name=\"twitter:site\" content=\"@DrugWipeUK\" \/>\n<meta name=\"twitter:label1\" content=\"Est. reading time\" \/>\n\t<meta name=\"twitter:data1\" content=\"1 minuto\" \/>\n<script type=\"application\/ld+json\" class=\"yoast-schema-graph\">{\"@context\":\"https:\/\/schema.org\",\"@graph\":[{\"@type\":\"WebPage\",\"@id\":\"https:\/\/www.securetec.net\/es\/resumen-de-tests-de-drogas\/linea-roja-consumo-de-drogas-inequivoco\/\",\"url\":\"https:\/\/www.securetec.net\/es\/resumen-de-tests-de-drogas\/linea-roja-consumo-de-drogas-inequivoco\/\",\"name\":\"L\u00ednea roja = consumo de drogas inequ\u00edvoco - Securetec Detektions-Systeme AG\",\"isPartOf\":{\"@id\":\"https:\/\/www.securetec.net\/es\/#website\"},\"datePublished\":\"2025-05-27T10:57:30+00:00\",\"dateModified\":\"2025-05-28T06:14:23+00:00\",\"breadcrumb\":{\"@id\":\"https:\/\/www.securetec.net\/es\/resumen-de-tests-de-drogas\/linea-roja-consumo-de-drogas-inequivoco\/#breadcrumb\"},\"inLanguage\":\"es\",\"potentialAction\":[{\"@type\":\"ReadAction\",\"target\":[\"https:\/\/www.securetec.net\/es\/resumen-de-tests-de-drogas\/linea-roja-consumo-de-drogas-inequivoco\/\"]}]},{\"@type\":\"BreadcrumbList\",\"@id\":\"https:\/\/www.securetec.net\/es\/resumen-de-tests-de-drogas\/linea-roja-consumo-de-drogas-inequivoco\/#breadcrumb\",\"itemListElement\":[{\"@type\":\"ListItem\",\"position\":1,\"name\":\"Startseite\",\"item\":\"https:\/\/www.securetec.net\/es\/\"},{\"@type\":\"ListItem\",\"position\":2,\"name\":\"Resumen de tests de drogas\",\"item\":\"https:\/\/www.securetec.net\/es\/resumen-de-tests-de-drogas\/\"},{\"@type\":\"ListItem\",\"position\":3,\"name\":\"L\u00ednea roja = consumo de drogas inequ\u00edvoco\"}]},{\"@type\":\"WebSite\",\"@id\":\"https:\/\/www.securetec.net\/es\/#website\",\"url\":\"https:\/\/www.securetec.net\/es\/\",\"name\":\"Securetec Detektions-Systeme AG\",\"description\":\"We detect to protect\",\"publisher\":{\"@id\":\"https:\/\/www.securetec.net\/es\/#organization\"},\"potentialAction\":[{\"@type\":\"SearchAction\",\"target\":{\"@type\":\"EntryPoint\",\"urlTemplate\":\"https:\/\/www.securetec.net\/es\/?s={search_term_string}\"},\"query-input\":{\"@type\":\"PropertyValueSpecification\",\"valueRequired\":true,\"valueName\":\"search_term_string\"}}],\"inLanguage\":\"es\"},{\"@type\":\"Organization\",\"@id\":\"https:\/\/www.securetec.net\/es\/#organization\",\"name\":\"Securetec Detektions-Systeme AG\",\"url\":\"https:\/\/www.securetec.net\/es\/\",\"logo\":{\"@type\":\"ImageObject\",\"inLanguage\":\"es\",\"@id\":\"https:\/\/www.securetec.net\/es\/#\/schema\/logo\/image\/\",\"url\":\"https:\/\/www.securetec.net\/app\/uploads\/2018\/07\/Securetec_Logo_.png\",\"contentUrl\":\"https:\/\/www.securetec.net\/app\/uploads\/2018\/07\/Securetec_Logo_.png\",\"width\":411,\"height\":189,\"caption\":\"Securetec Detektions-Systeme AG\"},\"image\":{\"@id\":\"https:\/\/www.securetec.net\/es\/#\/schema\/logo\/image\/\"},\"sameAs\":[\"https:\/\/x.com\/DrugWipeUK\",\"https:\/\/www.linkedin.com\/company\/securetec\",\"https:\/\/www.youtube.com\/channel\/UCP9jQA-TYhtqanhaooppMqw\"]}]}<\/script>\n<!-- \/ Yoast SEO plugin. -->","yoast_head_json":{"title":"L\u00ednea roja = consumo de drogas inequ\u00edvoco - Securetec Detektions-Systeme AG","robots":{"index":"index","follow":"follow","max-snippet":"max-snippet:-1","max-image-preview":"max-image-preview:large","max-video-preview":"max-video-preview:-1"},"canonical":"https:\/\/www.securetec.net\/es\/resumen-de-tests-de-drogas\/linea-roja-consumo-de-drogas-inequivoco\/","og_locale":"es_ES","og_type":"article","og_title":"L\u00ednea roja = consumo de drogas inequ\u00edvoco - Securetec Detektions-Systeme AG","og_url":"https:\/\/www.securetec.net\/es\/resumen-de-tests-de-drogas\/linea-roja-consumo-de-drogas-inequivoco\/","og_site_name":"Securetec Detektions-Systeme AG","article_modified_time":"2025-05-28T06:14:23+00:00","twitter_card":"summary_large_image","twitter_site":"@DrugWipeUK","twitter_misc":{"Est. reading time":"1 minuto"},"schema":{"@context":"https:\/\/schema.org","@graph":[{"@type":"WebPage","@id":"https:\/\/www.securetec.net\/es\/resumen-de-tests-de-drogas\/linea-roja-consumo-de-drogas-inequivoco\/","url":"https:\/\/www.securetec.net\/es\/resumen-de-tests-de-drogas\/linea-roja-consumo-de-drogas-inequivoco\/","name":"L\u00ednea roja = consumo de drogas inequ\u00edvoco - Securetec Detektions-Systeme AG","isPartOf":{"@id":"https:\/\/www.securetec.net\/es\/#website"},"datePublished":"2025-05-27T10:57:30+00:00","dateModified":"2025-05-28T06:14:23+00:00","breadcrumb":{"@id":"https:\/\/www.securetec.net\/es\/resumen-de-tests-de-drogas\/linea-roja-consumo-de-drogas-inequivoco\/#breadcrumb"},"inLanguage":"es","potentialAction":[{"@type":"ReadAction","target":["https:\/\/www.securetec.net\/es\/resumen-de-tests-de-drogas\/linea-roja-consumo-de-drogas-inequivoco\/"]}]},{"@type":"BreadcrumbList","@id":"https:\/\/www.securetec.net\/es\/resumen-de-tests-de-drogas\/linea-roja-consumo-de-drogas-inequivoco\/#breadcrumb","itemListElement":[{"@type":"ListItem","position":1,"name":"Startseite","item":"https:\/\/www.securetec.net\/es\/"},{"@type":"ListItem","position":2,"name":"Resumen de tests de drogas","item":"https:\/\/www.securetec.net\/es\/resumen-de-tests-de-drogas\/"},{"@type":"ListItem","position":3,"name":"L\u00ednea roja = consumo de drogas inequ\u00edvoco"}]},{"@type":"WebSite","@id":"https:\/\/www.securetec.net\/es\/#website","url":"https:\/\/www.securetec.net\/es\/","name":"Securetec Detektions-Systeme AG","description":"We detect to protect","publisher":{"@id":"https:\/\/www.securetec.net\/es\/#organization"},"potentialAction":[{"@type":"SearchAction","target":{"@type":"EntryPoint","urlTemplate":"https:\/\/www.securetec.net\/es\/?s={search_term_string}"},"query-input":{"@type":"PropertyValueSpecification","valueRequired":true,"valueName":"search_term_string"}}],"inLanguage":"es"},{"@type":"Organization","@id":"https:\/\/www.securetec.net\/es\/#organization","name":"Securetec Detektions-Systeme AG","url":"https:\/\/www.securetec.net\/es\/","logo":{"@type":"ImageObject","inLanguage":"es","@id":"https:\/\/www.securetec.net\/es\/#\/schema\/logo\/image\/","url":"https:\/\/www.securetec.net\/app\/uploads\/2018\/07\/Securetec_Logo_.png","contentUrl":"https:\/\/www.securetec.net\/app\/uploads\/2018\/07\/Securetec_Logo_.png","width":411,"height":189,"caption":"Securetec Detektions-Systeme AG"},"image":{"@id":"https:\/\/www.securetec.net\/es\/#\/schema\/logo\/image\/"},"sameAs":["https:\/\/x.com\/DrugWipeUK","https:\/\/www.linkedin.com\/company\/securetec","https:\/\/www.youtube.com\/channel\/UCP9jQA-TYhtqanhaooppMqw"]}]}},"_links":{"self":[{"href":"https:\/\/www.securetec.net\/es\/wp-json\/wp\/v2\/pages\/16053","targetHints":{"allow":["GET"]}}],"collection":[{"href":"https:\/\/www.securetec.net\/es\/wp-json\/wp\/v2\/pages"}],"about":[{"href":"https:\/\/www.securetec.net\/es\/wp-json\/wp\/v2\/types\/page"}],"author":[{"embeddable":true,"href":"https:\/\/www.securetec.net\/es\/wp-json\/wp\/v2\/users\/95"}],"replies":[{"embeddable":true,"href":"https:\/\/www.securetec.net\/es\/wp-json\/wp\/v2\/comments?post=16053"}],"version-history":[{"count":3,"href":"https:\/\/www.securetec.net\/es\/wp-json\/wp\/v2\/pages\/16053\/revisions"}],"predecessor-version":[{"id":16124,"href":"https:\/\/www.securetec.net\/es\/wp-json\/wp\/v2\/pages\/16053\/revisions\/16124"}],"up":[{"embeddable":true,"href":"https:\/\/www.securetec.net\/es\/wp-json\/wp\/v2\/pages\/7723"}],"wp:attachment":[{"href":"https:\/\/www.securetec.net\/es\/wp-json\/wp\/v2\/media?parent=16053"}],"curies":[{"name":"wp","href":"https:\/\/api.w.org\/{rel}","templated":true}]}}