{"id":15161,"date":"2024-01-18T09:48:53","date_gmt":"2024-01-18T08:48:53","guid":{"rendered":"https:\/\/www.securetec.net\/?page_id=15161"},"modified":"2024-01-22T09:32:13","modified_gmt":"2024-01-22T08:32:13","slug":"condiciones-articas","status":"publish","type":"page","link":"https:\/\/www.securetec.net\/es\/resumen-de-tests-de-drogas\/condiciones-articas\/","title":{"rendered":"\u00bfCondiciones \u00e1rticas?"},"content":{"rendered":"<div class=\"wpb-content-wrapper\"><p>[vc_row][vc_column][vc_column_text]<\/p>\n<h1 style=\"text-align: center;\">Resistente incluso a 2 \u00b0C: DrugWipe\u00ae<\/h1>\n<p>[\/vc_column_text][tm_spacer size=\u00bblg:50&#8243;][\/vc_column][\/vc_row][vc_row][vc_column width=\u00bb1\/3&#8243;][tm_image align=\u00bbcenter\u00bb image=\u00bb15162&#8243;][tm_spacer size=\u00bblg:50&#8243;][\/vc_column][vc_column width=\u00bb2\/3&#8243;][vc_column_text]Cuando otros se rinden ante el fr\u00edo, el test de drogas DrugWipe da la talla y funciona de forma fiable y segura incluso a 2\u00b0\u00a0Celsius. Realice los tests incluso en un clima invernal.[\/vc_column_text][tm_spacer size=\u00bblg:50&#8243;][vc_column_text]<\/p>\n<h2>Seguridad demostrada<\/h2>\n<p>Probado en climas fr\u00edos: nuestros clientes del norte de Europa, que realizan tests con DrugWipe desde hace a\u00f1os, confirman su uso ininterrumpido en el invierno. Su temperatura de funcionamiento se sit\u00faa entre 2\u00b0 y 50\u00b0 Celsius, mientras que la temperatura de almacenamiento se sit\u00faa entre 2\u00b0 y 30\u00b0 Celsius.[\/vc_column_text][tm_spacer size=\u00bblg:50&#8243;][\/vc_column][\/vc_row]<\/p>\n<\/div>","protected":false},"excerpt":{"rendered":"[vc_row][vc_column][vc_column_text] Resistente incluso a 2 \u00b0C: DrugWipe\u00ae [\/vc_column_text][tm_spacer size=\u00bblg:50&#8243;][\/vc_column][\/vc_row][vc_row][vc_column width=\u00bb1\/3&#8243;][tm_image align=\u00bbcenter\u00bb image=\u00bb15162&#8243;][tm_spacer size=\u00bblg:50&#8243;][\/vc_column][vc_column width=\u00bb2\/3&#8243;][vc_column_text]Cuando otros se rinden ante el fr\u00edo, el test de drogas DrugWipe da la talla y funciona de forma fiable y segura incluso a 2\u00b0\u00a0Celsius. Realice los tests incluso en un clima invernal.[\/vc_column_text][tm_spacer size=\u00bblg:50&#8243;][vc_column_text] Seguridad demostrada Probado en climas fr\u00edos: nuestros clientes del norte de Europa, que realizan tests con DrugWipe desde hace a\u00f1os, confirman su uso ininterrumpido en el invierno. Su temperatura de funcionamiento se sit\u00faa entre 2\u00b0 y 50\u00b0 Celsius, mientras que la temperatura de almacenamiento se sit\u00faa entre 2\u00b0 y 30\u00b0 Celsius.[\/vc_column_text][tm_spacer size=\u00bblg:50&#8243;][\/vc_column][\/vc_row]","protected":false},"author":95,"featured_media":0,"parent":7723,"menu_order":0,"comment_status":"closed","ping_status":"closed","template":"","meta":{"footnotes":""},"class_list":["post-15161","page","type-page","status-publish","hentry"],"yoast_head":"<!-- This site is optimized with the Yoast SEO plugin v25.6 - https:\/\/yoast.com\/wordpress\/plugins\/seo\/ -->\n<title>\u00bfCondiciones \u00e1rticas? - Securetec Detektions-Systeme AG<\/title>\n<meta name=\"robots\" content=\"index, follow, max-snippet:-1, max-image-preview:large, max-video-preview:-1\" \/>\n<link rel=\"canonical\" href=\"https:\/\/www.securetec.net\/es\/resumen-de-tests-de-drogas\/condiciones-articas\/\" \/>\n<meta property=\"og:locale\" content=\"es_ES\" \/>\n<meta property=\"og:type\" content=\"article\" \/>\n<meta property=\"og:title\" content=\"\u00bfCondiciones \u00e1rticas? - Securetec Detektions-Systeme AG\" \/>\n<meta property=\"og:url\" content=\"https:\/\/www.securetec.net\/es\/resumen-de-tests-de-drogas\/condiciones-articas\/\" \/>\n<meta property=\"og:site_name\" content=\"Securetec Detektions-Systeme AG\" \/>\n<meta property=\"article:modified_time\" content=\"2024-01-22T08:32:13+00:00\" \/>\n<meta name=\"twitter:card\" content=\"summary_large_image\" \/>\n<meta name=\"twitter:site\" content=\"@DrugWipeUK\" \/>\n<meta name=\"twitter:label1\" content=\"Est. reading time\" \/>\n\t<meta name=\"twitter:data1\" content=\"1 minuto\" \/>\n<script type=\"application\/ld+json\" class=\"yoast-schema-graph\">{\"@context\":\"https:\/\/schema.org\",\"@graph\":[{\"@type\":\"WebPage\",\"@id\":\"https:\/\/www.securetec.net\/es\/resumen-de-tests-de-drogas\/condiciones-articas\/\",\"url\":\"https:\/\/www.securetec.net\/es\/resumen-de-tests-de-drogas\/condiciones-articas\/\",\"name\":\"\u00bfCondiciones \u00e1rticas? - Securetec Detektions-Systeme AG\",\"isPartOf\":{\"@id\":\"https:\/\/www.securetec.net\/es\/#website\"},\"datePublished\":\"2024-01-18T08:48:53+00:00\",\"dateModified\":\"2024-01-22T08:32:13+00:00\",\"breadcrumb\":{\"@id\":\"https:\/\/www.securetec.net\/es\/resumen-de-tests-de-drogas\/condiciones-articas\/#breadcrumb\"},\"inLanguage\":\"es\",\"potentialAction\":[{\"@type\":\"ReadAction\",\"target\":[\"https:\/\/www.securetec.net\/es\/resumen-de-tests-de-drogas\/condiciones-articas\/\"]}]},{\"@type\":\"BreadcrumbList\",\"@id\":\"https:\/\/www.securetec.net\/es\/resumen-de-tests-de-drogas\/condiciones-articas\/#breadcrumb\",\"itemListElement\":[{\"@type\":\"ListItem\",\"position\":1,\"name\":\"Startseite\",\"item\":\"https:\/\/www.securetec.net\/es\/\"},{\"@type\":\"ListItem\",\"position\":2,\"name\":\"Resumen de tests de drogas\",\"item\":\"https:\/\/www.securetec.net\/es\/resumen-de-tests-de-drogas\/\"},{\"@type\":\"ListItem\",\"position\":3,\"name\":\"\u00bfCondiciones \u00e1rticas?\"}]},{\"@type\":\"WebSite\",\"@id\":\"https:\/\/www.securetec.net\/es\/#website\",\"url\":\"https:\/\/www.securetec.net\/es\/\",\"name\":\"Securetec Detektions-Systeme AG\",\"description\":\"We detect to protect\",\"publisher\":{\"@id\":\"https:\/\/www.securetec.net\/es\/#organization\"},\"potentialAction\":[{\"@type\":\"SearchAction\",\"target\":{\"@type\":\"EntryPoint\",\"urlTemplate\":\"https:\/\/www.securetec.net\/es\/?s={search_term_string}\"},\"query-input\":{\"@type\":\"PropertyValueSpecification\",\"valueRequired\":true,\"valueName\":\"search_term_string\"}}],\"inLanguage\":\"es\"},{\"@type\":\"Organization\",\"@id\":\"https:\/\/www.securetec.net\/es\/#organization\",\"name\":\"Securetec Detektions-Systeme AG\",\"url\":\"https:\/\/www.securetec.net\/es\/\",\"logo\":{\"@type\":\"ImageObject\",\"inLanguage\":\"es\",\"@id\":\"https:\/\/www.securetec.net\/es\/#\/schema\/logo\/image\/\",\"url\":\"https:\/\/www.securetec.net\/app\/uploads\/2018\/07\/Securetec_Logo_.png\",\"contentUrl\":\"https:\/\/www.securetec.net\/app\/uploads\/2018\/07\/Securetec_Logo_.png\",\"width\":411,\"height\":189,\"caption\":\"Securetec Detektions-Systeme AG\"},\"image\":{\"@id\":\"https:\/\/www.securetec.net\/es\/#\/schema\/logo\/image\/\"},\"sameAs\":[\"https:\/\/x.com\/DrugWipeUK\",\"https:\/\/www.linkedin.com\/company\/securetec\",\"https:\/\/www.youtube.com\/channel\/UCP9jQA-TYhtqanhaooppMqw\"]}]}<\/script>\n<!-- \/ Yoast SEO plugin. -->","yoast_head_json":{"title":"\u00bfCondiciones \u00e1rticas? - Securetec Detektions-Systeme AG","robots":{"index":"index","follow":"follow","max-snippet":"max-snippet:-1","max-image-preview":"max-image-preview:large","max-video-preview":"max-video-preview:-1"},"canonical":"https:\/\/www.securetec.net\/es\/resumen-de-tests-de-drogas\/condiciones-articas\/","og_locale":"es_ES","og_type":"article","og_title":"\u00bfCondiciones \u00e1rticas? - Securetec Detektions-Systeme AG","og_url":"https:\/\/www.securetec.net\/es\/resumen-de-tests-de-drogas\/condiciones-articas\/","og_site_name":"Securetec Detektions-Systeme AG","article_modified_time":"2024-01-22T08:32:13+00:00","twitter_card":"summary_large_image","twitter_site":"@DrugWipeUK","twitter_misc":{"Est. reading time":"1 minuto"},"schema":{"@context":"https:\/\/schema.org","@graph":[{"@type":"WebPage","@id":"https:\/\/www.securetec.net\/es\/resumen-de-tests-de-drogas\/condiciones-articas\/","url":"https:\/\/www.securetec.net\/es\/resumen-de-tests-de-drogas\/condiciones-articas\/","name":"\u00bfCondiciones \u00e1rticas? - Securetec Detektions-Systeme AG","isPartOf":{"@id":"https:\/\/www.securetec.net\/es\/#website"},"datePublished":"2024-01-18T08:48:53+00:00","dateModified":"2024-01-22T08:32:13+00:00","breadcrumb":{"@id":"https:\/\/www.securetec.net\/es\/resumen-de-tests-de-drogas\/condiciones-articas\/#breadcrumb"},"inLanguage":"es","potentialAction":[{"@type":"ReadAction","target":["https:\/\/www.securetec.net\/es\/resumen-de-tests-de-drogas\/condiciones-articas\/"]}]},{"@type":"BreadcrumbList","@id":"https:\/\/www.securetec.net\/es\/resumen-de-tests-de-drogas\/condiciones-articas\/#breadcrumb","itemListElement":[{"@type":"ListItem","position":1,"name":"Startseite","item":"https:\/\/www.securetec.net\/es\/"},{"@type":"ListItem","position":2,"name":"Resumen de tests de drogas","item":"https:\/\/www.securetec.net\/es\/resumen-de-tests-de-drogas\/"},{"@type":"ListItem","position":3,"name":"\u00bfCondiciones \u00e1rticas?"}]},{"@type":"WebSite","@id":"https:\/\/www.securetec.net\/es\/#website","url":"https:\/\/www.securetec.net\/es\/","name":"Securetec Detektions-Systeme AG","description":"We detect to protect","publisher":{"@id":"https:\/\/www.securetec.net\/es\/#organization"},"potentialAction":[{"@type":"SearchAction","target":{"@type":"EntryPoint","urlTemplate":"https:\/\/www.securetec.net\/es\/?s={search_term_string}"},"query-input":{"@type":"PropertyValueSpecification","valueRequired":true,"valueName":"search_term_string"}}],"inLanguage":"es"},{"@type":"Organization","@id":"https:\/\/www.securetec.net\/es\/#organization","name":"Securetec Detektions-Systeme AG","url":"https:\/\/www.securetec.net\/es\/","logo":{"@type":"ImageObject","inLanguage":"es","@id":"https:\/\/www.securetec.net\/es\/#\/schema\/logo\/image\/","url":"https:\/\/www.securetec.net\/app\/uploads\/2018\/07\/Securetec_Logo_.png","contentUrl":"https:\/\/www.securetec.net\/app\/uploads\/2018\/07\/Securetec_Logo_.png","width":411,"height":189,"caption":"Securetec Detektions-Systeme AG"},"image":{"@id":"https:\/\/www.securetec.net\/es\/#\/schema\/logo\/image\/"},"sameAs":["https:\/\/x.com\/DrugWipeUK","https:\/\/www.linkedin.com\/company\/securetec","https:\/\/www.youtube.com\/channel\/UCP9jQA-TYhtqanhaooppMqw"]}]}},"_links":{"self":[{"href":"https:\/\/www.securetec.net\/es\/wp-json\/wp\/v2\/pages\/15161","targetHints":{"allow":["GET"]}}],"collection":[{"href":"https:\/\/www.securetec.net\/es\/wp-json\/wp\/v2\/pages"}],"about":[{"href":"https:\/\/www.securetec.net\/es\/wp-json\/wp\/v2\/types\/page"}],"author":[{"embeddable":true,"href":"https:\/\/www.securetec.net\/es\/wp-json\/wp\/v2\/users\/95"}],"replies":[{"embeddable":true,"href":"https:\/\/www.securetec.net\/es\/wp-json\/wp\/v2\/comments?post=15161"}],"version-history":[{"count":1,"href":"https:\/\/www.securetec.net\/es\/wp-json\/wp\/v2\/pages\/15161\/revisions"}],"predecessor-version":[{"id":15166,"href":"https:\/\/www.securetec.net\/es\/wp-json\/wp\/v2\/pages\/15161\/revisions\/15166"}],"up":[{"embeddable":true,"href":"https:\/\/www.securetec.net\/es\/wp-json\/wp\/v2\/pages\/7723"}],"wp:attachment":[{"href":"https:\/\/www.securetec.net\/es\/wp-json\/wp\/v2\/media?parent=15161"}],"curies":[{"name":"wp","href":"https:\/\/api.w.org\/{rel}","templated":true}]}}