{"id":14932,"date":"2023-10-04T11:14:45","date_gmt":"2023-10-04T09:14:45","guid":{"rendered":"https:\/\/www.securetec.net\/?page_id=14932"},"modified":"2024-01-22T09:34:27","modified_gmt":"2024-01-22T08:34:27","slug":"temperaturas-deserticas","status":"publish","type":"page","link":"https:\/\/www.securetec.net\/es\/resumen-de-tests-de-drogas\/temperaturas-deserticas\/","title":{"rendered":"\u00bfTemperaturas des\u00e9rticas?"},"content":{"rendered":"<div class=\"wpb-content-wrapper\"><p>[vc_row][vc_column][vc_column_text]<\/p>\n<h1 style=\"text-align: center;\">DrugWipe\u00ae \u2013 v\u00e1lido tambi\u00e9n para altas temperaturas<\/h1>\n<p>[\/vc_column_text][tm_spacer size=\u00bblg:50&#8243;][\/vc_column][\/vc_row][vc_row][vc_column width=\u00bb1\/3&#8243;][tm_image align=\u00bbcenter\u00bb image=\u00bb14939&#8243;][tm_spacer size=\u00bblg:50&#8243;][\/vc_column][vc_column width=\u00bb2\/3&#8243;][vc_column_text]No son un problema para DrugWipe: el test r\u00e1pido de drogas proporciona resultados fiables incluso a\u00a0temperaturas ambiente de 50\u00b0\u00a0Celsius. Por lo tanto, los test de drogas se pueden realizar sin restricciones incluso en pleno verano.[\/vc_column_text][tm_spacer size=\u00bblg:50&#8243;][vc_column_text]<\/p>\n<h2>Alta fiabilidad<\/h2>\n<p>El test DrugWipe puede utilizarse sin problemas dentro del rango de temperaturas situado entre 2\u00b0 y 50\u00b0\u00a0Celsius. De acuerdo con nuestros altos est\u00e1ndares de calidad, los test de saliva tambi\u00e9n pueden soportar condiciones ambientales adversas, incluidas temperaturas de aplicaci\u00f3n extremas. La temperatura de almacenamiento se sit\u00faa entre 2\u00b0\u00a0y 30\u00b0\u00a0Celsius.[\/vc_column_text][tm_spacer size=\u00bblg:50&#8243;][\/vc_column][\/vc_row]<\/p>\n<\/div>","protected":false},"excerpt":{"rendered":"[vc_row][vc_column][vc_column_text] DrugWipe\u00ae \u2013 v\u00e1lido tambi\u00e9n para altas temperaturas [\/vc_column_text][tm_spacer size=\u00bblg:50&#8243;][\/vc_column][\/vc_row][vc_row][vc_column width=\u00bb1\/3&#8243;][tm_image align=\u00bbcenter\u00bb image=\u00bb14939&#8243;][tm_spacer size=\u00bblg:50&#8243;][\/vc_column][vc_column width=\u00bb2\/3&#8243;][vc_column_text]No son un problema para DrugWipe: el test r\u00e1pido de drogas proporciona resultados fiables incluso a\u00a0temperaturas ambiente de 50\u00b0\u00a0Celsius. Por lo tanto, los test de drogas se pueden realizar sin restricciones incluso en pleno verano.[\/vc_column_text][tm_spacer size=\u00bblg:50&#8243;][vc_column_text] Alta fiabilidad El test DrugWipe puede utilizarse sin problemas dentro del rango de temperaturas situado entre 2\u00b0 y 50\u00b0\u00a0Celsius. De acuerdo con nuestros altos est\u00e1ndares de calidad, los test de saliva tambi\u00e9n pueden soportar condiciones ambientales adversas, incluidas temperaturas de aplicaci\u00f3n extremas. La temperatura de almacenamiento se sit\u00faa entre 2\u00b0\u00a0y 30\u00b0\u00a0Celsius.[\/vc_column_text][tm_spacer size=\u00bblg:50&#8243;][\/vc_column][\/vc_row]","protected":false},"author":95,"featured_media":0,"parent":7723,"menu_order":0,"comment_status":"closed","ping_status":"closed","template":"","meta":{"footnotes":""},"class_list":["post-14932","page","type-page","status-publish","hentry"],"yoast_head":"<!-- This site is optimized with the Yoast SEO plugin v25.6 - https:\/\/yoast.com\/wordpress\/plugins\/seo\/ -->\n<title>\u00bfTemperaturas des\u00e9rticas? - Securetec Detektions-Systeme AG<\/title>\n<meta name=\"robots\" content=\"index, follow, max-snippet:-1, max-image-preview:large, max-video-preview:-1\" \/>\n<link rel=\"canonical\" href=\"https:\/\/www.securetec.net\/es\/resumen-de-tests-de-drogas\/temperaturas-deserticas\/\" \/>\n<meta property=\"og:locale\" content=\"es_ES\" \/>\n<meta property=\"og:type\" content=\"article\" \/>\n<meta property=\"og:title\" content=\"\u00bfTemperaturas des\u00e9rticas? - Securetec Detektions-Systeme AG\" \/>\n<meta property=\"og:url\" content=\"https:\/\/www.securetec.net\/es\/resumen-de-tests-de-drogas\/temperaturas-deserticas\/\" \/>\n<meta property=\"og:site_name\" content=\"Securetec Detektions-Systeme AG\" \/>\n<meta property=\"article:modified_time\" content=\"2024-01-22T08:34:27+00:00\" \/>\n<meta name=\"twitter:card\" content=\"summary_large_image\" \/>\n<meta name=\"twitter:site\" content=\"@DrugWipeUK\" \/>\n<meta name=\"twitter:label1\" content=\"Est. reading time\" \/>\n\t<meta name=\"twitter:data1\" content=\"1 minuto\" \/>\n<script type=\"application\/ld+json\" class=\"yoast-schema-graph\">{\"@context\":\"https:\/\/schema.org\",\"@graph\":[{\"@type\":\"WebPage\",\"@id\":\"https:\/\/www.securetec.net\/es\/resumen-de-tests-de-drogas\/temperaturas-deserticas\/\",\"url\":\"https:\/\/www.securetec.net\/es\/resumen-de-tests-de-drogas\/temperaturas-deserticas\/\",\"name\":\"\u00bfTemperaturas des\u00e9rticas? - Securetec Detektions-Systeme AG\",\"isPartOf\":{\"@id\":\"https:\/\/www.securetec.net\/es\/#website\"},\"datePublished\":\"2023-10-04T09:14:45+00:00\",\"dateModified\":\"2024-01-22T08:34:27+00:00\",\"breadcrumb\":{\"@id\":\"https:\/\/www.securetec.net\/es\/resumen-de-tests-de-drogas\/temperaturas-deserticas\/#breadcrumb\"},\"inLanguage\":\"es\",\"potentialAction\":[{\"@type\":\"ReadAction\",\"target\":[\"https:\/\/www.securetec.net\/es\/resumen-de-tests-de-drogas\/temperaturas-deserticas\/\"]}]},{\"@type\":\"BreadcrumbList\",\"@id\":\"https:\/\/www.securetec.net\/es\/resumen-de-tests-de-drogas\/temperaturas-deserticas\/#breadcrumb\",\"itemListElement\":[{\"@type\":\"ListItem\",\"position\":1,\"name\":\"Startseite\",\"item\":\"https:\/\/www.securetec.net\/es\/\"},{\"@type\":\"ListItem\",\"position\":2,\"name\":\"Resumen de tests de drogas\",\"item\":\"https:\/\/www.securetec.net\/es\/resumen-de-tests-de-drogas\/\"},{\"@type\":\"ListItem\",\"position\":3,\"name\":\"\u00bfTemperaturas des\u00e9rticas?\"}]},{\"@type\":\"WebSite\",\"@id\":\"https:\/\/www.securetec.net\/es\/#website\",\"url\":\"https:\/\/www.securetec.net\/es\/\",\"name\":\"Securetec Detektions-Systeme AG\",\"description\":\"We detect to protect\",\"publisher\":{\"@id\":\"https:\/\/www.securetec.net\/es\/#organization\"},\"potentialAction\":[{\"@type\":\"SearchAction\",\"target\":{\"@type\":\"EntryPoint\",\"urlTemplate\":\"https:\/\/www.securetec.net\/es\/?s={search_term_string}\"},\"query-input\":{\"@type\":\"PropertyValueSpecification\",\"valueRequired\":true,\"valueName\":\"search_term_string\"}}],\"inLanguage\":\"es\"},{\"@type\":\"Organization\",\"@id\":\"https:\/\/www.securetec.net\/es\/#organization\",\"name\":\"Securetec Detektions-Systeme AG\",\"url\":\"https:\/\/www.securetec.net\/es\/\",\"logo\":{\"@type\":\"ImageObject\",\"inLanguage\":\"es\",\"@id\":\"https:\/\/www.securetec.net\/es\/#\/schema\/logo\/image\/\",\"url\":\"https:\/\/www.securetec.net\/app\/uploads\/2018\/07\/Securetec_Logo_.png\",\"contentUrl\":\"https:\/\/www.securetec.net\/app\/uploads\/2018\/07\/Securetec_Logo_.png\",\"width\":411,\"height\":189,\"caption\":\"Securetec Detektions-Systeme AG\"},\"image\":{\"@id\":\"https:\/\/www.securetec.net\/es\/#\/schema\/logo\/image\/\"},\"sameAs\":[\"https:\/\/x.com\/DrugWipeUK\",\"https:\/\/www.linkedin.com\/company\/securetec\",\"https:\/\/www.youtube.com\/channel\/UCP9jQA-TYhtqanhaooppMqw\"]}]}<\/script>\n<!-- \/ Yoast SEO plugin. -->","yoast_head_json":{"title":"\u00bfTemperaturas des\u00e9rticas? - Securetec Detektions-Systeme AG","robots":{"index":"index","follow":"follow","max-snippet":"max-snippet:-1","max-image-preview":"max-image-preview:large","max-video-preview":"max-video-preview:-1"},"canonical":"https:\/\/www.securetec.net\/es\/resumen-de-tests-de-drogas\/temperaturas-deserticas\/","og_locale":"es_ES","og_type":"article","og_title":"\u00bfTemperaturas des\u00e9rticas? - Securetec Detektions-Systeme AG","og_url":"https:\/\/www.securetec.net\/es\/resumen-de-tests-de-drogas\/temperaturas-deserticas\/","og_site_name":"Securetec Detektions-Systeme AG","article_modified_time":"2024-01-22T08:34:27+00:00","twitter_card":"summary_large_image","twitter_site":"@DrugWipeUK","twitter_misc":{"Est. reading time":"1 minuto"},"schema":{"@context":"https:\/\/schema.org","@graph":[{"@type":"WebPage","@id":"https:\/\/www.securetec.net\/es\/resumen-de-tests-de-drogas\/temperaturas-deserticas\/","url":"https:\/\/www.securetec.net\/es\/resumen-de-tests-de-drogas\/temperaturas-deserticas\/","name":"\u00bfTemperaturas des\u00e9rticas? - Securetec Detektions-Systeme AG","isPartOf":{"@id":"https:\/\/www.securetec.net\/es\/#website"},"datePublished":"2023-10-04T09:14:45+00:00","dateModified":"2024-01-22T08:34:27+00:00","breadcrumb":{"@id":"https:\/\/www.securetec.net\/es\/resumen-de-tests-de-drogas\/temperaturas-deserticas\/#breadcrumb"},"inLanguage":"es","potentialAction":[{"@type":"ReadAction","target":["https:\/\/www.securetec.net\/es\/resumen-de-tests-de-drogas\/temperaturas-deserticas\/"]}]},{"@type":"BreadcrumbList","@id":"https:\/\/www.securetec.net\/es\/resumen-de-tests-de-drogas\/temperaturas-deserticas\/#breadcrumb","itemListElement":[{"@type":"ListItem","position":1,"name":"Startseite","item":"https:\/\/www.securetec.net\/es\/"},{"@type":"ListItem","position":2,"name":"Resumen de tests de drogas","item":"https:\/\/www.securetec.net\/es\/resumen-de-tests-de-drogas\/"},{"@type":"ListItem","position":3,"name":"\u00bfTemperaturas des\u00e9rticas?"}]},{"@type":"WebSite","@id":"https:\/\/www.securetec.net\/es\/#website","url":"https:\/\/www.securetec.net\/es\/","name":"Securetec Detektions-Systeme AG","description":"We detect to protect","publisher":{"@id":"https:\/\/www.securetec.net\/es\/#organization"},"potentialAction":[{"@type":"SearchAction","target":{"@type":"EntryPoint","urlTemplate":"https:\/\/www.securetec.net\/es\/?s={search_term_string}"},"query-input":{"@type":"PropertyValueSpecification","valueRequired":true,"valueName":"search_term_string"}}],"inLanguage":"es"},{"@type":"Organization","@id":"https:\/\/www.securetec.net\/es\/#organization","name":"Securetec Detektions-Systeme AG","url":"https:\/\/www.securetec.net\/es\/","logo":{"@type":"ImageObject","inLanguage":"es","@id":"https:\/\/www.securetec.net\/es\/#\/schema\/logo\/image\/","url":"https:\/\/www.securetec.net\/app\/uploads\/2018\/07\/Securetec_Logo_.png","contentUrl":"https:\/\/www.securetec.net\/app\/uploads\/2018\/07\/Securetec_Logo_.png","width":411,"height":189,"caption":"Securetec Detektions-Systeme AG"},"image":{"@id":"https:\/\/www.securetec.net\/es\/#\/schema\/logo\/image\/"},"sameAs":["https:\/\/x.com\/DrugWipeUK","https:\/\/www.linkedin.com\/company\/securetec","https:\/\/www.youtube.com\/channel\/UCP9jQA-TYhtqanhaooppMqw"]}]}},"_links":{"self":[{"href":"https:\/\/www.securetec.net\/es\/wp-json\/wp\/v2\/pages\/14932","targetHints":{"allow":["GET"]}}],"collection":[{"href":"https:\/\/www.securetec.net\/es\/wp-json\/wp\/v2\/pages"}],"about":[{"href":"https:\/\/www.securetec.net\/es\/wp-json\/wp\/v2\/types\/page"}],"author":[{"embeddable":true,"href":"https:\/\/www.securetec.net\/es\/wp-json\/wp\/v2\/users\/95"}],"replies":[{"embeddable":true,"href":"https:\/\/www.securetec.net\/es\/wp-json\/wp\/v2\/comments?post=14932"}],"version-history":[{"count":2,"href":"https:\/\/www.securetec.net\/es\/wp-json\/wp\/v2\/pages\/14932\/revisions"}],"predecessor-version":[{"id":14943,"href":"https:\/\/www.securetec.net\/es\/wp-json\/wp\/v2\/pages\/14932\/revisions\/14943"}],"up":[{"embeddable":true,"href":"https:\/\/www.securetec.net\/es\/wp-json\/wp\/v2\/pages\/7723"}],"wp:attachment":[{"href":"https:\/\/www.securetec.net\/es\/wp-json\/wp\/v2\/media?parent=14932"}],"curies":[{"name":"wp","href":"https:\/\/api.w.org\/{rel}","templated":true}]}}