{"id":14728,"date":"2023-06-23T15:38:14","date_gmt":"2023-06-23T13:38:14","guid":{"rendered":"https:\/\/www.securetec.net\/?page_id=14728"},"modified":"2024-01-22T09:36:43","modified_gmt":"2024-01-22T08:36:43","slug":"movilidad","status":"publish","type":"page","link":"https:\/\/www.securetec.net\/es\/resumen-de-tests-de-drogas\/movilidad\/","title":{"rendered":"Movilidad y autonom\u00eda"},"content":{"rendered":"<div class=\"wpb-content-wrapper\"><p>[vc_row][vc_column][vc_column_text]<\/p>\n<h1 style=\"text-align: center;\">DrugWipe\u00ae &#8211; Fiabilidad y movilidad sin restricciones<\/h1>\n<p>[\/vc_column_text][tm_spacer size=\u00bblg:50&#8243;][\/vc_column][\/vc_row][vc_row][vc_column width=\u00bb1\/3&#8243;][tm_image align=\u00bbcenter\u00bb image=\u00bb14740&#8243;][tm_spacer size=\u00bblg:50&#8243;][\/vc_column][vc_column width=\u00bb1\/3&#8243;][vc_column_text]La movilidad y la fiabilidad se cuentan entre las caracter\u00edsticas m\u00e1s importantes de los tests r\u00e1pidos de drogas DrugWipe. Sin necesidad de suministro el\u00e9ctrico, el test detecta el consumo de las drogas habituales en cualquier momento y\u00a0a cualquier hora.[\/vc_column_text][tm_spacer size=\u00bblg:50&#8243;][\/vc_column][vc_column width=\u00bb1\/3&#8243;][tm_image align=\u00bbcenter\u00bb image=\u00bb14674&#8243;][tm_spacer size=\u00bblg:50&#8243;][\/vc_column][\/vc_row][vc_row][vc_column][vc_column_text]<\/p>\n<h2>Manejo sencillo<\/h2>\n<p>Para la evaluaci\u00f3n segura del test, no es necesario disponer de un dispositivo electr\u00f3nico. En el mismo casete del test, aparece una clara indicaci\u00f3n de si se han consumido drogas. El test DrugWipe \u2013que funciona sin bater\u00eda ni suministro el\u00e9ctrico\u2013 es uno de los pocos test r\u00e1pidos de drogas que puede utilizarse, de manera fiable, sin necesidad de material auxiliar.[\/vc_column_text][tm_spacer size=\u00bblg:50&#8243;][\/vc_column][\/vc_row]<\/p>\n<\/div>","protected":false},"excerpt":{"rendered":"[vc_row][vc_column][vc_column_text] DrugWipe\u00ae &#8211; Fiabilidad y movilidad sin restricciones [\/vc_column_text][tm_spacer size=\u00bblg:50&#8243;][\/vc_column][\/vc_row][vc_row][vc_column width=\u00bb1\/3&#8243;][tm_image align=\u00bbcenter\u00bb image=\u00bb14740&#8243;][tm_spacer size=\u00bblg:50&#8243;][\/vc_column][vc_column width=\u00bb1\/3&#8243;][vc_column_text]La movilidad y la fiabilidad se cuentan entre las caracter\u00edsticas m\u00e1s importantes de los tests r\u00e1pidos de drogas DrugWipe. Sin necesidad de suministro el\u00e9ctrico, el test detecta el consumo de las drogas habituales en cualquier momento y\u00a0a cualquier hora.[\/vc_column_text][tm_spacer size=\u00bblg:50&#8243;][\/vc_column][vc_column width=\u00bb1\/3&#8243;][tm_image align=\u00bbcenter\u00bb image=\u00bb14674&#8243;][tm_spacer size=\u00bblg:50&#8243;][\/vc_column][\/vc_row][vc_row][vc_column][vc_column_text] Manejo sencillo Para la evaluaci\u00f3n segura del test, no es necesario disponer de un dispositivo electr\u00f3nico. En el mismo casete del test, aparece una clara indicaci\u00f3n de si se han consumido drogas. El test DrugWipe \u2013que funciona sin bater\u00eda ni suministro el\u00e9ctrico\u2013 es uno de los pocos test r\u00e1pidos de drogas que puede utilizarse, de manera fiable, sin necesidad de material auxiliar.[\/vc_column_text][tm_spacer size=\u00bblg:50&#8243;][\/vc_column][\/vc_row]","protected":false},"author":95,"featured_media":0,"parent":7723,"menu_order":0,"comment_status":"closed","ping_status":"closed","template":"","meta":{"footnotes":""},"class_list":["post-14728","page","type-page","status-publish","hentry"],"yoast_head":"<!-- This site is optimized with the Yoast SEO plugin v25.6 - https:\/\/yoast.com\/wordpress\/plugins\/seo\/ -->\n<title>Movilidad y autonom\u00eda - Securetec Detektions-Systeme AG<\/title>\n<meta name=\"robots\" content=\"index, follow, max-snippet:-1, max-image-preview:large, max-video-preview:-1\" \/>\n<link rel=\"canonical\" href=\"https:\/\/www.securetec.net\/es\/resumen-de-tests-de-drogas\/movilidad\/\" \/>\n<meta property=\"og:locale\" content=\"es_ES\" \/>\n<meta property=\"og:type\" content=\"article\" \/>\n<meta property=\"og:title\" content=\"Movilidad y autonom\u00eda - Securetec Detektions-Systeme AG\" \/>\n<meta property=\"og:url\" content=\"https:\/\/www.securetec.net\/es\/resumen-de-tests-de-drogas\/movilidad\/\" \/>\n<meta property=\"og:site_name\" content=\"Securetec Detektions-Systeme AG\" \/>\n<meta property=\"article:modified_time\" content=\"2024-01-22T08:36:43+00:00\" \/>\n<meta name=\"twitter:card\" content=\"summary_large_image\" \/>\n<meta name=\"twitter:site\" content=\"@DrugWipeUK\" \/>\n<meta name=\"twitter:label1\" content=\"Est. reading time\" \/>\n\t<meta name=\"twitter:data1\" content=\"1 minuto\" \/>\n<script type=\"application\/ld+json\" class=\"yoast-schema-graph\">{\"@context\":\"https:\/\/schema.org\",\"@graph\":[{\"@type\":\"WebPage\",\"@id\":\"https:\/\/www.securetec.net\/es\/resumen-de-tests-de-drogas\/movilidad\/\",\"url\":\"https:\/\/www.securetec.net\/es\/resumen-de-tests-de-drogas\/movilidad\/\",\"name\":\"Movilidad y autonom\u00eda - Securetec Detektions-Systeme AG\",\"isPartOf\":{\"@id\":\"https:\/\/www.securetec.net\/es\/#website\"},\"datePublished\":\"2023-06-23T13:38:14+00:00\",\"dateModified\":\"2024-01-22T08:36:43+00:00\",\"breadcrumb\":{\"@id\":\"https:\/\/www.securetec.net\/es\/resumen-de-tests-de-drogas\/movilidad\/#breadcrumb\"},\"inLanguage\":\"es\",\"potentialAction\":[{\"@type\":\"ReadAction\",\"target\":[\"https:\/\/www.securetec.net\/es\/resumen-de-tests-de-drogas\/movilidad\/\"]}]},{\"@type\":\"BreadcrumbList\",\"@id\":\"https:\/\/www.securetec.net\/es\/resumen-de-tests-de-drogas\/movilidad\/#breadcrumb\",\"itemListElement\":[{\"@type\":\"ListItem\",\"position\":1,\"name\":\"Startseite\",\"item\":\"https:\/\/www.securetec.net\/es\/\"},{\"@type\":\"ListItem\",\"position\":2,\"name\":\"Resumen de tests de drogas\",\"item\":\"https:\/\/www.securetec.net\/es\/resumen-de-tests-de-drogas\/\"},{\"@type\":\"ListItem\",\"position\":3,\"name\":\"Movilidad y autonom\u00eda\"}]},{\"@type\":\"WebSite\",\"@id\":\"https:\/\/www.securetec.net\/es\/#website\",\"url\":\"https:\/\/www.securetec.net\/es\/\",\"name\":\"Securetec Detektions-Systeme AG\",\"description\":\"We detect to protect\",\"publisher\":{\"@id\":\"https:\/\/www.securetec.net\/es\/#organization\"},\"potentialAction\":[{\"@type\":\"SearchAction\",\"target\":{\"@type\":\"EntryPoint\",\"urlTemplate\":\"https:\/\/www.securetec.net\/es\/?s={search_term_string}\"},\"query-input\":{\"@type\":\"PropertyValueSpecification\",\"valueRequired\":true,\"valueName\":\"search_term_string\"}}],\"inLanguage\":\"es\"},{\"@type\":\"Organization\",\"@id\":\"https:\/\/www.securetec.net\/es\/#organization\",\"name\":\"Securetec Detektions-Systeme AG\",\"url\":\"https:\/\/www.securetec.net\/es\/\",\"logo\":{\"@type\":\"ImageObject\",\"inLanguage\":\"es\",\"@id\":\"https:\/\/www.securetec.net\/es\/#\/schema\/logo\/image\/\",\"url\":\"https:\/\/www.securetec.net\/app\/uploads\/2018\/07\/Securetec_Logo_.png\",\"contentUrl\":\"https:\/\/www.securetec.net\/app\/uploads\/2018\/07\/Securetec_Logo_.png\",\"width\":411,\"height\":189,\"caption\":\"Securetec Detektions-Systeme AG\"},\"image\":{\"@id\":\"https:\/\/www.securetec.net\/es\/#\/schema\/logo\/image\/\"},\"sameAs\":[\"https:\/\/x.com\/DrugWipeUK\",\"https:\/\/www.linkedin.com\/company\/securetec\",\"https:\/\/www.youtube.com\/channel\/UCP9jQA-TYhtqanhaooppMqw\"]}]}<\/script>\n<!-- \/ Yoast SEO plugin. -->","yoast_head_json":{"title":"Movilidad y autonom\u00eda - Securetec Detektions-Systeme AG","robots":{"index":"index","follow":"follow","max-snippet":"max-snippet:-1","max-image-preview":"max-image-preview:large","max-video-preview":"max-video-preview:-1"},"canonical":"https:\/\/www.securetec.net\/es\/resumen-de-tests-de-drogas\/movilidad\/","og_locale":"es_ES","og_type":"article","og_title":"Movilidad y autonom\u00eda - Securetec Detektions-Systeme AG","og_url":"https:\/\/www.securetec.net\/es\/resumen-de-tests-de-drogas\/movilidad\/","og_site_name":"Securetec Detektions-Systeme AG","article_modified_time":"2024-01-22T08:36:43+00:00","twitter_card":"summary_large_image","twitter_site":"@DrugWipeUK","twitter_misc":{"Est. reading time":"1 minuto"},"schema":{"@context":"https:\/\/schema.org","@graph":[{"@type":"WebPage","@id":"https:\/\/www.securetec.net\/es\/resumen-de-tests-de-drogas\/movilidad\/","url":"https:\/\/www.securetec.net\/es\/resumen-de-tests-de-drogas\/movilidad\/","name":"Movilidad y autonom\u00eda - Securetec Detektions-Systeme AG","isPartOf":{"@id":"https:\/\/www.securetec.net\/es\/#website"},"datePublished":"2023-06-23T13:38:14+00:00","dateModified":"2024-01-22T08:36:43+00:00","breadcrumb":{"@id":"https:\/\/www.securetec.net\/es\/resumen-de-tests-de-drogas\/movilidad\/#breadcrumb"},"inLanguage":"es","potentialAction":[{"@type":"ReadAction","target":["https:\/\/www.securetec.net\/es\/resumen-de-tests-de-drogas\/movilidad\/"]}]},{"@type":"BreadcrumbList","@id":"https:\/\/www.securetec.net\/es\/resumen-de-tests-de-drogas\/movilidad\/#breadcrumb","itemListElement":[{"@type":"ListItem","position":1,"name":"Startseite","item":"https:\/\/www.securetec.net\/es\/"},{"@type":"ListItem","position":2,"name":"Resumen de tests de drogas","item":"https:\/\/www.securetec.net\/es\/resumen-de-tests-de-drogas\/"},{"@type":"ListItem","position":3,"name":"Movilidad y autonom\u00eda"}]},{"@type":"WebSite","@id":"https:\/\/www.securetec.net\/es\/#website","url":"https:\/\/www.securetec.net\/es\/","name":"Securetec Detektions-Systeme AG","description":"We detect to protect","publisher":{"@id":"https:\/\/www.securetec.net\/es\/#organization"},"potentialAction":[{"@type":"SearchAction","target":{"@type":"EntryPoint","urlTemplate":"https:\/\/www.securetec.net\/es\/?s={search_term_string}"},"query-input":{"@type":"PropertyValueSpecification","valueRequired":true,"valueName":"search_term_string"}}],"inLanguage":"es"},{"@type":"Organization","@id":"https:\/\/www.securetec.net\/es\/#organization","name":"Securetec Detektions-Systeme AG","url":"https:\/\/www.securetec.net\/es\/","logo":{"@type":"ImageObject","inLanguage":"es","@id":"https:\/\/www.securetec.net\/es\/#\/schema\/logo\/image\/","url":"https:\/\/www.securetec.net\/app\/uploads\/2018\/07\/Securetec_Logo_.png","contentUrl":"https:\/\/www.securetec.net\/app\/uploads\/2018\/07\/Securetec_Logo_.png","width":411,"height":189,"caption":"Securetec Detektions-Systeme AG"},"image":{"@id":"https:\/\/www.securetec.net\/es\/#\/schema\/logo\/image\/"},"sameAs":["https:\/\/x.com\/DrugWipeUK","https:\/\/www.linkedin.com\/company\/securetec","https:\/\/www.youtube.com\/channel\/UCP9jQA-TYhtqanhaooppMqw"]}]}},"_links":{"self":[{"href":"https:\/\/www.securetec.net\/es\/wp-json\/wp\/v2\/pages\/14728","targetHints":{"allow":["GET"]}}],"collection":[{"href":"https:\/\/www.securetec.net\/es\/wp-json\/wp\/v2\/pages"}],"about":[{"href":"https:\/\/www.securetec.net\/es\/wp-json\/wp\/v2\/types\/page"}],"author":[{"embeddable":true,"href":"https:\/\/www.securetec.net\/es\/wp-json\/wp\/v2\/users\/95"}],"replies":[{"embeddable":true,"href":"https:\/\/www.securetec.net\/es\/wp-json\/wp\/v2\/comments?post=14728"}],"version-history":[{"count":2,"href":"https:\/\/www.securetec.net\/es\/wp-json\/wp\/v2\/pages\/14728\/revisions"}],"predecessor-version":[{"id":14744,"href":"https:\/\/www.securetec.net\/es\/wp-json\/wp\/v2\/pages\/14728\/revisions\/14744"}],"up":[{"embeddable":true,"href":"https:\/\/www.securetec.net\/es\/wp-json\/wp\/v2\/pages\/7723"}],"wp:attachment":[{"href":"https:\/\/www.securetec.net\/es\/wp-json\/wp\/v2\/media?parent=14728"}],"curies":[{"name":"wp","href":"https:\/\/api.w.org\/{rel}","templated":true}]}}