{"id":7448,"date":"2018-07-19T17:49:54","date_gmt":"2018-07-19T15:49:54","guid":{"rendered":"https:\/\/www.securetec.net\/?page_id=7448"},"modified":"2021-05-12T09:54:03","modified_gmt":"2021-05-12T07:54:03","slug":"drug-squad-and-forensic-solutions","status":"publish","type":"page","link":"https:\/\/www.securetec.net\/en\/solutions\/fahndung-grenzkontrollen\/drug-squad-and-forensic-solutions\/","title":{"rendered":"Drug Squad and forensic solutions"},"content":{"rendered":"<div class=\"wpb-content-wrapper\"><p>[vc_row lg_spacing=&#8221;margin_bottom:20&#8243;][vc_column][vc_column_text]<\/p>\n<h2>Patrols and suspicious situations<\/h2>\n<p>[\/vc_column_text][\/vc_column][\/vc_row][vc_row][vc_column][vc_tta_tabs style=&#8221;atomlab-03&#8243; shape=&#8221;square&#8221; active_section=&#8221;1&#8243;][vc_tta_section title=&#8221;Drug screening for prisoners and parolees&#8221; tab_id=&#8221;1536151185918-c16ef444-8ce115374072737971537407987215&#8243;][vc_row_inner][vc_column_inner width=&#8221;3\/5&#8243;][vc_column_text]Another area of application is the drug screening of prisoners and those on probation.<\/p>\n<p>Here, too, the DrugWipe<sup>\u00ae\u00a0<\/sup>A wipe test is an important tool for detecting the possession, trafficking and consumption of illegal substances and for supporting rehabilitation. Officials can use the device quickly, easily and reliably to investigate suspicious cases. Sweat and saliva tests are not humiliating interventions like urine tests, and they are significantly more hygienic for both parties to\u00a0use.<\/p>\n<p>There is a DrugWipe<sup>\u00ae\u00a0<\/sup>A wipe test for each of the globally dominant classes of drugs. These tests offer several distinct advantages to officers seeking to detect traces or gather evidence.[\/vc_column_text][tm_spacer size=&#8221;lg:30&#8243;][vc_message]<strong>Drug screening for prisoners and parolees \u2013 benefits of the DrugWipe\u00ae <a href=\"https:\/\/www.securetec.net\/en\/products\/drug-screening-test\/\">wipe\u00a0test <\/a><\/strong><\/p>\n<ul>\n<li>Test results after just 3-8 minutes<\/li>\n<li>Reliable detection of up to 5 substances in a single test<\/li>\n<li>Samples are taken simply and hygienically<\/li>\n<li>Reliable detection based on highly specific antibodies<\/li>\n<li>Targeted process enables clear and unique assignment of any drugs detected to a specific person<\/li>\n<\/ul>\n<p>[\/vc_message][\/vc_column_inner][vc_column_inner width=&#8221;2\/5&#8243; content_alignment=&#8221;right&#8221;][tm_image align=&#8221;right&#8221; image=&#8221;4694&#8243;][\/vc_column_inner][\/vc_row_inner][\/vc_tta_section][vc_tta_section title=&#8221;Random checks and intra-Schengen borders&#8221; tab_id=&#8221;1536151185476-85492477-ba2a15374072737971537407987215&#8243;][vc_row_inner][vc_column_inner width=&#8221;3\/5&#8243;][vc_column_text]In everyday random checks, the wipe test helps confirm initial suspicions hygienically, quickly and cost-effectively. The <a href=\"https:\/\/www.securetec.net\/en\/products\/drug-screening-test\/\">DrugWipe<sup>\u00ae<\/sup>\u00a0A wipe test<\/a> detects residues of drugs that are invisible to the human eye. Traces of drugs on mobile phones, steering wheels, bags or other surfaces can be detected accurately within just 8\u00a0minutes. The trouser pocket test with its compact design can easily be transported by officers in the police car.[\/vc_column_text][\/vc_column_inner][vc_column_inner width=&#8221;2\/5&#8243; content_alignment=&#8221;right&#8221;][tm_image align=&#8221;right&#8221; image=&#8221;4714&#8243;][\/vc_column_inner][\/vc_row_inner][\/vc_tta_section][vc_tta_section title=&#8221;Accident and emergency situations&#8221; tab_id=&#8221;1536151185617-65e1a5bf-38c915374072737971537407987215&#8243;][vc_row_inner][vc_column_inner width=&#8221;3\/5&#8243;][vc_column_text]The number of traffic accidents caused by drug driving is on the rise. The <a href=\"https:\/\/www.securetec.net\/en\/products\/drug-screening-test\/\">DrugWipe<sup>\u00ae<\/sup>\u00a0A wipe test<\/a> supports the forensic investigation of the causes of accidents.<br \/>\nIf a vehicle tests positive in a contamination test, additional testing of the person who caused the accident can be initiated.[\/vc_column_text][\/vc_column_inner][vc_column_inner width=&#8221;2\/5&#8243; content_alignment=&#8221;right&#8221;][tm_image align=&#8221;right&#8221; image=&#8221;4718&#8243;][\/vc_column_inner][\/vc_row_inner][\/vc_tta_section][vc_tta_section title=&#8221;Detecting traces of drugs as an indication of illegal trafficking&#8221; tab_id=&#8221;1536151185770-a18ce226-d46e15374072737971537407987215&#8243;][vc_row_inner][vc_column_inner width=&#8221;3\/5&#8243;][vc_column_text]The range of drugs being consumed is constantly changing and new psychoactive substances are coming onto the market. These are manufactured and put into circulation by illegal drug labs in Europe. In\u00a02018, 23\u00a0MDMA laboratories were discovered in countries including Spain, Sweden and the Netherlands, as well as heroin laboratories in Eastern Europe, Spain and the Netherlands.<sup>1<\/sup> In addition, the seizure of more than 3\u00a0million cannabis plants in the EU in 2018 indicates that the drug is also being produced within this market.<sup>1<\/sup><\/p>\n<p>If illegal trafficking is suspected, forensic investigators can use the <a href=\"https:\/\/www.securetec.net\/en\/products\/drug-surface-test\/\">DrugWipe<sup>\u00ae<\/sup>\u00a0F surface drug test<\/a> with ease on any surface to detect drugs and confirm suspicions.<\/p>\n<p><em><span style=\"font-size: 8pt;\">Source:<\/span><\/em><br \/>\n<em><span style=\"font-size: 8pt;\">1 European Drug Report 2019\/2020:\u00a0 https:\/\/www.emcdda.europa.eu\/system\/files\/attachments\/13242\/HighlightsEDR2020_EN_Final_web.pdf<\/span><\/em>[\/vc_column_text][\/vc_column_inner][vc_column_inner width=&#8221;2\/5&#8243; content_alignment=&#8221;right&#8221;][tm_image align=&#8221;right&#8221; image=&#8221;4706&#8243;][\/vc_column_inner][\/vc_row_inner][\/vc_tta_section][\/vc_tta_tabs][\/vc_column][\/vc_row][vc_row][vc_column][tm_spacer size=&#8221;lg:30&#8243;][vc_column_text]<a href=\"https:\/\/www.securetec.net\/en\/drug-test\/\">&gt;&gt; to DrugWipe<sup>\u00ae<\/sup>\u00a0drug\u00a0tests<\/a><\/p>\n<p><a href=\"https:\/\/www.securetec.net\/en\/products\/saliva-drug-test-drugwipe\/\">&gt;&gt; to DrugWipe<sup>\u00ae<\/sup>\u00a0saliva tests<\/a>[\/vc_column_text][\/vc_column][\/vc_row]<\/p>\n<\/div>","protected":false},"excerpt":{"rendered":"[vc_row lg_spacing=&#8221;margin_bottom:20&#8243;][vc_column][vc_column_text] Patrols and suspicious situations [\/vc_column_text][\/vc_column][\/vc_row][vc_row][vc_column][vc_tta_tabs style=&#8221;atomlab-03&#8243; shape=&#8221;square&#8221; active_section=&#8221;1&#8243;][vc_tta_section title=&#8221;Drug screening for prisoners and parolees&#8221; tab_id=&#8221;1536151185918-c16ef444-8ce115374072737971537407987215&#8243;][vc_row_inner][vc_column_inner width=&#8221;3\/5&#8243;][vc_column_text]Another area of application is the drug screening of prisoners and those on probation. Here, too, the DrugWipe\u00ae\u00a0A wipe test is an important tool for detecting the possession, trafficking and consumption of illegal substances and for supporting rehabilitation. Officials can use the device quickly, easily and reliably to investigate suspicious cases. Sweat and saliva tests are not humiliating interventions like urine tests, and they are significantly more hygienic for both parties to\u00a0use. There is a DrugWipe\u00ae\u00a0A wipe test for each of the globally dominant classes of drugs. These tests offer several distinct advantages to officers seeking to detect traces or gather evidence.[\/vc_column_text][tm_spacer size=&#8221;lg:30&#8243;][vc_message]Drug screening for prisoners and parolees \u2013 benefits of the DrugWipe\u00ae wipe\u00a0test Test results after just 3-8 minutes Reliable detection of up to 5 substances in a single test Samples are taken simply and hygienically Reliable detection based on highly specific antibodies Targeted process enables clear and unique assignment of any drugs detected to a specific person [\/vc_message][\/vc_column_inner][vc_column_inner width=&#8221;2\/5&#8243; content_alignment=&#8221;right&#8221;][tm_image align=&#8221;right&#8221; image=&#8221;4694&#8243;][\/vc_column_inner][\/vc_row_inner][\/vc_tta_section][vc_tta_section title=&#8221;Random checks and intra-Schengen borders&#8221; tab_id=&#8221;1536151185476-85492477-ba2a15374072737971537407987215&#8243;][vc_row_inner][vc_column_inner width=&#8221;3\/5&#8243;][vc_column_text]In everyday random checks, the wipe test helps confirm initial suspicions hygienically, quickly and cost-effectively. The DrugWipe\u00ae\u00a0A wipe test detects residues of drugs that are invisible to the human eye. Traces of drugs on mobile phones, steering wheels, bags or other surfaces can be detected accurately within just 8\u00a0minutes. The trouser pocket test with its compact design can easily be transported by officers in the police car.[\/vc_column_text][\/vc_column_inner][vc_column_inner width=&#8221;2\/5&#8243; content_alignment=&#8221;right&#8221;][tm_image align=&#8221;right&#8221; image=&#8221;4714&#8243;][\/vc_column_inner][\/vc_row_inner][\/vc_tta_section][vc_tta_section title=&#8221;Accident and emergency situations&#8221; tab_id=&#8221;1536151185617-65e1a5bf-38c915374072737971537407987215&#8243;][vc_row_inner][vc_column_inner width=&#8221;3\/5&#8243;][vc_column_text]The number of traffic accidents caused by drug driving is on the rise. The DrugWipe\u00ae\u00a0A wipe test supports the forensic investigation of the causes of accidents. If a vehicle tests positive in a contamination test, additional testing of the person who caused the accident can be initiated.[\/vc_column_text][\/vc_column_inner][vc_column_inner width=&#8221;2\/5&#8243; content_alignment=&#8221;right&#8221;][tm_image align=&#8221;right&#8221; image=&#8221;4718&#8243;][\/vc_column_inner][\/vc_row_inner][\/vc_tta_section][vc_tta_section title=&#8221;Detecting traces of drugs as an indication of illegal trafficking&#8221; tab_id=&#8221;1536151185770-a18ce226-d46e15374072737971537407987215&#8243;][vc_row_inner][vc_column_inner width=&#8221;3\/5&#8243;][vc_column_text]The range of drugs being consumed is constantly changing and new psychoactive substances are coming onto the market. These are manufactured and put into circulation by illegal drug labs in Europe. In\u00a02018, 23\u00a0MDMA laboratories were discovered in countries including Spain, Sweden and the Netherlands, as well as heroin laboratories in Eastern Europe, Spain and the Netherlands.1 In addition, the seizure of more than 3\u00a0million cannabis plants in the EU in 2018 indicates that the drug is also being produced within this market.1 If illegal trafficking is suspected, forensic investigators can use the DrugWipe\u00ae\u00a0F surface drug test with ease on any surface to detect drugs and confirm suspicions. Source: 1 European Drug Report 2019\/2020:\u00a0 https:\/\/www.emcdda.europa.eu\/system\/files\/attachments\/13242\/HighlightsEDR2020_EN_Final_web.pdf[\/vc_column_text][\/vc_column_inner][vc_column_inner width=&#8221;2\/5&#8243; content_alignment=&#8221;right&#8221;][tm_image align=&#8221;right&#8221; image=&#8221;4706&#8243;][\/vc_column_inner][\/vc_row_inner][\/vc_tta_section][\/vc_tta_tabs][\/vc_column][\/vc_row][vc_row][vc_column][tm_spacer size=&#8221;lg:30&#8243;][vc_column_text]&gt;&gt; to DrugWipe\u00ae\u00a0drug\u00a0tests &gt;&gt; to DrugWipe\u00ae\u00a0saliva tests[\/vc_column_text][\/vc_column][\/vc_row]","protected":false},"author":1,"featured_media":0,"parent":7436,"menu_order":0,"comment_status":"closed","ping_status":"closed","template":"","meta":{"footnotes":""},"class_list":["post-7448","page","type-page","status-publish","hentry"],"yoast_head":"<!-- This site is optimized with the Yoast SEO plugin v25.6 - https:\/\/yoast.com\/wordpress\/plugins\/seo\/ -->\n<title>Drug Squad and forensic solutions - Securetec Detektions-Systeme AG<\/title>\n<meta name=\"description\" content=\"Drogenwischtest bei Unfallaufnahme und Schleierfahndung Schengenbinnengrenze: Der Wischtest DrugWipe\u00ae A weist R\u00fcckst\u00e4nde von Drogen nach, die f\u00fcr das menschliche Auge unsichtbar sind. Drogenspuren auf Mobiltelefonen, Lenkr\u00e4dern, Taschen oder anderen Oberfl\u00e4chen.\" \/>\n<meta name=\"robots\" content=\"index, follow, max-snippet:-1, max-image-preview:large, max-video-preview:-1\" \/>\n<link rel=\"canonical\" href=\"https:\/\/www.securetec.net\/en\/solutions\/fahndung-grenzkontrollen\/drug-squad-and-forensic-solutions\/\" \/>\n<meta property=\"og:locale\" content=\"en_US\" \/>\n<meta property=\"og:type\" content=\"article\" \/>\n<meta property=\"og:title\" content=\"Drug Squad and forensic solutions - Securetec Detektions-Systeme AG\" \/>\n<meta property=\"og:description\" content=\"Drogenwischtest bei Unfallaufnahme und Schleierfahndung Schengenbinnengrenze: Der Wischtest DrugWipe\u00ae A weist R\u00fcckst\u00e4nde von Drogen nach, die f\u00fcr das menschliche Auge unsichtbar sind. Drogenspuren auf Mobiltelefonen, Lenkr\u00e4dern, Taschen oder anderen Oberfl\u00e4chen.\" \/>\n<meta property=\"og:url\" content=\"https:\/\/www.securetec.net\/en\/solutions\/fahndung-grenzkontrollen\/drug-squad-and-forensic-solutions\/\" \/>\n<meta property=\"og:site_name\" content=\"Securetec Detektions-Systeme AG\" \/>\n<meta property=\"article:modified_time\" content=\"2021-05-12T07:54:03+00:00\" \/>\n<meta name=\"twitter:card\" content=\"summary_large_image\" \/>\n<meta name=\"twitter:site\" content=\"@DrugWipeUK\" \/>\n<meta name=\"twitter:label1\" content=\"Est. reading time\" \/>\n\t<meta name=\"twitter:data1\" content=\"3 minutes\" \/>\n<script type=\"application\/ld+json\" class=\"yoast-schema-graph\">{\"@context\":\"https:\/\/schema.org\",\"@graph\":[{\"@type\":\"WebPage\",\"@id\":\"https:\/\/www.securetec.net\/en\/solutions\/fahndung-grenzkontrollen\/drug-squad-and-forensic-solutions\/\",\"url\":\"https:\/\/www.securetec.net\/en\/solutions\/fahndung-grenzkontrollen\/drug-squad-and-forensic-solutions\/\",\"name\":\"Drug Squad and forensic solutions - Securetec Detektions-Systeme AG\",\"isPartOf\":{\"@id\":\"https:\/\/www.securetec.net\/en\/#website\"},\"datePublished\":\"2018-07-19T15:49:54+00:00\",\"dateModified\":\"2021-05-12T07:54:03+00:00\",\"description\":\"Drogenwischtest bei Unfallaufnahme und Schleierfahndung Schengenbinnengrenze: Der Wischtest DrugWipe\u00ae A weist R\u00fcckst\u00e4nde von Drogen nach, die f\u00fcr das menschliche Auge unsichtbar sind. Drogenspuren auf Mobiltelefonen, Lenkr\u00e4dern, Taschen oder anderen Oberfl\u00e4chen.\",\"breadcrumb\":{\"@id\":\"https:\/\/www.securetec.net\/en\/solutions\/fahndung-grenzkontrollen\/drug-squad-and-forensic-solutions\/#breadcrumb\"},\"inLanguage\":\"en-US\",\"potentialAction\":[{\"@type\":\"ReadAction\",\"target\":[\"https:\/\/www.securetec.net\/en\/solutions\/fahndung-grenzkontrollen\/drug-squad-and-forensic-solutions\/\"]}]},{\"@type\":\"BreadcrumbList\",\"@id\":\"https:\/\/www.securetec.net\/en\/solutions\/fahndung-grenzkontrollen\/drug-squad-and-forensic-solutions\/#breadcrumb\",\"itemListElement\":[{\"@type\":\"ListItem\",\"position\":1,\"name\":\"Startseite\",\"item\":\"https:\/\/www.securetec.net\/en\/\"},{\"@type\":\"ListItem\",\"position\":2,\"name\":\"Solutions\",\"item\":\"https:\/\/www.securetec.net\/en\/solutions\/\"},{\"@type\":\"ListItem\",\"position\":3,\"name\":\"Rapid drug test \u2013 border control\",\"item\":\"https:\/\/www.securetec.net\/en\/solutions\/fahndung-grenzkontrollen\/\"},{\"@type\":\"ListItem\",\"position\":4,\"name\":\"Drug Squad and forensic solutions\"}]},{\"@type\":\"WebSite\",\"@id\":\"https:\/\/www.securetec.net\/en\/#website\",\"url\":\"https:\/\/www.securetec.net\/en\/\",\"name\":\"Securetec Detektions-Systeme AG\",\"description\":\"We detect to protect\",\"publisher\":{\"@id\":\"https:\/\/www.securetec.net\/en\/#organization\"},\"potentialAction\":[{\"@type\":\"SearchAction\",\"target\":{\"@type\":\"EntryPoint\",\"urlTemplate\":\"https:\/\/www.securetec.net\/en\/?s={search_term_string}\"},\"query-input\":{\"@type\":\"PropertyValueSpecification\",\"valueRequired\":true,\"valueName\":\"search_term_string\"}}],\"inLanguage\":\"en-US\"},{\"@type\":\"Organization\",\"@id\":\"https:\/\/www.securetec.net\/en\/#organization\",\"name\":\"Securetec Detektions-Systeme AG\",\"url\":\"https:\/\/www.securetec.net\/en\/\",\"logo\":{\"@type\":\"ImageObject\",\"inLanguage\":\"en-US\",\"@id\":\"https:\/\/www.securetec.net\/en\/#\/schema\/logo\/image\/\",\"url\":\"https:\/\/www.securetec.net\/app\/uploads\/2018\/07\/Securetec_Logo_.png\",\"contentUrl\":\"https:\/\/www.securetec.net\/app\/uploads\/2018\/07\/Securetec_Logo_.png\",\"width\":411,\"height\":189,\"caption\":\"Securetec Detektions-Systeme AG\"},\"image\":{\"@id\":\"https:\/\/www.securetec.net\/en\/#\/schema\/logo\/image\/\"},\"sameAs\":[\"https:\/\/x.com\/DrugWipeUK\",\"https:\/\/www.linkedin.com\/company\/securetec\",\"https:\/\/www.youtube.com\/channel\/UCP9jQA-TYhtqanhaooppMqw\"]}]}<\/script>\n<!-- \/ Yoast SEO plugin. -->","yoast_head_json":{"title":"Drug Squad and forensic solutions - Securetec Detektions-Systeme AG","description":"Drogenwischtest bei Unfallaufnahme und Schleierfahndung Schengenbinnengrenze: Der Wischtest DrugWipe\u00ae A weist R\u00fcckst\u00e4nde von Drogen nach, die f\u00fcr das menschliche Auge unsichtbar sind. Drogenspuren auf Mobiltelefonen, Lenkr\u00e4dern, Taschen oder anderen Oberfl\u00e4chen.","robots":{"index":"index","follow":"follow","max-snippet":"max-snippet:-1","max-image-preview":"max-image-preview:large","max-video-preview":"max-video-preview:-1"},"canonical":"https:\/\/www.securetec.net\/en\/solutions\/fahndung-grenzkontrollen\/drug-squad-and-forensic-solutions\/","og_locale":"en_US","og_type":"article","og_title":"Drug Squad and forensic solutions - Securetec Detektions-Systeme AG","og_description":"Drogenwischtest bei Unfallaufnahme und Schleierfahndung Schengenbinnengrenze: Der Wischtest DrugWipe\u00ae A weist R\u00fcckst\u00e4nde von Drogen nach, die f\u00fcr das menschliche Auge unsichtbar sind. Drogenspuren auf Mobiltelefonen, Lenkr\u00e4dern, Taschen oder anderen Oberfl\u00e4chen.","og_url":"https:\/\/www.securetec.net\/en\/solutions\/fahndung-grenzkontrollen\/drug-squad-and-forensic-solutions\/","og_site_name":"Securetec Detektions-Systeme AG","article_modified_time":"2021-05-12T07:54:03+00:00","twitter_card":"summary_large_image","twitter_site":"@DrugWipeUK","twitter_misc":{"Est. reading time":"3 minutes"},"schema":{"@context":"https:\/\/schema.org","@graph":[{"@type":"WebPage","@id":"https:\/\/www.securetec.net\/en\/solutions\/fahndung-grenzkontrollen\/drug-squad-and-forensic-solutions\/","url":"https:\/\/www.securetec.net\/en\/solutions\/fahndung-grenzkontrollen\/drug-squad-and-forensic-solutions\/","name":"Drug Squad and forensic solutions - Securetec Detektions-Systeme AG","isPartOf":{"@id":"https:\/\/www.securetec.net\/en\/#website"},"datePublished":"2018-07-19T15:49:54+00:00","dateModified":"2021-05-12T07:54:03+00:00","description":"Drogenwischtest bei Unfallaufnahme und Schleierfahndung Schengenbinnengrenze: Der Wischtest DrugWipe\u00ae A weist R\u00fcckst\u00e4nde von Drogen nach, die f\u00fcr das menschliche Auge unsichtbar sind. Drogenspuren auf Mobiltelefonen, Lenkr\u00e4dern, Taschen oder anderen Oberfl\u00e4chen.","breadcrumb":{"@id":"https:\/\/www.securetec.net\/en\/solutions\/fahndung-grenzkontrollen\/drug-squad-and-forensic-solutions\/#breadcrumb"},"inLanguage":"en-US","potentialAction":[{"@type":"ReadAction","target":["https:\/\/www.securetec.net\/en\/solutions\/fahndung-grenzkontrollen\/drug-squad-and-forensic-solutions\/"]}]},{"@type":"BreadcrumbList","@id":"https:\/\/www.securetec.net\/en\/solutions\/fahndung-grenzkontrollen\/drug-squad-and-forensic-solutions\/#breadcrumb","itemListElement":[{"@type":"ListItem","position":1,"name":"Startseite","item":"https:\/\/www.securetec.net\/en\/"},{"@type":"ListItem","position":2,"name":"Solutions","item":"https:\/\/www.securetec.net\/en\/solutions\/"},{"@type":"ListItem","position":3,"name":"Rapid drug test \u2013 border control","item":"https:\/\/www.securetec.net\/en\/solutions\/fahndung-grenzkontrollen\/"},{"@type":"ListItem","position":4,"name":"Drug Squad and forensic solutions"}]},{"@type":"WebSite","@id":"https:\/\/www.securetec.net\/en\/#website","url":"https:\/\/www.securetec.net\/en\/","name":"Securetec Detektions-Systeme AG","description":"We detect to protect","publisher":{"@id":"https:\/\/www.securetec.net\/en\/#organization"},"potentialAction":[{"@type":"SearchAction","target":{"@type":"EntryPoint","urlTemplate":"https:\/\/www.securetec.net\/en\/?s={search_term_string}"},"query-input":{"@type":"PropertyValueSpecification","valueRequired":true,"valueName":"search_term_string"}}],"inLanguage":"en-US"},{"@type":"Organization","@id":"https:\/\/www.securetec.net\/en\/#organization","name":"Securetec Detektions-Systeme AG","url":"https:\/\/www.securetec.net\/en\/","logo":{"@type":"ImageObject","inLanguage":"en-US","@id":"https:\/\/www.securetec.net\/en\/#\/schema\/logo\/image\/","url":"https:\/\/www.securetec.net\/app\/uploads\/2018\/07\/Securetec_Logo_.png","contentUrl":"https:\/\/www.securetec.net\/app\/uploads\/2018\/07\/Securetec_Logo_.png","width":411,"height":189,"caption":"Securetec Detektions-Systeme AG"},"image":{"@id":"https:\/\/www.securetec.net\/en\/#\/schema\/logo\/image\/"},"sameAs":["https:\/\/x.com\/DrugWipeUK","https:\/\/www.linkedin.com\/company\/securetec","https:\/\/www.youtube.com\/channel\/UCP9jQA-TYhtqanhaooppMqw"]}]}},"_links":{"self":[{"href":"https:\/\/www.securetec.net\/en\/wp-json\/wp\/v2\/pages\/7448","targetHints":{"allow":["GET"]}}],"collection":[{"href":"https:\/\/www.securetec.net\/en\/wp-json\/wp\/v2\/pages"}],"about":[{"href":"https:\/\/www.securetec.net\/en\/wp-json\/wp\/v2\/types\/page"}],"author":[{"embeddable":true,"href":"https:\/\/www.securetec.net\/en\/wp-json\/wp\/v2\/users\/1"}],"replies":[{"embeddable":true,"href":"https:\/\/www.securetec.net\/en\/wp-json\/wp\/v2\/comments?post=7448"}],"version-history":[{"count":20,"href":"https:\/\/www.securetec.net\/en\/wp-json\/wp\/v2\/pages\/7448\/revisions"}],"predecessor-version":[{"id":12479,"href":"https:\/\/www.securetec.net\/en\/wp-json\/wp\/v2\/pages\/7448\/revisions\/12479"}],"up":[{"embeddable":true,"href":"https:\/\/www.securetec.net\/en\/wp-json\/wp\/v2\/pages\/7436"}],"wp:attachment":[{"href":"https:\/\/www.securetec.net\/en\/wp-json\/wp\/v2\/media?parent=7448"}],"curies":[{"name":"wp","href":"https:\/\/api.w.org\/{rel}","templated":true}]}}